{"id":9668,"date":"2020-05-05T15:50:20","date_gmt":"2020-05-05T13:50:20","guid":{"rendered":"https:\/\/www.electroluxprofessional.com\/?page_id=30305"},"modified":"2025-10-22T12:17:41","modified_gmt":"2025-10-22T12:17:41","slug":"coronavirus-krizi-boyunca-musteriye-destek","status":"publish","type":"page","link":"https:\/\/www.electroluxprofessional.com\/tr\/musteri-hizmetleri\/coronavirus-krizi-boyunca-musteriye-destek\/","title":{"rendered":"Coronavirus Krizi boyunca M\u00fc\u015fteri Deste\u011fi"},"content":{"rendered":"<p>[vc_row full_width=&#8221;electroluxpro-full-width-no-padding&#8221;][vc_column][vc_single_image image=&#8221;9383&#8243; img_size=&#8221;full&#8221; alignment=&#8221;center&#8221;][\/vc_column][\/vc_row][vc_row][vc_column][vc_empty_space][elx_heading font_container=&#8221;h1&#8243; text_color=&#8221;inherit&#8221;]Electrolux Professional, \u015fimdi her zamankinden daha fazla, OnE G\u00fcvenilir \u0130\u015f Orta\u011f\u0131n\u0131zd\u0131r[\/elx_heading][vc_empty_space][vc_row_inner][vc_column_inner width=&#8221;1\/2&#8243;][vc_column_text]D\u00fcnyam\u0131z de\u011fi\u015fti ve bunun bir \u00e7ok m\u00fc\u015fterimiz \u00fczerinde \u00e7ok b\u00fcy\u00fck etkisinin oldu\u011funu biliyoruz. Bu belirsiz zamanlarda, Electrolux Professional sizin i\u00e7in burada.<\/p>\n<p>Electrolux Professional, sekt\u00f6rde m\u00fc\u015fterilerimize profesyonel mutfak, i\u00e7ecek ve \u00e7ama\u015f\u0131rhane ekipmanlar\u0131 sa\u011flayan bir d\u00fcnya lideridir. Global konaklama ve \u00e7ama\u015f\u0131rhane profesyonelleri toplulu\u011funun bir \u00fcyesi olarak, bu e\u015fi g\u00f6r\u00fclmemi\u015f zamanda sizi desteklemekten gurur duyuyoruz.<\/p>\n<p>M\u00fc\u015fterilerimizin ihtiya\u00e7lar\u0131n\u0131 korumak amac\u0131 ile bu belirsiz durumu y\u00f6netmek i\u00e7in b\u00fcy\u00fck \u00e7aba harcada\u011f\u0131m\u0131zdan ve kaynak koydu\u011fumuzdan emin olabilirsiniz.[\/vc_column_text][\/vc_column_inner][vc_column_inner width=&#8221;1\/2&#8243;][vc_column_text]<strong>M\u00fc\u015fterilerimiz i\u00e7in i\u015f s\u00fcreklili\u011fini sa\u011flamak amac\u0131 ile a\u015fa\u011f\u0131daki maddeleri i\u00e7eren \u00f6nlemleri ald\u0131k:<\/strong><\/p>\n<ul>\n<li>Envanter planlama ve y\u00f6netimi, tedarik zinciri aksakl\u0131klar\u0131n\u0131 azaltmak i\u00e7in ayarland\u0131.<\/li>\n<li>M\u00fc\u015fterilerimize yak\u0131n ve sevkiyata haz\u0131r \u00fcr\u00fcnler sa\u011flamak i\u00e7in b\u00fcy\u00fck depolarda stok seviyeleri artt\u0131r\u0131ld\u0131 ve lokal depolara da\u011f\u0131t\u0131ld\u0131.<\/li>\n<li><a href=\"https:\/\/www.electroluxprofessional.com\/staying-close-to-customers-with-augmented-reality-service\/\">\u201cTwo Pairs of Eyes\u201d<\/a> \u2013 <a href=\"https:\/\/www.electroluxprofessional.com\/staying-close-to-customers-with-augmented-reality-service\/\">\u201c\u0130ki \u00c7ift G\u00f6z\u201d<\/a> &#8211; m\u00fc\u015fterilerimizi g\u00fcvende tutmak ve hizmet kesintilerini \u00f6nemli \u00f6l\u00e7\u00fcde azaltmak i\u00e7in geli\u015fmi\u015f temass\u0131z servis destek program\u0131m\u0131z art\u0131k mevcuttur.<\/li>\n<li>M\u00fc\u015fteri Hizmetleri ve Teknik Hizmetler normal \u015fekilde \u00e7al\u0131\u015fmaktad\u0131r ve s\u00fcrekli destek sa\u011flamay\u0131 taahh\u00fct etmektedir.<\/li>\n<\/ul>\n<p>[\/vc_column_text][\/vc_column_inner][\/vc_row_inner][\/vc_column][\/vc_row][vc_row content_placement=&#8221;middle&#8221;][vc_column width=&#8221;1\/2&#8243;][vc_empty_space height=&#8221;84px&#8221;][elx_heading font_size=&#8221;h1&#8243; text_color=&#8221;inherit&#8221; text_align=&#8221;text-center&#8221;]Durgun d\u00f6nemlerde g\u00fcvenli\u011fi sa\u011flamak ve<br \/>\nperformans\u0131 uzatmak i\u00e7in ad\u0131mlar[\/elx_heading][vc_empty_space height=&#8221;52px&#8221;][vc_single_image image=&#8221;9592&#8243; img_size=&#8221;full&#8221; alignment=&#8221;center&#8221;][vc_empty_space][elx_heading font_container=&#8221;p&#8221; text_color=&#8221;inherit&#8221; text_align=&#8221;text-center&#8221;]Electrolux Professional, uzun s\u00fcre durdu\u011funda makinenizin \u00f6mr\u00fcn\u00fc uzatacak baz\u0131 \u00f6nlemler sunmak istiyor.[\/elx_heading][elx_button button_text=&#8221;Ekipman koruma ve muhafaza k\u0131lavuzu&#8221; button_display_block=&#8221;display_block_on&#8221; button_alignment=&#8221;align_center&#8221; button_link=&#8221;url:https%3A%2F%2Fwww.electroluxprofessional.com%2Ftr%2Fmusteri-hizmetleri%2Fekipman-koruma-ve-muhafaza-kilavuzu%2F|title:Go%20to%20products||&#8221;][\/vc_column][vc_column width=&#8221;1\/2&#8243;][vc_empty_space][elx_heading font_size=&#8221;h1&#8243; text_color=&#8221;inherit&#8221; text_align=&#8221;text-center&#8221;]Online \u201c\u00e7evrimi\u00e7i\u201d e\u011fitim[\/elx_heading][vc_single_image image=&#8221;6666&#8243; img_size=&#8221;medium&#8221; alignment=&#8221;center&#8221;][vc_empty_space][vc_single_image image=&#8221;9385&#8243; img_size=&#8221;full&#8221; alignment=&#8221;center&#8221;][vc_empty_space][elx_heading font_container=&#8221;p&#8221; text_color=&#8221;inherit&#8221; text_align=&#8221;text-center&#8221;]Electrolux Professional Mutfak, \u00c7ama\u015f\u0131rhane, \u0130\u00e7ecek ve Yenilik\u00e7i Yard\u0131m Hizmetlerimiz ile ilgili \u00e7\u00f6z\u00fcmlerimizi ke\u015ffetmek amac\u0131 ile \u00e7evrimi\u00e7i e\u011fitimlerimize kat\u0131lmak i\u00e7in bizimle ileti\u015fime ge\u00e7in.<br \/>\n[\/elx_heading][elx_button button_text=&#8221;\u00c7EVR\u0130M\u0130\u00c7\u0130 E\u011e\u0130T\u0130MLER\u0130M\u0130ZE KATILMAK \u0130\u00c7\u0130N B\u0130Z\u0130MLE \u0130LET\u0130\u015e\u0130ME GE\u00c7\u0130N&#8221; button_display_block=&#8221;display_block_on&#8221; button_alignment=&#8221;align_center&#8221; button_link=&#8221;url:https%3A%2F%2Fwww.electroluxprofessional.com%2Ftr%2Fsefin-dunyasi%2Fmukemmellik-merkezi-sanal-tur%2F%20|title:Sign%20up%20for%20our%20trainings%20||&#8221;][\/vc_column][\/vc_row][vc_row content_placement=&#8221;middle&#8221;][vc_column width=&#8221;1\/2&#8243;][vc_empty_space][vc_empty_space][elx_heading font_size=&#8221;h1&#8243; text_color=&#8221;inherit&#8221; text_align=&#8221;text-center&#8221;]Art\u0131r\u0131lm\u0131\u015f ger\u00e7eklik hizmeti ile<br \/>\nm\u00fc\u015fterilere yak\u0131n olun[\/elx_heading][vc_empty_space][vc_single_image image=&#8221;9593&#8243; img_size=&#8221;full&#8221; alignment=&#8221;center&#8221;][vc_empty_space][vc_column_text]<\/p>\n<p style=\"text-align: center;\">&#8220;<a href=\"https:\/\/www.electroluxprofessional.com\/staying-close-to-customers-with-augmented-reality-service\/\">Two Pairs of Eyes<\/a>&#8221; &#8211; \u201cIki \u00c7ift G\u00f6z&#8221; program\u0131 ile servis teknisyenleri, Electrolux Professional&#8217;in h\u0131zla daha yayg\u0131n bir \u015fekilde kullan\u0131labilir hale getirdi\u011fi Art\u0131r\u0131lm\u0131\u015f Ger\u00e7eklik sayesinde m\u00fc\u015fterilere uzaktan destek sunabilmektedir.<\/p>\n<p>[\/vc_column_text][vc_empty_space][elx_button button_text=&#8221;TWO PAIR OF EYES \u201c\u0130K\u0130 \u00c7\u0130FT G\u00d6Z\u201d \u00c7\u00d6Z\u00dcM\u00dcN\u00dc KE\u015eFED\u0130N&#8221; button_display_block=&#8221;display_block_on&#8221; button_alignment=&#8221;align_center&#8221; button_link=&#8221;url:https%3A%2F%2Fwww.electroluxprofessional.com%2Ftr%2Fmusteri-hizmetleri%2Ftwo-pairs-of-eyes-uzaktan-temassiz-servis%2F|title:Staying%20close%20to%20customers%20with%20augmented%20reality%20service||&#8221;][vc_empty_space][\/vc_column][vc_column width=&#8221;1\/2&#8243;][vc_empty_space][vc_empty_space][elx_heading font_size=&#8221;h1&#8243; text_color=&#8221;inherit&#8221; text_align=&#8221;text-center&#8221;]Bu acil durum s\u0131ras\u0131nda m\u00fc\u015fterilerimizi nas\u0131l destekledi\u011fimizi okuyun[\/elx_heading][vc_empty_space][vc_single_image image=&#8221;9594&#8243; img_size=&#8221;full&#8221; alignment=&#8221;center&#8221;][vc_empty_space][vc_column_text]<strong>\u00c7al\u0131\u015fanlar\u0131m\u0131z\u0131n, m\u00fc\u015fterilerimizin ve i\u015f ortaklar\u0131m\u0131z\u0131n g\u00fcvenli\u011fi ve refah\u0131 bizim \u00f6nceli\u011fimizdir.<\/strong> Coronavirus (COVID-19) durumu evrim ge\u00e7irdik\u00e7e uyum g\u00f6stermeye, adapte olmaya ve ilerlemeye devam edece\u011fiz.[\/vc_column_text][vc_empty_space][elx_button button_text=&#8221;Hikayelerimizi okuyun&#8221; button_display_block=&#8221;display_block_on&#8221; button_alignment=&#8221;align_center&#8221; button_link=&#8221;url:%23covid-stories|title:Read%20our%20stories||&#8221;][vc_empty_space][\/vc_column][\/vc_row][vc_row css=&#8221;.vc_custom_1591854635510{background-color: #14133b !important;}&#8221; el_id=&#8221;covid-stories&#8221;][vc_column][vc_empty_space][elx_heading font_size=&#8221;h1&#8243; text_color=&#8221;white&#8221; text_align=&#8221;text-center&#8221;]\u00d6zellikle acil durumlarda m\u00fc\u015fterilerimize yak\u0131n\u0131z[\/elx_heading][elx_heading text_color=&#8221;white&#8221; text_align=&#8221;text-center&#8221;]Pandemi s\u0131ras\u0131nda ger\u00e7ekle\u015fen ba\u015far\u0131 hikayelerimizden baz\u0131lar\u0131n\u0131 a\u015fa\u011f\u0131da takip edebilirsiniz.[\/elx_heading][vc_empty_space][\/vc_column][\/vc_row][vc_row][vc_column][elx_list_support_customers title=&#8221;&#8221;][\/vc_column][\/vc_row][vc_row css=&#8221;.vc_custom_1593793989734{background-color: #f4f4f4 !important;}&#8221;][vc_column][elx_heading text_color=&#8221;inherit&#8221; text_align=&#8221;text-center&#8221;]OnE&#8217;\u0131n bir par\u00e7as\u0131 olmak, m\u00fc\u015fterilerimiz ve<br \/>\n\u00e7al\u0131\u015fanlar\u0131m\u0131z i\u00e7in fark yarat\u0131r<br \/>\n[\/elx_heading][elx_button button_text=&#8221;T\u00fcm referanslar\u0131m\u0131z\u0131 g\u00f6r\u00fcnt\u00fcleyin&#8221; button_display_block=&#8221;display_block_on&#8221; button_alignment=&#8221;align_center&#8221; button_link=&#8221;url:https%3A%2F%2Fwww.electroluxprofessional.com%2Ftr%2Freferences%2F|title:Staying%20close%20to%20customers%20with%20augmented%20reality%20service||&#8221;][vc_empty_space][\/vc_column][\/vc_row][vc_row][vc_column][vc_empty_space][elx_heading text_color=&#8221;inherit&#8221;]Hizmetlerimiz hakk\u0131nda daha fazla bilgi i\u00e7in bizimle ileti\u015fime ge\u00e7in[\/elx_heading][elx_o2000_contact_us s=&#8221;I need information&#8221; r=&#8221;Write here you request&#8221; l=&#8221;en&#8221;][\/vc_column][\/vc_row]<\/p>\n","protected":false},"excerpt":{"rendered":"<p>[vc_row full_width=&#8221;electroluxpro-full-width-no-padding&#8221;][vc_column][vc_single_image image=&#8221;9383&#8243; img_size=&#8221;full&#8221; alignment=&#8221;center&#8221;][\/vc_column][\/vc_row][vc_row][vc_column][vc_empty_space][elx_heading font_container=&#8221;h1&#8243; text_color=&#8221;inherit&#8221;]Electrolux Professional, \u015fimdi her zamankinden daha fazla, OnE G\u00fcvenilir \u0130\u015f Orta\u011f\u0131n\u0131zd\u0131r[\/elx_heading][vc_empty_space][vc_row_inner][vc_column_inner width=&#8221;1\/2&#8243;][vc_column_text]D\u00fcnyam\u0131z de\u011fi\u015fti ve bunun bir \u00e7ok m\u00fc\u015fterimiz \u00fczerinde \u00e7ok b\u00fcy\u00fck etkisinin oldu\u011funu biliyoruz. Bu belirsiz zamanlarda, Electrolux Professional sizin i\u00e7in burada. Electrolux Professional, sekt\u00f6rde m\u00fc\u015fterilerimize profesyonel mutfak, i\u00e7ecek ve \u00e7ama\u015f\u0131rhane ekipmanlar\u0131 sa\u011flayan bir d\u00fcnya lideridir. Global konaklama ve [&hellip;]<\/p>\n","protected":false},"author":3,"featured_media":0,"parent":1115,"menu_order":0,"comment_status":"closed","ping_status":"closed","template":"","meta":{"footnotes":""},"class_list":["post-9668","page","type-page","status-publish","hentry"],"acf":[],"yoast_head":"<!-- This site is optimized with the Yoast SEO plugin v23.3 - https:\/\/yoast.com\/wordpress\/plugins\/seo\/ -->\n<title>Coronavirus Krizi boyunca M\u00fc\u015fteri Deste\u011fi - Electrolux Professional T\u00fcrkiye<\/title>\n<meta name=\"description\" content=\"D\u00fcnyam\u0131z de\u011fi\u015fti ve bunun bir \u00e7ok m\u00fc\u015fterimiz \u00fczerinde \u00e7ok b\u00fcy\u00fck etkisinin oldu\u011funu biliyoruz. Bu belirsiz zamanlarda, Electrolux Professional sizin i\u00e7in burada; \u015fimdi her zamankinden daha da fazla.\" \/>\n<meta name=\"robots\" content=\"index, follow, max-snippet:-1, max-image-preview:large, max-video-preview:-1\" \/>\n<link rel=\"canonical\" href=\"https:\/\/www.electroluxprofessional.com\/tr\/musteri-hizmetleri\/coronavirus-krizi-boyunca-musteriye-destek\/\" \/>\n<meta property=\"og:locale\" content=\"tr_TR\" \/>\n<meta property=\"og:type\" content=\"article\" \/>\n<meta property=\"og:title\" content=\"Coronavirus Krizi boyunca M\u00fc\u015fteri Deste\u011fi - Electrolux Professional T\u00fcrkiye\" \/>\n<meta property=\"og:description\" content=\"D\u00fcnyam\u0131z de\u011fi\u015fti ve bunun bir \u00e7ok m\u00fc\u015fterimiz \u00fczerinde \u00e7ok b\u00fcy\u00fck etkisinin oldu\u011funu biliyoruz. Bu belirsiz zamanlarda, Electrolux Professional sizin i\u00e7in burada; \u015fimdi her zamankinden daha da fazla.\" \/>\n<meta property=\"og:url\" content=\"https:\/\/www.electroluxprofessional.com\/tr\/musteri-hizmetleri\/coronavirus-krizi-boyunca-musteriye-destek\/\" \/>\n<meta property=\"og:site_name\" content=\"Electrolux Professional T\u00fcrkiye\" \/>\n<meta property=\"article:modified_time\" content=\"2025-10-22T12:17:41+00:00\" \/>\n<meta name=\"twitter:card\" content=\"summary_large_image\" \/>\n<meta name=\"twitter:label1\" content=\"Tahmini okuma s\u00fcresi\" \/>\n\t<meta name=\"twitter:data1\" content=\"4 dakika\" \/>\n<script type=\"application\/ld+json\" class=\"yoast-schema-graph\">{\"@context\":\"https:\/\/schema.org\",\"@graph\":[{\"@type\":\"WebPage\",\"@id\":\"https:\/\/www.electroluxprofessional.com\/tr\/musteri-hizmetleri\/coronavirus-krizi-boyunca-musteriye-destek\/\",\"url\":\"https:\/\/www.electroluxprofessional.com\/tr\/musteri-hizmetleri\/coronavirus-krizi-boyunca-musteriye-destek\/\",\"name\":\"Coronavirus Krizi boyunca M\u00fc\u015fteri Deste\u011fi - Electrolux Professional T\u00fcrkiye\",\"isPartOf\":{\"@id\":\"https:\/\/www.electroluxprofessional.com\/tr\/#website\"},\"datePublished\":\"2020-05-05T13:50:20+00:00\",\"dateModified\":\"2025-10-22T12:17:41+00:00\",\"description\":\"D\u00fcnyam\u0131z de\u011fi\u015fti ve bunun bir \u00e7ok m\u00fc\u015fterimiz \u00fczerinde \u00e7ok b\u00fcy\u00fck etkisinin oldu\u011funu biliyoruz. Bu belirsiz zamanlarda, Electrolux Professional sizin i\u00e7in burada; \u015fimdi her zamankinden daha da fazla.\",\"breadcrumb\":{\"@id\":\"https:\/\/www.electroluxprofessional.com\/tr\/musteri-hizmetleri\/coronavirus-krizi-boyunca-musteriye-destek\/#breadcrumb\"},\"inLanguage\":\"tr\",\"potentialAction\":[{\"@type\":\"ReadAction\",\"target\":[\"https:\/\/www.electroluxprofessional.com\/tr\/musteri-hizmetleri\/coronavirus-krizi-boyunca-musteriye-destek\/\"]}]},{\"@type\":\"BreadcrumbList\",\"@id\":\"https:\/\/www.electroluxprofessional.com\/tr\/musteri-hizmetleri\/coronavirus-krizi-boyunca-musteriye-destek\/#breadcrumb\",\"itemListElement\":[{\"@type\":\"ListItem\",\"position\":1,\"name\":\"Home\",\"item\":\"https:\/\/www.electroluxprofessional.com\/tr\/\"},{\"@type\":\"ListItem\",\"position\":2,\"name\":\"Essentia M\u00fc\u015fteri Hizmetleri\",\"item\":\"https:\/\/www.electroluxprofessional.com\/tr\/musteri-hizmetleri\/\"},{\"@type\":\"ListItem\",\"position\":3,\"name\":\"Coronavirus Krizi boyunca M\u00fc\u015fteri Deste\u011fi\"}]},{\"@type\":\"WebSite\",\"@id\":\"https:\/\/www.electroluxprofessional.com\/tr\/#website\",\"url\":\"https:\/\/www.electroluxprofessional.com\/tr\/\",\"name\":\"Electrolux Professional T\u00fcrkiye\",\"description\":\"\",\"potentialAction\":[{\"@type\":\"SearchAction\",\"target\":{\"@type\":\"EntryPoint\",\"urlTemplate\":\"https:\/\/www.electroluxprofessional.com\/tr\/?src={search_term_string}\"},\"query-input\":\"required name=search_term_string\"}],\"inLanguage\":\"tr\"}]}<\/script>\n<!-- \/ Yoast SEO plugin. -->","yoast_head_json":{"title":"Coronavirus Krizi boyunca M\u00fc\u015fteri Deste\u011fi - Electrolux Professional T\u00fcrkiye","description":"D\u00fcnyam\u0131z de\u011fi\u015fti ve bunun bir \u00e7ok m\u00fc\u015fterimiz \u00fczerinde \u00e7ok b\u00fcy\u00fck etkisinin oldu\u011funu biliyoruz. Bu belirsiz zamanlarda, Electrolux Professional sizin i\u00e7in burada; \u015fimdi her zamankinden daha da fazla.","robots":{"index":"index","follow":"follow","max-snippet":"max-snippet:-1","max-image-preview":"max-image-preview:large","max-video-preview":"max-video-preview:-1"},"canonical":"https:\/\/www.electroluxprofessional.com\/tr\/musteri-hizmetleri\/coronavirus-krizi-boyunca-musteriye-destek\/","og_locale":"tr_TR","og_type":"article","og_title":"Coronavirus Krizi boyunca M\u00fc\u015fteri Deste\u011fi - Electrolux Professional T\u00fcrkiye","og_description":"D\u00fcnyam\u0131z de\u011fi\u015fti ve bunun bir \u00e7ok m\u00fc\u015fterimiz \u00fczerinde \u00e7ok b\u00fcy\u00fck etkisinin oldu\u011funu biliyoruz. Bu belirsiz zamanlarda, Electrolux Professional sizin i\u00e7in burada; \u015fimdi her zamankinden daha da fazla.","og_url":"https:\/\/www.electroluxprofessional.com\/tr\/musteri-hizmetleri\/coronavirus-krizi-boyunca-musteriye-destek\/","og_site_name":"Electrolux Professional T\u00fcrkiye","article_modified_time":"2025-10-22T12:17:41+00:00","twitter_card":"summary_large_image","twitter_misc":{"Tahmini okuma s\u00fcresi":"4 dakika"},"schema":{"@context":"https:\/\/schema.org","@graph":[{"@type":"WebPage","@id":"https:\/\/www.electroluxprofessional.com\/tr\/musteri-hizmetleri\/coronavirus-krizi-boyunca-musteriye-destek\/","url":"https:\/\/www.electroluxprofessional.com\/tr\/musteri-hizmetleri\/coronavirus-krizi-boyunca-musteriye-destek\/","name":"Coronavirus Krizi boyunca M\u00fc\u015fteri Deste\u011fi - Electrolux Professional T\u00fcrkiye","isPartOf":{"@id":"https:\/\/www.electroluxprofessional.com\/tr\/#website"},"datePublished":"2020-05-05T13:50:20+00:00","dateModified":"2025-10-22T12:17:41+00:00","description":"D\u00fcnyam\u0131z de\u011fi\u015fti ve bunun bir \u00e7ok m\u00fc\u015fterimiz \u00fczerinde \u00e7ok b\u00fcy\u00fck etkisinin oldu\u011funu biliyoruz. Bu belirsiz zamanlarda, Electrolux Professional sizin i\u00e7in burada; \u015fimdi her zamankinden daha da fazla.","breadcrumb":{"@id":"https:\/\/www.electroluxprofessional.com\/tr\/musteri-hizmetleri\/coronavirus-krizi-boyunca-musteriye-destek\/#breadcrumb"},"inLanguage":"tr","potentialAction":[{"@type":"ReadAction","target":["https:\/\/www.electroluxprofessional.com\/tr\/musteri-hizmetleri\/coronavirus-krizi-boyunca-musteriye-destek\/"]}]},{"@type":"BreadcrumbList","@id":"https:\/\/www.electroluxprofessional.com\/tr\/musteri-hizmetleri\/coronavirus-krizi-boyunca-musteriye-destek\/#breadcrumb","itemListElement":[{"@type":"ListItem","position":1,"name":"Home","item":"https:\/\/www.electroluxprofessional.com\/tr\/"},{"@type":"ListItem","position":2,"name":"Essentia M\u00fc\u015fteri Hizmetleri","item":"https:\/\/www.electroluxprofessional.com\/tr\/musteri-hizmetleri\/"},{"@type":"ListItem","position":3,"name":"Coronavirus Krizi boyunca M\u00fc\u015fteri Deste\u011fi"}]},{"@type":"WebSite","@id":"https:\/\/www.electroluxprofessional.com\/tr\/#website","url":"https:\/\/www.electroluxprofessional.com\/tr\/","name":"Electrolux Professional T\u00fcrkiye","description":"","potentialAction":[{"@type":"SearchAction","target":{"@type":"EntryPoint","urlTemplate":"https:\/\/www.electroluxprofessional.com\/tr\/?src={search_term_string}"},"query-input":"required name=search_term_string"}],"inLanguage":"tr"}]}},"_links":{"self":[{"href":"https:\/\/www.electroluxprofessional.com\/tr\/wp-json\/wp\/v2\/pages\/9668"}],"collection":[{"href":"https:\/\/www.electroluxprofessional.com\/tr\/wp-json\/wp\/v2\/pages"}],"about":[{"href":"https:\/\/www.electroluxprofessional.com\/tr\/wp-json\/wp\/v2\/types\/page"}],"author":[{"embeddable":true,"href":"https:\/\/www.electroluxprofessional.com\/tr\/wp-json\/wp\/v2\/users\/3"}],"replies":[{"embeddable":true,"href":"https:\/\/www.electroluxprofessional.com\/tr\/wp-json\/wp\/v2\/comments?post=9668"}],"version-history":[{"count":81,"href":"https:\/\/www.electroluxprofessional.com\/tr\/wp-json\/wp\/v2\/pages\/9668\/revisions"}],"predecessor-version":[{"id":22779,"href":"https:\/\/www.electroluxprofessional.com\/tr\/wp-json\/wp\/v2\/pages\/9668\/revisions\/22779"}],"up":[{"embeddable":true,"href":"https:\/\/www.electroluxprofessional.com\/tr\/wp-json\/wp\/v2\/pages\/1115"}],"wp:attachment":[{"href":"https:\/\/www.electroluxprofessional.com\/tr\/wp-json\/wp\/v2\/media?parent=9668"}],"curies":[{"name":"wp","href":"https:\/\/api.w.org\/{rel}","templated":true}]}}