{"id":9650,"date":"2020-07-21T11:12:12","date_gmt":"2020-07-21T09:12:12","guid":{"rendered":"https:\/\/www.electroluxprofessional.com\/?page_id=30895"},"modified":"2025-06-27T14:39:59","modified_gmt":"2025-06-27T14:39:59","slug":"dinlendirme-kabinleri-keyifli-alisverin-nihai-yolu","status":"publish","type":"page","link":"https:\/\/www.electroluxprofessional.com\/tr\/dinlendirme-kabinleri-keyifli-alisverin-nihai-yolu\/","title":{"rendered":"Dinlendirme Kabini &#8211; Keyifli al\u0131\u015fveri\u015fin nihai yolu"},"content":{"rendered":"<p>[vc_row full_width=&#8221;electroluxpro-full-width-no-padding&#8221;][vc_column][vc_single_image image=&#8221;9642&#8243; img_size=&#8221;full&#8221; alignment=&#8221;center&#8221;][\/vc_column][\/vc_row][vc_row][vc_column][vc_empty_space][elx_heading font_container=&#8221;h1&#8243; text_color=&#8221;inherit&#8221;]G\u00f6r\u00fcnmez d\u00fc\u015fmanlara kar\u015f\u0131 sava\u015f\u0131lmas\u0131[\/elx_heading][vc_column_text]Son aylarda, global sa\u011fl\u0131k durumunun bir sonucu olarak benzeri g\u00f6r\u00fclmemi\u015f zorluklarla kar\u015f\u0131la\u015ft\u0131k. Bug\u00fcn \u00f6nceli\u011fimiz size, m\u00fc\u015fterilerinize ve \u00e7al\u0131\u015fanlar\u0131n\u0131za refahlar\u0131n\u0131n her zaman korundu\u011funa dair g\u00fcven sa\u011flamakt\u0131r.<\/p>\n<p>[\/vc_column_text][vc_empty_space][\/vc_column][\/vc_row][vc_row][vc_column width=&#8221;1\/2&#8243;][vc_empty_space height=&#8221;40px&#8221;][vc_single_image image=&#8221;9643&#8243; img_size=&#8221;full&#8221; alignment=&#8221;center&#8221;][\/vc_column][vc_column width=&#8221;1\/2&#8243;][elx_heading font_size=&#8221;h1&#8243; text_color=&#8221;inherit&#8221;]T\u00fcm endi\u015feleri<br \/>\nan\u0131nda yok edin<br \/>\n[\/elx_heading][elx_heading text_color=&#8221;inherit&#8221;]Y\u00fcksek bas\u0131n\u00e7l\u0131 buhar, s\u0131cakl\u0131k ve g\u00fc\u00e7l\u00fc hava ak\u0131\u015f\u0131n\u0131 birle\u015ftiren tam otomatik bir program ile 10 dakikadan daha k\u0131sa s\u00fcrede, 30 adede kadar par\u00e7ay\u0131 sterilize edin.[\/elx_heading][vc_column_text]<strong>Dinlendirme Kabine<\/strong> ile SARS-CoV-2&#8217;nin viral enfeksiyonunu birka\u00e7 dakika i\u00e7inde 6 log&#8217;a d\u00fc\u015f\u00fcren etkili bir \u00e7\u00f6z\u00fcme g\u00fcvenebilirsiniz. M\u00fc\u015fterileriniz, sevdikleri herhangi bir \u015feyi se\u00e7menin ve denemenin g\u00f6n\u00fcl rahatl\u0131\u011f\u0131n\u0131 ya\u015fayabilir.<\/p>\n<p>[\/vc_column_text][vc_empty_space height=&#8221;40px&#8221;][vc_column_text]Log 6 azalt\u0131m\u0131, % 99,9999 viral enfeksiyon azalmas\u0131na e\u015fittir. Dinlendirme Kabini\u2019nde tekstiller \u00fczerindeki SARS-CoV-2 viral enfeksiyonu azaltman\u0131n etkinli\u011fi, Electrolux Professional laboratuvar verilerine dayanarak RISE (\u0130sve\u00e7 Ara\u015ft\u0131rma Enstit\u00fcs\u00fc) taraf\u0131ndan onaylanm\u0131\u015ft\u0131r.[\/vc_column_text][vc_empty_space height=&#8221;40px&#8221;][\/vc_column][\/vc_row][vc_row][vc_column][vc_empty_space][elx_heading font_size=&#8221;h1&#8243; text_color=&#8221;inherit&#8221; text_align=&#8221;text-center&#8221;]G\u00f6n\u00fcl rahatl\u0131\u011f\u0131yla deneyin[\/elx_heading][vc_empty_space][\/vc_column][\/vc_row][vc_row equal_height=&#8221;yes&#8221; content_placement=&#8221;middle&#8221;][vc_column width=&#8221;1\/2&#8243;][vc_single_image image=&#8221;9644&#8243; img_size=&#8221;full&#8221; alignment=&#8221;center&#8221;][vc_empty_space][vc_column_text]<\/p>\n<p style=\"text-align: center;\">M\u00fc\u015fterilerinizin, sa\u011fl\u0131klar\u0131na ve g\u00fcvenliklerine ne kadar \u00f6nem verdi\u011finizi bilmelerini sa\u011flay\u0131n. Her koleksiyonu dezenfekte etmenin e\u015fsiz y\u00f6ntemini anlatmak i\u00e7in size <strong>\u00f6zel bir vitrin etiketi sa\u011fl\u0131yoruz.<\/strong><\/p>\n<p>[\/vc_column_text][vc_empty_space][\/vc_column][vc_column width=&#8221;1\/2&#8243;][vc_empty_space][vc_single_image image=&#8221;9645&#8243; img_size=&#8221;full&#8221; alignment=&#8221;center&#8221;][vc_empty_space][elx_download_block text=&#8221;Dinlendirme Kabini Leaflet\u2019ini \u0130ndirin&#8221; document_type=&#8221;leaflets&#8221; background_color=&#8221;electrolux-blue&#8221; le_document_number=&#8221;CLF-9JE00262&#8243;][\/vc_column][\/vc_row][vc_row][vc_column][vc_empty_space][\/vc_column][\/vc_row][vc_row][vc_column css=&#8221;.vc_custom_1593014113282{background-color: #adceda !important;}&#8221;][vc_empty_space][elx_heading font_size=&#8221;h1&#8243; text_color=&#8221;white&#8221; text_align=&#8221;text-center&#8221;]Huzurunuz i\u00e7in kolay ad\u0131mlar![\/elx_heading][vc_empty_space][\/vc_column][\/vc_row][vc_row][vc_column width=&#8221;1\/3&#8243; css=&#8221;.vc_custom_1593014132332{background-color: #adceda !important;}&#8221;][vc_single_image image=&#8221;9646&#8243; img_size=&#8221;full&#8221; alignment=&#8221;center&#8221;][vc_empty_space][\/vc_column][vc_column width=&#8221;1\/3&#8243; css=&#8221;.vc_custom_1593014142848{background-color: #adceda !important;}&#8221;][vc_single_image image=&#8221;9640&#8243; img_size=&#8221;full&#8221; alignment=&#8221;center&#8221;][vc_empty_space][\/vc_column][vc_column width=&#8221;1\/3&#8243; css=&#8221;.vc_custom_1593014151647{background-color: #adceda !important;}&#8221;][vc_single_image image=&#8221;9647&#8243; img_size=&#8221;full&#8221; alignment=&#8221;center&#8221;][vc_empty_space][\/vc_column][\/vc_row][vc_row][vc_column css=&#8221;.vc_custom_1593014113282{background-color: #adceda !important;}&#8221;][elx_heading font_size=&#8221;h1&#8243; text_color=&#8221;white&#8221; text_align=&#8221;text-center&#8221;]Videoyu izleyin!<br \/>\n[\/elx_heading][\/vc_column][\/vc_row][vc_row][vc_column css=&#8221;.vc_custom_1593014113282{background-color: #adceda !important;}&#8221;][vc_empty_space][elx_video_block background_image=&#8221;9641&#8243; minimum_height=&#8221;500px&#8221; video_link=&#8221;https:\/\/www.youtube.com\/watch?v=PCxXGazXIoU&#8221;][vc_empty_space][\/vc_column][\/vc_row][vc_row][vc_column width=&#8221;1\/3&#8243;][vc_empty_space][vc_single_image image=&#8221;9648&#8243; img_size=&#8221;full&#8221; alignment=&#8221;center&#8221;][\/vc_column][vc_column width=&#8221;2\/3&#8243;][vc_empty_space][elx_heading text_color=&#8221;inherit&#8221;]\u00d6zellikler ve faydalar[\/elx_heading][vc_empty_space][vc_column_text]\u25ba Program ba\u015f\u0131na dezenfekte edilmi\u015f 30 adede kadar \u00fcr\u00fcn<br \/>\n\u25ba 6 ila 10 dakikal\u0131k programlar<br \/>\n\u25ba 130 &#8211; 140\u00b0C buhar, giysilere p\u00fcsk\u00fcrt\u00fcl\u00fcr ve program\u0131n % 80&#8217;i i\u00e7in kapal\u0131 bir d\u00f6ng\u00fcde tutulur.<br \/>\n\u25ba T\u00fcm program boyunca 70 ila 85\u00b0C s\u0131cakl\u0131k korunur.<br \/>\n\u25ba Elektrik \u0131s\u0131tmal\u0131, 3 fazl\u0131<br \/>\n\u25ba Fabrikadan tam otomatik i\u015flem seti<br \/>\n\u25ba Farkl\u0131\u00a0tekstiller i\u00e7in programlar<br \/>\n\u25ba Minimum\u00a0e\u011fitim gereklidir.<br \/>\n\u25ba Vitrin ileti\u015fimini de i\u00e7ermektedir.[\/vc_column_text][\/vc_column][\/vc_row][vc_row][vc_column][vc_empty_space][elx_heading text_color=&#8221;inherit&#8221;]Dinlendirme Kabini hakk\u0131nda daha fazla bilgi i\u00e7in bize ula\u015f\u0131n[\/elx_heading][vc_empty_space][elx_o2000_contact_us s=&#8221;Request of information&#8221; r=&#8221;I would like to find out more about the Serenety Cabinet&#8221;][\/vc_column][\/vc_row][vc_row][vc_column]<div class=\"product-list-item\"><div class=\"single-product-content\"><a href=\"https:\/\/www.electroluxprofessional.com\/tr\/pd\/sonland\u0131rma-ekipmanlar\u0131\/sonland\u0131rma-dolaplar\u0131\/sonland\u0131rma-dolaplar\u0131\/FC48\/\" target=\"_blank\"><figure class=\"wow fadeIn\"><img decoding=\"async\" src=\"https:\/\/tools.electroluxprofessional.com\/Mirror\/Doc\/ELS%2FPH_255x255%2FFC48.jpg\" alt=\"FC48\"><\/figure><h3>FC48<\/h3><\/a><div class=\"product-description\"><\/div><\/div><hr><div class=\"pre-actions\"><div class=\"reviews\"><\/div><\/div><div class=\"action\"><a href=\"https:\/\/www.electroluxprofessional.com\/tr\/pd\/sonland\u0131rma-ekipmanlar\u0131\/sonland\u0131rma-dolaplar\u0131\/sonland\u0131rma-dolaplar\u0131\/FC48\/\" target=\"_blank\" class=\"btn btn-primary\">Daha Fazla Bilgi<\/a><\/div><\/div>[\/vc_column][\/vc_row][vc_row css=&#8221;.vc_custom_1593017910705{background-color: #eeeeee !important;}&#8221;][vc_column][elx_heading text_color=&#8221;inherit&#8221;]\u0130\u015fletmenize uygun komple \u00e7\u00f6z\u00fcm\u00fcn\u00fcz\u00fc ke\u015ffedin[\/elx_heading][vc_empty_space][\/vc_column][\/vc_row][vc_row css=&#8221;.vc_custom_1593017921192{background-color: #eeeeee !important;}&#8221;][vc_column width=&#8221;1\/3&#8243;][elx_maylike_box id_box=&#8221;16298&#8243; matched_labels=&#8221;&#8221;][\/vc_column][vc_column width=&#8221;1\/3&#8243;][elx_maylike_box id_box=&#8221;17508&#8243; matched_labels=&#8221;&#8221;][\/vc_column][vc_column width=&#8221;1\/3&#8243;][elx_maylike_box id_box=&#8221;8669&#8243; matched_labels=&#8221;&#8221;][\/vc_column][\/vc_row]<\/p>\n","protected":false},"excerpt":{"rendered":"<p>[vc_row full_width=&#8221;electroluxpro-full-width-no-padding&#8221;][vc_column][vc_single_image image=&#8221;9642&#8243; img_size=&#8221;full&#8221; alignment=&#8221;center&#8221;][\/vc_column][\/vc_row][vc_row][vc_column][vc_empty_space][elx_heading font_container=&#8221;h1&#8243; text_color=&#8221;inherit&#8221;]G\u00f6r\u00fcnmez d\u00fc\u015fmanlara kar\u015f\u0131 sava\u015f\u0131lmas\u0131[\/elx_heading][vc_column_text]Son aylarda, global sa\u011fl\u0131k durumunun bir sonucu olarak benzeri g\u00f6r\u00fclmemi\u015f zorluklarla kar\u015f\u0131la\u015ft\u0131k. Bug\u00fcn \u00f6nceli\u011fimiz size, m\u00fc\u015fterilerinize ve \u00e7al\u0131\u015fanlar\u0131n\u0131za refahlar\u0131n\u0131n her zaman korundu\u011funa dair g\u00fcven sa\u011flamakt\u0131r. [\/vc_column_text][vc_empty_space][\/vc_column][\/vc_row][vc_row][vc_column width=&#8221;1\/2&#8243;][vc_empty_space height=&#8221;40px&#8221;][vc_single_image image=&#8221;9643&#8243; img_size=&#8221;full&#8221; alignment=&#8221;center&#8221;][\/vc_column][vc_column width=&#8221;1\/2&#8243;][elx_heading font_size=&#8221;h1&#8243; text_color=&#8221;inherit&#8221;]T\u00fcm endi\u015feleri an\u0131nda yok edin [\/elx_heading][elx_heading text_color=&#8221;inherit&#8221;]Y\u00fcksek bas\u0131n\u00e7l\u0131 buhar, s\u0131cakl\u0131k ve g\u00fc\u00e7l\u00fc hava [&hellip;]<\/p>\n","protected":false},"author":3,"featured_media":9640,"parent":0,"menu_order":0,"comment_status":"closed","ping_status":"closed","template":"","meta":{"footnotes":""},"class_list":["post-9650","page","type-page","status-publish","has-post-thumbnail","hentry"],"acf":[],"yoast_head":"<!-- This site is optimized with the Yoast SEO plugin v23.3 - https:\/\/yoast.com\/wordpress\/plugins\/seo\/ -->\n<title>Dinlendirme Kabini - Keyifli al\u0131\u015fveri\u015fin nihai yolu - Electrolux Professional T\u00fcrkiye<\/title>\n<meta name=\"description\" content=\"G\u00f6r\u00fcnmez d\u00fc\u015fmanlara kar\u015f\u0131 sava\u015f\u0131n. M\u00fc\u015fterilerinize ve \u00e7al\u0131\u015fanlar\u0131n\u0131za refahlar\u0131n\u0131n her zaman korundu\u011funa dair g\u00fcven veriyoruz. Daha fazlas\u0131n\u0131 ke\u015ffedin\" \/>\n<meta name=\"robots\" content=\"index, follow, max-snippet:-1, max-image-preview:large, max-video-preview:-1\" \/>\n<link rel=\"canonical\" href=\"https:\/\/www.electroluxprofessional.com\/tr\/dinlendirme-kabinleri-keyifli-alisverin-nihai-yolu\/\" \/>\n<meta property=\"og:locale\" content=\"tr_TR\" \/>\n<meta property=\"og:type\" content=\"article\" \/>\n<meta property=\"og:title\" content=\"Dinlendirme Kabini - Keyifli al\u0131\u015fveri\u015fin nihai yolu - Electrolux Professional T\u00fcrkiye\" \/>\n<meta property=\"og:description\" content=\"G\u00f6r\u00fcnmez d\u00fc\u015fmanlara kar\u015f\u0131 sava\u015f\u0131n. M\u00fc\u015fterilerinize ve \u00e7al\u0131\u015fanlar\u0131n\u0131za refahlar\u0131n\u0131n her zaman korundu\u011funa dair g\u00fcven veriyoruz. Daha fazlas\u0131n\u0131 ke\u015ffedin\" \/>\n<meta property=\"og:url\" content=\"https:\/\/www.electroluxprofessional.com\/tr\/dinlendirme-kabinleri-keyifli-alisverin-nihai-yolu\/\" \/>\n<meta property=\"og:site_name\" content=\"Electrolux Professional T\u00fcrkiye\" \/>\n<meta property=\"article:modified_time\" content=\"2025-06-27T14:39:59+00:00\" \/>\n<meta property=\"og:image\" content=\"https:\/\/www.electroluxprofessional.com\/tr\/wp-content\/uploads\/2020\/06\/serenity-cabinets-step2.jpg\" \/>\n\t<meta property=\"og:image:width\" content=\"500\" \/>\n\t<meta property=\"og:image:height\" content=\"500\" \/>\n\t<meta property=\"og:image:type\" content=\"image\/jpeg\" \/>\n<meta name=\"twitter:card\" content=\"summary_large_image\" \/>\n<meta name=\"twitter:label1\" content=\"Tahmini okuma s\u00fcresi\" \/>\n\t<meta name=\"twitter:data1\" content=\"5 dakika\" \/>\n<script type=\"application\/ld+json\" class=\"yoast-schema-graph\">{\"@context\":\"https:\/\/schema.org\",\"@graph\":[{\"@type\":\"WebPage\",\"@id\":\"https:\/\/www.electroluxprofessional.com\/tr\/dinlendirme-kabinleri-keyifli-alisverin-nihai-yolu\/\",\"url\":\"https:\/\/www.electroluxprofessional.com\/tr\/dinlendirme-kabinleri-keyifli-alisverin-nihai-yolu\/\",\"name\":\"Dinlendirme Kabini - Keyifli al\u0131\u015fveri\u015fin nihai yolu - Electrolux Professional T\u00fcrkiye\",\"isPartOf\":{\"@id\":\"https:\/\/www.electroluxprofessional.com\/tr\/#website\"},\"primaryImageOfPage\":{\"@id\":\"https:\/\/www.electroluxprofessional.com\/tr\/dinlendirme-kabinleri-keyifli-alisverin-nihai-yolu\/#primaryimage\"},\"image\":{\"@id\":\"https:\/\/www.electroluxprofessional.com\/tr\/dinlendirme-kabinleri-keyifli-alisverin-nihai-yolu\/#primaryimage\"},\"thumbnailUrl\":\"https:\/\/www.electroluxprofessional.com\/tr\/wp-content\/uploads\/2020\/06\/serenity-cabinets-step2.jpg\",\"datePublished\":\"2020-07-21T09:12:12+00:00\",\"dateModified\":\"2025-06-27T14:39:59+00:00\",\"description\":\"G\u00f6r\u00fcnmez d\u00fc\u015fmanlara kar\u015f\u0131 sava\u015f\u0131n. M\u00fc\u015fterilerinize ve \u00e7al\u0131\u015fanlar\u0131n\u0131za refahlar\u0131n\u0131n her zaman korundu\u011funa dair g\u00fcven veriyoruz. Daha fazlas\u0131n\u0131 ke\u015ffedin\",\"breadcrumb\":{\"@id\":\"https:\/\/www.electroluxprofessional.com\/tr\/dinlendirme-kabinleri-keyifli-alisverin-nihai-yolu\/#breadcrumb\"},\"inLanguage\":\"tr\",\"potentialAction\":[{\"@type\":\"ReadAction\",\"target\":[\"https:\/\/www.electroluxprofessional.com\/tr\/dinlendirme-kabinleri-keyifli-alisverin-nihai-yolu\/\"]}]},{\"@type\":\"ImageObject\",\"inLanguage\":\"tr\",\"@id\":\"https:\/\/www.electroluxprofessional.com\/tr\/dinlendirme-kabinleri-keyifli-alisverin-nihai-yolu\/#primaryimage\",\"url\":\"https:\/\/www.electroluxprofessional.com\/tr\/wp-content\/uploads\/2020\/06\/serenity-cabinets-step2.jpg\",\"contentUrl\":\"https:\/\/www.electroluxprofessional.com\/tr\/wp-content\/uploads\/2020\/06\/serenity-cabinets-step2.jpg\",\"width\":500,\"height\":500,\"caption\":\"serenity-cabinets-step2\"},{\"@type\":\"BreadcrumbList\",\"@id\":\"https:\/\/www.electroluxprofessional.com\/tr\/dinlendirme-kabinleri-keyifli-alisverin-nihai-yolu\/#breadcrumb\",\"itemListElement\":[{\"@type\":\"ListItem\",\"position\":1,\"name\":\"Home\",\"item\":\"https:\/\/www.electroluxprofessional.com\/tr\/\"},{\"@type\":\"ListItem\",\"position\":2,\"name\":\"Dinlendirme Kabini &#8211; Keyifli al\u0131\u015fveri\u015fin nihai yolu\"}]},{\"@type\":\"WebSite\",\"@id\":\"https:\/\/www.electroluxprofessional.com\/tr\/#website\",\"url\":\"https:\/\/www.electroluxprofessional.com\/tr\/\",\"name\":\"Electrolux Professional T\u00fcrkiye\",\"description\":\"\",\"potentialAction\":[{\"@type\":\"SearchAction\",\"target\":{\"@type\":\"EntryPoint\",\"urlTemplate\":\"https:\/\/www.electroluxprofessional.com\/tr\/?src={search_term_string}\"},\"query-input\":\"required name=search_term_string\"}],\"inLanguage\":\"tr\"}]}<\/script>\n<!-- \/ Yoast SEO plugin. -->","yoast_head_json":{"title":"Dinlendirme Kabini - Keyifli al\u0131\u015fveri\u015fin nihai yolu - Electrolux Professional T\u00fcrkiye","description":"G\u00f6r\u00fcnmez d\u00fc\u015fmanlara kar\u015f\u0131 sava\u015f\u0131n. M\u00fc\u015fterilerinize ve \u00e7al\u0131\u015fanlar\u0131n\u0131za refahlar\u0131n\u0131n her zaman korundu\u011funa dair g\u00fcven veriyoruz. Daha fazlas\u0131n\u0131 ke\u015ffedin","robots":{"index":"index","follow":"follow","max-snippet":"max-snippet:-1","max-image-preview":"max-image-preview:large","max-video-preview":"max-video-preview:-1"},"canonical":"https:\/\/www.electroluxprofessional.com\/tr\/dinlendirme-kabinleri-keyifli-alisverin-nihai-yolu\/","og_locale":"tr_TR","og_type":"article","og_title":"Dinlendirme Kabini - Keyifli al\u0131\u015fveri\u015fin nihai yolu - Electrolux Professional T\u00fcrkiye","og_description":"G\u00f6r\u00fcnmez d\u00fc\u015fmanlara kar\u015f\u0131 sava\u015f\u0131n. M\u00fc\u015fterilerinize ve \u00e7al\u0131\u015fanlar\u0131n\u0131za refahlar\u0131n\u0131n her zaman korundu\u011funa dair g\u00fcven veriyoruz. Daha fazlas\u0131n\u0131 ke\u015ffedin","og_url":"https:\/\/www.electroluxprofessional.com\/tr\/dinlendirme-kabinleri-keyifli-alisverin-nihai-yolu\/","og_site_name":"Electrolux Professional T\u00fcrkiye","article_modified_time":"2025-06-27T14:39:59+00:00","og_image":[{"width":500,"height":500,"url":"https:\/\/www.electroluxprofessional.com\/tr\/wp-content\/uploads\/2020\/06\/serenity-cabinets-step2.jpg","type":"image\/jpeg"}],"twitter_card":"summary_large_image","twitter_misc":{"Tahmini okuma s\u00fcresi":"5 dakika"},"schema":{"@context":"https:\/\/schema.org","@graph":[{"@type":"WebPage","@id":"https:\/\/www.electroluxprofessional.com\/tr\/dinlendirme-kabinleri-keyifli-alisverin-nihai-yolu\/","url":"https:\/\/www.electroluxprofessional.com\/tr\/dinlendirme-kabinleri-keyifli-alisverin-nihai-yolu\/","name":"Dinlendirme Kabini - Keyifli al\u0131\u015fveri\u015fin nihai yolu - Electrolux Professional T\u00fcrkiye","isPartOf":{"@id":"https:\/\/www.electroluxprofessional.com\/tr\/#website"},"primaryImageOfPage":{"@id":"https:\/\/www.electroluxprofessional.com\/tr\/dinlendirme-kabinleri-keyifli-alisverin-nihai-yolu\/#primaryimage"},"image":{"@id":"https:\/\/www.electroluxprofessional.com\/tr\/dinlendirme-kabinleri-keyifli-alisverin-nihai-yolu\/#primaryimage"},"thumbnailUrl":"https:\/\/www.electroluxprofessional.com\/tr\/wp-content\/uploads\/2020\/06\/serenity-cabinets-step2.jpg","datePublished":"2020-07-21T09:12:12+00:00","dateModified":"2025-06-27T14:39:59+00:00","description":"G\u00f6r\u00fcnmez d\u00fc\u015fmanlara kar\u015f\u0131 sava\u015f\u0131n. M\u00fc\u015fterilerinize ve \u00e7al\u0131\u015fanlar\u0131n\u0131za refahlar\u0131n\u0131n her zaman korundu\u011funa dair g\u00fcven veriyoruz. Daha fazlas\u0131n\u0131 ke\u015ffedin","breadcrumb":{"@id":"https:\/\/www.electroluxprofessional.com\/tr\/dinlendirme-kabinleri-keyifli-alisverin-nihai-yolu\/#breadcrumb"},"inLanguage":"tr","potentialAction":[{"@type":"ReadAction","target":["https:\/\/www.electroluxprofessional.com\/tr\/dinlendirme-kabinleri-keyifli-alisverin-nihai-yolu\/"]}]},{"@type":"ImageObject","inLanguage":"tr","@id":"https:\/\/www.electroluxprofessional.com\/tr\/dinlendirme-kabinleri-keyifli-alisverin-nihai-yolu\/#primaryimage","url":"https:\/\/www.electroluxprofessional.com\/tr\/wp-content\/uploads\/2020\/06\/serenity-cabinets-step2.jpg","contentUrl":"https:\/\/www.electroluxprofessional.com\/tr\/wp-content\/uploads\/2020\/06\/serenity-cabinets-step2.jpg","width":500,"height":500,"caption":"serenity-cabinets-step2"},{"@type":"BreadcrumbList","@id":"https:\/\/www.electroluxprofessional.com\/tr\/dinlendirme-kabinleri-keyifli-alisverin-nihai-yolu\/#breadcrumb","itemListElement":[{"@type":"ListItem","position":1,"name":"Home","item":"https:\/\/www.electroluxprofessional.com\/tr\/"},{"@type":"ListItem","position":2,"name":"Dinlendirme Kabini &#8211; Keyifli al\u0131\u015fveri\u015fin nihai yolu"}]},{"@type":"WebSite","@id":"https:\/\/www.electroluxprofessional.com\/tr\/#website","url":"https:\/\/www.electroluxprofessional.com\/tr\/","name":"Electrolux Professional T\u00fcrkiye","description":"","potentialAction":[{"@type":"SearchAction","target":{"@type":"EntryPoint","urlTemplate":"https:\/\/www.electroluxprofessional.com\/tr\/?src={search_term_string}"},"query-input":"required name=search_term_string"}],"inLanguage":"tr"}]}},"_links":{"self":[{"href":"https:\/\/www.electroluxprofessional.com\/tr\/wp-json\/wp\/v2\/pages\/9650"}],"collection":[{"href":"https:\/\/www.electroluxprofessional.com\/tr\/wp-json\/wp\/v2\/pages"}],"about":[{"href":"https:\/\/www.electroluxprofessional.com\/tr\/wp-json\/wp\/v2\/types\/page"}],"author":[{"embeddable":true,"href":"https:\/\/www.electroluxprofessional.com\/tr\/wp-json\/wp\/v2\/users\/3"}],"replies":[{"embeddable":true,"href":"https:\/\/www.electroluxprofessional.com\/tr\/wp-json\/wp\/v2\/comments?post=9650"}],"version-history":[{"count":3,"href":"https:\/\/www.electroluxprofessional.com\/tr\/wp-json\/wp\/v2\/pages\/9650\/revisions"}],"predecessor-version":[{"id":21029,"href":"https:\/\/www.electroluxprofessional.com\/tr\/wp-json\/wp\/v2\/pages\/9650\/revisions\/21029"}],"wp:featuredmedia":[{"embeddable":true,"href":"https:\/\/www.electroluxprofessional.com\/tr\/wp-json\/wp\/v2\/media\/9640"}],"wp:attachment":[{"href":"https:\/\/www.electroluxprofessional.com\/tr\/wp-json\/wp\/v2\/media?parent=9650"}],"curies":[{"name":"wp","href":"https:\/\/api.w.org\/{rel}","templated":true}]}}