{"id":9513,"date":"2020-06-11T14:27:01","date_gmt":"2020-06-11T12:27:01","guid":{"rendered":"https:\/\/www.electroluxprofessional.com\/?page_id=30572"},"modified":"2025-10-17T07:42:44","modified_gmt":"2025-10-17T07:42:44","slug":"two-pairs-of-eyes-uzaktan-temassiz-servis","status":"publish","type":"page","link":"https:\/\/www.electroluxprofessional.com\/tr\/musteri-hizmetleri\/two-pairs-of-eyes-uzaktan-temassiz-servis\/","title":{"rendered":"Two Pairs of Eyes &#8211; Uzaktan Temass\u0131z Servis"},"content":{"rendered":"<p>[vc_row full_width=&#8221;electroluxpro-full-width-no-padding&#8221;][vc_column][vc_single_image image=&#8221;9502&#8243; img_size=&#8221;full&#8221; alignment=&#8221;center&#8221;][vc_empty_space][\/vc_column][\/vc_row][vc_row][vc_column][elx_heading font_container=&#8221;h1&#8243; text_color=&#8221;inherit&#8221;]Electrolux Professional&#8217;dan<br \/>\nTwo Pairs of Eyes &#8216;\u0130ki \u00c7ift G\u00f6z'[\/elx_heading][vc_empty_space][\/vc_column][\/vc_row][vc_row][vc_column width=&#8221;1\/2&#8243;][elx_heading text_color=&#8221;inherit&#8221;]Ar\u0131za s\u00fcrelerini k\u0131salt\u0131n, verimlili\u011fi artt\u0131r\u0131n. Servis s\u00fcresini azalt\u0131n, i\u015fletme maliyetlerinden tasarruf edin.[\/elx_heading][vc_column_text]Ger\u00e7ek m\u00fc\u015fteri deneyimi i\u015fler yolunda gitmedi\u011finde ba\u015flar. Servis \u00c7a\u011fr\u0131lar\u0131, randevular, mesafeler, ilk onar\u0131m sorunlar\u0131 &#8211; i\u015finizdeki ar\u0131za s\u00fcrelerini \u00f6nlemek amac\u0131 ile g\u00fcnl\u00fck \u00e7al\u0131\u015fman\u0131z i\u00e7in bekleme hatt\u0131. Servis ve bak\u0131m\u0131 yeniden d\u00fc\u015f\u00fcnme zaman\u0131:<\/p>\n<ul>\n<li>Two Pairs of Eyes &#8216;\u0130ki \u00c7ift G\u00f6z&#8217; Art\u0131r\u0131lm\u0131\u015f Ger\u00e7eklik Hizmeti ile <strong>mobil, uzaktan rehberlik<\/strong><\/li>\n<li>Ak\u0131ll\u0131 telefon veya tablet \u00fczerinden <strong>uzaktan uygulamal\u0131 yard\u0131m<\/strong><\/li>\n<li>Saha servisi ile Electrolux Professional deste\u011finiz aras\u0131nda <strong>etkile\u015fimli ileti\u015fim<\/strong><\/li>\n<li>Sahadaki sorunlar\u0131 gidermek, <strong>an\u0131nda ilk yard\u0131m sa\u011flamak<\/strong><\/li>\n<li><strong>Do\u011fru yedek par\u00e7alar\u0131 tespit i\u00e7in<\/strong>, hemen sipari\u015f verme ve<br \/>\nuzaktan talimatlar ile onar\u0131m<\/li>\n<\/ul>\n<p>[\/vc_column_text][vc_empty_space][\/vc_column][vc_column width=&#8221;1\/2&#8243;][vc_empty_space][vc_single_image image=&#8221;9503&#8243; img_size=&#8221;500px&#8221; alignment=&#8221;center&#8221;][vc_empty_space][\/vc_column][\/vc_row][vc_row css=&#8221;.vc_custom_1590595681310{background-color: #6f869b !important;}&#8221;][vc_column width=&#8221;1\/2&#8243; css=&#8221;.vc_custom_1590595626248{background-color: #6f869b !important;}&#8221;][elx_heading text_color=&#8221;white&#8221;]Temass\u0131z servis: uzaktan ancak eskisinden daha da yak\u0131n[\/elx_heading][vc_column_text]<span style=\"color: white;\">Two Pairs of Eyes ile Saha Servis M\u00fchendisleriniz ve Electrolux Professional teknik uzmanlar\u0131 aras\u0131nda kesintisiz bir ba\u011flant\u0131 sa\u011fl\u0131yoruz. Uzaktan Rehberlik, sanki oradaym\u0131\u015fs\u0131n\u0131z gibi ba\u015fka bir ki\u015finin g\u00f6z\u00fcnden g\u00f6rebilmenizi ve onlara rehberlik edebilmenizi sa\u011flayan bir \u00e7\u00f6z\u00fcmd\u00fcr.<\/span>[\/vc_column_text][vc_empty_space][\/vc_column][vc_column width=&#8221;1\/2&#8243; css=&#8221;.vc_custom_1590594270682{background-color: #6f869b !important;}&#8221;][vc_empty_space][elx_download_block text=&#8221;Two Pairs of Eyes flyer&#8217;\u0131<br \/>\n\u0130ndirin&#8221; document_type=&#8221;brochures&#8221; background_color=&#8221;electrolux-blue&#8221; background_image=&#8221;9501&#8243;][\/vc_column][\/vc_row][vc_row][vc_column][elx_heading font_size=&#8221;h1&#8243; text_color=&#8221;inherit&#8221;]Nas\u0131l \u00e7al\u0131\u015f\u0131r?[\/elx_heading][elx_heading text_color=&#8221;inherit&#8221;]Bir hata kodu ald\u0131\u011f\u0131n\u0131z\u0131, ekipman\u0131n durdu\u011funu, \u00e7al\u0131\u015fmad\u0131\u011f\u0131n\u0131 veya performans\u0131n\u0131n olmad\u0131\u011f\u0131n\u0131 hayal edin. Sorunu \u00e7\u00f6zemiyor veya analiz edemiyorsunuz ancak operasyonlar\u0131n\u0131z\u0131n devam etmesi gerekiyor.[\/elx_heading][vc_empty_space][\/vc_column][\/vc_row][vc_row][vc_column width=&#8221;1\/3&#8243;][vc_single_image image=&#8221;9504&#8243; img_size=&#8221;full&#8221; alignment=&#8221;center&#8221;][vc_empty_space][vc_column_text]<b>Ak\u0131ll\u0131 telefonunuzdaki veya tabletinizdeki<\/b> Two Pairs of Eyes \u2018\u0130ki \u00c7ift G\u00f6z\u2019 \u00e7\u00f6z\u00fcm\u00fcn\u00fc kullanarak <b>Teknik Destek ekibimize ba\u011flanman\u0131z<\/b> ve bir <b>Uzaktan Y\u00f6nlendirme<\/b> video oturumu ba\u015flatman\u0131z yeterlidir.[\/vc_column_text][vc_empty_space][\/vc_column][vc_column width=&#8221;1\/3&#8243;][vc_single_image image=&#8221;9505&#8243; img_size=&#8221;full&#8221; alignment=&#8221;center&#8221;][vc_empty_space][vc_column_text]Teknik uzmanlar\u0131m\u0131z cihazlarda g\u00f6rd\u00fcklerinizi tam olarak g\u00f6r\u00fcr ve sorunu te\u015fhis edebilir. Hem sesi, hem de elleri ve g\u00f6stergeler gibi di\u011fer ara\u00e7lar\u0131 kullanarak,\u00a0<strong>ellerinizi uzaktan y\u00f6nlendirir.<\/strong>[\/vc_column_text][vc_empty_space][\/vc_column][vc_column width=&#8221;1\/3&#8243;][vc_single_image image=&#8221;9506&#8243; img_size=&#8221;full&#8221; alignment=&#8221;center&#8221;][vc_empty_space][vc_column_text]Birlikte, <strong>soruna yakla\u015f\u0131rs\u0131n\u0131z, d\u00fczeltirsiniz<\/strong> veya ilave aksiyonlar almaya karar verirsiniz.[\/vc_column_text][vc_empty_space][\/vc_column][\/vc_row][vc_row][vc_column][vc_empty_space][elx_heading font_size=&#8221;h1&#8243; text_color=&#8221;inherit&#8221;]Standart video g\u00f6r\u00fc\u015fmelerine k\u0131yasla yakla\u015f\u0131k %30 daha h\u0131zl\u0131 sorun \u00e7\u00f6zme, %50 daha az hata[\/elx_heading][vc_empty_space][vc_column_text]Ayn\u0131 Uzaktan Y\u00f6nlendirme \u00e7\u00f6z\u00fcm\u00fc ile <strong>\u00e7al\u0131\u015fan t\u00fcm Electrolux Professional ekipmanlar\u0131n\u0131z\u0131 y\u00f6netin.<\/strong> <strong>Bilgi aktarmak, personelinizi e\u011fitmek<\/strong> ve m\u00fc\u015fteri hizmetleri seviyenizi y\u00fckseltmek&#8230;[\/vc_column_text][\/vc_column][\/vc_row][vc_row][vc_column width=&#8221;2\/3&#8243;][vc_row_inner][vc_column_inner width=&#8221;1\/2&#8243;][elx_heading text_color=&#8221;inherit&#8221;]D\u00dc\u015e\u00dcK<br \/>\nHATA<br \/>\nSAYISI[\/elx_heading][\/vc_column_inner][vc_column_inner width=&#8221;1\/2&#8243;][vc_empty_space][vc_single_image image=&#8221;9507&#8243; img_size=&#8221;full&#8221;][\/vc_column_inner][\/vc_row_inner][vc_row_inner][vc_column_inner width=&#8221;1\/2&#8243;][elx_heading text_color=&#8221;inherit&#8221;]DAHA HIZLI<br \/>\nSORUN<br \/>\nG\u0130DERME[\/elx_heading][\/vc_column_inner][vc_column_inner width=&#8221;1\/2&#8243;][vc_empty_space][vc_single_image image=&#8221;9508&#8243; img_size=&#8221;full&#8221;][\/vc_column_inner][\/vc_row_inner][vc_empty_space][\/vc_column][\/vc_row][vc_row css=&#8221;.vc_custom_1590601703148{background-color: #f4f4f4 !important;}&#8221;][vc_column width=&#8221;2\/3&#8243;][vc_empty_space][elx_heading font_size=&#8221;h1&#8243; text_color=&#8221;inherit&#8221; text_align=&#8221;text-left&#8221;]Genel bak\u0131\u015f:[\/elx_heading][vc_empty_space][vc_column_text]<strong>Two Pairs of Eyes \u2018\u0130ki \u00c7ift G\u00f6z\u2019 Uzaktan Y\u00f6nlendirme, <\/strong>Servis sa\u011flay\u0131c\u0131n\u0131z\u0131n yan\u0131nda ilave pair of eyes \u2018bir \u00e7ift g\u00f6z\u2019 sa\u011flad\u0131\u011f\u0131ndan, ekipman\u0131n ar\u0131za s\u00fcrelerini k\u0131saltacak<strong>, Servis maliyetlerini azaltacak <\/strong>ve sonu\u00e7 olarak genel i\u015fletme maliyetlerini azaltacakt\u0131r.<strong> \u0130\u015fletmeniz d\u00fcnyan\u0131n neresinde olursa olsun, Two Pairs of Eyes \u2018\u0130ki \u00c7ift G\u00f6z\u2019 halihaz\u0131rda oradad\u0131r.<\/strong>[\/vc_column_text][\/vc_column][vc_column width=&#8221;1\/3&#8243;][vc_empty_space][vc_single_image image=&#8221;9509&#8243; img_size=&#8221;medium&#8221; alignment=&#8221;center&#8221;][vc_empty_space][\/vc_column][\/vc_row][vc_row][vc_column][elx_heading text_color=&#8221;inherit&#8221;]Two Pairs of Eyes hakk\u0131nda daha fazla bilgi almak i\u00e7in bize ula\u015f\u0131n[\/elx_heading][elx_o2000_contact_us][\/vc_column][\/vc_row][vc_row][vc_column width=&#8221;1\/3&#8243;][elx_maylike_box id_box=&#8221;9510&#8243;][\/vc_column][vc_column width=&#8221;1\/3&#8243;][elx_maylike_box id_box=&#8221;9231&#8243; matched_labels=&#8221;&#8221;][\/vc_column][vc_column width=&#8221;1\/3&#8243;][elx_maylike_box id_box=&#8221;1216&#8243;][\/vc_column][\/vc_row]<\/p>\n","protected":false},"excerpt":{"rendered":"<p>[vc_row full_width=&#8221;electroluxpro-full-width-no-padding&#8221;][vc_column][vc_single_image image=&#8221;9502&#8243; img_size=&#8221;full&#8221; alignment=&#8221;center&#8221;][vc_empty_space][\/vc_column][\/vc_row][vc_row][vc_column][elx_heading font_container=&#8221;h1&#8243; text_color=&#8221;inherit&#8221;]Electrolux Professional&#8217;dan Two Pairs of Eyes &#8216;\u0130ki \u00c7ift G\u00f6z'[\/elx_heading][vc_empty_space][\/vc_column][\/vc_row][vc_row][vc_column width=&#8221;1\/2&#8243;][elx_heading text_color=&#8221;inherit&#8221;]Ar\u0131za s\u00fcrelerini k\u0131salt\u0131n, verimlili\u011fi artt\u0131r\u0131n. Servis s\u00fcresini azalt\u0131n, i\u015fletme maliyetlerinden tasarruf edin.[\/elx_heading][vc_column_text]Ger\u00e7ek m\u00fc\u015fteri deneyimi i\u015fler yolunda gitmedi\u011finde ba\u015flar. Servis \u00c7a\u011fr\u0131lar\u0131, randevular, mesafeler, ilk onar\u0131m sorunlar\u0131 &#8211; i\u015finizdeki ar\u0131za s\u00fcrelerini \u00f6nlemek amac\u0131 ile g\u00fcnl\u00fck \u00e7al\u0131\u015fman\u0131z i\u00e7in bekleme hatt\u0131. Servis ve [&hellip;]<\/p>\n","protected":false},"author":3,"featured_media":9500,"parent":1115,"menu_order":0,"comment_status":"closed","ping_status":"closed","template":"","meta":{"footnotes":""},"class_list":["post-9513","page","type-page","status-publish","has-post-thumbnail","hentry"],"acf":[],"yoast_head":"<!-- This site is optimized with the Yoast SEO plugin v23.3 - https:\/\/yoast.com\/wordpress\/plugins\/seo\/ -->\n<title>Two Pairs of Eyes - Uzaktan Temass\u0131z Servis - Electrolux Professional T\u00fcrkiye<\/title>\n<meta name=\"description\" content=\"&quot;Electrolux Professional\u2019danTwo Pairs of Eyes \u2018\u0130ki \u00c7ift G\u00f6z\u2019 ile, ar\u0131za s\u00fcrelerini k\u0131salt\u0131n, verimlili\u011fi artt\u0131r\u0131n, servis s\u00fcresini azalt\u0131n ve i\u015fletme maliyetlerinden tasarruf edin.&quot;\" \/>\n<meta name=\"robots\" content=\"index, follow, max-snippet:-1, max-image-preview:large, max-video-preview:-1\" \/>\n<link rel=\"canonical\" href=\"https:\/\/www.electroluxprofessional.com\/tr\/musteri-hizmetleri\/two-pairs-of-eyes-uzaktan-temassiz-servis\/\" \/>\n<meta property=\"og:locale\" content=\"tr_TR\" \/>\n<meta property=\"og:type\" content=\"article\" \/>\n<meta property=\"og:title\" content=\"Two Pairs of Eyes - Uzaktan Temass\u0131z Servis - Electrolux Professional T\u00fcrkiye\" \/>\n<meta property=\"og:description\" content=\"&quot;Electrolux Professional\u2019danTwo Pairs of Eyes \u2018\u0130ki \u00c7ift G\u00f6z\u2019 ile, ar\u0131za s\u00fcrelerini k\u0131salt\u0131n, verimlili\u011fi artt\u0131r\u0131n, servis s\u00fcresini azalt\u0131n ve i\u015fletme maliyetlerinden tasarruf edin.&quot;\" \/>\n<meta property=\"og:url\" content=\"https:\/\/www.electroluxprofessional.com\/tr\/musteri-hizmetleri\/two-pairs-of-eyes-uzaktan-temassiz-servis\/\" \/>\n<meta property=\"og:site_name\" content=\"Electrolux Professional T\u00fcrkiye\" \/>\n<meta property=\"article:modified_time\" content=\"2025-10-17T07:42:44+00:00\" \/>\n<meta property=\"og:image\" content=\"https:\/\/www.electroluxprofessional.com\/tr\/wp-content\/uploads\/2020\/06\/banner-twopairsofeys-1125-1.jpg\" \/>\n\t<meta property=\"og:image:width\" content=\"1125\" \/>\n\t<meta property=\"og:image:height\" content=\"1583\" \/>\n\t<meta property=\"og:image:type\" content=\"image\/jpeg\" \/>\n<meta name=\"twitter:card\" content=\"summary_large_image\" \/>\n<meta name=\"twitter:label1\" content=\"Tahmini okuma s\u00fcresi\" \/>\n\t<meta name=\"twitter:data1\" content=\"3 dakika\" \/>\n<script type=\"application\/ld+json\" class=\"yoast-schema-graph\">{\"@context\":\"https:\/\/schema.org\",\"@graph\":[{\"@type\":\"WebPage\",\"@id\":\"https:\/\/www.electroluxprofessional.com\/tr\/musteri-hizmetleri\/two-pairs-of-eyes-uzaktan-temassiz-servis\/\",\"url\":\"https:\/\/www.electroluxprofessional.com\/tr\/musteri-hizmetleri\/two-pairs-of-eyes-uzaktan-temassiz-servis\/\",\"name\":\"Two Pairs of Eyes - Uzaktan Temass\u0131z Servis - Electrolux Professional T\u00fcrkiye\",\"isPartOf\":{\"@id\":\"https:\/\/www.electroluxprofessional.com\/tr\/#website\"},\"primaryImageOfPage\":{\"@id\":\"https:\/\/www.electroluxprofessional.com\/tr\/musteri-hizmetleri\/two-pairs-of-eyes-uzaktan-temassiz-servis\/#primaryimage\"},\"image\":{\"@id\":\"https:\/\/www.electroluxprofessional.com\/tr\/musteri-hizmetleri\/two-pairs-of-eyes-uzaktan-temassiz-servis\/#primaryimage\"},\"thumbnailUrl\":\"https:\/\/www.electroluxprofessional.com\/tr\/wp-content\/uploads\/2020\/06\/banner-twopairsofeys-1125-1.jpg\",\"datePublished\":\"2020-06-11T12:27:01+00:00\",\"dateModified\":\"2025-10-17T07:42:44+00:00\",\"description\":\"\\\"Electrolux Professional\u2019danTwo Pairs of Eyes \u2018\u0130ki \u00c7ift G\u00f6z\u2019 ile, ar\u0131za s\u00fcrelerini k\u0131salt\u0131n, verimlili\u011fi artt\u0131r\u0131n, servis s\u00fcresini azalt\u0131n ve i\u015fletme maliyetlerinden tasarruf edin.\\\"\",\"breadcrumb\":{\"@id\":\"https:\/\/www.electroluxprofessional.com\/tr\/musteri-hizmetleri\/two-pairs-of-eyes-uzaktan-temassiz-servis\/#breadcrumb\"},\"inLanguage\":\"tr\",\"potentialAction\":[{\"@type\":\"ReadAction\",\"target\":[\"https:\/\/www.electroluxprofessional.com\/tr\/musteri-hizmetleri\/two-pairs-of-eyes-uzaktan-temassiz-servis\/\"]}]},{\"@type\":\"ImageObject\",\"inLanguage\":\"tr\",\"@id\":\"https:\/\/www.electroluxprofessional.com\/tr\/musteri-hizmetleri\/two-pairs-of-eyes-uzaktan-temassiz-servis\/#primaryimage\",\"url\":\"https:\/\/www.electroluxprofessional.com\/tr\/wp-content\/uploads\/2020\/06\/banner-twopairsofeys-1125-1.jpg\",\"contentUrl\":\"https:\/\/www.electroluxprofessional.com\/tr\/wp-content\/uploads\/2020\/06\/banner-twopairsofeys-1125-1.jpg\",\"width\":1125,\"height\":1583,\"caption\":\"banner-twopairsofeys-1125\"},{\"@type\":\"BreadcrumbList\",\"@id\":\"https:\/\/www.electroluxprofessional.com\/tr\/musteri-hizmetleri\/two-pairs-of-eyes-uzaktan-temassiz-servis\/#breadcrumb\",\"itemListElement\":[{\"@type\":\"ListItem\",\"position\":1,\"name\":\"Home\",\"item\":\"https:\/\/www.electroluxprofessional.com\/tr\/\"},{\"@type\":\"ListItem\",\"position\":2,\"name\":\"Essentia M\u00fc\u015fteri Hizmetleri\",\"item\":\"https:\/\/www.electroluxprofessional.com\/tr\/musteri-hizmetleri\/\"},{\"@type\":\"ListItem\",\"position\":3,\"name\":\"Two Pairs of Eyes &#8211; Uzaktan Temass\u0131z Servis\"}]},{\"@type\":\"WebSite\",\"@id\":\"https:\/\/www.electroluxprofessional.com\/tr\/#website\",\"url\":\"https:\/\/www.electroluxprofessional.com\/tr\/\",\"name\":\"Electrolux Professional T\u00fcrkiye\",\"description\":\"\",\"potentialAction\":[{\"@type\":\"SearchAction\",\"target\":{\"@type\":\"EntryPoint\",\"urlTemplate\":\"https:\/\/www.electroluxprofessional.com\/tr\/?src={search_term_string}\"},\"query-input\":\"required name=search_term_string\"}],\"inLanguage\":\"tr\"}]}<\/script>\n<!-- \/ Yoast SEO plugin. -->","yoast_head_json":{"title":"Two Pairs of Eyes - Uzaktan Temass\u0131z Servis - Electrolux Professional T\u00fcrkiye","description":"\"Electrolux Professional\u2019danTwo Pairs of Eyes \u2018\u0130ki \u00c7ift G\u00f6z\u2019 ile, ar\u0131za s\u00fcrelerini k\u0131salt\u0131n, verimlili\u011fi artt\u0131r\u0131n, servis s\u00fcresini azalt\u0131n ve i\u015fletme maliyetlerinden tasarruf edin.\"","robots":{"index":"index","follow":"follow","max-snippet":"max-snippet:-1","max-image-preview":"max-image-preview:large","max-video-preview":"max-video-preview:-1"},"canonical":"https:\/\/www.electroluxprofessional.com\/tr\/musteri-hizmetleri\/two-pairs-of-eyes-uzaktan-temassiz-servis\/","og_locale":"tr_TR","og_type":"article","og_title":"Two Pairs of Eyes - Uzaktan Temass\u0131z Servis - Electrolux Professional T\u00fcrkiye","og_description":"\"Electrolux Professional\u2019danTwo Pairs of Eyes \u2018\u0130ki \u00c7ift G\u00f6z\u2019 ile, ar\u0131za s\u00fcrelerini k\u0131salt\u0131n, verimlili\u011fi artt\u0131r\u0131n, servis s\u00fcresini azalt\u0131n ve i\u015fletme maliyetlerinden tasarruf edin.\"","og_url":"https:\/\/www.electroluxprofessional.com\/tr\/musteri-hizmetleri\/two-pairs-of-eyes-uzaktan-temassiz-servis\/","og_site_name":"Electrolux Professional T\u00fcrkiye","article_modified_time":"2025-10-17T07:42:44+00:00","og_image":[{"width":1125,"height":1583,"url":"https:\/\/www.electroluxprofessional.com\/tr\/wp-content\/uploads\/2020\/06\/banner-twopairsofeys-1125-1.jpg","type":"image\/jpeg"}],"twitter_card":"summary_large_image","twitter_misc":{"Tahmini okuma s\u00fcresi":"3 dakika"},"schema":{"@context":"https:\/\/schema.org","@graph":[{"@type":"WebPage","@id":"https:\/\/www.electroluxprofessional.com\/tr\/musteri-hizmetleri\/two-pairs-of-eyes-uzaktan-temassiz-servis\/","url":"https:\/\/www.electroluxprofessional.com\/tr\/musteri-hizmetleri\/two-pairs-of-eyes-uzaktan-temassiz-servis\/","name":"Two Pairs of Eyes - Uzaktan Temass\u0131z Servis - Electrolux Professional T\u00fcrkiye","isPartOf":{"@id":"https:\/\/www.electroluxprofessional.com\/tr\/#website"},"primaryImageOfPage":{"@id":"https:\/\/www.electroluxprofessional.com\/tr\/musteri-hizmetleri\/two-pairs-of-eyes-uzaktan-temassiz-servis\/#primaryimage"},"image":{"@id":"https:\/\/www.electroluxprofessional.com\/tr\/musteri-hizmetleri\/two-pairs-of-eyes-uzaktan-temassiz-servis\/#primaryimage"},"thumbnailUrl":"https:\/\/www.electroluxprofessional.com\/tr\/wp-content\/uploads\/2020\/06\/banner-twopairsofeys-1125-1.jpg","datePublished":"2020-06-11T12:27:01+00:00","dateModified":"2025-10-17T07:42:44+00:00","description":"\"Electrolux Professional\u2019danTwo Pairs of Eyes \u2018\u0130ki \u00c7ift G\u00f6z\u2019 ile, ar\u0131za s\u00fcrelerini k\u0131salt\u0131n, verimlili\u011fi artt\u0131r\u0131n, servis s\u00fcresini azalt\u0131n ve i\u015fletme maliyetlerinden tasarruf edin.\"","breadcrumb":{"@id":"https:\/\/www.electroluxprofessional.com\/tr\/musteri-hizmetleri\/two-pairs-of-eyes-uzaktan-temassiz-servis\/#breadcrumb"},"inLanguage":"tr","potentialAction":[{"@type":"ReadAction","target":["https:\/\/www.electroluxprofessional.com\/tr\/musteri-hizmetleri\/two-pairs-of-eyes-uzaktan-temassiz-servis\/"]}]},{"@type":"ImageObject","inLanguage":"tr","@id":"https:\/\/www.electroluxprofessional.com\/tr\/musteri-hizmetleri\/two-pairs-of-eyes-uzaktan-temassiz-servis\/#primaryimage","url":"https:\/\/www.electroluxprofessional.com\/tr\/wp-content\/uploads\/2020\/06\/banner-twopairsofeys-1125-1.jpg","contentUrl":"https:\/\/www.electroluxprofessional.com\/tr\/wp-content\/uploads\/2020\/06\/banner-twopairsofeys-1125-1.jpg","width":1125,"height":1583,"caption":"banner-twopairsofeys-1125"},{"@type":"BreadcrumbList","@id":"https:\/\/www.electroluxprofessional.com\/tr\/musteri-hizmetleri\/two-pairs-of-eyes-uzaktan-temassiz-servis\/#breadcrumb","itemListElement":[{"@type":"ListItem","position":1,"name":"Home","item":"https:\/\/www.electroluxprofessional.com\/tr\/"},{"@type":"ListItem","position":2,"name":"Essentia M\u00fc\u015fteri Hizmetleri","item":"https:\/\/www.electroluxprofessional.com\/tr\/musteri-hizmetleri\/"},{"@type":"ListItem","position":3,"name":"Two Pairs of Eyes &#8211; Uzaktan Temass\u0131z Servis"}]},{"@type":"WebSite","@id":"https:\/\/www.electroluxprofessional.com\/tr\/#website","url":"https:\/\/www.electroluxprofessional.com\/tr\/","name":"Electrolux Professional T\u00fcrkiye","description":"","potentialAction":[{"@type":"SearchAction","target":{"@type":"EntryPoint","urlTemplate":"https:\/\/www.electroluxprofessional.com\/tr\/?src={search_term_string}"},"query-input":"required name=search_term_string"}],"inLanguage":"tr"}]}},"_links":{"self":[{"href":"https:\/\/www.electroluxprofessional.com\/tr\/wp-json\/wp\/v2\/pages\/9513"}],"collection":[{"href":"https:\/\/www.electroluxprofessional.com\/tr\/wp-json\/wp\/v2\/pages"}],"about":[{"href":"https:\/\/www.electroluxprofessional.com\/tr\/wp-json\/wp\/v2\/types\/page"}],"author":[{"embeddable":true,"href":"https:\/\/www.electroluxprofessional.com\/tr\/wp-json\/wp\/v2\/users\/3"}],"replies":[{"embeddable":true,"href":"https:\/\/www.electroluxprofessional.com\/tr\/wp-json\/wp\/v2\/comments?post=9513"}],"version-history":[{"count":9,"href":"https:\/\/www.electroluxprofessional.com\/tr\/wp-json\/wp\/v2\/pages\/9513\/revisions"}],"predecessor-version":[{"id":22586,"href":"https:\/\/www.electroluxprofessional.com\/tr\/wp-json\/wp\/v2\/pages\/9513\/revisions\/22586"}],"up":[{"embeddable":true,"href":"https:\/\/www.electroluxprofessional.com\/tr\/wp-json\/wp\/v2\/pages\/1115"}],"wp:featuredmedia":[{"embeddable":true,"href":"https:\/\/www.electroluxprofessional.com\/tr\/wp-json\/wp\/v2\/media\/9500"}],"wp:attachment":[{"href":"https:\/\/www.electroluxprofessional.com\/tr\/wp-json\/wp\/v2\/media?parent=9513"}],"curies":[{"name":"wp","href":"https:\/\/api.w.org\/{rel}","templated":true}]}}