{"id":9468,"date":"2020-05-28T07:45:26","date_gmt":"2020-05-28T05:45:26","guid":{"rendered":"https:\/\/www.electroluxprofessional.com\/?page_id=30676"},"modified":"2025-12-17T15:04:48","modified_gmt":"2025-12-17T15:04:48","slug":"nitrochrome3-essiz-bir-cozum","status":"publish","type":"page","link":"https:\/\/www.electroluxprofessional.com\/tr\/ticari-mutfak-ekipmanlari\/nitrochrome3-essiz-bir-cozum\/","title":{"rendered":"NitroChrome3"},"content":{"rendered":"<p>[vc_row full_width=&#8221;electroluxpro-full-width-no-padding&#8221;][vc_column][elx_image_block background_image=&#8221;23289&#8243; minimum_height=&#8221;400px&#8221;][vc_empty_space][\/vc_column][\/vc_row][vc_row][vc_column][elx_text_image tag_title=&#8221;h1&#8243; style_image=&#8221;image_horizontal&#8221; button_style=&#8221;secondary-bordered&#8221; bg_row=&#8221;bg-download-white&#8221; title=&#8221;Fry Top<sup>HP<\/sup> NitroChrome<sup>3<\/sup>:<br \/>\ne\u015fsiz bir \u00e7\u00f6z\u00fcm!&#8221; lists=&#8221;%5B%7B%7D%5D&#8221; values=&#8221;%5B%7B%22tag_icon_title%22%3A%22h4%22%7D%5D&#8221; n_logos=&#8221;14686,14981&#8243; single_image=&#8221;15983&#8243;]<strong>\u00c7izilmez, son derece dayan\u0131kl\u0131<\/strong>, y\u00fcksek kalite ve maksimum hijyen i\u00e7in tasarland\u0131.<\/p>\n<p><strong data-start=\"684\" data-end=\"729\"> 900XP Fry TopHP <\/strong> \u00a0<strong>NitroChrome<sup>3<\/sup><\/strong>\u00a0\u2013 a\u011f\u0131r hizmet kullan\u0131m\u0131 i\u00e7in e\u015fsiz bir \u00e7\u00f6z\u00fcm. Pi\u015firmeyi kolayla\u015ft\u0131r\u0131r, temizli\u011fi h\u0131zland\u0131r\u0131r ve mutfa\u011f\u0131n\u0131zda daha konforlu bir ortam sa\u011flar.<br \/>\nyour kitchen cooler and more comfortable.<\/p>\n<p>Fark\u0131 ya\u015fay\u0131n, a\u015fa\u011f\u0131daki videoyu izleyin.[\/elx_text_image][elx_o2000_contact_us button_mode=&#8221;true&#8221; button_style=&#8221;secondary-bordered&#8221; postion_button=&#8221;text-left&#8221; postion_button_mobile=&#8221;text-left-mobile&#8221; text_btn_contact=&#8221;Bizimle \u0130leti\u015fime ge\u00e7in&#8221;][vc_empty_space][\/vc_column][\/vc_row][vc_row css=&#8221;.vc_custom_1744185760450{background-color: #c4d69a !important;}&#8221;][vc_column][elx_features_download title=&#8221;&#8221; title_position=&#8221;top&#8221; bg_row=&#8221;bg-row-sustainability-green&#8221; values=&#8221;%5B%7B%22select_type%22%3A%22link%22%7D%5D&#8221; discover=&#8221;%5B%7B%7D%5D&#8221; features=&#8221;%5B%7B%22icon_electroluxpro%22%3A%22elx-icon%20icon-30-time-savings%22%2C%22title_icon%22%3A%22Zaman*%20ve%20%C3%A7abadan%20%2530%E2%80%99a%20kadar%20tasarruf%20edin%22%2C%22tag_icon_title%22%3A%22h2%22%2C%22class_icon_title%22%3A%22h4%22%2C%22text_icon%22%3A%22G%C3%BCn%C3%BCn%20sonunda%20%C4%B1zgaray%C4%B1%20temizlemek%20art%C4%B1k%20%C3%A7ok%20daha%20h%C4%B1zl%C4%B1.%5Cn%3Cbr%3E%3Csub%3E*hesaplama%2C%20i%C3%A7%20testlere%20g%C3%B6re%2C%20hafif%20%C3%A7elik%20y%C3%BCzeylere%20k%C4%B1yasla%20yap%C4%B1lm%C4%B1%C5%9Ft%C4%B1r%3C%2Fsub%3E%22%7D%5D&#8221;][\/elx_features_download][\/vc_column][\/vc_row][vc_row custom_color_row=&#8221;bg-row-light-blue&#8221;][vc_column][elx_features_download title=&#8221;&#8221; title_download=&#8221;\u0130ndirin&#8221; download_tag_title=&#8221;h3&#8243; download_class_title=&#8221;h4&#8243; title_discover=&#8221;Ke\u015ffedin&#8221; discover_tag_title=&#8221;h3&#8243; discover_class_title=&#8221;h4&#8243; bg_discover_color=&#8221;bg-download-white&#8221; link_discover_color=&#8221;download-text-blue&#8221; title_position=&#8221;top&#8221; bg_row=&#8221;bg-row-light-blue&#8221; values=&#8221;%5B%7B%22select_type%22%3A%22pride%22%2C%22label_pride_document%22%3A%22Fry%20Top%3Csup%3EHP%3C%2Fsup%3E%20NitroChrome%3Csup%3E3%3C%2Fsup%3E%20bro%C5%9F%C3%BCr%C3%BC%22%2C%22br_document_number%22%3A%22BR-9JE00121%22%7D%5D&#8221; discover=&#8221;%5B%7B%22link_discover%22%3A%22url%3A%2523products%7Ctitle%3A%25C3%259Cr%25C3%25BCn%2520yelpazesi%22%7D%5D&#8221; features=&#8221;%5B%7B%22icon_electroluxpro%22%3A%22elx-icon%20icon-circle-savings-green-blue%22%2C%22title_icon%22%3A%22Maliyet%5Cntasarrufu%22%2C%22tag_icon_title%22%3A%22h2%22%2C%22class_icon_title%22%3A%22h4%22%2C%22text_icon%22%3A%22%3Cb%3ENitroChrome%3Csup%3E3%3C%2Fsup%3E%3C%2Fb%3E%20y%C3%BCzeyi%20%C3%B6n%20%C4%B1s%C4%B1tma%20a%C5%9Famas%C4%B1nda%20%3Cb%3Eenerji%20t%C3%BCketiminde%20%2510%E2%80%99dan%20fazla%20tasarruf*%3C%2Fb%3E%20ve%20bekleme%20modunda%20yakla%C5%9F%C4%B1k%20%C3%BC%C3%A7te%20biri%20tasarruf%20sa%C4%9Flar.%5Cn%3Cbr%3E%3Csub%3E*hesaplama%2C%20i%C3%A7%20testlere%20g%C3%B6re%2C%20hafif%20%C3%A7elik%20y%C3%BCzeylere%20k%C4%B1yasla%20yap%C4%B1lm%C4%B1%C5%9Ft%C4%B1r%3C%2Fsub%3E%22%7D%2C%7B%22icon_electroluxpro%22%3A%22elx-icon%20icon-circle-star-perfomance-blue%22%2C%22title_icon%22%3A%22%C3%87izilmez%20y%C3%BCzey%22%2C%22tag_icon_title%22%3A%22h2%22%2C%22class_icon_title%22%3A%22h4%22%2C%22text_icon%22%3A%22%3Cb%3ENitroChrome%3Csup%3E3%3Csup%3E%3C%2Fb%3E%2C%20pi%C5%9Firme%20plakas%C4%B1n%C4%B1n%20%3Cb%3Eyap%C4%B1%C5%9Fmaz%20%C3%B6zelliklerini%3C%2Fb%3E%20iyile%C5%9Ftirmenin%20yan%C4%B1%20s%C4%B1ra%20%C3%A7izilmelere%20ve%20korozyona%20kar%C5%9F%C4%B1%20a%C5%9F%C4%B1r%C4%B1%20direnci%20garanti%20ederek%20%3Cb%3Eg%C3%BCn%20sonunda%20ekspres%20temizlik%20sa%C4%9Flar.%3C%2Fb%3E%22%7D%2C%7B%22icon_electroluxpro%22%3A%22elx-icon%20icon-circle-steak-blue%22%2C%22title_icon%22%3A%22E%C5%9Fit%20pi%C5%9Firen%20%C4%B1zgara%22%2C%22tag_icon_title%22%3A%22h2%22%2C%22class_icon_title%22%3A%22h4%22%2C%22text_icon%22%3A%22%3Cb%3EY%C3%BCzey%20boyunca%20homojen%20%C4%B1s%C4%B1tma%3C%2Fb%3E%2C%20so%C4%9Fuk%20b%C3%B6lge%20bulunmaz%2C%20yiyeceklerin%20nereye%20yerle%C5%9Ftirildi%C4%9Fine%20bak%C4%B1lmaks%C4%B1z%C4%B1n%20maksimum%20sonu%C3%A7%20elde%20edilmesini%20sa%C4%9Flar.%20%3Cb%3E20mm%20kal%C4%B1nl%C4%B1%C4%9F%C4%B1nda%20a%C4%9F%C4%B1r%20i%C5%9F%20ama%C3%A7l%C4%B1%20plaka%3C%2Fb%3E%2C%20h%C4%B1zl%C4%B1%20s%C4%B1cakl%C4%B1k%20geri%20kazan%C4%B1m%C4%B1%20i%C3%A7in%20y%C3%BCksek%20termal%20durumu%20sa%C4%9Flar.%22%7D%2C%7B%22icon_electroluxpro%22%3A%22elx-icon%20icon-glass-fork%22%2C%22title_icon%22%3A%22Garantili%20G%C4%B1da%20G%C3%BCvenli%C4%9Fi%22%2C%22tag_icon_title%22%3A%22h2%22%2C%22class_icon_title%22%3A%22h4%22%2C%22text_icon%22%3A%22Electrolux%20Professional%20krom%20Izgara%2C%201935%2F2004%20say%C4%B1l%C4%B1%20Avrupa%20G%C4%B1da%20Temas%20Malzemeleri%20Y%C3%B6netmeli%C4%9Fi%20(EC)%20ile%20tamamen%20uyumludur.%22%7D%2C%7B%22icon_electroluxpro%22%3A%22elx-icon%20icon-circle-graphic-blue%22%2C%22title_icon%22%3A%22Y%C3%BCksek%20verimlilik%22%2C%22tag_icon_title%22%3A%22h2%22%2C%22class_icon_title%22%3A%22h4%22%2C%22text_icon%22%3A%22Daha%20fazla%20k%C3%A2r.%20600x1200mm%20pi%C5%9Firme%20y%C3%BCzeyinde%20b%C3%BCy%C3%BCk%20miktarlarda%20farkl%C4%B1%20yiyecekler%20haz%C4%B1rlay%C4%B1n.%22%7D%5D&#8221;][\/elx_features_download][\/vc_column][\/vc_row][vc_row][vc_column][vc_empty_space][elx_video_text link_video=&#8221;https:\/\/www.youtube.com\/watch?v=9DZkVSVSH6M&#8221; title=&#8221;NitroChrome3\u2019\u00fcn i\u015fletmeniz i\u00e7in neler yapabilece\u011fini ke\u015ffedin&#8221; class_title=&#8221;h5&#8243; bg_row=&#8221;bg-download-blue&#8221; color_text_row=&#8221;text-white&#8221; image_preview=&#8221;15395&#8243;]\u00c7izilmez, son derece dayan\u0131kl\u0131 ve e\u015fsiz bir \u00e7\u00f6z\u00fcm\u2014a\u011f\u0131r hizmet kullan\u0131m\u0131, zahmetsiz pi\u015firme ve kolay temizlik i\u00e7in ideal.<\/p>\n<p>Kan\u0131t\u0131 g\u00f6rmek i\u00e7in videoyu izleyin.[\/elx_video_text][vc_empty_space height=&#8221;50px&#8221;][\/vc_column][\/vc_row][vc_row disable_element=&#8221;yes&#8221;][vc_column][vc_empty_space height=&#8221;50px&#8221;][elx_multiple_columns number_columns=&#8221;3&#8243; text_alignment=&#8221;center&#8221; bg_row=&#8221;bg-download-white&#8221; values=&#8221;%5B%7B%22image_section%22%3A%2218903%22%2C%22title_section%22%3A%22Hamburgers%2C%20fresh%22%2C%22text_section%22%3A%22350%20portions%2Fh%22%2C%22button_style%22%3A%22secondary%22%7D%2C%7B%22image_section%22%3A%2218903%22%2C%22title_section%22%3A%22Chicken%20breasts%22%2C%22text_section%22%3A%22180%20portions%2Fh%22%2C%22button_style%22%3A%22secondary%22%7D%2C%7B%22image_section%22%3A%2218903%22%2C%22title_section%22%3A%22Sliced%20vegetables%22%2C%22text_section%22%3A%22250%20portions%2Fh%22%2C%22button_style%22%3A%22secondary%22%7D%2C%7B%22image_section%22%3A%2218903%22%2C%22title_section%22%3A%22Sole%20fish%22%2C%22text_section%22%3A%22180%20portions%2Fh%22%2C%22button_style%22%3A%22secondary%22%7D%5D&#8221; title=&#8221;High productivity, more profit&#8221;]Prepare large quantities of different foods on the 600x1200mm cooking surface.<br \/>\n<sub>*based on internal cooking tests<\/sub>[\/elx_multiple_columns][\/vc_column][\/vc_row][vc_row full_width=&#8221;electroluxpro-full-width-no-padding&#8221; equal_height=&#8221;yes&#8221; disable_element=&#8221;yes&#8221;][vc_column width=&#8221;1\/12&#8243; css=&#8221;.vc_custom_1743668395808{background-color: #fff5d1 !important;}&#8221;][vc_single_image image=&#8221;18903&#8243; img_size=&#8221;full&#8221;][\/vc_column][vc_column width=&#8221;1\/6&#8243; css=&#8221;.vc_custom_1743425338405{background-color: #fff5d1 !important;}&#8221;][elx_heading text_color=&#8221;inherit&#8221;]High<br \/>\nproductivity[\/elx_heading][vc_column_text]More profit. Prepare large quantities of different foods on the 600x1200mm cooking surface.[\/vc_column_text][\/vc_column][vc_column width=&#8221;1\/6&#8243; css=&#8221;.vc_custom_1743425452132{background-color: #fff5d1 !important;}&#8221;][vc_empty_space][vc_column_text]<strong>Hamburgers, fresh<\/strong><br \/>\n<strong>Chicken breasts<\/strong><br \/>\n<strong>Sliced vegetables<\/strong><br \/>\n<strong>Sole fish<\/strong><\/p>\n<p>&nbsp;<\/p>\n<p>*based on internal cooking tests[\/vc_column_text][\/vc_column][vc_column width=&#8221;1\/6&#8243; css=&#8221;.vc_custom_1743425466173{background-color: #fff5d1 !important;}&#8221;][vc_empty_space][vc_column_text]<strong>350 portions\/h<\/strong><br \/>\n<strong>180 portions\/h<\/strong><br \/>\n<strong>250 portions\/h<\/strong><br \/>\n<strong>180 portions\/h<\/strong>[\/vc_column_text][\/vc_column][vc_column width=&#8221;1\/6&#8243;][\/vc_column][\/vc_row][vc_row][vc_column][elx_text_image style_image=&#8221;image_square&#8221; image_position=&#8221;image_left&#8221; bg_row=&#8221;bg-download-white&#8221; lists=&#8221;%5B%7B%7D%5D&#8221; values=&#8221;%5B%7B%22tag_icon_title%22%3A%22h4%22%7D%5D&#8221; single_image=&#8221;18656&#8243;]<\/p>\n<h2>Y\u00fcksek verimlilik<\/h2>\n<p>Daha fazla k\u00e2r. 600x1200mm pi\u015firme y\u00fczeyinde b\u00fcy\u00fck miktarlarda farkl\u0131 yiyecekler haz\u0131rlay\u0131n.<\/p>\n<ul>\n<li>Taze hamburger: 350 porsiyon\/s*<\/li>\n<li>Tavuk g\u00f6\u011fs\u00fc: 180 porsiyon\/s*<\/li>\n<li>Dilimlenmi\u015f sebzeler: 250 porsiyon\/s*<\/li>\n<li>Dil bal\u0131\u011f\u0131: 180 porsiyon\/s*<\/li>\n<\/ul>\n<p><sub>*i\u00e7 pi\u015firme testlerine g\u00f6re<\/sub>[\/elx_text_image][\/vc_column][\/vc_row][vc_row disable_element=&#8221;yes&#8221;][vc_column][vc_empty_space][elx_heading text_color=&#8221;inherit&#8221; text_align=&#8221;text-center&#8221;]Watch the video about IcyHot[\/elx_heading][\/vc_column][\/vc_row][vc_row content_placement=&#8221;middle&#8221; matched_labels=&#8221;&#8221;][vc_column][vc_empty_space][elx_video_text link_video=&#8221;https:\/\/www.youtube.com\/watch?v=E040FO3c9i8&#8243; title=&#8221;IcyHot \u2013 T\u00fcm ihtiya\u00e7lar\u0131n\u0131z\u0131n bir arada oldu\u011fu pi\u015firme istasyonu&#8221; class_title=&#8221;h5&#8243; bg_row=&#8221;bg-download-blue&#8221; color_text_row=&#8221;text-white&#8221; image_preview=&#8221;23290&#8243;]IcyHot, <strong>NitroChrome<sup>3<\/sup> y\u00fczeyli Fry Top ile Ref-Freezer taban\u0131n\u0131<\/strong> birle\u015ftirir. Alt k\u0131s\u0131mdaki so\u011futucu\/dondurucu tabanda yiyecekleri saklayarak <strong>zaman kazan\u0131n<\/strong> ve gereksiz hareketleri azalt\u0131n.[\/elx_video_text][\/vc_column][\/vc_row][vc_row content_placement=&#8221;middle&#8221;][vc_column][vc_empty_space height=&#8221;60px&#8221;][\/vc_column][\/vc_row][vc_row][vc_column][vc_empty_space height=&#8221;40px&#8221;][vc_single_image image=&#8221;9467&#8243; img_size=&#8221;1000&#215;836&#8243; alignment=&#8221;center&#8221;][\/vc_column][\/vc_row][vc_row el_id=&#8221;contact_us&#8221;][vc_column][vc_empty_space][elx_heading text_color=&#8221;inherit&#8221; text_align=&#8221;text-center&#8221;]NitroChrome<sup>3<\/sup> hakk\u0131nda daha fazla bilgi almak i\u00e7in bize ula\u015f\u0131n[\/elx_heading][vc_empty_space][elx_o2000_contact_us s=&#8221;Request of information about NitroChrome3&#8243; r=&#8221;I would like to find out more about NitroChrome3&#8243;][\/vc_column][\/vc_row][vc_row el_id=&#8221;products&#8221;][vc_column][vc_empty_space][\/vc_column][\/vc_row][vc_row][vc_column][vc_empty_space][elx_multiple_columns number_columns=&#8221;4&#8243; tag_title_clm=&#8221;h2&#8243; class_title_clm=&#8221;h5&#8243; bg_row=&#8221;bg-download-white&#8221; values=&#8221;%5B%7B%22image_section%22%3A%2219635%22%2C%22title_section%22%3A%22Restoran%20zincirleri%22%2C%22text_section%22%3A%22Electrolux%20Professional%20ekibi%2C%20tutarl%C4%B1l%C4%B1k%20ve%20verimlilik%20i%C3%A7in%20yan%C4%B1n%C4%B1zda.%20%22%2C%22link_section%22%3A%22url%3Ahttps%253A%252F%252Fwww.electroluxprofessional.com%252Ftr%252Fisletmenize-yonelik-cozumler%252Frestoran-zincirler%252F%7Ctitle%3ADaha%2520fazlas%25C4%25B1n%25C4%25B1%2520ke%25C5%259Ffedin%22%2C%22button_style%22%3A%22secondary-bordered%22%7D%2C%7B%22image_section%22%3A%2221678%22%2C%22title_section%22%3A%22Restoranlar%22%2C%22text_section%22%3A%22Electrolux%20Professional%20%C3%A7%C3%B6z%C3%BCmlerini%20tercih%20ederek%20arad%C4%B1%C4%9F%C4%B1n%C4%B1z%20esnekli%C4%9Fi%2C%20kolayl%C4%B1%C4%9F%C4%B1%20ve%20g%C3%BCc%C3%BC%20elde%20edersiniz.%22%2C%22link_section%22%3A%22url%3Ahttps%253A%252F%252Fwww.electroluxprofessional.com%252Ftr%252Fisletmenize-yonelik-cozumler%252Frestoranlar-icin-cozumler%252F%7Ctitle%3ADaha%2520fazlas%25C4%25B1n%25C4%25B1%2520ke%25C5%259Ffedin%22%2C%22button_style%22%3A%22secondary-bordered%22%7D%2C%7B%22image_section%22%3A%2223291%22%2C%22title_section%22%3A%22Personel%20Yemekhanesi%5Cn%22%2C%22text_section%22%3A%22%E2%80%9CElectrolux%20Professional%E2%80%99%C4%B1n%20d%C3%BCnya%20standartlar%C4%B1nda%20ekipmanlar%C4%B1yla%20%C3%A7al%C4%B1%C5%9F%C4%B1yor%20olmak%20bizim%20i%C3%A7in%20b%C3%BCy%C3%BCk%20bir%20%C5%9Fans%E2%80%A6%E2%80%9D%22%2C%22link_section%22%3A%22url%3Ahttps%253A%252F%252Fwww.electroluxprofessional.com%252Ftr%252Fisletmenize-yonelik-cozumler%252Fstaff-canteens-2%252F%7Ctitle%3ADaha%2520fazlas%25C4%25B1n%25C4%25B1%2520ke%25C5%259Ffedin%22%2C%22button_style%22%3A%22secondary-bordered%22%7D%5D&#8221;][\/elx_multiple_columns][\/vc_column][\/vc_row]<\/p>\n","protected":false},"excerpt":{"rendered":"<p>[vc_row full_width=&#8221;electroluxpro-full-width-no-padding&#8221;][vc_column][elx_image_block background_image=&#8221;23289&#8243; minimum_height=&#8221;400px&#8221;][vc_empty_space][\/vc_column][\/vc_row][vc_row][vc_column][elx_text_image tag_title=&#8221;h1&#8243; style_image=&#8221;image_horizontal&#8221; button_style=&#8221;secondary-bordered&#8221; bg_row=&#8221;bg-download-white&#8221; title=&#8221;Fry TopHP NitroChrome3: e\u015fsiz bir \u00e7\u00f6z\u00fcm!&#8221; lists=&#8221;%5B%7B%7D%5D&#8221; values=&#8221;%5B%7B%22tag_icon_title%22%3A%22h4%22%7D%5D&#8221; n_logos=&#8221;14686,14981&#8243; single_image=&#8221;15983&#8243;]\u00c7izilmez, son derece dayan\u0131kl\u0131, y\u00fcksek kalite ve maksimum hijyen i\u00e7in tasarland\u0131. 900XP Fry TopHP \u00a0NitroChrome3\u00a0\u2013 a\u011f\u0131r hizmet kullan\u0131m\u0131 i\u00e7in e\u015fsiz bir \u00e7\u00f6z\u00fcm. Pi\u015firmeyi kolayla\u015ft\u0131r\u0131r, temizli\u011fi h\u0131zland\u0131r\u0131r ve mutfa\u011f\u0131n\u0131zda daha konforlu bir ortam sa\u011flar. your kitchen cooler and more [&hellip;]<\/p>\n","protected":false},"author":3,"featured_media":23288,"parent":19849,"menu_order":0,"comment_status":"closed","ping_status":"closed","template":"","meta":{"footnotes":""},"class_list":["post-9468","page","type-page","status-publish","has-post-thumbnail","hentry"],"acf":[],"yoast_head":"<!-- This site is optimized with the Yoast SEO plugin v23.3 - https:\/\/yoast.com\/wordpress\/plugins\/seo\/ -->\n<title>NitroChrome3 - Electrolux Professional T\u00fcrkiye<\/title>\n<meta name=\"description\" content=\"NitroChrome3 y\u00fczeyli 900XP Fry TopHP, \u00e7izilmez ve e\u015fsiz bir \u00e7\u00f6z\u00fcm sunar; a\u011f\u0131r hizmet kullan\u0131m\u0131, daha kolay pi\u015firme, daha pratik temizlik ve d\u00fc\u015f\u00fck \u0131s\u0131 yay\u0131l\u0131m\u0131 i\u00e7in idealdir.\" \/>\n<meta name=\"robots\" content=\"index, follow, max-snippet:-1, max-image-preview:large, max-video-preview:-1\" \/>\n<link rel=\"canonical\" href=\"https:\/\/www.electroluxprofessional.com\/tr\/ticari-mutfak-ekipmanlari\/nitrochrome3-essiz-bir-cozum\/\" \/>\n<meta property=\"og:locale\" content=\"tr_TR\" \/>\n<meta property=\"og:type\" content=\"article\" \/>\n<meta property=\"og:title\" content=\"NitroChrome3 - Electrolux Professional T\u00fcrkiye\" \/>\n<meta property=\"og:description\" content=\"NitroChrome3 y\u00fczeyli 900XP Fry TopHP, \u00e7izilmez ve e\u015fsiz bir \u00e7\u00f6z\u00fcm sunar; a\u011f\u0131r hizmet kullan\u0131m\u0131, daha kolay pi\u015firme, daha pratik temizlik ve d\u00fc\u015f\u00fck \u0131s\u0131 yay\u0131l\u0131m\u0131 i\u00e7in idealdir.\" \/>\n<meta property=\"og:url\" content=\"https:\/\/www.electroluxprofessional.com\/tr\/ticari-mutfak-ekipmanlari\/nitrochrome3-essiz-bir-cozum\/\" \/>\n<meta property=\"og:site_name\" content=\"Electrolux Professional T\u00fcrkiye\" \/>\n<meta property=\"article:modified_time\" content=\"2025-12-17T15:04:48+00:00\" \/>\n<meta property=\"og:image\" content=\"https:\/\/www.electroluxprofessional.com\/tr\/wp-content\/uploads\/2025\/12\/nitrochrome-953x712-1.jpg\" \/>\n\t<meta property=\"og:image:width\" content=\"953\" \/>\n\t<meta property=\"og:image:height\" content=\"712\" \/>\n\t<meta property=\"og:image:type\" content=\"image\/jpeg\" \/>\n<meta name=\"twitter:card\" content=\"summary_large_image\" \/>\n<meta name=\"twitter:label1\" content=\"Tahmini okuma s\u00fcresi\" \/>\n\t<meta name=\"twitter:data1\" content=\"3 dakika\" \/>\n<script type=\"application\/ld+json\" class=\"yoast-schema-graph\">{\"@context\":\"https:\/\/schema.org\",\"@graph\":[{\"@type\":\"WebPage\",\"@id\":\"https:\/\/www.electroluxprofessional.com\/tr\/ticari-mutfak-ekipmanlari\/nitrochrome3-essiz-bir-cozum\/\",\"url\":\"https:\/\/www.electroluxprofessional.com\/tr\/ticari-mutfak-ekipmanlari\/nitrochrome3-essiz-bir-cozum\/\",\"name\":\"NitroChrome3 - Electrolux Professional T\u00fcrkiye\",\"isPartOf\":{\"@id\":\"https:\/\/www.electroluxprofessional.com\/tr\/#website\"},\"primaryImageOfPage\":{\"@id\":\"https:\/\/www.electroluxprofessional.com\/tr\/ticari-mutfak-ekipmanlari\/nitrochrome3-essiz-bir-cozum\/#primaryimage\"},\"image\":{\"@id\":\"https:\/\/www.electroluxprofessional.com\/tr\/ticari-mutfak-ekipmanlari\/nitrochrome3-essiz-bir-cozum\/#primaryimage\"},\"thumbnailUrl\":\"https:\/\/www.electroluxprofessional.com\/tr\/wp-content\/uploads\/2025\/12\/nitrochrome-953x712-1.jpg\",\"datePublished\":\"2020-05-28T05:45:26+00:00\",\"dateModified\":\"2025-12-17T15:04:48+00:00\",\"description\":\"NitroChrome3 y\u00fczeyli 900XP Fry TopHP, \u00e7izilmez ve e\u015fsiz bir \u00e7\u00f6z\u00fcm sunar; a\u011f\u0131r hizmet kullan\u0131m\u0131, daha kolay pi\u015firme, daha pratik temizlik ve d\u00fc\u015f\u00fck \u0131s\u0131 yay\u0131l\u0131m\u0131 i\u00e7in idealdir.\",\"breadcrumb\":{\"@id\":\"https:\/\/www.electroluxprofessional.com\/tr\/ticari-mutfak-ekipmanlari\/nitrochrome3-essiz-bir-cozum\/#breadcrumb\"},\"inLanguage\":\"tr\",\"potentialAction\":[{\"@type\":\"ReadAction\",\"target\":[\"https:\/\/www.electroluxprofessional.com\/tr\/ticari-mutfak-ekipmanlari\/nitrochrome3-essiz-bir-cozum\/\"]}]},{\"@type\":\"ImageObject\",\"inLanguage\":\"tr\",\"@id\":\"https:\/\/www.electroluxprofessional.com\/tr\/ticari-mutfak-ekipmanlari\/nitrochrome3-essiz-bir-cozum\/#primaryimage\",\"url\":\"https:\/\/www.electroluxprofessional.com\/tr\/wp-content\/uploads\/2025\/12\/nitrochrome-953x712-1.jpg\",\"contentUrl\":\"https:\/\/www.electroluxprofessional.com\/tr\/wp-content\/uploads\/2025\/12\/nitrochrome-953x712-1.jpg\",\"width\":953,\"height\":712,\"caption\":\"Frytop NitroChrome\u00a3 - dish\"},{\"@type\":\"BreadcrumbList\",\"@id\":\"https:\/\/www.electroluxprofessional.com\/tr\/ticari-mutfak-ekipmanlari\/nitrochrome3-essiz-bir-cozum\/#breadcrumb\",\"itemListElement\":[{\"@type\":\"ListItem\",\"position\":1,\"name\":\"Home\",\"item\":\"https:\/\/www.electroluxprofessional.com\/tr\/\"},{\"@type\":\"ListItem\",\"position\":2,\"name\":\"End\u00fcstriyel Mutfak Ekipmanlar\u0131\",\"item\":\"https:\/\/www.electroluxprofessional.com\/tr\/ticari-mutfak-ekipmanlari\/\"},{\"@type\":\"ListItem\",\"position\":3,\"name\":\"NitroChrome3\"}]},{\"@type\":\"WebSite\",\"@id\":\"https:\/\/www.electroluxprofessional.com\/tr\/#website\",\"url\":\"https:\/\/www.electroluxprofessional.com\/tr\/\",\"name\":\"Electrolux Professional T\u00fcrkiye\",\"description\":\"\",\"potentialAction\":[{\"@type\":\"SearchAction\",\"target\":{\"@type\":\"EntryPoint\",\"urlTemplate\":\"https:\/\/www.electroluxprofessional.com\/tr\/?src={search_term_string}\"},\"query-input\":\"required name=search_term_string\"}],\"inLanguage\":\"tr\"}]}<\/script>\n<!-- \/ Yoast SEO plugin. -->","yoast_head_json":{"title":"NitroChrome3 - Electrolux Professional T\u00fcrkiye","description":"NitroChrome3 y\u00fczeyli 900XP Fry TopHP, \u00e7izilmez ve e\u015fsiz bir \u00e7\u00f6z\u00fcm sunar; a\u011f\u0131r hizmet kullan\u0131m\u0131, daha kolay pi\u015firme, daha pratik temizlik ve d\u00fc\u015f\u00fck \u0131s\u0131 yay\u0131l\u0131m\u0131 i\u00e7in idealdir.","robots":{"index":"index","follow":"follow","max-snippet":"max-snippet:-1","max-image-preview":"max-image-preview:large","max-video-preview":"max-video-preview:-1"},"canonical":"https:\/\/www.electroluxprofessional.com\/tr\/ticari-mutfak-ekipmanlari\/nitrochrome3-essiz-bir-cozum\/","og_locale":"tr_TR","og_type":"article","og_title":"NitroChrome3 - Electrolux Professional T\u00fcrkiye","og_description":"NitroChrome3 y\u00fczeyli 900XP Fry TopHP, \u00e7izilmez ve e\u015fsiz bir \u00e7\u00f6z\u00fcm sunar; a\u011f\u0131r hizmet kullan\u0131m\u0131, daha kolay pi\u015firme, daha pratik temizlik ve d\u00fc\u015f\u00fck \u0131s\u0131 yay\u0131l\u0131m\u0131 i\u00e7in idealdir.","og_url":"https:\/\/www.electroluxprofessional.com\/tr\/ticari-mutfak-ekipmanlari\/nitrochrome3-essiz-bir-cozum\/","og_site_name":"Electrolux Professional T\u00fcrkiye","article_modified_time":"2025-12-17T15:04:48+00:00","og_image":[{"width":953,"height":712,"url":"https:\/\/www.electroluxprofessional.com\/tr\/wp-content\/uploads\/2025\/12\/nitrochrome-953x712-1.jpg","type":"image\/jpeg"}],"twitter_card":"summary_large_image","twitter_misc":{"Tahmini okuma s\u00fcresi":"3 dakika"},"schema":{"@context":"https:\/\/schema.org","@graph":[{"@type":"WebPage","@id":"https:\/\/www.electroluxprofessional.com\/tr\/ticari-mutfak-ekipmanlari\/nitrochrome3-essiz-bir-cozum\/","url":"https:\/\/www.electroluxprofessional.com\/tr\/ticari-mutfak-ekipmanlari\/nitrochrome3-essiz-bir-cozum\/","name":"NitroChrome3 - Electrolux Professional T\u00fcrkiye","isPartOf":{"@id":"https:\/\/www.electroluxprofessional.com\/tr\/#website"},"primaryImageOfPage":{"@id":"https:\/\/www.electroluxprofessional.com\/tr\/ticari-mutfak-ekipmanlari\/nitrochrome3-essiz-bir-cozum\/#primaryimage"},"image":{"@id":"https:\/\/www.electroluxprofessional.com\/tr\/ticari-mutfak-ekipmanlari\/nitrochrome3-essiz-bir-cozum\/#primaryimage"},"thumbnailUrl":"https:\/\/www.electroluxprofessional.com\/tr\/wp-content\/uploads\/2025\/12\/nitrochrome-953x712-1.jpg","datePublished":"2020-05-28T05:45:26+00:00","dateModified":"2025-12-17T15:04:48+00:00","description":"NitroChrome3 y\u00fczeyli 900XP Fry TopHP, \u00e7izilmez ve e\u015fsiz bir \u00e7\u00f6z\u00fcm sunar; a\u011f\u0131r hizmet kullan\u0131m\u0131, daha kolay pi\u015firme, daha pratik temizlik ve d\u00fc\u015f\u00fck \u0131s\u0131 yay\u0131l\u0131m\u0131 i\u00e7in idealdir.","breadcrumb":{"@id":"https:\/\/www.electroluxprofessional.com\/tr\/ticari-mutfak-ekipmanlari\/nitrochrome3-essiz-bir-cozum\/#breadcrumb"},"inLanguage":"tr","potentialAction":[{"@type":"ReadAction","target":["https:\/\/www.electroluxprofessional.com\/tr\/ticari-mutfak-ekipmanlari\/nitrochrome3-essiz-bir-cozum\/"]}]},{"@type":"ImageObject","inLanguage":"tr","@id":"https:\/\/www.electroluxprofessional.com\/tr\/ticari-mutfak-ekipmanlari\/nitrochrome3-essiz-bir-cozum\/#primaryimage","url":"https:\/\/www.electroluxprofessional.com\/tr\/wp-content\/uploads\/2025\/12\/nitrochrome-953x712-1.jpg","contentUrl":"https:\/\/www.electroluxprofessional.com\/tr\/wp-content\/uploads\/2025\/12\/nitrochrome-953x712-1.jpg","width":953,"height":712,"caption":"Frytop NitroChrome\u00a3 - dish"},{"@type":"BreadcrumbList","@id":"https:\/\/www.electroluxprofessional.com\/tr\/ticari-mutfak-ekipmanlari\/nitrochrome3-essiz-bir-cozum\/#breadcrumb","itemListElement":[{"@type":"ListItem","position":1,"name":"Home","item":"https:\/\/www.electroluxprofessional.com\/tr\/"},{"@type":"ListItem","position":2,"name":"End\u00fcstriyel Mutfak Ekipmanlar\u0131","item":"https:\/\/www.electroluxprofessional.com\/tr\/ticari-mutfak-ekipmanlari\/"},{"@type":"ListItem","position":3,"name":"NitroChrome3"}]},{"@type":"WebSite","@id":"https:\/\/www.electroluxprofessional.com\/tr\/#website","url":"https:\/\/www.electroluxprofessional.com\/tr\/","name":"Electrolux Professional T\u00fcrkiye","description":"","potentialAction":[{"@type":"SearchAction","target":{"@type":"EntryPoint","urlTemplate":"https:\/\/www.electroluxprofessional.com\/tr\/?src={search_term_string}"},"query-input":"required name=search_term_string"}],"inLanguage":"tr"}]}},"_links":{"self":[{"href":"https:\/\/www.electroluxprofessional.com\/tr\/wp-json\/wp\/v2\/pages\/9468"}],"collection":[{"href":"https:\/\/www.electroluxprofessional.com\/tr\/wp-json\/wp\/v2\/pages"}],"about":[{"href":"https:\/\/www.electroluxprofessional.com\/tr\/wp-json\/wp\/v2\/types\/page"}],"author":[{"embeddable":true,"href":"https:\/\/www.electroluxprofessional.com\/tr\/wp-json\/wp\/v2\/users\/3"}],"replies":[{"embeddable":true,"href":"https:\/\/www.electroluxprofessional.com\/tr\/wp-json\/wp\/v2\/comments?post=9468"}],"version-history":[{"count":21,"href":"https:\/\/www.electroluxprofessional.com\/tr\/wp-json\/wp\/v2\/pages\/9468\/revisions"}],"predecessor-version":[{"id":23537,"href":"https:\/\/www.electroluxprofessional.com\/tr\/wp-json\/wp\/v2\/pages\/9468\/revisions\/23537"}],"up":[{"embeddable":true,"href":"https:\/\/www.electroluxprofessional.com\/tr\/wp-json\/wp\/v2\/pages\/19849"}],"wp:featuredmedia":[{"embeddable":true,"href":"https:\/\/www.electroluxprofessional.com\/tr\/wp-json\/wp\/v2\/media\/23288"}],"wp:attachment":[{"href":"https:\/\/www.electroluxprofessional.com\/tr\/wp-json\/wp\/v2\/media?parent=9468"}],"curies":[{"name":"wp","href":"https:\/\/api.w.org\/{rel}","templated":true}]}}