{"id":9374,"date":"2016-05-05T12:53:26","date_gmt":"2016-05-05T12:53:26","guid":{"rendered":"https:\/\/www.electroluxprofessional.com\/?page_id=455"},"modified":"2021-04-25T13:42:15","modified_gmt":"2021-04-25T13:42:15","slug":"news-events-awards","status":"publish","type":"page","link":"https:\/\/www.electroluxprofessional.com\/tr\/news-events-awards\/","title":{"rendered":"Haberler, Etkinlikler ve \u00d6d\u00fcller"},"content":{"rendered":"<p>[vc_row full_width=&#8221;electroluxpro-full-width-no-padding&#8221;][vc_column][vc_single_image image=&#8221;9373&#8243; img_size=&#8221;full&#8221; alignment=&#8221;center&#8221;][\/vc_column][\/vc_row][vc_row][vc_column][elx_heading font_container=&#8221;h1&#8243; font_size=&#8221;h3&#8243; text_color=&#8221;inherit&#8221;]News and events[\/elx_heading][\/vc_column][\/vc_row]<\/p>\n","protected":false},"excerpt":{"rendered":"<p>[vc_row full_width=&#8221;electroluxpro-full-width-no-padding&#8221;][vc_column][vc_single_image image=&#8221;9373&#8243; img_size=&#8221;full&#8221; alignment=&#8221;center&#8221;][\/vc_column][\/vc_row][vc_row][vc_column][elx_heading font_container=&#8221;h1&#8243; font_size=&#8221;h3&#8243; text_color=&#8221;inherit&#8221;]News and events[\/elx_heading][\/vc_column][\/vc_row]<\/p>\n","protected":false},"author":1,"featured_media":9372,"parent":0,"menu_order":0,"comment_status":"closed","ping_status":"closed","template":"template-news.php","meta":{"footnotes":""},"class_list":["post-9374","page","type-page","status-publish","has-post-thumbnail","hentry"],"acf":[],"yoast_head":"<!-- This site is optimized with the Yoast SEO plugin v23.3 - https:\/\/yoast.com\/wordpress\/plugins\/seo\/ -->\n<title>Haberler, Etkinlikler ve \u00d6d\u00fcller - Electrolux Professional T\u00fcrkiye<\/title>\n<meta name=\"description\" content=\"Sosyal medya sayfalar\u0131m\u0131za g\u00f6z atarak Electrolux Professional ile d\u00fcnya \u00e7ap\u0131ndaki geli\u015fmeleri ke\u015ffedin. Haberler, etkinlikler, \u00f6d\u00fcller hakk\u0131nda bilgi al\u0131n.\" \/>\n<meta name=\"robots\" content=\"index, follow, max-snippet:-1, max-image-preview:large, max-video-preview:-1\" \/>\n<link rel=\"canonical\" href=\"https:\/\/www.electroluxprofessional.com\/tr\/news-events-awards\/\" \/>\n<meta property=\"og:locale\" content=\"tr_TR\" \/>\n<meta property=\"og:type\" content=\"article\" \/>\n<meta property=\"og:title\" content=\"Haberler, Etkinlikler ve \u00d6d\u00fcller - Electrolux Professional T\u00fcrkiye\" \/>\n<meta property=\"og:description\" content=\"Sosyal medya sayfalar\u0131m\u0131za g\u00f6z atarak Electrolux Professional ile d\u00fcnya \u00e7ap\u0131ndaki geli\u015fmeleri ke\u015ffedin. Haberler, etkinlikler, \u00f6d\u00fcller hakk\u0131nda bilgi al\u0131n.\" \/>\n<meta property=\"og:url\" content=\"https:\/\/www.electroluxprofessional.com\/tr\/news-events-awards\/\" \/>\n<meta property=\"og:site_name\" content=\"Electrolux Professional T\u00fcrkiye\" \/>\n<meta property=\"article:modified_time\" content=\"2021-04-25T13:42:15+00:00\" \/>\n<meta property=\"og:image\" content=\"https:\/\/www.electroluxprofessional.com\/tr\/wp-content\/uploads\/2017\/02\/news.jpg\" \/>\n\t<meta property=\"og:image:width\" content=\"700\" \/>\n\t<meta property=\"og:image:height\" content=\"700\" \/>\n\t<meta property=\"og:image:type\" content=\"image\/jpeg\" \/>\n<meta name=\"twitter:card\" content=\"summary_large_image\" \/>\n<script type=\"application\/ld+json\" class=\"yoast-schema-graph\">{\"@context\":\"https:\/\/schema.org\",\"@graph\":[{\"@type\":\"WebPage\",\"@id\":\"https:\/\/www.electroluxprofessional.com\/tr\/news-events-awards\/\",\"url\":\"https:\/\/www.electroluxprofessional.com\/tr\/news-events-awards\/\",\"name\":\"Haberler, Etkinlikler ve \u00d6d\u00fcller - Electrolux Professional T\u00fcrkiye\",\"isPartOf\":{\"@id\":\"https:\/\/www.electroluxprofessional.com\/tr\/#website\"},\"primaryImageOfPage\":{\"@id\":\"https:\/\/www.electroluxprofessional.com\/tr\/news-events-awards\/#primaryimage\"},\"image\":{\"@id\":\"https:\/\/www.electroluxprofessional.com\/tr\/news-events-awards\/#primaryimage\"},\"thumbnailUrl\":\"https:\/\/www.electroluxprofessional.com\/tr\/wp-content\/uploads\/2017\/02\/news.jpg\",\"datePublished\":\"2016-05-05T12:53:26+00:00\",\"dateModified\":\"2021-04-25T13:42:15+00:00\",\"description\":\"Sosyal medya sayfalar\u0131m\u0131za g\u00f6z atarak Electrolux Professional ile d\u00fcnya \u00e7ap\u0131ndaki geli\u015fmeleri ke\u015ffedin. Haberler, etkinlikler, \u00f6d\u00fcller hakk\u0131nda bilgi al\u0131n.\",\"breadcrumb\":{\"@id\":\"https:\/\/www.electroluxprofessional.com\/tr\/news-events-awards\/#breadcrumb\"},\"inLanguage\":\"tr\",\"potentialAction\":[{\"@type\":\"ReadAction\",\"target\":[\"https:\/\/www.electroluxprofessional.com\/tr\/news-events-awards\/\"]}]},{\"@type\":\"ImageObject\",\"inLanguage\":\"tr\",\"@id\":\"https:\/\/www.electroluxprofessional.com\/tr\/news-events-awards\/#primaryimage\",\"url\":\"https:\/\/www.electroluxprofessional.com\/tr\/wp-content\/uploads\/2017\/02\/news.jpg\",\"contentUrl\":\"https:\/\/www.electroluxprofessional.com\/tr\/wp-content\/uploads\/2017\/02\/news.jpg\",\"width\":700,\"height\":700,\"caption\":\"news\"},{\"@type\":\"BreadcrumbList\",\"@id\":\"https:\/\/www.electroluxprofessional.com\/tr\/news-events-awards\/#breadcrumb\",\"itemListElement\":[{\"@type\":\"ListItem\",\"position\":1,\"name\":\"Home\",\"item\":\"https:\/\/www.electroluxprofessional.com\/tr\/\"},{\"@type\":\"ListItem\",\"position\":2,\"name\":\"Haberler, Etkinlikler ve \u00d6d\u00fcller\"}]},{\"@type\":\"WebSite\",\"@id\":\"https:\/\/www.electroluxprofessional.com\/tr\/#website\",\"url\":\"https:\/\/www.electroluxprofessional.com\/tr\/\",\"name\":\"Electrolux Professional T\u00fcrkiye\",\"description\":\"\",\"potentialAction\":[{\"@type\":\"SearchAction\",\"target\":{\"@type\":\"EntryPoint\",\"urlTemplate\":\"https:\/\/www.electroluxprofessional.com\/tr\/?src={search_term_string}\"},\"query-input\":\"required name=search_term_string\"}],\"inLanguage\":\"tr\"}]}<\/script>\n<!-- \/ Yoast SEO plugin. -->","yoast_head_json":{"title":"Haberler, Etkinlikler ve \u00d6d\u00fcller - Electrolux Professional T\u00fcrkiye","description":"Sosyal medya sayfalar\u0131m\u0131za g\u00f6z atarak Electrolux Professional ile d\u00fcnya \u00e7ap\u0131ndaki geli\u015fmeleri ke\u015ffedin. Haberler, etkinlikler, \u00f6d\u00fcller hakk\u0131nda bilgi al\u0131n.","robots":{"index":"index","follow":"follow","max-snippet":"max-snippet:-1","max-image-preview":"max-image-preview:large","max-video-preview":"max-video-preview:-1"},"canonical":"https:\/\/www.electroluxprofessional.com\/tr\/news-events-awards\/","og_locale":"tr_TR","og_type":"article","og_title":"Haberler, Etkinlikler ve \u00d6d\u00fcller - Electrolux Professional T\u00fcrkiye","og_description":"Sosyal medya sayfalar\u0131m\u0131za g\u00f6z atarak Electrolux Professional ile d\u00fcnya \u00e7ap\u0131ndaki geli\u015fmeleri ke\u015ffedin. Haberler, etkinlikler, \u00f6d\u00fcller hakk\u0131nda bilgi al\u0131n.","og_url":"https:\/\/www.electroluxprofessional.com\/tr\/news-events-awards\/","og_site_name":"Electrolux Professional T\u00fcrkiye","article_modified_time":"2021-04-25T13:42:15+00:00","og_image":[{"width":700,"height":700,"url":"https:\/\/www.electroluxprofessional.com\/tr\/wp-content\/uploads\/2017\/02\/news.jpg","type":"image\/jpeg"}],"twitter_card":"summary_large_image","schema":{"@context":"https:\/\/schema.org","@graph":[{"@type":"WebPage","@id":"https:\/\/www.electroluxprofessional.com\/tr\/news-events-awards\/","url":"https:\/\/www.electroluxprofessional.com\/tr\/news-events-awards\/","name":"Haberler, Etkinlikler ve \u00d6d\u00fcller - Electrolux Professional T\u00fcrkiye","isPartOf":{"@id":"https:\/\/www.electroluxprofessional.com\/tr\/#website"},"primaryImageOfPage":{"@id":"https:\/\/www.electroluxprofessional.com\/tr\/news-events-awards\/#primaryimage"},"image":{"@id":"https:\/\/www.electroluxprofessional.com\/tr\/news-events-awards\/#primaryimage"},"thumbnailUrl":"https:\/\/www.electroluxprofessional.com\/tr\/wp-content\/uploads\/2017\/02\/news.jpg","datePublished":"2016-05-05T12:53:26+00:00","dateModified":"2021-04-25T13:42:15+00:00","description":"Sosyal medya sayfalar\u0131m\u0131za g\u00f6z atarak Electrolux Professional ile d\u00fcnya \u00e7ap\u0131ndaki geli\u015fmeleri ke\u015ffedin. Haberler, etkinlikler, \u00f6d\u00fcller hakk\u0131nda bilgi al\u0131n.","breadcrumb":{"@id":"https:\/\/www.electroluxprofessional.com\/tr\/news-events-awards\/#breadcrumb"},"inLanguage":"tr","potentialAction":[{"@type":"ReadAction","target":["https:\/\/www.electroluxprofessional.com\/tr\/news-events-awards\/"]}]},{"@type":"ImageObject","inLanguage":"tr","@id":"https:\/\/www.electroluxprofessional.com\/tr\/news-events-awards\/#primaryimage","url":"https:\/\/www.electroluxprofessional.com\/tr\/wp-content\/uploads\/2017\/02\/news.jpg","contentUrl":"https:\/\/www.electroluxprofessional.com\/tr\/wp-content\/uploads\/2017\/02\/news.jpg","width":700,"height":700,"caption":"news"},{"@type":"BreadcrumbList","@id":"https:\/\/www.electroluxprofessional.com\/tr\/news-events-awards\/#breadcrumb","itemListElement":[{"@type":"ListItem","position":1,"name":"Home","item":"https:\/\/www.electroluxprofessional.com\/tr\/"},{"@type":"ListItem","position":2,"name":"Haberler, Etkinlikler ve \u00d6d\u00fcller"}]},{"@type":"WebSite","@id":"https:\/\/www.electroluxprofessional.com\/tr\/#website","url":"https:\/\/www.electroluxprofessional.com\/tr\/","name":"Electrolux Professional T\u00fcrkiye","description":"","potentialAction":[{"@type":"SearchAction","target":{"@type":"EntryPoint","urlTemplate":"https:\/\/www.electroluxprofessional.com\/tr\/?src={search_term_string}"},"query-input":"required name=search_term_string"}],"inLanguage":"tr"}]}},"_links":{"self":[{"href":"https:\/\/www.electroluxprofessional.com\/tr\/wp-json\/wp\/v2\/pages\/9374"}],"collection":[{"href":"https:\/\/www.electroluxprofessional.com\/tr\/wp-json\/wp\/v2\/pages"}],"about":[{"href":"https:\/\/www.electroluxprofessional.com\/tr\/wp-json\/wp\/v2\/types\/page"}],"author":[{"embeddable":true,"href":"https:\/\/www.electroluxprofessional.com\/tr\/wp-json\/wp\/v2\/users\/1"}],"replies":[{"embeddable":true,"href":"https:\/\/www.electroluxprofessional.com\/tr\/wp-json\/wp\/v2\/comments?post=9374"}],"version-history":[{"count":2,"href":"https:\/\/www.electroluxprofessional.com\/tr\/wp-json\/wp\/v2\/pages\/9374\/revisions"}],"predecessor-version":[{"id":10820,"href":"https:\/\/www.electroluxprofessional.com\/tr\/wp-json\/wp\/v2\/pages\/9374\/revisions\/10820"}],"wp:featuredmedia":[{"embeddable":true,"href":"https:\/\/www.electroluxprofessional.com\/tr\/wp-json\/wp\/v2\/media\/9372"}],"wp:attachment":[{"href":"https:\/\/www.electroluxprofessional.com\/tr\/wp-json\/wp\/v2\/media?parent=9374"}],"curies":[{"name":"wp","href":"https:\/\/api.w.org\/{rel}","templated":true}]}}