{"id":9370,"date":"2016-05-10T08:06:36","date_gmt":"2016-05-10T08:06:36","guid":{"rendered":"https:\/\/www.electroluxprofessional.com\/?page_id=552"},"modified":"2025-10-21T07:58:56","modified_gmt":"2025-10-21T07:58:56","slug":"references","status":"publish","type":"page","link":"https:\/\/www.electroluxprofessional.com\/tr\/references\/","title":{"rendered":"Referanslar"},"content":{"rendered":"<p>[vc_row full_width=&#8221;electroluxpro-full-width-no-padding&#8221;][vc_column][elx_image_block background_image=&#8221;9369&#8243; minimum_height=&#8221;350px&#8221;][\/vc_column][\/vc_row][vc_row][vc_column][elx_heading font_container=&#8221;h1&#8243; font_size=&#8221;h3&#8243; text_color=&#8221;inherit&#8221;]M\u00fc\u015fterilerimiz[\/elx_heading][\/vc_column][\/vc_row]<\/p>\n","protected":false},"excerpt":{"rendered":"<p>[vc_row full_width=&#8221;electroluxpro-full-width-no-padding&#8221;][vc_column][elx_image_block background_image=&#8221;9369&#8243; minimum_height=&#8221;350px&#8221;][\/vc_column][\/vc_row][vc_row][vc_column][elx_heading font_container=&#8221;h1&#8243; font_size=&#8221;h3&#8243; text_color=&#8221;inherit&#8221;]M\u00fc\u015fterilerimiz[\/elx_heading][\/vc_column][\/vc_row]<\/p>\n","protected":false},"author":1,"featured_media":9368,"parent":0,"menu_order":0,"comment_status":"closed","ping_status":"closed","template":"template-references.php","meta":{"footnotes":""},"class_list":["post-9370","page","type-page","status-publish","has-post-thumbnail","hentry"],"acf":[],"yoast_head":"<!-- This site is optimized with the Yoast SEO plugin v23.3 - https:\/\/yoast.com\/wordpress\/plugins\/seo\/ -->\n<title>Referanslar - Electrolux Professional T\u00fcrkiye<\/title>\n<meta name=\"description\" content=\"Electrolux Professional, mutfak, \u00e7ama\u015f\u0131rhane ve i\u00e7ecek \u00e7\u00f6z\u00fcmlerinde m\u00fckemmellik sa\u011flar. M\u00fc\u015fterilerimizin Sesini Dinleyin. En iyi referanslar\u0131m\u0131z hakk\u0131nda daha fazlas\u0131n\u0131 ke\u015ffedin.\" \/>\n<meta name=\"robots\" content=\"index, follow, max-snippet:-1, max-image-preview:large, max-video-preview:-1\" \/>\n<link rel=\"canonical\" href=\"https:\/\/www.electroluxprofessional.com\/tr\/references\/\" \/>\n<meta property=\"og:locale\" content=\"tr_TR\" \/>\n<meta property=\"og:type\" content=\"article\" \/>\n<meta property=\"og:title\" content=\"Referanslar - Electrolux Professional T\u00fcrkiye\" \/>\n<meta property=\"og:description\" content=\"Electrolux Professional, mutfak, \u00e7ama\u015f\u0131rhane ve i\u00e7ecek \u00e7\u00f6z\u00fcmlerinde m\u00fckemmellik sa\u011flar. M\u00fc\u015fterilerimizin Sesini Dinleyin. En iyi referanslar\u0131m\u0131z hakk\u0131nda daha fazlas\u0131n\u0131 ke\u015ffedin.\" \/>\n<meta property=\"og:url\" content=\"https:\/\/www.electroluxprofessional.com\/tr\/references\/\" \/>\n<meta property=\"og:site_name\" content=\"Electrolux Professional T\u00fcrkiye\" \/>\n<meta property=\"article:modified_time\" content=\"2025-10-21T07:58:56+00:00\" \/>\n<meta property=\"og:image\" content=\"https:\/\/www.electroluxprofessional.com\/tr\/wp-content\/uploads\/2019\/09\/our-customers.jpg\" \/>\n\t<meta property=\"og:image:width\" content=\"800\" \/>\n\t<meta property=\"og:image:height\" content=\"500\" \/>\n\t<meta property=\"og:image:type\" content=\"image\/jpeg\" \/>\n<meta name=\"twitter:card\" content=\"summary_large_image\" \/>\n<script type=\"application\/ld+json\" class=\"yoast-schema-graph\">{\"@context\":\"https:\/\/schema.org\",\"@graph\":[{\"@type\":\"WebPage\",\"@id\":\"https:\/\/www.electroluxprofessional.com\/tr\/references\/\",\"url\":\"https:\/\/www.electroluxprofessional.com\/tr\/references\/\",\"name\":\"Referanslar - Electrolux Professional T\u00fcrkiye\",\"isPartOf\":{\"@id\":\"https:\/\/www.electroluxprofessional.com\/tr\/#website\"},\"primaryImageOfPage\":{\"@id\":\"https:\/\/www.electroluxprofessional.com\/tr\/references\/#primaryimage\"},\"image\":{\"@id\":\"https:\/\/www.electroluxprofessional.com\/tr\/references\/#primaryimage\"},\"thumbnailUrl\":\"https:\/\/www.electroluxprofessional.com\/tr\/wp-content\/uploads\/2019\/09\/our-customers.jpg\",\"datePublished\":\"2016-05-10T08:06:36+00:00\",\"dateModified\":\"2025-10-21T07:58:56+00:00\",\"description\":\"Electrolux Professional, mutfak, \u00e7ama\u015f\u0131rhane ve i\u00e7ecek \u00e7\u00f6z\u00fcmlerinde m\u00fckemmellik sa\u011flar. M\u00fc\u015fterilerimizin Sesini Dinleyin. En iyi referanslar\u0131m\u0131z hakk\u0131nda daha fazlas\u0131n\u0131 ke\u015ffedin.\",\"breadcrumb\":{\"@id\":\"https:\/\/www.electroluxprofessional.com\/tr\/references\/#breadcrumb\"},\"inLanguage\":\"tr\",\"potentialAction\":[{\"@type\":\"ReadAction\",\"target\":[\"https:\/\/www.electroluxprofessional.com\/tr\/references\/\"]}]},{\"@type\":\"ImageObject\",\"inLanguage\":\"tr\",\"@id\":\"https:\/\/www.electroluxprofessional.com\/tr\/references\/#primaryimage\",\"url\":\"https:\/\/www.electroluxprofessional.com\/tr\/wp-content\/uploads\/2019\/09\/our-customers.jpg\",\"contentUrl\":\"https:\/\/www.electroluxprofessional.com\/tr\/wp-content\/uploads\/2019\/09\/our-customers.jpg\",\"width\":800,\"height\":500,\"caption\":\"our customers\"},{\"@type\":\"BreadcrumbList\",\"@id\":\"https:\/\/www.electroluxprofessional.com\/tr\/references\/#breadcrumb\",\"itemListElement\":[{\"@type\":\"ListItem\",\"position\":1,\"name\":\"Home\",\"item\":\"https:\/\/www.electroluxprofessional.com\/tr\/\"},{\"@type\":\"ListItem\",\"position\":2,\"name\":\"Referanslar\"}]},{\"@type\":\"WebSite\",\"@id\":\"https:\/\/www.electroluxprofessional.com\/tr\/#website\",\"url\":\"https:\/\/www.electroluxprofessional.com\/tr\/\",\"name\":\"Electrolux Professional T\u00fcrkiye\",\"description\":\"\",\"potentialAction\":[{\"@type\":\"SearchAction\",\"target\":{\"@type\":\"EntryPoint\",\"urlTemplate\":\"https:\/\/www.electroluxprofessional.com\/tr\/?src={search_term_string}\"},\"query-input\":\"required name=search_term_string\"}],\"inLanguage\":\"tr\"}]}<\/script>\n<!-- \/ Yoast SEO plugin. -->","yoast_head_json":{"title":"Referanslar - Electrolux Professional T\u00fcrkiye","description":"Electrolux Professional, mutfak, \u00e7ama\u015f\u0131rhane ve i\u00e7ecek \u00e7\u00f6z\u00fcmlerinde m\u00fckemmellik sa\u011flar. M\u00fc\u015fterilerimizin Sesini Dinleyin. En iyi referanslar\u0131m\u0131z hakk\u0131nda daha fazlas\u0131n\u0131 ke\u015ffedin.","robots":{"index":"index","follow":"follow","max-snippet":"max-snippet:-1","max-image-preview":"max-image-preview:large","max-video-preview":"max-video-preview:-1"},"canonical":"https:\/\/www.electroluxprofessional.com\/tr\/references\/","og_locale":"tr_TR","og_type":"article","og_title":"Referanslar - Electrolux Professional T\u00fcrkiye","og_description":"Electrolux Professional, mutfak, \u00e7ama\u015f\u0131rhane ve i\u00e7ecek \u00e7\u00f6z\u00fcmlerinde m\u00fckemmellik sa\u011flar. M\u00fc\u015fterilerimizin Sesini Dinleyin. En iyi referanslar\u0131m\u0131z hakk\u0131nda daha fazlas\u0131n\u0131 ke\u015ffedin.","og_url":"https:\/\/www.electroluxprofessional.com\/tr\/references\/","og_site_name":"Electrolux Professional T\u00fcrkiye","article_modified_time":"2025-10-21T07:58:56+00:00","og_image":[{"width":800,"height":500,"url":"https:\/\/www.electroluxprofessional.com\/tr\/wp-content\/uploads\/2019\/09\/our-customers.jpg","type":"image\/jpeg"}],"twitter_card":"summary_large_image","schema":{"@context":"https:\/\/schema.org","@graph":[{"@type":"WebPage","@id":"https:\/\/www.electroluxprofessional.com\/tr\/references\/","url":"https:\/\/www.electroluxprofessional.com\/tr\/references\/","name":"Referanslar - Electrolux Professional T\u00fcrkiye","isPartOf":{"@id":"https:\/\/www.electroluxprofessional.com\/tr\/#website"},"primaryImageOfPage":{"@id":"https:\/\/www.electroluxprofessional.com\/tr\/references\/#primaryimage"},"image":{"@id":"https:\/\/www.electroluxprofessional.com\/tr\/references\/#primaryimage"},"thumbnailUrl":"https:\/\/www.electroluxprofessional.com\/tr\/wp-content\/uploads\/2019\/09\/our-customers.jpg","datePublished":"2016-05-10T08:06:36+00:00","dateModified":"2025-10-21T07:58:56+00:00","description":"Electrolux Professional, mutfak, \u00e7ama\u015f\u0131rhane ve i\u00e7ecek \u00e7\u00f6z\u00fcmlerinde m\u00fckemmellik sa\u011flar. M\u00fc\u015fterilerimizin Sesini Dinleyin. En iyi referanslar\u0131m\u0131z hakk\u0131nda daha fazlas\u0131n\u0131 ke\u015ffedin.","breadcrumb":{"@id":"https:\/\/www.electroluxprofessional.com\/tr\/references\/#breadcrumb"},"inLanguage":"tr","potentialAction":[{"@type":"ReadAction","target":["https:\/\/www.electroluxprofessional.com\/tr\/references\/"]}]},{"@type":"ImageObject","inLanguage":"tr","@id":"https:\/\/www.electroluxprofessional.com\/tr\/references\/#primaryimage","url":"https:\/\/www.electroluxprofessional.com\/tr\/wp-content\/uploads\/2019\/09\/our-customers.jpg","contentUrl":"https:\/\/www.electroluxprofessional.com\/tr\/wp-content\/uploads\/2019\/09\/our-customers.jpg","width":800,"height":500,"caption":"our customers"},{"@type":"BreadcrumbList","@id":"https:\/\/www.electroluxprofessional.com\/tr\/references\/#breadcrumb","itemListElement":[{"@type":"ListItem","position":1,"name":"Home","item":"https:\/\/www.electroluxprofessional.com\/tr\/"},{"@type":"ListItem","position":2,"name":"Referanslar"}]},{"@type":"WebSite","@id":"https:\/\/www.electroluxprofessional.com\/tr\/#website","url":"https:\/\/www.electroluxprofessional.com\/tr\/","name":"Electrolux Professional T\u00fcrkiye","description":"","potentialAction":[{"@type":"SearchAction","target":{"@type":"EntryPoint","urlTemplate":"https:\/\/www.electroluxprofessional.com\/tr\/?src={search_term_string}"},"query-input":"required name=search_term_string"}],"inLanguage":"tr"}]}},"_links":{"self":[{"href":"https:\/\/www.electroluxprofessional.com\/tr\/wp-json\/wp\/v2\/pages\/9370"}],"collection":[{"href":"https:\/\/www.electroluxprofessional.com\/tr\/wp-json\/wp\/v2\/pages"}],"about":[{"href":"https:\/\/www.electroluxprofessional.com\/tr\/wp-json\/wp\/v2\/types\/page"}],"author":[{"embeddable":true,"href":"https:\/\/www.electroluxprofessional.com\/tr\/wp-json\/wp\/v2\/users\/1"}],"replies":[{"embeddable":true,"href":"https:\/\/www.electroluxprofessional.com\/tr\/wp-json\/wp\/v2\/comments?post=9370"}],"version-history":[{"count":3,"href":"https:\/\/www.electroluxprofessional.com\/tr\/wp-json\/wp\/v2\/pages\/9370\/revisions"}],"predecessor-version":[{"id":22695,"href":"https:\/\/www.electroluxprofessional.com\/tr\/wp-json\/wp\/v2\/pages\/9370\/revisions\/22695"}],"wp:featuredmedia":[{"embeddable":true,"href":"https:\/\/www.electroluxprofessional.com\/tr\/wp-json\/wp\/v2\/media\/9368"}],"wp:attachment":[{"href":"https:\/\/www.electroluxprofessional.com\/tr\/wp-json\/wp\/v2\/media?parent=9370"}],"curies":[{"name":"wp","href":"https:\/\/api.w.org\/{rel}","templated":true}]}}