{"id":7580,"date":"2020-03-17T17:13:57","date_gmt":"2020-03-17T15:13:57","guid":{"rendered":"https:\/\/www.electroluxprofessional.com\/?page_id=29524"},"modified":"2025-08-01T07:45:01","modified_gmt":"2025-08-01T07:45:01","slug":"mukemmellik-merkezi-sanal-tur","status":"publish","type":"page","link":"https:\/\/www.electroluxprofessional.com\/tr\/sefin-dunyasi\/mukemmellik-merkezi-sanal-tur\/","title":{"rendered":"Electrolux Professional M\u00fckemmellik Merkezi &#8211; Sanal Turu"},"content":{"rendered":"<p>[vc_row][vc_column][vc_empty_space height=&#8221;16px&#8221;][\/vc_column][\/vc_row][vc_row][vc_column][vc_single_image image=&#8221;6666&#8243; img_size=&#8221;medium&#8221; alignment=&#8221;center&#8221;][\/vc_column][\/vc_row][vc_row][vc_column][vc_row_inner][vc_column_inner][vc_empty_space][elx_heading font_container=&#8221;h1&#8243; text_color=&#8221;inherit&#8221; text_align=&#8221;text-center&#8221;]M\u00fckemmellik Merkezi Sanal Turu&#8217;na<br \/>\nHo\u015fgeldiniz[\/elx_heading][vc_empty_space][vc_column_text]<\/p>\n<p style=\"text-align: center;\"><strong>Pordenone\u2019daki en b\u00fcy\u00fck M\u00fckemmeliyet Merkezi i\u00e7in 3.500 m\u00b2 alan:<\/strong><br \/>\nHer y\u0131l d\u00fcnyan\u0131n d\u00f6rt bir yan\u0131ndan 4.000\u2019den fazla ziyaret\u00e7iyi a\u011f\u0131rlamaktan mutluluk duydu\u011fumuz,<br \/>\ncanl\u0131 ekipmanlarla donat\u0131lm\u0131\u015f 9 adet demo alan\u0131.[\/vc_column_text][vc_empty_space][vc_column_text]<center><iframe loading=\"lazy\" style=\"border: none; width: 800px; height: 600px;\" src=\"https:\/\/tourmake.it\/en\/tour\/2fa78f4569860b507eb41eec70aa3e0a\" width=\"300\" height=\"150\" allowfullscreen=\"allowfullscreen\"><\/iframe><\/center>[\/vc_column_text][\/vc_column_inner][\/vc_row_inner][\/vc_column][\/vc_row][vc_row][vc_column][vc_empty_space][vc_column_text]<\/p>\n<p style=\"text-align: center;\">Sanal Tur&#8217;da daha iyi gezinmek i\u00e7in<br \/>\nana i\u015flevler\u00a0g\u00f6stergenin alt\u0131nda bulunmaktad\u0131r.[\/vc_column_text][vc_empty_space height=&#8221;10px&#8221;][\/vc_column][\/vc_row][vc_row][vc_column width=&#8221;1\/4&#8243;][vc_empty_space][\/vc_column][vc_column width=&#8221;2\/4&#8243;][vc_row_inner][vc_column_inner width=&#8221;1\/4&#8243;][vc_single_image image=&#8221;7571&#8243; img_size=&#8221;40&#215;40&#8243; alignment=&#8221;center&#8221;][vc_empty_space height=&#8221;16px&#8221;][vc_column_text]<\/p>\n<p style=\"text-align: center; font-size: 14px;\">Hareketli<br \/>\noynat[\/vc_column_text][\/vc_column_inner][vc_column_inner width=&#8221;1\/4&#8243;][vc_single_image image=&#8221;7572&#8243; img_size=&#8221;40&#215;40&#8243; alignment=&#8221;center&#8221;][vc_empty_space height=&#8221;16px&#8221;][vc_column_text]<\/p>\n<p style=\"text-align: center; font-size: 14px;\">A\u00e7\/kapat<br \/>\notomatik d\u00f6nd\u00fcrme[\/vc_column_text][\/vc_column_inner][vc_column_inner width=&#8221;1\/4&#8243;][vc_single_image image=&#8221;7573&#8243; img_size=&#8221;40&#215;40&#8243; alignment=&#8221;center&#8221;][vc_empty_space height=&#8221;16px&#8221;][vc_column_text]<\/p>\n<p style=\"text-align: center; font-size: 14px;\">\u0130lgili konuyu<br \/>\nG\u00f6ster\/Gizle[\/vc_column_text][\/vc_column_inner][vc_column_inner width=&#8221;1\/4&#8243;][vc_single_image image=&#8221;7574&#8243; img_size=&#8221;40&#215;40&#8243; alignment=&#8221;center&#8221;][vc_empty_space height=&#8221;16px&#8221;][vc_column_text]<\/p>\n<p style=\"text-align: center; font-size: 14px;\">Yorumlar\u0131<br \/>\nG\u00f6ster\/Gizle[\/vc_column_text][\/vc_column_inner][\/vc_row_inner][\/vc_column][vc_column width=&#8221;1\/4&#8243;][vc_empty_space][\/vc_column][\/vc_row][vc_row][vc_column][vc_empty_space][\/vc_column][\/vc_row][vc_row][vc_column width=&#8221;1\/4&#8243;][vc_empty_space][\/vc_column][vc_column width=&#8221;2\/4&#8243;][vc_row_inner][vc_column_inner width=&#8221;1\/4&#8243;][vc_single_image image=&#8221;7575&#8243; img_size=&#8221;40&#215;40&#8243; alignment=&#8221;center&#8221;][vc_empty_space height=&#8221;16px&#8221;][vc_column_text]<\/p>\n<p style=\"text-align: center; font-size: 14px;\">Ekstra<br \/>\n\u00f6zellikler[\/vc_column_text][\/vc_column_inner][vc_column_inner width=&#8221;1\/4&#8243;][vc_single_image image=&#8221;7576&#8243; img_size=&#8221;40&#215;40&#8243; alignment=&#8221;center&#8221;][vc_empty_space height=&#8221;16px&#8221;][vc_column_text]<\/p>\n<p style=\"text-align: center; font-size: 14px;\">Tam ekran<br \/>\ng\u00f6r\u00fcnt\u00fcle![\/vc_column_text][\/vc_column_inner][vc_column_inner width=&#8221;1\/4&#8243;][vc_single_image image=&#8221;7577&#8243; img_size=&#8221;40&#215;40&#8243; alignment=&#8221;center&#8221;][vc_empty_space height=&#8221;16px&#8221;][vc_column_text]<\/p>\n<p style=\"text-align: center; font-size: 14px;\">Deneyimi<br \/>\npayla\u015f[\/vc_column_text][\/vc_column_inner][vc_column_inner width=&#8221;1\/4&#8243;][vc_single_image image=&#8221;7578&#8243; img_size=&#8221;40&#215;40&#8243; alignment=&#8221;center&#8221;][vc_empty_space height=&#8221;16px&#8221;][vc_column_text]<\/p>\n<p style=\"text-align: center; font-size: 14px;\">VR<br \/>\ndeneyimi[\/vc_column_text][\/vc_column_inner][\/vc_row_inner][\/vc_column][vc_column width=&#8221;1\/4&#8243;][vc_empty_space][\/vc_column][\/vc_row][vc_row][vc_column][vc_empty_space][elx_heading text_color=&#8221;inherit&#8221; text_align=&#8221;text-center&#8221;]E-e\u011fitimlerimize kat\u0131lmak veya daha fazla bilgi edinmek i\u00e7in <br \/>bizimle ileti\u015fime ge\u00e7in[\/elx_heading][elx_o2000_contact_us country=&#8221;Turkey&#8221;][vc_empty_space height=&#8221;16px&#8221;][elx_heading text_color=&#8221;inherit&#8221;]M\u00fckemmellik Merkezi&#8217;nde tam bir lezzet deneyimini ya\u015fay\u0131n[\/elx_heading][vc_empty_space height=&#8221;16px&#8221;][\/vc_column][\/vc_row][vc_row][vc_column width=&#8221;1\/3&#8243;][elx_maylike_box id_box=&#8221;1149&#8243;][\/vc_column][vc_column width=&#8221;1\/3&#8243;][elx_maylike_box id_box=&#8221;1143&#8243;][\/vc_column][vc_column width=&#8221;1\/3&#8243;][elx_maylike_box id_box=&#8221;1148&#8243;][\/vc_column][\/vc_row]<\/p>\n","protected":false},"excerpt":{"rendered":"<p>[vc_row][vc_column][vc_empty_space height=&#8221;16px&#8221;][\/vc_column][\/vc_row][vc_row][vc_column][vc_single_image image=&#8221;6666&#8243; img_size=&#8221;medium&#8221; alignment=&#8221;center&#8221;][\/vc_column][\/vc_row][vc_row][vc_column][vc_row_inner][vc_column_inner][vc_empty_space][elx_heading font_container=&#8221;h1&#8243; text_color=&#8221;inherit&#8221; text_align=&#8221;text-center&#8221;]M\u00fckemmellik Merkezi Sanal Turu&#8217;na Ho\u015fgeldiniz[\/elx_heading][vc_empty_space][vc_column_text] Pordenone\u2019daki en b\u00fcy\u00fck M\u00fckemmeliyet Merkezi i\u00e7in 3.500 m\u00b2 alan: Her y\u0131l d\u00fcnyan\u0131n d\u00f6rt bir yan\u0131ndan 4.000\u2019den fazla ziyaret\u00e7iyi a\u011f\u0131rlamaktan mutluluk duydu\u011fumuz, canl\u0131 ekipmanlarla donat\u0131lm\u0131\u015f 9 adet demo alan\u0131.[\/vc_column_text][vc_empty_space][vc_column_text][\/vc_column_text][\/vc_column_inner][\/vc_row_inner][\/vc_column][\/vc_row][vc_row][vc_column][vc_empty_space][vc_column_text] Sanal Tur&#8217;da daha iyi gezinmek i\u00e7in ana i\u015flevler\u00a0g\u00f6stergenin alt\u0131nda bulunmaktad\u0131r.[\/vc_column_text][vc_empty_space height=&#8221;10px&#8221;][\/vc_column][\/vc_row][vc_row][vc_column width=&#8221;1\/4&#8243;][vc_empty_space][\/vc_column][vc_column width=&#8221;2\/4&#8243;][vc_row_inner][vc_column_inner width=&#8221;1\/4&#8243;][vc_single_image image=&#8221;7571&#8243; [&hellip;]<\/p>\n","protected":false},"author":1,"featured_media":0,"parent":1152,"menu_order":0,"comment_status":"closed","ping_status":"closed","template":"","meta":{"footnotes":""},"class_list":["post-7580","page","type-page","status-publish","hentry"],"acf":[],"yoast_head":"<!-- This site is optimized with the Yoast SEO plugin v23.3 - https:\/\/yoast.com\/wordpress\/plugins\/seo\/ -->\n<title>Electrolux Professional M\u00fckemmellik Merkezi - Sanal Turu - Electrolux Professional T\u00fcrkiye<\/title>\n<meta name=\"description\" content=\"Electrolux Professional \u015eef Akademi, 17 merkezde 70+ \u015fefle global etkinlikler sunar; 9 demo alan\u0131nda y\u0131lda 4.000+ ziyaret\u00e7iyi a\u011f\u0131rlar.\" \/>\n<meta name=\"robots\" content=\"index, follow, max-snippet:-1, max-image-preview:large, max-video-preview:-1\" \/>\n<link rel=\"canonical\" href=\"https:\/\/www.electroluxprofessional.com\/tr\/sefin-dunyasi\/mukemmellik-merkezi-sanal-tur\/\" \/>\n<meta property=\"og:locale\" content=\"tr_TR\" \/>\n<meta property=\"og:type\" content=\"article\" \/>\n<meta property=\"og:title\" content=\"Electrolux Professional M\u00fckemmellik Merkezi - Sanal Turu - Electrolux Professional T\u00fcrkiye\" \/>\n<meta property=\"og:description\" content=\"Electrolux Professional \u015eef Akademi, 17 merkezde 70+ \u015fefle global etkinlikler sunar; 9 demo alan\u0131nda y\u0131lda 4.000+ ziyaret\u00e7iyi a\u011f\u0131rlar.\" \/>\n<meta property=\"og:url\" content=\"https:\/\/www.electroluxprofessional.com\/tr\/sefin-dunyasi\/mukemmellik-merkezi-sanal-tur\/\" \/>\n<meta property=\"og:site_name\" content=\"Electrolux Professional T\u00fcrkiye\" \/>\n<meta property=\"article:modified_time\" content=\"2025-08-01T07:45:01+00:00\" \/>\n<meta name=\"twitter:card\" content=\"summary_large_image\" \/>\n<meta name=\"twitter:label1\" content=\"Tahmini okuma s\u00fcresi\" \/>\n\t<meta name=\"twitter:data1\" content=\"3 dakika\" \/>\n<script type=\"application\/ld+json\" class=\"yoast-schema-graph\">{\"@context\":\"https:\/\/schema.org\",\"@graph\":[{\"@type\":\"WebPage\",\"@id\":\"https:\/\/www.electroluxprofessional.com\/tr\/sefin-dunyasi\/mukemmellik-merkezi-sanal-tur\/\",\"url\":\"https:\/\/www.electroluxprofessional.com\/tr\/sefin-dunyasi\/mukemmellik-merkezi-sanal-tur\/\",\"name\":\"Electrolux Professional M\u00fckemmellik Merkezi - Sanal Turu - Electrolux Professional T\u00fcrkiye\",\"isPartOf\":{\"@id\":\"https:\/\/www.electroluxprofessional.com\/tr\/#website\"},\"datePublished\":\"2020-03-17T15:13:57+00:00\",\"dateModified\":\"2025-08-01T07:45:01+00:00\",\"description\":\"Electrolux Professional \u015eef Akademi, 17 merkezde 70+ \u015fefle global etkinlikler sunar; 9 demo alan\u0131nda y\u0131lda 4.000+ ziyaret\u00e7iyi a\u011f\u0131rlar.\",\"breadcrumb\":{\"@id\":\"https:\/\/www.electroluxprofessional.com\/tr\/sefin-dunyasi\/mukemmellik-merkezi-sanal-tur\/#breadcrumb\"},\"inLanguage\":\"tr\",\"potentialAction\":[{\"@type\":\"ReadAction\",\"target\":[\"https:\/\/www.electroluxprofessional.com\/tr\/sefin-dunyasi\/mukemmellik-merkezi-sanal-tur\/\"]}]},{\"@type\":\"BreadcrumbList\",\"@id\":\"https:\/\/www.electroluxprofessional.com\/tr\/sefin-dunyasi\/mukemmellik-merkezi-sanal-tur\/#breadcrumb\",\"itemListElement\":[{\"@type\":\"ListItem\",\"position\":1,\"name\":\"Home\",\"item\":\"https:\/\/www.electroluxprofessional.com\/tr\/\"},{\"@type\":\"ListItem\",\"position\":2,\"name\":\"\u015eef&#8217;in D\u00fcnyas\u0131\",\"item\":\"https:\/\/www.electroluxprofessional.com\/tr\/sefin-dunyasi\/\"},{\"@type\":\"ListItem\",\"position\":3,\"name\":\"Electrolux Professional M\u00fckemmellik Merkezi &#8211; Sanal Turu\"}]},{\"@type\":\"WebSite\",\"@id\":\"https:\/\/www.electroluxprofessional.com\/tr\/#website\",\"url\":\"https:\/\/www.electroluxprofessional.com\/tr\/\",\"name\":\"Electrolux Professional T\u00fcrkiye\",\"description\":\"\",\"potentialAction\":[{\"@type\":\"SearchAction\",\"target\":{\"@type\":\"EntryPoint\",\"urlTemplate\":\"https:\/\/www.electroluxprofessional.com\/tr\/?src={search_term_string}\"},\"query-input\":\"required name=search_term_string\"}],\"inLanguage\":\"tr\"}]}<\/script>\n<!-- \/ Yoast SEO plugin. -->","yoast_head_json":{"title":"Electrolux Professional M\u00fckemmellik Merkezi - Sanal Turu - Electrolux Professional T\u00fcrkiye","description":"Electrolux Professional \u015eef Akademi, 17 merkezde 70+ \u015fefle global etkinlikler sunar; 9 demo alan\u0131nda y\u0131lda 4.000+ ziyaret\u00e7iyi a\u011f\u0131rlar.","robots":{"index":"index","follow":"follow","max-snippet":"max-snippet:-1","max-image-preview":"max-image-preview:large","max-video-preview":"max-video-preview:-1"},"canonical":"https:\/\/www.electroluxprofessional.com\/tr\/sefin-dunyasi\/mukemmellik-merkezi-sanal-tur\/","og_locale":"tr_TR","og_type":"article","og_title":"Electrolux Professional M\u00fckemmellik Merkezi - Sanal Turu - Electrolux Professional T\u00fcrkiye","og_description":"Electrolux Professional \u015eef Akademi, 17 merkezde 70+ \u015fefle global etkinlikler sunar; 9 demo alan\u0131nda y\u0131lda 4.000+ ziyaret\u00e7iyi a\u011f\u0131rlar.","og_url":"https:\/\/www.electroluxprofessional.com\/tr\/sefin-dunyasi\/mukemmellik-merkezi-sanal-tur\/","og_site_name":"Electrolux Professional T\u00fcrkiye","article_modified_time":"2025-08-01T07:45:01+00:00","twitter_card":"summary_large_image","twitter_misc":{"Tahmini okuma s\u00fcresi":"3 dakika"},"schema":{"@context":"https:\/\/schema.org","@graph":[{"@type":"WebPage","@id":"https:\/\/www.electroluxprofessional.com\/tr\/sefin-dunyasi\/mukemmellik-merkezi-sanal-tur\/","url":"https:\/\/www.electroluxprofessional.com\/tr\/sefin-dunyasi\/mukemmellik-merkezi-sanal-tur\/","name":"Electrolux Professional M\u00fckemmellik Merkezi - Sanal Turu - Electrolux Professional T\u00fcrkiye","isPartOf":{"@id":"https:\/\/www.electroluxprofessional.com\/tr\/#website"},"datePublished":"2020-03-17T15:13:57+00:00","dateModified":"2025-08-01T07:45:01+00:00","description":"Electrolux Professional \u015eef Akademi, 17 merkezde 70+ \u015fefle global etkinlikler sunar; 9 demo alan\u0131nda y\u0131lda 4.000+ ziyaret\u00e7iyi a\u011f\u0131rlar.","breadcrumb":{"@id":"https:\/\/www.electroluxprofessional.com\/tr\/sefin-dunyasi\/mukemmellik-merkezi-sanal-tur\/#breadcrumb"},"inLanguage":"tr","potentialAction":[{"@type":"ReadAction","target":["https:\/\/www.electroluxprofessional.com\/tr\/sefin-dunyasi\/mukemmellik-merkezi-sanal-tur\/"]}]},{"@type":"BreadcrumbList","@id":"https:\/\/www.electroluxprofessional.com\/tr\/sefin-dunyasi\/mukemmellik-merkezi-sanal-tur\/#breadcrumb","itemListElement":[{"@type":"ListItem","position":1,"name":"Home","item":"https:\/\/www.electroluxprofessional.com\/tr\/"},{"@type":"ListItem","position":2,"name":"\u015eef&#8217;in D\u00fcnyas\u0131","item":"https:\/\/www.electroluxprofessional.com\/tr\/sefin-dunyasi\/"},{"@type":"ListItem","position":3,"name":"Electrolux Professional M\u00fckemmellik Merkezi &#8211; Sanal Turu"}]},{"@type":"WebSite","@id":"https:\/\/www.electroluxprofessional.com\/tr\/#website","url":"https:\/\/www.electroluxprofessional.com\/tr\/","name":"Electrolux Professional T\u00fcrkiye","description":"","potentialAction":[{"@type":"SearchAction","target":{"@type":"EntryPoint","urlTemplate":"https:\/\/www.electroluxprofessional.com\/tr\/?src={search_term_string}"},"query-input":"required name=search_term_string"}],"inLanguage":"tr"}]}},"_links":{"self":[{"href":"https:\/\/www.electroluxprofessional.com\/tr\/wp-json\/wp\/v2\/pages\/7580"}],"collection":[{"href":"https:\/\/www.electroluxprofessional.com\/tr\/wp-json\/wp\/v2\/pages"}],"about":[{"href":"https:\/\/www.electroluxprofessional.com\/tr\/wp-json\/wp\/v2\/types\/page"}],"author":[{"embeddable":true,"href":"https:\/\/www.electroluxprofessional.com\/tr\/wp-json\/wp\/v2\/users\/1"}],"replies":[{"embeddable":true,"href":"https:\/\/www.electroluxprofessional.com\/tr\/wp-json\/wp\/v2\/comments?post=7580"}],"version-history":[{"count":19,"href":"https:\/\/www.electroluxprofessional.com\/tr\/wp-json\/wp\/v2\/pages\/7580\/revisions"}],"predecessor-version":[{"id":21789,"href":"https:\/\/www.electroluxprofessional.com\/tr\/wp-json\/wp\/v2\/pages\/7580\/revisions\/21789"}],"up":[{"embeddable":true,"href":"https:\/\/www.electroluxprofessional.com\/tr\/wp-json\/wp\/v2\/pages\/1152"}],"wp:attachment":[{"href":"https:\/\/www.electroluxprofessional.com\/tr\/wp-json\/wp\/v2\/media?parent=7580"}],"curies":[{"name":"wp","href":"https:\/\/api.w.org\/{rel}","templated":true}]}}