{"id":6381,"date":"2018-12-03T10:23:15","date_gmt":"2018-12-03T09:23:15","guid":{"rendered":"https:\/\/www.electroluxprofessional.com\/?page_id=20319"},"modified":"2025-11-05T15:39:29","modified_gmt":"2025-11-05T15:39:29","slug":"salamander","status":"publish","type":"page","link":"https:\/\/www.electroluxprofessional.com\/tr\/ticari-mutfak-ekipmanlari\/salamander\/","title":{"rendered":"Salamander"},"content":{"rendered":"<p>[vc_row full_width=&#8221;electroluxpro-full-width-no-padding&#8221;][vc_column][elx_image_block background_image=&#8221;6361&#8243; minimum_height=&#8221;350px&#8221;][\/vc_column][\/vc_row][vc_row][vc_column][elx_heading font_container=&#8221;h1&#8243; font_size=&#8221;h3&#8243; text_color=&#8221;inherit&#8221;]Salamanderler[\/elx_heading][vc_column_text]<\/p>\n<p>Electrolux Professional <strong>salamanderler<\/strong>, h\u0131zl\u0131 bir \u015fekilde \u0131s\u0131n\u0131r ve kullan\u0131m\u0131 kolayd\u0131r.<br \/>\nEsmerle\u015ftirin, gratine edin, pi\u015firin, tekrar \u0131s\u0131t\u0131n ve s\u0131cak tutun.<\/p>\n<p>[\/vc_column_text][\/vc_column][\/vc_row][vc_row][vc_column][vc_empty_space][\/vc_column][\/vc_row][vc_row][vc_column width=&#8221;1\/2&#8243;][vc_single_image image=&#8221;22455&#8243; img_size=&#8221;full&#8221;][\/vc_column][vc_column width=&#8221;1\/2&#8243;][elx_heading font_size=&#8221;h3&#8243; text_color=&#8221;inherit&#8221;]Ultra h\u0131zl\u0131 esneklik[\/elx_heading][elx_heading font_container=&#8221;h3&#8243; font_size=&#8221;h5&#8243; text_color=&#8221;inherit&#8221;]M\u00fckemmel sonu\u00e7lara ula\u015fman\u0131n h\u0131zl\u0131 yolu[\/elx_heading][vc_column_text]<\/p>\n<p>\u00dcst k\u0131s\u0131mdaki havaland\u0131rma kanallar\u0131 <strong>daha iyi havaland\u0131rma<\/strong> ve <strong>\u0131s\u0131 azaltma sa\u011flar<\/strong>. Is\u0131tma levhas\u0131 b\u00fcy\u00fck oranda d\u00fcz bir ray sistemi ile ayarlanabilir. <strong>Sezgisel kontrol d\u00fc\u011fmesi<\/strong> zaman\u0131 kolayca ayarlaman\u0131z\u0131 ve dijital ekranda g\u00f6rmenizi sa\u011flar.<\/p>\n<p>[\/vc_column_text][elx_heading font_container=&#8221;h3&#8243; font_size=&#8221;h5&#8243; text_color=&#8221;inherit&#8221;]\u0130stedi\u011finiz zaman pi\u015firmeye ba\u015flay\u0131n ve durdurun[\/elx_heading][vc_column_text]<strong>Dokunmatik kontroll\u00fc levha alg\u0131lama \u00e7ubu\u011fu:<\/strong> rezistanslar\u0131 bula\u015f\u0131klarla temasta iken otomatik olarak \u00e7al\u0131\u015ft\u0131r\u0131r.<br \/>\nEnerji maliyetlerinden tasarruf edin ve \u0131s\u0131y\u0131 d\u00fc\u015f\u00fcr\u00fcn.[\/vc_column_text][elx_heading font_container=&#8221;h3&#8243; font_size=&#8221;h5&#8243; text_color=&#8221;inherit&#8221;]Is\u0131 ve enerji maliyetlerini d\u00fc\u015f\u00fcr\u00fcn[\/elx_heading][vc_column_text]<strong>\u0130ki ba\u011f\u0131ms\u0131z pi\u015firme alan\u0131<\/strong> sayesinde, sadece yar\u0131s\u0131n\u0131 a\u00e7arken taba\u011f\u0131n\u0131z\u0131 cam seramik panelin alt\u0131na yerle\u015ftirebilirsiniz.<br \/>\nTamamen <strong>esnek<\/strong> bir \u015fekilde \u00e7al\u0131\u015f\u0131n. Salamanderler sadece ihtiyac\u0131n\u0131z olan k\u0131sm\u0131 \u0131s\u0131t\u0131r.[\/vc_column_text][elx_download_block text=&#8221;Salamander bro\u015f\u00fcr\u00fcn\u00fc indirin&#8221; link=&#8221;files.professional.electrolux.com\/docs\/?n=CLF-9JE00205&amp;b=5&amp;l=1&#8243; background_color=&#8221;orange&#8221;][\/vc_column][\/vc_row][vc_row][vc_column width=&#8221;1\/2&#8243;][vc_single_image image=&#8221;22456&#8243; img_size=&#8221;full&#8221; alignment=&#8221;right&#8221;][vc_empty_space height=&#8221;90px&#8221;][\/vc_column][vc_column width=&#8221;1\/2&#8243;][vc_column_text]<\/p>\n<p style=\"text-align: left;\"><strong>Pot Rack &amp; Salamander Support ile Alan Verimlili\u011fini Art\u0131r\u0131n<\/strong><br \/>\nTencere raf\u0131 ve Salamander deste\u011fi ile alan verimlili\u011fini maksimuma \u00e7\u0131kar\u0131n.<\/p>\n<p style=\"text-align: left;\">Alan\u0131n\u0131z\u0131 en verimli \u015fekilde kullanmak i\u00e7in tasarlanm\u0131\u015f dikey depolama \u00e7\u00f6z\u00fcmlerini ke\u015ffedin.<\/p>\n<p style=\"text-align: left;\">Dikey yap\u0131 aksesuarlar\u0131m\u0131z, mutfa\u011f\u0131n\u0131zdaki alan\u0131 hem yatay hem de dikey olarak en iyi \u015fekilde de\u011ferlendirmenize yard\u0131mc\u0131 olur. G\u00fcnl\u00fck i\u015flerinizi h\u0131zland\u0131rmak i\u00e7in ihtiyac\u0131n\u0131z olan her \u015feye kolayca ula\u015f\u0131n \u2014 hepsi elinizin alt\u0131nda!<\/p>\n<p>[\/vc_column_text][\/vc_column][\/vc_row][vc_row][vc_column width=&#8221;1\/4&#8243;][elx_icons icon_size=&#8221;elx-icon-medium&#8221; icon_electroluxpro=&#8221;elx-icon icon-circle-graphic-blue&#8221;][elx_heading font_container=&#8221;h3&#8243; font_size=&#8221;h5&#8243; text_color=&#8221;inherit&#8221;]H\u0131zl\u0131[\/elx_heading][vc_column_text]H\u0131zl\u0131, <strong>y\u00fcksek verimli<\/strong> rezistans. 20 saniyede optimum s\u0131cakl\u0131\u011fa ula\u015f\u0131n.[\/vc_column_text][\/vc_column][vc_column width=&#8221;1\/4&#8243;][elx_icons icon_size=&#8221;elx-icon-medium&#8221; icon_electroluxpro=&#8221;elx-icon icon-circle-easy-blue&#8221;][elx_heading font_container=&#8221;h3&#8243; font_size=&#8221;h5&#8243; text_color=&#8221;inherit&#8221;]Kolay kullan\u0131m[\/elx_heading][vc_column_text]S\u00fcper sezgisel kullan\u0131m ve zaman ayarlama.[\/vc_column_text][\/vc_column][vc_column width=&#8221;1\/4&#8243;][elx_icons icon_size=&#8221;elx-icon-medium&#8221; icon_electroluxpro=&#8221;elx-icon icon-circle-savings-green-blue&#8221;][elx_heading font_container=&#8221;h3&#8243; font_size=&#8221;h5&#8243; text_color=&#8221;inherit&#8221;]Verimli[\/elx_heading][vc_column_text]Otomatik kontak kontroll\u00fc <strong>\u0131s\u0131 devreye alma\/devre d\u0131\u015f\u0131 b\u0131rakma<\/strong>. Mutfa\u011f\u0131n\u0131z\u0131 daha serin tutun ve enerjiden tasarruf edin.[\/vc_column_text][\/vc_column][vc_column width=&#8221;1\/4&#8243;][vc_single_image image=&#8221;6366&#8243; img_size=&#8221;80&#215;80&#8243; alignment=&#8221;center&#8221;][elx_heading font_container=&#8221;h3&#8243; font_size=&#8221;h5&#8243; text_color=&#8221;inherit&#8221;]Kolay temizlik[\/elx_heading][vc_column_text]<strong>\u00c7\u0131kar\u0131labilir tepsiler ve tablalarla<\/strong> stressiz bak\u0131m.[\/vc_column_text][\/vc_column][\/vc_row][vc_row][vc_column][vc_empty_space][elx_heading font_size=&#8221;h3&#8243; text_color=&#8221;inherit&#8221; text_align=&#8221;text-left&#8221;]Electrolux Professional\u2019\u00fcn i\u015fletmeniz i\u00e7in neler yapabilece\u011fini ke\u015ffedin[\/elx_heading][elx_o2000_contact_us s=&#8221;Request of information about Salamanders&#8221; country=&#8221;Turkey&#8221; container=&#8221;elxcontactus1486048409&#8243; r=&#8221;Salamanderler hakk\u0131nda daha fazla bilgi edinmek istiyorum. L\u00fctfen benimle ileti\u015fime ge\u00e7in.&#8221; e=&#8221;sebla.genc@electrolux.com&#8221; l=&#8221;tr&#8221;][vc_empty_space][\/vc_column][\/vc_row][vc_row][vc_column][elx_heading font_size=&#8221;h3&#8243; text_color=&#8221;inherit&#8221; text_align=&#8221;text-left&#8221;]Salamanderler[\/elx_heading][\/vc_column][\/vc_row][vc_row full_width=&#8221;electroluxpro-full-width-no-padding&#8221;][vc_column][\/vc_column][\/vc_row][vc_row css=&#8221;.vc_custom_1518444066759{background-color: #eeeeee !important;}&#8221;][vc_column][elx_heading font_container=&#8221;h3&#8243; text_color=&#8221;inherit&#8221; text_align=&#8221;text-left&#8221;]\u0130\u015fletmeniz i\u00e7in ideal olan \u00e7\u00f6z\u00fcm\u00fc bulun[\/elx_heading][\/vc_column][\/vc_row][vc_row css=&#8221;.vc_custom_1518444076252{background-color: #eeeeee !important;}&#8221;][vc_column width=&#8221;1\/3&#8243;][elx_maylike_box id_box=&#8221;1196&#8243;][\/vc_column][vc_column width=&#8221;1\/3&#8243;][elx_maylike_box id_box=&#8221;1498&#8243;][\/vc_column][vc_column width=&#8221;1\/3&#8243;][elx_maylike_box id_box=&#8221;1504&#8243;][\/vc_column][\/vc_row]<\/p>\n","protected":false},"excerpt":{"rendered":"<p>[vc_row full_width=&#8221;electroluxpro-full-width-no-padding&#8221;][vc_column][elx_image_block background_image=&#8221;6361&#8243; minimum_height=&#8221;350px&#8221;][\/vc_column][\/vc_row][vc_row][vc_column][elx_heading font_container=&#8221;h1&#8243; font_size=&#8221;h3&#8243; text_color=&#8221;inherit&#8221;]Salamanderler[\/elx_heading][vc_column_text] Electrolux Professional salamanderler, h\u0131zl\u0131 bir \u015fekilde \u0131s\u0131n\u0131r ve kullan\u0131m\u0131 kolayd\u0131r. Esmerle\u015ftirin, gratine edin, pi\u015firin, tekrar \u0131s\u0131t\u0131n ve s\u0131cak tutun. [\/vc_column_text][\/vc_column][\/vc_row][vc_row][vc_column][vc_empty_space][\/vc_column][\/vc_row][vc_row][vc_column width=&#8221;1\/2&#8243;][vc_single_image image=&#8221;22455&#8243; img_size=&#8221;full&#8221;][\/vc_column][vc_column width=&#8221;1\/2&#8243;][elx_heading font_size=&#8221;h3&#8243; text_color=&#8221;inherit&#8221;]Ultra h\u0131zl\u0131 esneklik[\/elx_heading][elx_heading font_container=&#8221;h3&#8243; font_size=&#8221;h5&#8243; text_color=&#8221;inherit&#8221;]M\u00fckemmel sonu\u00e7lara ula\u015fman\u0131n h\u0131zl\u0131 yolu[\/elx_heading][vc_column_text] \u00dcst k\u0131s\u0131mdaki havaland\u0131rma kanallar\u0131 daha iyi havaland\u0131rma ve \u0131s\u0131 azaltma sa\u011flar. Is\u0131tma levhas\u0131 [&hellip;]<\/p>\n","protected":false},"author":1,"featured_media":2676,"parent":19849,"menu_order":0,"comment_status":"closed","ping_status":"closed","template":"","meta":{"footnotes":""},"class_list":["post-6381","page","type-page","status-publish","has-post-thumbnail","hentry"],"acf":[],"yoast_head":"<!-- This site is optimized with the Yoast SEO plugin v23.3 - https:\/\/yoast.com\/wordpress\/plugins\/seo\/ -->\n<title>Salamander - Electrolux Professional T\u00fcrkiye<\/title>\n<meta name=\"description\" content=\"Electrolux Professional salamanderler, h\u0131zl\u0131 bir \u015fekilde \u0131s\u0131n\u0131r ve kullan\u0131m\u0131 kolayd\u0131r. Esmerle\u015ftirin, gratine edin, pi\u015firin, tekrar \u0131s\u0131t\u0131n ve s\u0131cak tutun. 20 saniyede optimum s\u0131cakl\u0131\u011fa ula\u015f\u0131n.\" \/>\n<meta name=\"robots\" content=\"index, follow, max-snippet:-1, max-image-preview:large, max-video-preview:-1\" \/>\n<link rel=\"canonical\" href=\"https:\/\/www.electroluxprofessional.com\/tr\/ticari-mutfak-ekipmanlari\/salamander\/\" \/>\n<meta property=\"og:locale\" content=\"tr_TR\" \/>\n<meta property=\"og:type\" content=\"article\" \/>\n<meta property=\"og:title\" content=\"Salamander - Electrolux Professional T\u00fcrkiye\" \/>\n<meta property=\"og:description\" content=\"Electrolux Professional salamanderler, h\u0131zl\u0131 bir \u015fekilde \u0131s\u0131n\u0131r ve kullan\u0131m\u0131 kolayd\u0131r. Esmerle\u015ftirin, gratine edin, pi\u015firin, tekrar \u0131s\u0131t\u0131n ve s\u0131cak tutun. 20 saniyede optimum s\u0131cakl\u0131\u011fa ula\u015f\u0131n.\" \/>\n<meta property=\"og:url\" content=\"https:\/\/www.electroluxprofessional.com\/tr\/ticari-mutfak-ekipmanlari\/salamander\/\" \/>\n<meta property=\"og:site_name\" content=\"Electrolux Professional T\u00fcrkiye\" \/>\n<meta property=\"article:modified_time\" content=\"2025-11-05T15:39:29+00:00\" \/>\n<meta property=\"og:image\" content=\"https:\/\/www.electroluxprofessional.com\/tr\/wp-content\/uploads\/2017\/02\/ventilation.jpg\" \/>\n\t<meta property=\"og:image:width\" content=\"2000\" \/>\n\t<meta property=\"og:image:height\" content=\"1145\" \/>\n\t<meta property=\"og:image:type\" content=\"image\/jpeg\" \/>\n<meta name=\"twitter:card\" content=\"summary_large_image\" \/>\n<meta name=\"twitter:label1\" content=\"Tahmini okuma s\u00fcresi\" \/>\n\t<meta name=\"twitter:data1\" content=\"3 dakika\" \/>\n<script type=\"application\/ld+json\" class=\"yoast-schema-graph\">{\"@context\":\"https:\/\/schema.org\",\"@graph\":[{\"@type\":\"WebPage\",\"@id\":\"https:\/\/www.electroluxprofessional.com\/tr\/ticari-mutfak-ekipmanlari\/salamander\/\",\"url\":\"https:\/\/www.electroluxprofessional.com\/tr\/ticari-mutfak-ekipmanlari\/salamander\/\",\"name\":\"Salamander - Electrolux Professional T\u00fcrkiye\",\"isPartOf\":{\"@id\":\"https:\/\/www.electroluxprofessional.com\/tr\/#website\"},\"primaryImageOfPage\":{\"@id\":\"https:\/\/www.electroluxprofessional.com\/tr\/ticari-mutfak-ekipmanlari\/salamander\/#primaryimage\"},\"image\":{\"@id\":\"https:\/\/www.electroluxprofessional.com\/tr\/ticari-mutfak-ekipmanlari\/salamander\/#primaryimage\"},\"thumbnailUrl\":\"https:\/\/www.electroluxprofessional.com\/tr\/wp-content\/uploads\/2017\/02\/ventilation.jpg\",\"datePublished\":\"2018-12-03T09:23:15+00:00\",\"dateModified\":\"2025-11-05T15:39:29+00:00\",\"description\":\"Electrolux Professional salamanderler, h\u0131zl\u0131 bir \u015fekilde \u0131s\u0131n\u0131r ve kullan\u0131m\u0131 kolayd\u0131r. Esmerle\u015ftirin, gratine edin, pi\u015firin, tekrar \u0131s\u0131t\u0131n ve s\u0131cak tutun. 20 saniyede optimum s\u0131cakl\u0131\u011fa ula\u015f\u0131n.\",\"breadcrumb\":{\"@id\":\"https:\/\/www.electroluxprofessional.com\/tr\/ticari-mutfak-ekipmanlari\/salamander\/#breadcrumb\"},\"inLanguage\":\"tr\",\"potentialAction\":[{\"@type\":\"ReadAction\",\"target\":[\"https:\/\/www.electroluxprofessional.com\/tr\/ticari-mutfak-ekipmanlari\/salamander\/\"]}]},{\"@type\":\"ImageObject\",\"inLanguage\":\"tr\",\"@id\":\"https:\/\/www.electroluxprofessional.com\/tr\/ticari-mutfak-ekipmanlari\/salamander\/#primaryimage\",\"url\":\"https:\/\/www.electroluxprofessional.com\/tr\/wp-content\/uploads\/2017\/02\/ventilation.jpg\",\"contentUrl\":\"https:\/\/www.electroluxprofessional.com\/tr\/wp-content\/uploads\/2017\/02\/ventilation.jpg\",\"width\":2000,\"height\":1145,\"caption\":\"ventilation\"},{\"@type\":\"BreadcrumbList\",\"@id\":\"https:\/\/www.electroluxprofessional.com\/tr\/ticari-mutfak-ekipmanlari\/salamander\/#breadcrumb\",\"itemListElement\":[{\"@type\":\"ListItem\",\"position\":1,\"name\":\"Home\",\"item\":\"https:\/\/www.electroluxprofessional.com\/tr\/\"},{\"@type\":\"ListItem\",\"position\":2,\"name\":\"End\u00fcstriyel Mutfak Ekipmanlar\u0131\",\"item\":\"https:\/\/www.electroluxprofessional.com\/tr\/ticari-mutfak-ekipmanlari\/\"},{\"@type\":\"ListItem\",\"position\":3,\"name\":\"Salamander\"}]},{\"@type\":\"WebSite\",\"@id\":\"https:\/\/www.electroluxprofessional.com\/tr\/#website\",\"url\":\"https:\/\/www.electroluxprofessional.com\/tr\/\",\"name\":\"Electrolux Professional T\u00fcrkiye\",\"description\":\"\",\"potentialAction\":[{\"@type\":\"SearchAction\",\"target\":{\"@type\":\"EntryPoint\",\"urlTemplate\":\"https:\/\/www.electroluxprofessional.com\/tr\/?src={search_term_string}\"},\"query-input\":\"required name=search_term_string\"}],\"inLanguage\":\"tr\"}]}<\/script>\n<!-- \/ Yoast SEO plugin. -->","yoast_head_json":{"title":"Salamander - Electrolux Professional T\u00fcrkiye","description":"Electrolux Professional salamanderler, h\u0131zl\u0131 bir \u015fekilde \u0131s\u0131n\u0131r ve kullan\u0131m\u0131 kolayd\u0131r. Esmerle\u015ftirin, gratine edin, pi\u015firin, tekrar \u0131s\u0131t\u0131n ve s\u0131cak tutun. 20 saniyede optimum s\u0131cakl\u0131\u011fa ula\u015f\u0131n.","robots":{"index":"index","follow":"follow","max-snippet":"max-snippet:-1","max-image-preview":"max-image-preview:large","max-video-preview":"max-video-preview:-1"},"canonical":"https:\/\/www.electroluxprofessional.com\/tr\/ticari-mutfak-ekipmanlari\/salamander\/","og_locale":"tr_TR","og_type":"article","og_title":"Salamander - Electrolux Professional T\u00fcrkiye","og_description":"Electrolux Professional salamanderler, h\u0131zl\u0131 bir \u015fekilde \u0131s\u0131n\u0131r ve kullan\u0131m\u0131 kolayd\u0131r. Esmerle\u015ftirin, gratine edin, pi\u015firin, tekrar \u0131s\u0131t\u0131n ve s\u0131cak tutun. 20 saniyede optimum s\u0131cakl\u0131\u011fa ula\u015f\u0131n.","og_url":"https:\/\/www.electroluxprofessional.com\/tr\/ticari-mutfak-ekipmanlari\/salamander\/","og_site_name":"Electrolux Professional T\u00fcrkiye","article_modified_time":"2025-11-05T15:39:29+00:00","og_image":[{"width":2000,"height":1145,"url":"https:\/\/www.electroluxprofessional.com\/tr\/wp-content\/uploads\/2017\/02\/ventilation.jpg","type":"image\/jpeg"}],"twitter_card":"summary_large_image","twitter_misc":{"Tahmini okuma s\u00fcresi":"3 dakika"},"schema":{"@context":"https:\/\/schema.org","@graph":[{"@type":"WebPage","@id":"https:\/\/www.electroluxprofessional.com\/tr\/ticari-mutfak-ekipmanlari\/salamander\/","url":"https:\/\/www.electroluxprofessional.com\/tr\/ticari-mutfak-ekipmanlari\/salamander\/","name":"Salamander - Electrolux Professional T\u00fcrkiye","isPartOf":{"@id":"https:\/\/www.electroluxprofessional.com\/tr\/#website"},"primaryImageOfPage":{"@id":"https:\/\/www.electroluxprofessional.com\/tr\/ticari-mutfak-ekipmanlari\/salamander\/#primaryimage"},"image":{"@id":"https:\/\/www.electroluxprofessional.com\/tr\/ticari-mutfak-ekipmanlari\/salamander\/#primaryimage"},"thumbnailUrl":"https:\/\/www.electroluxprofessional.com\/tr\/wp-content\/uploads\/2017\/02\/ventilation.jpg","datePublished":"2018-12-03T09:23:15+00:00","dateModified":"2025-11-05T15:39:29+00:00","description":"Electrolux Professional salamanderler, h\u0131zl\u0131 bir \u015fekilde \u0131s\u0131n\u0131r ve kullan\u0131m\u0131 kolayd\u0131r. Esmerle\u015ftirin, gratine edin, pi\u015firin, tekrar \u0131s\u0131t\u0131n ve s\u0131cak tutun. 20 saniyede optimum s\u0131cakl\u0131\u011fa ula\u015f\u0131n.","breadcrumb":{"@id":"https:\/\/www.electroluxprofessional.com\/tr\/ticari-mutfak-ekipmanlari\/salamander\/#breadcrumb"},"inLanguage":"tr","potentialAction":[{"@type":"ReadAction","target":["https:\/\/www.electroluxprofessional.com\/tr\/ticari-mutfak-ekipmanlari\/salamander\/"]}]},{"@type":"ImageObject","inLanguage":"tr","@id":"https:\/\/www.electroluxprofessional.com\/tr\/ticari-mutfak-ekipmanlari\/salamander\/#primaryimage","url":"https:\/\/www.electroluxprofessional.com\/tr\/wp-content\/uploads\/2017\/02\/ventilation.jpg","contentUrl":"https:\/\/www.electroluxprofessional.com\/tr\/wp-content\/uploads\/2017\/02\/ventilation.jpg","width":2000,"height":1145,"caption":"ventilation"},{"@type":"BreadcrumbList","@id":"https:\/\/www.electroluxprofessional.com\/tr\/ticari-mutfak-ekipmanlari\/salamander\/#breadcrumb","itemListElement":[{"@type":"ListItem","position":1,"name":"Home","item":"https:\/\/www.electroluxprofessional.com\/tr\/"},{"@type":"ListItem","position":2,"name":"End\u00fcstriyel Mutfak Ekipmanlar\u0131","item":"https:\/\/www.electroluxprofessional.com\/tr\/ticari-mutfak-ekipmanlari\/"},{"@type":"ListItem","position":3,"name":"Salamander"}]},{"@type":"WebSite","@id":"https:\/\/www.electroluxprofessional.com\/tr\/#website","url":"https:\/\/www.electroluxprofessional.com\/tr\/","name":"Electrolux Professional T\u00fcrkiye","description":"","potentialAction":[{"@type":"SearchAction","target":{"@type":"EntryPoint","urlTemplate":"https:\/\/www.electroluxprofessional.com\/tr\/?src={search_term_string}"},"query-input":"required name=search_term_string"}],"inLanguage":"tr"}]}},"_links":{"self":[{"href":"https:\/\/www.electroluxprofessional.com\/tr\/wp-json\/wp\/v2\/pages\/6381"}],"collection":[{"href":"https:\/\/www.electroluxprofessional.com\/tr\/wp-json\/wp\/v2\/pages"}],"about":[{"href":"https:\/\/www.electroluxprofessional.com\/tr\/wp-json\/wp\/v2\/types\/page"}],"author":[{"embeddable":true,"href":"https:\/\/www.electroluxprofessional.com\/tr\/wp-json\/wp\/v2\/users\/1"}],"replies":[{"embeddable":true,"href":"https:\/\/www.electroluxprofessional.com\/tr\/wp-json\/wp\/v2\/comments?post=6381"}],"version-history":[{"count":13,"href":"https:\/\/www.electroluxprofessional.com\/tr\/wp-json\/wp\/v2\/pages\/6381\/revisions"}],"predecessor-version":[{"id":22893,"href":"https:\/\/www.electroluxprofessional.com\/tr\/wp-json\/wp\/v2\/pages\/6381\/revisions\/22893"}],"up":[{"embeddable":true,"href":"https:\/\/www.electroluxprofessional.com\/tr\/wp-json\/wp\/v2\/pages\/19849"}],"wp:featuredmedia":[{"embeddable":true,"href":"https:\/\/www.electroluxprofessional.com\/tr\/wp-json\/wp\/v2\/media\/2676"}],"wp:attachment":[{"href":"https:\/\/www.electroluxprofessional.com\/tr\/wp-json\/wp\/v2\/media?parent=6381"}],"curies":[{"name":"wp","href":"https:\/\/api.w.org\/{rel}","templated":true}]}}