{"id":6321,"date":"2019-09-27T08:55:37","date_gmt":"2019-09-27T06:55:37","guid":{"rendered":"https:\/\/www.electroluxprofessional.com\/?page_id=25481"},"modified":"2025-07-31T07:37:26","modified_gmt":"2025-07-31T07:37:26","slug":"skyline-menu-resimleri-olusturucu","status":"publish","type":"page","link":"https:\/\/www.electroluxprofessional.com\/tr\/skyline-menu-resimleri-olusturucu\/","title":{"rendered":"SkyLine Menu Resimleri Olu\u015fturucu"},"content":{"rendered":"<p>[vc_row full_width=&#8221;electroluxpro-full-width-no-padding&#8221;][vc_column][vc_single_image image=&#8221;6314&#8243; img_size=&#8221;2000x350px&#8221;][vc_empty_space][\/vc_column][\/vc_row][vc_row][vc_column][elx_heading font_container=&#8221;h1&#8243; text_color=&#8221;inherit&#8221;]SkyLine men\u00fclerinizi ki\u015fiselle\u015ftirin[\/elx_heading][\/vc_column][\/vc_row][vc_row][vc_column][vc_column_text]SkyLine cihazlar\u0131n\u0131zda kullanmak i\u00e7in kendi simgelerinizi olu\u015fturun ve kendi SkyLine m,en\u00fc resimlerinizi ki\u015fiselle\u015ftirin.[\/vc_column_text][\/vc_column][\/vc_row][vc_row][vc_column][elx_o2000_skyline_recipe_images][\/vc_column][\/vc_row][vc_row][vc_column][elx_heading text_color=&#8221;inherit&#8221;]T\u00fcm SkyLine serisini ke\u015ffedin[\/elx_heading][\/vc_column][\/vc_row][vc_row][vc_column width=&#8221;1\/3&#8243;][elx_maylike_box id_box=&#8221;7841&#8243;][\/vc_column][vc_column width=&#8221;1\/3&#8243;][elx_maylike_box id_box=&#8221;6318&#8243;][\/vc_column][vc_column width=&#8221;1\/3&#8243;][elx_maylike_box id_box=&#8221;16304&#8243;][\/vc_column][\/vc_row]<\/p>\n","protected":false},"excerpt":{"rendered":"<p>[vc_row full_width=&#8221;electroluxpro-full-width-no-padding&#8221;][vc_column][vc_single_image image=&#8221;6314&#8243; img_size=&#8221;2000x350px&#8221;][vc_empty_space][\/vc_column][\/vc_row][vc_row][vc_column][elx_heading font_container=&#8221;h1&#8243; text_color=&#8221;inherit&#8221;]SkyLine men\u00fclerinizi ki\u015fiselle\u015ftirin[\/elx_heading][\/vc_column][\/vc_row][vc_row][vc_column][vc_column_text]SkyLine cihazlar\u0131n\u0131zda kullanmak i\u00e7in kendi simgelerinizi olu\u015fturun ve kendi SkyLine m,en\u00fc resimlerinizi ki\u015fiselle\u015ftirin.[\/vc_column_text][\/vc_column][\/vc_row][vc_row][vc_column][elx_o2000_skyline_recipe_images][\/vc_column][\/vc_row][vc_row][vc_column][elx_heading text_color=&#8221;inherit&#8221;]T\u00fcm SkyLine serisini ke\u015ffedin[\/elx_heading][\/vc_column][\/vc_row][vc_row][vc_column width=&#8221;1\/3&#8243;][elx_maylike_box id_box=&#8221;7841&#8243;][\/vc_column][vc_column width=&#8221;1\/3&#8243;][elx_maylike_box id_box=&#8221;6318&#8243;][\/vc_column][vc_column width=&#8221;1\/3&#8243;][elx_maylike_box id_box=&#8221;16304&#8243;][\/vc_column][\/vc_row]<\/p>\n","protected":false},"author":3,"featured_media":0,"parent":0,"menu_order":0,"comment_status":"closed","ping_status":"closed","template":"","meta":{"footnotes":""},"class_list":["post-6321","page","type-page","status-publish","hentry"],"acf":[],"yoast_head":"<!-- This site is optimized with the Yoast SEO plugin v23.3 - https:\/\/yoast.com\/wordpress\/plugins\/seo\/ -->\n<title>SkyLine Menu Resimleri Olu\u015fturucu - Electrolux Professional T\u00fcrkiye<\/title>\n<meta name=\"description\" content=\"SkyLine men\u00fc resimlerinizi olu\u015fturun ve men\u00fclerinizi ki\u015fiselle\u015ftirin. Electrolux Professional&#039;\u0131n bu arac\u0131 ile, SkyLine cihazlar\u0131n\u0131zda kullanmak i\u00e7in kendi simgelerinizi olu\u015fturabileceksiniz.\" \/>\n<meta name=\"robots\" content=\"index, follow, max-snippet:-1, max-image-preview:large, max-video-preview:-1\" \/>\n<link rel=\"canonical\" href=\"https:\/\/www.electroluxprofessional.com\/tr\/skyline-menu-resimleri-olusturucu\/\" \/>\n<meta property=\"og:locale\" content=\"tr_TR\" \/>\n<meta property=\"og:type\" content=\"article\" \/>\n<meta property=\"og:title\" content=\"SkyLine Menu Resimleri Olu\u015fturucu - Electrolux Professional T\u00fcrkiye\" \/>\n<meta property=\"og:description\" content=\"SkyLine men\u00fc resimlerinizi olu\u015fturun ve men\u00fclerinizi ki\u015fiselle\u015ftirin. Electrolux Professional&#039;\u0131n bu arac\u0131 ile, SkyLine cihazlar\u0131n\u0131zda kullanmak i\u00e7in kendi simgelerinizi olu\u015fturabileceksiniz.\" \/>\n<meta property=\"og:url\" content=\"https:\/\/www.electroluxprofessional.com\/tr\/skyline-menu-resimleri-olusturucu\/\" \/>\n<meta property=\"og:site_name\" content=\"Electrolux Professional T\u00fcrkiye\" \/>\n<meta property=\"article:modified_time\" content=\"2025-07-31T07:37:26+00:00\" \/>\n<meta name=\"twitter:card\" content=\"summary_large_image\" \/>\n<meta name=\"twitter:label1\" content=\"Tahmini okuma s\u00fcresi\" \/>\n\t<meta name=\"twitter:data1\" content=\"1 dakika\" \/>\n<script type=\"application\/ld+json\" class=\"yoast-schema-graph\">{\"@context\":\"https:\/\/schema.org\",\"@graph\":[{\"@type\":\"WebPage\",\"@id\":\"https:\/\/www.electroluxprofessional.com\/tr\/skyline-menu-resimleri-olusturucu\/\",\"url\":\"https:\/\/www.electroluxprofessional.com\/tr\/skyline-menu-resimleri-olusturucu\/\",\"name\":\"SkyLine Menu Resimleri Olu\u015fturucu - Electrolux Professional T\u00fcrkiye\",\"isPartOf\":{\"@id\":\"https:\/\/www.electroluxprofessional.com\/tr\/#website\"},\"datePublished\":\"2019-09-27T06:55:37+00:00\",\"dateModified\":\"2025-07-31T07:37:26+00:00\",\"description\":\"SkyLine men\u00fc resimlerinizi olu\u015fturun ve men\u00fclerinizi ki\u015fiselle\u015ftirin. Electrolux Professional'\u0131n bu arac\u0131 ile, SkyLine cihazlar\u0131n\u0131zda kullanmak i\u00e7in kendi simgelerinizi olu\u015fturabileceksiniz.\",\"breadcrumb\":{\"@id\":\"https:\/\/www.electroluxprofessional.com\/tr\/skyline-menu-resimleri-olusturucu\/#breadcrumb\"},\"inLanguage\":\"tr\",\"potentialAction\":[{\"@type\":\"ReadAction\",\"target\":[\"https:\/\/www.electroluxprofessional.com\/tr\/skyline-menu-resimleri-olusturucu\/\"]}]},{\"@type\":\"BreadcrumbList\",\"@id\":\"https:\/\/www.electroluxprofessional.com\/tr\/skyline-menu-resimleri-olusturucu\/#breadcrumb\",\"itemListElement\":[{\"@type\":\"ListItem\",\"position\":1,\"name\":\"Home\",\"item\":\"https:\/\/www.electroluxprofessional.com\/tr\/\"},{\"@type\":\"ListItem\",\"position\":2,\"name\":\"SkyLine Menu Resimleri Olu\u015fturucu\"}]},{\"@type\":\"WebSite\",\"@id\":\"https:\/\/www.electroluxprofessional.com\/tr\/#website\",\"url\":\"https:\/\/www.electroluxprofessional.com\/tr\/\",\"name\":\"Electrolux Professional T\u00fcrkiye\",\"description\":\"\",\"potentialAction\":[{\"@type\":\"SearchAction\",\"target\":{\"@type\":\"EntryPoint\",\"urlTemplate\":\"https:\/\/www.electroluxprofessional.com\/tr\/?src={search_term_string}\"},\"query-input\":\"required name=search_term_string\"}],\"inLanguage\":\"tr\"}]}<\/script>\n<!-- \/ Yoast SEO plugin. -->","yoast_head_json":{"title":"SkyLine Menu Resimleri Olu\u015fturucu - Electrolux Professional T\u00fcrkiye","description":"SkyLine men\u00fc resimlerinizi olu\u015fturun ve men\u00fclerinizi ki\u015fiselle\u015ftirin. Electrolux Professional'\u0131n bu arac\u0131 ile, SkyLine cihazlar\u0131n\u0131zda kullanmak i\u00e7in kendi simgelerinizi olu\u015fturabileceksiniz.","robots":{"index":"index","follow":"follow","max-snippet":"max-snippet:-1","max-image-preview":"max-image-preview:large","max-video-preview":"max-video-preview:-1"},"canonical":"https:\/\/www.electroluxprofessional.com\/tr\/skyline-menu-resimleri-olusturucu\/","og_locale":"tr_TR","og_type":"article","og_title":"SkyLine Menu Resimleri Olu\u015fturucu - Electrolux Professional T\u00fcrkiye","og_description":"SkyLine men\u00fc resimlerinizi olu\u015fturun ve men\u00fclerinizi ki\u015fiselle\u015ftirin. Electrolux Professional'\u0131n bu arac\u0131 ile, SkyLine cihazlar\u0131n\u0131zda kullanmak i\u00e7in kendi simgelerinizi olu\u015fturabileceksiniz.","og_url":"https:\/\/www.electroluxprofessional.com\/tr\/skyline-menu-resimleri-olusturucu\/","og_site_name":"Electrolux Professional T\u00fcrkiye","article_modified_time":"2025-07-31T07:37:26+00:00","twitter_card":"summary_large_image","twitter_misc":{"Tahmini okuma s\u00fcresi":"1 dakika"},"schema":{"@context":"https:\/\/schema.org","@graph":[{"@type":"WebPage","@id":"https:\/\/www.electroluxprofessional.com\/tr\/skyline-menu-resimleri-olusturucu\/","url":"https:\/\/www.electroluxprofessional.com\/tr\/skyline-menu-resimleri-olusturucu\/","name":"SkyLine Menu Resimleri Olu\u015fturucu - Electrolux Professional T\u00fcrkiye","isPartOf":{"@id":"https:\/\/www.electroluxprofessional.com\/tr\/#website"},"datePublished":"2019-09-27T06:55:37+00:00","dateModified":"2025-07-31T07:37:26+00:00","description":"SkyLine men\u00fc resimlerinizi olu\u015fturun ve men\u00fclerinizi ki\u015fiselle\u015ftirin. Electrolux Professional'\u0131n bu arac\u0131 ile, SkyLine cihazlar\u0131n\u0131zda kullanmak i\u00e7in kendi simgelerinizi olu\u015fturabileceksiniz.","breadcrumb":{"@id":"https:\/\/www.electroluxprofessional.com\/tr\/skyline-menu-resimleri-olusturucu\/#breadcrumb"},"inLanguage":"tr","potentialAction":[{"@type":"ReadAction","target":["https:\/\/www.electroluxprofessional.com\/tr\/skyline-menu-resimleri-olusturucu\/"]}]},{"@type":"BreadcrumbList","@id":"https:\/\/www.electroluxprofessional.com\/tr\/skyline-menu-resimleri-olusturucu\/#breadcrumb","itemListElement":[{"@type":"ListItem","position":1,"name":"Home","item":"https:\/\/www.electroluxprofessional.com\/tr\/"},{"@type":"ListItem","position":2,"name":"SkyLine Menu Resimleri Olu\u015fturucu"}]},{"@type":"WebSite","@id":"https:\/\/www.electroluxprofessional.com\/tr\/#website","url":"https:\/\/www.electroluxprofessional.com\/tr\/","name":"Electrolux Professional T\u00fcrkiye","description":"","potentialAction":[{"@type":"SearchAction","target":{"@type":"EntryPoint","urlTemplate":"https:\/\/www.electroluxprofessional.com\/tr\/?src={search_term_string}"},"query-input":"required name=search_term_string"}],"inLanguage":"tr"}]}},"_links":{"self":[{"href":"https:\/\/www.electroluxprofessional.com\/tr\/wp-json\/wp\/v2\/pages\/6321"}],"collection":[{"href":"https:\/\/www.electroluxprofessional.com\/tr\/wp-json\/wp\/v2\/pages"}],"about":[{"href":"https:\/\/www.electroluxprofessional.com\/tr\/wp-json\/wp\/v2\/types\/page"}],"author":[{"embeddable":true,"href":"https:\/\/www.electroluxprofessional.com\/tr\/wp-json\/wp\/v2\/users\/3"}],"replies":[{"embeddable":true,"href":"https:\/\/www.electroluxprofessional.com\/tr\/wp-json\/wp\/v2\/comments?post=6321"}],"version-history":[{"count":10,"href":"https:\/\/www.electroluxprofessional.com\/tr\/wp-json\/wp\/v2\/pages\/6321\/revisions"}],"predecessor-version":[{"id":21712,"href":"https:\/\/www.electroluxprofessional.com\/tr\/wp-json\/wp\/v2\/pages\/6321\/revisions\/21712"}],"wp:attachment":[{"href":"https:\/\/www.electroluxprofessional.com\/tr\/wp-json\/wp\/v2\/media?parent=6321"}],"curies":[{"name":"wp","href":"https:\/\/api.w.org\/{rel}","templated":true}]}}