{"id":6173,"date":"2017-04-05T17:14:49","date_gmt":"2017-04-05T16:14:49","guid":{"rendered":"https:\/\/www.electroluxprofessional.com\/?page_id=10662"},"modified":"2025-12-17T13:42:52","modified_gmt":"2025-12-17T13:42:52","slug":"mylaundry-konsept-magazasi","status":"publish","type":"page","link":"https:\/\/www.electroluxprofessional.com\/tr\/isletmenize-yonelik-cozumler\/kucuk-isletmeler\/self-servis-camasirhane\/mylaundry-konsept-magazasi\/","title":{"rendered":"myLaundry Konsept Ma\u011fazas\u0131"},"content":{"rendered":"<p>[vc_row full_width=&#8221;electroluxpro-full-width-no-padding&#8221;][vc_column reveal_effect=&#8221;&#8221; css=&#8221;.vc_custom_1657191704700{margin-top: -30px !important;}&#8221;][elx_full_banner title=&#8221;myLaundry konsept ma\u011fazas\u0131&#8221; set_as_h1=&#8221;true&#8221; link=&#8221;url:%23contactus|title:Daha%20fazla%20bilgi%20i%C3%A7in%20ileti%C5%9Fime%20ge%C3%A7in&#8221; background_image_media_library=&#8221;23286&#8243; background_image_media_library_mobile=&#8221;23282&#8243;][\/vc_column][\/vc_row][vc_row][vc_column][vc_empty_space height=&#8221;12px&#8221;][elx_heading text_color=&#8221;inherit&#8221; text_align=&#8221;text-center&#8221;]K\u00fclt\u00fcr\u00fc, ticaret ile harmanlayarak ezber bozan<br \/>\n<strong>perakende \u00e7ama\u015f\u0131rhane deneyimi<\/strong>[\/elx_heading][vc_empty_space height=&#8221;12px&#8221;][\/vc_column][\/vc_row][vc_row][vc_column][vc_empty_space height=&#8221;22px&#8221;][\/vc_column][\/vc_row][vc_row][vc_column width=&#8221;1\/2&#8243;][vc_column_text]\u25ba Tamamen\u00a0<strong>e\u015fsiz bir self-servis \u00e7ama\u015f\u0131rhane deneyimi.<\/strong><\/p>\n<p>\u25ba <strong>Global marka<\/strong>\u00a0lideri Electrolux Professional ile i\u015f orta\u011f\u0131 olman\u0131n faydalar\u0131.<\/p>\n<p>\u25ba <strong>\u00c7evre dostu<\/strong>\u00a0s\u00fcrd\u00fcr\u00fclebilirli\u011fe odaklanarak self-servis \u00e7ama\u015f\u0131rhanenizi farkl\u0131la\u015ft\u0131r\u0131n.<\/p>\n<p>\u25ba Enerji verimli ekipman, do\u011fal sonland\u0131rmalar, \u00e7a\u011fda\u015f grafik tasar\u0131m\u0131 ve\u00a0<strong>tamamen ki\u015fiye \u00f6zel<\/strong>\u00a0pazarlama deste\u011fi.<\/p>\n<p>\u25ba Electrolux Professional myLaundry konsept ma\u011fazas\u0131\u00a0<strong>k\u00e2r sa\u011flama amac\u0131 ile olu\u015fturulmu\u015f<\/strong>\u00a0toplam bir pakettir.[\/vc_column_text][vc_empty_space height=&#8221;22px&#8221;][elx_download_block text=&#8221;Download myLaundry<br \/>\nconcept store leaflet&#8221; document_type=&#8221;brochures&#8221; link=&#8221;https:\/\/www.electroluxprofessional.com\/tr\/wp-content\/uploads\/2017\/04\/concept-store-brochure.pdf&#8221; background_color=&#8221;cat-mylaundry-concept-store&#8221; br_document_number=&#8221;BRO-9JE00002&#8243;][\/vc_column][vc_column width=&#8221;1\/2&#8243;][vc_single_image image=&#8221;23283&#8243; img_size=&#8221;full&#8221;][\/vc_column][\/vc_row][vc_row][vc_column][vc_empty_space height=&#8221;22px&#8221;][elx_heading font_size=&#8221;h3&#8243; text_color=&#8221;inherit&#8221;]Ki\u015fiye \u00f6zel \u00e7\u00f6z\u00fcmler: yenileme yap\u0131n veya yeniden tasarlay\u0131n!<br \/>\n<strong>Herhangi bir yer, hayalinizdeki ma\u011fazaya d\u00f6n\u00fc\u015ft\u00fcr\u00fclebilir.<\/strong>[\/elx_heading][vc_empty_space height=&#8221;22px&#8221;][\/vc_column][\/vc_row][vc_row][vc_column][elx_heading font_size=&#8221;h5&#8243; text_color=&#8221;electrolux-blue&#8221;]M\u00fc\u015fterileriniz i\u00e7in en iyi y\u0131kama ve kurutma deneyimi ve sizin i\u00e7in maksimum k\u00e2r![\/elx_heading][\/vc_column][\/vc_row][vc_row][vc_column width=&#8221;1\/2&#8243;][elx_heading font_container=&#8221;h3&#8243; font_size=&#8221;h3&#8243; text_color=&#8221;inherit&#8221;]<strong>Kolayla\u015ft\u0131r\u0131yoruz:<\/strong>[\/elx_heading][vc_empty_space height=&#8221;10px&#8221;][vc_column_text]<\/p>\n<h4>S\u00fcrd\u00fcr\u00fclebilir<\/h4>\n<p>myLaundry konsept ma\u011fazas\u0131 sekt\u00f6r\u00fcm\u00fczde s\u00fcrd\u00fcr\u00fclebilirlik konusundaki tutku ve liderli\u011fimizi yans\u0131t\u0131yor.<\/p>\n<h4>Premium<\/h4>\n<p>Electrolux Professional myLaundry konsept ma\u011fazas\u0131, rekabette \u00f6ne \u00e7\u0131kan ve \u00fcst\u00fcn kalitesi ile tan\u0131nan premium \u2018birinci s\u0131n\u0131f\u2019 bir y\u0131kama \u00e7\u00f6z\u00fcm\u00fcd\u00fcr.<\/p>\n<h4>Anahtar Teslim<\/h4>\n<p>Tasar\u0131m\u0131 ile, do\u011fru yeri bulman\u0131za destek ile, in\u015faat ve pazarlama deste\u011fi ile emrinize amade \u2013 \u00e7ama\u015f\u0131rhane a\u00e7ma i\u015finizi kolayla\u015fr\u0131r\u0131yoruz.<\/p>\n<h4>K\u00e2rl\u0131<\/h4>\n<p>Piyasadaki enerji ve su verimlili\u011fi en y\u00fcksek \u00e7ama\u015f\u0131rhane ekipman\u0131 sayesinde yat\u0131r\u0131m\u0131n\u0131zdan h\u0131zl\u0131 geri d\u00f6n\u00fc\u015f sa\u011flayabilir ve \u00f6nemli kazan\u00e7lar elde edebilirsiniz.[\/vc_column_text][\/vc_column][vc_column width=&#8221;1\/2&#8243;][vc_empty_space height=&#8221;50px&#8221;][vc_single_image image=&#8221;23284&#8243; img_size=&#8221;full&#8221; alignment=&#8221;center&#8221;][\/vc_column][\/vc_row][vc_row el_id=&#8221;contactus&#8221;][vc_column][vc_empty_space][elx_heading font_size=&#8221;h3&#8243; text_color=&#8221;inherit&#8221; text_align=&#8221;text-center&#8221;]Uzman ekibimiz ile ileti\u015fime ge\u00e7in[\/elx_heading][vc_empty_space][elx_o2000_contact_us s=&#8221;Request of information about myLaundry concept store&#8221; b=&#8221;laundry&#8221; container=&#8221;elxcontactus1491376825&#8243; r=&#8221;I would like to find out more about myLaundry concept store. Please get in touch with me.&#8221; e=&#8221;christelle.querry@electrolux.com&#8221;][vc_empty_space][\/vc_column][\/vc_row][vc_row css=&#8221;.vc_custom_1555677167297{background-color: #eeeeee !important;}&#8221;][vc_column][elx_heading font_size=&#8221;h3&#8243; text_color=&#8221;inherit&#8221; text_align=&#8221;text-left&#8221;]Bunlar\u0131 da be\u011fenebilirsiniz:[\/elx_heading][\/vc_column][\/vc_row][vc_row css=&#8221;.vc_custom_1555677176402{background-color: #eeeeee !important;}&#8221;][vc_column width=&#8221;1\/3&#8243;][elx_maylike_box id_box=&#8221;8669&#8243;][\/vc_column][vc_column width=&#8221;1\/3&#8243;][elx_maylike_box id_box=&#8221;17508&#8243; matched_labels=&#8221;&#8221;][\/vc_column][vc_column width=&#8221;1\/3&#8243;][elx_maylike_box id_box=&#8221;1507&#8243;][\/vc_column][\/vc_row]<\/p>\n","protected":false},"excerpt":{"rendered":"<p>[vc_row full_width=&#8221;electroluxpro-full-width-no-padding&#8221;][vc_column reveal_effect=&#8221;&#8221; css=&#8221;.vc_custom_1657191704700{margin-top: -30px !important;}&#8221;][elx_full_banner title=&#8221;myLaundry konsept ma\u011fazas\u0131&#8221; set_as_h1=&#8221;true&#8221; link=&#8221;url:%23contactus|title:Daha%20fazla%20bilgi%20i%C3%A7in%20ileti%C5%9Fime%20ge%C3%A7in&#8221; background_image_media_library=&#8221;23286&#8243; background_image_media_library_mobile=&#8221;23282&#8243;][\/vc_column][\/vc_row][vc_row][vc_column][vc_empty_space height=&#8221;12px&#8221;][elx_heading text_color=&#8221;inherit&#8221; text_align=&#8221;text-center&#8221;]K\u00fclt\u00fcr\u00fc, ticaret ile harmanlayarak ezber bozan perakende \u00e7ama\u015f\u0131rhane deneyimi[\/elx_heading][vc_empty_space height=&#8221;12px&#8221;][\/vc_column][\/vc_row][vc_row][vc_column][vc_empty_space height=&#8221;22px&#8221;][\/vc_column][\/vc_row][vc_row][vc_column width=&#8221;1\/2&#8243;][vc_column_text]\u25ba Tamamen\u00a0e\u015fsiz bir self-servis \u00e7ama\u015f\u0131rhane deneyimi. \u25ba Global marka\u00a0lideri Electrolux Professional ile i\u015f orta\u011f\u0131 olman\u0131n faydalar\u0131. \u25ba \u00c7evre dostu\u00a0s\u00fcrd\u00fcr\u00fclebilirli\u011fe odaklanarak self-servis \u00e7ama\u015f\u0131rhanenizi farkl\u0131la\u015ft\u0131r\u0131n. \u25ba Enerji verimli ekipman, do\u011fal sonland\u0131rmalar, [&hellip;]<\/p>\n","protected":false},"author":1,"featured_media":23282,"parent":14498,"menu_order":0,"comment_status":"closed","ping_status":"closed","template":"","meta":{"footnotes":""},"class_list":["post-6173","page","type-page","status-publish","has-post-thumbnail","hentry"],"acf":[],"yoast_head":"<!-- This site is optimized with the Yoast SEO plugin v23.3 - https:\/\/yoast.com\/wordpress\/plugins\/seo\/ -->\n<title>myLaundry Konsept Ma\u011fazas\u0131 - Electrolux Professional T\u00fcrkiye<\/title>\n<meta name=\"description\" content=\"K\u00fclt\u00fcr\u00fc ticaretle harmanlayarak devrim yaratan perakende \u00e7ama\u015f\u0131rhane deneyimi! Herhangi bir yeri hayalinizdeki yere d\u00f6n\u00fc\u015ft\u00fcr\u00fcn.\" \/>\n<meta name=\"robots\" content=\"index, follow, max-snippet:-1, max-image-preview:large, max-video-preview:-1\" \/>\n<link rel=\"canonical\" href=\"https:\/\/www.electroluxprofessional.com\/tr\/isletmenize-yonelik-cozumler\/kucuk-isletmeler\/self-servis-camasirhane\/mylaundry-konsept-magazasi\/\" \/>\n<meta property=\"og:locale\" content=\"tr_TR\" \/>\n<meta property=\"og:type\" content=\"article\" \/>\n<meta property=\"og:title\" content=\"myLaundry Konsept Ma\u011fazas\u0131 - Electrolux Professional T\u00fcrkiye\" \/>\n<meta property=\"og:description\" content=\"K\u00fclt\u00fcr\u00fc ticaretle harmanlayarak devrim yaratan perakende \u00e7ama\u015f\u0131rhane deneyimi! Herhangi bir yeri hayalinizdeki yere d\u00f6n\u00fc\u015ft\u00fcr\u00fcn.\" \/>\n<meta property=\"og:url\" content=\"https:\/\/www.electroluxprofessional.com\/tr\/isletmenize-yonelik-cozumler\/kucuk-isletmeler\/self-servis-camasirhane\/mylaundry-konsept-magazasi\/\" \/>\n<meta property=\"og:site_name\" content=\"Electrolux Professional T\u00fcrkiye\" \/>\n<meta property=\"article:modified_time\" content=\"2025-12-17T13:42:52+00:00\" \/>\n<meta property=\"og:image\" content=\"https:\/\/www.electroluxprofessional.com\/tr\/wp-content\/uploads\/2025\/12\/full-banner-1125.jpg\" \/>\n\t<meta property=\"og:image:width\" content=\"1125\" \/>\n\t<meta property=\"og:image:height\" content=\"1583\" \/>\n\t<meta property=\"og:image:type\" content=\"image\/jpeg\" \/>\n<meta name=\"twitter:card\" content=\"summary_large_image\" \/>\n<meta name=\"twitter:label1\" content=\"Tahmini okuma s\u00fcresi\" \/>\n\t<meta name=\"twitter:data1\" content=\"3 dakika\" \/>\n<script type=\"application\/ld+json\" class=\"yoast-schema-graph\">{\"@context\":\"https:\/\/schema.org\",\"@graph\":[{\"@type\":\"WebPage\",\"@id\":\"https:\/\/www.electroluxprofessional.com\/tr\/isletmenize-yonelik-cozumler\/kucuk-isletmeler\/self-servis-camasirhane\/mylaundry-konsept-magazasi\/\",\"url\":\"https:\/\/www.electroluxprofessional.com\/tr\/isletmenize-yonelik-cozumler\/kucuk-isletmeler\/self-servis-camasirhane\/mylaundry-konsept-magazasi\/\",\"name\":\"myLaundry Konsept Ma\u011fazas\u0131 - Electrolux Professional T\u00fcrkiye\",\"isPartOf\":{\"@id\":\"https:\/\/www.electroluxprofessional.com\/tr\/#website\"},\"primaryImageOfPage\":{\"@id\":\"https:\/\/www.electroluxprofessional.com\/tr\/isletmenize-yonelik-cozumler\/kucuk-isletmeler\/self-servis-camasirhane\/mylaundry-konsept-magazasi\/#primaryimage\"},\"image\":{\"@id\":\"https:\/\/www.electroluxprofessional.com\/tr\/isletmenize-yonelik-cozumler\/kucuk-isletmeler\/self-servis-camasirhane\/mylaundry-konsept-magazasi\/#primaryimage\"},\"thumbnailUrl\":\"https:\/\/www.electroluxprofessional.com\/tr\/wp-content\/uploads\/2025\/12\/full-banner-1125.jpg\",\"datePublished\":\"2017-04-05T16:14:49+00:00\",\"dateModified\":\"2025-12-17T13:42:52+00:00\",\"description\":\"K\u00fclt\u00fcr\u00fc ticaretle harmanlayarak devrim yaratan perakende \u00e7ama\u015f\u0131rhane deneyimi! Herhangi bir yeri hayalinizdeki yere d\u00f6n\u00fc\u015ft\u00fcr\u00fcn.\",\"breadcrumb\":{\"@id\":\"https:\/\/www.electroluxprofessional.com\/tr\/isletmenize-yonelik-cozumler\/kucuk-isletmeler\/self-servis-camasirhane\/mylaundry-konsept-magazasi\/#breadcrumb\"},\"inLanguage\":\"tr\",\"potentialAction\":[{\"@type\":\"ReadAction\",\"target\":[\"https:\/\/www.electroluxprofessional.com\/tr\/isletmenize-yonelik-cozumler\/kucuk-isletmeler\/self-servis-camasirhane\/mylaundry-konsept-magazasi\/\"]}]},{\"@type\":\"ImageObject\",\"inLanguage\":\"tr\",\"@id\":\"https:\/\/www.electroluxprofessional.com\/tr\/isletmenize-yonelik-cozumler\/kucuk-isletmeler\/self-servis-camasirhane\/mylaundry-konsept-magazasi\/#primaryimage\",\"url\":\"https:\/\/www.electroluxprofessional.com\/tr\/wp-content\/uploads\/2025\/12\/full-banner-1125.jpg\",\"contentUrl\":\"https:\/\/www.electroluxprofessional.com\/tr\/wp-content\/uploads\/2025\/12\/full-banner-1125.jpg\",\"width\":1125,\"height\":1583},{\"@type\":\"BreadcrumbList\",\"@id\":\"https:\/\/www.electroluxprofessional.com\/tr\/isletmenize-yonelik-cozumler\/kucuk-isletmeler\/self-servis-camasirhane\/mylaundry-konsept-magazasi\/#breadcrumb\",\"itemListElement\":[{\"@type\":\"ListItem\",\"position\":1,\"name\":\"Home\",\"item\":\"https:\/\/www.electroluxprofessional.com\/tr\/\"},{\"@type\":\"ListItem\",\"position\":2,\"name\":\"\u0130\u015fletmenize Y\u00f6nelik \u00c7\u00f6z\u00fcmler\",\"item\":\"https:\/\/www.electroluxprofessional.com\/tr\/isletmenize-yonelik-cozumler\/\"},{\"@type\":\"ListItem\",\"position\":3,\"name\":\"K\u00fc\u00e7\u00fck \u0130\u015fletmeler\",\"item\":\"https:\/\/www.electroluxprofessional.com\/tr\/isletmenize-yonelik-cozumler\/kucuk-isletmeler\/\"},{\"@type\":\"ListItem\",\"position\":4,\"name\":\"Self-servis \u00e7ama\u015f\u0131rhane \u00e7\u00f6z\u00fcmleri\",\"item\":\"https:\/\/www.electroluxprofessional.com\/tr\/isletmenize-yonelik-cozumler\/kucuk-isletmeler\/self-servis-camasirhane\/\"},{\"@type\":\"ListItem\",\"position\":5,\"name\":\"myLaundry Konsept Ma\u011fazas\u0131\"}]},{\"@type\":\"WebSite\",\"@id\":\"https:\/\/www.electroluxprofessional.com\/tr\/#website\",\"url\":\"https:\/\/www.electroluxprofessional.com\/tr\/\",\"name\":\"Electrolux Professional T\u00fcrkiye\",\"description\":\"\",\"potentialAction\":[{\"@type\":\"SearchAction\",\"target\":{\"@type\":\"EntryPoint\",\"urlTemplate\":\"https:\/\/www.electroluxprofessional.com\/tr\/?src={search_term_string}\"},\"query-input\":\"required name=search_term_string\"}],\"inLanguage\":\"tr\"}]}<\/script>\n<!-- \/ Yoast SEO plugin. -->","yoast_head_json":{"title":"myLaundry Konsept Ma\u011fazas\u0131 - Electrolux Professional T\u00fcrkiye","description":"K\u00fclt\u00fcr\u00fc ticaretle harmanlayarak devrim yaratan perakende \u00e7ama\u015f\u0131rhane deneyimi! Herhangi bir yeri hayalinizdeki yere d\u00f6n\u00fc\u015ft\u00fcr\u00fcn.","robots":{"index":"index","follow":"follow","max-snippet":"max-snippet:-1","max-image-preview":"max-image-preview:large","max-video-preview":"max-video-preview:-1"},"canonical":"https:\/\/www.electroluxprofessional.com\/tr\/isletmenize-yonelik-cozumler\/kucuk-isletmeler\/self-servis-camasirhane\/mylaundry-konsept-magazasi\/","og_locale":"tr_TR","og_type":"article","og_title":"myLaundry Konsept Ma\u011fazas\u0131 - Electrolux Professional T\u00fcrkiye","og_description":"K\u00fclt\u00fcr\u00fc ticaretle harmanlayarak devrim yaratan perakende \u00e7ama\u015f\u0131rhane deneyimi! Herhangi bir yeri hayalinizdeki yere d\u00f6n\u00fc\u015ft\u00fcr\u00fcn.","og_url":"https:\/\/www.electroluxprofessional.com\/tr\/isletmenize-yonelik-cozumler\/kucuk-isletmeler\/self-servis-camasirhane\/mylaundry-konsept-magazasi\/","og_site_name":"Electrolux Professional T\u00fcrkiye","article_modified_time":"2025-12-17T13:42:52+00:00","og_image":[{"width":1125,"height":1583,"url":"https:\/\/www.electroluxprofessional.com\/tr\/wp-content\/uploads\/2025\/12\/full-banner-1125.jpg","type":"image\/jpeg"}],"twitter_card":"summary_large_image","twitter_misc":{"Tahmini okuma s\u00fcresi":"3 dakika"},"schema":{"@context":"https:\/\/schema.org","@graph":[{"@type":"WebPage","@id":"https:\/\/www.electroluxprofessional.com\/tr\/isletmenize-yonelik-cozumler\/kucuk-isletmeler\/self-servis-camasirhane\/mylaundry-konsept-magazasi\/","url":"https:\/\/www.electroluxprofessional.com\/tr\/isletmenize-yonelik-cozumler\/kucuk-isletmeler\/self-servis-camasirhane\/mylaundry-konsept-magazasi\/","name":"myLaundry Konsept Ma\u011fazas\u0131 - Electrolux Professional T\u00fcrkiye","isPartOf":{"@id":"https:\/\/www.electroluxprofessional.com\/tr\/#website"},"primaryImageOfPage":{"@id":"https:\/\/www.electroluxprofessional.com\/tr\/isletmenize-yonelik-cozumler\/kucuk-isletmeler\/self-servis-camasirhane\/mylaundry-konsept-magazasi\/#primaryimage"},"image":{"@id":"https:\/\/www.electroluxprofessional.com\/tr\/isletmenize-yonelik-cozumler\/kucuk-isletmeler\/self-servis-camasirhane\/mylaundry-konsept-magazasi\/#primaryimage"},"thumbnailUrl":"https:\/\/www.electroluxprofessional.com\/tr\/wp-content\/uploads\/2025\/12\/full-banner-1125.jpg","datePublished":"2017-04-05T16:14:49+00:00","dateModified":"2025-12-17T13:42:52+00:00","description":"K\u00fclt\u00fcr\u00fc ticaretle harmanlayarak devrim yaratan perakende \u00e7ama\u015f\u0131rhane deneyimi! Herhangi bir yeri hayalinizdeki yere d\u00f6n\u00fc\u015ft\u00fcr\u00fcn.","breadcrumb":{"@id":"https:\/\/www.electroluxprofessional.com\/tr\/isletmenize-yonelik-cozumler\/kucuk-isletmeler\/self-servis-camasirhane\/mylaundry-konsept-magazasi\/#breadcrumb"},"inLanguage":"tr","potentialAction":[{"@type":"ReadAction","target":["https:\/\/www.electroluxprofessional.com\/tr\/isletmenize-yonelik-cozumler\/kucuk-isletmeler\/self-servis-camasirhane\/mylaundry-konsept-magazasi\/"]}]},{"@type":"ImageObject","inLanguage":"tr","@id":"https:\/\/www.electroluxprofessional.com\/tr\/isletmenize-yonelik-cozumler\/kucuk-isletmeler\/self-servis-camasirhane\/mylaundry-konsept-magazasi\/#primaryimage","url":"https:\/\/www.electroluxprofessional.com\/tr\/wp-content\/uploads\/2025\/12\/full-banner-1125.jpg","contentUrl":"https:\/\/www.electroluxprofessional.com\/tr\/wp-content\/uploads\/2025\/12\/full-banner-1125.jpg","width":1125,"height":1583},{"@type":"BreadcrumbList","@id":"https:\/\/www.electroluxprofessional.com\/tr\/isletmenize-yonelik-cozumler\/kucuk-isletmeler\/self-servis-camasirhane\/mylaundry-konsept-magazasi\/#breadcrumb","itemListElement":[{"@type":"ListItem","position":1,"name":"Home","item":"https:\/\/www.electroluxprofessional.com\/tr\/"},{"@type":"ListItem","position":2,"name":"\u0130\u015fletmenize Y\u00f6nelik \u00c7\u00f6z\u00fcmler","item":"https:\/\/www.electroluxprofessional.com\/tr\/isletmenize-yonelik-cozumler\/"},{"@type":"ListItem","position":3,"name":"K\u00fc\u00e7\u00fck \u0130\u015fletmeler","item":"https:\/\/www.electroluxprofessional.com\/tr\/isletmenize-yonelik-cozumler\/kucuk-isletmeler\/"},{"@type":"ListItem","position":4,"name":"Self-servis \u00e7ama\u015f\u0131rhane \u00e7\u00f6z\u00fcmleri","item":"https:\/\/www.electroluxprofessional.com\/tr\/isletmenize-yonelik-cozumler\/kucuk-isletmeler\/self-servis-camasirhane\/"},{"@type":"ListItem","position":5,"name":"myLaundry Konsept Ma\u011fazas\u0131"}]},{"@type":"WebSite","@id":"https:\/\/www.electroluxprofessional.com\/tr\/#website","url":"https:\/\/www.electroluxprofessional.com\/tr\/","name":"Electrolux Professional T\u00fcrkiye","description":"","potentialAction":[{"@type":"SearchAction","target":{"@type":"EntryPoint","urlTemplate":"https:\/\/www.electroluxprofessional.com\/tr\/?src={search_term_string}"},"query-input":"required name=search_term_string"}],"inLanguage":"tr"}]}},"_links":{"self":[{"href":"https:\/\/www.electroluxprofessional.com\/tr\/wp-json\/wp\/v2\/pages\/6173"}],"collection":[{"href":"https:\/\/www.electroluxprofessional.com\/tr\/wp-json\/wp\/v2\/pages"}],"about":[{"href":"https:\/\/www.electroluxprofessional.com\/tr\/wp-json\/wp\/v2\/types\/page"}],"author":[{"embeddable":true,"href":"https:\/\/www.electroluxprofessional.com\/tr\/wp-json\/wp\/v2\/users\/1"}],"replies":[{"embeddable":true,"href":"https:\/\/www.electroluxprofessional.com\/tr\/wp-json\/wp\/v2\/comments?post=6173"}],"version-history":[{"count":20,"href":"https:\/\/www.electroluxprofessional.com\/tr\/wp-json\/wp\/v2\/pages\/6173\/revisions"}],"predecessor-version":[{"id":23525,"href":"https:\/\/www.electroluxprofessional.com\/tr\/wp-json\/wp\/v2\/pages\/6173\/revisions\/23525"}],"up":[{"embeddable":true,"href":"https:\/\/www.electroluxprofessional.com\/tr\/wp-json\/wp\/v2\/pages\/14498"}],"wp:featuredmedia":[{"embeddable":true,"href":"https:\/\/www.electroluxprofessional.com\/tr\/wp-json\/wp\/v2\/media\/23282"}],"wp:attachment":[{"href":"https:\/\/www.electroluxprofessional.com\/tr\/wp-json\/wp\/v2\/media?parent=6173"}],"curies":[{"name":"wp","href":"https:\/\/api.w.org\/{rel}","templated":true}]}}