{"id":4613,"date":"2017-01-13T12:52:03","date_gmt":"2017-01-13T12:52:03","guid":{"rendered":"https:\/\/www.electroluxprofessional.com\/?page_id=8328"},"modified":"2025-07-29T08:58:08","modified_gmt":"2025-07-29T08:58:08","slug":"aksesuarlar-ve-sarf-malzemeleri-camasirhane","status":"publish","type":"page","link":"https:\/\/www.electroluxprofessional.com\/tr\/aksesuarlar-sarf-malzemeleri\/aksesuarlar-ve-sarf-malzemeleri-camasirhane\/","title":{"rendered":"Aksesuarlar ve Sarf Malzemeleri &#8211; \u00c7ama\u015f\u0131rhane"},"content":{"rendered":"<p>[vc_row full_width=&#8221;electroluxpro-full-width-no-padding&#8221;][vc_column css=&#8221;.vc_custom_1753779280528{margin-top: -60px !important;border-top-width: -60px !important;padding-top: -60px !important;}&#8221;][elx_full_banner title=&#8221;Aksesuarlar ve Sarf Malzemeleri &#8211; \u00c7ama\u015f\u0131rhane&#8221; set_as_h1=&#8221;true&#8221; background_image_media_library=&#8221;21582&#8243; link=&#8221;url:%23contact|title:Daha%20fazla%20bilgi%20edinin&#8221;][\/vc_column][\/vc_row][vc_row][vc_column][elx_menu][vc_empty_space][vc_column_text]<\/p>\n<p style=\"text-align: left;\">Geni\u015f bir seriye sahip Aksesuarlar\u0131m\u0131z ve Sarf Malzemelerimiz, \u00e7ama\u015f\u0131rlar\u0131n\u0131z\u0131n her detay\u0131 i\u00e7in temel olacakt\u0131r.<\/p>\n<p>[\/vc_column_text][vc_empty_space height=&#8221;50px&#8221;][\/vc_column][\/vc_row][vc_row][vc_column width=&#8221;1\/2&#8243;][vc_single_image image=&#8221;21345&#8243; img_size=&#8221;764*450&#8243; css_animation=&#8221;none&#8221;][vc_empty_space][elx_heading font_size=&#8221;h5&#8243; text_color=&#8221;inherit&#8221;]lagoon\u00ae Advanced Care[\/elx_heading][vc_empty_space][vc_column_text]\u00c7evre dostu form\u00fcl\u00fcyle ola\u011fan\u00fcst\u00fc temizlik sunar. Dermatolojik olarak test edilmi\u015f, hipoalerjenik ve Ecolabel sertifikal\u0131d\u0131r \u2014 hem insanlar hem gezegen i\u00e7in g\u00fcvenlidir.<\/p>\n<p>Y\u00fcksek performans\u0131yla yeniden y\u0131kamay\u0131 azalt\u0131r, zaman ve maliyet tasarrufu sa\u011flar. S\u00fcrd\u00fcr\u00fclebilirlik her y\u0131kama d\u00f6ng\u00fcs\u00fcne entegre edilmi\u015ftir.[\/vc_column_text][vc_empty_space][elx_button button_text=&#8221;Lagoon hakk\u0131nda daha fazlas\u0131n\u0131 ke\u015ffedin&#8221; button_link=&#8221;url:https%3A%2F%2Fwww.electroluxprofessional.com%2Ftr%2Fticari-camasirhane-ekipmanlari%2Flagoon-advanced-care%2F|title:lagoon%20Advanced%20Care&#8221;][\/vc_column][vc_column width=&#8221;1\/2&#8243;][vc_single_image image=&#8221;21281&#8243; img_size=&#8221;764*485&#8243; css_animation=&#8221;none&#8221;][elx_heading font_size=&#8221;h5&#8243; text_color=&#8221;inherit&#8221;]\u00c7ama\u015f\u0131rhane M\u00fckemmelli\u011fi i\u00e7in Tamamlay\u0131c\u0131 \u00c7\u00f6z\u00fcmler[\/elx_heading][vc_column_text]Dozajlama sistemlerinden deterjan depolar\u0131na, ergonomik el arabalar\u0131ndan ak\u0131ll\u0131 aksesuarlara kadar her \u00e7\u00f6z\u00fcm, \u00e7ama\u015f\u0131rhane operasyonlar\u0131n\u0131z\u0131 daha d\u00fczenli, verimli ve s\u00fcrd\u00fcr\u00fclebilir hale getirmek i\u00e7in tasarland\u0131.<br \/>\n<strong>Otomatik dozajlama<\/strong> ile israf\u0131 azalt\u0131n, <strong>deterjan depolar\u0131yla<\/strong> alan\u0131n\u0131z\u0131 optimize edin, <strong>el arabalar\u0131yla<\/strong> ta\u015f\u0131ma kolayl\u0131\u011f\u0131 sa\u011flay\u0131n ve aksesuarlarla i\u015f ak\u0131\u015f\u0131n\u0131z\u0131 m\u00fckemmelle\u015ftirin.[\/vc_column_text][vc_empty_space][elx_button button_text=&#8221;\u00c7ama\u015f\u0131rhaneniz \u0130\u00e7in Tamamlay\u0131c\u0131 \u00c7\u00f6z\u00fcmleri Ke\u015ffedin&#8221; button_link=&#8221;url:https%3A%2F%2Fwww.electroluxprofessional.com%2Ftr%2Fcamasirhane%2F|title:%C3%87ama%C5%9F%C4%B1rhane%20M%C3%BCkemmelli%C4%9Fi%20i%C3%A7in%20Tamamlay%C4%B1c%C4%B1%20%C3%87%C3%B6z%C3%BCmler&#8221;][\/vc_column][\/vc_row][vc_row el_id=&#8221;contact&#8221;][vc_column][vc_empty_space][elx_heading font_container=&#8221;h3&#8243; text_color=&#8221;inherit&#8221;]\u00c7ama\u015f\u0131rhane ekipmanlar\u0131n\u0131z\u0131 nas\u0131l ki\u015fiselle\u015ftirece\u011finizi ke\u015ffedin.[\/elx_heading][elx_o2000_contact_us s=&#8221;Request of information about accessories and consumables.&#8221; country=&#8221;Turkey&#8221; b=&#8221;laundry&#8221; container=&#8221;elxcontactus1484308232&#8243; r=&#8221;I would like to find out more about accessories and consumables for laundry solutions. Please get in touch with me.&#8221; l=&#8221;tr&#8221; e=&#8221;sebla.genc@electrolux.com&#8221;][vc_empty_space][\/vc_column][\/vc_row]<\/p>\n","protected":false},"excerpt":{"rendered":"<p>[vc_row full_width=&#8221;electroluxpro-full-width-no-padding&#8221;][vc_column css=&#8221;.vc_custom_1753779280528{margin-top: -60px !important;border-top-width: -60px !important;padding-top: -60px !important;}&#8221;][elx_full_banner title=&#8221;Aksesuarlar ve Sarf Malzemeleri &#8211; \u00c7ama\u015f\u0131rhane&#8221; set_as_h1=&#8221;true&#8221; background_image_media_library=&#8221;21582&#8243; link=&#8221;url:%23contact|title:Daha%20fazla%20bilgi%20edinin&#8221;][\/vc_column][\/vc_row][vc_row][vc_column][elx_menu][vc_empty_space][vc_column_text] Geni\u015f bir seriye sahip Aksesuarlar\u0131m\u0131z ve Sarf Malzemelerimiz, \u00e7ama\u015f\u0131rlar\u0131n\u0131z\u0131n her detay\u0131 i\u00e7in temel olacakt\u0131r. [\/vc_column_text][vc_empty_space height=&#8221;50px&#8221;][\/vc_column][\/vc_row][vc_row][vc_column width=&#8221;1\/2&#8243;][vc_single_image image=&#8221;21345&#8243; img_size=&#8221;764*450&#8243; css_animation=&#8221;none&#8221;][vc_empty_space][elx_heading font_size=&#8221;h5&#8243; text_color=&#8221;inherit&#8221;]lagoon\u00ae Advanced Care[\/elx_heading][vc_empty_space][vc_column_text]\u00c7evre dostu form\u00fcl\u00fcyle ola\u011fan\u00fcst\u00fc temizlik sunar. Dermatolojik olarak test edilmi\u015f, hipoalerjenik ve Ecolabel sertifikal\u0131d\u0131r [&hellip;]<\/p>\n","protected":false},"author":3,"featured_media":0,"parent":1371,"menu_order":0,"comment_status":"closed","ping_status":"closed","template":"","meta":{"footnotes":""},"class_list":["post-4613","page","type-page","status-publish","hentry"],"acf":[],"yoast_head":"<!-- This site is optimized with the Yoast SEO plugin v23.3 - https:\/\/yoast.com\/wordpress\/plugins\/seo\/ -->\n<title>Aksesuarlar ve Sarf Malzemeleri - \u00c7ama\u015f\u0131rhane - Electrolux Professional T\u00fcrkiye<\/title>\n<meta name=\"description\" content=\"Narin giysiler i\u00e7in deterjanlar, ergonomik arabalar ve raf sistemleri. Profesyonel \u00c7ama\u015f\u0131rhane Aksesuarlar\u0131m\u0131z\u0131 \u015fimdi ke\u015ffedin.\" \/>\n<meta name=\"robots\" content=\"index, follow, max-snippet:-1, max-image-preview:large, max-video-preview:-1\" \/>\n<link rel=\"canonical\" href=\"https:\/\/www.electroluxprofessional.com\/tr\/aksesuarlar-sarf-malzemeleri\/aksesuarlar-ve-sarf-malzemeleri-camasirhane\/\" \/>\n<meta property=\"og:locale\" content=\"tr_TR\" \/>\n<meta property=\"og:type\" content=\"article\" \/>\n<meta property=\"og:title\" content=\"Aksesuarlar ve Sarf Malzemeleri - \u00c7ama\u015f\u0131rhane - Electrolux Professional T\u00fcrkiye\" \/>\n<meta property=\"og:description\" content=\"Narin giysiler i\u00e7in deterjanlar, ergonomik arabalar ve raf sistemleri. Profesyonel \u00c7ama\u015f\u0131rhane Aksesuarlar\u0131m\u0131z\u0131 \u015fimdi ke\u015ffedin.\" \/>\n<meta property=\"og:url\" content=\"https:\/\/www.electroluxprofessional.com\/tr\/aksesuarlar-sarf-malzemeleri\/aksesuarlar-ve-sarf-malzemeleri-camasirhane\/\" \/>\n<meta property=\"og:site_name\" content=\"Electrolux Professional T\u00fcrkiye\" \/>\n<meta property=\"article:modified_time\" content=\"2025-07-29T08:58:08+00:00\" \/>\n<meta name=\"twitter:card\" content=\"summary_large_image\" \/>\n<meta name=\"twitter:label1\" content=\"Tahmini okuma s\u00fcresi\" \/>\n\t<meta name=\"twitter:data1\" content=\"2 dakika\" \/>\n<script type=\"application\/ld+json\" class=\"yoast-schema-graph\">{\"@context\":\"https:\/\/schema.org\",\"@graph\":[{\"@type\":\"WebPage\",\"@id\":\"https:\/\/www.electroluxprofessional.com\/tr\/aksesuarlar-sarf-malzemeleri\/aksesuarlar-ve-sarf-malzemeleri-camasirhane\/\",\"url\":\"https:\/\/www.electroluxprofessional.com\/tr\/aksesuarlar-sarf-malzemeleri\/aksesuarlar-ve-sarf-malzemeleri-camasirhane\/\",\"name\":\"Aksesuarlar ve Sarf Malzemeleri - \u00c7ama\u015f\u0131rhane - Electrolux Professional T\u00fcrkiye\",\"isPartOf\":{\"@id\":\"https:\/\/www.electroluxprofessional.com\/tr\/#website\"},\"datePublished\":\"2017-01-13T12:52:03+00:00\",\"dateModified\":\"2025-07-29T08:58:08+00:00\",\"description\":\"Narin giysiler i\u00e7in deterjanlar, ergonomik arabalar ve raf sistemleri. Profesyonel \u00c7ama\u015f\u0131rhane Aksesuarlar\u0131m\u0131z\u0131 \u015fimdi ke\u015ffedin.\",\"breadcrumb\":{\"@id\":\"https:\/\/www.electroluxprofessional.com\/tr\/aksesuarlar-sarf-malzemeleri\/aksesuarlar-ve-sarf-malzemeleri-camasirhane\/#breadcrumb\"},\"inLanguage\":\"tr\",\"potentialAction\":[{\"@type\":\"ReadAction\",\"target\":[\"https:\/\/www.electroluxprofessional.com\/tr\/aksesuarlar-sarf-malzemeleri\/aksesuarlar-ve-sarf-malzemeleri-camasirhane\/\"]}]},{\"@type\":\"BreadcrumbList\",\"@id\":\"https:\/\/www.electroluxprofessional.com\/tr\/aksesuarlar-sarf-malzemeleri\/aksesuarlar-ve-sarf-malzemeleri-camasirhane\/#breadcrumb\",\"itemListElement\":[{\"@type\":\"ListItem\",\"position\":1,\"name\":\"Home\",\"item\":\"https:\/\/www.electroluxprofessional.com\/tr\/\"},{\"@type\":\"ListItem\",\"position\":2,\"name\":\"Aksesuarlar ve Sarf Malzemeleri\",\"item\":\"https:\/\/www.electroluxprofessional.com\/tr\/aksesuarlar-sarf-malzemeleri\/\"},{\"@type\":\"ListItem\",\"position\":3,\"name\":\"Aksesuarlar ve Sarf Malzemeleri &#8211; \u00c7ama\u015f\u0131rhane\"}]},{\"@type\":\"WebSite\",\"@id\":\"https:\/\/www.electroluxprofessional.com\/tr\/#website\",\"url\":\"https:\/\/www.electroluxprofessional.com\/tr\/\",\"name\":\"Electrolux Professional T\u00fcrkiye\",\"description\":\"\",\"potentialAction\":[{\"@type\":\"SearchAction\",\"target\":{\"@type\":\"EntryPoint\",\"urlTemplate\":\"https:\/\/www.electroluxprofessional.com\/tr\/?src={search_term_string}\"},\"query-input\":\"required name=search_term_string\"}],\"inLanguage\":\"tr\"}]}<\/script>\n<!-- \/ Yoast SEO plugin. -->","yoast_head_json":{"title":"Aksesuarlar ve Sarf Malzemeleri - \u00c7ama\u015f\u0131rhane - Electrolux Professional T\u00fcrkiye","description":"Narin giysiler i\u00e7in deterjanlar, ergonomik arabalar ve raf sistemleri. Profesyonel \u00c7ama\u015f\u0131rhane Aksesuarlar\u0131m\u0131z\u0131 \u015fimdi ke\u015ffedin.","robots":{"index":"index","follow":"follow","max-snippet":"max-snippet:-1","max-image-preview":"max-image-preview:large","max-video-preview":"max-video-preview:-1"},"canonical":"https:\/\/www.electroluxprofessional.com\/tr\/aksesuarlar-sarf-malzemeleri\/aksesuarlar-ve-sarf-malzemeleri-camasirhane\/","og_locale":"tr_TR","og_type":"article","og_title":"Aksesuarlar ve Sarf Malzemeleri - \u00c7ama\u015f\u0131rhane - Electrolux Professional T\u00fcrkiye","og_description":"Narin giysiler i\u00e7in deterjanlar, ergonomik arabalar ve raf sistemleri. Profesyonel \u00c7ama\u015f\u0131rhane Aksesuarlar\u0131m\u0131z\u0131 \u015fimdi ke\u015ffedin.","og_url":"https:\/\/www.electroluxprofessional.com\/tr\/aksesuarlar-sarf-malzemeleri\/aksesuarlar-ve-sarf-malzemeleri-camasirhane\/","og_site_name":"Electrolux Professional T\u00fcrkiye","article_modified_time":"2025-07-29T08:58:08+00:00","twitter_card":"summary_large_image","twitter_misc":{"Tahmini okuma s\u00fcresi":"2 dakika"},"schema":{"@context":"https:\/\/schema.org","@graph":[{"@type":"WebPage","@id":"https:\/\/www.electroluxprofessional.com\/tr\/aksesuarlar-sarf-malzemeleri\/aksesuarlar-ve-sarf-malzemeleri-camasirhane\/","url":"https:\/\/www.electroluxprofessional.com\/tr\/aksesuarlar-sarf-malzemeleri\/aksesuarlar-ve-sarf-malzemeleri-camasirhane\/","name":"Aksesuarlar ve Sarf Malzemeleri - \u00c7ama\u015f\u0131rhane - Electrolux Professional T\u00fcrkiye","isPartOf":{"@id":"https:\/\/www.electroluxprofessional.com\/tr\/#website"},"datePublished":"2017-01-13T12:52:03+00:00","dateModified":"2025-07-29T08:58:08+00:00","description":"Narin giysiler i\u00e7in deterjanlar, ergonomik arabalar ve raf sistemleri. Profesyonel \u00c7ama\u015f\u0131rhane Aksesuarlar\u0131m\u0131z\u0131 \u015fimdi ke\u015ffedin.","breadcrumb":{"@id":"https:\/\/www.electroluxprofessional.com\/tr\/aksesuarlar-sarf-malzemeleri\/aksesuarlar-ve-sarf-malzemeleri-camasirhane\/#breadcrumb"},"inLanguage":"tr","potentialAction":[{"@type":"ReadAction","target":["https:\/\/www.electroluxprofessional.com\/tr\/aksesuarlar-sarf-malzemeleri\/aksesuarlar-ve-sarf-malzemeleri-camasirhane\/"]}]},{"@type":"BreadcrumbList","@id":"https:\/\/www.electroluxprofessional.com\/tr\/aksesuarlar-sarf-malzemeleri\/aksesuarlar-ve-sarf-malzemeleri-camasirhane\/#breadcrumb","itemListElement":[{"@type":"ListItem","position":1,"name":"Home","item":"https:\/\/www.electroluxprofessional.com\/tr\/"},{"@type":"ListItem","position":2,"name":"Aksesuarlar ve Sarf Malzemeleri","item":"https:\/\/www.electroluxprofessional.com\/tr\/aksesuarlar-sarf-malzemeleri\/"},{"@type":"ListItem","position":3,"name":"Aksesuarlar ve Sarf Malzemeleri &#8211; \u00c7ama\u015f\u0131rhane"}]},{"@type":"WebSite","@id":"https:\/\/www.electroluxprofessional.com\/tr\/#website","url":"https:\/\/www.electroluxprofessional.com\/tr\/","name":"Electrolux Professional T\u00fcrkiye","description":"","potentialAction":[{"@type":"SearchAction","target":{"@type":"EntryPoint","urlTemplate":"https:\/\/www.electroluxprofessional.com\/tr\/?src={search_term_string}"},"query-input":"required name=search_term_string"}],"inLanguage":"tr"}]}},"_links":{"self":[{"href":"https:\/\/www.electroluxprofessional.com\/tr\/wp-json\/wp\/v2\/pages\/4613"}],"collection":[{"href":"https:\/\/www.electroluxprofessional.com\/tr\/wp-json\/wp\/v2\/pages"}],"about":[{"href":"https:\/\/www.electroluxprofessional.com\/tr\/wp-json\/wp\/v2\/types\/page"}],"author":[{"embeddable":true,"href":"https:\/\/www.electroluxprofessional.com\/tr\/wp-json\/wp\/v2\/users\/3"}],"replies":[{"embeddable":true,"href":"https:\/\/www.electroluxprofessional.com\/tr\/wp-json\/wp\/v2\/comments?post=4613"}],"version-history":[{"count":24,"href":"https:\/\/www.electroluxprofessional.com\/tr\/wp-json\/wp\/v2\/pages\/4613\/revisions"}],"predecessor-version":[{"id":21587,"href":"https:\/\/www.electroluxprofessional.com\/tr\/wp-json\/wp\/v2\/pages\/4613\/revisions\/21587"}],"up":[{"embeddable":true,"href":"https:\/\/www.electroluxprofessional.com\/tr\/wp-json\/wp\/v2\/pages\/1371"}],"wp:attachment":[{"href":"https:\/\/www.electroluxprofessional.com\/tr\/wp-json\/wp\/v2\/media?parent=4613"}],"curies":[{"name":"wp","href":"https:\/\/api.w.org\/{rel}","templated":true}]}}