{"id":4435,"date":"2019-03-28T17:13:44","date_gmt":"2019-03-28T16:13:44","guid":{"rendered":"https:\/\/www.electroluxprofessional.com\/?page_id=22205"},"modified":"2025-12-16T14:46:31","modified_gmt":"2025-12-16T14:46:31","slug":"dondurulmus-icecekler-ve-krema-dispenserleri","status":"publish","type":"page","link":"https:\/\/www.electroluxprofessional.com\/tr\/isletmeniz-icin-icecek-cozumleri\/dondurulmus-icecekler-ve-krema-dispenserleri\/","title":{"rendered":"Dondurulmu\u015f \u0130\u00e7ecekler ve Krema Dispenserleri"},"content":{"rendered":"<p>[vc_row full_width=&#8221;electroluxpro-full-width-no-padding&#8221;][vc_column][elx_image_block background_image=&#8221;4426&#8243; minimum_height=&#8221;350px&#8221;][vc_empty_space][\/vc_column][\/vc_row][vc_row][vc_column][elx_heading font_container=&#8221;h1&#8243; font_size=&#8221;h3&#8243; text_color=&#8221;electrolux-blue&#8221; text_align=&#8221;text-left&#8221;]Dondurulmu\u015f i\u00e7ecekler ve krema dispenserleri[\/elx_heading][vc_column_text]Y\u0131l boyunca m\u00fc\u015fterilerinizin arad\u0131\u011f\u0131 damak tad\u0131n\u0131 sa\u011flamak \u00fczere, dondurulmu\u015f i\u00e7eceklerde sonsuz se\u00e7enekler sunan esneklik ve yenilik.[\/vc_column_text][vc_empty_space][\/vc_column][\/vc_row][vc_row][vc_column width=&#8221;1\/2&#8243;][vc_row_inner][vc_column_inner width=&#8221;1\/4&#8243;][vc_single_image image=&#8221;4428&#8243; img_size=&#8221;40&#215;40&#8243;][\/vc_column_inner][vc_column_inner width=&#8221;3\/4&#8243;][elx_heading font_size=&#8221;h3&#8243; text_color=&#8221;inherit&#8221; text_align=&#8221;text-left&#8221;]Tasar\u0131m ve teknoloji[\/elx_heading][vc_column_text]Kullan\u0131c\u0131 dostu, az bak\u0131m gerektiren so\u011futma sistemi.[\/vc_column_text][\/vc_column_inner][\/vc_row_inner][\/vc_column][vc_column width=&#8221;1\/2&#8243;][vc_row_inner][vc_column_inner width=&#8221;1\/4&#8243;][elx_icons icon_electroluxpro=&#8221;elx-icon icon-circle-recycle-blue&#8221;][\/vc_column_inner][vc_column_inner width=&#8221;3\/4&#8243;][elx_heading font_size=&#8221;h3&#8243; text_color=&#8221;inherit&#8221; text_align=&#8221;text-left&#8221;]Esnek kullan\u0131m[\/elx_heading][vc_column_text]Her seferinde, do\u011fru dondurulmu\u015f i\u00e7ecek servisi.[\/vc_column_text][\/vc_column_inner][\/vc_row_inner][\/vc_column][\/vc_row][vc_row][vc_column][vc_column_text][\/vc_column_text][\/vc_column][\/vc_row][vc_row][vc_column width=&#8221;1\/2&#8243;][elx_heading font_size=&#8221;h3&#8243; text_color=&#8221;electrolux-blue&#8221; text_align=&#8221;text-left&#8221;]Dondurulmu\u015f Granita Dispenserleri[\/elx_heading][elx_heading font_container=&#8221;h3&#8243; font_size=&#8221;h5&#8243; text_color=&#8221;electrolux-blue&#8221; text_align=&#8221;text-left&#8221;]Yenilik, performans ve tasar\u0131m[\/elx_heading][vc_column_text]K\u00fc\u00e7\u00fck barlardan y\u00fcksek hacimli i\u015fletmelere.<\/p>\n<p><strong>PATENTL\u0130** I-TANK TEKNOLOJ\u0130S\u0130\u00a0<\/strong>sayesinde slush k\u0131vam\u0131n\u0131 m\u00fckemmel bir \u015fekilde korur. Haznenin yenilik\u00e7i tasar\u0131m\u0131, \u0131s\u0131y\u0131 yaz s\u0131cakl\u0131\u011f\u0131ndan kontrol ve izole etmek \u00fczere tasarlanm\u0131\u015ft\u0131r.<\/p>\n<p>G\u00f6steri\u015fli ve renkli bu dispenser, m\u00fc\u015fterilerinizi ferahlat\u0131c\u0131 bir mola vermeye \u00e7ekecektir.<\/p>\n<p style=\"font-size: 11px;\">** Patentli (EP2680708 ve ilgili aile)<\/p>\n<p>[\/vc_column_text][vc_empty_space height=&#8221;50px&#8221;][\/vc_column][vc_column width=&#8221;1\/2&#8243;][vc_empty_space][vc_single_image image=&#8221;23242&#8243; img_size=&#8221;medium&#8221; alignment=&#8221;center&#8221;][elx_heading font_container=&#8221;h3&#8243; text_color=&#8221;inherit&#8221; text_align=&#8221;text-center&#8221;]I-PRO[\/elx_heading][vc_empty_space][\/vc_column][\/vc_row][vc_row][vc_column][vc_column_text][\/vc_column_text][\/vc_column][\/vc_row][vc_row][vc_column width=&#8221;1\/2&#8243;][elx_heading font_size=&#8221;h3&#8243; text_color=&#8221;electrolux-blue&#8221; text_align=&#8221;text-left&#8221;]Dondurulmu\u015f Krema Dispenserleri[\/elx_heading][elx_heading font_container=&#8221;h3&#8243; font_size=&#8221;h5&#8243; text_color=&#8221;electrolux-blue&#8221; text_align=&#8221;text-left&#8221;]Men\u00fcn\u00fcz\u00fc geli\u015ftirmek i\u00e7in kolay ve lezzetli bir y\u00f6ntem[\/elx_heading][vc_column_text]Dondurulmu\u015f krema dispenserlerimiz\u00a0<strong>t\u00fcr\u00fcn\u00fcn en k\u00fc\u00e7\u00fcklerindendir<\/strong>. Electrolux Professional\u2019\u00fcn yeni dondurulmu\u015f dispenser \u00fcr\u00fcn serisi ile m\u00fc\u015fterilerinize sundu\u011funuz \u00e7\u00f6z\u00fcmleri geni\u015fletin, k\u00e2rl\u0131l\u0131\u011f\u0131n\u0131z\u0131 artt\u0131r\u0131n ve yeni m\u00fc\u015fterilerin ilgisini \u00e7ekin.[\/vc_column_text][\/vc_column][vc_column width=&#8221;1\/2&#8243;][vc_empty_space][vc_single_image image=&#8221;23243&#8243; img_size=&#8221;medium&#8221; alignment=&#8221;center&#8221;][\/vc_column][\/vc_row][vc_row][vc_column][vc_empty_space height=&#8221;30px&#8221;][\/vc_column][\/vc_row][vc_row full_width=&#8221;electroluxpro-full-width-no-padding&#8221; css=&#8221;.vc_custom_1553177121446{background-image: url(https:\/\/www.electroluxprofessional.com\/wp-content\/uploads\/2019\/03\/frozen-granita-watermelon-flavor-2000&#215;3000.jpg?id=22219) !important;background-position: center !important;background-repeat: no-repeat !important;background-size: cover !important;}&#8221;][vc_column width=&#8221;1\/2&#8243;][vc_empty_space height=&#8221;300px&#8221;][\/vc_column][vc_column width=&#8221;1\/2&#8243;][vc_single_image image=&#8221;4432&#8243; img_size=&#8221;medium&#8221; alignment=&#8221;center&#8221; css=&#8221;.vc_custom_1553177159219{border-top-width: -90px !important;}&#8221;][\/vc_column][\/vc_row][vc_row][vc_column][vc_empty_space height=&#8221;15px&#8221;][\/vc_column][\/vc_row][vc_row][vc_column width=&#8221;1\/2&#8243;][elx_heading font_size=&#8221;h3&#8243; text_color=&#8221;electrolux-blue&#8221; text_align=&#8221;text-left&#8221;]\u015eerbet &amp; Dondurulmu\u015f Krema Dispenserleri[\/elx_heading][elx_heading font_container=&#8221;h3&#8243; font_size=&#8221;h5&#8243; text_color=&#8221;electrolux-blue&#8221; text_align=&#8221;text-left&#8221;]Sadece en iyi kalite ve tazelikteki \u00fcr\u00fcnleri servis edin[\/elx_heading][vc_column_text]Electrolux Professional\u2019\u0131n yeni \u015ferbet ve dondurulmu\u015f krema dispenserleri ile, b\u0131rak\u0131n yarat\u0131c\u0131l\u0131\u011f\u0131n\u0131z aks\u0131n. Modern tasar\u0131m\u0131 ve <strong>LED ayd\u0131nlatmas\u0131yla<\/strong> m\u00fc\u015fterilerin ilgisini \u00e7ekin.<\/p>\n<p><strong>PATENTL\u0130* Hibrid Doku Kontrol\u00fc<\/strong> sayesinde, son servise kadar sabit s\u0131cakl\u0131\u011f\u0131 ve k\u0131vam\u0131 koruyun. <strong>PATENTL\u0130**I-Tank\u00ae <\/strong>teknolojisi, haznenin d\u0131\u015f k\u0131sm\u0131nda buz birikmesini veya yo\u011funla\u015fmay\u0131 \u00f6nlemeye ek olarak enerji tasarrufu ve daha h\u0131zl\u0131 \u00fcr\u00fcn yo\u011funlu\u011fu sa\u011flar.[\/vc_column_text][vc_empty_space height=&#8221;50px&#8221;][vc_column_text]* Patentli (EP331375B1 ve ilgili aile)<br \/>\n** Patentli (EP2680708 ve ilgili aile)[\/vc_column_text][vc_empty_space height=&#8221;50px&#8221;][\/vc_column][vc_column width=&#8221;1\/2&#8243;][vc_empty_space][vc_single_image image=&#8221;23244&#8243; img_size=&#8221;medium&#8221; alignment=&#8221;center&#8221;][elx_heading font_container=&#8221;h3&#8243; text_color=&#8221;inherit&#8221; text_align=&#8221;text-center&#8221;]SP[\/elx_heading][vc_empty_space][\/vc_column][\/vc_row][vc_row][vc_column width=&#8221;1\/2&#8243;][elx_heading font_size=&#8221;h3&#8243; text_color=&#8221;electrolux-blue&#8221; text_align=&#8221;text-left&#8221;]Dondurulmu\u015f Granita, Dondurulmu\u015f Krema ve Soft Dondurma Dispenserleri[\/elx_heading][elx_heading font_container=&#8221;h3&#8243; font_size=&#8221;h5&#8243; text_color=&#8221;electrolux-blue&#8221; text_align=&#8221;text-left&#8221;]Tek \u00e7\u00f6z\u00fcm, be\u015f se\u00e7enek.[\/elx_heading][vc_column_text]<strong>Benzersiz bir \u00e7\u00f6z\u00fcmde 5<\/strong>\u00a0farkl\u0131 so\u011futulmu\u015f ve tatl\u0131\u00a0<strong>spesiyalitesi\u00a0<\/strong>olu\u015fturun: herhangi bir anda ihtiya\u00e7lar\u0131n\u0131za ba\u011fl\u0131 olarak soft dondurma, dondurulmu\u015f yo\u011furt, so\u011futulmu\u015f kahve kremas\u0131, sorbet ve slush \u2018sulu kar\u0131\u015f\u0131m\u2019.<br \/>\n<strong>I-TANK<\/strong>\u00a0teknolojisi hazneyi buzdan veya yo\u011funla\u015fmadan korur.[\/vc_column_text][vc_empty_space height=&#8221;50px&#8221;][\/vc_column][vc_column width=&#8221;1\/2&#8243;][vc_empty_space][vc_single_image image=&#8221;23245&#8243; img_size=&#8221;medium&#8221; alignment=&#8221;center&#8221;][elx_heading font_container=&#8221;h3&#8243; text_color=&#8221;inherit&#8221; text_align=&#8221;text-center&#8221;]GT[\/elx_heading][vc_empty_space][\/vc_column][\/vc_row][vc_row el_id=&#8221;products&#8221;][vc_column][vc_empty_space height=&#8221;42px&#8221;][\/vc_column][\/vc_row][vc_row css=&#8221;.vc_custom_1516904946877{border-top-width: 1px !important;background-color: #ffffff !important;border-top-color: #eeeeee !important;border-top-style: solid !important;}&#8221;][vc_column reveal_effect=&#8221;&#8221;][vc_empty_space height=&#8221;80px&#8221;][elx_heading font_size=&#8221;h3&#8243; text_color=&#8221;inherit&#8221; text_align=&#8221;text-left&#8221;]Dondurulmu\u015f \u0130\u00e7ecek ve Krema Dispenserlerimiz hakk\u0131nda daha fazlas\u0131n\u0131 ke\u015ffedin[\/elx_heading][elx_o2000_contact_us s=&#8221;Request of information about frozen beverage dispensers.&#8221; r=&#8221;I&#8217;d like to find out more about your frozen beverage dispensers. Please get in touch with me. Thanks.&#8221; l=&#8221;en&#8221;][\/vc_column][\/vc_row][vc_row][vc_column][vc_empty_space height=&#8221;100px&#8221;][elx_heading font_size=&#8221;h3&#8243; text_color=&#8221;inherit&#8221; text_align=&#8221;text-left&#8221;]\u0130htiyac\u0131n\u0131za en uygun \u00e7\u00f6z\u00fcm\u00fc bulun[\/elx_heading][\/vc_column][\/vc_row][vc_row][vc_column width=&#8221;1\/3&#8243;][elx_maylike_box id_box=&#8221;1196&#8243;][\/vc_column][vc_column width=&#8221;1\/3&#8243;][elx_maylike_box id_box=&#8221;1498&#8243; matched_labels=&#8221;&#8221;][\/vc_column][vc_column width=&#8221;1\/3&#8243;][elx_maylike_box id_box=&#8221;1504&#8243; matched_labels=&#8221;&#8221;][\/vc_column][\/vc_row]<\/p>\n","protected":false},"excerpt":{"rendered":"<p>[vc_row full_width=&#8221;electroluxpro-full-width-no-padding&#8221;][vc_column][elx_image_block background_image=&#8221;4426&#8243; minimum_height=&#8221;350px&#8221;][vc_empty_space][\/vc_column][\/vc_row][vc_row][vc_column][elx_heading font_container=&#8221;h1&#8243; font_size=&#8221;h3&#8243; text_color=&#8221;electrolux-blue&#8221; text_align=&#8221;text-left&#8221;]Dondurulmu\u015f i\u00e7ecekler ve krema dispenserleri[\/elx_heading][vc_column_text]Y\u0131l boyunca m\u00fc\u015fterilerinizin arad\u0131\u011f\u0131 damak tad\u0131n\u0131 sa\u011flamak \u00fczere, dondurulmu\u015f i\u00e7eceklerde sonsuz se\u00e7enekler sunan esneklik ve yenilik.[\/vc_column_text][vc_empty_space][\/vc_column][\/vc_row][vc_row][vc_column width=&#8221;1\/2&#8243;][vc_row_inner][vc_column_inner width=&#8221;1\/4&#8243;][vc_single_image image=&#8221;4428&#8243; img_size=&#8221;40&#215;40&#8243;][\/vc_column_inner][vc_column_inner width=&#8221;3\/4&#8243;][elx_heading font_size=&#8221;h3&#8243; text_color=&#8221;inherit&#8221; text_align=&#8221;text-left&#8221;]Tasar\u0131m ve teknoloji[\/elx_heading][vc_column_text]Kullan\u0131c\u0131 dostu, az bak\u0131m gerektiren so\u011futma sistemi.[\/vc_column_text][\/vc_column_inner][\/vc_row_inner][\/vc_column][vc_column width=&#8221;1\/2&#8243;][vc_row_inner][vc_column_inner width=&#8221;1\/4&#8243;][elx_icons icon_electroluxpro=&#8221;elx-icon icon-circle-recycle-blue&#8221;][\/vc_column_inner][vc_column_inner width=&#8221;3\/4&#8243;][elx_heading font_size=&#8221;h3&#8243; text_color=&#8221;inherit&#8221; text_align=&#8221;text-left&#8221;]Esnek kullan\u0131m[\/elx_heading][vc_column_text]Her seferinde, do\u011fru dondurulmu\u015f [&hellip;]<\/p>\n","protected":false},"author":3,"featured_media":0,"parent":4377,"menu_order":0,"comment_status":"closed","ping_status":"closed","template":"","meta":{"footnotes":""},"class_list":["post-4435","page","type-page","status-publish","hentry"],"acf":[],"yoast_head":"<!-- This site is optimized with the Yoast SEO plugin v23.3 - https:\/\/yoast.com\/wordpress\/plugins\/seo\/ -->\n<title>Dondurulmu\u015f \u0130\u00e7ecekler ve Krema Dispenserleri - Electrolux Professional T\u00fcrkiye<\/title>\n<meta name=\"description\" content=\"Dondurulmu\u015f i\u00e7ecek dispenserleri; tutarl\u0131, g\u00fcvenilir, g\u00fc\u00e7l\u00fc ve ak\u0131ll\u0131ca bir se\u00e7imdir. Y\u00fcksek s\u0131cakl\u0131k ve nemin oldu\u011fu a\u00e7\u0131k alanlarda bile maksimum dayan\u0131kl\u0131l\u0131k sa\u011flar.\" \/>\n<meta name=\"robots\" content=\"index, follow, max-snippet:-1, max-image-preview:large, max-video-preview:-1\" \/>\n<link rel=\"canonical\" href=\"https:\/\/www.electroluxprofessional.com\/tr\/isletmeniz-icin-icecek-cozumleri\/dondurulmus-icecekler-ve-krema-dispenserleri\/\" \/>\n<meta property=\"og:locale\" content=\"tr_TR\" \/>\n<meta property=\"og:type\" content=\"article\" \/>\n<meta property=\"og:title\" content=\"Dondurulmu\u015f \u0130\u00e7ecekler ve Krema Dispenserleri - Electrolux Professional T\u00fcrkiye\" \/>\n<meta property=\"og:description\" content=\"Dondurulmu\u015f i\u00e7ecek dispenserleri; tutarl\u0131, g\u00fcvenilir, g\u00fc\u00e7l\u00fc ve ak\u0131ll\u0131ca bir se\u00e7imdir. Y\u00fcksek s\u0131cakl\u0131k ve nemin oldu\u011fu a\u00e7\u0131k alanlarda bile maksimum dayan\u0131kl\u0131l\u0131k sa\u011flar.\" \/>\n<meta property=\"og:url\" content=\"https:\/\/www.electroluxprofessional.com\/tr\/isletmeniz-icin-icecek-cozumleri\/dondurulmus-icecekler-ve-krema-dispenserleri\/\" \/>\n<meta property=\"og:site_name\" content=\"Electrolux Professional T\u00fcrkiye\" \/>\n<meta property=\"article:modified_time\" content=\"2025-12-16T14:46:31+00:00\" \/>\n<meta name=\"twitter:card\" content=\"summary_large_image\" \/>\n<meta name=\"twitter:label1\" content=\"Tahmini okuma s\u00fcresi\" \/>\n\t<meta name=\"twitter:data1\" content=\"4 dakika\" \/>\n<script type=\"application\/ld+json\" class=\"yoast-schema-graph\">{\"@context\":\"https:\/\/schema.org\",\"@graph\":[{\"@type\":\"WebPage\",\"@id\":\"https:\/\/www.electroluxprofessional.com\/tr\/isletmeniz-icin-icecek-cozumleri\/dondurulmus-icecekler-ve-krema-dispenserleri\/\",\"url\":\"https:\/\/www.electroluxprofessional.com\/tr\/isletmeniz-icin-icecek-cozumleri\/dondurulmus-icecekler-ve-krema-dispenserleri\/\",\"name\":\"Dondurulmu\u015f \u0130\u00e7ecekler ve Krema Dispenserleri - Electrolux Professional T\u00fcrkiye\",\"isPartOf\":{\"@id\":\"https:\/\/www.electroluxprofessional.com\/tr\/#website\"},\"datePublished\":\"2019-03-28T16:13:44+00:00\",\"dateModified\":\"2025-12-16T14:46:31+00:00\",\"description\":\"Dondurulmu\u015f i\u00e7ecek dispenserleri; tutarl\u0131, g\u00fcvenilir, g\u00fc\u00e7l\u00fc ve ak\u0131ll\u0131ca bir se\u00e7imdir. Y\u00fcksek s\u0131cakl\u0131k ve nemin oldu\u011fu a\u00e7\u0131k alanlarda bile maksimum dayan\u0131kl\u0131l\u0131k sa\u011flar.\",\"breadcrumb\":{\"@id\":\"https:\/\/www.electroluxprofessional.com\/tr\/isletmeniz-icin-icecek-cozumleri\/dondurulmus-icecekler-ve-krema-dispenserleri\/#breadcrumb\"},\"inLanguage\":\"tr\",\"potentialAction\":[{\"@type\":\"ReadAction\",\"target\":[\"https:\/\/www.electroluxprofessional.com\/tr\/isletmeniz-icin-icecek-cozumleri\/dondurulmus-icecekler-ve-krema-dispenserleri\/\"]}]},{\"@type\":\"BreadcrumbList\",\"@id\":\"https:\/\/www.electroluxprofessional.com\/tr\/isletmeniz-icin-icecek-cozumleri\/dondurulmus-icecekler-ve-krema-dispenserleri\/#breadcrumb\",\"itemListElement\":[{\"@type\":\"ListItem\",\"position\":1,\"name\":\"Home\",\"item\":\"https:\/\/www.electroluxprofessional.com\/tr\/\"},{\"@type\":\"ListItem\",\"position\":2,\"name\":\"\u0130\u00e7ecek\",\"item\":\"https:\/\/www.electroluxprofessional.com\/tr\/isletmeniz-icin-icecek-cozumleri\/\"},{\"@type\":\"ListItem\",\"position\":3,\"name\":\"Dondurulmu\u015f \u0130\u00e7ecekler ve Krema Dispenserleri\"}]},{\"@type\":\"WebSite\",\"@id\":\"https:\/\/www.electroluxprofessional.com\/tr\/#website\",\"url\":\"https:\/\/www.electroluxprofessional.com\/tr\/\",\"name\":\"Electrolux Professional T\u00fcrkiye\",\"description\":\"\",\"potentialAction\":[{\"@type\":\"SearchAction\",\"target\":{\"@type\":\"EntryPoint\",\"urlTemplate\":\"https:\/\/www.electroluxprofessional.com\/tr\/?src={search_term_string}\"},\"query-input\":\"required name=search_term_string\"}],\"inLanguage\":\"tr\"}]}<\/script>\n<!-- \/ Yoast SEO plugin. -->","yoast_head_json":{"title":"Dondurulmu\u015f \u0130\u00e7ecekler ve Krema Dispenserleri - Electrolux Professional T\u00fcrkiye","description":"Dondurulmu\u015f i\u00e7ecek dispenserleri; tutarl\u0131, g\u00fcvenilir, g\u00fc\u00e7l\u00fc ve ak\u0131ll\u0131ca bir se\u00e7imdir. Y\u00fcksek s\u0131cakl\u0131k ve nemin oldu\u011fu a\u00e7\u0131k alanlarda bile maksimum dayan\u0131kl\u0131l\u0131k sa\u011flar.","robots":{"index":"index","follow":"follow","max-snippet":"max-snippet:-1","max-image-preview":"max-image-preview:large","max-video-preview":"max-video-preview:-1"},"canonical":"https:\/\/www.electroluxprofessional.com\/tr\/isletmeniz-icin-icecek-cozumleri\/dondurulmus-icecekler-ve-krema-dispenserleri\/","og_locale":"tr_TR","og_type":"article","og_title":"Dondurulmu\u015f \u0130\u00e7ecekler ve Krema Dispenserleri - Electrolux Professional T\u00fcrkiye","og_description":"Dondurulmu\u015f i\u00e7ecek dispenserleri; tutarl\u0131, g\u00fcvenilir, g\u00fc\u00e7l\u00fc ve ak\u0131ll\u0131ca bir se\u00e7imdir. Y\u00fcksek s\u0131cakl\u0131k ve nemin oldu\u011fu a\u00e7\u0131k alanlarda bile maksimum dayan\u0131kl\u0131l\u0131k sa\u011flar.","og_url":"https:\/\/www.electroluxprofessional.com\/tr\/isletmeniz-icin-icecek-cozumleri\/dondurulmus-icecekler-ve-krema-dispenserleri\/","og_site_name":"Electrolux Professional T\u00fcrkiye","article_modified_time":"2025-12-16T14:46:31+00:00","twitter_card":"summary_large_image","twitter_misc":{"Tahmini okuma s\u00fcresi":"4 dakika"},"schema":{"@context":"https:\/\/schema.org","@graph":[{"@type":"WebPage","@id":"https:\/\/www.electroluxprofessional.com\/tr\/isletmeniz-icin-icecek-cozumleri\/dondurulmus-icecekler-ve-krema-dispenserleri\/","url":"https:\/\/www.electroluxprofessional.com\/tr\/isletmeniz-icin-icecek-cozumleri\/dondurulmus-icecekler-ve-krema-dispenserleri\/","name":"Dondurulmu\u015f \u0130\u00e7ecekler ve Krema Dispenserleri - Electrolux Professional T\u00fcrkiye","isPartOf":{"@id":"https:\/\/www.electroluxprofessional.com\/tr\/#website"},"datePublished":"2019-03-28T16:13:44+00:00","dateModified":"2025-12-16T14:46:31+00:00","description":"Dondurulmu\u015f i\u00e7ecek dispenserleri; tutarl\u0131, g\u00fcvenilir, g\u00fc\u00e7l\u00fc ve ak\u0131ll\u0131ca bir se\u00e7imdir. Y\u00fcksek s\u0131cakl\u0131k ve nemin oldu\u011fu a\u00e7\u0131k alanlarda bile maksimum dayan\u0131kl\u0131l\u0131k sa\u011flar.","breadcrumb":{"@id":"https:\/\/www.electroluxprofessional.com\/tr\/isletmeniz-icin-icecek-cozumleri\/dondurulmus-icecekler-ve-krema-dispenserleri\/#breadcrumb"},"inLanguage":"tr","potentialAction":[{"@type":"ReadAction","target":["https:\/\/www.electroluxprofessional.com\/tr\/isletmeniz-icin-icecek-cozumleri\/dondurulmus-icecekler-ve-krema-dispenserleri\/"]}]},{"@type":"BreadcrumbList","@id":"https:\/\/www.electroluxprofessional.com\/tr\/isletmeniz-icin-icecek-cozumleri\/dondurulmus-icecekler-ve-krema-dispenserleri\/#breadcrumb","itemListElement":[{"@type":"ListItem","position":1,"name":"Home","item":"https:\/\/www.electroluxprofessional.com\/tr\/"},{"@type":"ListItem","position":2,"name":"\u0130\u00e7ecek","item":"https:\/\/www.electroluxprofessional.com\/tr\/isletmeniz-icin-icecek-cozumleri\/"},{"@type":"ListItem","position":3,"name":"Dondurulmu\u015f \u0130\u00e7ecekler ve Krema Dispenserleri"}]},{"@type":"WebSite","@id":"https:\/\/www.electroluxprofessional.com\/tr\/#website","url":"https:\/\/www.electroluxprofessional.com\/tr\/","name":"Electrolux Professional T\u00fcrkiye","description":"","potentialAction":[{"@type":"SearchAction","target":{"@type":"EntryPoint","urlTemplate":"https:\/\/www.electroluxprofessional.com\/tr\/?src={search_term_string}"},"query-input":"required name=search_term_string"}],"inLanguage":"tr"}]}},"_links":{"self":[{"href":"https:\/\/www.electroluxprofessional.com\/tr\/wp-json\/wp\/v2\/pages\/4435"}],"collection":[{"href":"https:\/\/www.electroluxprofessional.com\/tr\/wp-json\/wp\/v2\/pages"}],"about":[{"href":"https:\/\/www.electroluxprofessional.com\/tr\/wp-json\/wp\/v2\/types\/page"}],"author":[{"embeddable":true,"href":"https:\/\/www.electroluxprofessional.com\/tr\/wp-json\/wp\/v2\/users\/3"}],"replies":[{"embeddable":true,"href":"https:\/\/www.electroluxprofessional.com\/tr\/wp-json\/wp\/v2\/comments?post=4435"}],"version-history":[{"count":35,"href":"https:\/\/www.electroluxprofessional.com\/tr\/wp-json\/wp\/v2\/pages\/4435\/revisions"}],"predecessor-version":[{"id":23483,"href":"https:\/\/www.electroluxprofessional.com\/tr\/wp-json\/wp\/v2\/pages\/4435\/revisions\/23483"}],"up":[{"embeddable":true,"href":"https:\/\/www.electroluxprofessional.com\/tr\/wp-json\/wp\/v2\/pages\/4377"}],"wp:attachment":[{"href":"https:\/\/www.electroluxprofessional.com\/tr\/wp-json\/wp\/v2\/media?parent=4435"}],"curies":[{"name":"wp","href":"https:\/\/api.w.org\/{rel}","templated":true}]}}