{"id":4377,"date":"2019-03-28T17:19:04","date_gmt":"2019-03-28T16:19:04","guid":{"rendered":"https:\/\/www.electroluxprofessional.com\/?page_id=22125"},"modified":"2023-10-20T13:15:00","modified_gmt":"2023-10-20T13:15:00","slug":"isletmeniz-icin-icecek-cozumleri","status":"publish","type":"page","link":"https:\/\/www.electroluxprofessional.com\/tr\/isletmeniz-icin-icecek-cozumleri\/","title":{"rendered":"\u0130\u00e7ecek"},"content":{"rendered":"<p>[vc_row full_width=&#8221;electroluxpro-full-width-no-padding&#8221;][vc_column][vc_single_image image=&#8221;4376&#8243; img_size=&#8221;2000&#215;350&#8243; alignment=&#8221;center&#8221;][\/vc_column][\/vc_row][vc_row][vc_column][vc_empty_space][elx_heading font_container=&#8221;h1&#8243; font_size=&#8221;h3&#8243; text_color=&#8221;inherit&#8221; text_align=&#8221;text-left&#8221;]\u0130\u015fletmeniz i\u00e7in i\u00e7ecek \u00e7\u00f6z\u00fcmleri[\/elx_heading][vc_column_text]Electrolux Professional, kahve at\u0131klar\u0131n\u0131 azalt\u0131rken i\u00e7ecek ikramlar\u0131n\u0131z\u0131 geni\u015fletmek, kullan\u0131m\u0131 kolayla\u015ft\u0131rmak ve m\u00fc\u015fterilerinizin lezzetli, kaliteli i\u00e7ecek beklentilerini kar\u015f\u0131lamak i\u00e7in yarat\u0131lan yeni<strong> i\u00e7ecek \u00e7\u00f6z\u00fcmlerini<\/strong> sunar.[\/vc_column_text][vc_empty_space height=&#8221;80px&#8221;][\/vc_column][\/vc_row][vc_row][vc_column width=&#8221;1\/4&#8243;][elx_navigation_branch image=&#8221;4372&#8243; menu_list=&#8221;5349&#8243;][\/vc_column][vc_column width=&#8221;1\/4&#8243;][elx_navigation_branch image=&#8221;4373&#8243; menu_list=&#8221;5354&#8243;][\/vc_column][vc_column width=&#8221;1\/4&#8243;][elx_navigation_branch image=&#8221;4374&#8243; menu_list=&#8221;5359&#8243;][\/vc_column][vc_column width=&#8221;1\/4&#8243;][elx_navigation_branch image=&#8221;14420&#8243; menu_list=&#8221;5361&#8243;][\/vc_column][\/vc_row][vc_row matched_labels=&#8221;&#8221; css=&#8221;.vc_custom_1697807684899{border-top-width: 1px !important;background-color: #ffffff !important;border-top-color: #eeeeee !important;}&#8221;][vc_column reveal_effect=&#8221;&#8221;][vc_empty_space height=&#8221;70px&#8221;][elx_heading font_size=&#8221;h3&#8243; text_color=&#8221;inherit&#8221; text_align=&#8221;text-left&#8221;]\u0130\u00e7ecek \u00c7\u00f6z\u00fcmleri hakk\u0131nda daha fazlas\u0131n\u0131 ke\u015ffedin[\/elx_heading][elx_o2000_contact_us s=&#8221;Request of information about Beverage Solutions&#8221; country=&#8221;Turkey&#8221; postion_button=&#8221;text-left&#8221; postion_button_mobile=&#8221;text-left-mobile&#8221; r=&#8221;\u0130\u00e7ecek \u00c7\u00f6z\u00fcmleri hakk\u0131nda daha fazla bilgi edinmek istiyorum, l\u00fctfen benimle ileti\u015fime ge\u00e7in.&#8221; l=&#8221;tr&#8221;][\/vc_column][\/vc_row][vc_row][vc_column][vc_empty_space height=&#8221;100px&#8221;][elx_heading font_size=&#8221;h3&#8243; text_color=&#8221;inherit&#8221; text_align=&#8221;text-left&#8221;]\u0130\u015fletmenize y\u00f6nelik komple \u00e7\u00f6z\u00fcmler[\/elx_heading][\/vc_column][\/vc_row][vc_row][vc_column width=&#8221;1\/3&#8243;][elx_maylike_box id_box=&#8221;1196&#8243;][\/vc_column][vc_column width=&#8221;1\/3&#8243;][elx_maylike_box id_box=&#8221;1498&#8243;][\/vc_column][vc_column width=&#8221;1\/3&#8243;][elx_maylike_box id_box=&#8221;1504&#8243;][\/vc_column][\/vc_row]<\/p>\n","protected":false},"excerpt":{"rendered":"<p>[vc_row full_width=&#8221;electroluxpro-full-width-no-padding&#8221;][vc_column][vc_single_image image=&#8221;4376&#8243; img_size=&#8221;2000&#215;350&#8243; alignment=&#8221;center&#8221;][\/vc_column][\/vc_row][vc_row][vc_column][vc_empty_space][elx_heading font_container=&#8221;h1&#8243; font_size=&#8221;h3&#8243; text_color=&#8221;inherit&#8221; text_align=&#8221;text-left&#8221;]\u0130\u015fletmeniz i\u00e7in i\u00e7ecek \u00e7\u00f6z\u00fcmleri[\/elx_heading][vc_column_text]Electrolux Professional, kahve at\u0131klar\u0131n\u0131 azalt\u0131rken i\u00e7ecek ikramlar\u0131n\u0131z\u0131 geni\u015fletmek, kullan\u0131m\u0131 kolayla\u015ft\u0131rmak ve m\u00fc\u015fterilerinizin lezzetli, kaliteli i\u00e7ecek beklentilerini kar\u015f\u0131lamak i\u00e7in yarat\u0131lan yeni i\u00e7ecek \u00e7\u00f6z\u00fcmlerini sunar.[\/vc_column_text][vc_empty_space height=&#8221;80px&#8221;][\/vc_column][\/vc_row][vc_row][vc_column width=&#8221;1\/4&#8243;][elx_navigation_branch image=&#8221;4372&#8243; menu_list=&#8221;5349&#8243;][\/vc_column][vc_column width=&#8221;1\/4&#8243;][elx_navigation_branch image=&#8221;4373&#8243; menu_list=&#8221;5354&#8243;][\/vc_column][vc_column width=&#8221;1\/4&#8243;][elx_navigation_branch image=&#8221;4374&#8243; menu_list=&#8221;5359&#8243;][\/vc_column][vc_column width=&#8221;1\/4&#8243;][elx_navigation_branch image=&#8221;14420&#8243; menu_list=&#8221;5361&#8243;][\/vc_column][\/vc_row][vc_row matched_labels=&#8221;&#8221; css=&#8221;.vc_custom_1697807684899{border-top-width: 1px !important;background-color: #ffffff !important;border-top-color: #eeeeee !important;}&#8221;][vc_column [&hellip;]<\/p>\n","protected":false},"author":3,"featured_media":0,"parent":0,"menu_order":0,"comment_status":"closed","ping_status":"closed","template":"","meta":{"footnotes":""},"class_list":["post-4377","page","type-page","status-publish","hentry"],"acf":[],"yoast_head":"<!-- This site is optimized with the Yoast SEO plugin v23.3 - https:\/\/yoast.com\/wordpress\/plugins\/seo\/ -->\n<title>\u0130\u015fletmeniz i\u00e7in i\u00e7ecek \u00e7\u00f6z\u00fcmleri<\/title>\n<meta name=\"description\" content=\"Electrolux Professional, kahve at\u0131klar\u0131n\u0131 azalt\u0131rken i\u00e7ecek ikramlar\u0131n\u0131z\u0131 geni\u015fletmek, kullan\u0131m\u0131 kolayla\u015ft\u0131rmak ve m\u00fc\u015fterilerinizin lezzetli, kaliteli i\u00e7ecek beklentilerini kar\u015f\u0131lamak i\u00e7in yarat\u0131lan yeni i\u00e7ecek \u00e7\u00f6z\u00fcmlerini sunar.\" \/>\n<meta name=\"robots\" content=\"index, follow, max-snippet:-1, max-image-preview:large, max-video-preview:-1\" \/>\n<link rel=\"canonical\" href=\"https:\/\/www.electroluxprofessional.com\/tr\/isletmeniz-icin-icecek-cozumleri\/\" \/>\n<meta property=\"og:locale\" content=\"tr_TR\" \/>\n<meta property=\"og:type\" content=\"article\" \/>\n<meta property=\"og:title\" content=\"\u0130\u015fletmeniz i\u00e7in i\u00e7ecek \u00e7\u00f6z\u00fcmleri\" \/>\n<meta property=\"og:description\" content=\"Electrolux Professional, kahve at\u0131klar\u0131n\u0131 azalt\u0131rken i\u00e7ecek ikramlar\u0131n\u0131z\u0131 geni\u015fletmek, kullan\u0131m\u0131 kolayla\u015ft\u0131rmak ve m\u00fc\u015fterilerinizin lezzetli, kaliteli i\u00e7ecek beklentilerini kar\u015f\u0131lamak i\u00e7in yarat\u0131lan yeni i\u00e7ecek \u00e7\u00f6z\u00fcmlerini sunar.\" \/>\n<meta property=\"og:url\" content=\"https:\/\/www.electroluxprofessional.com\/tr\/isletmeniz-icin-icecek-cozumleri\/\" \/>\n<meta property=\"og:site_name\" content=\"Electrolux Professional T\u00fcrkiye\" \/>\n<meta property=\"article:modified_time\" content=\"2023-10-20T13:15:00+00:00\" \/>\n<meta name=\"twitter:card\" content=\"summary_large_image\" \/>\n<meta name=\"twitter:label1\" content=\"Tahmini okuma s\u00fcresi\" \/>\n\t<meta name=\"twitter:data1\" content=\"2 dakika\" \/>\n<script type=\"application\/ld+json\" class=\"yoast-schema-graph\">{\"@context\":\"https:\/\/schema.org\",\"@graph\":[{\"@type\":\"WebPage\",\"@id\":\"https:\/\/www.electroluxprofessional.com\/tr\/isletmeniz-icin-icecek-cozumleri\/\",\"url\":\"https:\/\/www.electroluxprofessional.com\/tr\/isletmeniz-icin-icecek-cozumleri\/\",\"name\":\"\u0130\u015fletmeniz i\u00e7in i\u00e7ecek \u00e7\u00f6z\u00fcmleri\",\"isPartOf\":{\"@id\":\"https:\/\/www.electroluxprofessional.com\/tr\/#website\"},\"datePublished\":\"2019-03-28T16:19:04+00:00\",\"dateModified\":\"2023-10-20T13:15:00+00:00\",\"description\":\"Electrolux Professional, kahve at\u0131klar\u0131n\u0131 azalt\u0131rken i\u00e7ecek ikramlar\u0131n\u0131z\u0131 geni\u015fletmek, kullan\u0131m\u0131 kolayla\u015ft\u0131rmak ve m\u00fc\u015fterilerinizin lezzetli, kaliteli i\u00e7ecek beklentilerini kar\u015f\u0131lamak i\u00e7in yarat\u0131lan yeni i\u00e7ecek \u00e7\u00f6z\u00fcmlerini sunar.\",\"breadcrumb\":{\"@id\":\"https:\/\/www.electroluxprofessional.com\/tr\/isletmeniz-icin-icecek-cozumleri\/#breadcrumb\"},\"inLanguage\":\"tr\",\"potentialAction\":[{\"@type\":\"ReadAction\",\"target\":[\"https:\/\/www.electroluxprofessional.com\/tr\/isletmeniz-icin-icecek-cozumleri\/\"]}]},{\"@type\":\"BreadcrumbList\",\"@id\":\"https:\/\/www.electroluxprofessional.com\/tr\/isletmeniz-icin-icecek-cozumleri\/#breadcrumb\",\"itemListElement\":[{\"@type\":\"ListItem\",\"position\":1,\"name\":\"Home\",\"item\":\"https:\/\/www.electroluxprofessional.com\/tr\/\"},{\"@type\":\"ListItem\",\"position\":2,\"name\":\"\u0130\u00e7ecek\"}]},{\"@type\":\"WebSite\",\"@id\":\"https:\/\/www.electroluxprofessional.com\/tr\/#website\",\"url\":\"https:\/\/www.electroluxprofessional.com\/tr\/\",\"name\":\"Electrolux Professional T\u00fcrkiye\",\"description\":\"\",\"potentialAction\":[{\"@type\":\"SearchAction\",\"target\":{\"@type\":\"EntryPoint\",\"urlTemplate\":\"https:\/\/www.electroluxprofessional.com\/tr\/?src={search_term_string}\"},\"query-input\":\"required name=search_term_string\"}],\"inLanguage\":\"tr\"}]}<\/script>\n<!-- \/ Yoast SEO plugin. -->","yoast_head_json":{"title":"\u0130\u015fletmeniz i\u00e7in i\u00e7ecek \u00e7\u00f6z\u00fcmleri","description":"Electrolux Professional, kahve at\u0131klar\u0131n\u0131 azalt\u0131rken i\u00e7ecek ikramlar\u0131n\u0131z\u0131 geni\u015fletmek, kullan\u0131m\u0131 kolayla\u015ft\u0131rmak ve m\u00fc\u015fterilerinizin lezzetli, kaliteli i\u00e7ecek beklentilerini kar\u015f\u0131lamak i\u00e7in yarat\u0131lan yeni i\u00e7ecek \u00e7\u00f6z\u00fcmlerini sunar.","robots":{"index":"index","follow":"follow","max-snippet":"max-snippet:-1","max-image-preview":"max-image-preview:large","max-video-preview":"max-video-preview:-1"},"canonical":"https:\/\/www.electroluxprofessional.com\/tr\/isletmeniz-icin-icecek-cozumleri\/","og_locale":"tr_TR","og_type":"article","og_title":"\u0130\u015fletmeniz i\u00e7in i\u00e7ecek \u00e7\u00f6z\u00fcmleri","og_description":"Electrolux Professional, kahve at\u0131klar\u0131n\u0131 azalt\u0131rken i\u00e7ecek ikramlar\u0131n\u0131z\u0131 geni\u015fletmek, kullan\u0131m\u0131 kolayla\u015ft\u0131rmak ve m\u00fc\u015fterilerinizin lezzetli, kaliteli i\u00e7ecek beklentilerini kar\u015f\u0131lamak i\u00e7in yarat\u0131lan yeni i\u00e7ecek \u00e7\u00f6z\u00fcmlerini sunar.","og_url":"https:\/\/www.electroluxprofessional.com\/tr\/isletmeniz-icin-icecek-cozumleri\/","og_site_name":"Electrolux Professional T\u00fcrkiye","article_modified_time":"2023-10-20T13:15:00+00:00","twitter_card":"summary_large_image","twitter_misc":{"Tahmini okuma s\u00fcresi":"2 dakika"},"schema":{"@context":"https:\/\/schema.org","@graph":[{"@type":"WebPage","@id":"https:\/\/www.electroluxprofessional.com\/tr\/isletmeniz-icin-icecek-cozumleri\/","url":"https:\/\/www.electroluxprofessional.com\/tr\/isletmeniz-icin-icecek-cozumleri\/","name":"\u0130\u015fletmeniz i\u00e7in i\u00e7ecek \u00e7\u00f6z\u00fcmleri","isPartOf":{"@id":"https:\/\/www.electroluxprofessional.com\/tr\/#website"},"datePublished":"2019-03-28T16:19:04+00:00","dateModified":"2023-10-20T13:15:00+00:00","description":"Electrolux Professional, kahve at\u0131klar\u0131n\u0131 azalt\u0131rken i\u00e7ecek ikramlar\u0131n\u0131z\u0131 geni\u015fletmek, kullan\u0131m\u0131 kolayla\u015ft\u0131rmak ve m\u00fc\u015fterilerinizin lezzetli, kaliteli i\u00e7ecek beklentilerini kar\u015f\u0131lamak i\u00e7in yarat\u0131lan yeni i\u00e7ecek \u00e7\u00f6z\u00fcmlerini sunar.","breadcrumb":{"@id":"https:\/\/www.electroluxprofessional.com\/tr\/isletmeniz-icin-icecek-cozumleri\/#breadcrumb"},"inLanguage":"tr","potentialAction":[{"@type":"ReadAction","target":["https:\/\/www.electroluxprofessional.com\/tr\/isletmeniz-icin-icecek-cozumleri\/"]}]},{"@type":"BreadcrumbList","@id":"https:\/\/www.electroluxprofessional.com\/tr\/isletmeniz-icin-icecek-cozumleri\/#breadcrumb","itemListElement":[{"@type":"ListItem","position":1,"name":"Home","item":"https:\/\/www.electroluxprofessional.com\/tr\/"},{"@type":"ListItem","position":2,"name":"\u0130\u00e7ecek"}]},{"@type":"WebSite","@id":"https:\/\/www.electroluxprofessional.com\/tr\/#website","url":"https:\/\/www.electroluxprofessional.com\/tr\/","name":"Electrolux Professional T\u00fcrkiye","description":"","potentialAction":[{"@type":"SearchAction","target":{"@type":"EntryPoint","urlTemplate":"https:\/\/www.electroluxprofessional.com\/tr\/?src={search_term_string}"},"query-input":"required name=search_term_string"}],"inLanguage":"tr"}]}},"_links":{"self":[{"href":"https:\/\/www.electroluxprofessional.com\/tr\/wp-json\/wp\/v2\/pages\/4377"}],"collection":[{"href":"https:\/\/www.electroluxprofessional.com\/tr\/wp-json\/wp\/v2\/pages"}],"about":[{"href":"https:\/\/www.electroluxprofessional.com\/tr\/wp-json\/wp\/v2\/types\/page"}],"author":[{"embeddable":true,"href":"https:\/\/www.electroluxprofessional.com\/tr\/wp-json\/wp\/v2\/users\/3"}],"replies":[{"embeddable":true,"href":"https:\/\/www.electroluxprofessional.com\/tr\/wp-json\/wp\/v2\/comments?post=4377"}],"version-history":[{"count":11,"href":"https:\/\/www.electroluxprofessional.com\/tr\/wp-json\/wp\/v2\/pages\/4377\/revisions"}],"predecessor-version":[{"id":17093,"href":"https:\/\/www.electroluxprofessional.com\/tr\/wp-json\/wp\/v2\/pages\/4377\/revisions\/17093"}],"wp:attachment":[{"href":"https:\/\/www.electroluxprofessional.com\/tr\/wp-json\/wp\/v2\/media?parent=4377"}],"curies":[{"name":"wp","href":"https:\/\/api.w.org\/{rel}","templated":true}]}}