{"id":3621,"date":"2018-01-29T12:13:11","date_gmt":"2018-01-29T11:13:11","guid":{"rendered":"https:\/\/www.electroluxprofessional.com\/?page_id=14297"},"modified":"2025-11-05T15:38:03","modified_gmt":"2025-11-05T15:38:03","slug":"fritozler","status":"publish","type":"page","link":"https:\/\/www.electroluxprofessional.com\/tr\/ticari-mutfak-ekipmanlari\/fritozler\/","title":{"rendered":"Frit\u00f6zler<sup>HP<\/sup> &#8211; XP"},"content":{"rendered":"<p>[vc_row full_width=&#8221;electroluxpro-full-width-no-padding&#8221;][vc_column][vc_single_image image=&#8221;3617&#8243; img_size=&#8221;2000&#215;350&#8243;][\/vc_column][\/vc_row][vc_row][vc_column][vc_empty_space][elx_heading font_container=&#8221;h1&#8243; font_size=&#8221;h3&#8243; text_color=&#8221;inherit&#8221;]Electrolux Professional HP Frit\u00f6zler[\/elx_heading][vc_column_text]<\/p>\n<p class=\"h5\"><strong>Electrolux Professional HP Frit\u00f6zler\u00a0<\/strong>i\u015finizi geli\u015ftirmenize yard\u0131mc\u0131 olacak yeni \u00f6zellikler i\u00e7ermektedir.<br \/>\nHer seferinde daha h\u0131zl\u0131, daha kolay, daha \u00e7\u0131t\u0131r ve lezzetli.[\/vc_column_text][\/vc_column][\/vc_row][vc_row][vc_column width=&#8221;1\/3&#8243;][vc_empty_space][vc_single_image image=&#8221;3618&#8243; img_size=&#8221;full&#8221; alignment=&#8221;center&#8221;][\/vc_column][vc_column width=&#8221;2\/3&#8243;][vc_row_inner][vc_column_inner width=&#8221;1\/2&#8243;][vc_empty_space][vc_single_image image=&#8221;3619&#8243; img_size=&#8221;150px&#8221; alignment=&#8221;center&#8221;][\/vc_column_inner][vc_column_inner width=&#8221;1\/2&#8243;][elx_heading font_size=&#8221;h5&#8243; text_color=&#8221;inherit&#8221;]Daha Az \u0130sraf[\/elx_heading][vc_column_text]HP Frit\u00f6zler k\u0131zartma stresini ortadan kald\u0131r\u0131r.<strong> Otomatik Pi\u015firme \u0130\u015flevi<\/strong>\u00a0pi\u015firme parametrelerini yiyecek miktar\u0131na g\u00f6re otomatik olarak uyarlar ve b\u00f6ylece her seferinde m\u00fckemmel sonu\u00e7lar elde edebilirsiniz.[\/vc_column_text][\/vc_column_inner][\/vc_row_inner][vc_row_inner][vc_column_inner width=&#8221;1\/2&#8243;][vc_empty_space][vc_single_image image=&#8221;3620&#8243; img_size=&#8221;150px&#8221; alignment=&#8221;center&#8221;][\/vc_column_inner][vc_column_inner width=&#8221;1\/2&#8243;][elx_heading font_size=&#8221;h5&#8243; text_color=&#8221;inherit&#8221;]\u00c7evreci[\/elx_heading][vc_column_text]HP Frit\u00f6zler ile ya\u011f t\u00fcketiminizi ve i\u015fletme maliyetlerinizi d\u00fc\u015f\u00fcr\u00fcn. <strong>Geli\u015fmi\u015f Filtreleme Sistemi<\/strong>, iki a\u015famal\u0131 filtreleme sistemi, temizlik ve filtreleme i\u015flemlerini daha h\u0131zl\u0131 ve daha g\u00fcvenli hale getirir.[\/vc_column_text][\/vc_column_inner][\/vc_row_inner][\/vc_column][\/vc_row][vc_row][vc_column][vc_empty_space][vc_column_text]<\/p>\n<p class=\"h5\">Her t\u00fcr k\u0131zartma ihtiyac\u0131n\u0131z i\u00e7in, yeni <strong>Electrolux Professional HP Frit\u00f6zler <\/strong>\u00a0i\u015fletmenizde b\u00fcy\u00fck fark yarat\u0131r.<\/p>\n<p>[\/vc_column_text][vc_empty_space][\/vc_column][\/vc_row][vc_row][vc_column width=&#8221;1\/3&#8243;][elx_video_block background_image=&#8221;3612&#8243; video_link=&#8221;https:\/\/www.youtube.com\/watch?v=jOPwycDfRKQ&#8221; minimum_height=&#8221;300px&#8221;][elx_heading font_size=&#8221;h5&#8243; text_color=&#8221;inherit&#8221;]\u00d6zel K\u0131zartmalar[\/elx_heading][elx_heading font_size=&#8221;h5&#8243; text_color=&#8221;inherit&#8221;]Electrolux Professional HP Frit\u00f6zler[\/elx_heading][vc_column_text]Y\u00fcksek derecede h\u0131zl\u0131 \u0131s\u0131nma ve h\u0131zl\u0131 s\u0131cakl\u0131k geri kazan\u0131m\u0131 \u00f6zellikleri, y\u00fcksek performans sunar ve daha fazla yiyece\u011fi\u00a0<strong>daha k\u0131sa s\u00fcrede pi\u015firmenize<\/strong>\u00a0olanak sa\u011flar. Saatte 38 kg*\u2019ya varan oranda patates pi\u015firme kapasitesi<br \/>\n<em>* ASTM F1361 \u2013 Derin Frit\u00f6zler Standart Referans\u0131<\/em>[\/vc_column_text][\/vc_column][vc_column width=&#8221;1\/3&#8243;][elx_video_block background_image=&#8221;3613&#8243; video_link=&#8221;https:\/\/www.youtube.com\/watch?v=B_4e0bdGU5s&#8221; minimum_height=&#8221;300px&#8221;][elx_heading font_size=&#8221;h5&#8243; text_color=&#8221;inherit&#8221;]\u00d6zel Donut[\/elx_heading][elx_heading font_size=&#8221;h5&#8243; text_color=&#8221;inherit&#8221;]Electrolux Professional HP Frit\u00f6zler[\/elx_heading][vc_column_text]En s\u0131k kulland\u0131\u011f\u0131n\u0131z k\u0131zartma programlar\u0131n\u0131 kolayca <strong>kaydederek, daha h\u0131zl\u0131 \u00e7al\u0131\u015f\u0131n<\/strong> ve kullan\u0131c\u0131 hatalar\u0131n\u0131 ortadan kald\u0131r\u0131n.<br \/>\nKolayca programlayarak: zamandan tasarruf edin ve mutfa\u011f\u0131n\u0131zda verimlili\u011fi artt\u0131r\u0131n.[\/vc_column_text][\/vc_column][vc_column width=&#8221;1\/3&#8243;][elx_video_block background_image=&#8221;3614&#8243; video_link=&#8221;https:\/\/www.youtube.com\/watch?v=MaltE-eRCFY&amp;list=PLn-GI5LWCZdSUb5wlid6d6w7fZ1eneSUg&#8221; minimum_height=&#8221;300px&#8221;][elx_heading font_size=&#8221;h5&#8243; text_color=&#8221;inherit&#8221;]\u00d6zel Re\u00e7eteler[\/elx_heading][elx_heading font_size=&#8221;h5&#8243; text_color=&#8221;inherit&#8221;]Electrolux Professional HP Frit\u00f6zler[\/elx_heading][vc_column_text]Yiyecekleriniz her seferinde <strong>daha h\u0131zl\u0131 ve daha kolay<\/strong> bir \u015fekilde m\u00fckemmel \u00e7\u0131t\u0131rl\u0131\u011fa sahip olur.[\/vc_column_text][\/vc_column][\/vc_row][vc_row][vc_column width=&#8221;1\/3&#8243;][vc_empty_space height=&#8221;80px&#8221;][vc_column_text]Yeni HP Frit\u00f6zleri kullanarak baz\u0131 <strong>profesyonel re\u00e7eteleri<\/strong> ke\u015ffedin ve keyfini \u00e7\u0131kart\u0131n.[\/vc_column_text][\/vc_column][vc_column width=&#8221;1\/3&#8243;][elx_download_block text=&#8221;HP Firt\u00f6zler Re\u00e7ete Kitap\u00e7\u0131\u011f\u0131&#8221; link=&#8221;https:\/\/www.electroluxprofessional.com\/tr\/wp-content\/uploads\/2018\/08\/HP-Frit\u00f6z-Re\u00e7ete-Kitap\u00e7\u0131\u011f\u0131_TR.pdf&#8221; background_color=&#8221;orange&#8221;][\/vc_column][vc_column width=&#8221;1\/3&#8243;][elx_download_block text=&#8221;HP Frit\u00f6zler Bro\u015f\u00fcr\u00fc&#8221; link=&#8221;https:\/\/www.electroluxprofessional.com\/tr\/wp-content\/uploads\/2018\/08\/HP-Frit\u00f6z_TR_LR.pdf&#8221; background_color=&#8221;orange&#8221;][\/vc_column][\/vc_row][vc_row][vc_column][vc_column_text]<\/p>\n<p class=\"h5\">HP Frit\u00f6zler ile <strong>daha fazla, daha iyi ve daha h\u0131zl\u0131 <\/strong> k\u0131zartma yapmak i\u00e7in iki yeni \u00f6zelli\u011fi ke\u015ffedin.<\/p>\n<p>[\/vc_column_text][\/vc_column][\/vc_row][vc_row][vc_column width=&#8221;1\/3&#8243;][elx_video_block background_image=&#8221;3615&#8243; video_link=&#8221;https:\/\/www.youtube.com\/watch?v=Z26Gv7tPUY4&#8243; minimum_height=&#8221;300px&#8221;][vc_empty_space][elx_heading font_size=&#8221;h5&#8243; text_color=&#8221;inherit&#8221;]Geli\u015fmi\u015f Filtreleme Sistemi[\/elx_heading][vc_column_text]HP Frit\u00f6zler\u2019in <strong>Geli\u015fmi\u015f Filtreleme Sistemi<\/strong> frit\u00f6z\u00fcn\u00fcz i\u00e7in <strong>do\u011fru ka\u011f\u0131t filtresini<\/strong> kulland\u0131\u011f\u0131n\u0131zda, ya\u011f\u0131n\u0131z\u0131n kullan\u0131m \u00f6mr\u00fcn\u00fc b\u00fcy\u00fck \u00f6l\u00e7\u00fcde art\u0131r\u0131r ve yiyeceklerinizin fazla ya\u011fl\u0131 olmas\u0131n\u0131 \u00f6nler.[\/vc_column_text][\/vc_column][vc_column width=&#8221;1\/3&#8243;][elx_video_block background_image=&#8221;3616&#8243; video_link=&#8221;https:\/\/www.youtube.com\/watch?v=gaxgg_yVz2E&#8221; minimum_height=&#8221;300px&#8221;][vc_empty_space][elx_heading font_size=&#8221;h5&#8243; text_color=&#8221;inherit&#8221;]Otomatik Pi\u015firme Fonksiyonu[\/elx_heading][vc_column_text]Otomatik y\u00fckleme dengesi sayesinde zaman tasarrufu sa\u011flayan <strong>Otomatik Pi\u015firme Fonksiyonu<\/strong>, mutfa\u011f\u0131n\u0131zda <strong>verimlili\u011fi en \u00fcst seviyeye y\u00fckseltir<\/strong> ve pi\u015firme program\u0131n\u0131 ayarlar.[\/vc_column_text][\/vc_column][vc_column width=&#8221;1\/3&#8243;][elx_heading font_size=&#8221;h5&#8243; text_color=&#8221;inherit&#8221;]Yeni AB D\u00fczenlemesi[\/elx_heading][vc_column_text]<strong>Nisan 2018<\/strong>&#8216;den itibaren (Komisyon Mevzuat\u0131 (AB) 2017\/2158), ge\u00e7erli olacakt\u0131r.<br \/>\nBu nedenle:<\/p>\n<ul>\n<li>k\u0131zartma s\u0131ras\u0131nda \u0131s\u0131 160 ila 175 \u00b0C aras\u0131nda tutulacakt\u0131r;<\/li>\n<li>patatesler alt\u0131n sar\u0131s\u0131 hale gelene kadar pi\u015firilecektir;<\/li>\n<li>fazla pi\u015firme yap\u0131lmayacakt\u0131r;<\/li>\n<li>pakette belirtilen daha d\u00fc\u015f\u00fck miktarda patatesler haz\u0131rlan\u0131rken, \u00fcr\u00fcn\u00fcn a\u015f\u0131r\u0131 kahverengile\u015fmesini engellemek \u00fczere pi\u015firme s\u00fcresi d\u00fc\u015f\u00fcr\u00fclecektir.<\/li>\n<\/ul>\n<p><strong>Otomatik Pi\u015firme Fonksiyonu ile Yeni elektronik 23 litre HP Frit\u00f6zler, bu gereksinimleri kar\u015f\u0131lamak i\u00e7in idealdir!<\/strong>[\/vc_column_text][\/vc_column][\/vc_row][vc_row][vc_column][vc_empty_space][elx_heading font_size=&#8221;h3&#8243; text_color=&#8221;inherit&#8221;]\u0130\u015finizi Electrolux Professional HP Frit\u00f6zler ile geli\u015ftirin.[\/elx_heading][elx_o2000_contact_us s=&#8221;Frit\u00f6z HP 23 Litre Hakk\u0131nda Bilgi Talebi&#8221; country=&#8221;Turkey&#8221; r=&#8221;Yeni HP Frit\u00f6zler ile ilgili daha fazla bilgi edinmek istiyorum.<br \/>\nL\u00fctfen benimle ileti\u015fime ge\u00e7in.&#8221; e=&#8221;sebla.genc@electrolux.com&#8221; l=&#8221;tr&#8221;][\/vc_column][\/vc_row][vc_row css=&#8221;.vc_custom_1517485235936{background-color: #eeeeee !important;}&#8221;][vc_column][vc_empty_space][elx_heading font_size=&#8221;h3&#8243; text_color=&#8221;inherit&#8221;]\u0130\u015finizi Electrolux Professional HP Frit\u00f6zler ile geli\u015ftirin.[\/elx_heading][\/vc_column][\/vc_row][vc_row css=&#8221;.vc_custom_1517485247621{background-color: #eeeeee !important;}&#8221;][vc_column width=&#8221;1\/3&#8243;][elx_maylike_box id_box=&#8221;1256&#8243; matched_labels=&#8221;&#8221;][\/vc_column][vc_column width=&#8221;1\/3&#8243;][elx_maylike_box id_box=&#8221;1500&#8243;][\/vc_column][vc_column width=&#8221;1\/3&#8243;][elx_maylike_box id_box=&#8221;1196&#8243;][\/vc_column][\/vc_row][vc_row el_id=&#8221;products&#8221;][vc_column][vc_empty_space][elx_heading font_size=&#8221;h3&#8243; text_color=&#8221;inherit&#8221;]Electrolux Professional HP Frit\u00f6zler[\/elx_heading][\/vc_column][\/vc_row][vc_row full_width=&#8221;electroluxpro-full-width-no-padding&#8221;][vc_column][\/vc_column][\/vc_row]<\/p>\n","protected":false},"excerpt":{"rendered":"<p>[vc_row full_width=&#8221;electroluxpro-full-width-no-padding&#8221;][vc_column][vc_single_image image=&#8221;3617&#8243; img_size=&#8221;2000&#215;350&#8243;][\/vc_column][\/vc_row][vc_row][vc_column][vc_empty_space][elx_heading font_container=&#8221;h1&#8243; font_size=&#8221;h3&#8243; text_color=&#8221;inherit&#8221;]Electrolux Professional HP Frit\u00f6zler[\/elx_heading][vc_column_text] Electrolux Professional HP Frit\u00f6zler\u00a0i\u015finizi geli\u015ftirmenize yard\u0131mc\u0131 olacak yeni \u00f6zellikler i\u00e7ermektedir. Her seferinde daha h\u0131zl\u0131, daha kolay, daha \u00e7\u0131t\u0131r ve lezzetli.[\/vc_column_text][\/vc_column][\/vc_row][vc_row][vc_column width=&#8221;1\/3&#8243;][vc_empty_space][vc_single_image image=&#8221;3618&#8243; img_size=&#8221;full&#8221; alignment=&#8221;center&#8221;][\/vc_column][vc_column width=&#8221;2\/3&#8243;][vc_row_inner][vc_column_inner width=&#8221;1\/2&#8243;][vc_empty_space][vc_single_image image=&#8221;3619&#8243; img_size=&#8221;150px&#8221; alignment=&#8221;center&#8221;][\/vc_column_inner][vc_column_inner width=&#8221;1\/2&#8243;][elx_heading font_size=&#8221;h5&#8243; text_color=&#8221;inherit&#8221;]Daha Az \u0130sraf[\/elx_heading][vc_column_text]HP Frit\u00f6zler k\u0131zartma stresini ortadan kald\u0131r\u0131r. Otomatik Pi\u015firme \u0130\u015flevi\u00a0pi\u015firme parametrelerini yiyecek miktar\u0131na [&hellip;]<\/p>\n","protected":false},"author":3,"featured_media":0,"parent":19849,"menu_order":0,"comment_status":"closed","ping_status":"closed","template":"","meta":{"footnotes":""},"class_list":["post-3621","page","type-page","status-publish","hentry"],"acf":[],"yoast_head":"<!-- This site is optimized with the Yoast SEO plugin v23.3 - https:\/\/yoast.com\/wordpress\/plugins\/seo\/ -->\n<title>Yeni Nesil Electrolux Professional HP Frit\u00f6zler - Electrolux Professional<\/title>\n<meta name=\"description\" content=\"Electrolux Professional HP Frit\u00f6zler, i\u015finizi geli\u015ftirmenize yard\u0131mc\u0131 olacak yeni \u00f6zellikler i\u00e7ermektedir. Her seferinde daha h\u0131zl\u0131, daha kolay, daha \u00e7\u0131t\u0131r ve lezzetli\" \/>\n<meta name=\"robots\" content=\"index, follow, max-snippet:-1, max-image-preview:large, max-video-preview:-1\" \/>\n<link rel=\"canonical\" href=\"https:\/\/www.electroluxprofessional.com\/tr\/ticari-mutfak-ekipmanlari\/fritozler\/\" \/>\n<meta property=\"og:locale\" content=\"tr_TR\" \/>\n<meta property=\"og:type\" content=\"article\" \/>\n<meta property=\"og:title\" content=\"Yeni Nesil Electrolux Professional HP Frit\u00f6zler - Electrolux Professional\" \/>\n<meta property=\"og:description\" content=\"Electrolux Professional HP Frit\u00f6zler, i\u015finizi geli\u015ftirmenize yard\u0131mc\u0131 olacak yeni \u00f6zellikler i\u00e7ermektedir. Her seferinde daha h\u0131zl\u0131, daha kolay, daha \u00e7\u0131t\u0131r ve lezzetli\" \/>\n<meta property=\"og:url\" content=\"https:\/\/www.electroluxprofessional.com\/tr\/ticari-mutfak-ekipmanlari\/fritozler\/\" \/>\n<meta property=\"og:site_name\" content=\"Electrolux Professional T\u00fcrkiye\" \/>\n<meta property=\"article:modified_time\" content=\"2025-11-05T15:38:03+00:00\" \/>\n<meta name=\"twitter:card\" content=\"summary_large_image\" \/>\n<meta name=\"twitter:label1\" content=\"Tahmini okuma s\u00fcresi\" \/>\n\t<meta name=\"twitter:data1\" content=\"3 dakika\" \/>\n<script type=\"application\/ld+json\" class=\"yoast-schema-graph\">{\"@context\":\"https:\/\/schema.org\",\"@graph\":[{\"@type\":\"WebPage\",\"@id\":\"https:\/\/www.electroluxprofessional.com\/tr\/ticari-mutfak-ekipmanlari\/fritozler\/\",\"url\":\"https:\/\/www.electroluxprofessional.com\/tr\/ticari-mutfak-ekipmanlari\/fritozler\/\",\"name\":\"Yeni Nesil Electrolux Professional HP Frit\u00f6zler - Electrolux Professional\",\"isPartOf\":{\"@id\":\"https:\/\/www.electroluxprofessional.com\/tr\/#website\"},\"datePublished\":\"2018-01-29T11:13:11+00:00\",\"dateModified\":\"2025-11-05T15:38:03+00:00\",\"description\":\"Electrolux Professional HP Frit\u00f6zler, i\u015finizi geli\u015ftirmenize yard\u0131mc\u0131 olacak yeni \u00f6zellikler i\u00e7ermektedir. Her seferinde daha h\u0131zl\u0131, daha kolay, daha \u00e7\u0131t\u0131r ve lezzetli\",\"breadcrumb\":{\"@id\":\"https:\/\/www.electroluxprofessional.com\/tr\/ticari-mutfak-ekipmanlari\/fritozler\/#breadcrumb\"},\"inLanguage\":\"tr\",\"potentialAction\":[{\"@type\":\"ReadAction\",\"target\":[\"https:\/\/www.electroluxprofessional.com\/tr\/ticari-mutfak-ekipmanlari\/fritozler\/\"]}]},{\"@type\":\"BreadcrumbList\",\"@id\":\"https:\/\/www.electroluxprofessional.com\/tr\/ticari-mutfak-ekipmanlari\/fritozler\/#breadcrumb\",\"itemListElement\":[{\"@type\":\"ListItem\",\"position\":1,\"name\":\"Home\",\"item\":\"https:\/\/www.electroluxprofessional.com\/tr\/\"},{\"@type\":\"ListItem\",\"position\":2,\"name\":\"End\u00fcstriyel Mutfak Ekipmanlar\u0131\",\"item\":\"https:\/\/www.electroluxprofessional.com\/tr\/ticari-mutfak-ekipmanlari\/\"},{\"@type\":\"ListItem\",\"position\":3,\"name\":\"Frit\u00f6zlerHP &#8211; XP\"}]},{\"@type\":\"WebSite\",\"@id\":\"https:\/\/www.electroluxprofessional.com\/tr\/#website\",\"url\":\"https:\/\/www.electroluxprofessional.com\/tr\/\",\"name\":\"Electrolux Professional T\u00fcrkiye\",\"description\":\"\",\"potentialAction\":[{\"@type\":\"SearchAction\",\"target\":{\"@type\":\"EntryPoint\",\"urlTemplate\":\"https:\/\/www.electroluxprofessional.com\/tr\/?src={search_term_string}\"},\"query-input\":\"required name=search_term_string\"}],\"inLanguage\":\"tr\"}]}<\/script>\n<!-- \/ Yoast SEO plugin. -->","yoast_head_json":{"title":"Yeni Nesil Electrolux Professional HP Frit\u00f6zler - Electrolux Professional","description":"Electrolux Professional HP Frit\u00f6zler, i\u015finizi geli\u015ftirmenize yard\u0131mc\u0131 olacak yeni \u00f6zellikler i\u00e7ermektedir. Her seferinde daha h\u0131zl\u0131, daha kolay, daha \u00e7\u0131t\u0131r ve lezzetli","robots":{"index":"index","follow":"follow","max-snippet":"max-snippet:-1","max-image-preview":"max-image-preview:large","max-video-preview":"max-video-preview:-1"},"canonical":"https:\/\/www.electroluxprofessional.com\/tr\/ticari-mutfak-ekipmanlari\/fritozler\/","og_locale":"tr_TR","og_type":"article","og_title":"Yeni Nesil Electrolux Professional HP Frit\u00f6zler - Electrolux Professional","og_description":"Electrolux Professional HP Frit\u00f6zler, i\u015finizi geli\u015ftirmenize yard\u0131mc\u0131 olacak yeni \u00f6zellikler i\u00e7ermektedir. Her seferinde daha h\u0131zl\u0131, daha kolay, daha \u00e7\u0131t\u0131r ve lezzetli","og_url":"https:\/\/www.electroluxprofessional.com\/tr\/ticari-mutfak-ekipmanlari\/fritozler\/","og_site_name":"Electrolux Professional T\u00fcrkiye","article_modified_time":"2025-11-05T15:38:03+00:00","twitter_card":"summary_large_image","twitter_misc":{"Tahmini okuma s\u00fcresi":"3 dakika"},"schema":{"@context":"https:\/\/schema.org","@graph":[{"@type":"WebPage","@id":"https:\/\/www.electroluxprofessional.com\/tr\/ticari-mutfak-ekipmanlari\/fritozler\/","url":"https:\/\/www.electroluxprofessional.com\/tr\/ticari-mutfak-ekipmanlari\/fritozler\/","name":"Yeni Nesil Electrolux Professional HP Frit\u00f6zler - Electrolux Professional","isPartOf":{"@id":"https:\/\/www.electroluxprofessional.com\/tr\/#website"},"datePublished":"2018-01-29T11:13:11+00:00","dateModified":"2025-11-05T15:38:03+00:00","description":"Electrolux Professional HP Frit\u00f6zler, i\u015finizi geli\u015ftirmenize yard\u0131mc\u0131 olacak yeni \u00f6zellikler i\u00e7ermektedir. Her seferinde daha h\u0131zl\u0131, daha kolay, daha \u00e7\u0131t\u0131r ve lezzetli","breadcrumb":{"@id":"https:\/\/www.electroluxprofessional.com\/tr\/ticari-mutfak-ekipmanlari\/fritozler\/#breadcrumb"},"inLanguage":"tr","potentialAction":[{"@type":"ReadAction","target":["https:\/\/www.electroluxprofessional.com\/tr\/ticari-mutfak-ekipmanlari\/fritozler\/"]}]},{"@type":"BreadcrumbList","@id":"https:\/\/www.electroluxprofessional.com\/tr\/ticari-mutfak-ekipmanlari\/fritozler\/#breadcrumb","itemListElement":[{"@type":"ListItem","position":1,"name":"Home","item":"https:\/\/www.electroluxprofessional.com\/tr\/"},{"@type":"ListItem","position":2,"name":"End\u00fcstriyel Mutfak Ekipmanlar\u0131","item":"https:\/\/www.electroluxprofessional.com\/tr\/ticari-mutfak-ekipmanlari\/"},{"@type":"ListItem","position":3,"name":"Frit\u00f6zlerHP &#8211; XP"}]},{"@type":"WebSite","@id":"https:\/\/www.electroluxprofessional.com\/tr\/#website","url":"https:\/\/www.electroluxprofessional.com\/tr\/","name":"Electrolux Professional T\u00fcrkiye","description":"","potentialAction":[{"@type":"SearchAction","target":{"@type":"EntryPoint","urlTemplate":"https:\/\/www.electroluxprofessional.com\/tr\/?src={search_term_string}"},"query-input":"required name=search_term_string"}],"inLanguage":"tr"}]}},"_links":{"self":[{"href":"https:\/\/www.electroluxprofessional.com\/tr\/wp-json\/wp\/v2\/pages\/3621"}],"collection":[{"href":"https:\/\/www.electroluxprofessional.com\/tr\/wp-json\/wp\/v2\/pages"}],"about":[{"href":"https:\/\/www.electroluxprofessional.com\/tr\/wp-json\/wp\/v2\/types\/page"}],"author":[{"embeddable":true,"href":"https:\/\/www.electroluxprofessional.com\/tr\/wp-json\/wp\/v2\/users\/3"}],"replies":[{"embeddable":true,"href":"https:\/\/www.electroluxprofessional.com\/tr\/wp-json\/wp\/v2\/comments?post=3621"}],"version-history":[{"count":30,"href":"https:\/\/www.electroluxprofessional.com\/tr\/wp-json\/wp\/v2\/pages\/3621\/revisions"}],"predecessor-version":[{"id":22888,"href":"https:\/\/www.electroluxprofessional.com\/tr\/wp-json\/wp\/v2\/pages\/3621\/revisions\/22888"}],"up":[{"embeddable":true,"href":"https:\/\/www.electroluxprofessional.com\/tr\/wp-json\/wp\/v2\/pages\/19849"}],"wp:attachment":[{"href":"https:\/\/www.electroluxprofessional.com\/tr\/wp-json\/wp\/v2\/media?parent=3621"}],"curies":[{"name":"wp","href":"https:\/\/api.w.org\/{rel}","templated":true}]}}