{"id":2762,"date":"2016-11-09T16:41:43","date_gmt":"2016-11-09T16:41:43","guid":{"rendered":"https:\/\/www.electroluxprofessional.com\/?page_id=4765"},"modified":"2025-11-05T15:59:02","modified_gmt":"2025-11-05T15:59:02","slug":"yonetim-sistemleri-yazilim","status":"publish","type":"page","link":"https:\/\/www.electroluxprofessional.com\/tr\/ticari-camasirhane-ekipmanlari\/yonetim-sistemleri-yazilim\/","title":{"rendered":"Y\u00f6netim Sistemleri ve Yaz\u0131l\u0131m"},"content":{"rendered":"<p>[vc_row full_width=&#8221;electroluxpro-full-width-no-padding&#8221;][vc_column][elx_hero_slider text_position=&#8221;hero_slider_text_align_right&#8221; label_text_color=&#8221;inherit&#8221; images=&#8221;901&#8243;][elx_heading font_container=&#8221;h1&#8243; font_size=&#8221;h2&#8243; text_color=&#8221;inherit&#8221;]Y\u00f6netim Sistemleri ve Yaz\u0131l\u0131m[\/elx_heading][vc_column_text]Electrolux Professional, her t\u00fcrl\u00fc m\u00fc\u015fteri talebine \u00f6zel katma de\u011fer olu\u015fturmak i\u00e7in, gereken en y\u00fcksek kalite standartlar\u0131n\u0131 kar\u015f\u0131layan geni\u015f kapsaml\u0131 y\u00f6netim sistemleri ve yaz\u0131l\u0131mlar sunar.<br \/>\n[\/vc_column_text][\/elx_hero_slider][\/vc_column][\/vc_row][vc_row][vc_column][vc_empty_space][\/vc_column][\/vc_row][vc_row][vc_column width=&#8221;1\/2&#8243;][vc_column_text]<\/p>\n<h3>\u00c7ama\u015f\u0131rhane Program Y\u00f6neticisi<\/h3>\n<p>Electrolux Professional y\u0131kama ve kurutma programlar\u0131 i\u00e7in bilgisayar\u0131n\u0131zdan programlar olu\u015fturmaya veya d\u00fczenlemeye y\u00f6nelik, kullan\u0131m\u0131 kolay bir bilgisayar arac\u0131d\u0131r. Compass Control, Compass Pro, Clarus Control ve Clarus TS kullanan y\u0131kama makineleri ile uyumludur. Compass Pro kontrol sistemi kullanan kurutma makineleri ile de uyumludur.<\/p>\n<h3><\/h3>\n<p>[\/vc_column_text][vc_empty_space height=&#8221;20px&#8221;][vc_column_text]<\/p>\n<h3>Certus Y\u00f6netim Bilgi Sistemi\u2122<\/h3>\n<p>CMIS (Certus Management Information System\u2122), \u00e7ama\u015f\u0131rhane profesyonellerine y\u0131kama-kurutma makinesi, kurutma makineleri ve silindir \u00fct\u00fcler hakk\u0131nda \u00f6nemli bilgiler sa\u011flayan bir yaz\u0131l\u0131md\u0131r. Bunlar\u0131n hepsi, maliyetleri en aza indirmeyi ve ekipmanlar\u0131n\u0131n \u00e7al\u0131\u015fma s\u00fcresini maksimuma \u00e7\u0131karmay\u0131 ama\u00e7lar.[\/vc_column_text][vc_empty_space height=&#8221;20px&#8221;][\/vc_column][vc_column width=&#8221;1\/2&#8243;][elx_image_block background_image=&#8221;900&#8243; minimum_height=&#8221;700px&#8221;][\/vc_column][\/vc_row][vc_row][vc_column][vc_empty_space height=&#8221;50px&#8221;][\/vc_column][\/vc_row][vc_row][vc_column width=&#8221;1\/2&#8243;][elx_image_block background_image=&#8221;772&#8243; minimum_height=&#8221;500px&#8221;][\/vc_column][vc_column width=&#8221;1\/2&#8243;][elx_heading font_size=&#8221;h3&#8243; text_color=&#8221;inherit&#8221;]Metin Y\u00f6netim Bilgisi Sistem her zaman kontrol alt\u0131nda[\/elx_heading][vc_empty_space height=&#8221;15px&#8221;][vc_column_text]<strong>Kullan\u0131c\u0131 dostu \u00e7ama\u015f\u0131rhaneler kavram\u0131n\u0131n kapsam\u0131n\u0131 geni\u015fletiyoruz.<\/strong>[\/vc_column_text][vc_column_text]Makine performans\u0131na ve hizmet istatistiklerine do\u011frudan eri\u015fim, maliyete neden olan kesinti s\u00fcrelerinin azalt\u0131lmas\u0131na ve koruyucu bak\u0131m\u0131n kolayca planlanmas\u0131na yard\u0131mc\u0131 olabilir.<\/p>\n<p>Sistemin makine ar\u0131zalar\u0131n\u0131 veya bak\u0131m gereksinimlerini do\u011frudan bilmesi ile, hem makineleriniz hem de zaman\u0131n\u0131z \u00fczerinde daha fazla denetim elde edebilirsiniz.[\/vc_column_text][\/vc_column][\/vc_row][vc_row][vc_column][vc_empty_space height=&#8221;50px&#8221;][\/vc_column][\/vc_row][vc_row][vc_column width=&#8221;1\/3&#8243;][elx_download_block text=&#8221;\u00c7ama\u015f\u0131rhane Program Y\u00f6neticisi&#8221; link=&#8221;https:\/\/www.electroluxprofessional.com\/tr\/wp-content\/uploads\/2017\/12\/C\u0327amas\u0327\u0131rhane-Program-Yo\u0308neticisi.pdf&#8221; reveal_effect=&#8221;&#8221; reveal_duration=&#8221;&#8221; reveal_delay=&#8221;&#8221;][\/vc_column][vc_column width=&#8221;1\/3&#8243;][elx_download_block text=&#8221;CMIS&#8221; link=&#8221;https:\/\/www.electroluxprofessional.com\/tr\/wp-content\/uploads\/2017\/12\/CMIS.pdf&#8221; reveal_effect=&#8221;&#8221; reveal_duration=&#8221;&#8221; reveal_delay=&#8221;&#8221;][\/vc_column][vc_column width=&#8221;1\/3&#8243;][\/vc_column][\/vc_row][vc_row][vc_column][vc_empty_space height=&#8221;50px&#8221;][elx_heading font_size=&#8221;h2&#8243; text_color=&#8221;inherit&#8221; text_align=&#8221;text-center&#8221;]\u00c7ama\u015f\u0131rhane Y\u00f6netim Sistemleri\u2019nin i\u015fletmeniz i\u00e7in neler yapabilece\u011fini ke\u015ffedin[\/elx_heading][elx_o2000_contact_us s=&#8221;Request of information about Management systems and software&#8221; country=&#8221;Turkey&#8221; b=&#8221;laundry&#8221; container=&#8221;elxcontactus1478709536&#8243; r=&#8221;\u00c7ama\u015f\u0131rhane Y\u00f6netim Sistemleri ve Yaz\u0131l\u0131m\u0131 hakk\u0131nda daha fazla bilgi edinmek istiyorum. L\u00fctfen benimle ileti\u015fime ge\u00e7in.&#8221; l=&#8221;tr&#8221;][vc_empty_space height=&#8221;50px&#8221;][elx_heading font_size=&#8221;h3&#8243; text_color=&#8221;inherit&#8221; text_align=&#8221;text-center&#8221;]\u0130\u015fletmeniz i\u00e7in ideal olan \u00e7\u00f6z\u00fcm\u00fc bulun[\/elx_heading][\/vc_column][\/vc_row][vc_row][vc_column width=&#8221;1\/3&#8243;][elx_maylike_box id_box=&#8221;1507&#8243;][\/vc_column][vc_column width=&#8221;1\/3&#8243;][elx_maylike_box id_box=&#8221;1505&#8243;][\/vc_column][vc_column width=&#8221;1\/3&#8243;][elx_maylike_box id_box=&#8221;1498&#8243; matched_labels=&#8221;&#8221;][\/vc_column][\/vc_row]<\/p>\n","protected":false},"excerpt":{"rendered":"<p>[vc_row full_width=&#8221;electroluxpro-full-width-no-padding&#8221;][vc_column][elx_hero_slider text_position=&#8221;hero_slider_text_align_right&#8221; label_text_color=&#8221;inherit&#8221; images=&#8221;901&#8243;][elx_heading font_container=&#8221;h1&#8243; font_size=&#8221;h2&#8243; text_color=&#8221;inherit&#8221;]Y\u00f6netim Sistemleri ve Yaz\u0131l\u0131m[\/elx_heading][vc_column_text]Electrolux Professional, her t\u00fcrl\u00fc m\u00fc\u015fteri talebine \u00f6zel katma de\u011fer olu\u015fturmak i\u00e7in, gereken en y\u00fcksek kalite standartlar\u0131n\u0131 kar\u015f\u0131layan geni\u015f kapsaml\u0131 y\u00f6netim sistemleri ve yaz\u0131l\u0131mlar sunar. [\/vc_column_text][\/elx_hero_slider][\/vc_column][\/vc_row][vc_row][vc_column][vc_empty_space][\/vc_column][\/vc_row][vc_row][vc_column width=&#8221;1\/2&#8243;][vc_column_text] \u00c7ama\u015f\u0131rhane Program Y\u00f6neticisi Electrolux Professional y\u0131kama ve kurutma programlar\u0131 i\u00e7in bilgisayar\u0131n\u0131zdan programlar olu\u015fturmaya veya d\u00fczenlemeye y\u00f6nelik, kullan\u0131m\u0131 kolay bir [&hellip;]<\/p>\n","protected":false},"author":3,"featured_media":735,"parent":2006,"menu_order":0,"comment_status":"closed","ping_status":"closed","template":"","meta":{"footnotes":""},"class_list":["post-2762","page","type-page","status-publish","has-post-thumbnail","hentry"],"acf":[],"yoast_head":"<!-- This site is optimized with the Yoast SEO plugin v23.3 - https:\/\/yoast.com\/wordpress\/plugins\/seo\/ -->\n<title>Y\u00f6netim Sistemleri ve Yaz\u0131l\u0131m - Electrolux Professional<\/title>\n<meta name=\"description\" content=\"Maliyetleri en aza indirmek ve ekipman\u0131n \u00e7al\u0131\u015fma s\u00fcresini en \u00fcst d\u00fczeye \u00e7\u0131karmak i\u00e7in \u00e7ok \u00e7e\u015fitli y\u00f6netim sistemlerini ve yaz\u0131l\u0131mlar\u0131n\u0131 ke\u015ffedin.\" \/>\n<meta name=\"robots\" content=\"index, follow, max-snippet:-1, max-image-preview:large, max-video-preview:-1\" \/>\n<link rel=\"canonical\" href=\"https:\/\/www.electroluxprofessional.com\/tr\/ticari-camasirhane-ekipmanlari\/yonetim-sistemleri-yazilim\/\" \/>\n<meta property=\"og:locale\" content=\"tr_TR\" \/>\n<meta property=\"og:type\" content=\"article\" \/>\n<meta property=\"og:title\" content=\"Y\u00f6netim Sistemleri ve Yaz\u0131l\u0131m - Electrolux Professional\" \/>\n<meta property=\"og:description\" content=\"Maliyetleri en aza indirmek ve ekipman\u0131n \u00e7al\u0131\u015fma s\u00fcresini en \u00fcst d\u00fczeye \u00e7\u0131karmak i\u00e7in \u00e7ok \u00e7e\u015fitli y\u00f6netim sistemlerini ve yaz\u0131l\u0131mlar\u0131n\u0131 ke\u015ffedin.\" \/>\n<meta property=\"og:url\" content=\"https:\/\/www.electroluxprofessional.com\/tr\/ticari-camasirhane-ekipmanlari\/yonetim-sistemleri-yazilim\/\" \/>\n<meta property=\"og:site_name\" content=\"Electrolux Professional T\u00fcrkiye\" \/>\n<meta property=\"article:modified_time\" content=\"2025-11-05T15:59:02+00:00\" \/>\n<meta property=\"og:image\" content=\"https:\/\/www.electroluxprofessional.com\/tr\/wp-content\/uploads\/2016\/11\/management-quadro.jpg\" \/>\n\t<meta property=\"og:image:width\" content=\"700\" \/>\n\t<meta property=\"og:image:height\" content=\"700\" \/>\n\t<meta property=\"og:image:type\" content=\"image\/jpeg\" \/>\n<meta name=\"twitter:card\" content=\"summary_large_image\" \/>\n<meta name=\"twitter:label1\" content=\"Tahmini okuma s\u00fcresi\" \/>\n\t<meta name=\"twitter:data1\" content=\"2 dakika\" \/>\n<script type=\"application\/ld+json\" class=\"yoast-schema-graph\">{\"@context\":\"https:\/\/schema.org\",\"@graph\":[{\"@type\":\"WebPage\",\"@id\":\"https:\/\/www.electroluxprofessional.com\/tr\/ticari-camasirhane-ekipmanlari\/yonetim-sistemleri-yazilim\/\",\"url\":\"https:\/\/www.electroluxprofessional.com\/tr\/ticari-camasirhane-ekipmanlari\/yonetim-sistemleri-yazilim\/\",\"name\":\"Y\u00f6netim Sistemleri ve Yaz\u0131l\u0131m - Electrolux Professional\",\"isPartOf\":{\"@id\":\"https:\/\/www.electroluxprofessional.com\/tr\/#website\"},\"primaryImageOfPage\":{\"@id\":\"https:\/\/www.electroluxprofessional.com\/tr\/ticari-camasirhane-ekipmanlari\/yonetim-sistemleri-yazilim\/#primaryimage\"},\"image\":{\"@id\":\"https:\/\/www.electroluxprofessional.com\/tr\/ticari-camasirhane-ekipmanlari\/yonetim-sistemleri-yazilim\/#primaryimage\"},\"thumbnailUrl\":\"https:\/\/www.electroluxprofessional.com\/tr\/wp-content\/uploads\/2016\/11\/management-quadro.jpg\",\"datePublished\":\"2016-11-09T16:41:43+00:00\",\"dateModified\":\"2025-11-05T15:59:02+00:00\",\"description\":\"Maliyetleri en aza indirmek ve ekipman\u0131n \u00e7al\u0131\u015fma s\u00fcresini en \u00fcst d\u00fczeye \u00e7\u0131karmak i\u00e7in \u00e7ok \u00e7e\u015fitli y\u00f6netim sistemlerini ve yaz\u0131l\u0131mlar\u0131n\u0131 ke\u015ffedin.\",\"breadcrumb\":{\"@id\":\"https:\/\/www.electroluxprofessional.com\/tr\/ticari-camasirhane-ekipmanlari\/yonetim-sistemleri-yazilim\/#breadcrumb\"},\"inLanguage\":\"tr\",\"potentialAction\":[{\"@type\":\"ReadAction\",\"target\":[\"https:\/\/www.electroluxprofessional.com\/tr\/ticari-camasirhane-ekipmanlari\/yonetim-sistemleri-yazilim\/\"]}]},{\"@type\":\"ImageObject\",\"inLanguage\":\"tr\",\"@id\":\"https:\/\/www.electroluxprofessional.com\/tr\/ticari-camasirhane-ekipmanlari\/yonetim-sistemleri-yazilim\/#primaryimage\",\"url\":\"https:\/\/www.electroluxprofessional.com\/tr\/wp-content\/uploads\/2016\/11\/management-quadro.jpg\",\"contentUrl\":\"https:\/\/www.electroluxprofessional.com\/tr\/wp-content\/uploads\/2016\/11\/management-quadro.jpg\",\"width\":700,\"height\":700,\"caption\":\"Management systems and software\"},{\"@type\":\"BreadcrumbList\",\"@id\":\"https:\/\/www.electroluxprofessional.com\/tr\/ticari-camasirhane-ekipmanlari\/yonetim-sistemleri-yazilim\/#breadcrumb\",\"itemListElement\":[{\"@type\":\"ListItem\",\"position\":1,\"name\":\"Home\",\"item\":\"https:\/\/www.electroluxprofessional.com\/tr\/\"},{\"@type\":\"ListItem\",\"position\":2,\"name\":\"\u00c7ama\u015f\u0131rhane\",\"item\":\"https:\/\/www.electroluxprofessional.com\/tr\/ticari-camasirhane-ekipmanlari\/\"},{\"@type\":\"ListItem\",\"position\":3,\"name\":\"Y\u00f6netim Sistemleri ve Yaz\u0131l\u0131m\"}]},{\"@type\":\"WebSite\",\"@id\":\"https:\/\/www.electroluxprofessional.com\/tr\/#website\",\"url\":\"https:\/\/www.electroluxprofessional.com\/tr\/\",\"name\":\"Electrolux Professional T\u00fcrkiye\",\"description\":\"\",\"potentialAction\":[{\"@type\":\"SearchAction\",\"target\":{\"@type\":\"EntryPoint\",\"urlTemplate\":\"https:\/\/www.electroluxprofessional.com\/tr\/?src={search_term_string}\"},\"query-input\":\"required name=search_term_string\"}],\"inLanguage\":\"tr\"}]}<\/script>\n<!-- \/ Yoast SEO plugin. -->","yoast_head_json":{"title":"Y\u00f6netim Sistemleri ve Yaz\u0131l\u0131m - Electrolux Professional","description":"Maliyetleri en aza indirmek ve ekipman\u0131n \u00e7al\u0131\u015fma s\u00fcresini en \u00fcst d\u00fczeye \u00e7\u0131karmak i\u00e7in \u00e7ok \u00e7e\u015fitli y\u00f6netim sistemlerini ve yaz\u0131l\u0131mlar\u0131n\u0131 ke\u015ffedin.","robots":{"index":"index","follow":"follow","max-snippet":"max-snippet:-1","max-image-preview":"max-image-preview:large","max-video-preview":"max-video-preview:-1"},"canonical":"https:\/\/www.electroluxprofessional.com\/tr\/ticari-camasirhane-ekipmanlari\/yonetim-sistemleri-yazilim\/","og_locale":"tr_TR","og_type":"article","og_title":"Y\u00f6netim Sistemleri ve Yaz\u0131l\u0131m - Electrolux Professional","og_description":"Maliyetleri en aza indirmek ve ekipman\u0131n \u00e7al\u0131\u015fma s\u00fcresini en \u00fcst d\u00fczeye \u00e7\u0131karmak i\u00e7in \u00e7ok \u00e7e\u015fitli y\u00f6netim sistemlerini ve yaz\u0131l\u0131mlar\u0131n\u0131 ke\u015ffedin.","og_url":"https:\/\/www.electroluxprofessional.com\/tr\/ticari-camasirhane-ekipmanlari\/yonetim-sistemleri-yazilim\/","og_site_name":"Electrolux Professional T\u00fcrkiye","article_modified_time":"2025-11-05T15:59:02+00:00","og_image":[{"width":700,"height":700,"url":"https:\/\/www.electroluxprofessional.com\/tr\/wp-content\/uploads\/2016\/11\/management-quadro.jpg","type":"image\/jpeg"}],"twitter_card":"summary_large_image","twitter_misc":{"Tahmini okuma s\u00fcresi":"2 dakika"},"schema":{"@context":"https:\/\/schema.org","@graph":[{"@type":"WebPage","@id":"https:\/\/www.electroluxprofessional.com\/tr\/ticari-camasirhane-ekipmanlari\/yonetim-sistemleri-yazilim\/","url":"https:\/\/www.electroluxprofessional.com\/tr\/ticari-camasirhane-ekipmanlari\/yonetim-sistemleri-yazilim\/","name":"Y\u00f6netim Sistemleri ve Yaz\u0131l\u0131m - Electrolux Professional","isPartOf":{"@id":"https:\/\/www.electroluxprofessional.com\/tr\/#website"},"primaryImageOfPage":{"@id":"https:\/\/www.electroluxprofessional.com\/tr\/ticari-camasirhane-ekipmanlari\/yonetim-sistemleri-yazilim\/#primaryimage"},"image":{"@id":"https:\/\/www.electroluxprofessional.com\/tr\/ticari-camasirhane-ekipmanlari\/yonetim-sistemleri-yazilim\/#primaryimage"},"thumbnailUrl":"https:\/\/www.electroluxprofessional.com\/tr\/wp-content\/uploads\/2016\/11\/management-quadro.jpg","datePublished":"2016-11-09T16:41:43+00:00","dateModified":"2025-11-05T15:59:02+00:00","description":"Maliyetleri en aza indirmek ve ekipman\u0131n \u00e7al\u0131\u015fma s\u00fcresini en \u00fcst d\u00fczeye \u00e7\u0131karmak i\u00e7in \u00e7ok \u00e7e\u015fitli y\u00f6netim sistemlerini ve yaz\u0131l\u0131mlar\u0131n\u0131 ke\u015ffedin.","breadcrumb":{"@id":"https:\/\/www.electroluxprofessional.com\/tr\/ticari-camasirhane-ekipmanlari\/yonetim-sistemleri-yazilim\/#breadcrumb"},"inLanguage":"tr","potentialAction":[{"@type":"ReadAction","target":["https:\/\/www.electroluxprofessional.com\/tr\/ticari-camasirhane-ekipmanlari\/yonetim-sistemleri-yazilim\/"]}]},{"@type":"ImageObject","inLanguage":"tr","@id":"https:\/\/www.electroluxprofessional.com\/tr\/ticari-camasirhane-ekipmanlari\/yonetim-sistemleri-yazilim\/#primaryimage","url":"https:\/\/www.electroluxprofessional.com\/tr\/wp-content\/uploads\/2016\/11\/management-quadro.jpg","contentUrl":"https:\/\/www.electroluxprofessional.com\/tr\/wp-content\/uploads\/2016\/11\/management-quadro.jpg","width":700,"height":700,"caption":"Management systems and software"},{"@type":"BreadcrumbList","@id":"https:\/\/www.electroluxprofessional.com\/tr\/ticari-camasirhane-ekipmanlari\/yonetim-sistemleri-yazilim\/#breadcrumb","itemListElement":[{"@type":"ListItem","position":1,"name":"Home","item":"https:\/\/www.electroluxprofessional.com\/tr\/"},{"@type":"ListItem","position":2,"name":"\u00c7ama\u015f\u0131rhane","item":"https:\/\/www.electroluxprofessional.com\/tr\/ticari-camasirhane-ekipmanlari\/"},{"@type":"ListItem","position":3,"name":"Y\u00f6netim Sistemleri ve Yaz\u0131l\u0131m"}]},{"@type":"WebSite","@id":"https:\/\/www.electroluxprofessional.com\/tr\/#website","url":"https:\/\/www.electroluxprofessional.com\/tr\/","name":"Electrolux Professional T\u00fcrkiye","description":"","potentialAction":[{"@type":"SearchAction","target":{"@type":"EntryPoint","urlTemplate":"https:\/\/www.electroluxprofessional.com\/tr\/?src={search_term_string}"},"query-input":"required name=search_term_string"}],"inLanguage":"tr"}]}},"_links":{"self":[{"href":"https:\/\/www.electroluxprofessional.com\/tr\/wp-json\/wp\/v2\/pages\/2762"}],"collection":[{"href":"https:\/\/www.electroluxprofessional.com\/tr\/wp-json\/wp\/v2\/pages"}],"about":[{"href":"https:\/\/www.electroluxprofessional.com\/tr\/wp-json\/wp\/v2\/types\/page"}],"author":[{"embeddable":true,"href":"https:\/\/www.electroluxprofessional.com\/tr\/wp-json\/wp\/v2\/users\/3"}],"replies":[{"embeddable":true,"href":"https:\/\/www.electroluxprofessional.com\/tr\/wp-json\/wp\/v2\/comments?post=2762"}],"version-history":[{"count":6,"href":"https:\/\/www.electroluxprofessional.com\/tr\/wp-json\/wp\/v2\/pages\/2762\/revisions"}],"predecessor-version":[{"id":22951,"href":"https:\/\/www.electroluxprofessional.com\/tr\/wp-json\/wp\/v2\/pages\/2762\/revisions\/22951"}],"up":[{"embeddable":true,"href":"https:\/\/www.electroluxprofessional.com\/tr\/wp-json\/wp\/v2\/pages\/2006"}],"wp:featuredmedia":[{"embeddable":true,"href":"https:\/\/www.electroluxprofessional.com\/tr\/wp-json\/wp\/v2\/media\/735"}],"wp:attachment":[{"href":"https:\/\/www.electroluxprofessional.com\/tr\/wp-json\/wp\/v2\/media?parent=2762"}],"curies":[{"name":"wp","href":"https:\/\/api.w.org\/{rel}","templated":true}]}}