{"id":2742,"date":"2016-11-09T15:32:34","date_gmt":"2016-11-09T15:32:34","guid":{"rendered":"https:\/\/www.electroluxprofessional.com\/?page_id=4727"},"modified":"2025-11-05T15:56:26","modified_gmt":"2025-11-05T15:56:26","slug":"sonlandirma-ekipmanlari","status":"publish","type":"page","link":"https:\/\/www.electroluxprofessional.com\/tr\/ticari-camasirhane-ekipmanlari\/sonlandirma-ekipmanlari\/","title":{"rendered":"Sonland\u0131rma Ekipmanlar\u0131"},"content":{"rendered":"<p>[vc_row full_width=&#8221;electroluxpro-full-width-no-padding&#8221;][vc_column][elx_hero_slider label_text_color=&#8221;inherit&#8221; images=&#8221;798&#8243;][elx_heading font_container=&#8221;h1&#8243; font_size=&#8221;h2&#8243; text_color=&#8221;inherit&#8221;]Sonland\u0131rma Ekipmanlar\u0131[\/elx_heading][\/elx_hero_slider][\/vc_column][\/vc_row][vc_row][vc_column][vc_empty_space][elx_heading font_size=&#8221;h3&#8243; text_color=&#8221;inherit&#8221;]\u0130\u015finizi daha da m\u00fckemmel hale getiren sonland\u0131rma ekipmanlar\u0131[\/elx_heading][vc_empty_space][\/vc_column][\/vc_row][vc_row][vc_column width=&#8221;1\/2&#8243;][vc_single_image image=&#8221;891&#8243; img_size=&#8221;large&#8221;][\/vc_column][vc_column width=&#8221;1\/2&#8243;][vc_column_text]<strong>Electrolux Professional<\/strong>\u00a0sonland\u0131rma ekipmanlar\u0131n\u0131n i\u00e7inden ihtiyac\u0131n\u0131za uygun olan, kullan\u0131m\u0131 kolay, y\u00fcksek d\u00fczeyde otomasyona sahip sonland\u0131rma preslerinden birini se\u00e7ebilirsiniz. Bunlar\u0131n aras\u0131nda k\u00fc\u00e7\u00fck operasyonlar i\u00e7in basit elektrik \u0131s\u0131tmal\u0131 \u00fct\u00fcleme masalar\u0131 veya y\u00fcksek hacimde sonland\u0131rma i\u015flemleri ger\u00e7ekle\u015ftirebilece\u011finiz pres \u00fct\u00fcler bulunur.<\/p>\n<p>Sonland\u0131rma ekipmanlar\u0131m\u0131z y\u00fcksek verimliliklerinin yan\u0131 s\u0131ra, en \u00fcst d\u00fczeyde kaliteyi de garanti ederler.<\/p>\n<p><strong>M\u00fckemmel g\u00f6mlek sonland\u0131rma \u00e7\u00f6z\u00fcmleri<\/strong><strong><br \/>\n<\/strong>Bu alandaki \u00e7\u00f6z\u00fcmlerimiz \u015fu ekipmanlar\u0131 i\u00e7erir: \u00dct\u00fcleme masalar\u0131, g\u00f6mlek \u00fct\u00fc robotlar\u0131, yaka-man\u015fet presleri.[\/vc_column_text][vc_column_text]<strong>Pantolon sonland\u0131rma; K\u0131r\u0131\u015f\u0131kl\u0131klar ve pililer<\/strong><strong><br \/>\n<\/strong>Electrolux Professional pantolon \u00fct\u00fcleme sistemleri operator emniyeti maksimum d\u00fczeyde olacak \u015fekilde tasarlanm\u0131\u015ft\u0131r. Bu ekipmanlar\u0131n kullan\u0131m\u0131 \u00e7ok kolayd\u0131r ve k\u0131sa s\u00fcrede \u00e7ok say\u0131da pantolonun i\u015flemden ge\u00e7irilmesini sa\u011flar.<\/p>\n<p><strong>Ceket ve \u00f6nl\u00fckler<\/strong><\/p>\n<p>Electrolux Professional ceket manken \u00fct\u00fcleri o kadar verimlidirler ki saatte 40 ceketin i\u015flemden ge\u00e7irilmesine imkan verirler. Kullan\u0131c\u0131 dostu mikroproses 9 farkl\u0131 program\u0131 haf\u0131zas\u0131na al\u0131r ve t\u00fcm fonksiyonlar\u0131 kontrol eder.[\/vc_column_text][\/vc_column][\/vc_row][vc_row][vc_column width=&#8221;1\/3&#8243;][vc_empty_space][vc_single_image image=&#8221;2739&#8243; img_size=&#8221;full&#8221;][\/vc_column][vc_column width=&#8221;1\/3&#8243;][vc_single_image image=&#8221;2740&#8243; img_size=&#8221;full&#8221;][\/vc_column][vc_column width=&#8221;1\/3&#8243;][vc_empty_space][vc_single_image image=&#8221;2741&#8243; img_size=&#8221;full&#8221;][\/vc_column][\/vc_row][vc_row][vc_column][vc_empty_space height=&#8221;50px&#8221;][elx_heading font_size=&#8221;h2&#8243; text_color=&#8221;inherit&#8221; text_align=&#8221;text-center&#8221;]Sonland\u0131rma Ekipmanlar\u0131m\u0131z\u0131n i\u015fletmeniz i\u00e7in neler yapabilece\u011fini ke\u015ffedin[\/elx_heading][elx_o2000_contact_us r=&#8221;Sonland\u0131rma Ekipmanlar\u0131 hakk\u0131nda daha fazla bilgi edinmek istiyorum. L\u00fctfen benimle ileti\u015fime ge\u00e7in.<br \/>\n&#8221; s=&#8221;Request of information about Finishing Equipment&#8221; country=&#8221;Turkey&#8221; l=&#8221;tr&#8221; b=&#8221;laundry&#8221; container=&#8221;elxcontactus1478705376&#8243;][vc_empty_space height=&#8221;50px&#8221;][\/vc_column][\/vc_row][vc_row][vc_column][elx_heading font_size=&#8221;h3&#8243; text_color=&#8221;inherit&#8221; text_align=&#8221;text-center&#8221;]\u0130\u015fletmeniz i\u00e7in ideal olan \u00e7\u00f6z\u00fcm\u00fc bulun[\/elx_heading][\/vc_column][\/vc_row][vc_row][vc_column width=&#8221;1\/3&#8243;][elx_maylike_box id_box=&#8221;1639&#8243;][\/vc_column][vc_column width=&#8221;1\/3&#8243;][elx_maylike_box id_box=&#8221;1498&#8243;][\/vc_column][vc_column width=&#8221;1\/3&#8243;][elx_maylike_box id_box=&#8221;1505&#8243;][\/vc_column][\/vc_row][vc_row][vc_column][vc_empty_space height=&#8221;50px&#8221;][\/vc_column][\/vc_row]<\/p>\n","protected":false},"excerpt":{"rendered":"<p>[vc_row full_width=&#8221;electroluxpro-full-width-no-padding&#8221;][vc_column][elx_hero_slider label_text_color=&#8221;inherit&#8221; images=&#8221;798&#8243;][elx_heading font_container=&#8221;h1&#8243; font_size=&#8221;h2&#8243; text_color=&#8221;inherit&#8221;]Sonland\u0131rma Ekipmanlar\u0131[\/elx_heading][\/elx_hero_slider][\/vc_column][\/vc_row][vc_row][vc_column][vc_empty_space][elx_heading font_size=&#8221;h3&#8243; text_color=&#8221;inherit&#8221;]\u0130\u015finizi daha da m\u00fckemmel hale getiren sonland\u0131rma ekipmanlar\u0131[\/elx_heading][vc_empty_space][\/vc_column][\/vc_row][vc_row][vc_column width=&#8221;1\/2&#8243;][vc_single_image image=&#8221;891&#8243; img_size=&#8221;large&#8221;][\/vc_column][vc_column width=&#8221;1\/2&#8243;][vc_column_text]Electrolux Professional\u00a0sonland\u0131rma ekipmanlar\u0131n\u0131n i\u00e7inden ihtiyac\u0131n\u0131za uygun olan, kullan\u0131m\u0131 kolay, y\u00fcksek d\u00fczeyde otomasyona sahip sonland\u0131rma preslerinden birini se\u00e7ebilirsiniz. Bunlar\u0131n aras\u0131nda k\u00fc\u00e7\u00fck operasyonlar i\u00e7in basit elektrik \u0131s\u0131tmal\u0131 \u00fct\u00fcleme masalar\u0131 veya y\u00fcksek hacimde sonland\u0131rma i\u015flemleri ger\u00e7ekle\u015ftirebilece\u011finiz pres \u00fct\u00fcler [&hellip;]<\/p>\n","protected":false},"author":3,"featured_media":733,"parent":2006,"menu_order":0,"comment_status":"closed","ping_status":"closed","template":"","meta":{"footnotes":""},"class_list":["post-2742","page","type-page","status-publish","has-post-thumbnail","hentry"],"acf":[],"yoast_head":"<!-- This site is optimized with the Yoast SEO plugin v23.3 - https:\/\/yoast.com\/wordpress\/plugins\/seo\/ -->\n<title>Sonland\u0131rma Ekipmanlar\u0131 - Electrolux Professional<\/title>\n<meta name=\"description\" content=\"\u0130\u015finizi m\u00fckemmelle\u015ftiren son i\u015flem ekipmanlar\u0131. En kaliteli bitirme i\u015flemleri, giysi sonras\u0131 giysi: g\u00f6mlek, pantolon, mont ve ceketler.\" \/>\n<meta name=\"robots\" content=\"index, follow, max-snippet:-1, max-image-preview:large, max-video-preview:-1\" \/>\n<link rel=\"canonical\" href=\"https:\/\/www.electroluxprofessional.com\/tr\/ticari-camasirhane-ekipmanlari\/sonlandirma-ekipmanlari\/\" \/>\n<meta property=\"og:locale\" content=\"tr_TR\" \/>\n<meta property=\"og:type\" content=\"article\" \/>\n<meta property=\"og:title\" content=\"Sonland\u0131rma Ekipmanlar\u0131 - Electrolux Professional\" \/>\n<meta property=\"og:description\" content=\"\u0130\u015finizi m\u00fckemmelle\u015ftiren son i\u015flem ekipmanlar\u0131. En kaliteli bitirme i\u015flemleri, giysi sonras\u0131 giysi: g\u00f6mlek, pantolon, mont ve ceketler.\" \/>\n<meta property=\"og:url\" content=\"https:\/\/www.electroluxprofessional.com\/tr\/ticari-camasirhane-ekipmanlari\/sonlandirma-ekipmanlari\/\" \/>\n<meta property=\"og:site_name\" content=\"Electrolux Professional T\u00fcrkiye\" \/>\n<meta property=\"article:modified_time\" content=\"2025-11-05T15:56:26+00:00\" \/>\n<meta property=\"og:image\" content=\"https:\/\/www.electroluxprofessional.com\/tr\/wp-content\/uploads\/2016\/11\/finishing-quadro.jpg\" \/>\n\t<meta property=\"og:image:width\" content=\"616\" \/>\n\t<meta property=\"og:image:height\" content=\"616\" \/>\n\t<meta property=\"og:image:type\" content=\"image\/jpeg\" \/>\n<meta name=\"twitter:card\" content=\"summary_large_image\" \/>\n<meta name=\"twitter:label1\" content=\"Tahmini okuma s\u00fcresi\" \/>\n\t<meta name=\"twitter:data1\" content=\"2 dakika\" \/>\n<script type=\"application\/ld+json\" class=\"yoast-schema-graph\">{\"@context\":\"https:\/\/schema.org\",\"@graph\":[{\"@type\":\"WebPage\",\"@id\":\"https:\/\/www.electroluxprofessional.com\/tr\/ticari-camasirhane-ekipmanlari\/sonlandirma-ekipmanlari\/\",\"url\":\"https:\/\/www.electroluxprofessional.com\/tr\/ticari-camasirhane-ekipmanlari\/sonlandirma-ekipmanlari\/\",\"name\":\"Sonland\u0131rma Ekipmanlar\u0131 - Electrolux Professional\",\"isPartOf\":{\"@id\":\"https:\/\/www.electroluxprofessional.com\/tr\/#website\"},\"primaryImageOfPage\":{\"@id\":\"https:\/\/www.electroluxprofessional.com\/tr\/ticari-camasirhane-ekipmanlari\/sonlandirma-ekipmanlari\/#primaryimage\"},\"image\":{\"@id\":\"https:\/\/www.electroluxprofessional.com\/tr\/ticari-camasirhane-ekipmanlari\/sonlandirma-ekipmanlari\/#primaryimage\"},\"thumbnailUrl\":\"https:\/\/www.electroluxprofessional.com\/tr\/wp-content\/uploads\/2016\/11\/finishing-quadro.jpg\",\"datePublished\":\"2016-11-09T15:32:34+00:00\",\"dateModified\":\"2025-11-05T15:56:26+00:00\",\"description\":\"\u0130\u015finizi m\u00fckemmelle\u015ftiren son i\u015flem ekipmanlar\u0131. En kaliteli bitirme i\u015flemleri, giysi sonras\u0131 giysi: g\u00f6mlek, pantolon, mont ve ceketler.\",\"breadcrumb\":{\"@id\":\"https:\/\/www.electroluxprofessional.com\/tr\/ticari-camasirhane-ekipmanlari\/sonlandirma-ekipmanlari\/#breadcrumb\"},\"inLanguage\":\"tr\",\"potentialAction\":[{\"@type\":\"ReadAction\",\"target\":[\"https:\/\/www.electroluxprofessional.com\/tr\/ticari-camasirhane-ekipmanlari\/sonlandirma-ekipmanlari\/\"]}]},{\"@type\":\"ImageObject\",\"inLanguage\":\"tr\",\"@id\":\"https:\/\/www.electroluxprofessional.com\/tr\/ticari-camasirhane-ekipmanlari\/sonlandirma-ekipmanlari\/#primaryimage\",\"url\":\"https:\/\/www.electroluxprofessional.com\/tr\/wp-content\/uploads\/2016\/11\/finishing-quadro.jpg\",\"contentUrl\":\"https:\/\/www.electroluxprofessional.com\/tr\/wp-content\/uploads\/2016\/11\/finishing-quadro.jpg\",\"width\":616,\"height\":616,\"caption\":\"finishing\"},{\"@type\":\"BreadcrumbList\",\"@id\":\"https:\/\/www.electroluxprofessional.com\/tr\/ticari-camasirhane-ekipmanlari\/sonlandirma-ekipmanlari\/#breadcrumb\",\"itemListElement\":[{\"@type\":\"ListItem\",\"position\":1,\"name\":\"Home\",\"item\":\"https:\/\/www.electroluxprofessional.com\/tr\/\"},{\"@type\":\"ListItem\",\"position\":2,\"name\":\"\u00c7ama\u015f\u0131rhane\",\"item\":\"https:\/\/www.electroluxprofessional.com\/tr\/ticari-camasirhane-ekipmanlari\/\"},{\"@type\":\"ListItem\",\"position\":3,\"name\":\"Sonland\u0131rma Ekipmanlar\u0131\"}]},{\"@type\":\"WebSite\",\"@id\":\"https:\/\/www.electroluxprofessional.com\/tr\/#website\",\"url\":\"https:\/\/www.electroluxprofessional.com\/tr\/\",\"name\":\"Electrolux Professional T\u00fcrkiye\",\"description\":\"\",\"potentialAction\":[{\"@type\":\"SearchAction\",\"target\":{\"@type\":\"EntryPoint\",\"urlTemplate\":\"https:\/\/www.electroluxprofessional.com\/tr\/?src={search_term_string}\"},\"query-input\":\"required name=search_term_string\"}],\"inLanguage\":\"tr\"}]}<\/script>\n<!-- \/ Yoast SEO plugin. -->","yoast_head_json":{"title":"Sonland\u0131rma Ekipmanlar\u0131 - Electrolux Professional","description":"\u0130\u015finizi m\u00fckemmelle\u015ftiren son i\u015flem ekipmanlar\u0131. En kaliteli bitirme i\u015flemleri, giysi sonras\u0131 giysi: g\u00f6mlek, pantolon, mont ve ceketler.","robots":{"index":"index","follow":"follow","max-snippet":"max-snippet:-1","max-image-preview":"max-image-preview:large","max-video-preview":"max-video-preview:-1"},"canonical":"https:\/\/www.electroluxprofessional.com\/tr\/ticari-camasirhane-ekipmanlari\/sonlandirma-ekipmanlari\/","og_locale":"tr_TR","og_type":"article","og_title":"Sonland\u0131rma Ekipmanlar\u0131 - Electrolux Professional","og_description":"\u0130\u015finizi m\u00fckemmelle\u015ftiren son i\u015flem ekipmanlar\u0131. En kaliteli bitirme i\u015flemleri, giysi sonras\u0131 giysi: g\u00f6mlek, pantolon, mont ve ceketler.","og_url":"https:\/\/www.electroluxprofessional.com\/tr\/ticari-camasirhane-ekipmanlari\/sonlandirma-ekipmanlari\/","og_site_name":"Electrolux Professional T\u00fcrkiye","article_modified_time":"2025-11-05T15:56:26+00:00","og_image":[{"width":616,"height":616,"url":"https:\/\/www.electroluxprofessional.com\/tr\/wp-content\/uploads\/2016\/11\/finishing-quadro.jpg","type":"image\/jpeg"}],"twitter_card":"summary_large_image","twitter_misc":{"Tahmini okuma s\u00fcresi":"2 dakika"},"schema":{"@context":"https:\/\/schema.org","@graph":[{"@type":"WebPage","@id":"https:\/\/www.electroluxprofessional.com\/tr\/ticari-camasirhane-ekipmanlari\/sonlandirma-ekipmanlari\/","url":"https:\/\/www.electroluxprofessional.com\/tr\/ticari-camasirhane-ekipmanlari\/sonlandirma-ekipmanlari\/","name":"Sonland\u0131rma Ekipmanlar\u0131 - Electrolux Professional","isPartOf":{"@id":"https:\/\/www.electroluxprofessional.com\/tr\/#website"},"primaryImageOfPage":{"@id":"https:\/\/www.electroluxprofessional.com\/tr\/ticari-camasirhane-ekipmanlari\/sonlandirma-ekipmanlari\/#primaryimage"},"image":{"@id":"https:\/\/www.electroluxprofessional.com\/tr\/ticari-camasirhane-ekipmanlari\/sonlandirma-ekipmanlari\/#primaryimage"},"thumbnailUrl":"https:\/\/www.electroluxprofessional.com\/tr\/wp-content\/uploads\/2016\/11\/finishing-quadro.jpg","datePublished":"2016-11-09T15:32:34+00:00","dateModified":"2025-11-05T15:56:26+00:00","description":"\u0130\u015finizi m\u00fckemmelle\u015ftiren son i\u015flem ekipmanlar\u0131. En kaliteli bitirme i\u015flemleri, giysi sonras\u0131 giysi: g\u00f6mlek, pantolon, mont ve ceketler.","breadcrumb":{"@id":"https:\/\/www.electroluxprofessional.com\/tr\/ticari-camasirhane-ekipmanlari\/sonlandirma-ekipmanlari\/#breadcrumb"},"inLanguage":"tr","potentialAction":[{"@type":"ReadAction","target":["https:\/\/www.electroluxprofessional.com\/tr\/ticari-camasirhane-ekipmanlari\/sonlandirma-ekipmanlari\/"]}]},{"@type":"ImageObject","inLanguage":"tr","@id":"https:\/\/www.electroluxprofessional.com\/tr\/ticari-camasirhane-ekipmanlari\/sonlandirma-ekipmanlari\/#primaryimage","url":"https:\/\/www.electroluxprofessional.com\/tr\/wp-content\/uploads\/2016\/11\/finishing-quadro.jpg","contentUrl":"https:\/\/www.electroluxprofessional.com\/tr\/wp-content\/uploads\/2016\/11\/finishing-quadro.jpg","width":616,"height":616,"caption":"finishing"},{"@type":"BreadcrumbList","@id":"https:\/\/www.electroluxprofessional.com\/tr\/ticari-camasirhane-ekipmanlari\/sonlandirma-ekipmanlari\/#breadcrumb","itemListElement":[{"@type":"ListItem","position":1,"name":"Home","item":"https:\/\/www.electroluxprofessional.com\/tr\/"},{"@type":"ListItem","position":2,"name":"\u00c7ama\u015f\u0131rhane","item":"https:\/\/www.electroluxprofessional.com\/tr\/ticari-camasirhane-ekipmanlari\/"},{"@type":"ListItem","position":3,"name":"Sonland\u0131rma Ekipmanlar\u0131"}]},{"@type":"WebSite","@id":"https:\/\/www.electroluxprofessional.com\/tr\/#website","url":"https:\/\/www.electroluxprofessional.com\/tr\/","name":"Electrolux Professional T\u00fcrkiye","description":"","potentialAction":[{"@type":"SearchAction","target":{"@type":"EntryPoint","urlTemplate":"https:\/\/www.electroluxprofessional.com\/tr\/?src={search_term_string}"},"query-input":"required name=search_term_string"}],"inLanguage":"tr"}]}},"_links":{"self":[{"href":"https:\/\/www.electroluxprofessional.com\/tr\/wp-json\/wp\/v2\/pages\/2742"}],"collection":[{"href":"https:\/\/www.electroluxprofessional.com\/tr\/wp-json\/wp\/v2\/pages"}],"about":[{"href":"https:\/\/www.electroluxprofessional.com\/tr\/wp-json\/wp\/v2\/types\/page"}],"author":[{"embeddable":true,"href":"https:\/\/www.electroluxprofessional.com\/tr\/wp-json\/wp\/v2\/users\/3"}],"replies":[{"embeddable":true,"href":"https:\/\/www.electroluxprofessional.com\/tr\/wp-json\/wp\/v2\/comments?post=2742"}],"version-history":[{"count":4,"href":"https:\/\/www.electroluxprofessional.com\/tr\/wp-json\/wp\/v2\/pages\/2742\/revisions"}],"predecessor-version":[{"id":22945,"href":"https:\/\/www.electroluxprofessional.com\/tr\/wp-json\/wp\/v2\/pages\/2742\/revisions\/22945"}],"up":[{"embeddable":true,"href":"https:\/\/www.electroluxprofessional.com\/tr\/wp-json\/wp\/v2\/pages\/2006"}],"wp:featuredmedia":[{"embeddable":true,"href":"https:\/\/www.electroluxprofessional.com\/tr\/wp-json\/wp\/v2\/media\/733"}],"wp:attachment":[{"href":"https:\/\/www.electroluxprofessional.com\/tr\/wp-json\/wp\/v2\/media?parent=2742"}],"curies":[{"name":"wp","href":"https:\/\/api.w.org\/{rel}","templated":true}]}}