{"id":2662,"date":"2017-01-20T15:17:31","date_gmt":"2017-01-20T14:17:31","guid":{"rendered":"https:\/\/www.electroluxprofessional.com\/?page_id=8546"},"modified":"2025-11-05T15:49:24","modified_gmt":"2025-11-05T15:49:24","slug":"istege-ozel-paslanmaz-celik-imalati","status":"publish","type":"page","link":"https:\/\/www.electroluxprofessional.com\/tr\/ticari-mutfak-ekipmanlari\/istege-ozel-paslanmaz-celik-imalati\/","title":{"rendered":"\u0130ste\u011fe \u00d6zel Paslanmaz \u00c7elik \u0130malat\u0131"},"content":{"rendered":"<p>[vc_row full_width=&#8221;electroluxpro-full-width-no-padding&#8221;][vc_column][elx_hero_slider label_text_color=&#8221;inherit&#8221; images=&#8221;2661&#8243;][elx_heading font_container=&#8221;h1&#8243; font_size=&#8221;h2&#8243; text_color=&#8221;inherit&#8221;]\u0130ste\u011fe \u00d6zel Paslanmaz \u00c7elik \u0130malat\u0131[\/elx_heading][elx_heading font_size=&#8221;h3&#8243; text_color=&#8221;inherit&#8221;]T\u00fcm ihtiya\u00e7lar\u0131n\u0131z i\u00e7in[\/elx_heading][\/elx_hero_slider][\/vc_column][\/vc_row][vc_row][vc_column][vc_empty_space][elx_heading font_size=&#8221;h3&#8243; text_color=&#8221;inherit&#8221; text_align=&#8221;text-center&#8221;]Bu dayan\u0131kl\u0131, paslanmaz \u00e7elik yap\u0131, ihtiya\u00e7lar\u0131n\u0131za g\u00f6re kombine edebilece\u011finiz do\u011fal, s\u0131cak, setalt\u0131 so\u011fuk ve dondurucu dolaplar gibi \u00e7ok \u00e7e\u015fitli kombinasyonlar sunan \u00f6zel bir \u00e7\u00f6z\u00fcmd\u00fcr.[\/elx_heading][vc_empty_space height=&#8221;15px&#8221;][\/vc_column][\/vc_row][vc_row][vc_column width=&#8221;1\/4&#8243;][vc_empty_space height=&#8221;70px&#8221;][vc_column_text]<\/p>\n<h5>Bu \u00fcr\u00fcn grubunun modern tasar\u0131m\u0131, Electrolux Professional ekipmanlar\u0131n\u0131n karakteristik \u00f6zelli\u011fi olan yenilik\u00e7i g\u00f6r\u00fcn\u00fcm ile m\u00fcthi\u015f bir birliktelik olu\u015fturur.<\/h5>\n<p>[\/vc_column_text][\/vc_column][vc_column width=&#8221;3\/4&#8243;][elx_image_block background_image=&#8221;1945&#8243; minimum_height=&#8221;400px&#8221;][\/vc_column][\/vc_row][vc_row][vc_column][vc_empty_space height=&#8221;50px&#8221;][elx_heading text_color=&#8221;inherit&#8221; text_align=&#8221;text-center&#8221;]Paslanmaz \u00c7elik \u0130malatlar\u0131m\u0131z\u0131n i\u015fletmeniz i\u00e7in neler yapabilece\u011fini ke\u015ffedin[\/elx_heading][elx_o2000_contact_us s=&#8221;Request of information about modular fabrication.&#8221; country=&#8221;Turkey&#8221; container=&#8221;elxcontactus1484922187&#8243; r=&#8221;Ki\u015fiye \u00d6zel \u0130malat hakk\u0131nda daha fazla bilgi edinmek istiyorum. L\u00fctfen benimle ileti\u015fime ge\u00e7in.&#8221; l=&#8221;tr&#8221;][vc_empty_space height=&#8221;50px&#8221;][\/vc_column][\/vc_row][vc_row][vc_column][elx_heading font_size=&#8221;h3&#8243; text_color=&#8221;inherit&#8221; text_align=&#8221;text-center&#8221;]\u0130\u015fletmeniz i\u00e7in ideal olan \u00e7\u00f6z\u00fcm\u00fc bulun[\/elx_heading][\/vc_column][\/vc_row][vc_row][vc_column width=&#8221;1\/3&#8243;][elx_maylike_box id_box=&#8221;1498&#8243;][\/vc_column][vc_column width=&#8221;1\/3&#8243;][elx_maylike_box id_box=&#8221;1196&#8243;][\/vc_column][vc_column width=&#8221;1\/3&#8243;][elx_maylike_box id_box=&#8221;1500&#8243;][\/vc_column][\/vc_row][vc_row][vc_column][vc_empty_space height=&#8221;50px&#8221;][\/vc_column][\/vc_row][vc_row full_width=&#8221;electroluxpro-full-width-no-padding&#8221;][vc_column_text][\/vc_column][\/vc_column_text][\/vc_row]<\/p>\n","protected":false},"excerpt":{"rendered":"<p>[vc_row full_width=&#8221;electroluxpro-full-width-no-padding&#8221;][vc_column][elx_hero_slider label_text_color=&#8221;inherit&#8221; images=&#8221;2661&#8243;][elx_heading font_container=&#8221;h1&#8243; font_size=&#8221;h2&#8243; text_color=&#8221;inherit&#8221;]\u0130ste\u011fe \u00d6zel Paslanmaz \u00c7elik \u0130malat\u0131[\/elx_heading][elx_heading font_size=&#8221;h3&#8243; text_color=&#8221;inherit&#8221;]T\u00fcm ihtiya\u00e7lar\u0131n\u0131z i\u00e7in[\/elx_heading][\/elx_hero_slider][\/vc_column][\/vc_row][vc_row][vc_column][vc_empty_space][elx_heading font_size=&#8221;h3&#8243; text_color=&#8221;inherit&#8221; text_align=&#8221;text-center&#8221;]Bu dayan\u0131kl\u0131, paslanmaz \u00e7elik yap\u0131, ihtiya\u00e7lar\u0131n\u0131za g\u00f6re kombine edebilece\u011finiz do\u011fal, s\u0131cak, setalt\u0131 so\u011fuk ve dondurucu dolaplar gibi \u00e7ok \u00e7e\u015fitli kombinasyonlar sunan \u00f6zel bir \u00e7\u00f6z\u00fcmd\u00fcr.[\/elx_heading][vc_empty_space height=&#8221;15px&#8221;][\/vc_column][\/vc_row][vc_row][vc_column width=&#8221;1\/4&#8243;][vc_empty_space height=&#8221;70px&#8221;][vc_column_text] Bu \u00fcr\u00fcn grubunun modern tasar\u0131m\u0131, Electrolux Professional ekipmanlar\u0131n\u0131n karakteristik \u00f6zelli\u011fi olan [&hellip;]<\/p>\n","protected":false},"author":3,"featured_media":2661,"parent":19849,"menu_order":0,"comment_status":"closed","ping_status":"closed","template":"","meta":{"footnotes":""},"class_list":["post-2662","page","type-page","status-publish","has-post-thumbnail","hentry"],"acf":[],"yoast_head":"<!-- This site is optimized with the Yoast SEO plugin v23.3 - https:\/\/yoast.com\/wordpress\/plugins\/seo\/ -->\n<title>\u0130ste\u011fe \u00d6zel Paslanmaz \u00c7elikli \u0130malat - Electrolux Professional<\/title>\n<meta name=\"description\" content=\"Her t\u00fcrl\u00fc ihtiyac\u0131n\u0131z i\u00e7in g\u00fc\u00e7l\u00fc paslanmaz \u00e7eli\u011fin size \u00f6zel halini ke\u015ffedin.\" \/>\n<meta name=\"robots\" content=\"index, follow, max-snippet:-1, max-image-preview:large, max-video-preview:-1\" \/>\n<link rel=\"canonical\" href=\"https:\/\/www.electroluxprofessional.com\/tr\/ticari-mutfak-ekipmanlari\/istege-ozel-paslanmaz-celik-imalati\/\" \/>\n<meta property=\"og:locale\" content=\"tr_TR\" \/>\n<meta property=\"og:type\" content=\"article\" \/>\n<meta property=\"og:title\" content=\"\u0130ste\u011fe \u00d6zel Paslanmaz \u00c7elikli \u0130malat - Electrolux Professional\" \/>\n<meta property=\"og:description\" content=\"Her t\u00fcrl\u00fc ihtiyac\u0131n\u0131z i\u00e7in g\u00fc\u00e7l\u00fc paslanmaz \u00e7eli\u011fin size \u00f6zel halini ke\u015ffedin.\" \/>\n<meta property=\"og:url\" content=\"https:\/\/www.electroluxprofessional.com\/tr\/ticari-mutfak-ekipmanlari\/istege-ozel-paslanmaz-celik-imalati\/\" \/>\n<meta property=\"og:site_name\" content=\"Electrolux Professional T\u00fcrkiye\" \/>\n<meta property=\"article:modified_time\" content=\"2025-11-05T15:49:24+00:00\" \/>\n<meta property=\"og:image\" content=\"https:\/\/www.electroluxprofessional.com\/tr\/wp-content\/uploads\/2017\/01\/banner.jpg\" \/>\n\t<meta property=\"og:image:width\" content=\"2000\" \/>\n\t<meta property=\"og:image:height\" content=\"1331\" \/>\n\t<meta property=\"og:image:type\" content=\"image\/jpeg\" \/>\n<meta name=\"twitter:card\" content=\"summary_large_image\" \/>\n<meta name=\"twitter:label1\" content=\"Tahmini okuma s\u00fcresi\" \/>\n\t<meta name=\"twitter:data1\" content=\"1 dakika\" \/>\n<script type=\"application\/ld+json\" class=\"yoast-schema-graph\">{\"@context\":\"https:\/\/schema.org\",\"@graph\":[{\"@type\":\"WebPage\",\"@id\":\"https:\/\/www.electroluxprofessional.com\/tr\/ticari-mutfak-ekipmanlari\/istege-ozel-paslanmaz-celik-imalati\/\",\"url\":\"https:\/\/www.electroluxprofessional.com\/tr\/ticari-mutfak-ekipmanlari\/istege-ozel-paslanmaz-celik-imalati\/\",\"name\":\"\u0130ste\u011fe \u00d6zel Paslanmaz \u00c7elikli \u0130malat - Electrolux Professional\",\"isPartOf\":{\"@id\":\"https:\/\/www.electroluxprofessional.com\/tr\/#website\"},\"primaryImageOfPage\":{\"@id\":\"https:\/\/www.electroluxprofessional.com\/tr\/ticari-mutfak-ekipmanlari\/istege-ozel-paslanmaz-celik-imalati\/#primaryimage\"},\"image\":{\"@id\":\"https:\/\/www.electroluxprofessional.com\/tr\/ticari-mutfak-ekipmanlari\/istege-ozel-paslanmaz-celik-imalati\/#primaryimage\"},\"thumbnailUrl\":\"https:\/\/www.electroluxprofessional.com\/tr\/wp-content\/uploads\/2017\/01\/banner.jpg\",\"datePublished\":\"2017-01-20T14:17:31+00:00\",\"dateModified\":\"2025-11-05T15:49:24+00:00\",\"description\":\"Her t\u00fcrl\u00fc ihtiyac\u0131n\u0131z i\u00e7in g\u00fc\u00e7l\u00fc paslanmaz \u00e7eli\u011fin size \u00f6zel halini ke\u015ffedin.\",\"breadcrumb\":{\"@id\":\"https:\/\/www.electroluxprofessional.com\/tr\/ticari-mutfak-ekipmanlari\/istege-ozel-paslanmaz-celik-imalati\/#breadcrumb\"},\"inLanguage\":\"tr\",\"potentialAction\":[{\"@type\":\"ReadAction\",\"target\":[\"https:\/\/www.electroluxprofessional.com\/tr\/ticari-mutfak-ekipmanlari\/istege-ozel-paslanmaz-celik-imalati\/\"]}]},{\"@type\":\"ImageObject\",\"inLanguage\":\"tr\",\"@id\":\"https:\/\/www.electroluxprofessional.com\/tr\/ticari-mutfak-ekipmanlari\/istege-ozel-paslanmaz-celik-imalati\/#primaryimage\",\"url\":\"https:\/\/www.electroluxprofessional.com\/tr\/wp-content\/uploads\/2017\/01\/banner.jpg\",\"contentUrl\":\"https:\/\/www.electroluxprofessional.com\/tr\/wp-content\/uploads\/2017\/01\/banner.jpg\",\"width\":2000,\"height\":1331,\"caption\":\"food - custom made fabrication\"},{\"@type\":\"BreadcrumbList\",\"@id\":\"https:\/\/www.electroluxprofessional.com\/tr\/ticari-mutfak-ekipmanlari\/istege-ozel-paslanmaz-celik-imalati\/#breadcrumb\",\"itemListElement\":[{\"@type\":\"ListItem\",\"position\":1,\"name\":\"Home\",\"item\":\"https:\/\/www.electroluxprofessional.com\/tr\/\"},{\"@type\":\"ListItem\",\"position\":2,\"name\":\"End\u00fcstriyel Mutfak Ekipmanlar\u0131\",\"item\":\"https:\/\/www.electroluxprofessional.com\/tr\/ticari-mutfak-ekipmanlari\/\"},{\"@type\":\"ListItem\",\"position\":3,\"name\":\"\u0130ste\u011fe \u00d6zel Paslanmaz \u00c7elik \u0130malat\u0131\"}]},{\"@type\":\"WebSite\",\"@id\":\"https:\/\/www.electroluxprofessional.com\/tr\/#website\",\"url\":\"https:\/\/www.electroluxprofessional.com\/tr\/\",\"name\":\"Electrolux Professional T\u00fcrkiye\",\"description\":\"\",\"potentialAction\":[{\"@type\":\"SearchAction\",\"target\":{\"@type\":\"EntryPoint\",\"urlTemplate\":\"https:\/\/www.electroluxprofessional.com\/tr\/?src={search_term_string}\"},\"query-input\":\"required name=search_term_string\"}],\"inLanguage\":\"tr\"}]}<\/script>\n<!-- \/ Yoast SEO plugin. -->","yoast_head_json":{"title":"\u0130ste\u011fe \u00d6zel Paslanmaz \u00c7elikli \u0130malat - Electrolux Professional","description":"Her t\u00fcrl\u00fc ihtiyac\u0131n\u0131z i\u00e7in g\u00fc\u00e7l\u00fc paslanmaz \u00e7eli\u011fin size \u00f6zel halini ke\u015ffedin.","robots":{"index":"index","follow":"follow","max-snippet":"max-snippet:-1","max-image-preview":"max-image-preview:large","max-video-preview":"max-video-preview:-1"},"canonical":"https:\/\/www.electroluxprofessional.com\/tr\/ticari-mutfak-ekipmanlari\/istege-ozel-paslanmaz-celik-imalati\/","og_locale":"tr_TR","og_type":"article","og_title":"\u0130ste\u011fe \u00d6zel Paslanmaz \u00c7elikli \u0130malat - Electrolux Professional","og_description":"Her t\u00fcrl\u00fc ihtiyac\u0131n\u0131z i\u00e7in g\u00fc\u00e7l\u00fc paslanmaz \u00e7eli\u011fin size \u00f6zel halini ke\u015ffedin.","og_url":"https:\/\/www.electroluxprofessional.com\/tr\/ticari-mutfak-ekipmanlari\/istege-ozel-paslanmaz-celik-imalati\/","og_site_name":"Electrolux Professional T\u00fcrkiye","article_modified_time":"2025-11-05T15:49:24+00:00","og_image":[{"width":2000,"height":1331,"url":"https:\/\/www.electroluxprofessional.com\/tr\/wp-content\/uploads\/2017\/01\/banner.jpg","type":"image\/jpeg"}],"twitter_card":"summary_large_image","twitter_misc":{"Tahmini okuma s\u00fcresi":"1 dakika"},"schema":{"@context":"https:\/\/schema.org","@graph":[{"@type":"WebPage","@id":"https:\/\/www.electroluxprofessional.com\/tr\/ticari-mutfak-ekipmanlari\/istege-ozel-paslanmaz-celik-imalati\/","url":"https:\/\/www.electroluxprofessional.com\/tr\/ticari-mutfak-ekipmanlari\/istege-ozel-paslanmaz-celik-imalati\/","name":"\u0130ste\u011fe \u00d6zel Paslanmaz \u00c7elikli \u0130malat - Electrolux Professional","isPartOf":{"@id":"https:\/\/www.electroluxprofessional.com\/tr\/#website"},"primaryImageOfPage":{"@id":"https:\/\/www.electroluxprofessional.com\/tr\/ticari-mutfak-ekipmanlari\/istege-ozel-paslanmaz-celik-imalati\/#primaryimage"},"image":{"@id":"https:\/\/www.electroluxprofessional.com\/tr\/ticari-mutfak-ekipmanlari\/istege-ozel-paslanmaz-celik-imalati\/#primaryimage"},"thumbnailUrl":"https:\/\/www.electroluxprofessional.com\/tr\/wp-content\/uploads\/2017\/01\/banner.jpg","datePublished":"2017-01-20T14:17:31+00:00","dateModified":"2025-11-05T15:49:24+00:00","description":"Her t\u00fcrl\u00fc ihtiyac\u0131n\u0131z i\u00e7in g\u00fc\u00e7l\u00fc paslanmaz \u00e7eli\u011fin size \u00f6zel halini ke\u015ffedin.","breadcrumb":{"@id":"https:\/\/www.electroluxprofessional.com\/tr\/ticari-mutfak-ekipmanlari\/istege-ozel-paslanmaz-celik-imalati\/#breadcrumb"},"inLanguage":"tr","potentialAction":[{"@type":"ReadAction","target":["https:\/\/www.electroluxprofessional.com\/tr\/ticari-mutfak-ekipmanlari\/istege-ozel-paslanmaz-celik-imalati\/"]}]},{"@type":"ImageObject","inLanguage":"tr","@id":"https:\/\/www.electroluxprofessional.com\/tr\/ticari-mutfak-ekipmanlari\/istege-ozel-paslanmaz-celik-imalati\/#primaryimage","url":"https:\/\/www.electroluxprofessional.com\/tr\/wp-content\/uploads\/2017\/01\/banner.jpg","contentUrl":"https:\/\/www.electroluxprofessional.com\/tr\/wp-content\/uploads\/2017\/01\/banner.jpg","width":2000,"height":1331,"caption":"food - custom made fabrication"},{"@type":"BreadcrumbList","@id":"https:\/\/www.electroluxprofessional.com\/tr\/ticari-mutfak-ekipmanlari\/istege-ozel-paslanmaz-celik-imalati\/#breadcrumb","itemListElement":[{"@type":"ListItem","position":1,"name":"Home","item":"https:\/\/www.electroluxprofessional.com\/tr\/"},{"@type":"ListItem","position":2,"name":"End\u00fcstriyel Mutfak Ekipmanlar\u0131","item":"https:\/\/www.electroluxprofessional.com\/tr\/ticari-mutfak-ekipmanlari\/"},{"@type":"ListItem","position":3,"name":"\u0130ste\u011fe \u00d6zel Paslanmaz \u00c7elik \u0130malat\u0131"}]},{"@type":"WebSite","@id":"https:\/\/www.electroluxprofessional.com\/tr\/#website","url":"https:\/\/www.electroluxprofessional.com\/tr\/","name":"Electrolux Professional T\u00fcrkiye","description":"","potentialAction":[{"@type":"SearchAction","target":{"@type":"EntryPoint","urlTemplate":"https:\/\/www.electroluxprofessional.com\/tr\/?src={search_term_string}"},"query-input":"required name=search_term_string"}],"inLanguage":"tr"}]}},"_links":{"self":[{"href":"https:\/\/www.electroluxprofessional.com\/tr\/wp-json\/wp\/v2\/pages\/2662"}],"collection":[{"href":"https:\/\/www.electroluxprofessional.com\/tr\/wp-json\/wp\/v2\/pages"}],"about":[{"href":"https:\/\/www.electroluxprofessional.com\/tr\/wp-json\/wp\/v2\/types\/page"}],"author":[{"embeddable":true,"href":"https:\/\/www.electroluxprofessional.com\/tr\/wp-json\/wp\/v2\/users\/3"}],"replies":[{"embeddable":true,"href":"https:\/\/www.electroluxprofessional.com\/tr\/wp-json\/wp\/v2\/comments?post=2662"}],"version-history":[{"count":11,"href":"https:\/\/www.electroluxprofessional.com\/tr\/wp-json\/wp\/v2\/pages\/2662\/revisions"}],"predecessor-version":[{"id":22924,"href":"https:\/\/www.electroluxprofessional.com\/tr\/wp-json\/wp\/v2\/pages\/2662\/revisions\/22924"}],"up":[{"embeddable":true,"href":"https:\/\/www.electroluxprofessional.com\/tr\/wp-json\/wp\/v2\/pages\/19849"}],"wp:featuredmedia":[{"embeddable":true,"href":"https:\/\/www.electroluxprofessional.com\/tr\/wp-json\/wp\/v2\/media\/2661"}],"wp:attachment":[{"href":"https:\/\/www.electroluxprofessional.com\/tr\/wp-json\/wp\/v2\/media?parent=2662"}],"curies":[{"name":"wp","href":"https:\/\/api.w.org\/{rel}","templated":true}]}}