{"id":2571,"date":"2016-11-22T13:04:10","date_gmt":"2016-11-22T13:04:10","guid":{"rendered":"https:\/\/www.electroluxprofessional.com\/?page_id=5670"},"modified":"2025-11-05T15:40:39","modified_gmt":"2025-11-05T15:40:39","slug":"xp-kaynatma-kazanlari-ve-devrilir-tavalar","status":"publish","type":"page","link":"https:\/\/www.electroluxprofessional.com\/tr\/ticari-mutfak-ekipmanlari\/xp-kaynatma-kazanlari-ve-devrilir-tavalar\/","title":{"rendered":"XP kaynatma kazanlar\u0131 ve devrilir tavalar"},"content":{"rendered":"<p>[vc_row full_width=&#8221;electroluxpro-full-width-no-padding&#8221;][vc_column][elx_hero_slider label_text_color=&#8221;inherit&#8221; images=&#8221;2569&#8243;][elx_heading font_container=&#8221;h1&#8243; font_size=&#8221;h2&#8243; text_color=&#8221;inherit&#8221;]900XP &amp; 700XP<br \/>\ndevrilir tavalar ve<br \/>\nkaynatma kazanlar\u0131[\/elx_heading][\/elx_hero_slider][\/vc_column][\/vc_row][vc_row][vc_column][vc_empty_space height=&#8221;50px&#8221;][\/vc_column][\/vc_row][vc_row][vc_column width=&#8221;1\/2&#8243;][vc_empty_space height=&#8221;50px&#8221;][elx_heading font_size=&#8221;h2&#8243; text_color=&#8221;inherit&#8221;]900XP ve 700XP<br \/>\nDeneyime g\u00fcvenin<br \/>\n[\/elx_heading][vc_empty_space][vc_column_text]B\u00fcy\u00fck miktarlarda \u0131slak veya kuru pi\u015firme i\u00e7in \u00f6zel \u00e7\u00f6z\u00fcm.<\/p>\n<p>Yenilik\u00e7i Duomat pi\u015firme y\u00fczeyli devrilir tavalar (kar\u0131\u015f\u0131k paslanmaz \u00e7eliklerin bir kombinasyonu), pi\u015firme alan\u0131n\u0131n tamam\u0131nda ayn\u0131 s\u0131cakl\u0131\u011f\u0131 garanti eden en iyi \u00e7\u00f6z\u00fcmd\u00fcr.[\/vc_column_text][\/vc_column][vc_column width=&#8221;1\/2&#8243;][vc_single_image image=&#8221;2570&#8243; img_size=&#8221;large&#8221;][\/vc_column][\/vc_row][vc_row][vc_column width=&#8221;1\/3&#8243;][elx_heading font_size=&#8221;h4&#8243; text_color=&#8221;inherit&#8221;]Ola\u011fan\u00fcst\u00fc<br \/>\nkolayl\u0131k[\/elx_heading][vc_column_text]En zor noktalar\u0131 temizlemek bile kolay.[\/vc_column_text][\/vc_column][vc_column width=&#8221;1\/3&#8243;][elx_heading font_size=&#8221;h4&#8243; text_color=&#8221;inherit&#8221;]Ekstra<br \/>\nkarl\u0131l\u0131k[\/elx_heading][vc_column_text]XP \u00e7evreye sayg\u0131 duyarken, paradan tasarruf etmenizi de sa\u011flar.[\/vc_column_text][\/vc_column][vc_column width=&#8221;1\/3&#8243;][elx_heading font_size=&#8221;h4&#8243; text_color=&#8221;inherit&#8221;]Se\u00e7kin<br \/>\nki\u015filik[\/elx_heading][vc_column_text]Komple seri, kurulumlar ve kapsaml\u0131 servis.[\/vc_column_text][\/vc_column][\/vc_row][vc_row][vc_column][vc_empty_space][\/vc_column][\/vc_row][vc_row][vc_column width=&#8221;1\/4&#8243;][elx_download_block text=&#8221;900XP &amp; 700XP<br \/>\nmod\u00fcler pi\u015firme&#8221; link=&#8221;files.professional.electrolux.com\/docs\/?n=BR-9JEEX&amp;b=5&amp;l=1&#8243; background_color=&#8221;orange&#8221; reveal_effect=&#8221;&#8221; reveal_duration=&#8221;&#8221; reveal_delay=&#8221;&#8221;][\/vc_column][vc_column width=&#8221;1\/4&#8243;][elx_download_block text=&#8221;900XP &amp; 700XP<br \/>\nAksesuarlar&#8221; link=&#8221;files.professional.electrolux.com\/docs\/?n=BR-9JEIE&amp;b=5&amp;l=1&#8243; background_color=&#8221;orange&#8221; reveal_effect=&#8221;&#8221; reveal_duration=&#8221;&#8221; reveal_delay=&#8221;&#8221;][\/vc_column][vc_column width=&#8221;1\/4&#8243;][elx_download_block text=&#8221;900XP &amp; 700XP<br \/>\ny\u00fcksek kapasiteli<br \/>\nmutfaklar&#8221; link=&#8221;files.professional.electrolux.com\/docs\/?n=BR-9JEFC&amp;b=5&amp;l=1&#8243; background_color=&#8221;orange&#8221; reveal_effect=&#8221;&#8221; reveal_duration=&#8221;&#8221; reveal_delay=&#8221;&#8221;][\/vc_column][vc_column width=&#8221;1\/4&#8243;][elx_download_block text=&#8221;900XP &amp; 700XP<br \/>\nTam servis&#8221; link=&#8221;files.professional.electrolux.com\/docs\/?n=BR-9JEFB&amp;b=5&amp;l=1&#8243; background_color=&#8221;orange&#8221; reveal_effect=&#8221;&#8221; reveal_duration=&#8221;&#8221; reveal_delay=&#8221;&#8221;][\/vc_column][\/vc_row][vc_row][vc_column][vc_empty_space height=&#8221;50px&#8221;][\/vc_column][\/vc_row][vc_row][vc_column][elx_heading font_size=&#8221;h3&#8243; text_color=&#8221;inherit&#8221; text_align=&#8221;text-center&#8221;]\u0130\u015fletmeniz i\u00e7in ideal olan \u00e7\u00f6z\u00fcm\u00fc bulun[\/elx_heading][\/vc_column][\/vc_row][vc_row][vc_column width=&#8221;1\/3&#8243;][elx_maylike_box id_box=&#8221;1498&#8243;][\/vc_column][vc_column width=&#8221;1\/3&#8243;][elx_maylike_box id_box=&#8221;1196&#8243;][\/vc_column][vc_column width=&#8221;1\/3&#8243;][elx_maylike_box id_box=&#8221;16081&#8243; matched_labels=&#8221;&#8221;][\/vc_column][\/vc_row][vc_row][vc_column][vc_empty_space height=&#8221;50px&#8221;][elx_heading font_size=&#8221;h2&#8243; text_color=&#8221;inherit&#8221;]900XP &amp; 700XP\u2019nin i\u015fletmeniz i\u00e7in neler yapabilece\u011fini ke\u015ffedin[\/elx_heading][elx_o2000_contact_us s=&#8221;Request of information about 900XP &amp; 700XP braising and boiling pans&#8221; container=&#8221;elxcontactus1479897144&#8243; r=&#8221;900XP &amp; 700XP devrilir tavalar ve kaynatma kazanlar\u0131 hakk\u0131nda daha fazla bilgi edinmek istiyorum. L\u00fctfen benimle ileti\u015fime ge\u00e7in.&#8221; l=&#8221;tr&#8221;][vc_empty_space height=&#8221;50px&#8221;][\/vc_column][\/vc_row]<\/p>\n","protected":false},"excerpt":{"rendered":"<p>[vc_row full_width=&#8221;electroluxpro-full-width-no-padding&#8221;][vc_column][elx_hero_slider label_text_color=&#8221;inherit&#8221; images=&#8221;2569&#8243;][elx_heading font_container=&#8221;h1&#8243; font_size=&#8221;h2&#8243; text_color=&#8221;inherit&#8221;]900XP &amp; 700XP devrilir tavalar ve kaynatma kazanlar\u0131[\/elx_heading][\/elx_hero_slider][\/vc_column][\/vc_row][vc_row][vc_column][vc_empty_space height=&#8221;50px&#8221;][\/vc_column][\/vc_row][vc_row][vc_column width=&#8221;1\/2&#8243;][vc_empty_space height=&#8221;50px&#8221;][elx_heading font_size=&#8221;h2&#8243; text_color=&#8221;inherit&#8221;]900XP ve 700XP Deneyime g\u00fcvenin [\/elx_heading][vc_empty_space][vc_column_text]B\u00fcy\u00fck miktarlarda \u0131slak veya kuru pi\u015firme i\u00e7in \u00f6zel \u00e7\u00f6z\u00fcm. Yenilik\u00e7i Duomat pi\u015firme y\u00fczeyli devrilir tavalar (kar\u0131\u015f\u0131k paslanmaz \u00e7eliklerin bir kombinasyonu), pi\u015firme alan\u0131n\u0131n tamam\u0131nda ayn\u0131 s\u0131cakl\u0131\u011f\u0131 garanti eden en iyi \u00e7\u00f6z\u00fcmd\u00fcr.[\/vc_column_text][\/vc_column][vc_column width=&#8221;1\/2&#8243;][vc_single_image image=&#8221;2570&#8243; [&hellip;]<\/p>\n","protected":false},"author":3,"featured_media":2569,"parent":19849,"menu_order":0,"comment_status":"closed","ping_status":"closed","template":"","meta":{"footnotes":""},"class_list":["post-2571","page","type-page","status-publish","has-post-thumbnail","hentry"],"acf":[],"yoast_head":"<!-- This site is optimized with the Yoast SEO plugin v23.3 - https:\/\/yoast.com\/wordpress\/plugins\/seo\/ -->\n<title>XP Kaynatma Kazanlar\u0131 ve Devrilir Tavalar - Electrolux Professional<\/title>\n<meta name=\"description\" content=\"900XP &amp; 700XP kaynatma kazanlar\u0131 ve devrilir tavalar ile t\u00fcm pi\u015firme y\u00fczeyinde e\u015fit s\u0131cakl\u0131k ile en iyi pi\u015firme sonucunu garantileyin.\" \/>\n<meta name=\"robots\" content=\"index, follow, max-snippet:-1, max-image-preview:large, max-video-preview:-1\" \/>\n<link rel=\"canonical\" href=\"https:\/\/www.electroluxprofessional.com\/tr\/ticari-mutfak-ekipmanlari\/xp-kaynatma-kazanlari-ve-devrilir-tavalar\/\" \/>\n<meta property=\"og:locale\" content=\"tr_TR\" \/>\n<meta property=\"og:type\" content=\"article\" \/>\n<meta property=\"og:title\" content=\"XP Kaynatma Kazanlar\u0131 ve Devrilir Tavalar - Electrolux Professional\" \/>\n<meta property=\"og:description\" content=\"900XP &amp; 700XP kaynatma kazanlar\u0131 ve devrilir tavalar ile t\u00fcm pi\u015firme y\u00fczeyinde e\u015fit s\u0131cakl\u0131k ile en iyi pi\u015firme sonucunu garantileyin.\" \/>\n<meta property=\"og:url\" content=\"https:\/\/www.electroluxprofessional.com\/tr\/ticari-mutfak-ekipmanlari\/xp-kaynatma-kazanlari-ve-devrilir-tavalar\/\" \/>\n<meta property=\"og:site_name\" content=\"Electrolux Professional T\u00fcrkiye\" \/>\n<meta property=\"article:modified_time\" content=\"2025-11-05T15:40:39+00:00\" \/>\n<meta property=\"og:image\" content=\"https:\/\/www.electroluxprofessional.com\/tr\/wp-content\/uploads\/2016\/11\/banner-12.jpg\" \/>\n\t<meta property=\"og:image:width\" content=\"2000\" \/>\n\t<meta property=\"og:image:height\" content=\"1333\" \/>\n\t<meta property=\"og:image:type\" content=\"image\/jpeg\" \/>\n<meta name=\"twitter:card\" content=\"summary_large_image\" \/>\n<meta name=\"twitter:label1\" content=\"Tahmini okuma s\u00fcresi\" \/>\n\t<meta name=\"twitter:data1\" content=\"2 dakika\" \/>\n<script type=\"application\/ld+json\" class=\"yoast-schema-graph\">{\"@context\":\"https:\/\/schema.org\",\"@graph\":[{\"@type\":\"WebPage\",\"@id\":\"https:\/\/www.electroluxprofessional.com\/tr\/ticari-mutfak-ekipmanlari\/xp-kaynatma-kazanlari-ve-devrilir-tavalar\/\",\"url\":\"https:\/\/www.electroluxprofessional.com\/tr\/ticari-mutfak-ekipmanlari\/xp-kaynatma-kazanlari-ve-devrilir-tavalar\/\",\"name\":\"XP Kaynatma Kazanlar\u0131 ve Devrilir Tavalar - Electrolux Professional\",\"isPartOf\":{\"@id\":\"https:\/\/www.electroluxprofessional.com\/tr\/#website\"},\"primaryImageOfPage\":{\"@id\":\"https:\/\/www.electroluxprofessional.com\/tr\/ticari-mutfak-ekipmanlari\/xp-kaynatma-kazanlari-ve-devrilir-tavalar\/#primaryimage\"},\"image\":{\"@id\":\"https:\/\/www.electroluxprofessional.com\/tr\/ticari-mutfak-ekipmanlari\/xp-kaynatma-kazanlari-ve-devrilir-tavalar\/#primaryimage\"},\"thumbnailUrl\":\"https:\/\/www.electroluxprofessional.com\/tr\/wp-content\/uploads\/2016\/11\/banner-12.jpg\",\"datePublished\":\"2016-11-22T13:04:10+00:00\",\"dateModified\":\"2025-11-05T15:40:39+00:00\",\"description\":\"900XP & 700XP kaynatma kazanlar\u0131 ve devrilir tavalar ile t\u00fcm pi\u015firme y\u00fczeyinde e\u015fit s\u0131cakl\u0131k ile en iyi pi\u015firme sonucunu garantileyin.\",\"breadcrumb\":{\"@id\":\"https:\/\/www.electroluxprofessional.com\/tr\/ticari-mutfak-ekipmanlari\/xp-kaynatma-kazanlari-ve-devrilir-tavalar\/#breadcrumb\"},\"inLanguage\":\"tr\",\"potentialAction\":[{\"@type\":\"ReadAction\",\"target\":[\"https:\/\/www.electroluxprofessional.com\/tr\/ticari-mutfak-ekipmanlari\/xp-kaynatma-kazanlari-ve-devrilir-tavalar\/\"]}]},{\"@type\":\"ImageObject\",\"inLanguage\":\"tr\",\"@id\":\"https:\/\/www.electroluxprofessional.com\/tr\/ticari-mutfak-ekipmanlari\/xp-kaynatma-kazanlari-ve-devrilir-tavalar\/#primaryimage\",\"url\":\"https:\/\/www.electroluxprofessional.com\/tr\/wp-content\/uploads\/2016\/11\/banner-12.jpg\",\"contentUrl\":\"https:\/\/www.electroluxprofessional.com\/tr\/wp-content\/uploads\/2016\/11\/banner-12.jpg\",\"width\":2000,\"height\":1333,\"caption\":\"XP boiling and braising pans\"},{\"@type\":\"BreadcrumbList\",\"@id\":\"https:\/\/www.electroluxprofessional.com\/tr\/ticari-mutfak-ekipmanlari\/xp-kaynatma-kazanlari-ve-devrilir-tavalar\/#breadcrumb\",\"itemListElement\":[{\"@type\":\"ListItem\",\"position\":1,\"name\":\"Home\",\"item\":\"https:\/\/www.electroluxprofessional.com\/tr\/\"},{\"@type\":\"ListItem\",\"position\":2,\"name\":\"End\u00fcstriyel Mutfak Ekipmanlar\u0131\",\"item\":\"https:\/\/www.electroluxprofessional.com\/tr\/ticari-mutfak-ekipmanlari\/\"},{\"@type\":\"ListItem\",\"position\":3,\"name\":\"XP kaynatma kazanlar\u0131 ve devrilir tavalar\"}]},{\"@type\":\"WebSite\",\"@id\":\"https:\/\/www.electroluxprofessional.com\/tr\/#website\",\"url\":\"https:\/\/www.electroluxprofessional.com\/tr\/\",\"name\":\"Electrolux Professional T\u00fcrkiye\",\"description\":\"\",\"potentialAction\":[{\"@type\":\"SearchAction\",\"target\":{\"@type\":\"EntryPoint\",\"urlTemplate\":\"https:\/\/www.electroluxprofessional.com\/tr\/?src={search_term_string}\"},\"query-input\":\"required name=search_term_string\"}],\"inLanguage\":\"tr\"}]}<\/script>\n<!-- \/ Yoast SEO plugin. -->","yoast_head_json":{"title":"XP Kaynatma Kazanlar\u0131 ve Devrilir Tavalar - Electrolux Professional","description":"900XP & 700XP kaynatma kazanlar\u0131 ve devrilir tavalar ile t\u00fcm pi\u015firme y\u00fczeyinde e\u015fit s\u0131cakl\u0131k ile en iyi pi\u015firme sonucunu garantileyin.","robots":{"index":"index","follow":"follow","max-snippet":"max-snippet:-1","max-image-preview":"max-image-preview:large","max-video-preview":"max-video-preview:-1"},"canonical":"https:\/\/www.electroluxprofessional.com\/tr\/ticari-mutfak-ekipmanlari\/xp-kaynatma-kazanlari-ve-devrilir-tavalar\/","og_locale":"tr_TR","og_type":"article","og_title":"XP Kaynatma Kazanlar\u0131 ve Devrilir Tavalar - Electrolux Professional","og_description":"900XP & 700XP kaynatma kazanlar\u0131 ve devrilir tavalar ile t\u00fcm pi\u015firme y\u00fczeyinde e\u015fit s\u0131cakl\u0131k ile en iyi pi\u015firme sonucunu garantileyin.","og_url":"https:\/\/www.electroluxprofessional.com\/tr\/ticari-mutfak-ekipmanlari\/xp-kaynatma-kazanlari-ve-devrilir-tavalar\/","og_site_name":"Electrolux Professional T\u00fcrkiye","article_modified_time":"2025-11-05T15:40:39+00:00","og_image":[{"width":2000,"height":1333,"url":"https:\/\/www.electroluxprofessional.com\/tr\/wp-content\/uploads\/2016\/11\/banner-12.jpg","type":"image\/jpeg"}],"twitter_card":"summary_large_image","twitter_misc":{"Tahmini okuma s\u00fcresi":"2 dakika"},"schema":{"@context":"https:\/\/schema.org","@graph":[{"@type":"WebPage","@id":"https:\/\/www.electroluxprofessional.com\/tr\/ticari-mutfak-ekipmanlari\/xp-kaynatma-kazanlari-ve-devrilir-tavalar\/","url":"https:\/\/www.electroluxprofessional.com\/tr\/ticari-mutfak-ekipmanlari\/xp-kaynatma-kazanlari-ve-devrilir-tavalar\/","name":"XP Kaynatma Kazanlar\u0131 ve Devrilir Tavalar - Electrolux Professional","isPartOf":{"@id":"https:\/\/www.electroluxprofessional.com\/tr\/#website"},"primaryImageOfPage":{"@id":"https:\/\/www.electroluxprofessional.com\/tr\/ticari-mutfak-ekipmanlari\/xp-kaynatma-kazanlari-ve-devrilir-tavalar\/#primaryimage"},"image":{"@id":"https:\/\/www.electroluxprofessional.com\/tr\/ticari-mutfak-ekipmanlari\/xp-kaynatma-kazanlari-ve-devrilir-tavalar\/#primaryimage"},"thumbnailUrl":"https:\/\/www.electroluxprofessional.com\/tr\/wp-content\/uploads\/2016\/11\/banner-12.jpg","datePublished":"2016-11-22T13:04:10+00:00","dateModified":"2025-11-05T15:40:39+00:00","description":"900XP & 700XP kaynatma kazanlar\u0131 ve devrilir tavalar ile t\u00fcm pi\u015firme y\u00fczeyinde e\u015fit s\u0131cakl\u0131k ile en iyi pi\u015firme sonucunu garantileyin.","breadcrumb":{"@id":"https:\/\/www.electroluxprofessional.com\/tr\/ticari-mutfak-ekipmanlari\/xp-kaynatma-kazanlari-ve-devrilir-tavalar\/#breadcrumb"},"inLanguage":"tr","potentialAction":[{"@type":"ReadAction","target":["https:\/\/www.electroluxprofessional.com\/tr\/ticari-mutfak-ekipmanlari\/xp-kaynatma-kazanlari-ve-devrilir-tavalar\/"]}]},{"@type":"ImageObject","inLanguage":"tr","@id":"https:\/\/www.electroluxprofessional.com\/tr\/ticari-mutfak-ekipmanlari\/xp-kaynatma-kazanlari-ve-devrilir-tavalar\/#primaryimage","url":"https:\/\/www.electroluxprofessional.com\/tr\/wp-content\/uploads\/2016\/11\/banner-12.jpg","contentUrl":"https:\/\/www.electroluxprofessional.com\/tr\/wp-content\/uploads\/2016\/11\/banner-12.jpg","width":2000,"height":1333,"caption":"XP boiling and braising pans"},{"@type":"BreadcrumbList","@id":"https:\/\/www.electroluxprofessional.com\/tr\/ticari-mutfak-ekipmanlari\/xp-kaynatma-kazanlari-ve-devrilir-tavalar\/#breadcrumb","itemListElement":[{"@type":"ListItem","position":1,"name":"Home","item":"https:\/\/www.electroluxprofessional.com\/tr\/"},{"@type":"ListItem","position":2,"name":"End\u00fcstriyel Mutfak Ekipmanlar\u0131","item":"https:\/\/www.electroluxprofessional.com\/tr\/ticari-mutfak-ekipmanlari\/"},{"@type":"ListItem","position":3,"name":"XP kaynatma kazanlar\u0131 ve devrilir tavalar"}]},{"@type":"WebSite","@id":"https:\/\/www.electroluxprofessional.com\/tr\/#website","url":"https:\/\/www.electroluxprofessional.com\/tr\/","name":"Electrolux Professional T\u00fcrkiye","description":"","potentialAction":[{"@type":"SearchAction","target":{"@type":"EntryPoint","urlTemplate":"https:\/\/www.electroluxprofessional.com\/tr\/?src={search_term_string}"},"query-input":"required name=search_term_string"}],"inLanguage":"tr"}]}},"_links":{"self":[{"href":"https:\/\/www.electroluxprofessional.com\/tr\/wp-json\/wp\/v2\/pages\/2571"}],"collection":[{"href":"https:\/\/www.electroluxprofessional.com\/tr\/wp-json\/wp\/v2\/pages"}],"about":[{"href":"https:\/\/www.electroluxprofessional.com\/tr\/wp-json\/wp\/v2\/types\/page"}],"author":[{"embeddable":true,"href":"https:\/\/www.electroluxprofessional.com\/tr\/wp-json\/wp\/v2\/users\/3"}],"replies":[{"embeddable":true,"href":"https:\/\/www.electroluxprofessional.com\/tr\/wp-json\/wp\/v2\/comments?post=2571"}],"version-history":[{"count":9,"href":"https:\/\/www.electroluxprofessional.com\/tr\/wp-json\/wp\/v2\/pages\/2571\/revisions"}],"predecessor-version":[{"id":22896,"href":"https:\/\/www.electroluxprofessional.com\/tr\/wp-json\/wp\/v2\/pages\/2571\/revisions\/22896"}],"up":[{"embeddable":true,"href":"https:\/\/www.electroluxprofessional.com\/tr\/wp-json\/wp\/v2\/pages\/19849"}],"wp:featuredmedia":[{"embeddable":true,"href":"https:\/\/www.electroluxprofessional.com\/tr\/wp-json\/wp\/v2\/media\/2569"}],"wp:attachment":[{"href":"https:\/\/www.electroluxprofessional.com\/tr\/wp-json\/wp\/v2\/media?parent=2571"}],"curies":[{"name":"wp","href":"https:\/\/api.w.org\/{rel}","templated":true}]}}