{"id":2481,"date":"2016-11-25T11:47:53","date_gmt":"2016-11-25T11:47:53","guid":{"rendered":"https:\/\/www.electroluxprofessional.com\/?page_id=5890"},"modified":"2025-11-05T15:48:39","modified_gmt":"2025-11-05T15:48:39","slug":"yogur-cirp-ac","status":"publish","type":"page","link":"https:\/\/www.electroluxprofessional.com\/tr\/ticari-mutfak-ekipmanlari\/yogur-cirp-ac\/","title":{"rendered":"Haz\u0131rl\u0131k: Yo\u011fur, \u00e7\u0131rp ve a\u00e7"},"content":{"rendered":"<p>[vc_row full_width=&#8221;electroluxpro-full-width-no-padding&#8221;][vc_column][elx_image_block background_image=&#8221;6225&#8243; minimum_height=&#8221;350px&#8221;][\/vc_column][\/vc_row][vc_row][vc_column][vc_empty_space][elx_heading font_size=&#8221;h3&#8243; text_color=&#8221;inherit&#8221; text_align=&#8221;text-center&#8221;]Electrolux Professional geni\u015f bir \u00fcr\u00fcn yelpazesine sahip t\u00fcm unlu mam\u00fcl, pastane ve pizza haz\u0131rl\u0131klar\u0131n\u0131n ihtiya\u00e7lar\u0131na uygun planet mikserler, hamur yo\u011furma makineleri ve hamur a\u00e7ma makineleri sunar.[\/elx_heading][vc_empty_space][\/vc_column][\/vc_row][vc_row][vc_column width=&#8221;1\/3&#8243;][vc_single_image image=&#8221;22602&#8243; img_size=&#8221;360&#215;360&#8243;][elx_heading font_size=&#8221;h3&#8243; text_color=&#8221;inherit&#8221;]Planet mikserler[\/elx_heading][\/vc_column][vc_column width=&#8221;1\/3&#8243;][vc_single_image image=&#8221;22603&#8243; img_size=&#8221;360&#215;360&#8243;][elx_heading font_size=&#8221;h3&#8243; text_color=&#8221;inherit&#8221;]Hamur yo\u011furma makineleri[\/elx_heading][\/vc_column][vc_column width=&#8221;1\/3&#8243; css=&#8221;.vc_custom_1486637291714{margin-top: 0px !important;border-top-width: 0px !important;padding-top: 0px !important;}&#8221;][vc_single_image image=&#8221;2480&#8243; img_size=&#8221;360&#215;360&#8243;][vc_empty_space height=&#8221;50px&#8221;][elx_heading font_size=&#8221;h3&#8243; text_color=&#8221;inherit&#8221;]Hamur a\u00e7ma makineleri[\/elx_heading][\/vc_column][\/vc_row][vc_row][vc_column width=&#8221;1\/3&#8243;][vc_column_text]Maksimum performans. Kompakt ama g\u00fc\u00e7l\u00fc. En \u00f6nemlisi sa\u011flaml\u0131k.<\/p>\n<p>\u00c7ok \u00e7e\u015fitli planet mikserler: <strong>5 litreden 80 litreye kadar.<\/strong><br \/>\n\u00c7al\u0131\u015f\u0131rken kolayca malzeme eklenebilir.<br \/>\n\u201cklipli\u201d sistem sayesinde kolayca s\u00f6k\u00fclebilir, temizlenebilir ve kazan\u0131n indirilip kald\u0131r\u0131lmas\u0131n\u0131 sa\u011flar.[\/vc_column_text][vc_column_text]Yo\u011furma, kar\u0131\u015ft\u0131rma ve \u00e7\u0131rpmada \u00fcst\u00fcn performans sa\u011flayan:<\/p>\n<ul>\n<li>\u00f6zel tasar\u0131m<\/li>\n<li>de\u011fi\u015fken h\u0131z ayar\u0131<\/li>\n<li>En k\u00fc\u00e7\u00fck miktarda malzemenin bile e\u015fit bir \u015fekilde kar\u0131\u015ft\u0131r\u0131lmas\u0131na y\u00f6nelik, hazneye m\u00fckemmel bir \u015fekilde uyum sa\u011flayan aparatlar<\/li>\n<li>%100 bula\u015f\u0131k makinesinde y\u0131kanabilir aparatlar, hazne ve siperlik<\/li>\n<\/ul>\n<p>[\/vc_column_text][\/vc_column][vc_column width=&#8221;1\/3&#8243;][vc_column_text]Her zaman m\u00fckemmel bir kar\u0131\u015f\u0131m.<\/p>\n<p><strong>Hamur yo\u011furma makineleri<\/strong>, profesyonel unlu mam\u00fcl imalathaneleri ve pizzac\u0131lar i\u00e7in en iyi tercihtir. \u00d6zel ekmek, pizza hamuru ve pastane \u00fcr\u00fcnleri haz\u0131rlamak i\u00e7in <strong>\u00e7atal ve spiral kollu hamur yo\u011furma makineleri<\/strong> sunuyoruz.<\/p>\n<p>Geleneksel yo\u011furma i\u00e7in d\u00fc\u015f\u00fck h\u0131z kullan\u0131larak veya h\u0131zl\u0131 yo\u011furma i\u00e7in alternatif bir h\u0131z kullan\u0131larak her seferinde <strong>optimum yo\u011furma kalitesi <\/strong>elde edilebilir.<\/p>\n<p>Yo\u011furma \u00fcnitelerinin <strong>hassas kontrol<\/strong> i\u00e7in zamanlay\u0131c\u0131 i\u00e7eren kolay kullan\u0131labilir dokunmatik kontrol panelleri vard\u0131r.<\/p>\n<p>Ayr\u0131ca, koruma ekran\u0131 a\u00e7\u0131kken bir <strong>g\u00fcvenlik cihaz\u0131 <\/strong>makineyi durdurur.[\/vc_column_text][\/vc_column][vc_column width=&#8221;1\/3&#8243; css=&#8221;.vc_custom_1486637291714{margin-top: 0px !important;border-top-width: 0px !important;padding-top: 0px !important;}&#8221;][elx_heading font_container=&#8221;h3&#8243; font_size=&#8221;h5&#8243; text_color=&#8221;inherit&#8221;]Manuel[\/elx_heading][vc_column_text]<\/p>\n<ul>\n<li>Az yer kaplar ve kolayca ta\u015f\u0131nabilir<\/li>\n<li>Teflon kaplama silindirler (\u00e7ap 60 mm)<\/li>\n<li>\u00c7al\u0131\u015fma geni\u015fli\u011fi: 400 mm<\/li>\n<li>\u00c7\u0131kart\u0131labilir, paslanmaz \u00e7elik kanatlar<\/li>\n<\/ul>\n<p>[\/vc_column_text][elx_heading font_container=&#8221;h3&#8243; font_size=&#8221;h5&#8243; text_color=&#8221;inherit&#8221;]Motorlu[\/elx_heading][vc_column_text]<\/p>\n<ul>\n<li>Tel g\u00fcvenlik ekran\u0131<\/li>\n<li>Teflon kaplama \u00e7\u0131kart\u0131labilir kanatlar hamurun kaymas\u0131n\u0131 kolayla\u015ft\u0131r\u0131r<\/li>\n<li>Krom kaplama \u00e7elik silindirler (\u00e7ap 60 mm) istenen kal\u0131nl\u0131\u011fa g\u00f6re ayarlanabilir.<\/li>\n<li>Silindir d\u00f6n\u00fc\u015f y\u00f6n\u00fcn\u00fc de\u011fi\u015ftirmek i\u00e7in manuel kol<\/li>\n<li>Makinenin \u00fcst\u00fcnde sabitlenmi\u015f un haznesi<\/li>\n<li>Silindir d\u00f6n\u00fc\u015f y\u00f6n\u00fcn\u00fc de\u011fi\u015ftirmek i\u00e7in ayak pedal\u0131 (opsiyonel<br \/>\naksesuar)<\/li>\n<\/ul>\n<p>[\/vc_column_text][elx_heading font_container=&#8221;h3&#8243; font_size=&#8221;h5&#8243; text_color=&#8221;inherit&#8221;]Motorlu bantl\u0131[\/elx_heading][vc_column_text]<\/p>\n<ul>\n<li>1 h\u0131zl\u0131 veya de\u011fi\u015fken h\u0131zl\u0131 modeller<\/li>\n<li>Yerden tasarruf i\u00e7in kanatlar katlanabilir<\/li>\n<li>Belirli bir seviyenin \u00fczerine y\u00fckseltilmesi halinde motoru durdurmak i\u00e7in emniyet mikro anahtarl\u0131 tel kafesler<\/li>\n<li>Silindir d\u00f6n\u00fc\u015f y\u00f6n\u00fcn\u00fc de\u011fi\u015ftirmek i\u00e7in manuel kol<\/li>\n<li>\u00c7al\u0131\u015fma geni\u015flikleri: 500 mm veya 600 mm<br \/>\n(modele ba\u011fl\u0131 olarak)<\/li>\n<li>Makinenin \u00fcst\u00fcnde sabitlenmi\u015f un haznesi<\/li>\n<li>Silindir d\u00f6n\u00fc\u015f y\u00f6n\u00fcn\u00fc de\u011fi\u015ftirmek i\u00e7in ayak pedal\u0131 (opsiyonel<br \/>\naksesuar)<\/li>\n<\/ul>\n<p>[\/vc_column_text][\/vc_column][\/vc_row][vc_row][vc_column width=&#8221;1\/3&#8243;][vc_empty_space][\/vc_column][vc_column width=&#8221;1\/3&#8243;][elx_download_block text=&#8221;Dinamik haz\u0131rl\u0131k<br \/>\n\u00dcr\u00fcn katalo\u011fu<br \/>\n(EN)&#8221; link=&#8221;https:\/\/webgate.electroluxprofessional.com\/PrIDE\/PrIDE_Attach_r\/BR\/BR_BR-9JE00190_1_5_1_19_EPR_Brochure_Food_Preparation_2025-LR.pdf?csrt=9824173604212245254&#8243; background_color=&#8221;cat-create&#8221; reveal_effect=&#8221;&#8221; reveal_duration=&#8221;&#8221; reveal_delay=&#8221;&#8221;][\/vc_column][vc_column width=&#8221;1\/3&#8243;][\/vc_column][\/vc_row][vc_row][vc_column][vc_empty_space height=&#8221;50px&#8221;][elx_heading font_size=&#8221;h3&#8243; text_color=&#8221;inherit&#8221; text_align=&#8221;text-center&#8221;]\u0130\u015finiz i\u00e7in ideal olan \u00e7\u00f6z\u00fcm\u00fc bulun[\/elx_heading][\/vc_column][\/vc_row][vc_row][vc_column width=&#8221;1\/3&#8243;][elx_maylike_box id_box=&#8221;1196&#8243;][\/vc_column][vc_column width=&#8221;1\/3&#8243;][elx_maylike_box id_box=&#8221;1256&#8243;][\/vc_column][vc_column width=&#8221;1\/3&#8243;][elx_maylike_box id_box=&#8221;1498&#8243;][\/vc_column][\/vc_row][vc_row][vc_column][vc_empty_space height=&#8221;50px&#8221;][elx_heading text_color=&#8221;inherit&#8221; text_align=&#8221;text-center&#8221;]\u00dcr\u00fcnlerimizin i\u015fletmeniz i\u00e7in neler yapabilece\u011fini ke\u015ffedin[\/elx_heading][elx_o2000_contact_us s=&#8221;Request of information about knead, whip and sheet&#8221; country=&#8221;Turkey&#8221; container=&#8221;elxcontactus1480081277&#8243; r=&#8221;I would like to find out more about knead, whip and sheet. Please get in touch with me.&#8221; l=&#8221;tr&#8221;][vc_empty_space height=&#8221;50px&#8221;][elx_heading font_container=&#8221;h3&#8243; font_size=&#8221;h3&#8243; text_color=&#8221;inherit&#8221;]Yo\u011fur, \u00e7\u0131rp ve a\u00e7[\/elx_heading][\/vc_column][\/vc_row][vc_row][vc_column][\/vc_column][\/vc_row]<\/p>\n","protected":false},"excerpt":{"rendered":"<p>[vc_row full_width=&#8221;electroluxpro-full-width-no-padding&#8221;][vc_column][elx_image_block background_image=&#8221;6225&#8243; minimum_height=&#8221;350px&#8221;][\/vc_column][\/vc_row][vc_row][vc_column][vc_empty_space][elx_heading font_size=&#8221;h3&#8243; text_color=&#8221;inherit&#8221; text_align=&#8221;text-center&#8221;]Electrolux Professional geni\u015f bir \u00fcr\u00fcn yelpazesine sahip t\u00fcm unlu mam\u00fcl, pastane ve pizza haz\u0131rl\u0131klar\u0131n\u0131n ihtiya\u00e7lar\u0131na uygun planet mikserler, hamur yo\u011furma makineleri ve hamur a\u00e7ma makineleri sunar.[\/elx_heading][vc_empty_space][\/vc_column][\/vc_row][vc_row][vc_column width=&#8221;1\/3&#8243;][vc_single_image image=&#8221;22602&#8243; img_size=&#8221;360&#215;360&#8243;][elx_heading font_size=&#8221;h3&#8243; text_color=&#8221;inherit&#8221;]Planet mikserler[\/elx_heading][\/vc_column][vc_column width=&#8221;1\/3&#8243;][vc_single_image image=&#8221;22603&#8243; img_size=&#8221;360&#215;360&#8243;][elx_heading font_size=&#8221;h3&#8243; text_color=&#8221;inherit&#8221;]Hamur yo\u011furma makineleri[\/elx_heading][\/vc_column][vc_column width=&#8221;1\/3&#8243; css=&#8221;.vc_custom_1486637291714{margin-top: 0px !important;border-top-width: 0px !important;padding-top: 0px !important;}&#8221;][vc_single_image image=&#8221;2480&#8243; img_size=&#8221;360&#215;360&#8243;][vc_empty_space [&hellip;]<\/p>\n","protected":false},"author":3,"featured_media":2476,"parent":19849,"menu_order":0,"comment_status":"closed","ping_status":"closed","template":"","meta":{"footnotes":""},"class_list":["post-2481","page","type-page","status-publish","has-post-thumbnail","hentry"],"acf":[],"yoast_head":"<!-- This site is optimized with the Yoast SEO plugin v23.3 - https:\/\/yoast.com\/wordpress\/plugins\/seo\/ -->\n<title>Haz\u0131rl\u0131k: Yo\u011fur, \u00e7\u0131rp ve a\u00e7 - Electrolux Professional T\u00fcrkiye<\/title>\n<meta name=\"description\" content=\"T\u00fcm unlu mamuller, hamur ve pasta i\u015fleri ve pizza haz\u0131rl\u0131k ihtiya\u00e7lar\u0131na uyacak \u015fekilde planet mikserlerimiz, hamur yo\u011furma ve hamur a\u00e7ma makineleri serimiz ile yo\u011furun, \u00e7\u0131rp\u0131n, kar\u0131\u015ft\u0131r\u0131n.\" \/>\n<meta name=\"robots\" content=\"index, follow, max-snippet:-1, max-image-preview:large, max-video-preview:-1\" \/>\n<link rel=\"canonical\" href=\"https:\/\/www.electroluxprofessional.com\/tr\/ticari-mutfak-ekipmanlari\/yogur-cirp-ac\/\" \/>\n<meta property=\"og:locale\" content=\"tr_TR\" \/>\n<meta property=\"og:type\" content=\"article\" \/>\n<meta property=\"og:title\" content=\"Haz\u0131rl\u0131k: Yo\u011fur, \u00e7\u0131rp ve a\u00e7 - Electrolux Professional T\u00fcrkiye\" \/>\n<meta property=\"og:description\" content=\"T\u00fcm unlu mamuller, hamur ve pasta i\u015fleri ve pizza haz\u0131rl\u0131k ihtiya\u00e7lar\u0131na uyacak \u015fekilde planet mikserlerimiz, hamur yo\u011furma ve hamur a\u00e7ma makineleri serimiz ile yo\u011furun, \u00e7\u0131rp\u0131n, kar\u0131\u015ft\u0131r\u0131n.\" \/>\n<meta property=\"og:url\" content=\"https:\/\/www.electroluxprofessional.com\/tr\/ticari-mutfak-ekipmanlari\/yogur-cirp-ac\/\" \/>\n<meta property=\"og:site_name\" content=\"Electrolux Professional T\u00fcrkiye\" \/>\n<meta property=\"article:modified_time\" content=\"2025-11-05T15:48:39+00:00\" \/>\n<meta property=\"og:image\" content=\"https:\/\/www.electroluxprofessional.com\/tr\/wp-content\/uploads\/2017\/02\/food-prep1.jpg\" \/>\n\t<meta property=\"og:image:width\" content=\"2000\" \/>\n\t<meta property=\"og:image:height\" content=\"1333\" \/>\n\t<meta property=\"og:image:type\" content=\"image\/jpeg\" \/>\n<meta name=\"twitter:card\" content=\"summary_large_image\" \/>\n<meta name=\"twitter:label1\" content=\"Tahmini okuma s\u00fcresi\" \/>\n\t<meta name=\"twitter:data1\" content=\"3 dakika\" \/>\n<script type=\"application\/ld+json\" class=\"yoast-schema-graph\">{\"@context\":\"https:\/\/schema.org\",\"@graph\":[{\"@type\":\"WebPage\",\"@id\":\"https:\/\/www.electroluxprofessional.com\/tr\/ticari-mutfak-ekipmanlari\/yogur-cirp-ac\/\",\"url\":\"https:\/\/www.electroluxprofessional.com\/tr\/ticari-mutfak-ekipmanlari\/yogur-cirp-ac\/\",\"name\":\"Haz\u0131rl\u0131k: Yo\u011fur, \u00e7\u0131rp ve a\u00e7 - Electrolux Professional T\u00fcrkiye\",\"isPartOf\":{\"@id\":\"https:\/\/www.electroluxprofessional.com\/tr\/#website\"},\"primaryImageOfPage\":{\"@id\":\"https:\/\/www.electroluxprofessional.com\/tr\/ticari-mutfak-ekipmanlari\/yogur-cirp-ac\/#primaryimage\"},\"image\":{\"@id\":\"https:\/\/www.electroluxprofessional.com\/tr\/ticari-mutfak-ekipmanlari\/yogur-cirp-ac\/#primaryimage\"},\"thumbnailUrl\":\"https:\/\/www.electroluxprofessional.com\/tr\/wp-content\/uploads\/2017\/02\/food-prep1.jpg\",\"datePublished\":\"2016-11-25T11:47:53+00:00\",\"dateModified\":\"2025-11-05T15:48:39+00:00\",\"description\":\"T\u00fcm unlu mamuller, hamur ve pasta i\u015fleri ve pizza haz\u0131rl\u0131k ihtiya\u00e7lar\u0131na uyacak \u015fekilde planet mikserlerimiz, hamur yo\u011furma ve hamur a\u00e7ma makineleri serimiz ile yo\u011furun, \u00e7\u0131rp\u0131n, kar\u0131\u015ft\u0131r\u0131n.\",\"breadcrumb\":{\"@id\":\"https:\/\/www.electroluxprofessional.com\/tr\/ticari-mutfak-ekipmanlari\/yogur-cirp-ac\/#breadcrumb\"},\"inLanguage\":\"tr\",\"potentialAction\":[{\"@type\":\"ReadAction\",\"target\":[\"https:\/\/www.electroluxprofessional.com\/tr\/ticari-mutfak-ekipmanlari\/yogur-cirp-ac\/\"]}]},{\"@type\":\"ImageObject\",\"inLanguage\":\"tr\",\"@id\":\"https:\/\/www.electroluxprofessional.com\/tr\/ticari-mutfak-ekipmanlari\/yogur-cirp-ac\/#primaryimage\",\"url\":\"https:\/\/www.electroluxprofessional.com\/tr\/wp-content\/uploads\/2017\/02\/food-prep1.jpg\",\"contentUrl\":\"https:\/\/www.electroluxprofessional.com\/tr\/wp-content\/uploads\/2017\/02\/food-prep1.jpg\",\"width\":2000,\"height\":1333,\"caption\":\"food-prep1\"},{\"@type\":\"BreadcrumbList\",\"@id\":\"https:\/\/www.electroluxprofessional.com\/tr\/ticari-mutfak-ekipmanlari\/yogur-cirp-ac\/#breadcrumb\",\"itemListElement\":[{\"@type\":\"ListItem\",\"position\":1,\"name\":\"Home\",\"item\":\"https:\/\/www.electroluxprofessional.com\/tr\/\"},{\"@type\":\"ListItem\",\"position\":2,\"name\":\"End\u00fcstriyel Mutfak Ekipmanlar\u0131\",\"item\":\"https:\/\/www.electroluxprofessional.com\/tr\/ticari-mutfak-ekipmanlari\/\"},{\"@type\":\"ListItem\",\"position\":3,\"name\":\"Haz\u0131rl\u0131k: Yo\u011fur, \u00e7\u0131rp ve a\u00e7\"}]},{\"@type\":\"WebSite\",\"@id\":\"https:\/\/www.electroluxprofessional.com\/tr\/#website\",\"url\":\"https:\/\/www.electroluxprofessional.com\/tr\/\",\"name\":\"Electrolux Professional T\u00fcrkiye\",\"description\":\"\",\"potentialAction\":[{\"@type\":\"SearchAction\",\"target\":{\"@type\":\"EntryPoint\",\"urlTemplate\":\"https:\/\/www.electroluxprofessional.com\/tr\/?src={search_term_string}\"},\"query-input\":\"required name=search_term_string\"}],\"inLanguage\":\"tr\"}]}<\/script>\n<!-- \/ Yoast SEO plugin. -->","yoast_head_json":{"title":"Haz\u0131rl\u0131k: Yo\u011fur, \u00e7\u0131rp ve a\u00e7 - Electrolux Professional T\u00fcrkiye","description":"T\u00fcm unlu mamuller, hamur ve pasta i\u015fleri ve pizza haz\u0131rl\u0131k ihtiya\u00e7lar\u0131na uyacak \u015fekilde planet mikserlerimiz, hamur yo\u011furma ve hamur a\u00e7ma makineleri serimiz ile yo\u011furun, \u00e7\u0131rp\u0131n, kar\u0131\u015ft\u0131r\u0131n.","robots":{"index":"index","follow":"follow","max-snippet":"max-snippet:-1","max-image-preview":"max-image-preview:large","max-video-preview":"max-video-preview:-1"},"canonical":"https:\/\/www.electroluxprofessional.com\/tr\/ticari-mutfak-ekipmanlari\/yogur-cirp-ac\/","og_locale":"tr_TR","og_type":"article","og_title":"Haz\u0131rl\u0131k: Yo\u011fur, \u00e7\u0131rp ve a\u00e7 - Electrolux Professional T\u00fcrkiye","og_description":"T\u00fcm unlu mamuller, hamur ve pasta i\u015fleri ve pizza haz\u0131rl\u0131k ihtiya\u00e7lar\u0131na uyacak \u015fekilde planet mikserlerimiz, hamur yo\u011furma ve hamur a\u00e7ma makineleri serimiz ile yo\u011furun, \u00e7\u0131rp\u0131n, kar\u0131\u015ft\u0131r\u0131n.","og_url":"https:\/\/www.electroluxprofessional.com\/tr\/ticari-mutfak-ekipmanlari\/yogur-cirp-ac\/","og_site_name":"Electrolux Professional T\u00fcrkiye","article_modified_time":"2025-11-05T15:48:39+00:00","og_image":[{"width":2000,"height":1333,"url":"https:\/\/www.electroluxprofessional.com\/tr\/wp-content\/uploads\/2017\/02\/food-prep1.jpg","type":"image\/jpeg"}],"twitter_card":"summary_large_image","twitter_misc":{"Tahmini okuma s\u00fcresi":"3 dakika"},"schema":{"@context":"https:\/\/schema.org","@graph":[{"@type":"WebPage","@id":"https:\/\/www.electroluxprofessional.com\/tr\/ticari-mutfak-ekipmanlari\/yogur-cirp-ac\/","url":"https:\/\/www.electroluxprofessional.com\/tr\/ticari-mutfak-ekipmanlari\/yogur-cirp-ac\/","name":"Haz\u0131rl\u0131k: Yo\u011fur, \u00e7\u0131rp ve a\u00e7 - Electrolux Professional T\u00fcrkiye","isPartOf":{"@id":"https:\/\/www.electroluxprofessional.com\/tr\/#website"},"primaryImageOfPage":{"@id":"https:\/\/www.electroluxprofessional.com\/tr\/ticari-mutfak-ekipmanlari\/yogur-cirp-ac\/#primaryimage"},"image":{"@id":"https:\/\/www.electroluxprofessional.com\/tr\/ticari-mutfak-ekipmanlari\/yogur-cirp-ac\/#primaryimage"},"thumbnailUrl":"https:\/\/www.electroluxprofessional.com\/tr\/wp-content\/uploads\/2017\/02\/food-prep1.jpg","datePublished":"2016-11-25T11:47:53+00:00","dateModified":"2025-11-05T15:48:39+00:00","description":"T\u00fcm unlu mamuller, hamur ve pasta i\u015fleri ve pizza haz\u0131rl\u0131k ihtiya\u00e7lar\u0131na uyacak \u015fekilde planet mikserlerimiz, hamur yo\u011furma ve hamur a\u00e7ma makineleri serimiz ile yo\u011furun, \u00e7\u0131rp\u0131n, kar\u0131\u015ft\u0131r\u0131n.","breadcrumb":{"@id":"https:\/\/www.electroluxprofessional.com\/tr\/ticari-mutfak-ekipmanlari\/yogur-cirp-ac\/#breadcrumb"},"inLanguage":"tr","potentialAction":[{"@type":"ReadAction","target":["https:\/\/www.electroluxprofessional.com\/tr\/ticari-mutfak-ekipmanlari\/yogur-cirp-ac\/"]}]},{"@type":"ImageObject","inLanguage":"tr","@id":"https:\/\/www.electroluxprofessional.com\/tr\/ticari-mutfak-ekipmanlari\/yogur-cirp-ac\/#primaryimage","url":"https:\/\/www.electroluxprofessional.com\/tr\/wp-content\/uploads\/2017\/02\/food-prep1.jpg","contentUrl":"https:\/\/www.electroluxprofessional.com\/tr\/wp-content\/uploads\/2017\/02\/food-prep1.jpg","width":2000,"height":1333,"caption":"food-prep1"},{"@type":"BreadcrumbList","@id":"https:\/\/www.electroluxprofessional.com\/tr\/ticari-mutfak-ekipmanlari\/yogur-cirp-ac\/#breadcrumb","itemListElement":[{"@type":"ListItem","position":1,"name":"Home","item":"https:\/\/www.electroluxprofessional.com\/tr\/"},{"@type":"ListItem","position":2,"name":"End\u00fcstriyel Mutfak Ekipmanlar\u0131","item":"https:\/\/www.electroluxprofessional.com\/tr\/ticari-mutfak-ekipmanlari\/"},{"@type":"ListItem","position":3,"name":"Haz\u0131rl\u0131k: Yo\u011fur, \u00e7\u0131rp ve a\u00e7"}]},{"@type":"WebSite","@id":"https:\/\/www.electroluxprofessional.com\/tr\/#website","url":"https:\/\/www.electroluxprofessional.com\/tr\/","name":"Electrolux Professional T\u00fcrkiye","description":"","potentialAction":[{"@type":"SearchAction","target":{"@type":"EntryPoint","urlTemplate":"https:\/\/www.electroluxprofessional.com\/tr\/?src={search_term_string}"},"query-input":"required name=search_term_string"}],"inLanguage":"tr"}]}},"_links":{"self":[{"href":"https:\/\/www.electroluxprofessional.com\/tr\/wp-json\/wp\/v2\/pages\/2481"}],"collection":[{"href":"https:\/\/www.electroluxprofessional.com\/tr\/wp-json\/wp\/v2\/pages"}],"about":[{"href":"https:\/\/www.electroluxprofessional.com\/tr\/wp-json\/wp\/v2\/types\/page"}],"author":[{"embeddable":true,"href":"https:\/\/www.electroluxprofessional.com\/tr\/wp-json\/wp\/v2\/users\/3"}],"replies":[{"embeddable":true,"href":"https:\/\/www.electroluxprofessional.com\/tr\/wp-json\/wp\/v2\/comments?post=2481"}],"version-history":[{"count":22,"href":"https:\/\/www.electroluxprofessional.com\/tr\/wp-json\/wp\/v2\/pages\/2481\/revisions"}],"predecessor-version":[{"id":22921,"href":"https:\/\/www.electroluxprofessional.com\/tr\/wp-json\/wp\/v2\/pages\/2481\/revisions\/22921"}],"up":[{"embeddable":true,"href":"https:\/\/www.electroluxprofessional.com\/tr\/wp-json\/wp\/v2\/pages\/19849"}],"wp:featuredmedia":[{"embeddable":true,"href":"https:\/\/www.electroluxprofessional.com\/tr\/wp-json\/wp\/v2\/media\/2476"}],"wp:attachment":[{"href":"https:\/\/www.electroluxprofessional.com\/tr\/wp-json\/wp\/v2\/media?parent=2481"}],"curies":[{"name":"wp","href":"https:\/\/api.w.org\/{rel}","templated":true}]}}