{"id":23679,"date":"2026-02-27T16:37:45","date_gmt":"2026-02-27T16:37:45","guid":{"rendered":"https:\/\/www.electroluxprofessional.com\/tr\/?page_id=23679"},"modified":"2026-05-04T06:51:25","modified_gmt":"2026-05-04T06:51:25","slug":"surdurulebilirlik-derecelendirmeleri-ve-sertifikalar","status":"publish","type":"page","link":"https:\/\/www.electroluxprofessional.com\/tr\/surdurulebilir-cozumler\/surdurulebilirlik-derecelendirmeleri-ve-sertifikalar\/","title":{"rendered":"S\u00fcrd\u00fcr\u00fclebilirlik Derecelendirmeleri ve Sertifikalar"},"content":{"rendered":"<p>[vc_row full_width=&#8221;electroluxpro-full-width-no-padding&#8221;][vc_column][elx_image_block background_image=&#8221;23677&#8243; minimum_height=&#8221;400px&#8221;][\/vc_column][\/vc_row][vc_row][vc_column][vc_row_inner][vc_column_inner offset=&#8221;vc_hidden-sm vc_hidden-xs&#8221;][vc_empty_space height=&#8221;80px&#8221;][\/vc_column_inner][\/vc_row_inner][vc_row_inner][vc_column_inner offset=&#8221;vc_hidden-lg vc_hidden-md&#8221;][vc_empty_space][\/vc_column_inner][\/vc_row_inner][elx_heading font_container=&#8221;h1&#8243; text_color=&#8221;electrolux-blue&#8221; text_align=&#8221;text-center&#8221;]S\u00fcrd\u00fcr\u00fclebilirlik Derecelendirmeleri ve Sertifikalar[\/elx_heading][vc_empty_space height=&#8221;14px&#8221;][vc_column_text]<\/p>\n<p style=\"text-align: center;\">\u00c7evresel \u015feffafl\u0131k yoluyla s\u00fcrd\u00fcr\u00fclebilir bir gelece\u011fe olan ba\u011fl\u0131l\u0131\u011f\u0131m\u0131z\u0131 art\u0131r\u0131yoruz.<\/p>\n<p>[\/vc_column_text][vc_row_inner][vc_column_inner offset=&#8221;vc_hidden-sm vc_hidden-xs&#8221;][vc_empty_space height=&#8221;80px&#8221;][\/vc_column_inner][\/vc_row_inner][vc_row_inner][vc_column_inner offset=&#8221;vc_hidden-lg vc_hidden-md&#8221;][vc_empty_space][\/vc_column_inner][\/vc_row_inner][\/vc_column][\/vc_row][vc_row css=&#8221;.vc_custom_1758284570657{background-color: #F5F5F5 !important;}&#8221;][vc_column][vc_empty_space height=&#8221;50px&#8221;][\/vc_column][\/vc_row][vc_row equal_height=&#8221;yes&#8221; css=&#8221;.vc_custom_1758802186212{background-color: #F5F5F5 !important;}&#8221;][vc_column width=&#8221;3\/5&#8243; el_class=&#8221;align-vertical-center&#8221;][elx_heading font_size=&#8221;h4&#8243; text_color=&#8221;electrolux-blue&#8221; text_align=&#8221;text-left&#8221;]2025 y\u0131l\u0131nda, s\u00fcrd\u00fcr\u00fclebilirlik alan\u0131ndaki prestijli Alt\u0131n Derecelendirme \u00d6d\u00fcl\u00fc\u2019n\u00fc EcoVadis taraf\u0131ndan almaktan gurur duyuyoruz; bu da bizi k\u00fcresel olarak de\u011ferlendirilen \u015firketlerin en \u00fcst %5\u2019i aras\u0131na yerle\u015ftirmektedir.[\/elx_heading][vc_row_inner][vc_column_inner offset=&#8221;vc_hidden-lg vc_hidden-md vc_hidden-sm&#8221;][vc_empty_space][\/vc_column_inner][\/vc_row_inner][\/vc_column][vc_column width=&#8221;2\/5&#8243;][vc_single_image image=&#8221;23631&#8243; img_size=&#8221;200&#215;200&#8243; alignment=&#8221;center&#8221;][\/vc_column][\/vc_row][vc_row css=&#8221;.vc_custom_1771583221625{background-color: #f5f5f5 !important;}&#8221;][vc_column][vc_empty_space height=&#8221;50px&#8221;][\/vc_column][\/vc_row][vc_row][vc_column][vc_empty_space height=&#8221;80px&#8221;][\/vc_column][\/vc_row][vc_row css=&#8221;.vc_custom_1758794818846{background-image: url(https:\/\/eprdev.comunicazione21.com\/wp-content\/uploads\/2025\/09\/Screenshot-2025-09-25-115810.jpg?id=56214) !important;background-position: center !important;background-repeat: no-repeat !important;background-size: cover !important;}&#8221;][vc_column][vc_empty_space height=&#8221;64px&#8221;][vc_row_inner][vc_column_inner][vc_column_text]<\/p>\n<p style=\"text-align: center;\"><span style=\"color: #ffffff;\">\u015e\u0130MD\u0130YE KADAR BA\u015eARDIKLARIMIZ<\/span><\/p>\n<p>[\/vc_column_text][vc_empty_space][elx_heading text_color=&#8221;white&#8221; text_align=&#8221;text-center&#8221;]2019\u2019dan bu yana s\u00fcrd\u00fcr\u00fclebilirli\u011fin t\u00fcm alanlar\u0131nda<br \/>\n2024 y\u0131l\u0131nda \u00f6nemli ilerlemeler kaydettik.[\/elx_heading][vc_empty_space][\/vc_column_inner][\/vc_row_inner][vc_row_inner][vc_column_inner width=&#8221;1\/3&#8243;][vc_column_text]<\/p>\n<p style=\"font-size: 83px; text-align: center;\"><span style=\"color: #ffffff;\"><strong>-61%<\/strong><\/span><\/p>\n<p>[\/vc_column_text][elx_heading font_container=&#8221;h3&#8243; font_size=&#8221;p&#8221; text_color=&#8221;white&#8221; text_align=&#8221;text-center&#8221;]CO2 kapsam 1&amp;2 emisyonlar\u0131[\/elx_heading][vc_empty_space][\/vc_column_inner][vc_column_inner width=&#8221;1\/3&#8243;][vc_column_text]<\/p>\n<p style=\"font-size: 83px; text-align: center;\"><span style=\"color: #ffffff;\"><strong>51%<\/strong><\/span><\/p>\n<p>[\/vc_column_text][elx_heading font_container=&#8221;h3&#8243; font_size=&#8221;p&#8221; text_color=&#8221;white&#8221; text_align=&#8221;text-center&#8221;]Yenilenebilir enerji[\/elx_heading][vc_empty_space][\/vc_column_inner][vc_column_inner width=&#8221;1\/3&#8243;][vc_column_text]<\/p>\n<p style=\"font-size: 83px; text-align: center;\"><span style=\"color: #ffffff;\"><strong>-35%<\/strong><\/span><\/p>\n<p>[\/vc_column_text][elx_heading font_container=&#8221;h3&#8243; font_size=&#8221;p&#8221; text_color=&#8221;white&#8221; text_align=&#8221;text-center&#8221;]CO2 kapsam 3 emisyonlar\u0131[\/elx_heading][vc_empty_space][\/vc_column_inner][\/vc_row_inner][vc_empty_space height=&#8221;100px&#8221;][\/vc_column][\/vc_row][vc_row][vc_column offset=&#8221;vc_hidden-sm vc_hidden-xs&#8221;][vc_empty_space height=&#8221;80px&#8221;][\/vc_column][\/vc_row][vc_row][vc_column offset=&#8221;vc_hidden-lg vc_hidden-md&#8221;][vc_empty_space][\/vc_column][\/vc_row][vc_row][vc_column][elx_carousel_sust_ratings cards_bg_color=&#8221;card-bg-green&#8221; first_title=&#8221;\u0130klim hedefleri&#8221; first_paragraph=&#8221;Electrolux Professional Group, sekt\u00f6r\u00fcm\u00fczde s\u00fcrd\u00fcr\u00fclebilirlik lideridir. Genel ve iddial\u0131 hedefimiz, 2030 y\u0131l\u0131na kadar kendi operasyonlar\u0131m\u0131zda iklim n\u00f6tr olmakt\u0131r.&#8221; card_1_image=&#8221;23700&#8243; card_1_title=&#8221;End\u00fcstriyel tesislerimizden CO2 kapsam 1 ve 2 emisyonlar\u0131n\u0131 2019&#8217;dan itibaren %70 azaltmak&#8221; card_1_number=&#8221;-70%&#8221; card_1_number_text=&#8221;\u015eimdiye kadar %61 ba\u015far\u0131ld\u0131 (2024)&#8221; card_2_image=&#8221;23700&#8243; card_2_title=&#8221;Sat\u0131lan \u00fcr\u00fcnlerin kullan\u0131m a\u015famas\u0131ndan kaynaklanan kapsam 3 emisyonlar\u0131n\u0131 azaltmak&#8221; card_2_number=&#8221;-27,5%&#8221; card_2_number_text=&#8221;Hedef 2024&#8217;te ula\u015f\u0131ld\u0131&#8221;][vc_empty_space height=&#8221;64px&#8221;][elx_carousel_sust_ratings alignment=&#8221;right&#8221; first_title=&#8221;\u0130nsan hedefleri&#8221; first_paragraph=&#8221;Misyonumuz, m\u00fc\u015fterilerimizin i\u015f ya\u015fam\u0131n\u0131 her g\u00fcn daha kolay, daha karl\u0131 ve ger\u00e7ekten s\u00fcrd\u00fcr\u00fclebilir hale getirmektir. Bu ancak en b\u00fcy\u00fck varl\u0131\u011f\u0131m\u0131z olan insanlar\u0131m\u0131zla ba\u015far\u0131labilir.&#8221; card_1_title=&#8221;2025 i\u00e7in sa\u011fl\u0131k ve g\u00fcvenlik hedefi&#8221; card_1_number=&#8221;0,3&#8243; card_1_number_text=&#8221;\u015eu anda 0,66&#8243; card_2_title=&#8221;2030 i\u00e7in cinsiyet \u00e7e\u015fitlili\u011fi hedefi&#8221; card_2_number=&#8221;40\/60&#8243; card_2_number_text=&#8221;\u015eu anda 28\/72&#8243; card_1_paragraph=&#8221;200.000 \u00e7al\u0131\u015fma saati ba\u015f\u0131na i\u015f kazalar\u0131 ile \u00f6l\u00e7\u00fcl\u00fcr&#8221; card_2_paragraph=&#8221;Erkek\/kad\u0131n veya kad\u0131n\/erkek da\u011f\u0131l\u0131m\u0131&#8221;][\/vc_column][\/vc_row][vc_row][vc_column offset=&#8221;vc_hidden-sm vc_hidden-xs&#8221;][vc_empty_space height=&#8221;80px&#8221;][\/vc_column][\/vc_row][vc_row][vc_column offset=&#8221;vc_hidden-lg vc_hidden-md&#8221;][vc_empty_space][\/vc_column][\/vc_row][vc_row css=&#8221;.vc_custom_1758284570657{background-color: #F5F5F5 !important;}&#8221;][vc_column][vc_empty_space height=&#8221;50px&#8221;][\/vc_column][\/vc_row][vc_row content_placement=&#8221;middle&#8221; css=&#8221;.vc_custom_1758808799747{background-color: #F5F5F5 !important;}&#8221;][vc_column width=&#8221;1\/3&#8243; el_class=&#8221;align-vertical-center&#8221;][vc_row_inner][vc_column_inner][vc_empty_space height=&#8221;42px&#8221;][\/vc_column_inner][\/vc_row_inner][vc_single_image image=&#8221;23678&#8243; img_size=&#8221;400&#215;200&#8243; alignment=&#8221;center&#8221; el_class=&#8221;align-vertical-center&#8221;][\/vc_column][vc_column width=&#8221;2\/3&#8243;][elx_heading text_color=&#8221;electrolux-blue&#8221; text_align=&#8221;text-left&#8221;]2030&#8217;a kadar iklim n\u00f6tr[\/elx_heading][vc_empty_space height=&#8221;16px&#8221;][vc_column_text]<\/p>\n<div class=\"ewa-rteLine\">Genel ve iddial\u0131 hedefimiz, 2030 y\u0131l\u0131na kadar kendi operasyonlar\u0131m\u0131zda iklim n\u00f6tr olmakt\u0131r.<\/div>\n<div class=\"ewa-rteLine\">BM&#8217;nin 2030 G\u00fcndemini ve ilgili &#8220;S\u00fcrd\u00fcr\u00fclebilir Kalk\u0131nma Hedefleri&#8221;ni (SDG&#8217;ler) <strong>destekliyor ve 2030&#8217;a kadar iklim n\u00f6tr olmay\u0131 taahh\u00fct ediyoruz<\/strong>.<\/div>\n<p>[\/vc_column_text][vc_empty_space height=&#8221;28px&#8221;][elx_button button_text=&#8221;S\u00dcRD\u00dcR\u00dcLEB\u0130L\u0130R KALKINMA HEDEFLER\u0130M\u0130Z&#8221; button_display_block=&#8221;display_block_on&#8221; button_alignment_mobile=&#8221;text-left-mobile&#8221; button_link=&#8221;url:https%3A%2F%2Fwww.electroluxprofessionalgroup.com%2Fen%2Fsustainability%2Fsustainable-development-goals%2F|title:S%C3%9CRD%C3%9CR%C3%9CLEB%C4%B0L%C4%B0R%20KALKINMA%20HEDEFLER%C4%B0M%C4%B0Z|target:_blank&#8221;][\/vc_column][\/vc_row][vc_row css=&#8221;.vc_custom_1758284570657{background-color: #F5F5F5 !important;}&#8221;][vc_column][vc_empty_space height=&#8221;50px&#8221;][\/vc_column][\/vc_row][vc_row][vc_column][vc_empty_space height=&#8221;80px&#8221;][\/vc_column][\/vc_row][vc_row][vc_column][elx_double_banner_sust tag_title=&#8221;h2&#8243; left_title=&#8221;S\u00fcrd\u00fcr\u00fclebilir G\u0131da \u00c7\u00f6z\u00fcmleri&#8221; left_link=&#8221;url:https%3A%2F%2Fwww.electroluxprofessional.com%2Ftr%2Fsurdurulebilir-gida-cozumleri%2F|title:Daha%20fazlas%C4%B1n%C4%B1%20ke%C5%9Ffet&#8221; right_title=&#8221;S\u00fcrd\u00fcr\u00fclebilir \u00c7ama\u015f\u0131rhane Olu\u015fturmak&#8221; right_link=&#8221;url:https%3A%2F%2Fwww.electroluxprofessional.com%2Ftr%2Fsurdurulebilir-camasirhane-olusturmak%2F|title:Daha%20fazlas%C4%B1n%C4%B1%20ke%C5%9Ffet&#8221; left_image_media_library=&#8221;23684&#8243; right_image_media_library=&#8221;23685&#8243;][\/vc_column][\/vc_row][vc_row][vc_column][vc_empty_space height=&#8221;80px&#8221;][\/vc_column][\/vc_row]<\/p>\n","protected":false},"excerpt":{"rendered":"<p>[vc_row full_width=&#8221;electroluxpro-full-width-no-padding&#8221;][vc_column][elx_image_block background_image=&#8221;23677&#8243; minimum_height=&#8221;400px&#8221;][\/vc_column][\/vc_row][vc_row][vc_column][vc_row_inner][vc_column_inner offset=&#8221;vc_hidden-sm vc_hidden-xs&#8221;][vc_empty_space height=&#8221;80px&#8221;][\/vc_column_inner][\/vc_row_inner][vc_row_inner][vc_column_inner offset=&#8221;vc_hidden-lg vc_hidden-md&#8221;][vc_empty_space][\/vc_column_inner][\/vc_row_inner][elx_heading font_container=&#8221;h1&#8243; text_color=&#8221;electrolux-blue&#8221; text_align=&#8221;text-center&#8221;]S\u00fcrd\u00fcr\u00fclebilirlik Derecelendirmeleri ve Sertifikalar[\/elx_heading][vc_empty_space height=&#8221;14px&#8221;][vc_column_text] \u00c7evresel \u015feffafl\u0131k yoluyla s\u00fcrd\u00fcr\u00fclebilir bir gelece\u011fe olan ba\u011fl\u0131l\u0131\u011f\u0131m\u0131z\u0131 art\u0131r\u0131yoruz. [\/vc_column_text][vc_row_inner][vc_column_inner offset=&#8221;vc_hidden-sm vc_hidden-xs&#8221;][vc_empty_space height=&#8221;80px&#8221;][\/vc_column_inner][\/vc_row_inner][vc_row_inner][vc_column_inner offset=&#8221;vc_hidden-lg vc_hidden-md&#8221;][vc_empty_space][\/vc_column_inner][\/vc_row_inner][\/vc_column][\/vc_row][vc_row css=&#8221;.vc_custom_1758284570657{background-color: #F5F5F5 !important;}&#8221;][vc_column][vc_empty_space height=&#8221;50px&#8221;][\/vc_column][\/vc_row][vc_row equal_height=&#8221;yes&#8221; css=&#8221;.vc_custom_1758802186212{background-color: #F5F5F5 !important;}&#8221;][vc_column width=&#8221;3\/5&#8243; el_class=&#8221;align-vertical-center&#8221;][elx_heading font_size=&#8221;h4&#8243; text_color=&#8221;electrolux-blue&#8221; text_align=&#8221;text-left&#8221;]2025 y\u0131l\u0131nda, s\u00fcrd\u00fcr\u00fclebilirlik alan\u0131ndaki prestijli Alt\u0131n Derecelendirme \u00d6d\u00fcl\u00fc\u2019n\u00fc EcoVadis taraf\u0131ndan almaktan gurur [&hellip;]<\/p>\n","protected":false},"author":1,"featured_media":23629,"parent":23633,"menu_order":0,"comment_status":"closed","ping_status":"closed","template":"","meta":{"footnotes":""},"class_list":["post-23679","page","type-page","status-publish","has-post-thumbnail","hentry"],"acf":[],"yoast_head":"<!-- This site is optimized with the Yoast SEO plugin v23.3 - https:\/\/yoast.com\/wordpress\/plugins\/seo\/ -->\n<title>S\u00fcrd\u00fcr\u00fclebilirlik Derecelendirmeleri ve Sertifikalar - Electrolux Professional T\u00fcrkiye<\/title>\n<meta name=\"description\" content=\"Electrolux Professional S\u00fcrd\u00fcr\u00fclebilirlik Derecelendirmeleri ve Sertifikalar\u0131. \u0130klim taahh\u00fctlerimizi ve s\u00fcrd\u00fcr\u00fclebilirlik performans\u0131m\u0131zla \u00f6nde gelen k\u00fcresel de\u011ferlendirme kurulu\u015flar\u0131 taraf\u0131ndan verilen tan\u0131n\u0131rl\u0131klar\u0131 ke\u015ffedin.\" \/>\n<meta name=\"robots\" content=\"index, follow, max-snippet:-1, max-image-preview:large, max-video-preview:-1\" \/>\n<link rel=\"canonical\" href=\"https:\/\/www.electroluxprofessional.com\/tr\/surdurulebilir-cozumler\/surdurulebilirlik-derecelendirmeleri-ve-sertifikalar\/\" \/>\n<meta property=\"og:locale\" content=\"tr_TR\" \/>\n<meta property=\"og:type\" content=\"article\" \/>\n<meta property=\"og:title\" content=\"S\u00fcrd\u00fcr\u00fclebilirlik Derecelendirmeleri ve Sertifikalar - Electrolux Professional T\u00fcrkiye\" \/>\n<meta property=\"og:description\" content=\"Electrolux Professional S\u00fcrd\u00fcr\u00fclebilirlik Derecelendirmeleri ve Sertifikalar\u0131. \u0130klim taahh\u00fctlerimizi ve s\u00fcrd\u00fcr\u00fclebilirlik performans\u0131m\u0131zla \u00f6nde gelen k\u00fcresel de\u011ferlendirme kurulu\u015flar\u0131 taraf\u0131ndan verilen tan\u0131n\u0131rl\u0131klar\u0131 ke\u015ffedin.\" \/>\n<meta property=\"og:url\" content=\"https:\/\/www.electroluxprofessional.com\/tr\/surdurulebilir-cozumler\/surdurulebilirlik-derecelendirmeleri-ve-sertifikalar\/\" \/>\n<meta property=\"og:site_name\" content=\"Electrolux Professional T\u00fcrkiye\" \/>\n<meta property=\"article:modified_time\" content=\"2026-05-04T06:51:25+00:00\" \/>\n<meta property=\"og:image\" content=\"https:\/\/www.electroluxprofessional.com\/tr\/wp-content\/uploads\/2026\/02\/A-sustainable-approach_1.jpeg\" \/>\n\t<meta property=\"og:image:width\" content=\"577\" \/>\n\t<meta property=\"og:image:height\" content=\"540\" \/>\n\t<meta property=\"og:image:type\" content=\"image\/jpeg\" \/>\n<meta name=\"twitter:card\" content=\"summary_large_image\" \/>\n<meta name=\"twitter:label1\" content=\"Tahmini okuma s\u00fcresi\" \/>\n\t<meta name=\"twitter:data1\" content=\"3 dakika\" \/>\n<script type=\"application\/ld+json\" class=\"yoast-schema-graph\">{\"@context\":\"https:\/\/schema.org\",\"@graph\":[{\"@type\":\"WebPage\",\"@id\":\"https:\/\/www.electroluxprofessional.com\/tr\/surdurulebilir-cozumler\/surdurulebilirlik-derecelendirmeleri-ve-sertifikalar\/\",\"url\":\"https:\/\/www.electroluxprofessional.com\/tr\/surdurulebilir-cozumler\/surdurulebilirlik-derecelendirmeleri-ve-sertifikalar\/\",\"name\":\"S\u00fcrd\u00fcr\u00fclebilirlik Derecelendirmeleri ve Sertifikalar - Electrolux Professional T\u00fcrkiye\",\"isPartOf\":{\"@id\":\"https:\/\/www.electroluxprofessional.com\/tr\/#website\"},\"primaryImageOfPage\":{\"@id\":\"https:\/\/www.electroluxprofessional.com\/tr\/surdurulebilir-cozumler\/surdurulebilirlik-derecelendirmeleri-ve-sertifikalar\/#primaryimage\"},\"image\":{\"@id\":\"https:\/\/www.electroluxprofessional.com\/tr\/surdurulebilir-cozumler\/surdurulebilirlik-derecelendirmeleri-ve-sertifikalar\/#primaryimage\"},\"thumbnailUrl\":\"https:\/\/www.electroluxprofessional.com\/tr\/wp-content\/uploads\/2026\/02\/A-sustainable-approach_1.jpeg\",\"datePublished\":\"2026-02-27T16:37:45+00:00\",\"dateModified\":\"2026-05-04T06:51:25+00:00\",\"description\":\"Electrolux Professional S\u00fcrd\u00fcr\u00fclebilirlik Derecelendirmeleri ve Sertifikalar\u0131. \u0130klim taahh\u00fctlerimizi ve s\u00fcrd\u00fcr\u00fclebilirlik performans\u0131m\u0131zla \u00f6nde gelen k\u00fcresel de\u011ferlendirme kurulu\u015flar\u0131 taraf\u0131ndan verilen tan\u0131n\u0131rl\u0131klar\u0131 ke\u015ffedin.\",\"breadcrumb\":{\"@id\":\"https:\/\/www.electroluxprofessional.com\/tr\/surdurulebilir-cozumler\/surdurulebilirlik-derecelendirmeleri-ve-sertifikalar\/#breadcrumb\"},\"inLanguage\":\"tr\",\"potentialAction\":[{\"@type\":\"ReadAction\",\"target\":[\"https:\/\/www.electroluxprofessional.com\/tr\/surdurulebilir-cozumler\/surdurulebilirlik-derecelendirmeleri-ve-sertifikalar\/\"]}]},{\"@type\":\"ImageObject\",\"inLanguage\":\"tr\",\"@id\":\"https:\/\/www.electroluxprofessional.com\/tr\/surdurulebilir-cozumler\/surdurulebilirlik-derecelendirmeleri-ve-sertifikalar\/#primaryimage\",\"url\":\"https:\/\/www.electroluxprofessional.com\/tr\/wp-content\/uploads\/2026\/02\/A-sustainable-approach_1.jpeg\",\"contentUrl\":\"https:\/\/www.electroluxprofessional.com\/tr\/wp-content\/uploads\/2026\/02\/A-sustainable-approach_1.jpeg\",\"width\":577,\"height\":540},{\"@type\":\"BreadcrumbList\",\"@id\":\"https:\/\/www.electroluxprofessional.com\/tr\/surdurulebilir-cozumler\/surdurulebilirlik-derecelendirmeleri-ve-sertifikalar\/#breadcrumb\",\"itemListElement\":[{\"@type\":\"ListItem\",\"position\":1,\"name\":\"Home\",\"item\":\"https:\/\/www.electroluxprofessional.com\/tr\/\"},{\"@type\":\"ListItem\",\"position\":2,\"name\":\"S\u00fcrd\u00fcr\u00fclebilir \u00c7\u00f6z\u00fcmler\",\"item\":\"https:\/\/www.electroluxprofessional.com\/tr\/surdurulebilir-cozumler\/\"},{\"@type\":\"ListItem\",\"position\":3,\"name\":\"S\u00fcrd\u00fcr\u00fclebilirlik Derecelendirmeleri ve Sertifikalar\"}]},{\"@type\":\"WebSite\",\"@id\":\"https:\/\/www.electroluxprofessional.com\/tr\/#website\",\"url\":\"https:\/\/www.electroluxprofessional.com\/tr\/\",\"name\":\"Electrolux Professional T\u00fcrkiye\",\"description\":\"\",\"potentialAction\":[{\"@type\":\"SearchAction\",\"target\":{\"@type\":\"EntryPoint\",\"urlTemplate\":\"https:\/\/www.electroluxprofessional.com\/tr\/?src={search_term_string}\"},\"query-input\":\"required name=search_term_string\"}],\"inLanguage\":\"tr\"}]}<\/script>\n<!-- \/ Yoast SEO plugin. -->","yoast_head_json":{"title":"S\u00fcrd\u00fcr\u00fclebilirlik Derecelendirmeleri ve Sertifikalar - Electrolux Professional T\u00fcrkiye","description":"Electrolux Professional S\u00fcrd\u00fcr\u00fclebilirlik Derecelendirmeleri ve Sertifikalar\u0131. \u0130klim taahh\u00fctlerimizi ve s\u00fcrd\u00fcr\u00fclebilirlik performans\u0131m\u0131zla \u00f6nde gelen k\u00fcresel de\u011ferlendirme kurulu\u015flar\u0131 taraf\u0131ndan verilen tan\u0131n\u0131rl\u0131klar\u0131 ke\u015ffedin.","robots":{"index":"index","follow":"follow","max-snippet":"max-snippet:-1","max-image-preview":"max-image-preview:large","max-video-preview":"max-video-preview:-1"},"canonical":"https:\/\/www.electroluxprofessional.com\/tr\/surdurulebilir-cozumler\/surdurulebilirlik-derecelendirmeleri-ve-sertifikalar\/","og_locale":"tr_TR","og_type":"article","og_title":"S\u00fcrd\u00fcr\u00fclebilirlik Derecelendirmeleri ve Sertifikalar - Electrolux Professional T\u00fcrkiye","og_description":"Electrolux Professional S\u00fcrd\u00fcr\u00fclebilirlik Derecelendirmeleri ve Sertifikalar\u0131. \u0130klim taahh\u00fctlerimizi ve s\u00fcrd\u00fcr\u00fclebilirlik performans\u0131m\u0131zla \u00f6nde gelen k\u00fcresel de\u011ferlendirme kurulu\u015flar\u0131 taraf\u0131ndan verilen tan\u0131n\u0131rl\u0131klar\u0131 ke\u015ffedin.","og_url":"https:\/\/www.electroluxprofessional.com\/tr\/surdurulebilir-cozumler\/surdurulebilirlik-derecelendirmeleri-ve-sertifikalar\/","og_site_name":"Electrolux Professional T\u00fcrkiye","article_modified_time":"2026-05-04T06:51:25+00:00","og_image":[{"width":577,"height":540,"url":"https:\/\/www.electroluxprofessional.com\/tr\/wp-content\/uploads\/2026\/02\/A-sustainable-approach_1.jpeg","type":"image\/jpeg"}],"twitter_card":"summary_large_image","twitter_misc":{"Tahmini okuma s\u00fcresi":"3 dakika"},"schema":{"@context":"https:\/\/schema.org","@graph":[{"@type":"WebPage","@id":"https:\/\/www.electroluxprofessional.com\/tr\/surdurulebilir-cozumler\/surdurulebilirlik-derecelendirmeleri-ve-sertifikalar\/","url":"https:\/\/www.electroluxprofessional.com\/tr\/surdurulebilir-cozumler\/surdurulebilirlik-derecelendirmeleri-ve-sertifikalar\/","name":"S\u00fcrd\u00fcr\u00fclebilirlik Derecelendirmeleri ve Sertifikalar - Electrolux Professional T\u00fcrkiye","isPartOf":{"@id":"https:\/\/www.electroluxprofessional.com\/tr\/#website"},"primaryImageOfPage":{"@id":"https:\/\/www.electroluxprofessional.com\/tr\/surdurulebilir-cozumler\/surdurulebilirlik-derecelendirmeleri-ve-sertifikalar\/#primaryimage"},"image":{"@id":"https:\/\/www.electroluxprofessional.com\/tr\/surdurulebilir-cozumler\/surdurulebilirlik-derecelendirmeleri-ve-sertifikalar\/#primaryimage"},"thumbnailUrl":"https:\/\/www.electroluxprofessional.com\/tr\/wp-content\/uploads\/2026\/02\/A-sustainable-approach_1.jpeg","datePublished":"2026-02-27T16:37:45+00:00","dateModified":"2026-05-04T06:51:25+00:00","description":"Electrolux Professional S\u00fcrd\u00fcr\u00fclebilirlik Derecelendirmeleri ve Sertifikalar\u0131. \u0130klim taahh\u00fctlerimizi ve s\u00fcrd\u00fcr\u00fclebilirlik performans\u0131m\u0131zla \u00f6nde gelen k\u00fcresel de\u011ferlendirme kurulu\u015flar\u0131 taraf\u0131ndan verilen tan\u0131n\u0131rl\u0131klar\u0131 ke\u015ffedin.","breadcrumb":{"@id":"https:\/\/www.electroluxprofessional.com\/tr\/surdurulebilir-cozumler\/surdurulebilirlik-derecelendirmeleri-ve-sertifikalar\/#breadcrumb"},"inLanguage":"tr","potentialAction":[{"@type":"ReadAction","target":["https:\/\/www.electroluxprofessional.com\/tr\/surdurulebilir-cozumler\/surdurulebilirlik-derecelendirmeleri-ve-sertifikalar\/"]}]},{"@type":"ImageObject","inLanguage":"tr","@id":"https:\/\/www.electroluxprofessional.com\/tr\/surdurulebilir-cozumler\/surdurulebilirlik-derecelendirmeleri-ve-sertifikalar\/#primaryimage","url":"https:\/\/www.electroluxprofessional.com\/tr\/wp-content\/uploads\/2026\/02\/A-sustainable-approach_1.jpeg","contentUrl":"https:\/\/www.electroluxprofessional.com\/tr\/wp-content\/uploads\/2026\/02\/A-sustainable-approach_1.jpeg","width":577,"height":540},{"@type":"BreadcrumbList","@id":"https:\/\/www.electroluxprofessional.com\/tr\/surdurulebilir-cozumler\/surdurulebilirlik-derecelendirmeleri-ve-sertifikalar\/#breadcrumb","itemListElement":[{"@type":"ListItem","position":1,"name":"Home","item":"https:\/\/www.electroluxprofessional.com\/tr\/"},{"@type":"ListItem","position":2,"name":"S\u00fcrd\u00fcr\u00fclebilir \u00c7\u00f6z\u00fcmler","item":"https:\/\/www.electroluxprofessional.com\/tr\/surdurulebilir-cozumler\/"},{"@type":"ListItem","position":3,"name":"S\u00fcrd\u00fcr\u00fclebilirlik Derecelendirmeleri ve Sertifikalar"}]},{"@type":"WebSite","@id":"https:\/\/www.electroluxprofessional.com\/tr\/#website","url":"https:\/\/www.electroluxprofessional.com\/tr\/","name":"Electrolux Professional T\u00fcrkiye","description":"","potentialAction":[{"@type":"SearchAction","target":{"@type":"EntryPoint","urlTemplate":"https:\/\/www.electroluxprofessional.com\/tr\/?src={search_term_string}"},"query-input":"required name=search_term_string"}],"inLanguage":"tr"}]}},"_links":{"self":[{"href":"https:\/\/www.electroluxprofessional.com\/tr\/wp-json\/wp\/v2\/pages\/23679"}],"collection":[{"href":"https:\/\/www.electroluxprofessional.com\/tr\/wp-json\/wp\/v2\/pages"}],"about":[{"href":"https:\/\/www.electroluxprofessional.com\/tr\/wp-json\/wp\/v2\/types\/page"}],"author":[{"embeddable":true,"href":"https:\/\/www.electroluxprofessional.com\/tr\/wp-json\/wp\/v2\/users\/1"}],"replies":[{"embeddable":true,"href":"https:\/\/www.electroluxprofessional.com\/tr\/wp-json\/wp\/v2\/comments?post=23679"}],"version-history":[{"count":8,"href":"https:\/\/www.electroluxprofessional.com\/tr\/wp-json\/wp\/v2\/pages\/23679\/revisions"}],"predecessor-version":[{"id":24125,"href":"https:\/\/www.electroluxprofessional.com\/tr\/wp-json\/wp\/v2\/pages\/23679\/revisions\/24125"}],"up":[{"embeddable":true,"href":"https:\/\/www.electroluxprofessional.com\/tr\/wp-json\/wp\/v2\/pages\/23633"}],"wp:featuredmedia":[{"embeddable":true,"href":"https:\/\/www.electroluxprofessional.com\/tr\/wp-json\/wp\/v2\/media\/23629"}],"wp:attachment":[{"href":"https:\/\/www.electroluxprofessional.com\/tr\/wp-json\/wp\/v2\/media?parent=23679"}],"curies":[{"name":"wp","href":"https:\/\/api.w.org\/{rel}","templated":true}]}}