{"id":23633,"date":"2026-02-23T06:49:22","date_gmt":"2026-02-23T06:49:22","guid":{"rendered":"https:\/\/www.electroluxprofessional.com\/tr\/?page_id=23633"},"modified":"2026-05-04T06:50:09","modified_gmt":"2026-05-04T06:50:09","slug":"surdurulebilir-cozumler","status":"publish","type":"page","link":"https:\/\/www.electroluxprofessional.com\/tr\/surdurulebilir-cozumler\/","title":{"rendered":"S\u00fcrd\u00fcr\u00fclebilir \u00c7\u00f6z\u00fcmler"},"content":{"rendered":"<p>[vc_row full_width=&#8221;electroluxpro-full-width-no-padding&#8221; el_id=&#8221;banner&#8221; min_height=&#8221;500px&#8221;][vc_column][elx_hero_video text_position=&#8221;hero_video_text_align_left&#8221; width_box=&#8221;none&#8221; background_video_mp4=&#8221;https:\/\/www.electroluxprofessional.com\/tr\/wp-content\/uploads\/2026\/02\/Sustainability-video-electrolux-professional_HERO_ULTRA_2MB.mp4&#8243;][\/elx_hero_video][\/vc_column][\/vc_row][vc_row][vc_column][vc_empty_space height=&#8221;50px&#8221;][elx_heading font_container=&#8221;h1&#8243; font_size=&#8221;h2&#8243; text_color=&#8221;inherit&#8221; text_align=&#8221;text-center&#8221;]D\u00fcnyan\u0131n d\u00f6rt bir yan\u0131ndaki m\u00fc\u015fterilerimiz i\u00e7in uzun vadeli de\u011fer sunan s\u00fcrd\u00fcr\u00fclebilir \u00e7\u00f6z\u00fcmler[\/elx_heading][vc_empty_space height=&#8221;20px&#8221;][vc_column_text]<\/p>\n<p style=\"text-align: center;\">Electrolux Professional, s\u00fcrd\u00fcr\u00fclebilirlik ve enerji verimlili\u011fi alan\u0131ndaki yenilikleriyle profesyonel yiyecek, i\u00e7ecek ve \u00e7ama\u015f\u0131rhane sekt\u00f6rlerinde \u00f6nc\u00fc olmay\u0131 hedefler. Ba\u011flant\u0131l\u0131 ve dijital bir platformla desteklenen bu yakla\u015f\u0131m, m\u00fc\u015fteri ihtiya\u00e7lar\u0131n\u0131 kar\u015f\u0131lamay\u0131 ve sekt\u00f6rde standartlar\u0131 belirlemeyi ama\u00e7lar.<\/p>\n<p>[\/vc_column_text][vc_empty_space height=&#8221;50px&#8221;][\/vc_column][\/vc_row][vc_row content_placement=&#8221;middle&#8221; css=&#8221;.vc_custom_1758178561518{background-color: #F6F6F6 !important;}&#8221;][vc_column][vc_empty_space height=&#8221;40px&#8221;][\/vc_column][\/vc_row][vc_row equal_height=&#8221;yes&#8221; content_placement=&#8221;middle&#8221; css=&#8221;.vc_custom_1759215775499{background-color: #F6F6F6 !important;}&#8221;][vc_column el_class=&#8221;align-vertical-center&#8221;][elx_heading text_color=&#8221;inherit&#8221;]S\u00fcrd\u00fcr\u00fclebilirlik lideri \u2013 yar\u0131n\u0131n \u00f6tesindeki ihtiya\u00e7lara cevap veren[\/elx_heading][vc_empty_space][\/vc_column][\/vc_row][vc_row content_placement=&#8221;middle&#8221; css=&#8221;.vc_custom_1758178561518{background-color: #F6F6F6 !important;}&#8221;][vc_column][vc_empty_space height=&#8221;40px&#8221;][\/vc_column][\/vc_row][vc_row equal_height=&#8221;yes&#8221; content_placement=&#8221;middle&#8221; css=&#8221;.vc_custom_1759215775499{background-color: #F6F6F6 !important;}&#8221;][vc_column width=&#8221;2\/3&#8243;][vc_column_text css=&#8221;.vc_custom_1777842305096{background-color: #f6f6f6 !important;}&#8221;]<\/p>\n<div class=\"ewa-rteLine\">\n<div class=\"ewa-rteLine\">Electrolux Professional Group&#8217;ta s\u00fcrd\u00fcr\u00fclebilirlik, operasyonlar\u0131m\u0131z\u0131n ve kurum k\u00fclt\u00fcr\u00fcm\u00fcz\u00fcn ayr\u0131lmaz bir par\u00e7as\u0131d\u0131r. \u0130\u015fletmelerin geli\u015fmesine, kurumlar\u0131n daha verimli hale gelmesine ve \u00e7al\u0131\u015fma ortamlar\u0131n\u0131n daha g\u00fcvenli olmas\u0131na katk\u0131 sa\u011flarken; enerji, su ve deterjan kullan\u0131m\u0131n\u0131 azaltarak profesyonel yiyecek, i\u00e7ecek ve \u00e7ama\u015f\u0131rhane sekt\u00f6rlerinde olumlu etki yaratmay\u0131 ama\u00e7l\u0131yoruz.<\/div>\n<div class=\"ewa-rteLine\"><\/div>\n<div class=\"ewa-rteLine\">Stratejimiz iklim, sa\u011fl\u0131k &amp; g\u00fcvenlik ve \u00e7e\u015fitlilik \u00fczerine odaklanmakta olup, 2030 y\u0131l\u0131na kadar iklim n\u00f6tr olma hedefiyle \u015fekillenmektedir. Bu yakla\u015f\u0131m \u00fc\u00e7 temel s\u00fctun \u00fczerine in\u015fa edilmi\u015ftir: S\u00fcrd\u00fcr\u00fclebilir \u00e7\u00f6z\u00fcmler, S\u00fcrd\u00fcr\u00fclebilir operasyonlar ve Etik &amp; \u0130li\u015fkiler.<\/div>\n<div class=\"ewa-rteLine\"><\/div>\n<div class=\"ewa-rteLine\">Sekt\u00f6r\u00fcm\u00fczde s\u00fcrd\u00fcr\u00fclebilirlik lideri olarak tan\u0131nmaktan gurur duyuyoruz. Bu tan\u0131nma hem bir gurur hem de sorumluluk ta\u015f\u0131r &#8211; s\u00fcrekli geli\u015fmek ve yar\u0131n\u0131n \u00f6tesindeki ihtiya\u00e7lar\u0131 kar\u015f\u0131lamak i\u00e7in.<\/div>\n<\/div>\n<p>[\/vc_column_text][vc_empty_space height=&#8221;20px&#8221;][vc_column_text]<strong><em>Alberto Zanata, Ba\u015fkan ve CEO<\/em><\/strong>[\/vc_column_text][\/vc_column][vc_column width=&#8221;1\/3&#8243;][vc_row_inner][vc_column_inner offset=&#8221;vc_hidden-lg vc_hidden-md vc_hidden-sm&#8221;][vc_empty_space][\/vc_column_inner][\/vc_row_inner][vc_empty_space height=&#8221;45px&#8221;][vc_single_image image=&#8221;23630&#8243; img_size=&#8221;full&#8221; alignment=&#8221;center&#8221;][\/vc_column][\/vc_row][vc_row content_placement=&#8221;middle&#8221; css=&#8221;.vc_custom_1758178561518{background-color: #F6F6F6 !important;}&#8221;][vc_column][vc_empty_space height=&#8221;40px&#8221;][\/vc_column][\/vc_row][vc_row][vc_column][vc_empty_space height=&#8221;50px&#8221;][\/vc_column][\/vc_row][vc_row][vc_column][elx_double_banner_sust tag_title=&#8221;h2&#8243; class_title=&#8221;h2&#8243; left_title=&#8221;S\u00fcrd\u00fcr\u00fclebilir Yiyecek \u00c7\u00f6z\u00fcmleri&#8221; left_image_media_library=&#8221;23684&#8243; right_title=&#8221;S\u00fcrd\u00fcr\u00fclebilir \u00c7ama\u015f\u0131rhane \u00c7\u00f6z\u00fcmleri&#8221; right_image_media_library=&#8221;23685&#8243; left_link=&#8221;url:https%3A%2F%2Fwww.electroluxprofessional.com%2Ftr%2Fsurdurulebilir-gida-cozumleri%2F|title:Daha%20fazlas%C4%B1n%C4%B1%20ke%C5%9Ffet&#8221; right_link=&#8221;url:https%3A%2F%2Fwww.electroluxprofessional.com%2Ftr%2Fsurdurulebilir-camasirhane-olusturmak%2F|title:Daha%20fazlas%C4%B1n%C4%B1%20ke%C5%9Ffet&#8221;][\/vc_column][\/vc_row][vc_row][vc_column][vc_empty_space height=&#8221;50px&#8221;][\/vc_column][\/vc_row][vc_row content_placement=&#8221;middle&#8221; css=&#8221;.vc_custom_1758178561518{background-color: #F6F6F6 !important;}&#8221;][vc_column][vc_empty_space height=&#8221;40px&#8221;][\/vc_column][\/vc_row][vc_row content_placement=&#8221;middle&#8221; css=&#8221;.vc_custom_1758187212823{background-color: #F6F6F6 !important;}&#8221;][vc_column width=&#8221;3\/5&#8243;][vc_row_inner][vc_column_inner offset=&#8221;vc_hidden-sm vc_hidden-xs&#8221;][vc_empty_space][\/vc_column_inner][\/vc_row_inner][vc_column_text]<\/p>\n<h3>Prestijli EcoVadis Alt\u0131n S\u00fcrd\u00fcr\u00fclebilirlik Derecesine lay\u0131k g\u00f6r\u00fclerek, d\u00fcnya genelinde de\u011ferlendirilen \u015firketler aras\u0131nda ilk %5 i\u00e7inde yer almaktan gurur duyuyoruz.<\/h3>\n<p>[\/vc_column_text][vc_row_inner][vc_column_inner offset=&#8221;vc_hidden-lg vc_hidden-md vc_hidden-sm&#8221;][vc_empty_space][\/vc_column_inner][\/vc_row_inner][\/vc_column][vc_column width=&#8221;2\/5&#8243;][vc_column_text css=&#8221;.vc_custom_1759216097926{background-color: #F6F6F6 !important;}&#8221;]<span style=\"color: #f6f6f6;\">.<\/span>[\/vc_column_text][vc_single_image image=&#8221;23631&#8243; img_size=&#8221;200&#215;200&#8243; alignment=&#8221;center&#8221;][\/vc_column][\/vc_row][vc_row content_placement=&#8221;middle&#8221; css=&#8221;.vc_custom_1758178561518{background-color: #F6F6F6 !important;}&#8221;][vc_column][vc_empty_space height=&#8221;40px&#8221;][\/vc_column][\/vc_row][vc_row][vc_column][vc_empty_space height=&#8221;50px&#8221;][\/vc_column][\/vc_row][vc_row css=&#8221;.vc_custom_1769764393796{background-image: url(https:\/\/eprdev.comunicazione21.com\/wp-content\/uploads\/2025\/09\/Screenshot-2025-09-25-115810.jpg?id=56214) !important;background-position: center !important;background-repeat: no-repeat !important;background-size: cover !important;}&#8221; el_class=&#8221;text-center&#8221;][vc_column][vc_empty_space height=&#8221;64px&#8221;][vc_row_inner][vc_column_inner][vc_column_text]<\/p>\n<p style=\"text-align: center;\"><span style=\"color: #ffffff;\">\u015e\u0130MD\u0130YE KADAR BA\u015eARDIKLARIMIZ<\/span><\/p>\n<p>[\/vc_column_text][vc_empty_space][elx_heading text_color=&#8221;white&#8221; text_align=&#8221;text-center&#8221;]2024 y\u0131l\u0131nda, 2019&#8217;dan bu yana s\u00fcrd\u00fcr\u00fclebilirli\u011fin<br \/>\nt\u00fcm alanlar\u0131nda \u00f6nemli ilerleme kaydettik.[\/elx_heading][vc_empty_space][\/vc_column_inner][\/vc_row_inner][vc_row_inner][vc_column_inner width=&#8221;1\/3&#8243;][vc_column_text]<\/p>\n<p style=\"font-size: 83px; text-align: center;\"><span style=\"color: #ffffff;\"><strong>-70%<\/strong><\/span><\/p>\n<p>[\/vc_column_text][elx_heading font_container=&#8221;h3&#8243; font_size=&#8221;p&#8221; text_color=&#8221;white&#8221; text_align=&#8221;text-center&#8221;]CO2 kapsam 1&amp;2 emisyonlar\u0131[\/elx_heading][vc_empty_space][\/vc_column_inner][vc_column_inner width=&#8221;1\/3&#8243;][vc_column_text]<\/p>\n<p style=\"font-size: 83px; text-align: center;\"><span style=\"color: #ffffff;\"><strong>92%<\/strong><\/span><\/p>\n<p>[\/vc_column_text][elx_heading font_container=&#8221;h3&#8243; font_size=&#8221;p&#8221; text_color=&#8221;white&#8221; text_align=&#8221;text-center&#8221;]Yenilenebilir enerji[\/elx_heading][vc_empty_space][\/vc_column_inner][vc_column_inner width=&#8221;1\/3&#8243;][vc_column_text]<\/p>\n<p style=\"font-size: 83px; text-align: center;\"><span style=\"color: #ffffff;\"><strong>-41%<\/strong><\/span><\/p>\n<p>[\/vc_column_text][elx_heading font_container=&#8221;h3&#8243; font_size=&#8221;p&#8221; text_color=&#8221;white&#8221; text_align=&#8221;text-center&#8221;]CO2 kapsam 3 emisyonlar\u0131[\/elx_heading][vc_empty_space][\/vc_column_inner][\/vc_row_inner][vc_empty_space height=&#8221;70px&#8221;][elx_button button_text=&#8221;BA\u015eARILARIMIZI KE\u015eFED\u0130N&#8221; button_style=&#8221;primary-white-bordered&#8221; button_link=&#8221;url:https%3A%2F%2Fwww.electroluxprofessional.com%2Ftr%2FS%C3%BCrd%C3%BCr%C3%BClebilirlik%20Derecelendirmeleri%20ve%20Sertifikalar%2F|title:S%C3%BCrd%C3%BCr%C3%BClebilirlik%20Derecelendirmeleri%20ve%20Sertifikalar%C4%B1&#8243;][vc_empty_space height=&#8221;50px&#8221;][\/vc_column][\/vc_row][vc_row el_class=&#8221;text-center&#8221;][vc_column][vc_empty_space height=&#8221;55px&#8221;][\/vc_column][\/vc_row][vc_row][vc_column width=&#8221;1\/2&#8243;][vc_single_image image=&#8221;23629&#8243; img_size=&#8221;577&#215;540&#8243; alignment=&#8221;center&#8221;][vc_empty_space height=&#8221;20px&#8221;][elx_heading font_container=&#8221;h3&#8243; font_size=&#8221;h3&#8243; text_color=&#8221;inherit&#8221; text_align=&#8221;text-left&#8221;]Gezegen i\u00e7in do\u011fru se\u00e7imler[\/elx_heading][vc_empty_space height=&#8221;10px&#8221;][vc_column_text]Electrolux Professional, s\u00fcrd\u00fcr\u00fclebilir bir gelece\u011fe giden yolda size rehberlik etmek i\u00e7in burada. Daha verimli ve enerji tasarruflu ekipmanlar\u0131 tercih ederek olumlu bir etki yaratmak i\u00e7in pek \u00e7ok f\u0131rsat bulunuyor. Bu se\u00e7imler sadece gezegen i\u00e7in de\u011fil, ayn\u0131 zamanda i\u015fletmenizin k\u00e2rl\u0131l\u0131\u011f\u0131 i\u00e7in de b\u00fcy\u00fck avantaj sa\u011flar. Do\u011fru se\u00e7imleri yapman\u0131n \u015fimdi tam zaman\u0131.[\/vc_column_text][vc_empty_space][\/vc_column][vc_column width=&#8221;1\/2&#8243;][vc_single_image image=&#8221;23632&#8243; img_size=&#8221;577&#215;540&#8243; alignment=&#8221;center&#8221;][vc_empty_space height=&#8221;20px&#8221;][elx_heading font_container=&#8221;h3&#8243; font_size=&#8221;h3&#8243; text_color=&#8221;inherit&#8221; text_align=&#8221;text-left&#8221;]S\u00fcrd\u00fcr\u00fclebilir bir yakla\u015f\u0131m[\/elx_heading][vc_empty_space height=&#8221;10px&#8221;][vc_column_text]<\/p>\n<div class=\"ewa-rteLine\">M\u00fc\u015fterilerimizin i\u015f hayat\u0131n\u0131 daha kolay, daha k\u00e2rl\u0131 ve her g\u00fcn ger\u00e7ekten s\u00fcrd\u00fcr\u00fclebilir hale getirmek misyonumuzdur. S\u00fcrd\u00fcr\u00fclebilirlik; stratejimizin, k\u00fclt\u00fcr\u00fcm\u00fcz\u00fcn ve operasyonlar\u0131m\u0131z\u0131n temel bir par\u00e7as\u0131d\u0131r.<\/div>\n<div class=\"ewa-rteLine\">Birle\u015fmi\u015f Milletler S\u00fcrd\u00fcr\u00fclebilir Kalk\u0131nma Hedeflerini (SDGs) yol g\u00f6stericimiz olarak benimsiyoruz. Her g\u00fcn, m\u00fc\u015fterilerimizin de\u011fer zincirinde s\u00fcrd\u00fcr\u00fclebilirli\u011fi geli\u015ftirmek i\u00e7in \u00e7al\u0131\u015f\u0131yoruz.<\/div>\n<p>[\/vc_column_text][vc_empty_space][\/vc_column][\/vc_row][vc_row el_class=&#8221;text-center&#8221;][vc_column][vc_empty_space][elx_button button_text=&#8221;ET\u0130\u011e\u0130M\u0130Z&#8221; button_link=&#8221;url:https%3A%2F%2Fwww.electroluxprofessionalgroup.com%2Fen%2Fsustainability%2Four-ethics%2F|title:ET%C4%B0%C4%9E%C4%B0M%C4%B0Z|target:_blank&#8221;][vc_empty_space][\/vc_column][\/vc_row][vc_row custom_color_row=&#8221;bg-row-light-blue&#8221;][vc_column][elx_last_references title=&#8221;Referanslar&#8221; extra_class=&#8221;h4&#8243;][\/vc_column][\/vc_row][vc_row][vc_column][vc_empty_space height=&#8221;60px&#8221;][\/vc_column][\/vc_row]<\/p>\n","protected":false},"excerpt":{"rendered":"<p>[vc_row full_width=&#8221;electroluxpro-full-width-no-padding&#8221; el_id=&#8221;banner&#8221; min_height=&#8221;500px&#8221;][vc_column][elx_hero_video text_position=&#8221;hero_video_text_align_left&#8221; width_box=&#8221;none&#8221; background_video_mp4=&#8221;https:\/\/www.electroluxprofessional.com\/tr\/wp-content\/uploads\/2026\/02\/Sustainability-video-electrolux-professional_HERO_ULTRA_2MB.mp4&#8243;][\/elx_hero_video][\/vc_column][\/vc_row][vc_row][vc_column][vc_empty_space height=&#8221;50px&#8221;][elx_heading font_container=&#8221;h1&#8243; font_size=&#8221;h2&#8243; text_color=&#8221;inherit&#8221; text_align=&#8221;text-center&#8221;]D\u00fcnyan\u0131n d\u00f6rt bir yan\u0131ndaki m\u00fc\u015fterilerimiz i\u00e7in uzun vadeli de\u011fer sunan s\u00fcrd\u00fcr\u00fclebilir \u00e7\u00f6z\u00fcmler[\/elx_heading][vc_empty_space height=&#8221;20px&#8221;][vc_column_text] Electrolux Professional, s\u00fcrd\u00fcr\u00fclebilirlik ve enerji verimlili\u011fi alan\u0131ndaki yenilikleriyle profesyonel yiyecek, i\u00e7ecek ve \u00e7ama\u015f\u0131rhane sekt\u00f6rlerinde \u00f6nc\u00fc olmay\u0131 hedefler. Ba\u011flant\u0131l\u0131 ve dijital bir platformla desteklenen bu yakla\u015f\u0131m, m\u00fc\u015fteri ihtiya\u00e7lar\u0131n\u0131 kar\u015f\u0131lamay\u0131 ve sekt\u00f6rde standartlar\u0131 [&hellip;]<\/p>\n","protected":false},"author":40,"featured_media":23629,"parent":0,"menu_order":0,"comment_status":"closed","ping_status":"closed","template":"","meta":{"footnotes":""},"class_list":["post-23633","page","type-page","status-publish","has-post-thumbnail","hentry"],"acf":[],"yoast_head":"<!-- This site is optimized with the Yoast SEO plugin v23.3 - https:\/\/yoast.com\/wordpress\/plugins\/seo\/ -->\n<title>S\u00fcrd\u00fcr\u00fclebilir \u00c7\u00f6z\u00fcmler - Electrolux Professional T\u00fcrkiye<\/title>\n<meta name=\"description\" content=\"Electrolux Professional S\u00fcrd\u00fcr\u00fclebilir \u00c7\u00f6z\u00fcmler.Kaynak kullan\u0131m\u0131n\u0131 azaltmak ve performans\u0131 art\u0131rmak i\u00e7in tasarlanan enerji verimli ekipmanlar, ger\u00e7ekten s\u00fcrd\u00fcr\u00fclebilir bir gelecek i\u00e7in geli\u015ftirilmi\u015ftir.\" \/>\n<meta name=\"robots\" content=\"index, follow, max-snippet:-1, max-image-preview:large, max-video-preview:-1\" \/>\n<link rel=\"canonical\" href=\"https:\/\/www.electroluxprofessional.com\/tr\/surdurulebilir-cozumler\/\" \/>\n<meta property=\"og:locale\" content=\"tr_TR\" \/>\n<meta property=\"og:type\" content=\"article\" \/>\n<meta property=\"og:title\" content=\"S\u00fcrd\u00fcr\u00fclebilir \u00c7\u00f6z\u00fcmler - Electrolux Professional T\u00fcrkiye\" \/>\n<meta property=\"og:description\" content=\"Electrolux Professional S\u00fcrd\u00fcr\u00fclebilir \u00c7\u00f6z\u00fcmler.Kaynak kullan\u0131m\u0131n\u0131 azaltmak ve performans\u0131 art\u0131rmak i\u00e7in tasarlanan enerji verimli ekipmanlar, ger\u00e7ekten s\u00fcrd\u00fcr\u00fclebilir bir gelecek i\u00e7in geli\u015ftirilmi\u015ftir.\" \/>\n<meta property=\"og:url\" content=\"https:\/\/www.electroluxprofessional.com\/tr\/surdurulebilir-cozumler\/\" \/>\n<meta property=\"og:site_name\" content=\"Electrolux Professional T\u00fcrkiye\" \/>\n<meta property=\"article:modified_time\" content=\"2026-05-04T06:50:09+00:00\" \/>\n<meta property=\"og:image\" content=\"https:\/\/www.electroluxprofessional.com\/tr\/wp-content\/uploads\/2026\/02\/A-sustainable-approach_1.jpeg\" \/>\n\t<meta property=\"og:image:width\" content=\"577\" \/>\n\t<meta property=\"og:image:height\" content=\"540\" \/>\n\t<meta property=\"og:image:type\" content=\"image\/jpeg\" \/>\n<meta name=\"twitter:card\" content=\"summary_large_image\" \/>\n<meta name=\"twitter:label1\" content=\"Tahmini okuma s\u00fcresi\" \/>\n\t<meta name=\"twitter:data1\" content=\"4 dakika\" \/>\n<script type=\"application\/ld+json\" class=\"yoast-schema-graph\">{\"@context\":\"https:\/\/schema.org\",\"@graph\":[{\"@type\":\"WebPage\",\"@id\":\"https:\/\/www.electroluxprofessional.com\/tr\/surdurulebilir-cozumler\/\",\"url\":\"https:\/\/www.electroluxprofessional.com\/tr\/surdurulebilir-cozumler\/\",\"name\":\"S\u00fcrd\u00fcr\u00fclebilir \u00c7\u00f6z\u00fcmler - Electrolux Professional T\u00fcrkiye\",\"isPartOf\":{\"@id\":\"https:\/\/www.electroluxprofessional.com\/tr\/#website\"},\"primaryImageOfPage\":{\"@id\":\"https:\/\/www.electroluxprofessional.com\/tr\/surdurulebilir-cozumler\/#primaryimage\"},\"image\":{\"@id\":\"https:\/\/www.electroluxprofessional.com\/tr\/surdurulebilir-cozumler\/#primaryimage\"},\"thumbnailUrl\":\"https:\/\/www.electroluxprofessional.com\/tr\/wp-content\/uploads\/2026\/02\/A-sustainable-approach_1.jpeg\",\"datePublished\":\"2026-02-23T06:49:22+00:00\",\"dateModified\":\"2026-05-04T06:50:09+00:00\",\"description\":\"Electrolux Professional S\u00fcrd\u00fcr\u00fclebilir \u00c7\u00f6z\u00fcmler.Kaynak kullan\u0131m\u0131n\u0131 azaltmak ve performans\u0131 art\u0131rmak i\u00e7in tasarlanan enerji verimli ekipmanlar, ger\u00e7ekten s\u00fcrd\u00fcr\u00fclebilir bir gelecek i\u00e7in geli\u015ftirilmi\u015ftir.\",\"breadcrumb\":{\"@id\":\"https:\/\/www.electroluxprofessional.com\/tr\/surdurulebilir-cozumler\/#breadcrumb\"},\"inLanguage\":\"tr\",\"potentialAction\":[{\"@type\":\"ReadAction\",\"target\":[\"https:\/\/www.electroluxprofessional.com\/tr\/surdurulebilir-cozumler\/\"]}]},{\"@type\":\"ImageObject\",\"inLanguage\":\"tr\",\"@id\":\"https:\/\/www.electroluxprofessional.com\/tr\/surdurulebilir-cozumler\/#primaryimage\",\"url\":\"https:\/\/www.electroluxprofessional.com\/tr\/wp-content\/uploads\/2026\/02\/A-sustainable-approach_1.jpeg\",\"contentUrl\":\"https:\/\/www.electroluxprofessional.com\/tr\/wp-content\/uploads\/2026\/02\/A-sustainable-approach_1.jpeg\",\"width\":577,\"height\":540},{\"@type\":\"BreadcrumbList\",\"@id\":\"https:\/\/www.electroluxprofessional.com\/tr\/surdurulebilir-cozumler\/#breadcrumb\",\"itemListElement\":[{\"@type\":\"ListItem\",\"position\":1,\"name\":\"Home\",\"item\":\"https:\/\/www.electroluxprofessional.com\/tr\/\"},{\"@type\":\"ListItem\",\"position\":2,\"name\":\"S\u00fcrd\u00fcr\u00fclebilir \u00c7\u00f6z\u00fcmler\"}]},{\"@type\":\"WebSite\",\"@id\":\"https:\/\/www.electroluxprofessional.com\/tr\/#website\",\"url\":\"https:\/\/www.electroluxprofessional.com\/tr\/\",\"name\":\"Electrolux Professional T\u00fcrkiye\",\"description\":\"\",\"potentialAction\":[{\"@type\":\"SearchAction\",\"target\":{\"@type\":\"EntryPoint\",\"urlTemplate\":\"https:\/\/www.electroluxprofessional.com\/tr\/?src={search_term_string}\"},\"query-input\":\"required name=search_term_string\"}],\"inLanguage\":\"tr\"}]}<\/script>\n<!-- \/ Yoast SEO plugin. -->","yoast_head_json":{"title":"S\u00fcrd\u00fcr\u00fclebilir \u00c7\u00f6z\u00fcmler - Electrolux Professional T\u00fcrkiye","description":"Electrolux Professional S\u00fcrd\u00fcr\u00fclebilir \u00c7\u00f6z\u00fcmler.Kaynak kullan\u0131m\u0131n\u0131 azaltmak ve performans\u0131 art\u0131rmak i\u00e7in tasarlanan enerji verimli ekipmanlar, ger\u00e7ekten s\u00fcrd\u00fcr\u00fclebilir bir gelecek i\u00e7in geli\u015ftirilmi\u015ftir.","robots":{"index":"index","follow":"follow","max-snippet":"max-snippet:-1","max-image-preview":"max-image-preview:large","max-video-preview":"max-video-preview:-1"},"canonical":"https:\/\/www.electroluxprofessional.com\/tr\/surdurulebilir-cozumler\/","og_locale":"tr_TR","og_type":"article","og_title":"S\u00fcrd\u00fcr\u00fclebilir \u00c7\u00f6z\u00fcmler - Electrolux Professional T\u00fcrkiye","og_description":"Electrolux Professional S\u00fcrd\u00fcr\u00fclebilir \u00c7\u00f6z\u00fcmler.Kaynak kullan\u0131m\u0131n\u0131 azaltmak ve performans\u0131 art\u0131rmak i\u00e7in tasarlanan enerji verimli ekipmanlar, ger\u00e7ekten s\u00fcrd\u00fcr\u00fclebilir bir gelecek i\u00e7in geli\u015ftirilmi\u015ftir.","og_url":"https:\/\/www.electroluxprofessional.com\/tr\/surdurulebilir-cozumler\/","og_site_name":"Electrolux Professional T\u00fcrkiye","article_modified_time":"2026-05-04T06:50:09+00:00","og_image":[{"width":577,"height":540,"url":"https:\/\/www.electroluxprofessional.com\/tr\/wp-content\/uploads\/2026\/02\/A-sustainable-approach_1.jpeg","type":"image\/jpeg"}],"twitter_card":"summary_large_image","twitter_misc":{"Tahmini okuma s\u00fcresi":"4 dakika"},"schema":{"@context":"https:\/\/schema.org","@graph":[{"@type":"WebPage","@id":"https:\/\/www.electroluxprofessional.com\/tr\/surdurulebilir-cozumler\/","url":"https:\/\/www.electroluxprofessional.com\/tr\/surdurulebilir-cozumler\/","name":"S\u00fcrd\u00fcr\u00fclebilir \u00c7\u00f6z\u00fcmler - Electrolux Professional T\u00fcrkiye","isPartOf":{"@id":"https:\/\/www.electroluxprofessional.com\/tr\/#website"},"primaryImageOfPage":{"@id":"https:\/\/www.electroluxprofessional.com\/tr\/surdurulebilir-cozumler\/#primaryimage"},"image":{"@id":"https:\/\/www.electroluxprofessional.com\/tr\/surdurulebilir-cozumler\/#primaryimage"},"thumbnailUrl":"https:\/\/www.electroluxprofessional.com\/tr\/wp-content\/uploads\/2026\/02\/A-sustainable-approach_1.jpeg","datePublished":"2026-02-23T06:49:22+00:00","dateModified":"2026-05-04T06:50:09+00:00","description":"Electrolux Professional S\u00fcrd\u00fcr\u00fclebilir \u00c7\u00f6z\u00fcmler.Kaynak kullan\u0131m\u0131n\u0131 azaltmak ve performans\u0131 art\u0131rmak i\u00e7in tasarlanan enerji verimli ekipmanlar, ger\u00e7ekten s\u00fcrd\u00fcr\u00fclebilir bir gelecek i\u00e7in geli\u015ftirilmi\u015ftir.","breadcrumb":{"@id":"https:\/\/www.electroluxprofessional.com\/tr\/surdurulebilir-cozumler\/#breadcrumb"},"inLanguage":"tr","potentialAction":[{"@type":"ReadAction","target":["https:\/\/www.electroluxprofessional.com\/tr\/surdurulebilir-cozumler\/"]}]},{"@type":"ImageObject","inLanguage":"tr","@id":"https:\/\/www.electroluxprofessional.com\/tr\/surdurulebilir-cozumler\/#primaryimage","url":"https:\/\/www.electroluxprofessional.com\/tr\/wp-content\/uploads\/2026\/02\/A-sustainable-approach_1.jpeg","contentUrl":"https:\/\/www.electroluxprofessional.com\/tr\/wp-content\/uploads\/2026\/02\/A-sustainable-approach_1.jpeg","width":577,"height":540},{"@type":"BreadcrumbList","@id":"https:\/\/www.electroluxprofessional.com\/tr\/surdurulebilir-cozumler\/#breadcrumb","itemListElement":[{"@type":"ListItem","position":1,"name":"Home","item":"https:\/\/www.electroluxprofessional.com\/tr\/"},{"@type":"ListItem","position":2,"name":"S\u00fcrd\u00fcr\u00fclebilir \u00c7\u00f6z\u00fcmler"}]},{"@type":"WebSite","@id":"https:\/\/www.electroluxprofessional.com\/tr\/#website","url":"https:\/\/www.electroluxprofessional.com\/tr\/","name":"Electrolux Professional T\u00fcrkiye","description":"","potentialAction":[{"@type":"SearchAction","target":{"@type":"EntryPoint","urlTemplate":"https:\/\/www.electroluxprofessional.com\/tr\/?src={search_term_string}"},"query-input":"required name=search_term_string"}],"inLanguage":"tr"}]}},"_links":{"self":[{"href":"https:\/\/www.electroluxprofessional.com\/tr\/wp-json\/wp\/v2\/pages\/23633"}],"collection":[{"href":"https:\/\/www.electroluxprofessional.com\/tr\/wp-json\/wp\/v2\/pages"}],"about":[{"href":"https:\/\/www.electroluxprofessional.com\/tr\/wp-json\/wp\/v2\/types\/page"}],"author":[{"embeddable":true,"href":"https:\/\/www.electroluxprofessional.com\/tr\/wp-json\/wp\/v2\/users\/40"}],"replies":[{"embeddable":true,"href":"https:\/\/www.electroluxprofessional.com\/tr\/wp-json\/wp\/v2\/comments?post=23633"}],"version-history":[{"count":10,"href":"https:\/\/www.electroluxprofessional.com\/tr\/wp-json\/wp\/v2\/pages\/23633\/revisions"}],"predecessor-version":[{"id":24119,"href":"https:\/\/www.electroluxprofessional.com\/tr\/wp-json\/wp\/v2\/pages\/23633\/revisions\/24119"}],"wp:featuredmedia":[{"embeddable":true,"href":"https:\/\/www.electroluxprofessional.com\/tr\/wp-json\/wp\/v2\/media\/23629"}],"wp:attachment":[{"href":"https:\/\/www.electroluxprofessional.com\/tr\/wp-json\/wp\/v2\/media?parent=23633"}],"curies":[{"name":"wp","href":"https:\/\/api.w.org\/{rel}","templated":true}]}}