{"id":23614,"date":"2026-02-13T13:40:26","date_gmt":"2026-02-13T13:40:26","guid":{"rendered":"https:\/\/www.electroluxprofessional.com\/tr\/?page_id=23614"},"modified":"2026-02-13T13:40:26","modified_gmt":"2026-02-13T13:40:26","slug":"aydinlatma-metni","status":"publish","type":"page","link":"https:\/\/www.electroluxprofessional.com\/tr\/aydinlatma-metni\/","title":{"rendered":"Ayd\u0131nlatma Metni"},"content":{"rendered":"<p>[vc_row][vc_column][elx_heading font_container=&#8221;h1&#8243; font_size=&#8221;h2&#8243; text_color=&#8221;inherit&#8221; text_align=&#8221;text-center&#8221;]6698 SAYILI K\u0130\u015e\u0130SEL VER\u0130LER\u0130N KORUNMASI KANUNU<br \/>\nUYARINCA<br \/>\nK\u0130\u015e\u0130SEL VER\u0130 G\u0130ZL\u0130L\u0130K B\u0130LD\u0130R\u0130M\u0130 (AYDINLATMA METN\u0130)[\/elx_heading][vc_column_text]<\/p>\n<p class=\"p1\"><b>Electrolux Profesyonel Dayan\u0131kl\u0131 T\u00fcketim Mam\u00fclleri Sanayi Ve Ticaret Anonim \u015eirketi <\/b>olarak, i\u015fbu <i>\u201cKi\u015fisel Veri Gizlilik Bildirimi\u201d<\/i> ile sizleri, internet sitemizi ziyaret etmeniz ve\/veya sitemiz arac\u0131l\u0131\u011f\u0131yla sunulan bilgi ve hizmetlerden yararlanman\u0131z s\u0131ras\u0131nda hangi ki\u015fisel verilerinizi i\u015fledi\u011fimiz, bu verileri hangi ama\u00e7larla i\u015fledi\u011fimiz ve bu do\u011frultuda kimlere ve hangi ama\u00e7larla aktard\u0131\u011f\u0131m\u0131z, bu verilerin toplanma y\u00f6ntemleri ve hukuki sebepleri, veri sorumlusunun kimli\u011fi ve Ki\u015fisel Verilerin Korunmas\u0131 Kanunu <i>(Bundan sonra i\u015fbu metinde \u201cKVKK\u201d olarak an\u0131lacakt\u0131r.)<\/i> kapsam\u0131nda size tan\u0131nan haklara ili\u015fkin olarak bilgilendirmek istiyoruz.<\/p>\n<p><b>1. Veri Sorumlusu<\/b><\/p>\n<p class=\"p1\"><span class=\"s1\">Veri sorumlusu; \u0130stanbul Ticaret Sicili nezdinde 223730\/5 sicil numaras\u0131 ile kay\u0131tl\u0131, 0331158296700001 Mersis numaral\u0131, \u015firket merkezi <\/span>Now Bomonti, Cumhuriyet Mah. Yeni Yol 1.Sok. No:2\/4 B1 34380 \u015ei\u015fli, \u0130stanbul <span class=\"s1\">adresinde bulunan<b> <\/b>Electrolux Profesyonel Dayan\u0131kl\u0131 T\u00fcketim Mam\u00fclleri Sanayi Ve Ticaret Anonim \u015eirketi\u2019ni<\/span> <span class=\"s1\">ifade eder.<\/span><\/p>\n<p><b><\/b><span class=\"s1\"><b>2. Toplad\u0131\u011f\u0131m\u0131z Ki\u015fisel Veri T\u00fcrleri<\/b><\/span><\/p>\n<p><b>A. Kimlik ve \u0130leti\u015fim Verileriniz \u2013<\/b> Ad \u2013 Soyad, Adres, Telefon Numaras\u0131, E-Posta Adresi, Giri\u015f Bilgileri gibi.<\/p>\n<p><b>B. T\u00fcketici Memnuniyeti ve Geri Bildirim Verileriniz <i>&#8211;<\/i> <\/b>Anket Sonu\u00e7lar\u0131, M\u00fc\u015fteri Memnuniyeti Bilgileri gibi.<\/p>\n<p><b>C. Websitemizi Ziyaret Etti\u011finizde Toplanan Verileriniz<i> <\/i>\u2013<\/b> \u00c7erezler, Otomatik Olarak Toplanan Di\u011fer Veriler, Websitemizi Ziyaret Etti\u011finizde Sa\u011flad\u0131\u011f\u0131n\u0131z Bilgiler <i>(Firma \u0130smi, \u00dclke, \u015eehir, Talep \u0130\u00e7eri\u011fi, Talep T\u00fcr\u00fc, \u0130\u015f T\u00fcr\u00fc, G\u00f6nderilen \u0130leti vb. gibi, ileti\u015fim formu arac\u0131l\u0131\u011f\u0131 ile verdi\u011finiz di\u011fer veriler)<\/i> gibi.<\/p>\n<p><b>3. Ki\u015fisel Verilerin Toplanma Y\u00f6ntemleri<\/b><\/p>\n<p class=\"p1\">Ki\u015fisel verileriniz; KVKK\u2019n\u0131n 5 ve 6 nc\u0131 maddelerinde belirtilen ki\u015fisel veri i\u015fleme \u015fartlar\u0131 ve ama\u00e7lar\u0131 kapsam\u0131nda, bu metnin 4\u2019\u00fcnc\u00fc maddesinde belirtilen ama\u00e7lara dayanarak; internet sitemizi ziyaret etmeniz yoluyla, ileti\u015fime ge\u00e7mek amac\u0131yla ileti\u015fim formunu doldurman\u0131z suretiyle, sosyal medya arac\u0131l\u0131\u011f\u0131yla ve gerekti\u011finde bunlara eklenebilecek di\u011fer kanallar vas\u0131tas\u0131yla otomatik yahut otomatik olmayan yollarla toplanmaktad\u0131r.<span class=\"Apple-converted-space\">\u00a0<\/span><\/p>\n<p class=\"p1\"><b>4. Ki\u015fisel Verilerin \u0130\u015flenme Nedenleri ve Hukuki Dayana\u011f\u0131<\/b><\/p>\n<p class=\"p1\">Ki\u015fisel verileriniz; KVKK\u2019n\u0131n 5. ve 6. Maddelerinde belirtilen ki\u015fisel veri i\u015fleme \u015fartlar\u0131 ve ama\u00e7lar\u0131 dahilinde; i) Hukuka ve d\u00fcr\u00fcstl\u00fck kurallar\u0131na uygun, (ii) Do\u011fru ve gerekti\u011finde g\u00fcncel, (iii) Belirli, a\u00e7\u0131k ve me\u015fru ama\u00e7lar i\u00e7in, (iiii) \u0130\u015flendikleri ama\u00e7la ba\u011flant\u0131l\u0131, s\u0131n\u0131rl\u0131 ve \u00f6l\u00e7\u00fcl\u00fc ve (iiiii) \u0130lgili mevzuatta \u00f6ng\u00f6r\u00fclen veya i\u015flendikleri ama\u00e7 i\u00e7in gerekli olan s\u00fcre kadar muhafaza edilme kurallar\u0131na uygun bir \u015fekilde; a\u015fa\u011f\u0131daki ama\u00e7larla ve taraf\u0131m\u0131za bildirdi\u011finiz veya bildirildi\u011fi \u015fekliyle, ki\u015fisel verilerin do\u011frulu\u011funu ve en g\u00fcncel halini koruyarak i\u015flenmektedir.<\/p>\n<table class=\"t1\" cellspacing=\"0\" cellpadding=\"0\">\n<tbody>\n<tr>\n<td class=\"td1\" valign=\"middle\">\n<p class=\"p4\"><b>Ki\u015fisel veri t\u00fcr\u00fc<\/b><\/p>\n<\/td>\n<td class=\"td2\" valign=\"middle\">\n<p class=\"p4\"><b>\u0130\u015fleme Ama\u00e7lar\u0131<\/b><\/p>\n<\/td>\n<\/tr>\n<tr>\n<td class=\"td3\" valign=\"middle\">\n<p class=\"p4\">Yukar\u0131daki A ve B t\u00fcr\u00fcne ait veriler<\/p>\n<\/td>\n<td class=\"td4\" valign=\"middle\">\n<p class=\"p4\">\u00dcr\u00fcn \/ Hizmetlerin Pazarlama S\u00fcre\u00e7lerinin Y\u00fcr\u00fct\u00fclmesi, Reklam \/ Kampanya \/ Promosyon S\u00fcre\u00e7lerinin Y\u00fcr\u00fct\u00fclmesi, Organizasyon ve Etkinlik Y\u00f6netimi, E\u011fitim Faaliyetlerinin Y\u00fcr\u00fct\u00fclmesi, Pazarlama Analiz \u00c7al\u0131\u015fmalar\u0131n\u0131n Y\u00fcr\u00fct\u00fclmesi, M\u00fc\u015fteri Memnuniyetine Y\u00f6nelik Aktivitelerin Y\u00fcr\u00fct\u00fclmesi.<\/p>\n<\/td>\n<\/tr>\n<tr>\n<td class=\"td5\" valign=\"middle\">\n<p class=\"p4\">Yukar\u0131daki A ve C t\u00fcr\u00fcne ait veriler<\/p>\n<\/td>\n<td class=\"td6\" valign=\"middle\">\n<p class=\"p4\">Mal\/Hizmet Sat\u0131\u015f Sonras\u0131 Destek Hizmetlerinin Y\u00fcr\u00fct\u00fclmesi.<\/p>\n<\/td>\n<\/tr>\n<tr>\n<td class=\"td5\" valign=\"middle\">\n<p class=\"p4\">Yukar\u0131daki A ve C t\u00fcr\u00fcne ait veriler<\/p>\n<\/td>\n<td class=\"td6\" valign=\"middle\">\n<p class=\"p4\">\u0130leti\u015fim Faaliyetlerinin Y\u00fcr\u00fct\u00fclmesi.<\/p>\n<\/td>\n<\/tr>\n<tr>\n<td class=\"td7\" valign=\"middle\">\n<p class=\"p4\">Yukar\u0131daki A, B ve C t\u00fcr\u00fcne ait veriler<\/p>\n<\/td>\n<td class=\"td8\" valign=\"middle\">\n<p class=\"p4\">\u0130nternet Sitesinin Y\u00f6netilmesi ve \u0130\u015fletilmesi.<\/p>\n<\/td>\n<\/tr>\n<\/tbody>\n<\/table>\n<p><b>5. Ki\u015fisel Verilerin Payla\u015f\u0131lmas\u0131<\/b><\/p>\n<p class=\"p1\">Ki\u015fisel verileriniz; KVKK\u2019n\u0131n ki\u015fisel verilerin aktar\u0131lmas\u0131na ili\u015fkin 8. ve 9. maddelerine uygun olarak, bu metnin 4\u2019\u00fcnc\u00fc maddesinde belirtilen ama\u00e7lara dayan\u0131larak ve ilgili mevzuat gere\u011fi talep halinde; i\u015f ortaklar\u0131m\u0131z, hizmet ald\u0131\u011f\u0131m\u0131z firmalar, bizim ad\u0131m\u0131za hizmet ve\/veya cihaz sunan servis sa\u011flay\u0131c\u0131lar\u0131 ve\/veya tedarik\u00e7iler ve yurt d\u0131\u015f\u0131nda yerle\u015fik Electrolux Profesyonel grubu \u015firketleri ile payla\u015f\u0131labilecektir.<\/p>\n<p><b>6. Ki\u015fisel Verilerinizin \u0130\u015flenme S\u00fcresi:<\/b><\/p>\n<p class=\"p1\">Ki\u015fisel Verileriniz, KVKK ba\u015fta olmak \u00fczere Ki\u015fisel Verilerin korunmas\u0131na ili\u015fkin mevzuata, kurul kararlar\u0131na di\u011fer mevzuatlarda zorunlu k\u0131l\u0131nan s\u00fcrelere uygun \u015fekilde ve her hal\u00fck\u00e2rda yukar\u0131daki ama\u00e7lar ortadan kalkmad\u0131\u011f\u0131 m\u00fcddet\u00e7e i\u015flenecektir.<\/p>\n<p><b>7. Ki\u015fisel Verilerin Korunmas\u0131 Kanunu Kapsam\u0131nda Haklar\u0131n\u0131z:<\/b><\/p>\n<p class=\"p1\">\u201cKVKK\u201d Madde 11 uyar\u0131nca \u015firketimize ba\u015fvurarak;<span class=\"Apple-converted-space\">\u00a0<\/span><\/p>\n<ul class=\"ul1\">\n<li style=\"list-style-type: none;\">\n<ul class=\"ul1\">\n<li class=\"li1\">Ki\u015fisel Verilerinizin i\u015flenip i\u015flenmedi\u011fini \u00f6\u011frenme,<span class=\"Apple-converted-space\">\u00a0<\/span><\/li>\n<li class=\"li1\">Ki\u015fisel Verileriniz i\u015flenmi\u015fse buna ili\u015fkin bilgi talep etme,<span class=\"Apple-converted-space\">\u00a0<\/span><\/li>\n<li class=\"li1\">Ki\u015fisel Verilerinizin i\u015flenme amac\u0131n\u0131 ve bunlar\u0131n amac\u0131na uygun kullan\u0131l\u0131p kullan\u0131lmad\u0131\u011f\u0131n\u0131 \u00f6\u011frenme,<span class=\"Apple-converted-space\">\u00a0<\/span><\/li>\n<li class=\"li1\">Yurt i\u00e7inde veya yurt d\u0131\u015f\u0131nda Ki\u015fisel Verilerinizin aktar\u0131ld\u0131\u011f\u0131 \u00fc\u00e7\u00fcnc\u00fc ki\u015fileri bilme,<span class=\"Apple-converted-space\">\u00a0<\/span><\/li>\n<li class=\"li1\">Ki\u015fisel Verilerinizin eksik veya yanl\u0131\u015f i\u015flenmi\u015f olmas\u0131 h\u00e2linde bunlar\u0131n d\u00fczeltilmesini isteme,<\/li>\n<li class=\"li1\">Ama\u00e7, s\u00fcre ve me\u015fruiyet prensipleri d\u00e2hilinde de\u011ferlendirilmek \u00fczere Ki\u015fisel Verilerinizin i\u015flenmesini gerektiren sebeplerin ortadan kalkmas\u0131 halinde silinmesini veya yok edilmesini isteme,<span class=\"Apple-converted-space\">\u00a0<\/span><\/li>\n<li class=\"li1\">Ki\u015fisel Verilerinizin d\u00fczeltilmesi, silinmesi ya da yok edilmesi halinde bu i\u015flemlerin Ki\u015fisel Verilerin aktar\u0131ld\u0131\u011f\u0131 \u00fc\u00e7\u00fcnc\u00fc ki\u015filere bildirilmesini isteme,<span class=\"Apple-converted-space\">\u00a0<\/span><\/li>\n<li class=\"li1\">\u0130\u015flenen Ki\u015fisel Verilerinizin m\u00fcnhas\u0131ran otomatik sistemler vas\u0131tas\u0131yla analiz edilmesi durumunda aleyhinize bir sonucun ortaya \u00e7\u0131kmas\u0131 halinde bu sonuca itiraz etme,<\/li>\n<li class=\"li1\">Ki\u015fisel Verilerinizin kanuna ayk\u0131r\u0131 olarak i\u015flenmesi ve bu sebeple zarara u\u011framan\u0131z h\u00e2linde zarar\u0131n giderilmesini talep etme.<\/li>\n<\/ul>\n<\/li>\n<\/ul>\n<p class=\"p1\">haklar\u0131na sahipsiniz.<span class=\"Apple-converted-space\">\u00a0<\/span><\/p>\n<p class=\"p1\">Bu kapsamda; yukar\u0131daki haklar\u0131n\u0131za ili\u015fkin talebinizi, <a href=\"mailto:electroluxprofesyonel@hs02.kep.tr\">electroluxprofesyonel@hs02.kep.tr<\/a> e-posta adresimize g\u00fcvenli elektronik imzal\u0131 olarak yahut yukar\u0131da yer alan ve zaman zaman de\u011fi\u015febilecek olan posta adresimize, kimli\u011finizi tespit edici belgeler ve talep olunan di\u011fer bilgiler ile \u0131slak imzal\u0131 bir dilek\u00e7e ile elden teslim edebilir, iadeli taahh\u00fctl\u00fc posta veya noter arac\u0131l\u0131\u011f\u0131yla ya da KVKK\u2019da belirtilen di\u011fer y\u00f6ntemler ile g\u00f6nderebilirsiniz.<\/p>\n<p class=\"p1\">\u015eirketimiz, talebin niteli\u011fine g\u00f6re talebi en k\u0131sa s\u00fcrede ve en ge\u00e7 30 (otuz) g\u00fcn i\u00e7erisinde \u00fccretsiz olarak sonu\u00e7land\u0131racakt\u0131r. Taleplerinizin yerine getirilmesi sebebiyle bir maliyet do\u011fmas\u0131 h\u00e2linde yaln\u0131zca Ki\u015fisel Verileri Koruma Kurulunca ve Veri Sorumlusuna Ba\u015fvuru Usul ve Esaslar\u0131 Hakk\u0131nda Tebli\u011f\u2019de belirlenen tarifedeki \u00fccretleri sizden talep edebiliriz.<\/p>\n<p class=\"p1\"><a href=\"https:\/\/www.electroluxprofessional.com\/tr\/wp-content\/uploads\/2021\/06\/I\u0307lgili-Kis\u0327i-Bas\u0327vuru-Formu.docx\"><span class=\"s1\"><b>\u0130lgili Ki\u015fi Ba\u015fvuru Formu<\/b><\/span><\/a><\/p>\n<p>[\/vc_column_text][vc_empty_space][\/vc_column][\/vc_row]<\/p>\n","protected":false},"excerpt":{"rendered":"<p>[vc_row][vc_column][elx_heading font_container=&#8221;h1&#8243; font_size=&#8221;h2&#8243; text_color=&#8221;inherit&#8221; text_align=&#8221;text-center&#8221;]6698 SAYILI K\u0130\u015e\u0130SEL VER\u0130LER\u0130N KORUNMASI KANUNU UYARINCA K\u0130\u015e\u0130SEL VER\u0130 G\u0130ZL\u0130L\u0130K B\u0130LD\u0130R\u0130M\u0130 (AYDINLATMA METN\u0130)[\/elx_heading][vc_column_text] Electrolux Profesyonel Dayan\u0131kl\u0131 T\u00fcketim Mam\u00fclleri Sanayi Ve Ticaret Anonim \u015eirketi olarak, i\u015fbu \u201cKi\u015fisel Veri Gizlilik Bildirimi\u201d ile sizleri, internet sitemizi ziyaret etmeniz ve\/veya sitemiz arac\u0131l\u0131\u011f\u0131yla sunulan bilgi ve hizmetlerden yararlanman\u0131z s\u0131ras\u0131nda hangi ki\u015fisel verilerinizi i\u015fledi\u011fimiz, bu verileri hangi [&hellip;]<\/p>\n","protected":false},"author":64,"featured_media":0,"parent":0,"menu_order":0,"comment_status":"closed","ping_status":"closed","template":"","meta":{"footnotes":""},"class_list":["post-23614","page","type-page","status-publish","hentry"],"acf":[],"yoast_head":"<!-- This site is optimized with the Yoast SEO plugin v23.3 - https:\/\/yoast.com\/wordpress\/plugins\/seo\/ -->\n<title>Ayd\u0131nlatma Metni - Electrolux Professional T\u00fcrkiye<\/title>\n<meta name=\"robots\" content=\"index, follow, max-snippet:-1, max-image-preview:large, max-video-preview:-1\" \/>\n<link rel=\"canonical\" href=\"https:\/\/www.electroluxprofessional.com\/tr\/aydinlatma-metni\/\" \/>\n<meta property=\"og:locale\" content=\"tr_TR\" \/>\n<meta property=\"og:type\" content=\"article\" \/>\n<meta property=\"og:title\" content=\"Ayd\u0131nlatma Metni - Electrolux Professional T\u00fcrkiye\" \/>\n<meta property=\"og:description\" content=\"[vc_row][vc_column][elx_heading font_container=&#8221;h1&#8243; font_size=&#8221;h2&#8243; text_color=&#8221;inherit&#8221; text_align=&#8221;text-center&#8221;]6698 SAYILI K\u0130\u015e\u0130SEL VER\u0130LER\u0130N KORUNMASI KANUNU UYARINCA K\u0130\u015e\u0130SEL VER\u0130 G\u0130ZL\u0130L\u0130K B\u0130LD\u0130R\u0130M\u0130 (AYDINLATMA METN\u0130)[\/elx_heading][vc_column_text] Electrolux Profesyonel Dayan\u0131kl\u0131 T\u00fcketim Mam\u00fclleri Sanayi Ve Ticaret Anonim \u015eirketi olarak, i\u015fbu \u201cKi\u015fisel Veri Gizlilik Bildirimi\u201d ile sizleri, internet sitemizi ziyaret etmeniz ve\/veya sitemiz arac\u0131l\u0131\u011f\u0131yla sunulan bilgi ve hizmetlerden yararlanman\u0131z s\u0131ras\u0131nda hangi ki\u015fisel verilerinizi i\u015fledi\u011fimiz, bu verileri hangi [&hellip;]\" \/>\n<meta property=\"og:url\" content=\"https:\/\/www.electroluxprofessional.com\/tr\/aydinlatma-metni\/\" \/>\n<meta property=\"og:site_name\" content=\"Electrolux Professional T\u00fcrkiye\" \/>\n<meta name=\"twitter:card\" content=\"summary_large_image\" \/>\n<meta name=\"twitter:label1\" content=\"Tahmini okuma s\u00fcresi\" \/>\n\t<meta name=\"twitter:data1\" content=\"5 dakika\" \/>\n<script type=\"application\/ld+json\" class=\"yoast-schema-graph\">{\"@context\":\"https:\/\/schema.org\",\"@graph\":[{\"@type\":\"WebPage\",\"@id\":\"https:\/\/www.electroluxprofessional.com\/tr\/aydinlatma-metni\/\",\"url\":\"https:\/\/www.electroluxprofessional.com\/tr\/aydinlatma-metni\/\",\"name\":\"Ayd\u0131nlatma Metni - Electrolux Professional T\u00fcrkiye\",\"isPartOf\":{\"@id\":\"https:\/\/www.electroluxprofessional.com\/tr\/#website\"},\"datePublished\":\"2026-02-13T13:40:26+00:00\",\"dateModified\":\"2026-02-13T13:40:26+00:00\",\"breadcrumb\":{\"@id\":\"https:\/\/www.electroluxprofessional.com\/tr\/aydinlatma-metni\/#breadcrumb\"},\"inLanguage\":\"tr\",\"potentialAction\":[{\"@type\":\"ReadAction\",\"target\":[\"https:\/\/www.electroluxprofessional.com\/tr\/aydinlatma-metni\/\"]}]},{\"@type\":\"BreadcrumbList\",\"@id\":\"https:\/\/www.electroluxprofessional.com\/tr\/aydinlatma-metni\/#breadcrumb\",\"itemListElement\":[{\"@type\":\"ListItem\",\"position\":1,\"name\":\"Home\",\"item\":\"https:\/\/www.electroluxprofessional.com\/tr\/\"},{\"@type\":\"ListItem\",\"position\":2,\"name\":\"Ayd\u0131nlatma Metni\"}]},{\"@type\":\"WebSite\",\"@id\":\"https:\/\/www.electroluxprofessional.com\/tr\/#website\",\"url\":\"https:\/\/www.electroluxprofessional.com\/tr\/\",\"name\":\"Electrolux Professional T\u00fcrkiye\",\"description\":\"\",\"potentialAction\":[{\"@type\":\"SearchAction\",\"target\":{\"@type\":\"EntryPoint\",\"urlTemplate\":\"https:\/\/www.electroluxprofessional.com\/tr\/?src={search_term_string}\"},\"query-input\":\"required name=search_term_string\"}],\"inLanguage\":\"tr\"}]}<\/script>\n<!-- \/ Yoast SEO plugin. -->","yoast_head_json":{"title":"Ayd\u0131nlatma Metni - Electrolux Professional T\u00fcrkiye","robots":{"index":"index","follow":"follow","max-snippet":"max-snippet:-1","max-image-preview":"max-image-preview:large","max-video-preview":"max-video-preview:-1"},"canonical":"https:\/\/www.electroluxprofessional.com\/tr\/aydinlatma-metni\/","og_locale":"tr_TR","og_type":"article","og_title":"Ayd\u0131nlatma Metni - Electrolux Professional T\u00fcrkiye","og_description":"[vc_row][vc_column][elx_heading font_container=&#8221;h1&#8243; font_size=&#8221;h2&#8243; text_color=&#8221;inherit&#8221; text_align=&#8221;text-center&#8221;]6698 SAYILI K\u0130\u015e\u0130SEL VER\u0130LER\u0130N KORUNMASI KANUNU UYARINCA K\u0130\u015e\u0130SEL VER\u0130 G\u0130ZL\u0130L\u0130K B\u0130LD\u0130R\u0130M\u0130 (AYDINLATMA METN\u0130)[\/elx_heading][vc_column_text] Electrolux Profesyonel Dayan\u0131kl\u0131 T\u00fcketim Mam\u00fclleri Sanayi Ve Ticaret Anonim \u015eirketi olarak, i\u015fbu \u201cKi\u015fisel Veri Gizlilik Bildirimi\u201d ile sizleri, internet sitemizi ziyaret etmeniz ve\/veya sitemiz arac\u0131l\u0131\u011f\u0131yla sunulan bilgi ve hizmetlerden yararlanman\u0131z s\u0131ras\u0131nda hangi ki\u015fisel verilerinizi i\u015fledi\u011fimiz, bu verileri hangi [&hellip;]","og_url":"https:\/\/www.electroluxprofessional.com\/tr\/aydinlatma-metni\/","og_site_name":"Electrolux Professional T\u00fcrkiye","twitter_card":"summary_large_image","twitter_misc":{"Tahmini okuma s\u00fcresi":"5 dakika"},"schema":{"@context":"https:\/\/schema.org","@graph":[{"@type":"WebPage","@id":"https:\/\/www.electroluxprofessional.com\/tr\/aydinlatma-metni\/","url":"https:\/\/www.electroluxprofessional.com\/tr\/aydinlatma-metni\/","name":"Ayd\u0131nlatma Metni - Electrolux Professional T\u00fcrkiye","isPartOf":{"@id":"https:\/\/www.electroluxprofessional.com\/tr\/#website"},"datePublished":"2026-02-13T13:40:26+00:00","dateModified":"2026-02-13T13:40:26+00:00","breadcrumb":{"@id":"https:\/\/www.electroluxprofessional.com\/tr\/aydinlatma-metni\/#breadcrumb"},"inLanguage":"tr","potentialAction":[{"@type":"ReadAction","target":["https:\/\/www.electroluxprofessional.com\/tr\/aydinlatma-metni\/"]}]},{"@type":"BreadcrumbList","@id":"https:\/\/www.electroluxprofessional.com\/tr\/aydinlatma-metni\/#breadcrumb","itemListElement":[{"@type":"ListItem","position":1,"name":"Home","item":"https:\/\/www.electroluxprofessional.com\/tr\/"},{"@type":"ListItem","position":2,"name":"Ayd\u0131nlatma Metni"}]},{"@type":"WebSite","@id":"https:\/\/www.electroluxprofessional.com\/tr\/#website","url":"https:\/\/www.electroluxprofessional.com\/tr\/","name":"Electrolux Professional T\u00fcrkiye","description":"","potentialAction":[{"@type":"SearchAction","target":{"@type":"EntryPoint","urlTemplate":"https:\/\/www.electroluxprofessional.com\/tr\/?src={search_term_string}"},"query-input":"required name=search_term_string"}],"inLanguage":"tr"}]}},"_links":{"self":[{"href":"https:\/\/www.electroluxprofessional.com\/tr\/wp-json\/wp\/v2\/pages\/23614"}],"collection":[{"href":"https:\/\/www.electroluxprofessional.com\/tr\/wp-json\/wp\/v2\/pages"}],"about":[{"href":"https:\/\/www.electroluxprofessional.com\/tr\/wp-json\/wp\/v2\/types\/page"}],"author":[{"embeddable":true,"href":"https:\/\/www.electroluxprofessional.com\/tr\/wp-json\/wp\/v2\/users\/64"}],"replies":[{"embeddable":true,"href":"https:\/\/www.electroluxprofessional.com\/tr\/wp-json\/wp\/v2\/comments?post=23614"}],"version-history":[{"count":5,"href":"https:\/\/www.electroluxprofessional.com\/tr\/wp-json\/wp\/v2\/pages\/23614\/revisions"}],"predecessor-version":[{"id":23621,"href":"https:\/\/www.electroluxprofessional.com\/tr\/wp-json\/wp\/v2\/pages\/23614\/revisions\/23621"}],"wp:attachment":[{"href":"https:\/\/www.electroluxprofessional.com\/tr\/wp-json\/wp\/v2\/media?parent=23614"}],"curies":[{"name":"wp","href":"https:\/\/api.w.org\/{rel}","templated":true}]}}