{"id":23550,"date":"2026-01-13T11:44:43","date_gmt":"2026-01-13T11:44:43","guid":{"rendered":"https:\/\/www.electroluxprofessional.com\/tr\/?page_id=23550"},"modified":"2026-02-25T12:44:14","modified_gmt":"2026-02-25T12:44:14","slug":"e-xp-900-free-zone-induksiyon","status":"publish","type":"page","link":"https:\/\/www.electroluxprofessional.com\/tr\/e-xp-900-free-zone-induksiyon\/","title":{"rendered":"e-XP 900 Free-zone \u0130nd\u00fcksiyon"},"content":{"rendered":"<p>[vc_row el_id=&#8221;contact-us&#8221;][vc_column][elx_heading font_size=&#8221;h3&#8243; text_color=&#8221;inherit&#8221; text_align=&#8221;text-center&#8221;]e-XP Free-Zone \u0130nd\u00fcksiyon hakk\u0131nda<br \/>\ndaha fazla bilgi i\u00e7in bizimle ileti\u015fime ge\u00e7in.[\/elx_heading][elx_o2000_contact_us s=&#8221;Request for information: e-XP Free-zone Induction&#8221; request_type=&#8221;&#8221; container=&#8221;elxcontactus1466429401&#8243; r=&#8221;I would like to find out more about solutions for e-XP Free-zone Induction, please get in touch with me.&#8221;][\/vc_column][\/vc_row][vc_row css=&#8221;.vc_custom_1765469176393{margin-top: 150px !important;}&#8221; el_id=&#8221;products-filter&#8221;][vc_column][elx_heading font_size=&#8221;h3&#8243; text_color=&#8221;inherit&#8221; text_align=&#8221;text-center&#8221;]e-XP 900 Free-Zone \u0130nd\u00fcksiyon<br \/>\n\u00dcr\u00fcnlerinizi se\u00e7in[\/elx_heading][\/vc_column][\/vc_row]<\/p>\n","protected":false},"excerpt":{"rendered":"<p>[vc_row el_id=&#8221;contact-us&#8221;][vc_column][elx_heading font_size=&#8221;h3&#8243; text_color=&#8221;inherit&#8221; text_align=&#8221;text-center&#8221;]e-XP Free-Zone \u0130nd\u00fcksiyon hakk\u0131nda daha fazla bilgi i\u00e7in bizimle ileti\u015fime ge\u00e7in.[\/elx_heading][elx_o2000_contact_us s=&#8221;Request for information: e-XP Free-zone Induction&#8221; request_type=&#8221;&#8221; container=&#8221;elxcontactus1466429401&#8243; r=&#8221;I would like to find out more about solutions for e-XP Free-zone Induction, please get in touch with me.&#8221;][\/vc_column][\/vc_row][vc_row css=&#8221;.vc_custom_1765469176393{margin-top: 150px !important;}&#8221; el_id=&#8221;products-filter&#8221;][vc_column][elx_heading font_size=&#8221;h3&#8243; text_color=&#8221;inherit&#8221; text_align=&#8221;text-center&#8221;]e-XP 900 Free-Zone \u0130nd\u00fcksiyon \u00dcr\u00fcnlerinizi se\u00e7in[\/elx_heading][\/vc_column][\/vc_row]<\/p>\n","protected":false},"author":64,"featured_media":0,"parent":0,"menu_order":0,"comment_status":"closed","ping_status":"closed","template":"template-exp-ind.php","meta":{"footnotes":""},"class_list":["post-23550","page","type-page","status-publish","hentry"],"acf":[],"yoast_head":"<!-- This site is optimized with the Yoast SEO plugin v23.3 - https:\/\/yoast.com\/wordpress\/plugins\/seo\/ -->\n<title>e-XP 900 Free-zone \u0130nd\u00fcksiyon - Electrolux Professional T\u00fcrkiye<\/title>\n<meta name=\"description\" content=\"e-XP Free-Zone \u0130nd\u00fcksiyon\u2019u ke\u015ffedin: mutfakta s\u0131n\u0131rs\u0131z \u00f6zg\u00fcrl\u00fck, y\u00fcksek verimlilik ve kolay temizlik. G\u00fcvenilir ve emniyetli yap\u0131s\u0131yla, mutfa\u011f\u0131n\u0131z\u0131 d\u00f6n\u00fc\u015ft\u00fcrmeye haz\u0131r.\" \/>\n<meta name=\"robots\" content=\"index, follow, max-snippet:-1, max-image-preview:large, max-video-preview:-1\" \/>\n<link rel=\"canonical\" href=\"https:\/\/www.electroluxprofessional.com\/tr\/e-xp-900-free-zone-induksiyon\/\" \/>\n<meta property=\"og:locale\" content=\"tr_TR\" \/>\n<meta property=\"og:type\" content=\"article\" \/>\n<meta property=\"og:title\" content=\"e-XP 900 Free-zone \u0130nd\u00fcksiyon - Electrolux Professional T\u00fcrkiye\" \/>\n<meta property=\"og:description\" content=\"e-XP Free-Zone \u0130nd\u00fcksiyon\u2019u ke\u015ffedin: mutfakta s\u0131n\u0131rs\u0131z \u00f6zg\u00fcrl\u00fck, y\u00fcksek verimlilik ve kolay temizlik. G\u00fcvenilir ve emniyetli yap\u0131s\u0131yla, mutfa\u011f\u0131n\u0131z\u0131 d\u00f6n\u00fc\u015ft\u00fcrmeye haz\u0131r.\" \/>\n<meta property=\"og:url\" content=\"https:\/\/www.electroluxprofessional.com\/tr\/e-xp-900-free-zone-induksiyon\/\" \/>\n<meta property=\"og:site_name\" content=\"Electrolux Professional T\u00fcrkiye\" \/>\n<meta property=\"article:modified_time\" content=\"2026-02-25T12:44:14+00:00\" \/>\n<meta name=\"twitter:card\" content=\"summary_large_image\" \/>\n<meta name=\"twitter:label1\" content=\"Tahmini okuma s\u00fcresi\" \/>\n\t<meta name=\"twitter:data1\" content=\"1 dakika\" \/>\n<script type=\"application\/ld+json\" class=\"yoast-schema-graph\">{\"@context\":\"https:\/\/schema.org\",\"@graph\":[{\"@type\":\"WebPage\",\"@id\":\"https:\/\/www.electroluxprofessional.com\/tr\/e-xp-900-free-zone-induksiyon\/\",\"url\":\"https:\/\/www.electroluxprofessional.com\/tr\/e-xp-900-free-zone-induksiyon\/\",\"name\":\"e-XP 900 Free-zone \u0130nd\u00fcksiyon - Electrolux Professional T\u00fcrkiye\",\"isPartOf\":{\"@id\":\"https:\/\/www.electroluxprofessional.com\/tr\/#website\"},\"datePublished\":\"2026-01-13T11:44:43+00:00\",\"dateModified\":\"2026-02-25T12:44:14+00:00\",\"description\":\"e-XP Free-Zone \u0130nd\u00fcksiyon\u2019u ke\u015ffedin: mutfakta s\u0131n\u0131rs\u0131z \u00f6zg\u00fcrl\u00fck, y\u00fcksek verimlilik ve kolay temizlik. G\u00fcvenilir ve emniyetli yap\u0131s\u0131yla, mutfa\u011f\u0131n\u0131z\u0131 d\u00f6n\u00fc\u015ft\u00fcrmeye haz\u0131r.\",\"breadcrumb\":{\"@id\":\"https:\/\/www.electroluxprofessional.com\/tr\/e-xp-900-free-zone-induksiyon\/#breadcrumb\"},\"inLanguage\":\"tr\",\"potentialAction\":[{\"@type\":\"ReadAction\",\"target\":[\"https:\/\/www.electroluxprofessional.com\/tr\/e-xp-900-free-zone-induksiyon\/\"]}]},{\"@type\":\"BreadcrumbList\",\"@id\":\"https:\/\/www.electroluxprofessional.com\/tr\/e-xp-900-free-zone-induksiyon\/#breadcrumb\",\"itemListElement\":[{\"@type\":\"ListItem\",\"position\":1,\"name\":\"Home\",\"item\":\"https:\/\/www.electroluxprofessional.com\/tr\/\"},{\"@type\":\"ListItem\",\"position\":2,\"name\":\"e-XP 900 Free-zone \u0130nd\u00fcksiyon\"}]},{\"@type\":\"WebSite\",\"@id\":\"https:\/\/www.electroluxprofessional.com\/tr\/#website\",\"url\":\"https:\/\/www.electroluxprofessional.com\/tr\/\",\"name\":\"Electrolux Professional T\u00fcrkiye\",\"description\":\"\",\"potentialAction\":[{\"@type\":\"SearchAction\",\"target\":{\"@type\":\"EntryPoint\",\"urlTemplate\":\"https:\/\/www.electroluxprofessional.com\/tr\/?src={search_term_string}\"},\"query-input\":\"required name=search_term_string\"}],\"inLanguage\":\"tr\"}]}<\/script>\n<!-- \/ Yoast SEO plugin. -->","yoast_head_json":{"title":"e-XP 900 Free-zone \u0130nd\u00fcksiyon - Electrolux Professional T\u00fcrkiye","description":"e-XP Free-Zone \u0130nd\u00fcksiyon\u2019u ke\u015ffedin: mutfakta s\u0131n\u0131rs\u0131z \u00f6zg\u00fcrl\u00fck, y\u00fcksek verimlilik ve kolay temizlik. G\u00fcvenilir ve emniyetli yap\u0131s\u0131yla, mutfa\u011f\u0131n\u0131z\u0131 d\u00f6n\u00fc\u015ft\u00fcrmeye haz\u0131r.","robots":{"index":"index","follow":"follow","max-snippet":"max-snippet:-1","max-image-preview":"max-image-preview:large","max-video-preview":"max-video-preview:-1"},"canonical":"https:\/\/www.electroluxprofessional.com\/tr\/e-xp-900-free-zone-induksiyon\/","og_locale":"tr_TR","og_type":"article","og_title":"e-XP 900 Free-zone \u0130nd\u00fcksiyon - Electrolux Professional T\u00fcrkiye","og_description":"e-XP Free-Zone \u0130nd\u00fcksiyon\u2019u ke\u015ffedin: mutfakta s\u0131n\u0131rs\u0131z \u00f6zg\u00fcrl\u00fck, y\u00fcksek verimlilik ve kolay temizlik. G\u00fcvenilir ve emniyetli yap\u0131s\u0131yla, mutfa\u011f\u0131n\u0131z\u0131 d\u00f6n\u00fc\u015ft\u00fcrmeye haz\u0131r.","og_url":"https:\/\/www.electroluxprofessional.com\/tr\/e-xp-900-free-zone-induksiyon\/","og_site_name":"Electrolux Professional T\u00fcrkiye","article_modified_time":"2026-02-25T12:44:14+00:00","twitter_card":"summary_large_image","twitter_misc":{"Tahmini okuma s\u00fcresi":"1 dakika"},"schema":{"@context":"https:\/\/schema.org","@graph":[{"@type":"WebPage","@id":"https:\/\/www.electroluxprofessional.com\/tr\/e-xp-900-free-zone-induksiyon\/","url":"https:\/\/www.electroluxprofessional.com\/tr\/e-xp-900-free-zone-induksiyon\/","name":"e-XP 900 Free-zone \u0130nd\u00fcksiyon - Electrolux Professional T\u00fcrkiye","isPartOf":{"@id":"https:\/\/www.electroluxprofessional.com\/tr\/#website"},"datePublished":"2026-01-13T11:44:43+00:00","dateModified":"2026-02-25T12:44:14+00:00","description":"e-XP Free-Zone \u0130nd\u00fcksiyon\u2019u ke\u015ffedin: mutfakta s\u0131n\u0131rs\u0131z \u00f6zg\u00fcrl\u00fck, y\u00fcksek verimlilik ve kolay temizlik. G\u00fcvenilir ve emniyetli yap\u0131s\u0131yla, mutfa\u011f\u0131n\u0131z\u0131 d\u00f6n\u00fc\u015ft\u00fcrmeye haz\u0131r.","breadcrumb":{"@id":"https:\/\/www.electroluxprofessional.com\/tr\/e-xp-900-free-zone-induksiyon\/#breadcrumb"},"inLanguage":"tr","potentialAction":[{"@type":"ReadAction","target":["https:\/\/www.electroluxprofessional.com\/tr\/e-xp-900-free-zone-induksiyon\/"]}]},{"@type":"BreadcrumbList","@id":"https:\/\/www.electroluxprofessional.com\/tr\/e-xp-900-free-zone-induksiyon\/#breadcrumb","itemListElement":[{"@type":"ListItem","position":1,"name":"Home","item":"https:\/\/www.electroluxprofessional.com\/tr\/"},{"@type":"ListItem","position":2,"name":"e-XP 900 Free-zone \u0130nd\u00fcksiyon"}]},{"@type":"WebSite","@id":"https:\/\/www.electroluxprofessional.com\/tr\/#website","url":"https:\/\/www.electroluxprofessional.com\/tr\/","name":"Electrolux Professional T\u00fcrkiye","description":"","potentialAction":[{"@type":"SearchAction","target":{"@type":"EntryPoint","urlTemplate":"https:\/\/www.electroluxprofessional.com\/tr\/?src={search_term_string}"},"query-input":"required name=search_term_string"}],"inLanguage":"tr"}]}},"_links":{"self":[{"href":"https:\/\/www.electroluxprofessional.com\/tr\/wp-json\/wp\/v2\/pages\/23550"}],"collection":[{"href":"https:\/\/www.electroluxprofessional.com\/tr\/wp-json\/wp\/v2\/pages"}],"about":[{"href":"https:\/\/www.electroluxprofessional.com\/tr\/wp-json\/wp\/v2\/types\/page"}],"author":[{"embeddable":true,"href":"https:\/\/www.electroluxprofessional.com\/tr\/wp-json\/wp\/v2\/users\/64"}],"replies":[{"embeddable":true,"href":"https:\/\/www.electroluxprofessional.com\/tr\/wp-json\/wp\/v2\/comments?post=23550"}],"version-history":[{"count":14,"href":"https:\/\/www.electroluxprofessional.com\/tr\/wp-json\/wp\/v2\/pages\/23550\/revisions"}],"predecessor-version":[{"id":23638,"href":"https:\/\/www.electroluxprofessional.com\/tr\/wp-json\/wp\/v2\/pages\/23550\/revisions\/23638"}],"wp:attachment":[{"href":"https:\/\/www.electroluxprofessional.com\/tr\/wp-json\/wp\/v2\/media?parent=23550"}],"curies":[{"name":"wp","href":"https:\/\/api.w.org\/{rel}","templated":true}]}}