{"id":23041,"date":"2025-11-26T13:43:54","date_gmt":"2025-11-26T13:43:54","guid":{"rendered":"https:\/\/www.electroluxprofessional.com\/tr\/?page_id=23041"},"modified":"2026-01-26T06:52:46","modified_gmt":"2026-01-26T06:52:46","slug":"kurutma-kabinleri","status":"publish","type":"page","link":"https:\/\/www.electroluxprofessional.com\/tr\/ticari-camasirhane-ekipmanlari\/kurutma-kabinleri\/","title":{"rendered":"Line 6000 Kurutma Kabinleri"},"content":{"rendered":"<p>[vc_row full_width=&#8221;electroluxpro-full-width-no-padding&#8221;][vc_column][elx_image_block background_image=&#8221;23037&#8243; minimum_height=&#8221;400px&#8221;][vc_empty_space][\/vc_column][\/vc_row][vc_row][vc_column][elx_text_image tag_title=&#8221;h1&#8243; style_image=&#8221;image_square&#8221; bg_row=&#8221;bg-download-white&#8221; title=&#8221;Line 6000 Kurutma Kabinleri&#8221; lists=&#8221;%5B%7B%7D%5D&#8221; values=&#8221;%5B%7B%22tag_icon_title%22%3A%22h4%22%7D%5D&#8221; link=&#8221;url:%23products|title:%C3%9CR%C3%9CNLERE%20G%C4%B0D%C4%B0N&#8221; single_image=&#8221;18337&#8243;]Hacimli ve hassas \u00fcr\u00fcnler i\u00e7in h\u0131zl\u0131 ve verimli kurutma.<\/p>\n<p>Kurutma s\u00fcrecinizi Line 6000 Kurutma Kabinleri ile geli\u015ftirin; \u00e7e\u015fitli ni\u015f \u00fcr\u00fcnleri g\u00fcvenli ve etkili \u015fekilde kurutur.[\/elx_text_image][vc_empty_space][\/vc_column][\/vc_row][vc_row full_width=&#8221;electroluxpro-full-width-no-padding&#8221;][vc_column][elx_features_download title=&#8221;&#8221; title_position=&#8221;top&#8221; bg_row=&#8221;bg-row-sustainability-green&#8221; values=&#8221;%5B%7B%22select_type%22%3A%22link%22%7D%5D&#8221; discover=&#8221;%5B%7B%7D%5D&#8221; features=&#8221;%5B%7B%22icon_electroluxpro%22%3A%22elx-icon%20icon-40-energy-savings-white%22%2C%22title_icon%22%3A%22Enerji%20tasarrufu%22%2C%22tag_icon_title%22%3A%22h4%22%2C%22text_icon%22%3A%22Is%C4%B1%20Pompas%C4%B1%20teknolojisi%20ve%20otomatik%20durdurma%20programlar%C4%B1%20sayesinde%20i%C5%9Fletme%20maliyetlerinde%20%2540%E2%80%99a%20varan%20tasarruf%20sa%C4%9Flay%C4%B1n.%22%7D%5D&#8221;][\/elx_features_download][\/vc_column][\/vc_row][vc_row full_width=&#8221;electroluxpro-full-width-no-padding&#8221;][vc_column][elx_features_download title=&#8221;Kesintisiz Kurutma Konforu&#8221; class_title=&#8221;h2&#8243; title_download=&#8221;\u0130ndirin&#8221; title_discover=&#8221;Ke\u015ffedin&#8221; bg_discover_color=&#8221;bg-download-white&#8221; link_discover_color=&#8221;download-text-blue&#8221; title_position=&#8221;top&#8221; bg_row=&#8221;bg-row-light-blue&#8221; values=&#8221;%5B%7B%22select_type%22%3A%22link%22%2C%22link_download%22%3A%22url%3Ahttps%253A%252F%252Ftools.electroluxprofessional.com%252FMirror%252FDoc%252FELS%252FBRO%252FEPR-Drying%252520Cabinets%252520Leaflet-ENG-LR.pdf%7Ctitle%3ALine%25206000%2520Kurutma%2520Kabin%2520Bro%25C5%259F%25C3%25BCr%25C3%25BC%2520(EN)%7Ctarget%3A_blank%22%2C%22label_pride_document%22%3A%22Line%206000%20Drying%20Cabinets%22%2C%22document_type%22%3A%22brochures%22%2C%22br_document_number%22%3A%22A0115%22%7D%2C%7B%22select_type%22%3A%22link%22%2C%22link_download%22%3A%22url%3Ahttps%253A%252F%252Ftools.electroluxprofessional.com%252FMirror%252FDoc%252FELS%252FBRO%252FEPR_Line%2525206000%252520Washers%252520%2526%252520Dryers%252520brochure-01072025_EN.pdf%7Ctitle%3ALine%25206000%2520Y%25C4%25B1kama%2520ve%2520Kurutma%2520Serisi%2520Bro%25C5%259F%25C3%25BCr%2520(EN)%7Ctarget%3A_blank%22%2C%22label_pride_document%22%3A%22Line%206000%20Washers%20%26%20Dryers%20brochure%22%2C%22document_type%22%3A%22brochures%22%2C%22br_document_number%22%3A%22A0109%22%7D%5D&#8221; discover=&#8221;%5B%7B%22link_discover%22%3A%22url%3Ahttps%253A%252F%252Fwww.electroluxprofessional.com%252Ftr%252Fkucuk-isletmeler-sanayi-tipi-camasir-makinesi%252F%7Ctitle%3AK%25C3%25BC%25C3%25A7%25C3%25BCk%2520i%25C5%259Fletme%2520i%25C3%25A7in%2520sanayi%2520tip%2520%25C3%25A7ama%25C5%259F%25C4%25B1r%2520y%25C4%25B1kama%2520makinesi%2520nas%25C4%25B1l%2520se%25C3%25A7ilir%253F%7Ctarget%3A_blank%22%7D%2C%7B%22link_discover%22%3A%22url%3Ahttps%253A%252F%252Fwww.electroluxprofessional.com%252Ftr%252Fsurdurulebilir-temizlik-urunleri%252F%7Ctitle%3ADeterjan%2520ve%2520temizlik%2520%25C3%25BCr%25C3%25BCnlerinizin%2520i%25C3%25A7inde%2520neler%2520var%2520biliyor%2520musunuz%253F%7Ctarget%3A_blank%22%7D%2C%7B%22link_discover%22%3A%22url%3Ahttps%253A%252F%252Fwww.electroluxprofessional.com%252Ftr%252Fmusteri-hizmetleri%252F%7Ctitle%3AEssentia%253A%2520M%25C3%25BC%25C5%259Fteri%2520Hizmetlerinin%2520Kalbi%7Ctarget%3A_blank%22%7D%5D&#8221; features=&#8221;%5B%7B%22icon_electroluxpro%22%3A%22elx-icon%20icon-circle-flexibility-blue%22%2C%22title_icon%22%3A%22Ola%C4%9Fan%C3%BCst%C3%BC%20esneklik%22%2C%22tag_icon_title%22%3A%22h4%22%2C%22text_icon%22%3A%22Kayak%20k%C4%B1yafetlerinden%20ipe%C4%9Fe%20kadar%20her%20%C5%9Feyi%20tek%20bir%20kabinde%20kurutabilirsiniz%22%7D%2C%7B%22icon_electroluxpro%22%3A%22elx-icon%20icon-circle-time-hand-blue%22%2C%22title_icon%22%3A%22H%C4%B1zl%C4%B1%20kurutma%20s%C3%BCreleri%22%2C%22tag_icon_title%22%3A%22h4%22%2C%22text_icon%22%3A%226%20kg%20a%C4%9F%C4%B1rl%C4%B1%C4%9F%C4%B1ndaki%20pamuklu%20giysileri%2045%20dakikadan%20az%20bir%20s%C3%BCrede%20kurutun%22%7D%2C%7B%22icon_electroluxpro%22%3A%22elx-icon%20icon-circle-easy-blue%22%2C%22title_icon%22%3A%22Kolay%20ve%20verimli%20kullan%C4%B1m%22%2C%22tag_icon_title%22%3A%22h4%22%2C%22text_icon%22%3A%22Her%20kilogram%20%C3%A7ama%C5%9F%C4%B1r%20i%C3%A7in%20yaln%C4%B1zca%200%2C33%20kWh%20enerji%20t%C3%BCketir%22%7D%5D&#8221;][\/elx_features_download][vc_empty_space height=&#8221;40px&#8221;][\/vc_column][\/vc_row][vc_row][vc_column][elx_text_image style_image=&#8221;image_square&#8221; image_position=&#8221;image_left&#8221; bg_row=&#8221;bg-download-white&#8221; title=&#8221;Ola\u011fan\u00fcst\u00fc esneklik&#8221; lists=&#8221;%5B%7B%7D%5D&#8221; values=&#8221;%5B%7B%22tag_icon_title%22%3A%22h4%22%7D%5D&#8221; single_image=&#8221;23038&#8243;]\u0130pek, y\u00fcn ve kadife gibi hassas kuma\u015flar, mekanik kurutma i\u015flemiyle zarar g\u00f6rebilir. Line 6000 Kurutma Kabinleri ise bu kuma\u015flardan outdoor giysilere, kayak ve da\u011fc\u0131l\u0131k ekipmanlar\u0131na kadar her \u015feyi g\u00fcvenle kurutma imk\u00e2n\u0131 sunar. \u00c7oklu konut \u00e7ama\u015f\u0131rhaneleri, cadde \u00fczeri \u00e7ama\u015f\u0131rhaneler ve oteller i\u00e7in <strong>ola\u011fan\u00fcst\u00fc esneklik<\/strong> sa\u011flar.<\/p>\n<p>Ayr\u0131ca okullar ve kre\u015fler gibi <strong>\u00f6zel uygulamalar i\u00e7in<\/strong>, in\u015faat ve itfaiye gibi a\u00e7\u0131k hava \u00e7al\u0131\u015fma ortamlar\u0131nda da profesyonel kurutma \u00e7\u00f6z\u00fcm\u00fc sunar.[\/elx_text_image][\/vc_column][\/vc_row][vc_row][vc_column][elx_text_image style_image=&#8221;image_square&#8221; bg_row=&#8221;bg-download-white&#8221; title=&#8221;H\u0131zl\u0131 Kurutma S\u00fcreleri&#8221; lists=&#8221;%5B%7B%7D%5D&#8221; values=&#8221;%5B%7B%22tag_icon_title%22%3A%22h4%22%7D%5D&#8221; single_image=&#8221;23039&#8243;]Line 6000 Kurutma Kabinleri, 6 kg pamuklu \u00e7ama\u015f\u0131r\u0131 45 dakikadan k\u0131sa s\u00fcrede kurutabilir. Geni\u015f boyut se\u00e7enekleri ve <strong>KKD (Ki\u015fisel Koruyucu Donan\u0131m)<\/strong>, eldiven ve ayakkab\u0131 i\u00e7in aksesuarlarla, ayn\u0131 d\u00f6ng\u00fcde birden fazla \u00fcr\u00fcn\u00fc kurutma imk\u00e2n\u0131 sunar.<\/p>\n<p>T\u00fcm \u00fcniteler, istenen nem seviyesine ula\u015f\u0131ld\u0131\u011f\u0131nda <strong>kurutma i\u015flemini otomatik olarak durduracak<\/strong> \u015fekilde programlanabilir. Bu sayede d\u00f6ng\u00fc s\u00fcreleri ve i\u015fletme maliyetleri minimuma indirilir.[\/elx_text_image][\/vc_column][\/vc_row][vc_row][vc_column][elx_text_image style_image=&#8221;image_square&#8221; image_position=&#8221;image_left&#8221; bg_row=&#8221;bg-download-white&#8221; title=&#8221;Kolay ve verimli kullan\u0131m&#8221; lists=&#8221;%5B%7B%7D%5D&#8221; values=&#8221;%5B%7B%22tag_icon_title%22%3A%22h4%22%7D%5D&#8221; single_image=&#8221;23040&#8243;]Line 6000 Kurutma Kabinleri, daha <strong>s\u00fcrd\u00fcr\u00fclebilir bir \u00e7ama\u015f\u0131rhane ortam\u0131<\/strong> sa\u011flamak i\u00e7in \u0131s\u0131 pompas\u0131 teknolojisine sahip d\u00f6rt farkl\u0131 modelle sunulur ve i\u015fletme maliyetlerinde %40\u2019a varan tasarruf imk\u00e2n\u0131 sa\u011flar.<\/p>\n<p>Her kabin, y\u00fck tamamen kurudu\u011funda otomatik olarak duran programlarla donat\u0131lm\u0131\u015ft\u0131r. Bu \u00f6zellik, verimlili\u011fi art\u0131r\u0131r, i\u015fletme giderlerini azalt\u0131r ve \u00e7evreye katk\u0131da bulunur.[\/elx_text_image][vc_empty_space height=&#8221;50px&#8221;][\/vc_column][\/vc_row][vc_row css=&#8221;.vc_custom_1705481714321{background-color: #e9eff5 !important;}&#8221;][vc_column][elx_heading text_color=&#8221;inherit&#8221; text_align=&#8221;text-left&#8221;]Kurutma kabinlerin kullan\u0131ld\u0131\u011f\u0131 alanlar[\/elx_heading][vc_empty_space][\/vc_column][\/vc_row][vc_row css=&#8221;.vc_custom_1705481674228{background-color: #e9eff5 !important;}&#8221;][vc_column width=&#8221;1\/3&#8243;][elx_simple_link_block link=&#8221;url:https%3A%2F%2Fwww.electroluxprofessional.com%2Ftr%2Fisletmenize-yonelik-cozumler%2Fself-servis-camasirhaneler%2Fortak-kullanimli-camasirhane%2F|title:Ortak%20kullan%C4%B1ml%C4%B1%20%C3%A7ama%C5%9F%C4%B1rhane|target:_blank&#8221; text_align=&#8221;text-left&#8221; text_color=&#8221;inherit&#8221; background_color=&#8221;inherit&#8221; background_hover_color=&#8221;darker-hover&#8221; extra_class=&#8221;&#8221; reveal_effect=&#8221;&#8221; reveal_duration=&#8221;&#8221; reveal_delay=&#8221;&#8221;][vc_single_image image=&#8221;17841&#8243; img_size=&#8221;350&#215;350&#8243;][elx_heading text_color=&#8221;inherit&#8221;]Toplu Konutlar[\/elx_heading][vc_column_text]Kirac\u0131lara h\u0131zl\u0131, zahmetsiz ve \u00e7evre dostu bir \u00e7ama\u015f\u0131r deneyimi sunmak i\u00e7in idealdir. Enerji tasarruflu makineler ve y\u00fcksek kapasiteli kurutucularla konforu art\u0131r\u0131n.[\/vc_column_text][\/elx_simple_link_block][\/vc_column][vc_column width=&#8221;1\/3&#8243;][elx_simple_link_block link=&#8221;url:https%3A%2F%2Fwww.electroluxprofessional.com%2Fus%2Fon-premise-laundry%2F|target:_blank&#8221; text_align=&#8221;text-left&#8221; text_color=&#8221;inherit&#8221; background_color=&#8221;inherit&#8221; background_hover_color=&#8221;darker-hover&#8221; extra_class=&#8221;&#8221; reveal_effect=&#8221;&#8221; reveal_duration=&#8221;&#8221; reveal_delay=&#8221;&#8221;][vc_single_image image=&#8221;17707&#8243; img_size=&#8221;350&#215;350&#8243;][elx_heading text_color=&#8221;inherit&#8221;]Kurumsal \u00c7ama\u015f\u0131rhane[\/elx_heading][vc_column_text]Otel, spor salonu veya sa\u011fl\u0131k kurulu\u015flar\u0131nda, g\u00fcvenilir ve d\u00fc\u015f\u00fck bak\u0131m gerektiren makinelerle \u00e7ama\u015f\u0131rlar\u0131 kolayca temizleyip kurutun. Bekleme s\u00fcrelerini ortadan kald\u0131r\u0131n, tam hijyen sa\u011flay\u0131n.[\/vc_column_text][\/elx_simple_link_block][\/vc_column][vc_column width=&#8221;1\/3&#8243;][elx_simple_link_block link=&#8221;url:https%3A%2F%2Fwww.electroluxprofessional.com%2Ftr%2Fisletmenize-yonelik-cozumler%2Fitfaiyeciler%2F|title:%C4%B0tfaiyeciler|target:_blank&#8221; text_align=&#8221;text-left&#8221; text_color=&#8221;inherit&#8221; background_color=&#8221;inherit&#8221; background_hover_color=&#8221;darker-hover&#8221; extra_class=&#8221;&#8221; reveal_effect=&#8221;&#8221; reveal_duration=&#8221;&#8221; reveal_delay=&#8221;&#8221;][vc_single_image image=&#8221;13843&#8243; img_size=&#8221;350&#215;350&#8243;][elx_heading text_color=&#8221;inherit&#8221;]\u0130tfaiye[\/elx_heading][vc_column_text]Koruyucu ekipman ve \u00fcniformalar\u0131, kanserojen ve toksik maddelere maruz kald\u0131ktan sonra g\u00fcvenle temizlemek i\u00e7in kullan\u0131l\u0131r.[\/vc_column_text][\/elx_simple_link_block][\/vc_column][\/vc_row][vc_row el_id=&#8221;products_drying&#8221;][vc_column][vc_empty_space][elx_heading text_color=&#8221;inherit&#8221; text_align=&#8221;text-center&#8221;]T\u00fcm Line 6000 kurutma kabin serisini ke\u015ffedin[\/elx_heading][\/vc_column][\/vc_row][vc_row el_id=&#8221;products&#8221;][vc_column][\/vc_column][\/vc_row][vc_row][vc_column][vc_empty_space height=&#8221;20px&#8221;][elx_heading text_color=&#8221;inherit&#8221; text_align=&#8221;text-center&#8221;]Kurutma kabinleriyle ilgili detaylar i\u00e7in bizimle ileti\u015fime ge\u00e7in[\/elx_heading][elx_o2000_contact_us][vc_empty_space height=&#8221;50px&#8221;][\/vc_column][\/vc_row][vc_row custom_color_row=&#8221;bg-row-light-blue&#8221;][vc_column width=&#8221;1\/4&#8243;][vc_empty_space][vc_single_image image=&#8221;9509&#8243; img_size=&#8221;150&#8243; alignment=&#8221;center&#8221;][\/vc_column][vc_column width=&#8221;3\/4&#8243;][elx_features_download title=&#8221;Essentia: M\u00fc\u015fteri Hizmetlerinin Kalbi&#8221; title_download=&#8221;&#8221; bg_row=&#8221;bg-row-light-blue&#8221; values=&#8221;%5B%7B%22select_type%22%3A%22link%22%2C%22link_download%22%3A%22url%3Ahttps%253A%252F%252Fwww.electroluxprofessional.com%252Fwp-content%252Fuploads%252F2022%252F01%252FCLF_CLF-9JE00193_1_5_1_5_EPR_Essentia_Service-agreements_2020_ENG_LR.pdf%7Ctitle%3AEssentia&#8217;y%25C4%25B1%2520ke%25C5%259Ffedin%2520(EN)%7Ctarget%3A_blank%22%7D%5D&#8221; discover=&#8221;%5B%7B%7D%5D&#8221; features=&#8221;%5B%7B%22tag_icon_title%22%3A%22h4%22%7D%5D&#8221;]\u0130htiyac\u0131n\u0131z olan deste\u011fi sa\u011fl\u0131yor, s\u00fcre\u00e7lerinizi g\u00fcvenilir bir servis a\u011f\u0131, \u00f6zel olarak tasarlanm\u0131\u015f hizmetler ve yenilik\u00e7i teknolojiyle titizlikle y\u00f6netiyor.[\/elx_features_download][\/vc_column][\/vc_row]<\/p>\n","protected":false},"excerpt":{"rendered":"<p>[vc_row full_width=&#8221;electroluxpro-full-width-no-padding&#8221;][vc_column][elx_image_block background_image=&#8221;23037&#8243; minimum_height=&#8221;400px&#8221;][vc_empty_space][\/vc_column][\/vc_row][vc_row][vc_column][elx_text_image tag_title=&#8221;h1&#8243; style_image=&#8221;image_square&#8221; bg_row=&#8221;bg-download-white&#8221; title=&#8221;Line 6000 Kurutma Kabinleri&#8221; lists=&#8221;%5B%7B%7D%5D&#8221; values=&#8221;%5B%7B%22tag_icon_title%22%3A%22h4%22%7D%5D&#8221; link=&#8221;url:%23products|title:%C3%9CR%C3%9CNLERE%20G%C4%B0D%C4%B0N&#8221; single_image=&#8221;18337&#8243;]Hacimli ve hassas \u00fcr\u00fcnler i\u00e7in h\u0131zl\u0131 ve verimli kurutma. Kurutma s\u00fcrecinizi Line 6000 Kurutma Kabinleri ile geli\u015ftirin; \u00e7e\u015fitli ni\u015f \u00fcr\u00fcnleri g\u00fcvenli ve etkili \u015fekilde kurutur.[\/elx_text_image][vc_empty_space][\/vc_column][\/vc_row][vc_row full_width=&#8221;electroluxpro-full-width-no-padding&#8221;][vc_column][elx_features_download title=&#8221;&#8221; title_position=&#8221;top&#8221; bg_row=&#8221;bg-row-sustainability-green&#8221; values=&#8221;%5B%7B%22select_type%22%3A%22link%22%7D%5D&#8221; discover=&#8221;%5B%7B%7D%5D&#8221; features=&#8221;%5B%7B%22icon_electroluxpro%22%3A%22elx-icon%20icon-40-energy-savings-white%22%2C%22title_icon%22%3A%22Enerji%20tasarrufu%22%2C%22tag_icon_title%22%3A%22h4%22%2C%22text_icon%22%3A%22Is%C4%B1%20Pompas%C4%B1%20teknolojisi%20ve%20otomatik%20durdurma%20programlar%C4%B1%20sayesinde%20i%C5%9Fletme%20maliyetlerinde%20%2540%E2%80%99a%20varan%20tasarruf%20sa%C4%9Flay%C4%B1n.%22%7D%5D&#8221;][\/elx_features_download][\/vc_column][\/vc_row][vc_row full_width=&#8221;electroluxpro-full-width-no-padding&#8221;][vc_column][elx_features_download title=&#8221;Kesintisiz Kurutma Konforu&#8221; class_title=&#8221;h2&#8243; title_download=&#8221;\u0130ndirin&#8221; title_discover=&#8221;Ke\u015ffedin&#8221; bg_discover_color=&#8221;bg-download-white&#8221; link_discover_color=&#8221;download-text-blue&#8221; [&hellip;]<\/p>\n","protected":false},"author":64,"featured_media":0,"parent":2006,"menu_order":0,"comment_status":"closed","ping_status":"closed","template":"","meta":{"footnotes":""},"class_list":["post-23041","page","type-page","status-publish","hentry"],"acf":[],"yoast_head":"<!-- This site is optimized with the Yoast SEO plugin v23.3 - https:\/\/yoast.com\/wordpress\/plugins\/seo\/ -->\n<title>Line 6000 Kurutma Kabinleri - Electrolux Professional T\u00fcrkiye<\/title>\n<meta name=\"description\" content=\"Kurutma s\u00fcrecinizi Line 6000 Kurutma Kabinleri ile geli\u015ftirin; \u00e7e\u015fitli ni\u015f \u00fcr\u00fcnleri g\u00fcvenli ve etkili \u015fekilde kurutur\" \/>\n<meta name=\"robots\" content=\"index, follow, max-snippet:-1, max-image-preview:large, max-video-preview:-1\" \/>\n<link rel=\"canonical\" href=\"https:\/\/www.electroluxprofessional.com\/tr\/ticari-camasirhane-ekipmanlari\/kurutma-kabinleri\/\" \/>\n<meta property=\"og:locale\" content=\"tr_TR\" \/>\n<meta property=\"og:type\" content=\"article\" \/>\n<meta property=\"og:title\" content=\"Line 6000 Kurutma Kabinleri - Electrolux Professional T\u00fcrkiye\" \/>\n<meta property=\"og:description\" content=\"Kurutma s\u00fcrecinizi Line 6000 Kurutma Kabinleri ile geli\u015ftirin; \u00e7e\u015fitli ni\u015f \u00fcr\u00fcnleri g\u00fcvenli ve etkili \u015fekilde kurutur\" \/>\n<meta property=\"og:url\" content=\"https:\/\/www.electroluxprofessional.com\/tr\/ticari-camasirhane-ekipmanlari\/kurutma-kabinleri\/\" \/>\n<meta property=\"og:site_name\" content=\"Electrolux Professional T\u00fcrkiye\" \/>\n<meta property=\"article:modified_time\" content=\"2026-01-26T06:52:46+00:00\" \/>\n<meta name=\"twitter:card\" content=\"summary_large_image\" \/>\n<meta name=\"twitter:label1\" content=\"Tahmini okuma s\u00fcresi\" \/>\n\t<meta name=\"twitter:data1\" content=\"3 dakika\" \/>\n<script type=\"application\/ld+json\" class=\"yoast-schema-graph\">{\"@context\":\"https:\/\/schema.org\",\"@graph\":[{\"@type\":\"WebPage\",\"@id\":\"https:\/\/www.electroluxprofessional.com\/tr\/ticari-camasirhane-ekipmanlari\/kurutma-kabinleri\/\",\"url\":\"https:\/\/www.electroluxprofessional.com\/tr\/ticari-camasirhane-ekipmanlari\/kurutma-kabinleri\/\",\"name\":\"Line 6000 Kurutma Kabinleri - Electrolux Professional T\u00fcrkiye\",\"isPartOf\":{\"@id\":\"https:\/\/www.electroluxprofessional.com\/tr\/#website\"},\"datePublished\":\"2025-11-26T13:43:54+00:00\",\"dateModified\":\"2026-01-26T06:52:46+00:00\",\"description\":\"Kurutma s\u00fcrecinizi Line 6000 Kurutma Kabinleri ile geli\u015ftirin; \u00e7e\u015fitli ni\u015f \u00fcr\u00fcnleri g\u00fcvenli ve etkili \u015fekilde kurutur\",\"breadcrumb\":{\"@id\":\"https:\/\/www.electroluxprofessional.com\/tr\/ticari-camasirhane-ekipmanlari\/kurutma-kabinleri\/#breadcrumb\"},\"inLanguage\":\"tr\",\"potentialAction\":[{\"@type\":\"ReadAction\",\"target\":[\"https:\/\/www.electroluxprofessional.com\/tr\/ticari-camasirhane-ekipmanlari\/kurutma-kabinleri\/\"]}]},{\"@type\":\"BreadcrumbList\",\"@id\":\"https:\/\/www.electroluxprofessional.com\/tr\/ticari-camasirhane-ekipmanlari\/kurutma-kabinleri\/#breadcrumb\",\"itemListElement\":[{\"@type\":\"ListItem\",\"position\":1,\"name\":\"Home\",\"item\":\"https:\/\/www.electroluxprofessional.com\/tr\/\"},{\"@type\":\"ListItem\",\"position\":2,\"name\":\"\u00c7ama\u015f\u0131rhane\",\"item\":\"https:\/\/www.electroluxprofessional.com\/tr\/ticari-camasirhane-ekipmanlari\/\"},{\"@type\":\"ListItem\",\"position\":3,\"name\":\"Line 6000 Kurutma Kabinleri\"}]},{\"@type\":\"WebSite\",\"@id\":\"https:\/\/www.electroluxprofessional.com\/tr\/#website\",\"url\":\"https:\/\/www.electroluxprofessional.com\/tr\/\",\"name\":\"Electrolux Professional T\u00fcrkiye\",\"description\":\"\",\"potentialAction\":[{\"@type\":\"SearchAction\",\"target\":{\"@type\":\"EntryPoint\",\"urlTemplate\":\"https:\/\/www.electroluxprofessional.com\/tr\/?src={search_term_string}\"},\"query-input\":\"required name=search_term_string\"}],\"inLanguage\":\"tr\"}]}<\/script>\n<!-- \/ Yoast SEO plugin. -->","yoast_head_json":{"title":"Line 6000 Kurutma Kabinleri - Electrolux Professional T\u00fcrkiye","description":"Kurutma s\u00fcrecinizi Line 6000 Kurutma Kabinleri ile geli\u015ftirin; \u00e7e\u015fitli ni\u015f \u00fcr\u00fcnleri g\u00fcvenli ve etkili \u015fekilde kurutur","robots":{"index":"index","follow":"follow","max-snippet":"max-snippet:-1","max-image-preview":"max-image-preview:large","max-video-preview":"max-video-preview:-1"},"canonical":"https:\/\/www.electroluxprofessional.com\/tr\/ticari-camasirhane-ekipmanlari\/kurutma-kabinleri\/","og_locale":"tr_TR","og_type":"article","og_title":"Line 6000 Kurutma Kabinleri - Electrolux Professional T\u00fcrkiye","og_description":"Kurutma s\u00fcrecinizi Line 6000 Kurutma Kabinleri ile geli\u015ftirin; \u00e7e\u015fitli ni\u015f \u00fcr\u00fcnleri g\u00fcvenli ve etkili \u015fekilde kurutur","og_url":"https:\/\/www.electroluxprofessional.com\/tr\/ticari-camasirhane-ekipmanlari\/kurutma-kabinleri\/","og_site_name":"Electrolux Professional T\u00fcrkiye","article_modified_time":"2026-01-26T06:52:46+00:00","twitter_card":"summary_large_image","twitter_misc":{"Tahmini okuma s\u00fcresi":"3 dakika"},"schema":{"@context":"https:\/\/schema.org","@graph":[{"@type":"WebPage","@id":"https:\/\/www.electroluxprofessional.com\/tr\/ticari-camasirhane-ekipmanlari\/kurutma-kabinleri\/","url":"https:\/\/www.electroluxprofessional.com\/tr\/ticari-camasirhane-ekipmanlari\/kurutma-kabinleri\/","name":"Line 6000 Kurutma Kabinleri - Electrolux Professional T\u00fcrkiye","isPartOf":{"@id":"https:\/\/www.electroluxprofessional.com\/tr\/#website"},"datePublished":"2025-11-26T13:43:54+00:00","dateModified":"2026-01-26T06:52:46+00:00","description":"Kurutma s\u00fcrecinizi Line 6000 Kurutma Kabinleri ile geli\u015ftirin; \u00e7e\u015fitli ni\u015f \u00fcr\u00fcnleri g\u00fcvenli ve etkili \u015fekilde kurutur","breadcrumb":{"@id":"https:\/\/www.electroluxprofessional.com\/tr\/ticari-camasirhane-ekipmanlari\/kurutma-kabinleri\/#breadcrumb"},"inLanguage":"tr","potentialAction":[{"@type":"ReadAction","target":["https:\/\/www.electroluxprofessional.com\/tr\/ticari-camasirhane-ekipmanlari\/kurutma-kabinleri\/"]}]},{"@type":"BreadcrumbList","@id":"https:\/\/www.electroluxprofessional.com\/tr\/ticari-camasirhane-ekipmanlari\/kurutma-kabinleri\/#breadcrumb","itemListElement":[{"@type":"ListItem","position":1,"name":"Home","item":"https:\/\/www.electroluxprofessional.com\/tr\/"},{"@type":"ListItem","position":2,"name":"\u00c7ama\u015f\u0131rhane","item":"https:\/\/www.electroluxprofessional.com\/tr\/ticari-camasirhane-ekipmanlari\/"},{"@type":"ListItem","position":3,"name":"Line 6000 Kurutma Kabinleri"}]},{"@type":"WebSite","@id":"https:\/\/www.electroluxprofessional.com\/tr\/#website","url":"https:\/\/www.electroluxprofessional.com\/tr\/","name":"Electrolux Professional T\u00fcrkiye","description":"","potentialAction":[{"@type":"SearchAction","target":{"@type":"EntryPoint","urlTemplate":"https:\/\/www.electroluxprofessional.com\/tr\/?src={search_term_string}"},"query-input":"required name=search_term_string"}],"inLanguage":"tr"}]}},"_links":{"self":[{"href":"https:\/\/www.electroluxprofessional.com\/tr\/wp-json\/wp\/v2\/pages\/23041"}],"collection":[{"href":"https:\/\/www.electroluxprofessional.com\/tr\/wp-json\/wp\/v2\/pages"}],"about":[{"href":"https:\/\/www.electroluxprofessional.com\/tr\/wp-json\/wp\/v2\/types\/page"}],"author":[{"embeddable":true,"href":"https:\/\/www.electroluxprofessional.com\/tr\/wp-json\/wp\/v2\/users\/64"}],"replies":[{"embeddable":true,"href":"https:\/\/www.electroluxprofessional.com\/tr\/wp-json\/wp\/v2\/comments?post=23041"}],"version-history":[{"count":16,"href":"https:\/\/www.electroluxprofessional.com\/tr\/wp-json\/wp\/v2\/pages\/23041\/revisions"}],"predecessor-version":[{"id":23567,"href":"https:\/\/www.electroluxprofessional.com\/tr\/wp-json\/wp\/v2\/pages\/23041\/revisions\/23567"}],"up":[{"embeddable":true,"href":"https:\/\/www.electroluxprofessional.com\/tr\/wp-json\/wp\/v2\/pages\/2006"}],"wp:attachment":[{"href":"https:\/\/www.electroluxprofessional.com\/tr\/wp-json\/wp\/v2\/media?parent=23041"}],"curies":[{"name":"wp","href":"https:\/\/api.w.org\/{rel}","templated":true}]}}