{"id":22515,"date":"2025-10-16T12:27:52","date_gmt":"2025-10-16T12:27:52","guid":{"rendered":"https:\/\/www.electroluxprofessional.com\/tr\/?page_id=22515"},"modified":"2025-10-16T12:35:58","modified_gmt":"2025-10-16T12:35:58","slug":"speedelight-verimlilik-tasarrufu","status":"publish","type":"page","link":"https:\/\/www.electroluxprofessional.com\/tr\/ticari-mutfak-ekipmanlari\/speedelight-yuksek-hizli-pisirme-cozumleri\/speedelight-verimlilik-tasarrufu\/","title":{"rendered":"SpeeDelight verimlilik tasarrufu"},"content":{"rendered":"<p>[vc_row full_width=&#8221;electroluxpro-full-width-no-padding&#8221;][vc_column][elx_image_block background_image=&#8221;22514&#8243; minimum_height=&#8221;400px&#8221;][vc_empty_space][\/vc_column][\/vc_row][vc_row][vc_column][elx_heading font_container=&#8221;h1&#8243; font_size=&#8221;h3&#8243; text_color=&#8221;inherit&#8221;]SpeeDelight ile yeni verimlilik ve tasarruf f\u0131rsatlar\u0131n\u0131z\u0131 ke\u015ffedin[\/elx_heading][elx_heading font_size=&#8221;h5&#8243; text_color=&#8221;inherit&#8221;]Maksimum performans i\u00e7in minimum \u00e7aba[\/elx_heading][vc_empty_space height=&#8221;50px&#8221;][elx_o2000_speedelight_calculator language=&#8221;tr&#8221; country=&#8221;Turkey&#8221;][vc_empty_space][\/vc_column][\/vc_row]<\/p>\n","protected":false},"excerpt":{"rendered":"<p>[vc_row full_width=&#8221;electroluxpro-full-width-no-padding&#8221;][vc_column][elx_image_block background_image=&#8221;22514&#8243; minimum_height=&#8221;400px&#8221;][vc_empty_space][\/vc_column][\/vc_row][vc_row][vc_column][elx_heading font_container=&#8221;h1&#8243; font_size=&#8221;h3&#8243; text_color=&#8221;inherit&#8221;]SpeeDelight ile yeni verimlilik ve tasarruf f\u0131rsatlar\u0131n\u0131z\u0131 ke\u015ffedin[\/elx_heading][elx_heading font_size=&#8221;h5&#8243; text_color=&#8221;inherit&#8221;]Maksimum performans i\u00e7in minimum \u00e7aba[\/elx_heading][vc_empty_space height=&#8221;50px&#8221;][elx_o2000_speedelight_calculator language=&#8221;tr&#8221; country=&#8221;Turkey&#8221;][vc_empty_space][\/vc_column][\/vc_row]<\/p>\n","protected":false},"author":64,"featured_media":2067,"parent":14240,"menu_order":0,"comment_status":"closed","ping_status":"closed","template":"","meta":{"footnotes":""},"class_list":["post-22515","page","type-page","status-publish","has-post-thumbnail","hentry"],"acf":[],"yoast_head":"<!-- This site is optimized with the Yoast SEO plugin v23.3 - https:\/\/yoast.com\/wordpress\/plugins\/seo\/ -->\n<title>SpeeDelight verimlilik tasarrufu - Electrolux Professional T\u00fcrkiye<\/title>\n<meta name=\"description\" content=\"SpeeDelight y\u00fcksek h\u0131zl\u0131 at\u0131\u015ft\u0131rmal\u0131k \u0131zgaras\u0131 ile yeni verimlilik ve tasarruf f\u0131rsatlar\u0131n\u0131z\u0131 ke\u015ffedin. Minimum \u00e7aba ile maksimum performans sunar.\" \/>\n<meta name=\"robots\" content=\"index, follow, max-snippet:-1, max-image-preview:large, max-video-preview:-1\" \/>\n<link rel=\"canonical\" href=\"https:\/\/www.electroluxprofessional.com\/tr\/ticari-mutfak-ekipmanlari\/speedelight-yuksek-hizli-pisirme-cozumleri\/speedelight-verimlilik-tasarrufu\/\" \/>\n<meta property=\"og:locale\" content=\"tr_TR\" \/>\n<meta property=\"og:type\" content=\"article\" \/>\n<meta property=\"og:title\" content=\"SpeeDelight verimlilik tasarrufu - Electrolux Professional T\u00fcrkiye\" \/>\n<meta property=\"og:description\" content=\"SpeeDelight y\u00fcksek h\u0131zl\u0131 at\u0131\u015ft\u0131rmal\u0131k \u0131zgaras\u0131 ile yeni verimlilik ve tasarruf f\u0131rsatlar\u0131n\u0131z\u0131 ke\u015ffedin. Minimum \u00e7aba ile maksimum performans sunar.\" \/>\n<meta property=\"og:url\" content=\"https:\/\/www.electroluxprofessional.com\/tr\/ticari-mutfak-ekipmanlari\/speedelight-yuksek-hizli-pisirme-cozumleri\/speedelight-verimlilik-tasarrufu\/\" \/>\n<meta property=\"og:site_name\" content=\"Electrolux Professional T\u00fcrkiye\" \/>\n<meta property=\"article:modified_time\" content=\"2025-10-16T12:35:58+00:00\" \/>\n<meta property=\"og:image\" content=\"https:\/\/www.electroluxprofessional.com\/tr\/wp-content\/uploads\/2017\/01\/resultsNoArrow.png\" \/>\n\t<meta property=\"og:image:width\" content=\"532\" \/>\n\t<meta property=\"og:image:height\" content=\"628\" \/>\n\t<meta property=\"og:image:type\" content=\"image\/png\" \/>\n<meta name=\"twitter:card\" content=\"summary_large_image\" \/>\n<meta name=\"twitter:label1\" content=\"Tahmini okuma s\u00fcresi\" \/>\n\t<meta name=\"twitter:data1\" content=\"1 dakika\" \/>\n<script type=\"application\/ld+json\" class=\"yoast-schema-graph\">{\"@context\":\"https:\/\/schema.org\",\"@graph\":[{\"@type\":\"WebPage\",\"@id\":\"https:\/\/www.electroluxprofessional.com\/tr\/ticari-mutfak-ekipmanlari\/speedelight-yuksek-hizli-pisirme-cozumleri\/speedelight-verimlilik-tasarrufu\/\",\"url\":\"https:\/\/www.electroluxprofessional.com\/tr\/ticari-mutfak-ekipmanlari\/speedelight-yuksek-hizli-pisirme-cozumleri\/speedelight-verimlilik-tasarrufu\/\",\"name\":\"SpeeDelight verimlilik tasarrufu - Electrolux Professional T\u00fcrkiye\",\"isPartOf\":{\"@id\":\"https:\/\/www.electroluxprofessional.com\/tr\/#website\"},\"primaryImageOfPage\":{\"@id\":\"https:\/\/www.electroluxprofessional.com\/tr\/ticari-mutfak-ekipmanlari\/speedelight-yuksek-hizli-pisirme-cozumleri\/speedelight-verimlilik-tasarrufu\/#primaryimage\"},\"image\":{\"@id\":\"https:\/\/www.electroluxprofessional.com\/tr\/ticari-mutfak-ekipmanlari\/speedelight-yuksek-hizli-pisirme-cozumleri\/speedelight-verimlilik-tasarrufu\/#primaryimage\"},\"thumbnailUrl\":\"https:\/\/www.electroluxprofessional.com\/tr\/wp-content\/uploads\/2017\/01\/resultsNoArrow.png\",\"datePublished\":\"2025-10-16T12:27:52+00:00\",\"dateModified\":\"2025-10-16T12:35:58+00:00\",\"description\":\"SpeeDelight y\u00fcksek h\u0131zl\u0131 at\u0131\u015ft\u0131rmal\u0131k \u0131zgaras\u0131 ile yeni verimlilik ve tasarruf f\u0131rsatlar\u0131n\u0131z\u0131 ke\u015ffedin. Minimum \u00e7aba ile maksimum performans sunar.\",\"breadcrumb\":{\"@id\":\"https:\/\/www.electroluxprofessional.com\/tr\/ticari-mutfak-ekipmanlari\/speedelight-yuksek-hizli-pisirme-cozumleri\/speedelight-verimlilik-tasarrufu\/#breadcrumb\"},\"inLanguage\":\"tr\",\"potentialAction\":[{\"@type\":\"ReadAction\",\"target\":[\"https:\/\/www.electroluxprofessional.com\/tr\/ticari-mutfak-ekipmanlari\/speedelight-yuksek-hizli-pisirme-cozumleri\/speedelight-verimlilik-tasarrufu\/\"]}]},{\"@type\":\"ImageObject\",\"inLanguage\":\"tr\",\"@id\":\"https:\/\/www.electroluxprofessional.com\/tr\/ticari-mutfak-ekipmanlari\/speedelight-yuksek-hizli-pisirme-cozumleri\/speedelight-verimlilik-tasarrufu\/#primaryimage\",\"url\":\"https:\/\/www.electroluxprofessional.com\/tr\/wp-content\/uploads\/2017\/01\/resultsNoArrow.png\",\"contentUrl\":\"https:\/\/www.electroluxprofessional.com\/tr\/wp-content\/uploads\/2017\/01\/resultsNoArrow.png\",\"width\":532,\"height\":628,\"caption\":\"SpeeDelight calculator\"},{\"@type\":\"BreadcrumbList\",\"@id\":\"https:\/\/www.electroluxprofessional.com\/tr\/ticari-mutfak-ekipmanlari\/speedelight-yuksek-hizli-pisirme-cozumleri\/speedelight-verimlilik-tasarrufu\/#breadcrumb\",\"itemListElement\":[{\"@type\":\"ListItem\",\"position\":1,\"name\":\"Home\",\"item\":\"https:\/\/www.electroluxprofessional.com\/tr\/\"},{\"@type\":\"ListItem\",\"position\":2,\"name\":\"End\u00fcstriyel Mutfak Ekipmanlar\u0131\",\"item\":\"https:\/\/www.electroluxprofessional.com\/tr\/ticari-mutfak-ekipmanlari\/\"},{\"@type\":\"ListItem\",\"position\":3,\"name\":\"SpeeDelight Y\u00fcksek h\u0131zl\u0131 pi\u015firme \u00e7\u00f6z\u00fcm\u00fc\",\"item\":\"https:\/\/www.electroluxprofessional.com\/tr\/ticari-mutfak-ekipmanlari\/speedelight-yuksek-hizli-pisirme-cozumleri\/\"},{\"@type\":\"ListItem\",\"position\":4,\"name\":\"SpeeDelight verimlilik tasarrufu\"}]},{\"@type\":\"WebSite\",\"@id\":\"https:\/\/www.electroluxprofessional.com\/tr\/#website\",\"url\":\"https:\/\/www.electroluxprofessional.com\/tr\/\",\"name\":\"Electrolux Professional T\u00fcrkiye\",\"description\":\"\",\"potentialAction\":[{\"@type\":\"SearchAction\",\"target\":{\"@type\":\"EntryPoint\",\"urlTemplate\":\"https:\/\/www.electroluxprofessional.com\/tr\/?src={search_term_string}\"},\"query-input\":\"required name=search_term_string\"}],\"inLanguage\":\"tr\"}]}<\/script>\n<!-- \/ Yoast SEO plugin. -->","yoast_head_json":{"title":"SpeeDelight verimlilik tasarrufu - Electrolux Professional T\u00fcrkiye","description":"SpeeDelight y\u00fcksek h\u0131zl\u0131 at\u0131\u015ft\u0131rmal\u0131k \u0131zgaras\u0131 ile yeni verimlilik ve tasarruf f\u0131rsatlar\u0131n\u0131z\u0131 ke\u015ffedin. Minimum \u00e7aba ile maksimum performans sunar.","robots":{"index":"index","follow":"follow","max-snippet":"max-snippet:-1","max-image-preview":"max-image-preview:large","max-video-preview":"max-video-preview:-1"},"canonical":"https:\/\/www.electroluxprofessional.com\/tr\/ticari-mutfak-ekipmanlari\/speedelight-yuksek-hizli-pisirme-cozumleri\/speedelight-verimlilik-tasarrufu\/","og_locale":"tr_TR","og_type":"article","og_title":"SpeeDelight verimlilik tasarrufu - Electrolux Professional T\u00fcrkiye","og_description":"SpeeDelight y\u00fcksek h\u0131zl\u0131 at\u0131\u015ft\u0131rmal\u0131k \u0131zgaras\u0131 ile yeni verimlilik ve tasarruf f\u0131rsatlar\u0131n\u0131z\u0131 ke\u015ffedin. Minimum \u00e7aba ile maksimum performans sunar.","og_url":"https:\/\/www.electroluxprofessional.com\/tr\/ticari-mutfak-ekipmanlari\/speedelight-yuksek-hizli-pisirme-cozumleri\/speedelight-verimlilik-tasarrufu\/","og_site_name":"Electrolux Professional T\u00fcrkiye","article_modified_time":"2025-10-16T12:35:58+00:00","og_image":[{"width":532,"height":628,"url":"https:\/\/www.electroluxprofessional.com\/tr\/wp-content\/uploads\/2017\/01\/resultsNoArrow.png","type":"image\/png"}],"twitter_card":"summary_large_image","twitter_misc":{"Tahmini okuma s\u00fcresi":"1 dakika"},"schema":{"@context":"https:\/\/schema.org","@graph":[{"@type":"WebPage","@id":"https:\/\/www.electroluxprofessional.com\/tr\/ticari-mutfak-ekipmanlari\/speedelight-yuksek-hizli-pisirme-cozumleri\/speedelight-verimlilik-tasarrufu\/","url":"https:\/\/www.electroluxprofessional.com\/tr\/ticari-mutfak-ekipmanlari\/speedelight-yuksek-hizli-pisirme-cozumleri\/speedelight-verimlilik-tasarrufu\/","name":"SpeeDelight verimlilik tasarrufu - Electrolux Professional T\u00fcrkiye","isPartOf":{"@id":"https:\/\/www.electroluxprofessional.com\/tr\/#website"},"primaryImageOfPage":{"@id":"https:\/\/www.electroluxprofessional.com\/tr\/ticari-mutfak-ekipmanlari\/speedelight-yuksek-hizli-pisirme-cozumleri\/speedelight-verimlilik-tasarrufu\/#primaryimage"},"image":{"@id":"https:\/\/www.electroluxprofessional.com\/tr\/ticari-mutfak-ekipmanlari\/speedelight-yuksek-hizli-pisirme-cozumleri\/speedelight-verimlilik-tasarrufu\/#primaryimage"},"thumbnailUrl":"https:\/\/www.electroluxprofessional.com\/tr\/wp-content\/uploads\/2017\/01\/resultsNoArrow.png","datePublished":"2025-10-16T12:27:52+00:00","dateModified":"2025-10-16T12:35:58+00:00","description":"SpeeDelight y\u00fcksek h\u0131zl\u0131 at\u0131\u015ft\u0131rmal\u0131k \u0131zgaras\u0131 ile yeni verimlilik ve tasarruf f\u0131rsatlar\u0131n\u0131z\u0131 ke\u015ffedin. Minimum \u00e7aba ile maksimum performans sunar.","breadcrumb":{"@id":"https:\/\/www.electroluxprofessional.com\/tr\/ticari-mutfak-ekipmanlari\/speedelight-yuksek-hizli-pisirme-cozumleri\/speedelight-verimlilik-tasarrufu\/#breadcrumb"},"inLanguage":"tr","potentialAction":[{"@type":"ReadAction","target":["https:\/\/www.electroluxprofessional.com\/tr\/ticari-mutfak-ekipmanlari\/speedelight-yuksek-hizli-pisirme-cozumleri\/speedelight-verimlilik-tasarrufu\/"]}]},{"@type":"ImageObject","inLanguage":"tr","@id":"https:\/\/www.electroluxprofessional.com\/tr\/ticari-mutfak-ekipmanlari\/speedelight-yuksek-hizli-pisirme-cozumleri\/speedelight-verimlilik-tasarrufu\/#primaryimage","url":"https:\/\/www.electroluxprofessional.com\/tr\/wp-content\/uploads\/2017\/01\/resultsNoArrow.png","contentUrl":"https:\/\/www.electroluxprofessional.com\/tr\/wp-content\/uploads\/2017\/01\/resultsNoArrow.png","width":532,"height":628,"caption":"SpeeDelight calculator"},{"@type":"BreadcrumbList","@id":"https:\/\/www.electroluxprofessional.com\/tr\/ticari-mutfak-ekipmanlari\/speedelight-yuksek-hizli-pisirme-cozumleri\/speedelight-verimlilik-tasarrufu\/#breadcrumb","itemListElement":[{"@type":"ListItem","position":1,"name":"Home","item":"https:\/\/www.electroluxprofessional.com\/tr\/"},{"@type":"ListItem","position":2,"name":"End\u00fcstriyel Mutfak Ekipmanlar\u0131","item":"https:\/\/www.electroluxprofessional.com\/tr\/ticari-mutfak-ekipmanlari\/"},{"@type":"ListItem","position":3,"name":"SpeeDelight Y\u00fcksek h\u0131zl\u0131 pi\u015firme \u00e7\u00f6z\u00fcm\u00fc","item":"https:\/\/www.electroluxprofessional.com\/tr\/ticari-mutfak-ekipmanlari\/speedelight-yuksek-hizli-pisirme-cozumleri\/"},{"@type":"ListItem","position":4,"name":"SpeeDelight verimlilik tasarrufu"}]},{"@type":"WebSite","@id":"https:\/\/www.electroluxprofessional.com\/tr\/#website","url":"https:\/\/www.electroluxprofessional.com\/tr\/","name":"Electrolux Professional T\u00fcrkiye","description":"","potentialAction":[{"@type":"SearchAction","target":{"@type":"EntryPoint","urlTemplate":"https:\/\/www.electroluxprofessional.com\/tr\/?src={search_term_string}"},"query-input":"required name=search_term_string"}],"inLanguage":"tr"}]}},"_links":{"self":[{"href":"https:\/\/www.electroluxprofessional.com\/tr\/wp-json\/wp\/v2\/pages\/22515"}],"collection":[{"href":"https:\/\/www.electroluxprofessional.com\/tr\/wp-json\/wp\/v2\/pages"}],"about":[{"href":"https:\/\/www.electroluxprofessional.com\/tr\/wp-json\/wp\/v2\/types\/page"}],"author":[{"embeddable":true,"href":"https:\/\/www.electroluxprofessional.com\/tr\/wp-json\/wp\/v2\/users\/64"}],"replies":[{"embeddable":true,"href":"https:\/\/www.electroluxprofessional.com\/tr\/wp-json\/wp\/v2\/comments?post=22515"}],"version-history":[{"count":3,"href":"https:\/\/www.electroluxprofessional.com\/tr\/wp-json\/wp\/v2\/pages\/22515\/revisions"}],"predecessor-version":[{"id":22518,"href":"https:\/\/www.electroluxprofessional.com\/tr\/wp-json\/wp\/v2\/pages\/22515\/revisions\/22518"}],"up":[{"embeddable":true,"href":"https:\/\/www.electroluxprofessional.com\/tr\/wp-json\/wp\/v2\/pages\/14240"}],"wp:featuredmedia":[{"embeddable":true,"href":"https:\/\/www.electroluxprofessional.com\/tr\/wp-json\/wp\/v2\/media\/2067"}],"wp:attachment":[{"href":"https:\/\/www.electroluxprofessional.com\/tr\/wp-json\/wp\/v2\/media?parent=22515"}],"curies":[{"name":"wp","href":"https:\/\/api.w.org\/{rel}","templated":true}]}}