{"id":22260,"date":"2025-09-19T13:33:57","date_gmt":"2025-09-19T13:33:57","guid":{"rendered":"https:\/\/www.electroluxprofessional.com\/tr\/?page_id=22260"},"modified":"2025-11-05T15:48:11","modified_gmt":"2025-11-05T15:48:11","slug":"soy-yika-kurut","status":"publish","type":"page","link":"https:\/\/www.electroluxprofessional.com\/tr\/ticari-mutfak-ekipmanlari\/soy-yika-kurut\/","title":{"rendered":"Haz\u0131rl\u0131k: Soy, y\u0131ka ve kurut"},"content":{"rendered":"<p>[vc_row full_width=&#8221;electroluxpro-full-width-no-padding&#8221;][vc_column][vc_single_image image=&#8221;22256&#8243; img_size=&#8221;2000*350&#8243;][\/vc_column][\/vc_row][vc_row][vc_column][vc_empty_space][elx_heading font_container=&#8221;h1&#8243; font_size=&#8221;h3&#8243; text_color=&#8221;inherit&#8221; text_align=&#8221;text-left&#8221;]Sebze soyma makineleri, sebze y\u0131kama ve kurutma makineleri se\u00e7eneklerimiz ile soyun, y\u0131kay\u0131n ve kurutun[\/elx_heading][vc_empty_space height=&#8221;15px&#8221;][\/vc_column][\/vc_row][vc_row][vc_column width=&#8221;1\/3&#8243;][vc_empty_space][vc_single_image image=&#8221;22257&#8243; img_size=&#8221;large&#8221;][\/vc_column][vc_column width=&#8221;2\/3&#8243;][elx_heading font_size=&#8221;h3&#8243; text_color=&#8221;inherit&#8221; text_align=&#8221;text-left&#8221;]\u00c7ok ama\u00e7l\u0131 soyma makineleri[\/elx_heading][vc_empty_space][vc_column_text]<strong>Electrolux Professional\u00a0<\/strong><strong>sebze soyma makineleri<\/strong>,\u00a0<strong>yaln\u0131zca patates kabuklar\u0131n\u0131<\/strong>\u00a0soyma problemini de\u011fil ayn\u0131 zamanda\u00a0<strong>sert ve yumu\u015fak sebzeleri soyma, deniz kabuklular\u0131n\u0131 temizleme, sebzeleri soymadan f\u0131r\u00e7alama ve kurutma\u00a0<\/strong><strong>sorununu da \u00e7\u00f6zer.<\/strong><\/p>\n<p>A\u015f\u0131nd\u0131r\u0131c\u0131 plaka, y\u00fcksek kaliteli bir sonu\u00e7 elde etmek i\u00e7in standart olarak tedarik edilir.<\/p>\n<p>Sebze soyma makinelerimiz, k\u00fc\u00e7\u00fck ve orta \u00f6l\u00e7ekli restoranlar\u0131n ihtiya\u00e7lar\u0131n\u0131 kar\u015f\u0131lamak i\u00e7in birka\u00e7\u00a0<strong>farkl\u0131 soyma\u00a0<\/strong><strong>kapasitesi<\/strong><strong>ne<\/strong>\u00a0sahiptir ve\u00a0<strong>80 kg\/sa ile 400 kg\/sa aras\u0131<\/strong>\u00a0soyulmu\u015f sebzelerin\u00a0<strong>maksimum \u00fcretimini\u00a0<\/strong>garanti eder.<\/p>\n<p>S\u0131f\u0131rlama d\u00fc\u011fmesi ve programlanabilir zamanlay\u0131c\u0131 ile\u00a0<strong>kolay<\/strong>\u00a0<strong>ve kullan\u0131m\u0131 kolay su ge\u00e7irmez<\/strong>\u00a0<strong>dokunmatik<\/strong>\u00a0<strong>kontrol<\/strong><strong>\u00a0<\/strong><strong>panel<\/strong>.<\/p>\n<div><\/div>\n<p>[\/vc_column_text][\/vc_column][\/vc_row][vc_row][vc_column][vc_empty_space][\/vc_column][\/vc_row][vc_row][vc_column width=&#8221;2\/3&#8243;][elx_heading font_size=&#8221;h3&#8243; text_color=&#8221;electrolux-blue&#8221; text_align=&#8221;text-left&#8221;]Sebze y\u0131kama ve kurutma makineleri[\/elx_heading][vc_column_text]Electrolux Professional, her boyutta mutfak i\u00e7in\u00a0<strong>sebze y\u0131kama makineleri, kurutma makineleri<\/strong>\u00a0ve 2\u2019si 1 arada \u00e7\u00f6z\u00fcmler suna\u00a0<strong>kombine makineler<\/strong>\u00a0sunar. Bunlar k\u00fc\u00e7\u00fck, orta ve b\u00fcy\u00fck \u00f6l\u00e7ekli mutfaklar i\u00e7in ba\u015fl\u0131ca bile\u015fenlerdir.<\/p>\n<p>Electrolux Professional mutfa\u011f\u0131n\u0131z i\u00e7in en iyi olan\u0131 se\u00e7in; marulunuzu, \u0131spana\u011f\u0131n\u0131z\u0131, p\u0131rasalar\u0131n\u0131z\u0131, maydanozunuzu, lahanan\u0131z\u0131, brokolinizi ve enginarlar\u0131n\u0131z\u0131 rekor s\u00fcrede y\u0131kay\u0131n ve kurutun, en iyi aroman\u0131n ve leziz dokunun servis edilene kadar korundu\u011fundan emin olun.<\/p>\n<p>T\u00fcm \u00fcnitelerimiz\u00a0<strong>her t\u00fcrden sebzenin etkili ve g\u00fcvenli i\u015flem g\u00f6rmesi, garantili hijyen ve kolay temizlenebilirlik i\u00e7in tasarlanm\u0131\u015ft\u0131r.<\/strong><\/p>\n<div><\/div>\n<p>[\/vc_column_text][\/vc_column][vc_column width=&#8221;1\/3&#8243;][vc_single_image image=&#8221;22258&#8243; img_size=&#8221;full&#8221;][\/vc_column][\/vc_row][vc_row][vc_column width=&#8221;1\/2&#8243;][elx_download_block text=&#8221;G\u0131da Haz\u0131rl\u0131k<br \/>\n\u00dcr\u00fcn Katalo\u011fu&#8221; document_type=&#8221;brochures&#8221; background_color=&#8221;cat-create&#8221; reveal_effect=&#8221;fadeIn&#8221; reveal_duration=&#8221;&#8221; reveal_delay=&#8221;&#8221;][\/vc_column][vc_column width=&#8221;1\/2&#8243;][elx_button button_text=&#8221;Kesme, Kar\u0131\u015ft\u0131rma ve Dilimleme Tekliflerimizi ke\u015ffedin&#8221; button_style=&#8221;icon&#8221; button_link=&#8221;url:https%3A%2F%2Fwww.electroluxprofessional.com%2Ftr%2Fticari-mutfak-ekipmanlari%2Fkes-karistir-dilimle%2F|title:Haz%C4%B1rl%C4%B1k%20%E2%80%93%20Kes%2C%20Kar%C4%B1%C5%9Ft%C4%B1r%20ve%20Dilimle&#8221;][vc_empty_space][elx_button button_text=&#8221;Hamur Yo\u011furma ve Hamur A\u00e7ma Makinelerimizi Ke\u015ffedin&#8221; button_style=&#8221;icon&#8221; button_link=&#8221;url:https%3A%2F%2Fwww.electroluxprofessional.com%2Ftr%2Fticari-mutfak-ekipmanlari%2Fyogur-cirp-ac%2F|title:Yo%C4%9Fur%2C%20%C3%A7%C4%B1rp%20ve%20a%C3%A7&#8243;][\/vc_column][\/vc_row][vc_row css=&#8221;.vc_custom_1517820696635{background-color: #eeeeee !important;}&#8221;][vc_column][elx_heading font_size=&#8221;h3&#8243; text_color=&#8221;inherit&#8221; text_align=&#8221;text-left&#8221;]\u0130\u015fletmeniz i\u00e7in ideal olan \u00e7\u00f6z\u00fcm\u00fc bulun[\/elx_heading][vc_row_inner][vc_column_inner width=&#8221;1\/3&#8243;][elx_maylike_box id_box=&#8221;1196&#8243; matched_labels=&#8221;&#8221;][\/vc_column_inner][vc_column_inner width=&#8221;1\/3&#8243;][elx_maylike_box id_box=&#8221;1498&#8243; matched_labels=&#8221;&#8221;][\/vc_column_inner][vc_column_inner width=&#8221;1\/3&#8243;][elx_maylike_box id_box=&#8221;16308&#8243; matched_labels=&#8221;&#8221;][\/vc_column_inner][\/vc_row_inner][\/vc_column][\/vc_row][vc_row][vc_column][vc_empty_space height=&#8221;50px&#8221;][elx_heading font_size=&#8221;h3&#8243; text_color=&#8221;inherit&#8221; text_align=&#8221;text-left&#8221;]Sebze soyma, sebze y\u0131kama ve sebze kurutma makinelerinin i\u015fletmeniz i\u00e7in yapabileceklerini ke\u015ffedin[\/elx_heading][elx_o2000_contact_us s=&#8221;Request of information about peelers, washers and dryers&#8221; container=&#8221;elxcontactus1480070717&#8243; r=&#8221;I would like to find out more about peelers, washers and dryers. Please get in touch with me.&#8221;][vc_empty_space height=&#8221;50px&#8221;][\/vc_column][\/vc_row][vc_row full_width=&#8221;electroluxpro-full-width&#8221; matched_labels=&#8221;&#8221; el_id=&#8221;products&#8221;][vc_column][\/vc_column][\/vc_row]<\/p>\n","protected":false},"excerpt":{"rendered":"<p>[vc_row full_width=&#8221;electroluxpro-full-width-no-padding&#8221;][vc_column][vc_single_image image=&#8221;22256&#8243; img_size=&#8221;2000*350&#8243;][\/vc_column][\/vc_row][vc_row][vc_column][vc_empty_space][elx_heading font_container=&#8221;h1&#8243; font_size=&#8221;h3&#8243; text_color=&#8221;inherit&#8221; text_align=&#8221;text-left&#8221;]Sebze soyma makineleri, sebze y\u0131kama ve kurutma makineleri se\u00e7eneklerimiz ile soyun, y\u0131kay\u0131n ve kurutun[\/elx_heading][vc_empty_space height=&#8221;15px&#8221;][\/vc_column][\/vc_row][vc_row][vc_column width=&#8221;1\/3&#8243;][vc_empty_space][vc_single_image image=&#8221;22257&#8243; img_size=&#8221;large&#8221;][\/vc_column][vc_column width=&#8221;2\/3&#8243;][elx_heading font_size=&#8221;h3&#8243; text_color=&#8221;inherit&#8221; text_align=&#8221;text-left&#8221;]\u00c7ok ama\u00e7l\u0131 soyma makineleri[\/elx_heading][vc_empty_space][vc_column_text]Electrolux Professional\u00a0sebze soyma makineleri,\u00a0yaln\u0131zca patates kabuklar\u0131n\u0131\u00a0soyma problemini de\u011fil ayn\u0131 zamanda\u00a0sert ve yumu\u015fak sebzeleri soyma, deniz kabuklular\u0131n\u0131 temizleme, sebzeleri soymadan f\u0131r\u00e7alama ve kurutma\u00a0sorununu da \u00e7\u00f6zer. [&hellip;]<\/p>\n","protected":false},"author":64,"featured_media":2414,"parent":19849,"menu_order":0,"comment_status":"closed","ping_status":"closed","template":"","meta":{"footnotes":""},"class_list":["post-22260","page","type-page","status-publish","has-post-thumbnail","hentry"],"acf":[],"yoast_head":"<!-- This site is optimized with the Yoast SEO plugin v23.3 - https:\/\/yoast.com\/wordpress\/plugins\/seo\/ -->\n<title>Haz\u0131rl\u0131k: Soy, y\u0131ka ve kurut - Electrolux Professional T\u00fcrkiye<\/title>\n<meta name=\"description\" content=\"Electrolux Professional&#039;in soyucu, y\u0131kay\u0131c\u0131 ve kurutucular\u0131 ile meyvelerinizi ve sebzelerinizi soyun y\u0131kay\u0131n ve kurutun.\" \/>\n<meta name=\"robots\" content=\"index, follow, max-snippet:-1, max-image-preview:large, max-video-preview:-1\" \/>\n<link rel=\"canonical\" href=\"https:\/\/www.electroluxprofessional.com\/tr\/ticari-mutfak-ekipmanlari\/soy-yika-kurut\/\" \/>\n<meta property=\"og:locale\" content=\"tr_TR\" \/>\n<meta property=\"og:type\" content=\"article\" \/>\n<meta property=\"og:title\" content=\"Haz\u0131rl\u0131k: Soy, y\u0131ka ve kurut - Electrolux Professional T\u00fcrkiye\" \/>\n<meta property=\"og:description\" content=\"Electrolux Professional&#039;in soyucu, y\u0131kay\u0131c\u0131 ve kurutucular\u0131 ile meyvelerinizi ve sebzelerinizi soyun y\u0131kay\u0131n ve kurutun.\" \/>\n<meta property=\"og:url\" content=\"https:\/\/www.electroluxprofessional.com\/tr\/ticari-mutfak-ekipmanlari\/soy-yika-kurut\/\" \/>\n<meta property=\"og:site_name\" content=\"Electrolux Professional T\u00fcrkiye\" \/>\n<meta property=\"article:modified_time\" content=\"2025-11-05T15:48:11+00:00\" \/>\n<meta property=\"og:image\" content=\"https:\/\/www.electroluxprofessional.com\/tr\/wp-content\/uploads\/2016\/12\/peel.jpg\" \/>\n\t<meta property=\"og:image:width\" content=\"700\" \/>\n\t<meta property=\"og:image:height\" content=\"700\" \/>\n\t<meta property=\"og:image:type\" content=\"image\/jpeg\" \/>\n<meta name=\"twitter:card\" content=\"summary_large_image\" \/>\n<meta name=\"twitter:label1\" content=\"Tahmini okuma s\u00fcresi\" \/>\n\t<meta name=\"twitter:data1\" content=\"3 dakika\" \/>\n<script type=\"application\/ld+json\" class=\"yoast-schema-graph\">{\"@context\":\"https:\/\/schema.org\",\"@graph\":[{\"@type\":\"WebPage\",\"@id\":\"https:\/\/www.electroluxprofessional.com\/tr\/ticari-mutfak-ekipmanlari\/soy-yika-kurut\/\",\"url\":\"https:\/\/www.electroluxprofessional.com\/tr\/ticari-mutfak-ekipmanlari\/soy-yika-kurut\/\",\"name\":\"Haz\u0131rl\u0131k: Soy, y\u0131ka ve kurut - Electrolux Professional T\u00fcrkiye\",\"isPartOf\":{\"@id\":\"https:\/\/www.electroluxprofessional.com\/tr\/#website\"},\"primaryImageOfPage\":{\"@id\":\"https:\/\/www.electroluxprofessional.com\/tr\/ticari-mutfak-ekipmanlari\/soy-yika-kurut\/#primaryimage\"},\"image\":{\"@id\":\"https:\/\/www.electroluxprofessional.com\/tr\/ticari-mutfak-ekipmanlari\/soy-yika-kurut\/#primaryimage\"},\"thumbnailUrl\":\"https:\/\/www.electroluxprofessional.com\/tr\/wp-content\/uploads\/2016\/12\/peel.jpg\",\"datePublished\":\"2025-09-19T13:33:57+00:00\",\"dateModified\":\"2025-11-05T15:48:11+00:00\",\"description\":\"Electrolux Professional'in soyucu, y\u0131kay\u0131c\u0131 ve kurutucular\u0131 ile meyvelerinizi ve sebzelerinizi soyun y\u0131kay\u0131n ve kurutun.\",\"breadcrumb\":{\"@id\":\"https:\/\/www.electroluxprofessional.com\/tr\/ticari-mutfak-ekipmanlari\/soy-yika-kurut\/#breadcrumb\"},\"inLanguage\":\"tr\",\"potentialAction\":[{\"@type\":\"ReadAction\",\"target\":[\"https:\/\/www.electroluxprofessional.com\/tr\/ticari-mutfak-ekipmanlari\/soy-yika-kurut\/\"]}]},{\"@type\":\"ImageObject\",\"inLanguage\":\"tr\",\"@id\":\"https:\/\/www.electroluxprofessional.com\/tr\/ticari-mutfak-ekipmanlari\/soy-yika-kurut\/#primaryimage\",\"url\":\"https:\/\/www.electroluxprofessional.com\/tr\/wp-content\/uploads\/2016\/12\/peel.jpg\",\"contentUrl\":\"https:\/\/www.electroluxprofessional.com\/tr\/wp-content\/uploads\/2016\/12\/peel.jpg\",\"width\":700,\"height\":700,\"caption\":\"peel, wash and dry\"},{\"@type\":\"BreadcrumbList\",\"@id\":\"https:\/\/www.electroluxprofessional.com\/tr\/ticari-mutfak-ekipmanlari\/soy-yika-kurut\/#breadcrumb\",\"itemListElement\":[{\"@type\":\"ListItem\",\"position\":1,\"name\":\"Home\",\"item\":\"https:\/\/www.electroluxprofessional.com\/tr\/\"},{\"@type\":\"ListItem\",\"position\":2,\"name\":\"End\u00fcstriyel Mutfak Ekipmanlar\u0131\",\"item\":\"https:\/\/www.electroluxprofessional.com\/tr\/ticari-mutfak-ekipmanlari\/\"},{\"@type\":\"ListItem\",\"position\":3,\"name\":\"Haz\u0131rl\u0131k: Soy, y\u0131ka ve kurut\"}]},{\"@type\":\"WebSite\",\"@id\":\"https:\/\/www.electroluxprofessional.com\/tr\/#website\",\"url\":\"https:\/\/www.electroluxprofessional.com\/tr\/\",\"name\":\"Electrolux Professional T\u00fcrkiye\",\"description\":\"\",\"potentialAction\":[{\"@type\":\"SearchAction\",\"target\":{\"@type\":\"EntryPoint\",\"urlTemplate\":\"https:\/\/www.electroluxprofessional.com\/tr\/?src={search_term_string}\"},\"query-input\":\"required name=search_term_string\"}],\"inLanguage\":\"tr\"}]}<\/script>\n<!-- \/ Yoast SEO plugin. -->","yoast_head_json":{"title":"Haz\u0131rl\u0131k: Soy, y\u0131ka ve kurut - Electrolux Professional T\u00fcrkiye","description":"Electrolux Professional'in soyucu, y\u0131kay\u0131c\u0131 ve kurutucular\u0131 ile meyvelerinizi ve sebzelerinizi soyun y\u0131kay\u0131n ve kurutun.","robots":{"index":"index","follow":"follow","max-snippet":"max-snippet:-1","max-image-preview":"max-image-preview:large","max-video-preview":"max-video-preview:-1"},"canonical":"https:\/\/www.electroluxprofessional.com\/tr\/ticari-mutfak-ekipmanlari\/soy-yika-kurut\/","og_locale":"tr_TR","og_type":"article","og_title":"Haz\u0131rl\u0131k: Soy, y\u0131ka ve kurut - Electrolux Professional T\u00fcrkiye","og_description":"Electrolux Professional'in soyucu, y\u0131kay\u0131c\u0131 ve kurutucular\u0131 ile meyvelerinizi ve sebzelerinizi soyun y\u0131kay\u0131n ve kurutun.","og_url":"https:\/\/www.electroluxprofessional.com\/tr\/ticari-mutfak-ekipmanlari\/soy-yika-kurut\/","og_site_name":"Electrolux Professional T\u00fcrkiye","article_modified_time":"2025-11-05T15:48:11+00:00","og_image":[{"width":700,"height":700,"url":"https:\/\/www.electroluxprofessional.com\/tr\/wp-content\/uploads\/2016\/12\/peel.jpg","type":"image\/jpeg"}],"twitter_card":"summary_large_image","twitter_misc":{"Tahmini okuma s\u00fcresi":"3 dakika"},"schema":{"@context":"https:\/\/schema.org","@graph":[{"@type":"WebPage","@id":"https:\/\/www.electroluxprofessional.com\/tr\/ticari-mutfak-ekipmanlari\/soy-yika-kurut\/","url":"https:\/\/www.electroluxprofessional.com\/tr\/ticari-mutfak-ekipmanlari\/soy-yika-kurut\/","name":"Haz\u0131rl\u0131k: Soy, y\u0131ka ve kurut - Electrolux Professional T\u00fcrkiye","isPartOf":{"@id":"https:\/\/www.electroluxprofessional.com\/tr\/#website"},"primaryImageOfPage":{"@id":"https:\/\/www.electroluxprofessional.com\/tr\/ticari-mutfak-ekipmanlari\/soy-yika-kurut\/#primaryimage"},"image":{"@id":"https:\/\/www.electroluxprofessional.com\/tr\/ticari-mutfak-ekipmanlari\/soy-yika-kurut\/#primaryimage"},"thumbnailUrl":"https:\/\/www.electroluxprofessional.com\/tr\/wp-content\/uploads\/2016\/12\/peel.jpg","datePublished":"2025-09-19T13:33:57+00:00","dateModified":"2025-11-05T15:48:11+00:00","description":"Electrolux Professional'in soyucu, y\u0131kay\u0131c\u0131 ve kurutucular\u0131 ile meyvelerinizi ve sebzelerinizi soyun y\u0131kay\u0131n ve kurutun.","breadcrumb":{"@id":"https:\/\/www.electroluxprofessional.com\/tr\/ticari-mutfak-ekipmanlari\/soy-yika-kurut\/#breadcrumb"},"inLanguage":"tr","potentialAction":[{"@type":"ReadAction","target":["https:\/\/www.electroluxprofessional.com\/tr\/ticari-mutfak-ekipmanlari\/soy-yika-kurut\/"]}]},{"@type":"ImageObject","inLanguage":"tr","@id":"https:\/\/www.electroluxprofessional.com\/tr\/ticari-mutfak-ekipmanlari\/soy-yika-kurut\/#primaryimage","url":"https:\/\/www.electroluxprofessional.com\/tr\/wp-content\/uploads\/2016\/12\/peel.jpg","contentUrl":"https:\/\/www.electroluxprofessional.com\/tr\/wp-content\/uploads\/2016\/12\/peel.jpg","width":700,"height":700,"caption":"peel, wash and dry"},{"@type":"BreadcrumbList","@id":"https:\/\/www.electroluxprofessional.com\/tr\/ticari-mutfak-ekipmanlari\/soy-yika-kurut\/#breadcrumb","itemListElement":[{"@type":"ListItem","position":1,"name":"Home","item":"https:\/\/www.electroluxprofessional.com\/tr\/"},{"@type":"ListItem","position":2,"name":"End\u00fcstriyel Mutfak Ekipmanlar\u0131","item":"https:\/\/www.electroluxprofessional.com\/tr\/ticari-mutfak-ekipmanlari\/"},{"@type":"ListItem","position":3,"name":"Haz\u0131rl\u0131k: Soy, y\u0131ka ve kurut"}]},{"@type":"WebSite","@id":"https:\/\/www.electroluxprofessional.com\/tr\/#website","url":"https:\/\/www.electroluxprofessional.com\/tr\/","name":"Electrolux Professional T\u00fcrkiye","description":"","potentialAction":[{"@type":"SearchAction","target":{"@type":"EntryPoint","urlTemplate":"https:\/\/www.electroluxprofessional.com\/tr\/?src={search_term_string}"},"query-input":"required name=search_term_string"}],"inLanguage":"tr"}]}},"_links":{"self":[{"href":"https:\/\/www.electroluxprofessional.com\/tr\/wp-json\/wp\/v2\/pages\/22260"}],"collection":[{"href":"https:\/\/www.electroluxprofessional.com\/tr\/wp-json\/wp\/v2\/pages"}],"about":[{"href":"https:\/\/www.electroluxprofessional.com\/tr\/wp-json\/wp\/v2\/types\/page"}],"author":[{"embeddable":true,"href":"https:\/\/www.electroluxprofessional.com\/tr\/wp-json\/wp\/v2\/users\/64"}],"replies":[{"embeddable":true,"href":"https:\/\/www.electroluxprofessional.com\/tr\/wp-json\/wp\/v2\/comments?post=22260"}],"version-history":[{"count":4,"href":"https:\/\/www.electroluxprofessional.com\/tr\/wp-json\/wp\/v2\/pages\/22260\/revisions"}],"predecessor-version":[{"id":22919,"href":"https:\/\/www.electroluxprofessional.com\/tr\/wp-json\/wp\/v2\/pages\/22260\/revisions\/22919"}],"up":[{"embeddable":true,"href":"https:\/\/www.electroluxprofessional.com\/tr\/wp-json\/wp\/v2\/pages\/19849"}],"wp:featuredmedia":[{"embeddable":true,"href":"https:\/\/www.electroluxprofessional.com\/tr\/wp-json\/wp\/v2\/media\/2414"}],"wp:attachment":[{"href":"https:\/\/www.electroluxprofessional.com\/tr\/wp-json\/wp\/v2\/media?parent=22260"}],"curies":[{"name":"wp","href":"https:\/\/api.w.org\/{rel}","templated":true}]}}