{"id":21941,"date":"2025-08-28T06:08:49","date_gmt":"2025-08-28T06:08:49","guid":{"rendered":"https:\/\/www.electroluxprofessional.com\/tr\/?page_id=21941"},"modified":"2025-09-25T13:41:01","modified_gmt":"2025-09-25T13:41:01","slug":"faq-mypro-kurutma-makinesi","status":"publish","type":"page","link":"https:\/\/www.electroluxprofessional.com\/tr\/ticari-camasirhane-ekipmanlari\/mypro-yikama-kurutma-ve-silindir-utuler\/faq-mypro-kurutma-makinesi\/","title":{"rendered":"FAQ \u2013 myPRO Kurutma Makinesi"},"content":{"rendered":"<p>[vc_row][vc_column][vc_single_image image=&#8221;5286&#8243;][elx_heading font_container=&#8221;h1&#8243; text_color=&#8221;inherit&#8221;]FAQ \u2013 myPRO Kurutma Makinesi[\/elx_heading][vc_empty_space][elx_heading text_color=&#8221;inherit&#8221;]Kurutma makinem \u0131s\u0131 \u00fcretmiyor![\/elx_heading][vc_column_text]L\u00fctfen yo\u011fu\u015fturucu \u00fcnitesinin ve filtrelerin temiz oldu\u011fundan emin olun. Ayr\u0131ca yar\u0131m y\u00fck modu d\u00fc\u011fmesi kontrol edin (detaylar i\u00e7in kullan\u0131c\u0131 k\u0131lavuzuna bak\u0131n).<br \/>\nE\u011fer yar\u0131m y\u00fck modu d\u00fc\u011fmesi aktif de\u011filse ve sorun devam ediyorsa, rezistans ar\u0131zal\u0131 olabilir. Bu durumda \u00fcr\u00fcn\u00fcn yetkili servis teknisyeni taraf\u0131ndan kontrol edilmesi ve gerekirse onar\u0131lmas\u0131 gerekir.[\/vc_column_text][elx_heading text_color=&#8221;inherit&#8221;]Kurutma makinem program\u0131 \u00e7ok h\u0131zl\u0131 tamaml\u0131yor![\/elx_heading][vc_column_text]Zaman program\u0131 d\u00fczg\u00fcn \u00e7al\u0131\u015f\u0131yorsa, nem \u00f6l\u00e7\u00fcm sisteminde bir sorun olabilir. Bu durum a\u015fa\u011f\u0131daki nedenlerden kaynaklanabilir:<\/p>\n<ul>\n<li>Cihaz\u0131n topraklamas\u0131 d\u00fczg\u00fcn yap\u0131lmam\u0131\u015f ya da hi\u00e7 yap\u0131lmam\u0131\u015f olabilir;<\/li>\n<li>Tamburun \u00f6n panelinde yer alan \u00f6l\u00e7\u00fcm band\u0131 kirli olabilir. Tambur ve \u00f6l\u00e7\u00fcm band\u0131, temizlik sirkesi ile temizlenebilir.<\/li>\n<\/ul>\n<p>[\/vc_column_text][elx_heading text_color=&#8221;inherit&#8221;]Kurutma makinemin tamburu d\u00f6nm\u00fcyor![\/elx_heading][vc_column_text]\u0130lk kullan\u0131mdan \u00f6nce tambur \u00fczerindeki ta\u015f\u0131ma g\u00fcvenlik civatas\u0131n\u0131n \u00e7\u0131kar\u0131ld\u0131\u011f\u0131ndan emin olun.<br \/>\nE\u011fer motor \u00e7al\u0131\u015f\u0131yor ancak tambur d\u00f6nm\u00fcyorsa, sorun kay\u0131\u015f veya ke\u00e7e band\u0131 kaynakl\u0131 olabilir. Bu durumda \u00fcr\u00fcn\u00fcn yetkili servis teknisyeni taraf\u0131ndan kontrol edilmesi ve gerekirse onar\u0131lmas\u0131 gerekir.[\/vc_column_text][elx_heading text_color=&#8221;inherit&#8221;]Kurutma makinemin kap\u0131 y\u00f6n\u00fcn\u00fc de\u011fi\u015ftirebilir miyim?[\/elx_heading][vc_column_text]Evet, kap\u0131 y\u00f6n\u00fc de\u011fi\u015ftirilebilir; ancak bu i\u015flem garanti kapsam\u0131na girmez.<br \/>\nBu i\u015flemi kendiniz ger\u00e7ekle\u015ftirebilirsiniz \u2013 detayl\u0131 a\u00e7\u0131klama kullan\u0131m k\u0131lavuzunda yer almaktad\u0131r ve ayr\u0131ca e\u011fitici videolar da mevcuttur.[\/vc_column_text][elx_heading text_color=&#8221;inherit&#8221;]Kurutma makinemde \u201cC7\u201d hata kodu g\u00f6r\u00fcnt\u00fcleniyor![\/elx_heading][vc_column_text]Gerekli s\u0131cakl\u0131\u011fa ula\u015fmak \u00e7ok uzun s\u00fcr\u00fcyor. Bu durum, rezistansta bir sorun oldu\u011funu g\u00f6sterebilir.<br \/>\nL\u00fctfen tiftik filtrelerinin ve yo\u011fu\u015fturucu \u00fcnitesinin temiz oldu\u011fundan emin olun.<br \/>\nE\u011fer bu bile\u015fenler temizse ve sorun devam ediyorsa, Yetkili Servis ile ileti\u015fime ge\u00e7in.[\/vc_column_text][elx_heading text_color=&#8221;inherit&#8221;]Kurutma makinemde yo\u011funla\u015fma olu\u015fuyor![\/elx_heading][vc_column_text]Cihaz\u0131n bulundu\u011fu oda \u00e7ok k\u00fc\u00e7\u00fck olabilir ve yeterli havaland\u0131rmaya sahip olmayabilir.[\/vc_column_text][elx_heading text_color=&#8221;inherit&#8221;]Kurutma makinem \u00e7al\u0131\u015fm\u0131yor\/ba\u015flat\u0131lam\u0131yor![\/elx_heading][vc_column_text]L\u00fctfen y\u00fckleme kapa\u011f\u0131n\u0131n ve hava filtresinin do\u011fru konumda oldu\u011fundan emin olun.<\/p>\n<p>E\u011fer hi\u00e7bir LED yanm\u0131yor veya ekran karanl\u0131ksa, cihaz\u0131n elektrik prizinden g\u00fc\u00e7 al\u0131p almad\u0131\u011f\u0131n\u0131 kontrol edin. E\u011fer bir LED yan\u0131yorsa, bu bir hata g\u00f6stergesi olabilir \u2013 detaylar i\u00e7in kullan\u0131m k\u0131lavuzuna bak\u0131n\u0131z.<\/p>\n<p>Ba\u015flat d\u00fc\u011fmesine yeterince uzun s\u00fcre basmam\u0131\u015f olabilirsiniz. Cihaz\u0131 s\u0131f\u0131rlamak i\u00e7in program se\u00e7ici d\u00fc\u011fmesini \u201c0\u201d konumuna getirin. 10 saniye bekledikten sonra, se\u00e7mek istedi\u011finiz programa \u00e7evirin ve ba\u015flat d\u00fc\u011fmesine 5 saniye boyunca bas\u0131l\u0131 tutun.<\/p>\n<p>E\u011fer ortam s\u0131cakl\u0131\u011f\u0131 d\u00fc\u015f\u00fckse, cihaz donma g\u00fcvenlik sistemi taraf\u0131ndan durdurulmu\u015f olabilir (t\u00fcm LED\u2019lerin yan\u0131p s\u00f6nmesiyle de g\u00f6sterilebilir). Bu sistem, cihaz\u0131n +5\u00b0C\u2019nin alt\u0131ndaki s\u0131cakl\u0131klarda \u00e7al\u0131\u015fmas\u0131n\u0131 engellemek i\u00e7in tasarlanm\u0131\u015ft\u0131r. Ortam s\u0131cakl\u0131\u011f\u0131n\u0131 art\u0131r\u0131n veya cihaz\u0131 daha s\u0131cak bir alana ta\u015f\u0131y\u0131n. E\u011fer s\u0131cakl\u0131k +5\u00b0C\u2019nin \u00fczerindeyse, cihaz\u0131n yetkili servis teknisyeni taraf\u0131ndan kontrol edilmesi gerekir.<\/p>\n<p>Ekran\u0131n sol taraf\u0131ndaki \u201cUzmanlar\u0131m\u0131zla ileti\u015fime ge\u00e7in\u201d butonuna t\u0131klayarak servis talebi olu\u015fturma hakk\u0131nda bilgi alabilir ve size en yak\u0131n yetkili servis noktas\u0131n\u0131 bulabilirsiniz.<\/p>\n<p><u>Su haznesi altta olan modeller i\u00e7in:<\/u><br \/>\nBu modellerde drenaj pompas\u0131 bulunmaz, bu nedenle suyun do\u011fal olarak akmas\u0131 gerekir. E\u011fer kurutma makinesi bir hortum arac\u0131l\u0131\u011f\u0131yla gidere ba\u011fland\u0131ysa, ba\u011flant\u0131 d\u00fczg\u00fcn yap\u0131lmam\u0131\u015f olabilir \u2013 hortumda bir k\u0131vr\u0131m olabilir veya k\u0131salt\u0131lmam\u0131\u015f olabilir. Detaylar i\u00e7in kullan\u0131m k\u0131lavuzuna bak\u0131n\u0131z.<\/p>\n<p><u>Su haznesi \u00fcstte olan modeller i\u00e7in:<\/u><br \/>\nCihaz\u0131n gidere ba\u011fl\u0131 oldu\u011fundan ve su haznesinde su bulundu\u011fundan emin olun.<br \/>\nE\u011fer modelinizde pompa varsa, drenaj hortumu \u00fcstteki k\u0131rm\u0131z\u0131 hortuma ba\u011flanmal\u0131, alttaki \u00e7\u0131k\u0131\u015fa de\u011fil. Drenaj hortumunun do\u011fru uzunlukta oldu\u011fundan ve k\u0131vr\u0131m olmad\u0131\u011f\u0131ndan emin olun. Detaylar i\u00e7in yine kullan\u0131m k\u0131lavuzuna bakabilirsiniz.[\/vc_column_text][\/vc_column][\/vc_row][vc_row][vc_column width=&#8221;2\/3&#8243;][vc_empty_space][elx_button button_text=&#8221;myPRO \u00e7ama\u015f\u0131r y\u0131kama makineleri, kurutma makineleri ve silindir \u00fct\u00fclere gidin&#8221; button_style=&#8221;icon&#8221; button_link=&#8221;url:https%3A%2F%2Fwww.electroluxprofessional.com%2Ftr%2Fticari-camasirhane-ekipmanlari%2Fmypro-yikama-kurutma-ve-silindir-utuler%2F|title:K%C3%BC%C3%A7%C3%BCk%20i%C5%9Fletmeler%20i%C3%A7in%20myPro%2C%20y%C4%B1kama%20kurutma%20ve%20silindir%20%C3%BCt%C3%BCler&#8221;][elx_button button_text=&#8221;myPROzip self-servis y\u0131kama ve kurutma makinelerine gidin&#8221; button_style=&#8221;icon&#8221; button_link=&#8221;url:https%3A%2F%2Fwww.electroluxprofessional.com%2Ftr%2Fticari-camasirhane-ekipmanlari%2Fmyprozip-self-servis-camasirhane%2F|title:myPROzip%20self-servis%20%C3%A7ama%C5%9F%C4%B1rhane&#8221;][vc_empty_space][\/vc_column][vc_column width=&#8221;1\/3&#8243;][vc_empty_space][elx_button button_text=&#8221;Uzmanlar\u0131m\u0131zla ileti\u015fime ge\u00e7in&#8221; button_style=&#8221;icon&#8221; button_link=&#8221;url:https%3A%2F%2Fwww.electroluxprofessional.com%2Ftr%2Fbayi-ve-servis-arama%2F|title:Bayi%20ve%20Servis%20Arama&#8221;][\/vc_column][\/vc_row]<\/p>\n","protected":false},"excerpt":{"rendered":"<p>[vc_row][vc_column][vc_single_image image=&#8221;5286&#8243;][elx_heading font_container=&#8221;h1&#8243; text_color=&#8221;inherit&#8221;]FAQ \u2013 myPRO Kurutma Makinesi[\/elx_heading][vc_empty_space][elx_heading text_color=&#8221;inherit&#8221;]Kurutma makinem \u0131s\u0131 \u00fcretmiyor![\/elx_heading][vc_column_text]L\u00fctfen yo\u011fu\u015fturucu \u00fcnitesinin ve filtrelerin temiz oldu\u011fundan emin olun. Ayr\u0131ca yar\u0131m y\u00fck modu d\u00fc\u011fmesi kontrol edin (detaylar i\u00e7in kullan\u0131c\u0131 k\u0131lavuzuna bak\u0131n). E\u011fer yar\u0131m y\u00fck modu d\u00fc\u011fmesi aktif de\u011filse ve sorun devam ediyorsa, rezistans ar\u0131zal\u0131 olabilir. Bu durumda \u00fcr\u00fcn\u00fcn yetkili servis teknisyeni taraf\u0131ndan kontrol edilmesi [&hellip;]<\/p>\n","protected":false},"author":64,"featured_media":0,"parent":6149,"menu_order":0,"comment_status":"closed","ping_status":"closed","template":"page-campaigns.php","meta":{"footnotes":""},"class_list":["post-21941","page","type-page","status-publish","hentry"],"acf":[],"yoast_head":"<!-- This site is optimized with the Yoast SEO plugin v23.3 - https:\/\/yoast.com\/wordpress\/plugins\/seo\/ -->\n<title>FAQ \u2013 myPRO Kurutma Makinesi - Electrolux Professional T\u00fcrkiye<\/title>\n<meta name=\"description\" content=\"Herhangi bir sorun mu var? myPRO kurutma makinesi i\u00e7in \u00e7evrimi\u00e7i yard\u0131m sayfas\u0131n\u0131 kontrol edin.\" \/>\n<meta name=\"robots\" content=\"index, follow, max-snippet:-1, max-image-preview:large, max-video-preview:-1\" \/>\n<link rel=\"canonical\" href=\"https:\/\/www.electroluxprofessional.com\/tr\/ticari-camasirhane-ekipmanlari\/mypro-yikama-kurutma-ve-silindir-utuler\/faq-mypro-kurutma-makinesi\/\" \/>\n<meta property=\"og:locale\" content=\"tr_TR\" \/>\n<meta property=\"og:type\" content=\"article\" \/>\n<meta property=\"og:title\" content=\"FAQ \u2013 myPRO Kurutma Makinesi - Electrolux Professional T\u00fcrkiye\" \/>\n<meta property=\"og:description\" content=\"Herhangi bir sorun mu var? myPRO kurutma makinesi i\u00e7in \u00e7evrimi\u00e7i yard\u0131m sayfas\u0131n\u0131 kontrol edin.\" \/>\n<meta property=\"og:url\" content=\"https:\/\/www.electroluxprofessional.com\/tr\/ticari-camasirhane-ekipmanlari\/mypro-yikama-kurutma-ve-silindir-utuler\/faq-mypro-kurutma-makinesi\/\" \/>\n<meta property=\"og:site_name\" content=\"Electrolux Professional T\u00fcrkiye\" \/>\n<meta property=\"article:modified_time\" content=\"2025-09-25T13:41:01+00:00\" \/>\n<meta name=\"twitter:card\" content=\"summary_large_image\" \/>\n<meta name=\"twitter:label1\" content=\"Tahmini okuma s\u00fcresi\" \/>\n\t<meta name=\"twitter:data1\" content=\"4 dakika\" \/>\n<script type=\"application\/ld+json\" class=\"yoast-schema-graph\">{\"@context\":\"https:\/\/schema.org\",\"@graph\":[{\"@type\":\"WebPage\",\"@id\":\"https:\/\/www.electroluxprofessional.com\/tr\/ticari-camasirhane-ekipmanlari\/mypro-yikama-kurutma-ve-silindir-utuler\/faq-mypro-kurutma-makinesi\/\",\"url\":\"https:\/\/www.electroluxprofessional.com\/tr\/ticari-camasirhane-ekipmanlari\/mypro-yikama-kurutma-ve-silindir-utuler\/faq-mypro-kurutma-makinesi\/\",\"name\":\"FAQ \u2013 myPRO Kurutma Makinesi - Electrolux Professional T\u00fcrkiye\",\"isPartOf\":{\"@id\":\"https:\/\/www.electroluxprofessional.com\/tr\/#website\"},\"datePublished\":\"2025-08-28T06:08:49+00:00\",\"dateModified\":\"2025-09-25T13:41:01+00:00\",\"description\":\"Herhangi bir sorun mu var? myPRO kurutma makinesi i\u00e7in \u00e7evrimi\u00e7i yard\u0131m sayfas\u0131n\u0131 kontrol edin.\",\"breadcrumb\":{\"@id\":\"https:\/\/www.electroluxprofessional.com\/tr\/ticari-camasirhane-ekipmanlari\/mypro-yikama-kurutma-ve-silindir-utuler\/faq-mypro-kurutma-makinesi\/#breadcrumb\"},\"inLanguage\":\"tr\",\"potentialAction\":[{\"@type\":\"ReadAction\",\"target\":[\"https:\/\/www.electroluxprofessional.com\/tr\/ticari-camasirhane-ekipmanlari\/mypro-yikama-kurutma-ve-silindir-utuler\/faq-mypro-kurutma-makinesi\/\"]}]},{\"@type\":\"BreadcrumbList\",\"@id\":\"https:\/\/www.electroluxprofessional.com\/tr\/ticari-camasirhane-ekipmanlari\/mypro-yikama-kurutma-ve-silindir-utuler\/faq-mypro-kurutma-makinesi\/#breadcrumb\",\"itemListElement\":[{\"@type\":\"ListItem\",\"position\":1,\"name\":\"Home\",\"item\":\"https:\/\/www.electroluxprofessional.com\/tr\/\"},{\"@type\":\"ListItem\",\"position\":2,\"name\":\"\u00c7ama\u015f\u0131rhane\",\"item\":\"https:\/\/www.electroluxprofessional.com\/tr\/ticari-camasirhane-ekipmanlari\/\"},{\"@type\":\"ListItem\",\"position\":3,\"name\":\"K\u00fc\u00e7\u00fck i\u015fletmeler i\u00e7in myPro, y\u0131kama kurutma ve silindir \u00fct\u00fcler\",\"item\":\"https:\/\/www.electroluxprofessional.com\/tr\/ticari-camasirhane-ekipmanlari\/mypro-yikama-kurutma-ve-silindir-utuler\/\"},{\"@type\":\"ListItem\",\"position\":4,\"name\":\"FAQ \u2013 myPRO Kurutma Makinesi\"}]},{\"@type\":\"WebSite\",\"@id\":\"https:\/\/www.electroluxprofessional.com\/tr\/#website\",\"url\":\"https:\/\/www.electroluxprofessional.com\/tr\/\",\"name\":\"Electrolux Professional T\u00fcrkiye\",\"description\":\"\",\"potentialAction\":[{\"@type\":\"SearchAction\",\"target\":{\"@type\":\"EntryPoint\",\"urlTemplate\":\"https:\/\/www.electroluxprofessional.com\/tr\/?src={search_term_string}\"},\"query-input\":\"required name=search_term_string\"}],\"inLanguage\":\"tr\"}]}<\/script>\n<!-- \/ Yoast SEO plugin. -->","yoast_head_json":{"title":"FAQ \u2013 myPRO Kurutma Makinesi - Electrolux Professional T\u00fcrkiye","description":"Herhangi bir sorun mu var? myPRO kurutma makinesi i\u00e7in \u00e7evrimi\u00e7i yard\u0131m sayfas\u0131n\u0131 kontrol edin.","robots":{"index":"index","follow":"follow","max-snippet":"max-snippet:-1","max-image-preview":"max-image-preview:large","max-video-preview":"max-video-preview:-1"},"canonical":"https:\/\/www.electroluxprofessional.com\/tr\/ticari-camasirhane-ekipmanlari\/mypro-yikama-kurutma-ve-silindir-utuler\/faq-mypro-kurutma-makinesi\/","og_locale":"tr_TR","og_type":"article","og_title":"FAQ \u2013 myPRO Kurutma Makinesi - Electrolux Professional T\u00fcrkiye","og_description":"Herhangi bir sorun mu var? myPRO kurutma makinesi i\u00e7in \u00e7evrimi\u00e7i yard\u0131m sayfas\u0131n\u0131 kontrol edin.","og_url":"https:\/\/www.electroluxprofessional.com\/tr\/ticari-camasirhane-ekipmanlari\/mypro-yikama-kurutma-ve-silindir-utuler\/faq-mypro-kurutma-makinesi\/","og_site_name":"Electrolux Professional T\u00fcrkiye","article_modified_time":"2025-09-25T13:41:01+00:00","twitter_card":"summary_large_image","twitter_misc":{"Tahmini okuma s\u00fcresi":"4 dakika"},"schema":{"@context":"https:\/\/schema.org","@graph":[{"@type":"WebPage","@id":"https:\/\/www.electroluxprofessional.com\/tr\/ticari-camasirhane-ekipmanlari\/mypro-yikama-kurutma-ve-silindir-utuler\/faq-mypro-kurutma-makinesi\/","url":"https:\/\/www.electroluxprofessional.com\/tr\/ticari-camasirhane-ekipmanlari\/mypro-yikama-kurutma-ve-silindir-utuler\/faq-mypro-kurutma-makinesi\/","name":"FAQ \u2013 myPRO Kurutma Makinesi - Electrolux Professional T\u00fcrkiye","isPartOf":{"@id":"https:\/\/www.electroluxprofessional.com\/tr\/#website"},"datePublished":"2025-08-28T06:08:49+00:00","dateModified":"2025-09-25T13:41:01+00:00","description":"Herhangi bir sorun mu var? myPRO kurutma makinesi i\u00e7in \u00e7evrimi\u00e7i yard\u0131m sayfas\u0131n\u0131 kontrol edin.","breadcrumb":{"@id":"https:\/\/www.electroluxprofessional.com\/tr\/ticari-camasirhane-ekipmanlari\/mypro-yikama-kurutma-ve-silindir-utuler\/faq-mypro-kurutma-makinesi\/#breadcrumb"},"inLanguage":"tr","potentialAction":[{"@type":"ReadAction","target":["https:\/\/www.electroluxprofessional.com\/tr\/ticari-camasirhane-ekipmanlari\/mypro-yikama-kurutma-ve-silindir-utuler\/faq-mypro-kurutma-makinesi\/"]}]},{"@type":"BreadcrumbList","@id":"https:\/\/www.electroluxprofessional.com\/tr\/ticari-camasirhane-ekipmanlari\/mypro-yikama-kurutma-ve-silindir-utuler\/faq-mypro-kurutma-makinesi\/#breadcrumb","itemListElement":[{"@type":"ListItem","position":1,"name":"Home","item":"https:\/\/www.electroluxprofessional.com\/tr\/"},{"@type":"ListItem","position":2,"name":"\u00c7ama\u015f\u0131rhane","item":"https:\/\/www.electroluxprofessional.com\/tr\/ticari-camasirhane-ekipmanlari\/"},{"@type":"ListItem","position":3,"name":"K\u00fc\u00e7\u00fck i\u015fletmeler i\u00e7in myPro, y\u0131kama kurutma ve silindir \u00fct\u00fcler","item":"https:\/\/www.electroluxprofessional.com\/tr\/ticari-camasirhane-ekipmanlari\/mypro-yikama-kurutma-ve-silindir-utuler\/"},{"@type":"ListItem","position":4,"name":"FAQ \u2013 myPRO Kurutma Makinesi"}]},{"@type":"WebSite","@id":"https:\/\/www.electroluxprofessional.com\/tr\/#website","url":"https:\/\/www.electroluxprofessional.com\/tr\/","name":"Electrolux Professional T\u00fcrkiye","description":"","potentialAction":[{"@type":"SearchAction","target":{"@type":"EntryPoint","urlTemplate":"https:\/\/www.electroluxprofessional.com\/tr\/?src={search_term_string}"},"query-input":"required name=search_term_string"}],"inLanguage":"tr"}]}},"_links":{"self":[{"href":"https:\/\/www.electroluxprofessional.com\/tr\/wp-json\/wp\/v2\/pages\/21941"}],"collection":[{"href":"https:\/\/www.electroluxprofessional.com\/tr\/wp-json\/wp\/v2\/pages"}],"about":[{"href":"https:\/\/www.electroluxprofessional.com\/tr\/wp-json\/wp\/v2\/types\/page"}],"author":[{"embeddable":true,"href":"https:\/\/www.electroluxprofessional.com\/tr\/wp-json\/wp\/v2\/users\/64"}],"replies":[{"embeddable":true,"href":"https:\/\/www.electroluxprofessional.com\/tr\/wp-json\/wp\/v2\/comments?post=21941"}],"version-history":[{"count":16,"href":"https:\/\/www.electroluxprofessional.com\/tr\/wp-json\/wp\/v2\/pages\/21941\/revisions"}],"predecessor-version":[{"id":22407,"href":"https:\/\/www.electroluxprofessional.com\/tr\/wp-json\/wp\/v2\/pages\/21941\/revisions\/22407"}],"up":[{"embeddable":true,"href":"https:\/\/www.electroluxprofessional.com\/tr\/wp-json\/wp\/v2\/pages\/6149"}],"wp:attachment":[{"href":"https:\/\/www.electroluxprofessional.com\/tr\/wp-json\/wp\/v2\/media?parent=21941"}],"curies":[{"name":"wp","href":"https:\/\/api.w.org\/{rel}","templated":true}]}}