{"id":21916,"date":"2025-08-27T14:11:57","date_gmt":"2025-08-27T14:11:57","guid":{"rendered":"https:\/\/www.electroluxprofessional.com\/tr\/?page_id=21916"},"modified":"2025-10-21T14:39:07","modified_gmt":"2025-10-21T14:39:07","slug":"mukemmelik-merkezleri-electrolux-professional","status":"publish","type":"page","link":"https:\/\/www.electroluxprofessional.com\/tr\/sefin-dunyasi\/mukemmelik-merkezleri-electrolux-professional\/","title":{"rendered":"CoE &#8211; M\u00fckemmelik Merkezleri"},"content":{"rendered":"<p>[vc_row full_width=&#8221;electroluxpro-full-width-no-padding&#8221;][vc_column][vc_single_image image=&#8221;21914&#8243; img_size=&#8221;full&#8221; alignment=&#8221;center&#8221;][\/vc_column][\/vc_row][vc_row][vc_column][vc_empty_space][vc_single_image image=&#8221;6666&#8243; img_size=&#8221;medium&#8221; alignment=&#8221;center&#8221;][vc_empty_space][vc_column_text]<\/p>\n<p style=\"text-align: center;\">Electrolux Professional, m\u00fc\u015fterilerine <strong>yenilik\u00e7i e\u011fitim konseptleri<\/strong> ve markas\u0131yla birlikte sundu\u011fu \u00e7e\u015fitli \u00e7\u00f6z\u00fcmler arac\u0131l\u0131\u011f\u0131yla <strong>unutulmaz deneyimler<\/strong> sunmaya kendini adam\u0131\u015ft\u0131r.<\/p>\n<p style=\"text-align: center;\">Mutfak k\u00fclt\u00fcr\u00fc ile teknolojinin bulu\u015ftu\u011fu noktada, deneyime ve m\u00fc\u015fteri diyalo\u011funa dayal\u0131 bir \u00f6\u011frenme y\u00f6ntemi ortaya \u00e7\u0131kar. Bu y\u00f6ntem, i\u015fine benzersiz bir yakla\u015f\u0131m getiren konaklama sekt\u00f6r\u00fc profesyonellerine \u00f6zel olarak geli\u015ftirilmi\u015ftir.<\/p>\n<p>[\/vc_column_text][vc_empty_space][vc_column_text]<\/p>\n<h2><\/h2>\n<h2 style=\"text-align: center;\">M\u00fckemmeliyet Merkezimiz (CoE) i\u00e7in<br \/>\nvideo turunu izleyin<\/h2>\n<p>[\/vc_column_text][vc_empty_space][vc_row_inner][vc_column_inner width=&#8221;1\/4&#8243;][vc_empty_space][\/vc_column_inner][vc_column_inner width=&#8221;1\/2&#8243;][elx_video_block background_image=&#8221;21912&#8243; video_link=&#8221;https:\/\/www.youtube.com\/watch?v=xGyBWkJcIqQ&#8221; minimum_height=&#8221;312px&#8221;][\/vc_column_inner][vc_column_inner width=&#8221;1\/4&#8243;][vc_empty_space][\/vc_column_inner][\/vc_row_inner][\/vc_column][\/vc_row][vc_row][vc_column][vc_row_inner][vc_column_inner][vc_empty_space][elx_heading font_size=&#8221;h1&#8243; text_color=&#8221;inherit&#8221; text_align=&#8221;text-center&#8221;]D\u00fcnya genelindeki M\u00fckemmeliyet Merkezleri (CoE)[\/elx_heading][vc_empty_space][vc_column_text]<\/p>\n<p style=\"text-align: center;\">Showroom\u2019umuzun i\u00e7indeki 3D deneyimi ya\u015famak i\u00e7in<br \/>\nharitaya t\u0131klay\u0131n<\/p>\n<p>[\/vc_column_text][vc_single_image image=&#8221;21915&#8243; img_size=&#8221;full&#8221; alignment=&#8221;center&#8221; onclick=&#8221;custom_link&#8221; link=&#8221;https:\/\/www.electroluxprofessional.com\/tr\/sefin-dunyasi\/mukemmellik-merkezi-sanal-tur\/&#8221;][\/vc_column_inner][\/vc_row_inner][\/vc_column][\/vc_row][vc_row][vc_column][vc_empty_space][vc_column_text]<strong>Electrolux Professional\u2019\u0131n d\u00fcnya genelindeki showroom ve e\u011fitim merkezleri olan M\u00fckemmeliyet Merkezleri<\/strong>, tam da bu ama\u00e7la hayata ge\u00e7irildi.<\/p>\n<p><strong>Yiyecek, \u0130\u00e7ecek ve \u00c7ama\u015f\u0131rhane<\/strong> alanlar\u0131nda en yenilik\u00e7i ve ikonik \u00e7\u00f6z\u00fcmlerle donat\u0131lan bu merkezler, \u00fcr\u00fcnlerin t\u00fcm potansiyelini sergileyerek, m\u00fc\u015fterilerimizin i\u015f ya\u015fam\u0131n\u0131 her g\u00fcn daha kolay, daha k\u00e2rl\u0131 ve ger\u00e7ekten s\u00fcrd\u00fcr\u00fclebilir k\u0131lma misyonumuzu yans\u0131t\u0131r.[\/vc_column_text][\/vc_column][\/vc_row][vc_row][vc_column][vc_empty_space height=&#8221;16px&#8221;][elx_heading text_color=&#8221;inherit&#8221;]M\u00fckemmeliyet Merkezlerimizde tam deneyimi ya\u015fay\u0131n[\/elx_heading][vc_empty_space height=&#8221;16px&#8221;][\/vc_column][\/vc_row][vc_row][vc_column][vc_column_text]Electrolux Professional <strong>M\u00fckemmeliyet Merkezleri (CoE)<\/strong>, tamamen <strong>\u00f6zelle\u015ftirilmi\u015f ve kapsaml\u0131 bir deneyim sunmak \u00fczere tasarlanm\u0131\u015ft\u0131r<\/strong>. Misafirler, markam\u0131z\u0131n Yiyecek, \u0130\u00e7ecek ve \u00c7ama\u015f\u0131rhane alanlar\u0131ndaki <strong>\u00f6nc\u00fc inovasyonlar\u0131n\u0131 ke\u015ffederken<\/strong>, Electrolux Professional\u2019\u0131n \u00fcr\u00fcn portf\u00f6y\u00fcne ve m\u00fc\u015fteri hizmetlerine derinlemesine bir yolculu\u011fa davet edilir.<br \/>\nE\u011fitim mutfaklar\u0131nda d\u00fczenlenen <strong>seminerler, etkinlikler ve canl\u0131 uygulamalar<\/strong> sayesinde, kat\u0131l\u0131mc\u0131lar hem bilgi edinir hem de deneyim ya\u015far.[\/vc_column_text][vc_empty_space][\/vc_column][\/vc_row][vc_row][vc_column width=&#8221;1\/4&#8243;][elx_image_block background_image=&#8221;6658&#8243; minimum_height=&#8221;300px&#8221;][\/vc_column][vc_column width=&#8221;1\/4&#8243;][elx_image_block background_image=&#8221;21913&#8243; minimum_height=&#8221;300px&#8221;][\/vc_column][vc_column width=&#8221;1\/4&#8243;][elx_image_block background_image=&#8221;6660&#8243; minimum_height=&#8221;300px&#8221;][\/vc_column][vc_column width=&#8221;1\/4&#8243;][elx_image_block background_image=&#8221;6661&#8243; minimum_height=&#8221;300px&#8221;][\/vc_column][\/vc_row][vc_row disable_element=&#8221;yes&#8221;][vc_column width=&#8221;1\/2&#8243;][elx_image_block background_image=&#8221;6662&#8243; minimum_height=&#8221;300px&#8221;][\/vc_column][vc_column width=&#8221;1\/2&#8243;][elx_image_block background_image=&#8221;6663&#8243; minimum_height=&#8221;300px&#8221;][\/vc_column][\/vc_row][vc_row][vc_column][vc_empty_space][vc_column_text]<a href=\"https:\/\/www.electroluxprofessional.com\/tr\/sefin-dunyasi\/electrolux-sef-akademi\/\">Electrolux Professional \u015eef Akademisi\u2019nden<\/a> <strong>bir \u015fef ekibi<\/strong>, \u00fcr\u00fcn ve m\u00fc\u015fteri segmenti uzmanlar\u0131, ziyaret\u00e7ilerin yolculu\u011funu tamamen ki\u015fisel ihtiya\u00e7 ve beklentilere g\u00f6re \u015fekillendirmek \u00fczere haz\u0131r bulunur. Bu nedenle M\u00fckemmeliyet Merkezlerinde ya\u015fanan <strong>her deneyim benzersizdir<\/strong> \u2013 <strong>m\u00fc\u015fterilerin \u00f6nceliklerine g\u00f6re uyarlan\u0131r ve i\u015f hedeflerine en uygun \u015fekilde geli\u015ftirilir<\/strong>; d\u00fcnyan\u0131n neresinden gelirlerse gelsinler.<\/p>\n<p>M\u00fckemmeliyet Merkezleri ayn\u0131 zamanda, en yeni g\u0131da trendlerinin sergilendi\u011fi, <strong>a\u011f kurma ve \u00f6\u011frenme f\u0131rsatlar\u0131n\u0131n olu\u015fturuldu\u011fu<\/strong>, mutfak k\u00fclt\u00fcrlerinin ve geleneklerinin birle\u015fti\u011fi <strong>k\u00fcresel merkezlerdir<\/strong>. Bu alanlarda fikirler payla\u015f\u0131l\u0131r, ileri teknikler tan\u0131t\u0131l\u0131r ve sekt\u00f6r profesyonelleri bir araya gelir.[\/vc_column_text][vc_empty_space][\/vc_column][\/vc_row][vc_row][vc_column width=&#8221;1\/3&#8243;][vc_single_image image=&#8221;6668&#8243; img_size=&#8221;full&#8221; alignment=&#8221;center&#8221;][\/vc_column][vc_column width=&#8221;1\/3&#8243;][vc_single_image image=&#8221;6669&#8243; img_size=&#8221;full&#8221; alignment=&#8221;center&#8221;][\/vc_column][vc_column width=&#8221;1\/3&#8243;][vc_single_image image=&#8221;6670&#8243; img_size=&#8221;full&#8221; alignment=&#8221;center&#8221;][\/vc_column][\/vc_row][vc_row][vc_column][vc_empty_space][elx_heading text_color=&#8221;inherit&#8221;]\u0130talya\u2019daki M\u00fckemmelik Merkezi[\/elx_heading][vc_empty_space][\/vc_column][\/vc_row][vc_row][vc_column width=&#8221;1\/2&#8243;][vc_column_text]Electrolux Professional\u2019\u0131n \u0130talya\u2019daki M\u00fckemmeliyet Merkezi, Vallenoncello, Pordenone\u2019da yer al\u0131r. Yakla\u015f\u0131k <strong>3,500 m<sup>2<\/sup> <\/strong> b\u00fcy\u00fckl\u00fc\u011f\u00fcndeki bu merkez, e\u011fitim ve showroom alan\u0131 olarak kullan\u0131lmaktad\u0131r. Yiyecek, \u0130\u00e7ecek ve \u00c7ama\u015f\u0131rhane \u00fcr\u00fcnlerimizin tamam\u0131 burada sergilenmektedir.<\/p>\n<p>Merkezde yer alan<strong> be\u015f tam donan\u0131ml\u0131 mutfak<\/strong>, modern ve i\u015flevsel yap\u0131lar\u0131yla misafirlere <a href=\"https:\/\/www.electroluxprofessional.com\/tr\/sefin-dunyasi\/electrolux-sef-akademi\/\"><strong>Electrolux Professional \u015eef Akademisi<\/strong><\/a> ve \u00fcr\u00fcn\/m\u00fc\u015fteri segmenti uzmanlar\u0131 e\u015fli\u011finde, \u00e7\u0131\u011f\u0131r a\u00e7an bir <strong>e\u011fitim yakla\u015f\u0131m\u0131n\u0131n keyfini \u201ctatma\u201d<\/strong> f\u0131rsat\u0131 sunar.[\/vc_column_text][\/vc_column][vc_column width=&#8221;1\/2&#8243;][elx_image_block background_image=&#8221;6664&#8243; minimum_height=&#8221;300px&#8221;][vc_empty_space][\/vc_column][\/vc_row][vc_row][vc_column width=&#8221;1\/2&#8243;][elx_simple_link_block link=&#8221;Enter the link of the block&#8221; text_align=&#8221;text-left&#8221; text_color=&#8221;inherit&#8221; background_color=&#8221;inherit&#8221; background_hover_color=&#8221;darker-hover&#8221; extra_class=&#8221;&#8221; reveal_effect=&#8221;&#8221; reveal_duration=&#8221;&#8221; reveal_delay=&#8221;&#8221;][vc_single_image image=&#8221;6671&#8243; img_size=&#8221;full&#8221;][\/elx_simple_link_block][\/vc_column][vc_column width=&#8221;1\/2&#8243;][vc_column_text]<strong>Canl\u0131 pi\u015firme g\u00f6sterileri<\/strong>, deneyim payla\u015fmak, yeni fikirler edinmek ve mutfakta i\u015f ya\u015fam\u0131n\u0131n nas\u0131l daha kolay, g\u00fcvenli ve verimli hale gelebilece\u011fini ke\u015ffetmek i\u00e7in e\u015fsiz bir f\u0131rsatt\u0131r.<\/p>\n<p>Electrolux Professional \u00e7\u00f6z\u00fcmleri sayesinde mutfaklar daha ak\u0131ll\u0131 \u00e7al\u0131\u015f\u0131r, s\u00fcre\u00e7ler sadele\u015fir ve k\u00e2rl\u0131l\u0131k artar.[\/vc_column_text][vc_empty_space][vc_column_text]D\u00fcnya genelindeki M\u00fckemmeliyet Merkezlerimizi ziyaret etmek i\u00e7in size en yak\u0131n Electrolux Professional sat\u0131\u015f temsilcisiyle ileti\u015fime ge\u00e7in.<\/p>\n<p><strong>Sizin i\u00e7in tasarlad\u0131\u011f\u0131m\u0131z f\u0131rsatlar d\u00fcnyas\u0131n\u0131 ke\u015ffedin.<\/strong>[\/vc_column_text][\/vc_column][\/vc_row][vc_row][vc_column][vc_empty_space][elx_heading font_container=&#8221;h3&#8243; text_color=&#8221;inherit&#8221;]Sizin i\u00e7in \u00f6nerilenler[\/elx_heading][\/vc_column][\/vc_row][vc_row][vc_column width=&#8221;1\/3&#8243;][elx_maylike_box id_box=&#8221;1149&#8243;][\/vc_column][vc_column width=&#8221;1\/3&#8243;][elx_maylike_box id_box=&#8221;1143&#8243;][\/vc_column][vc_column width=&#8221;1\/3&#8243;][elx_maylike_box id_box=&#8221;1148&#8243;][\/vc_column][\/vc_row]<\/p>\n","protected":false},"excerpt":{"rendered":"<p>[vc_row full_width=&#8221;electroluxpro-full-width-no-padding&#8221;][vc_column][vc_single_image image=&#8221;21914&#8243; img_size=&#8221;full&#8221; alignment=&#8221;center&#8221;][\/vc_column][\/vc_row][vc_row][vc_column][vc_empty_space][vc_single_image image=&#8221;6666&#8243; img_size=&#8221;medium&#8221; alignment=&#8221;center&#8221;][vc_empty_space][vc_column_text] Electrolux Professional, m\u00fc\u015fterilerine yenilik\u00e7i e\u011fitim konseptleri ve markas\u0131yla birlikte sundu\u011fu \u00e7e\u015fitli \u00e7\u00f6z\u00fcmler arac\u0131l\u0131\u011f\u0131yla unutulmaz deneyimler sunmaya kendini adam\u0131\u015ft\u0131r. Mutfak k\u00fclt\u00fcr\u00fc ile teknolojinin bulu\u015ftu\u011fu noktada, deneyime ve m\u00fc\u015fteri diyalo\u011funa dayal\u0131 bir \u00f6\u011frenme y\u00f6ntemi ortaya \u00e7\u0131kar. Bu y\u00f6ntem, i\u015fine benzersiz bir yakla\u015f\u0131m getiren konaklama sekt\u00f6r\u00fc profesyonellerine \u00f6zel olarak geli\u015ftirilmi\u015ftir. [&hellip;]<\/p>\n","protected":false},"author":64,"featured_media":21911,"parent":1152,"menu_order":0,"comment_status":"closed","ping_status":"closed","template":"","meta":{"footnotes":""},"class_list":["post-21916","page","type-page","status-publish","has-post-thumbnail","hentry"],"acf":[],"yoast_head":"<!-- This site is optimized with the Yoast SEO plugin v23.3 - https:\/\/yoast.com\/wordpress\/plugins\/seo\/ -->\n<title>CoE - M\u00fckemmelik Merkezleri - Electrolux Professional T\u00fcrkiye<\/title>\n<meta name=\"description\" content=\"Electrolux \u015eef Akademisi\u2019nden 17 M\u00fckemmeliyet Merkezi ve 70\u2019ten fazla \u015fef, d\u00fcnya genelinde seminerler, e\u011fitimler, at\u00f6lye \u00e7al\u0131\u015fmalar\u0131 ve etkinliklerle aktif olarak hizmet vermektedir.\" \/>\n<meta name=\"robots\" content=\"index, follow, max-snippet:-1, max-image-preview:large, max-video-preview:-1\" \/>\n<link rel=\"canonical\" href=\"https:\/\/www.electroluxprofessional.com\/tr\/sefin-dunyasi\/mukemmelik-merkezleri-electrolux-professional\/\" \/>\n<meta property=\"og:locale\" content=\"tr_TR\" \/>\n<meta property=\"og:type\" content=\"article\" \/>\n<meta property=\"og:title\" content=\"CoE - M\u00fckemmelik Merkezleri - Electrolux Professional T\u00fcrkiye\" \/>\n<meta property=\"og:description\" content=\"Electrolux \u015eef Akademisi\u2019nden 17 M\u00fckemmeliyet Merkezi ve 70\u2019ten fazla \u015fef, d\u00fcnya genelinde seminerler, e\u011fitimler, at\u00f6lye \u00e7al\u0131\u015fmalar\u0131 ve etkinliklerle aktif olarak hizmet vermektedir.\" \/>\n<meta property=\"og:url\" content=\"https:\/\/www.electroluxprofessional.com\/tr\/sefin-dunyasi\/mukemmelik-merkezleri-electrolux-professional\/\" \/>\n<meta property=\"og:site_name\" content=\"Electrolux Professional T\u00fcrkiye\" \/>\n<meta property=\"article:modified_time\" content=\"2025-10-21T14:39:07+00:00\" \/>\n<meta property=\"og:image\" content=\"https:\/\/www.electroluxprofessional.com\/tr\/wp-content\/uploads\/2025\/08\/CoE-kitchen-scaled.jpg\" \/>\n\t<meta property=\"og:image:width\" content=\"2560\" \/>\n\t<meta property=\"og:image:height\" content=\"1707\" \/>\n\t<meta property=\"og:image:type\" content=\"image\/jpeg\" \/>\n<meta name=\"twitter:card\" content=\"summary_large_image\" \/>\n<meta name=\"twitter:label1\" content=\"Tahmini okuma s\u00fcresi\" \/>\n\t<meta name=\"twitter:data1\" content=\"4 dakika\" \/>\n<script type=\"application\/ld+json\" class=\"yoast-schema-graph\">{\"@context\":\"https:\/\/schema.org\",\"@graph\":[{\"@type\":\"WebPage\",\"@id\":\"https:\/\/www.electroluxprofessional.com\/tr\/sefin-dunyasi\/mukemmelik-merkezleri-electrolux-professional\/\",\"url\":\"https:\/\/www.electroluxprofessional.com\/tr\/sefin-dunyasi\/mukemmelik-merkezleri-electrolux-professional\/\",\"name\":\"CoE - M\u00fckemmelik Merkezleri - Electrolux Professional T\u00fcrkiye\",\"isPartOf\":{\"@id\":\"https:\/\/www.electroluxprofessional.com\/tr\/#website\"},\"primaryImageOfPage\":{\"@id\":\"https:\/\/www.electroluxprofessional.com\/tr\/sefin-dunyasi\/mukemmelik-merkezleri-electrolux-professional\/#primaryimage\"},\"image\":{\"@id\":\"https:\/\/www.electroluxprofessional.com\/tr\/sefin-dunyasi\/mukemmelik-merkezleri-electrolux-professional\/#primaryimage\"},\"thumbnailUrl\":\"https:\/\/www.electroluxprofessional.com\/tr\/wp-content\/uploads\/2025\/08\/CoE-kitchen-scaled.jpg\",\"datePublished\":\"2025-08-27T14:11:57+00:00\",\"dateModified\":\"2025-10-21T14:39:07+00:00\",\"description\":\"Electrolux \u015eef Akademisi\u2019nden 17 M\u00fckemmeliyet Merkezi ve 70\u2019ten fazla \u015fef, d\u00fcnya genelinde seminerler, e\u011fitimler, at\u00f6lye \u00e7al\u0131\u015fmalar\u0131 ve etkinliklerle aktif olarak hizmet vermektedir.\",\"breadcrumb\":{\"@id\":\"https:\/\/www.electroluxprofessional.com\/tr\/sefin-dunyasi\/mukemmelik-merkezleri-electrolux-professional\/#breadcrumb\"},\"inLanguage\":\"tr\",\"potentialAction\":[{\"@type\":\"ReadAction\",\"target\":[\"https:\/\/www.electroluxprofessional.com\/tr\/sefin-dunyasi\/mukemmelik-merkezleri-electrolux-professional\/\"]}]},{\"@type\":\"ImageObject\",\"inLanguage\":\"tr\",\"@id\":\"https:\/\/www.electroluxprofessional.com\/tr\/sefin-dunyasi\/mukemmelik-merkezleri-electrolux-professional\/#primaryimage\",\"url\":\"https:\/\/www.electroluxprofessional.com\/tr\/wp-content\/uploads\/2025\/08\/CoE-kitchen-scaled.jpg\",\"contentUrl\":\"https:\/\/www.electroluxprofessional.com\/tr\/wp-content\/uploads\/2025\/08\/CoE-kitchen-scaled.jpg\",\"width\":2560,\"height\":1707},{\"@type\":\"BreadcrumbList\",\"@id\":\"https:\/\/www.electroluxprofessional.com\/tr\/sefin-dunyasi\/mukemmelik-merkezleri-electrolux-professional\/#breadcrumb\",\"itemListElement\":[{\"@type\":\"ListItem\",\"position\":1,\"name\":\"Home\",\"item\":\"https:\/\/www.electroluxprofessional.com\/tr\/\"},{\"@type\":\"ListItem\",\"position\":2,\"name\":\"\u015eef&#8217;in D\u00fcnyas\u0131\",\"item\":\"https:\/\/www.electroluxprofessional.com\/tr\/sefin-dunyasi\/\"},{\"@type\":\"ListItem\",\"position\":3,\"name\":\"CoE &#8211; M\u00fckemmelik Merkezleri\"}]},{\"@type\":\"WebSite\",\"@id\":\"https:\/\/www.electroluxprofessional.com\/tr\/#website\",\"url\":\"https:\/\/www.electroluxprofessional.com\/tr\/\",\"name\":\"Electrolux Professional T\u00fcrkiye\",\"description\":\"\",\"potentialAction\":[{\"@type\":\"SearchAction\",\"target\":{\"@type\":\"EntryPoint\",\"urlTemplate\":\"https:\/\/www.electroluxprofessional.com\/tr\/?src={search_term_string}\"},\"query-input\":\"required name=search_term_string\"}],\"inLanguage\":\"tr\"}]}<\/script>\n<!-- \/ Yoast SEO plugin. -->","yoast_head_json":{"title":"CoE - M\u00fckemmelik Merkezleri - Electrolux Professional T\u00fcrkiye","description":"Electrolux \u015eef Akademisi\u2019nden 17 M\u00fckemmeliyet Merkezi ve 70\u2019ten fazla \u015fef, d\u00fcnya genelinde seminerler, e\u011fitimler, at\u00f6lye \u00e7al\u0131\u015fmalar\u0131 ve etkinliklerle aktif olarak hizmet vermektedir.","robots":{"index":"index","follow":"follow","max-snippet":"max-snippet:-1","max-image-preview":"max-image-preview:large","max-video-preview":"max-video-preview:-1"},"canonical":"https:\/\/www.electroluxprofessional.com\/tr\/sefin-dunyasi\/mukemmelik-merkezleri-electrolux-professional\/","og_locale":"tr_TR","og_type":"article","og_title":"CoE - M\u00fckemmelik Merkezleri - Electrolux Professional T\u00fcrkiye","og_description":"Electrolux \u015eef Akademisi\u2019nden 17 M\u00fckemmeliyet Merkezi ve 70\u2019ten fazla \u015fef, d\u00fcnya genelinde seminerler, e\u011fitimler, at\u00f6lye \u00e7al\u0131\u015fmalar\u0131 ve etkinliklerle aktif olarak hizmet vermektedir.","og_url":"https:\/\/www.electroluxprofessional.com\/tr\/sefin-dunyasi\/mukemmelik-merkezleri-electrolux-professional\/","og_site_name":"Electrolux Professional T\u00fcrkiye","article_modified_time":"2025-10-21T14:39:07+00:00","og_image":[{"width":2560,"height":1707,"url":"https:\/\/www.electroluxprofessional.com\/tr\/wp-content\/uploads\/2025\/08\/CoE-kitchen-scaled.jpg","type":"image\/jpeg"}],"twitter_card":"summary_large_image","twitter_misc":{"Tahmini okuma s\u00fcresi":"4 dakika"},"schema":{"@context":"https:\/\/schema.org","@graph":[{"@type":"WebPage","@id":"https:\/\/www.electroluxprofessional.com\/tr\/sefin-dunyasi\/mukemmelik-merkezleri-electrolux-professional\/","url":"https:\/\/www.electroluxprofessional.com\/tr\/sefin-dunyasi\/mukemmelik-merkezleri-electrolux-professional\/","name":"CoE - M\u00fckemmelik Merkezleri - Electrolux Professional T\u00fcrkiye","isPartOf":{"@id":"https:\/\/www.electroluxprofessional.com\/tr\/#website"},"primaryImageOfPage":{"@id":"https:\/\/www.electroluxprofessional.com\/tr\/sefin-dunyasi\/mukemmelik-merkezleri-electrolux-professional\/#primaryimage"},"image":{"@id":"https:\/\/www.electroluxprofessional.com\/tr\/sefin-dunyasi\/mukemmelik-merkezleri-electrolux-professional\/#primaryimage"},"thumbnailUrl":"https:\/\/www.electroluxprofessional.com\/tr\/wp-content\/uploads\/2025\/08\/CoE-kitchen-scaled.jpg","datePublished":"2025-08-27T14:11:57+00:00","dateModified":"2025-10-21T14:39:07+00:00","description":"Electrolux \u015eef Akademisi\u2019nden 17 M\u00fckemmeliyet Merkezi ve 70\u2019ten fazla \u015fef, d\u00fcnya genelinde seminerler, e\u011fitimler, at\u00f6lye \u00e7al\u0131\u015fmalar\u0131 ve etkinliklerle aktif olarak hizmet vermektedir.","breadcrumb":{"@id":"https:\/\/www.electroluxprofessional.com\/tr\/sefin-dunyasi\/mukemmelik-merkezleri-electrolux-professional\/#breadcrumb"},"inLanguage":"tr","potentialAction":[{"@type":"ReadAction","target":["https:\/\/www.electroluxprofessional.com\/tr\/sefin-dunyasi\/mukemmelik-merkezleri-electrolux-professional\/"]}]},{"@type":"ImageObject","inLanguage":"tr","@id":"https:\/\/www.electroluxprofessional.com\/tr\/sefin-dunyasi\/mukemmelik-merkezleri-electrolux-professional\/#primaryimage","url":"https:\/\/www.electroluxprofessional.com\/tr\/wp-content\/uploads\/2025\/08\/CoE-kitchen-scaled.jpg","contentUrl":"https:\/\/www.electroluxprofessional.com\/tr\/wp-content\/uploads\/2025\/08\/CoE-kitchen-scaled.jpg","width":2560,"height":1707},{"@type":"BreadcrumbList","@id":"https:\/\/www.electroluxprofessional.com\/tr\/sefin-dunyasi\/mukemmelik-merkezleri-electrolux-professional\/#breadcrumb","itemListElement":[{"@type":"ListItem","position":1,"name":"Home","item":"https:\/\/www.electroluxprofessional.com\/tr\/"},{"@type":"ListItem","position":2,"name":"\u015eef&#8217;in D\u00fcnyas\u0131","item":"https:\/\/www.electroluxprofessional.com\/tr\/sefin-dunyasi\/"},{"@type":"ListItem","position":3,"name":"CoE &#8211; M\u00fckemmelik Merkezleri"}]},{"@type":"WebSite","@id":"https:\/\/www.electroluxprofessional.com\/tr\/#website","url":"https:\/\/www.electroluxprofessional.com\/tr\/","name":"Electrolux Professional T\u00fcrkiye","description":"","potentialAction":[{"@type":"SearchAction","target":{"@type":"EntryPoint","urlTemplate":"https:\/\/www.electroluxprofessional.com\/tr\/?src={search_term_string}"},"query-input":"required name=search_term_string"}],"inLanguage":"tr"}]}},"_links":{"self":[{"href":"https:\/\/www.electroluxprofessional.com\/tr\/wp-json\/wp\/v2\/pages\/21916"}],"collection":[{"href":"https:\/\/www.electroluxprofessional.com\/tr\/wp-json\/wp\/v2\/pages"}],"about":[{"href":"https:\/\/www.electroluxprofessional.com\/tr\/wp-json\/wp\/v2\/types\/page"}],"author":[{"embeddable":true,"href":"https:\/\/www.electroluxprofessional.com\/tr\/wp-json\/wp\/v2\/users\/64"}],"replies":[{"embeddable":true,"href":"https:\/\/www.electroluxprofessional.com\/tr\/wp-json\/wp\/v2\/comments?post=21916"}],"version-history":[{"count":11,"href":"https:\/\/www.electroluxprofessional.com\/tr\/wp-json\/wp\/v2\/pages\/21916\/revisions"}],"predecessor-version":[{"id":22722,"href":"https:\/\/www.electroluxprofessional.com\/tr\/wp-json\/wp\/v2\/pages\/21916\/revisions\/22722"}],"up":[{"embeddable":true,"href":"https:\/\/www.electroluxprofessional.com\/tr\/wp-json\/wp\/v2\/pages\/1152"}],"wp:featuredmedia":[{"embeddable":true,"href":"https:\/\/www.electroluxprofessional.com\/tr\/wp-json\/wp\/v2\/media\/21911"}],"wp:attachment":[{"href":"https:\/\/www.electroluxprofessional.com\/tr\/wp-json\/wp\/v2\/media?parent=21916"}],"curies":[{"name":"wp","href":"https:\/\/api.w.org\/{rel}","templated":true}]}}