{"id":21878,"date":"2025-08-27T08:07:58","date_gmt":"2025-08-27T08:07:58","guid":{"rendered":"https:\/\/www.electroluxprofessional.com\/tr\/?page_id=21878"},"modified":"2025-11-05T15:47:34","modified_gmt":"2025-11-05T15:47:34","slug":"flexy-line","status":"publish","type":"page","link":"https:\/\/www.electroluxprofessional.com\/tr\/ticari-mutfak-ekipmanlari\/flexy-line\/","title":{"rendered":"Flexy Line"},"content":{"rendered":"<p>[vc_row full_width=&#8221;electroluxpro-full-width-no-padding&#8221;][vc_column][elx_image_block background_image=&#8221;21875&#8243; minimum_height=&#8221;400px&#8221;][\/vc_column][\/vc_row][vc_row][vc_column][vc_empty_space height=&#8221;40px&#8221;][elx_heading font_container=&#8221;h1&#8243; text_color=&#8221;inherit&#8221; text_align=&#8221;text-center&#8221;]Flexy Line[\/elx_heading][elx_heading font_size=&#8221;h6&#8243; text_color=&#8221;inherit&#8221; text_align=&#8221;text-center&#8221;]Her lezzete uyarlanabilir esnek servis hatt\u0131 \u00e7\u00f6z\u00fcmleri[\/elx_heading][vc_empty_space height=&#8221;40px&#8221;][vc_column_text]<\/p>\n<p style=\"text-align: center;\">\u0130htiya\u00e7lar\u0131n\u0131z\u0131 size uygun haz\u0131rlanm\u0131\u015f bir tasar\u0131ma d\u00f6n\u00fc\u015ft\u00fcr\u00fcn, misafirlerinizi rahat ettirin. \u0130ster otel, ister okul veya i\u015fletme olsun, konuklar\u0131n\u0131za ilham verici bir ortamda unutulmaz bir yemek deneyimi sundu\u011funuzu hayal edin.<\/p>\n<p>[\/vc_column_text][vc_empty_space height=&#8221;40px&#8221;][\/vc_column][\/vc_row][vc_row][vc_column width=&#8221;1\/4&#8243;][elx_icons icon_size=&#8221;elx-icon-medium&#8221; icon_electroluxpro=&#8221;elx-icon icon-circle-measurements-blue&#8221;][vc_empty_space height=&#8221;20px&#8221;][vc_column_text]<\/p>\n<h5 style=\"text-align: center;\">Tasar\u0131m &amp; Esneklikte KAHRAMAN<\/h5>\n<p>[\/vc_column_text][vc_empty_space height=&#8221;20px&#8221;][vc_column_text]<\/p>\n<p style=\"text-align: center;\">\u0130ncelikle d\u00fc\u015f\u00fcn\u00fclm\u00fc\u015f detaylar, her ortama uyum sa\u011flayan esnek kullan\u0131m sunar.<\/p>\n<p>[\/vc_column_text][vc_empty_space height=&#8221;20px&#8221;][\/vc_column][vc_column width=&#8221;1\/4&#8243;][elx_icons icon_size=&#8221;elx-icon-medium&#8221; icon_electroluxpro=&#8221;elx-icon icon-circle-food-quality-blue&#8221;][vc_empty_space height=&#8221;20px&#8221;][vc_column_text]<\/p>\n<h5 style=\"text-align: center;\">Te\u015fhir &amp; G\u00f6r\u00fcn\u00fcrl\u00fckde<br \/>\nKAHRAMAN<\/h5>\n<p>[\/vc_column_text][vc_empty_space height=&#8221;20px&#8221;][vc_column_text]<\/p>\n<p style=\"text-align: center;\">LED ayd\u0131nlatma teknolojisiyle yiyeceklerinizin tazeli\u011fi ve g\u00f6rselli\u011fi daha da \u00e7ekici hale geliyor.<\/p>\n<p>[\/vc_column_text][vc_empty_space height=&#8221;20px&#8221;][\/vc_column][vc_column width=&#8221;1\/4&#8243;][elx_icons icon_size=&#8221;elx-icon-medium&#8221; icon_electroluxpro=&#8221;elx-icon icon-circle-safe-blue&#8221;][vc_empty_space height=&#8221;20px&#8221;][vc_column_text]<\/p>\n<h5 style=\"text-align: center;\">Hijyen &amp; Temizlenebilirlikte KAHRAMAN<\/h5>\n<p>[\/vc_column_text][vc_empty_space height=&#8221;20px&#8221;][vc_column_text]<\/p>\n<p style=\"text-align: center;\">Hijyen ve kolay temizlik i\u00e7in minimalist tasar\u0131m.<\/p>\n<p>[\/vc_column_text][vc_empty_space height=&#8221;20px&#8221;][vc_empty_space height=&#8221;20px&#8221;][\/vc_column][vc_column width=&#8221;1\/4&#8243;][elx_icons icon_size=&#8221;elx-icon-medium&#8221; icon_electroluxpro=&#8221;elx-icon icon-circle-savings-green-blue&#8221;][vc_empty_space height=&#8221;20px&#8221;][vc_column_text]<\/p>\n<h5 style=\"text-align: center;\">S\u00fcrd\u00fcrebilirlikte KAHRAMAN<\/h5>\n<p>[\/vc_column_text][vc_empty_space height=&#8221;20px&#8221;][vc_column_text]<\/p>\n<p style=\"text-align: center;\">S\u00fcrd\u00fcr\u00fclebilirlik her zaman \u00f6nceli\u011fimizdir \u2014 m\u00fc\u015fterilerimize uzun vadeli tasarruf garantisiyle birlikte.<\/p>\n<p>[\/vc_column_text][vc_empty_space height=&#8221;20px&#8221;][\/vc_column][\/vc_row][vc_row][vc_column][vc_empty_space height=&#8221;50px&#8221;][\/vc_column][\/vc_row][vc_row][vc_column][elx_heading font_size=&#8221;h1&#8243; text_color=&#8221;inherit&#8221; text_align=&#8221;text-center&#8221;]Flexy Style &amp; Style<sup>JR<\/sup>[\/elx_heading][vc_empty_space height=&#8221;40px&#8221;][\/vc_column][\/vc_row][vc_row full_width=&#8221;electroluxpro-full-width-no-padding&#8221;][vc_column][vc_single_image image=&#8221;17927&#8243; img_size=&#8221;full&#8221; alignment=&#8221;center&#8221;][\/vc_column][\/vc_row][vc_row css=&#8221;.vc_custom_1636385671739{background-color: #f2f2f2 !important;}&#8221;][vc_column][vc_empty_space height=&#8221;20px&#8221;][vc_column_text]<\/p>\n<h6 style=\"text-align: center;\">D\u0131\u015far\u0131da yemek yemek, sadece rahatlama an\u0131 de\u011fil; ayn\u0131 zamanda unutulmaz bir deneyimdir. Yeni gastronomi trendlerine ve s\u00fcrd\u00fcr\u00fclebilirli\u011fe odaklanarak, m\u00fc\u015fterilerinizin t\u00fcm beklentilerini kar\u015f\u0131lay\u0131n \u2014 i\u015flevsellikten \u00f6d\u00fcn vermeden.<\/h6>\n<p>[\/vc_column_text][vc_empty_space height=&#8221;40px&#8221;][elx_button button_text=&#8221;Flexy Style ke\u015ffedin&#8221; button_display_block=&#8221;display_block_on&#8221; button_alignment=&#8221;align_center&#8221; button_link=&#8221;url:https%3A%2F%2Fwww.electroluxprofessional.com%2Ftr%2Fticari-mutfak-ekipmanlari%2Fflexy-line%2Fflexy-style%2F|title:Flexy%20Style&#8221;][vc_empty_space height=&#8221;40px&#8221;][\/vc_column][\/vc_row][vc_row][vc_column][vc_empty_space height=&#8221;50px&#8221;][\/vc_column][\/vc_row][vc_row][vc_column][elx_heading font_size=&#8221;h1&#8243; text_color=&#8221;inherit&#8221; text_align=&#8221;text-center&#8221;]Flexy Compact &amp; Compact<sup>JR<\/sup>[\/elx_heading][vc_empty_space height=&#8221;40px&#8221;][\/vc_column][\/vc_row][vc_row full_width=&#8221;electroluxpro-full-width-no-padding&#8221;][vc_column][vc_single_image image=&#8221;21876&#8243; img_size=&#8221;full&#8221; alignment=&#8221;center&#8221;][\/vc_column][\/vc_row][vc_row css=&#8221;.vc_custom_1636385671739{background-color: #f2f2f2 !important;}&#8221;][vc_column][vc_empty_space height=&#8221;20px&#8221;][vc_column_text]<\/p>\n<h6 style=\"text-align: center;\">Kompakt ve \u00e7ok i\u015flevli yap\u0131s\u0131yla m\u00fckemmel uyum i\u00e7in tasarland\u0131 \u2013 Electrolux Professional, profesyonel mutfaklar i\u00e7in esnek ve kusursuz servis hatt\u0131 \u00e7\u00f6z\u00fcmleri geli\u015ftirdi.<\/h6>\n<p>[\/vc_column_text][vc_empty_space height=&#8221;40px&#8221;][elx_button button_text=&#8221;Flexy Compact ke\u015ffedin&#8221; button_display_block=&#8221;display_block_on&#8221; button_alignment=&#8221;align_center&#8221; button_link=&#8221;url:https%3A%2F%2Fwww.electroluxprofessional.com%2Ftr%2Fticari-mutfak-ekipmanlari%2Fflexy-line%2Fflexy-compact%2F|title:Flexy%20Compact&#8221;][vc_empty_space height=&#8221;40px&#8221;][\/vc_column][\/vc_row][vc_row][vc_column][vc_empty_space height=&#8221;50px&#8221;][\/vc_column][\/vc_row][vc_row][vc_column][elx_heading font_size=&#8221;h1&#8243; text_color=&#8221;inherit&#8221; text_align=&#8221;text-center&#8221;]Flexy Drop-in[\/elx_heading][vc_empty_space height=&#8221;40px&#8221;][\/vc_column][\/vc_row][vc_row full_width=&#8221;electroluxpro-full-width-no-padding&#8221;][vc_column][vc_single_image image=&#8221;21877&#8243; img_size=&#8221;full&#8221; alignment=&#8221;center&#8221;][\/vc_column][\/vc_row][vc_row css=&#8221;.vc_custom_1636385671739{background-color: #f2f2f2 !important;}&#8221;][vc_column][vc_empty_space height=&#8221;40px&#8221;][elx_button button_text=&#8221;Flexy Drop-in ke\u015ffedin&#8221; button_display_block=&#8221;display_block_on&#8221; button_alignment=&#8221;align_center&#8221; button_link=&#8221;url:https%3A%2F%2Fwww.electroluxprofessional.com%2Ftr%2Fticari-mutfak-ekipmanlari%2Fflexy-line%2Fflexy-drop-in%2F|title:Flexy%20Drop-in&#8221;][vc_empty_space height=&#8221;40px&#8221;][\/vc_column][\/vc_row][vc_row][vc_column][vc_empty_space height=&#8221;50px&#8221;][\/vc_column][\/vc_row][vc_row][vc_column][\/vc_column][\/vc_row][vc_row][vc_column][vc_empty_space height=&#8221;50px&#8221;][\/vc_column][\/vc_row][vc_row][vc_column][elx_heading text_color=&#8221;inherit&#8221; text_align=&#8221;text-center&#8221;]Flexy Line \u00e7\u00f6z\u00fcmlerimiz hakk\u0131nda daha fazla bilgi i\u00e7in bizimle ileti\u015fime ge\u00e7in[\/elx_heading][vc_empty_space height=&#8221;40px&#8221;][elx_o2000_contact_us b=&#8221;food&#8221;][vc_empty_space height=&#8221;40px&#8221;][\/vc_column][\/vc_row]<\/p>\n","protected":false},"excerpt":{"rendered":"<p>[vc_row full_width=&#8221;electroluxpro-full-width-no-padding&#8221;][vc_column][elx_image_block background_image=&#8221;21875&#8243; minimum_height=&#8221;400px&#8221;][\/vc_column][\/vc_row][vc_row][vc_column][vc_empty_space height=&#8221;40px&#8221;][elx_heading font_container=&#8221;h1&#8243; text_color=&#8221;inherit&#8221; text_align=&#8221;text-center&#8221;]Flexy Line[\/elx_heading][elx_heading font_size=&#8221;h6&#8243; text_color=&#8221;inherit&#8221; text_align=&#8221;text-center&#8221;]Her lezzete uyarlanabilir esnek servis hatt\u0131 \u00e7\u00f6z\u00fcmleri[\/elx_heading][vc_empty_space height=&#8221;40px&#8221;][vc_column_text] \u0130htiya\u00e7lar\u0131n\u0131z\u0131 size uygun haz\u0131rlanm\u0131\u015f bir tasar\u0131ma d\u00f6n\u00fc\u015ft\u00fcr\u00fcn, misafirlerinizi rahat ettirin. \u0130ster otel, ister okul veya i\u015fletme olsun, konuklar\u0131n\u0131za ilham verici bir ortamda unutulmaz bir yemek deneyimi sundu\u011funuzu hayal edin. [\/vc_column_text][vc_empty_space height=&#8221;40px&#8221;][\/vc_column][\/vc_row][vc_row][vc_column width=&#8221;1\/4&#8243;][elx_icons icon_size=&#8221;elx-icon-medium&#8221; icon_electroluxpro=&#8221;elx-icon icon-circle-measurements-blue&#8221;][vc_empty_space height=&#8221;20px&#8221;][vc_column_text] [&hellip;]<\/p>\n","protected":false},"author":64,"featured_media":21875,"parent":19849,"menu_order":0,"comment_status":"closed","ping_status":"closed","template":"","meta":{"footnotes":""},"class_list":["post-21878","page","type-page","status-publish","has-post-thumbnail","hentry"],"acf":[],"yoast_head":"<!-- This site is optimized with the Yoast SEO plugin v23.3 - https:\/\/yoast.com\/wordpress\/plugins\/seo\/ -->\n<title>Flexy Line - Electrolux Professional T\u00fcrkiye<\/title>\n<meta name=\"description\" content=\"M\u00fckemmel uyum i\u00e7in tasarlanm\u0131\u015f kompakt ve \u00e7ok fonksiyonlu Flexy Line. \u0130htiyac\u0131n\u0131za g\u00f6re Flexy Line Compact ya da Flexy Line Style\u2019\u0131 se\u00e7in.\" \/>\n<meta name=\"robots\" content=\"index, follow, max-snippet:-1, max-image-preview:large, max-video-preview:-1\" \/>\n<link rel=\"canonical\" href=\"https:\/\/www.electroluxprofessional.com\/tr\/ticari-mutfak-ekipmanlari\/flexy-line\/\" \/>\n<meta property=\"og:locale\" content=\"tr_TR\" \/>\n<meta property=\"og:type\" content=\"article\" \/>\n<meta property=\"og:title\" content=\"Flexy Line - Electrolux Professional T\u00fcrkiye\" \/>\n<meta property=\"og:description\" content=\"M\u00fckemmel uyum i\u00e7in tasarlanm\u0131\u015f kompakt ve \u00e7ok fonksiyonlu Flexy Line. \u0130htiyac\u0131n\u0131za g\u00f6re Flexy Line Compact ya da Flexy Line Style\u2019\u0131 se\u00e7in.\" \/>\n<meta property=\"og:url\" content=\"https:\/\/www.electroluxprofessional.com\/tr\/ticari-mutfak-ekipmanlari\/flexy-line\/\" \/>\n<meta property=\"og:site_name\" content=\"Electrolux Professional T\u00fcrkiye\" \/>\n<meta property=\"article:modified_time\" content=\"2025-11-05T15:47:34+00:00\" \/>\n<meta property=\"og:image\" content=\"https:\/\/www.electroluxprofessional.com\/tr\/wp-content\/uploads\/2025\/08\/EPR-Flexy-Style-Corporate-dining.jpg\" \/>\n\t<meta property=\"og:image:width\" content=\"2000\" \/>\n\t<meta property=\"og:image:height\" content=\"702\" \/>\n\t<meta property=\"og:image:type\" content=\"image\/jpeg\" \/>\n<meta name=\"twitter:card\" content=\"summary_large_image\" \/>\n<meta name=\"twitter:label1\" content=\"Tahmini okuma s\u00fcresi\" \/>\n\t<meta name=\"twitter:data1\" content=\"2 dakika\" \/>\n<script type=\"application\/ld+json\" class=\"yoast-schema-graph\">{\"@context\":\"https:\/\/schema.org\",\"@graph\":[{\"@type\":\"WebPage\",\"@id\":\"https:\/\/www.electroluxprofessional.com\/tr\/ticari-mutfak-ekipmanlari\/flexy-line\/\",\"url\":\"https:\/\/www.electroluxprofessional.com\/tr\/ticari-mutfak-ekipmanlari\/flexy-line\/\",\"name\":\"Flexy Line - Electrolux Professional T\u00fcrkiye\",\"isPartOf\":{\"@id\":\"https:\/\/www.electroluxprofessional.com\/tr\/#website\"},\"primaryImageOfPage\":{\"@id\":\"https:\/\/www.electroluxprofessional.com\/tr\/ticari-mutfak-ekipmanlari\/flexy-line\/#primaryimage\"},\"image\":{\"@id\":\"https:\/\/www.electroluxprofessional.com\/tr\/ticari-mutfak-ekipmanlari\/flexy-line\/#primaryimage\"},\"thumbnailUrl\":\"https:\/\/www.electroluxprofessional.com\/tr\/wp-content\/uploads\/2025\/08\/EPR-Flexy-Style-Corporate-dining.jpg\",\"datePublished\":\"2025-08-27T08:07:58+00:00\",\"dateModified\":\"2025-11-05T15:47:34+00:00\",\"description\":\"M\u00fckemmel uyum i\u00e7in tasarlanm\u0131\u015f kompakt ve \u00e7ok fonksiyonlu Flexy Line. \u0130htiyac\u0131n\u0131za g\u00f6re Flexy Line Compact ya da Flexy Line Style\u2019\u0131 se\u00e7in.\",\"breadcrumb\":{\"@id\":\"https:\/\/www.electroluxprofessional.com\/tr\/ticari-mutfak-ekipmanlari\/flexy-line\/#breadcrumb\"},\"inLanguage\":\"tr\",\"potentialAction\":[{\"@type\":\"ReadAction\",\"target\":[\"https:\/\/www.electroluxprofessional.com\/tr\/ticari-mutfak-ekipmanlari\/flexy-line\/\"]}]},{\"@type\":\"ImageObject\",\"inLanguage\":\"tr\",\"@id\":\"https:\/\/www.electroluxprofessional.com\/tr\/ticari-mutfak-ekipmanlari\/flexy-line\/#primaryimage\",\"url\":\"https:\/\/www.electroluxprofessional.com\/tr\/wp-content\/uploads\/2025\/08\/EPR-Flexy-Style-Corporate-dining.jpg\",\"contentUrl\":\"https:\/\/www.electroluxprofessional.com\/tr\/wp-content\/uploads\/2025\/08\/EPR-Flexy-Style-Corporate-dining.jpg\",\"width\":2000,\"height\":702},{\"@type\":\"BreadcrumbList\",\"@id\":\"https:\/\/www.electroluxprofessional.com\/tr\/ticari-mutfak-ekipmanlari\/flexy-line\/#breadcrumb\",\"itemListElement\":[{\"@type\":\"ListItem\",\"position\":1,\"name\":\"Home\",\"item\":\"https:\/\/www.electroluxprofessional.com\/tr\/\"},{\"@type\":\"ListItem\",\"position\":2,\"name\":\"End\u00fcstriyel Mutfak Ekipmanlar\u0131\",\"item\":\"https:\/\/www.electroluxprofessional.com\/tr\/ticari-mutfak-ekipmanlari\/\"},{\"@type\":\"ListItem\",\"position\":3,\"name\":\"Flexy Line\"}]},{\"@type\":\"WebSite\",\"@id\":\"https:\/\/www.electroluxprofessional.com\/tr\/#website\",\"url\":\"https:\/\/www.electroluxprofessional.com\/tr\/\",\"name\":\"Electrolux Professional T\u00fcrkiye\",\"description\":\"\",\"potentialAction\":[{\"@type\":\"SearchAction\",\"target\":{\"@type\":\"EntryPoint\",\"urlTemplate\":\"https:\/\/www.electroluxprofessional.com\/tr\/?src={search_term_string}\"},\"query-input\":\"required name=search_term_string\"}],\"inLanguage\":\"tr\"}]}<\/script>\n<!-- \/ Yoast SEO plugin. -->","yoast_head_json":{"title":"Flexy Line - Electrolux Professional T\u00fcrkiye","description":"M\u00fckemmel uyum i\u00e7in tasarlanm\u0131\u015f kompakt ve \u00e7ok fonksiyonlu Flexy Line. \u0130htiyac\u0131n\u0131za g\u00f6re Flexy Line Compact ya da Flexy Line Style\u2019\u0131 se\u00e7in.","robots":{"index":"index","follow":"follow","max-snippet":"max-snippet:-1","max-image-preview":"max-image-preview:large","max-video-preview":"max-video-preview:-1"},"canonical":"https:\/\/www.electroluxprofessional.com\/tr\/ticari-mutfak-ekipmanlari\/flexy-line\/","og_locale":"tr_TR","og_type":"article","og_title":"Flexy Line - Electrolux Professional T\u00fcrkiye","og_description":"M\u00fckemmel uyum i\u00e7in tasarlanm\u0131\u015f kompakt ve \u00e7ok fonksiyonlu Flexy Line. \u0130htiyac\u0131n\u0131za g\u00f6re Flexy Line Compact ya da Flexy Line Style\u2019\u0131 se\u00e7in.","og_url":"https:\/\/www.electroluxprofessional.com\/tr\/ticari-mutfak-ekipmanlari\/flexy-line\/","og_site_name":"Electrolux Professional T\u00fcrkiye","article_modified_time":"2025-11-05T15:47:34+00:00","og_image":[{"width":2000,"height":702,"url":"https:\/\/www.electroluxprofessional.com\/tr\/wp-content\/uploads\/2025\/08\/EPR-Flexy-Style-Corporate-dining.jpg","type":"image\/jpeg"}],"twitter_card":"summary_large_image","twitter_misc":{"Tahmini okuma s\u00fcresi":"2 dakika"},"schema":{"@context":"https:\/\/schema.org","@graph":[{"@type":"WebPage","@id":"https:\/\/www.electroluxprofessional.com\/tr\/ticari-mutfak-ekipmanlari\/flexy-line\/","url":"https:\/\/www.electroluxprofessional.com\/tr\/ticari-mutfak-ekipmanlari\/flexy-line\/","name":"Flexy Line - Electrolux Professional T\u00fcrkiye","isPartOf":{"@id":"https:\/\/www.electroluxprofessional.com\/tr\/#website"},"primaryImageOfPage":{"@id":"https:\/\/www.electroluxprofessional.com\/tr\/ticari-mutfak-ekipmanlari\/flexy-line\/#primaryimage"},"image":{"@id":"https:\/\/www.electroluxprofessional.com\/tr\/ticari-mutfak-ekipmanlari\/flexy-line\/#primaryimage"},"thumbnailUrl":"https:\/\/www.electroluxprofessional.com\/tr\/wp-content\/uploads\/2025\/08\/EPR-Flexy-Style-Corporate-dining.jpg","datePublished":"2025-08-27T08:07:58+00:00","dateModified":"2025-11-05T15:47:34+00:00","description":"M\u00fckemmel uyum i\u00e7in tasarlanm\u0131\u015f kompakt ve \u00e7ok fonksiyonlu Flexy Line. \u0130htiyac\u0131n\u0131za g\u00f6re Flexy Line Compact ya da Flexy Line Style\u2019\u0131 se\u00e7in.","breadcrumb":{"@id":"https:\/\/www.electroluxprofessional.com\/tr\/ticari-mutfak-ekipmanlari\/flexy-line\/#breadcrumb"},"inLanguage":"tr","potentialAction":[{"@type":"ReadAction","target":["https:\/\/www.electroluxprofessional.com\/tr\/ticari-mutfak-ekipmanlari\/flexy-line\/"]}]},{"@type":"ImageObject","inLanguage":"tr","@id":"https:\/\/www.electroluxprofessional.com\/tr\/ticari-mutfak-ekipmanlari\/flexy-line\/#primaryimage","url":"https:\/\/www.electroluxprofessional.com\/tr\/wp-content\/uploads\/2025\/08\/EPR-Flexy-Style-Corporate-dining.jpg","contentUrl":"https:\/\/www.electroluxprofessional.com\/tr\/wp-content\/uploads\/2025\/08\/EPR-Flexy-Style-Corporate-dining.jpg","width":2000,"height":702},{"@type":"BreadcrumbList","@id":"https:\/\/www.electroluxprofessional.com\/tr\/ticari-mutfak-ekipmanlari\/flexy-line\/#breadcrumb","itemListElement":[{"@type":"ListItem","position":1,"name":"Home","item":"https:\/\/www.electroluxprofessional.com\/tr\/"},{"@type":"ListItem","position":2,"name":"End\u00fcstriyel Mutfak Ekipmanlar\u0131","item":"https:\/\/www.electroluxprofessional.com\/tr\/ticari-mutfak-ekipmanlari\/"},{"@type":"ListItem","position":3,"name":"Flexy Line"}]},{"@type":"WebSite","@id":"https:\/\/www.electroluxprofessional.com\/tr\/#website","url":"https:\/\/www.electroluxprofessional.com\/tr\/","name":"Electrolux Professional T\u00fcrkiye","description":"","potentialAction":[{"@type":"SearchAction","target":{"@type":"EntryPoint","urlTemplate":"https:\/\/www.electroluxprofessional.com\/tr\/?src={search_term_string}"},"query-input":"required name=search_term_string"}],"inLanguage":"tr"}]}},"_links":{"self":[{"href":"https:\/\/www.electroluxprofessional.com\/tr\/wp-json\/wp\/v2\/pages\/21878"}],"collection":[{"href":"https:\/\/www.electroluxprofessional.com\/tr\/wp-json\/wp\/v2\/pages"}],"about":[{"href":"https:\/\/www.electroluxprofessional.com\/tr\/wp-json\/wp\/v2\/types\/page"}],"author":[{"embeddable":true,"href":"https:\/\/www.electroluxprofessional.com\/tr\/wp-json\/wp\/v2\/users\/64"}],"replies":[{"embeddable":true,"href":"https:\/\/www.electroluxprofessional.com\/tr\/wp-json\/wp\/v2\/comments?post=21878"}],"version-history":[{"count":10,"href":"https:\/\/www.electroluxprofessional.com\/tr\/wp-json\/wp\/v2\/pages\/21878\/revisions"}],"predecessor-version":[{"id":22917,"href":"https:\/\/www.electroluxprofessional.com\/tr\/wp-json\/wp\/v2\/pages\/21878\/revisions\/22917"}],"up":[{"embeddable":true,"href":"https:\/\/www.electroluxprofessional.com\/tr\/wp-json\/wp\/v2\/pages\/19849"}],"wp:featuredmedia":[{"embeddable":true,"href":"https:\/\/www.electroluxprofessional.com\/tr\/wp-json\/wp\/v2\/media\/21875"}],"wp:attachment":[{"href":"https:\/\/www.electroluxprofessional.com\/tr\/wp-json\/wp\/v2\/media?parent=21878"}],"curies":[{"name":"wp","href":"https:\/\/api.w.org\/{rel}","templated":true}]}}