{"id":21839,"date":"2025-08-15T07:43:50","date_gmt":"2025-08-15T07:43:50","guid":{"rendered":"https:\/\/www.electroluxprofessional.com\/tr\/?page_id=21839"},"modified":"2025-08-18T06:52:24","modified_gmt":"2025-08-18T06:52:24","slug":"mypro-urun-kaydi","status":"publish","type":"page","link":"https:\/\/www.electroluxprofessional.com\/tr\/ticari-camasirhane-ekipmanlari\/mypro-yikama-kurutma-ve-silindir-utuler\/mypro-urun-kaydi\/","title":{"rendered":"myPRO \u00dcr\u00fcn Kayd\u0131"},"content":{"rendered":"<p>[vc_row typebg=&#8221;Blue&#8221; css=&#8221;.vc_custom_1482427067180{padding-top: 50px !important;}&#8221;][vc_column width=&#8221;2\/3&#8243;][elx_heading font_container=&#8221;h1&#8243; font_size=&#8221;h3&#8243; text_color=&#8221;electrolux-blue&#8221;]myPRO \u00fcr\u00fcn kayd\u0131[\/elx_heading][vc_column_text]myPRO ekipman\u0131n\u0131z\u0131 kaydettirmek i\u00e7in l\u00fctfen a\u015fa\u011f\u0131daki bilgileri bizimle payla\u015f\u0131n:<\/p>\n<p>1. Model numaras\u0131<\/p>\n<p>2. \u00dcr\u00fcn numaras\u0131 (PNC)<\/p>\n<p>3. Seri numaras\u0131[\/vc_column_text][vc_single_image image=&#8221;21837&#8243; img_size=&#8221;full&#8221;][\/vc_column][vc_column width=&#8221;1\/3&#8243; css=&#8221;.vc_custom_1482221774483{padding-top: 50px !important;}&#8221;][vc_column_text]Kurutma[\/vc_column_text][vc_single_image image=&#8221;21838&#8243; img_size=&#8221;full&#8221;][vc_column_text]Y\u0131kama[\/vc_column_text][\/vc_column][\/vc_row][vc_row][vc_column][vc_raw_js]JTNDbGluayUyMHJlbCUzRCUyMnN0eWxlc2hlZXQlMjIlMjB0eXBlJTNEJTIydGV4dCUyRmNzcyUyMiUwQWhyZWYlM0QlMjJodHRwcyUzQSUyRiUyRnd3dy5lcHItYXBwcy5jb20lMkZ3aWRnZXRzJTJGY29udGFjdHMtYW5kLWxvY2F0b3JzJTJGZm9ybXMlMkZtb2JpbGUlMkZpbmMlMkZjc3MlMkZtYWluLm1pbi5jc3MlMjIlM0UlMEElM0NzY3JpcHQlMjBzcmMlM0QlMjJodHRwcyUzQSUyRiUyRnd3dy5lcHItYXBwcy5jb20lMkZ3aWRnZXRzJTJGY29udGFjdHMtYW5kLWxvY2F0b3JzJTJGZm9ybXMlMkZtb2JpbGUlMkZyZWdpc3RlciUyRm1haW4ubWluLmpzJTIyJTBBdHlwZSUzRCUyMnRleHQlMkZqYXZhc2NyaXB0JTIyJTNFJTNDJTJGc2NyaXB0JTNFJTBBJTBBJTNDc2NyaXB0JTIwdHlwZSUzRCUyMnRleHQlMkZqYXZhc2NyaXB0JTIyJTNFJTJGJTJGJTIwJTNDJTIxJTVCQ0RBVEElNUIlMEF2YXIlMjBvbWVnYTIwMDBfc2V0dGluZ3NSZWclMjAlM0QlMjAlN0IlMEFyYW5nZSUzQSUyMCUyN215cHJvJTI3JTJDJTBBYnJhbmQlM0ElMjA0JTJDJTBBbGFuZ3VhZ2UlM0ElMjAlMjd0ciUyNyUyQyUwQWNvdW50cnklM0ElMjAlMjclMjclMkMlMEFjb250YWluZXIlM0ElMjAlMjdyZWdfcHJvZF9teXByb193cmFwcGVyJTI3JTBBJTdEJTBBd2luZG93Lm9ubG9hZCUyMCUzRCUyMG9uTG9hZGJvb3RzdHJhcFJlZyUyOG9tZWdhMjAwMF9zZXR0aW5nc1JlZyUyOSUzQiUwQSUyRiUyRiUyMCU1RCU1RCUzRSUzQyUyRnNjcmlwdCUzRSUwQSUzQ2RpdiUyMGlkJTNEJTIycmVnX3Byb2RfbXlwcm9fd3JhcHBlciUyMiUzRSUzQyUyRmRpdiUzRQ==[\/vc_raw_js][\/vc_column][\/vc_row]<\/p>\n","protected":false},"excerpt":{"rendered":"<p>[vc_row typebg=&#8221;Blue&#8221; css=&#8221;.vc_custom_1482427067180{padding-top: 50px !important;}&#8221;][vc_column width=&#8221;2\/3&#8243;][elx_heading font_container=&#8221;h1&#8243; font_size=&#8221;h3&#8243; text_color=&#8221;electrolux-blue&#8221;]myPRO \u00fcr\u00fcn kayd\u0131[\/elx_heading][vc_column_text]myPRO ekipman\u0131n\u0131z\u0131 kaydettirmek i\u00e7in l\u00fctfen a\u015fa\u011f\u0131daki bilgileri bizimle payla\u015f\u0131n: 1. Model numaras\u0131 2. \u00dcr\u00fcn numaras\u0131 (PNC) 3. Seri numaras\u0131[\/vc_column_text][vc_single_image image=&#8221;21837&#8243; img_size=&#8221;full&#8221;][\/vc_column][vc_column width=&#8221;1\/3&#8243; css=&#8221;.vc_custom_1482221774483{padding-top: 50px !important;}&#8221;][vc_column_text]Kurutma[\/vc_column_text][vc_single_image image=&#8221;21838&#8243; img_size=&#8221;full&#8221;][vc_column_text]Y\u0131kama[\/vc_column_text][\/vc_column][\/vc_row][vc_row][vc_column][vc_raw_js]JTNDbGluayUyMHJlbCUzRCUyMnN0eWxlc2hlZXQlMjIlMjB0eXBlJTNEJTIydGV4dCUyRmNzcyUyMiUwQWhyZWYlM0QlMjJodHRwcyUzQSUyRiUyRnd3dy5lcHItYXBwcy5jb20lMkZ3aWRnZXRzJTJGY29udGFjdHMtYW5kLWxvY2F0b3JzJTJGZm9ybXMlMkZtb2JpbGUlMkZpbmMlMkZjc3MlMkZtYWluLm1pbi5jc3MlMjIlM0UlMEElM0NzY3JpcHQlMjBzcmMlM0QlMjJodHRwcyUzQSUyRiUyRnd3dy5lcHItYXBwcy5jb20lMkZ3aWRnZXRzJTJGY29udGFjdHMtYW5kLWxvY2F0b3JzJTJGZm9ybXMlMkZtb2JpbGUlMkZyZWdpc3RlciUyRm1haW4ubWluLmpzJTIyJTBBdHlwZSUzRCUyMnRleHQlMkZqYXZhc2NyaXB0JTIyJTNFJTNDJTJGc2NyaXB0JTNFJTBBJTBBJTNDc2NyaXB0JTIwdHlwZSUzRCUyMnRleHQlMkZqYXZhc2NyaXB0JTIyJTNFJTJGJTJGJTIwJTNDJTIxJTVCQ0RBVEElNUIlMEF2YXIlMjBvbWVnYTIwMDBfc2V0dGluZ3NSZWclMjAlM0QlMjAlN0IlMEFyYW5nZSUzQSUyMCUyN215cHJvJTI3JTJDJTBBYnJhbmQlM0ElMjA0JTJDJTBBbGFuZ3VhZ2UlM0ElMjAlMjd0ciUyNyUyQyUwQWNvdW50cnklM0ElMjAlMjclMjclMkMlMEFjb250YWluZXIlM0ElMjAlMjdyZWdfcHJvZF9teXByb193cmFwcGVyJTI3JTBBJTdEJTBBd2luZG93Lm9ubG9hZCUyMCUzRCUyMG9uTG9hZGJvb3RzdHJhcFJlZyUyOG9tZWdhMjAwMF9zZXR0aW5nc1JlZyUyOSUzQiUwQSUyRiUyRiUyMCU1RCU1RCUzRSUzQyUyRnNjcmlwdCUzRSUwQSUzQ2RpdiUyMGlkJTNEJTIycmVnX3Byb2RfbXlwcm9fd3JhcHBlciUyMiUzRSUzQyUyRmRpdiUzRQ==[\/vc_raw_js][\/vc_column][\/vc_row]<\/p>\n","protected":false},"author":64,"featured_media":0,"parent":6149,"menu_order":0,"comment_status":"closed","ping_status":"closed","template":"","meta":{"footnotes":""},"class_list":["post-21839","page","type-page","status-publish","hentry"],"acf":[],"yoast_head":"<!-- This site is optimized with the Yoast SEO plugin v23.3 - https:\/\/yoast.com\/wordpress\/plugins\/seo\/ -->\n<title>myPRO \u00dcr\u00fcn Kayd\u0131 - Electrolux Professional T\u00fcrkiye<\/title>\n<meta name=\"description\" content=\"myPRO ekipman\u0131n\u0131z\u0131 kaydettirmek i\u00e7in model, \u00fcr\u00fcn numaras\u0131 (PNC) ve seri numaras\u0131 bilgilerini payla\u015fman\u0131z yeterlidir.\" \/>\n<meta name=\"robots\" content=\"index, follow, max-snippet:-1, max-image-preview:large, max-video-preview:-1\" \/>\n<link rel=\"canonical\" href=\"https:\/\/www.electroluxprofessional.com\/tr\/ticari-camasirhane-ekipmanlari\/mypro-yikama-kurutma-ve-silindir-utuler\/mypro-urun-kaydi\/\" \/>\n<meta property=\"og:locale\" content=\"tr_TR\" \/>\n<meta property=\"og:type\" content=\"article\" \/>\n<meta property=\"og:title\" content=\"myPRO \u00dcr\u00fcn Kayd\u0131 - Electrolux Professional T\u00fcrkiye\" \/>\n<meta property=\"og:description\" content=\"myPRO ekipman\u0131n\u0131z\u0131 kaydettirmek i\u00e7in model, \u00fcr\u00fcn numaras\u0131 (PNC) ve seri numaras\u0131 bilgilerini payla\u015fman\u0131z yeterlidir.\" \/>\n<meta property=\"og:url\" content=\"https:\/\/www.electroluxprofessional.com\/tr\/ticari-camasirhane-ekipmanlari\/mypro-yikama-kurutma-ve-silindir-utuler\/mypro-urun-kaydi\/\" \/>\n<meta property=\"og:site_name\" content=\"Electrolux Professional T\u00fcrkiye\" \/>\n<meta property=\"article:modified_time\" content=\"2025-08-18T06:52:24+00:00\" \/>\n<meta name=\"twitter:card\" content=\"summary_large_image\" \/>\n<meta name=\"twitter:label1\" content=\"Tahmini okuma s\u00fcresi\" \/>\n\t<meta name=\"twitter:data1\" content=\"1 dakika\" \/>\n<script type=\"application\/ld+json\" class=\"yoast-schema-graph\">{\"@context\":\"https:\/\/schema.org\",\"@graph\":[{\"@type\":\"WebPage\",\"@id\":\"https:\/\/www.electroluxprofessional.com\/tr\/ticari-camasirhane-ekipmanlari\/mypro-yikama-kurutma-ve-silindir-utuler\/mypro-urun-kaydi\/\",\"url\":\"https:\/\/www.electroluxprofessional.com\/tr\/ticari-camasirhane-ekipmanlari\/mypro-yikama-kurutma-ve-silindir-utuler\/mypro-urun-kaydi\/\",\"name\":\"myPRO \u00dcr\u00fcn Kayd\u0131 - Electrolux Professional T\u00fcrkiye\",\"isPartOf\":{\"@id\":\"https:\/\/www.electroluxprofessional.com\/tr\/#website\"},\"datePublished\":\"2025-08-15T07:43:50+00:00\",\"dateModified\":\"2025-08-18T06:52:24+00:00\",\"description\":\"myPRO ekipman\u0131n\u0131z\u0131 kaydettirmek i\u00e7in model, \u00fcr\u00fcn numaras\u0131 (PNC) ve seri numaras\u0131 bilgilerini payla\u015fman\u0131z yeterlidir.\",\"breadcrumb\":{\"@id\":\"https:\/\/www.electroluxprofessional.com\/tr\/ticari-camasirhane-ekipmanlari\/mypro-yikama-kurutma-ve-silindir-utuler\/mypro-urun-kaydi\/#breadcrumb\"},\"inLanguage\":\"tr\",\"potentialAction\":[{\"@type\":\"ReadAction\",\"target\":[\"https:\/\/www.electroluxprofessional.com\/tr\/ticari-camasirhane-ekipmanlari\/mypro-yikama-kurutma-ve-silindir-utuler\/mypro-urun-kaydi\/\"]}]},{\"@type\":\"BreadcrumbList\",\"@id\":\"https:\/\/www.electroluxprofessional.com\/tr\/ticari-camasirhane-ekipmanlari\/mypro-yikama-kurutma-ve-silindir-utuler\/mypro-urun-kaydi\/#breadcrumb\",\"itemListElement\":[{\"@type\":\"ListItem\",\"position\":1,\"name\":\"Home\",\"item\":\"https:\/\/www.electroluxprofessional.com\/tr\/\"},{\"@type\":\"ListItem\",\"position\":2,\"name\":\"\u00c7ama\u015f\u0131rhane\",\"item\":\"https:\/\/www.electroluxprofessional.com\/tr\/ticari-camasirhane-ekipmanlari\/\"},{\"@type\":\"ListItem\",\"position\":3,\"name\":\"K\u00fc\u00e7\u00fck i\u015fletmeler i\u00e7in myPro, y\u0131kama kurutma ve silindir \u00fct\u00fcler\",\"item\":\"https:\/\/www.electroluxprofessional.com\/tr\/ticari-camasirhane-ekipmanlari\/mypro-yikama-kurutma-ve-silindir-utuler\/\"},{\"@type\":\"ListItem\",\"position\":4,\"name\":\"myPRO \u00dcr\u00fcn Kayd\u0131\"}]},{\"@type\":\"WebSite\",\"@id\":\"https:\/\/www.electroluxprofessional.com\/tr\/#website\",\"url\":\"https:\/\/www.electroluxprofessional.com\/tr\/\",\"name\":\"Electrolux Professional T\u00fcrkiye\",\"description\":\"\",\"potentialAction\":[{\"@type\":\"SearchAction\",\"target\":{\"@type\":\"EntryPoint\",\"urlTemplate\":\"https:\/\/www.electroluxprofessional.com\/tr\/?src={search_term_string}\"},\"query-input\":\"required name=search_term_string\"}],\"inLanguage\":\"tr\"}]}<\/script>\n<!-- \/ Yoast SEO plugin. -->","yoast_head_json":{"title":"myPRO \u00dcr\u00fcn Kayd\u0131 - Electrolux Professional T\u00fcrkiye","description":"myPRO ekipman\u0131n\u0131z\u0131 kaydettirmek i\u00e7in model, \u00fcr\u00fcn numaras\u0131 (PNC) ve seri numaras\u0131 bilgilerini payla\u015fman\u0131z yeterlidir.","robots":{"index":"index","follow":"follow","max-snippet":"max-snippet:-1","max-image-preview":"max-image-preview:large","max-video-preview":"max-video-preview:-1"},"canonical":"https:\/\/www.electroluxprofessional.com\/tr\/ticari-camasirhane-ekipmanlari\/mypro-yikama-kurutma-ve-silindir-utuler\/mypro-urun-kaydi\/","og_locale":"tr_TR","og_type":"article","og_title":"myPRO \u00dcr\u00fcn Kayd\u0131 - Electrolux Professional T\u00fcrkiye","og_description":"myPRO ekipman\u0131n\u0131z\u0131 kaydettirmek i\u00e7in model, \u00fcr\u00fcn numaras\u0131 (PNC) ve seri numaras\u0131 bilgilerini payla\u015fman\u0131z yeterlidir.","og_url":"https:\/\/www.electroluxprofessional.com\/tr\/ticari-camasirhane-ekipmanlari\/mypro-yikama-kurutma-ve-silindir-utuler\/mypro-urun-kaydi\/","og_site_name":"Electrolux Professional T\u00fcrkiye","article_modified_time":"2025-08-18T06:52:24+00:00","twitter_card":"summary_large_image","twitter_misc":{"Tahmini okuma s\u00fcresi":"1 dakika"},"schema":{"@context":"https:\/\/schema.org","@graph":[{"@type":"WebPage","@id":"https:\/\/www.electroluxprofessional.com\/tr\/ticari-camasirhane-ekipmanlari\/mypro-yikama-kurutma-ve-silindir-utuler\/mypro-urun-kaydi\/","url":"https:\/\/www.electroluxprofessional.com\/tr\/ticari-camasirhane-ekipmanlari\/mypro-yikama-kurutma-ve-silindir-utuler\/mypro-urun-kaydi\/","name":"myPRO \u00dcr\u00fcn Kayd\u0131 - Electrolux Professional T\u00fcrkiye","isPartOf":{"@id":"https:\/\/www.electroluxprofessional.com\/tr\/#website"},"datePublished":"2025-08-15T07:43:50+00:00","dateModified":"2025-08-18T06:52:24+00:00","description":"myPRO ekipman\u0131n\u0131z\u0131 kaydettirmek i\u00e7in model, \u00fcr\u00fcn numaras\u0131 (PNC) ve seri numaras\u0131 bilgilerini payla\u015fman\u0131z yeterlidir.","breadcrumb":{"@id":"https:\/\/www.electroluxprofessional.com\/tr\/ticari-camasirhane-ekipmanlari\/mypro-yikama-kurutma-ve-silindir-utuler\/mypro-urun-kaydi\/#breadcrumb"},"inLanguage":"tr","potentialAction":[{"@type":"ReadAction","target":["https:\/\/www.electroluxprofessional.com\/tr\/ticari-camasirhane-ekipmanlari\/mypro-yikama-kurutma-ve-silindir-utuler\/mypro-urun-kaydi\/"]}]},{"@type":"BreadcrumbList","@id":"https:\/\/www.electroluxprofessional.com\/tr\/ticari-camasirhane-ekipmanlari\/mypro-yikama-kurutma-ve-silindir-utuler\/mypro-urun-kaydi\/#breadcrumb","itemListElement":[{"@type":"ListItem","position":1,"name":"Home","item":"https:\/\/www.electroluxprofessional.com\/tr\/"},{"@type":"ListItem","position":2,"name":"\u00c7ama\u015f\u0131rhane","item":"https:\/\/www.electroluxprofessional.com\/tr\/ticari-camasirhane-ekipmanlari\/"},{"@type":"ListItem","position":3,"name":"K\u00fc\u00e7\u00fck i\u015fletmeler i\u00e7in myPro, y\u0131kama kurutma ve silindir \u00fct\u00fcler","item":"https:\/\/www.electroluxprofessional.com\/tr\/ticari-camasirhane-ekipmanlari\/mypro-yikama-kurutma-ve-silindir-utuler\/"},{"@type":"ListItem","position":4,"name":"myPRO \u00dcr\u00fcn Kayd\u0131"}]},{"@type":"WebSite","@id":"https:\/\/www.electroluxprofessional.com\/tr\/#website","url":"https:\/\/www.electroluxprofessional.com\/tr\/","name":"Electrolux Professional T\u00fcrkiye","description":"","potentialAction":[{"@type":"SearchAction","target":{"@type":"EntryPoint","urlTemplate":"https:\/\/www.electroluxprofessional.com\/tr\/?src={search_term_string}"},"query-input":"required name=search_term_string"}],"inLanguage":"tr"}]}},"_links":{"self":[{"href":"https:\/\/www.electroluxprofessional.com\/tr\/wp-json\/wp\/v2\/pages\/21839"}],"collection":[{"href":"https:\/\/www.electroluxprofessional.com\/tr\/wp-json\/wp\/v2\/pages"}],"about":[{"href":"https:\/\/www.electroluxprofessional.com\/tr\/wp-json\/wp\/v2\/types\/page"}],"author":[{"embeddable":true,"href":"https:\/\/www.electroluxprofessional.com\/tr\/wp-json\/wp\/v2\/users\/64"}],"replies":[{"embeddable":true,"href":"https:\/\/www.electroluxprofessional.com\/tr\/wp-json\/wp\/v2\/comments?post=21839"}],"version-history":[{"count":11,"href":"https:\/\/www.electroluxprofessional.com\/tr\/wp-json\/wp\/v2\/pages\/21839\/revisions"}],"predecessor-version":[{"id":21871,"href":"https:\/\/www.electroluxprofessional.com\/tr\/wp-json\/wp\/v2\/pages\/21839\/revisions\/21871"}],"up":[{"embeddable":true,"href":"https:\/\/www.electroluxprofessional.com\/tr\/wp-json\/wp\/v2\/pages\/6149"}],"wp:attachment":[{"href":"https:\/\/www.electroluxprofessional.com\/tr\/wp-json\/wp\/v2\/media?parent=21839"}],"curies":[{"name":"wp","href":"https:\/\/api.w.org\/{rel}","templated":true}]}}