{"id":21710,"date":"2025-07-31T07:30:24","date_gmt":"2025-07-31T07:30:24","guid":{"rendered":"https:\/\/www.electroluxprofessional.com\/tr\/?page_id=21710"},"modified":"2025-07-31T08:14:08","modified_gmt":"2025-07-31T08:14:08","slug":"guclendirici-inovasyon","status":"publish","type":"page","link":"https:\/\/www.electroluxprofessional.com\/tr\/guclendirici-inovasyon\/","title":{"rendered":"G\u00fc\u00e7lendirici \u0130novasyon: Geli\u015fmi\u015f Verimlilik ve S\u00fcrd\u00fcr\u00fclebilirlik i\u00e7in Fikirleri ve Konseptleri Ke\u015ffedin"},"content":{"rendered":"<p>[vc_row full_width=&#8221;electroluxpro-full-width-no-padding&#8221;][vc_column][elx_image_block background_image=&#8221;19852&#8243; minimum_height=&#8221;400px&#8221;][vc_empty_space][\/vc_column][\/vc_row][vc_row full_width=&#8221;electroluxpro-container-no-padding&#8221;][vc_column][elx_heading font_container=&#8221;h1&#8243; text_color=&#8221;inherit&#8221; text_align=&#8221;text-center&#8221;]G\u00fc\u00e7lendirici \u0130novasyon:<br \/>\nGeli\u015fmi\u015f Verimlilik ve S\u00fcrd\u00fcr\u00fclebilirlik i\u00e7in Fikirleri ve Konseptleri Ke\u015ffedin[\/elx_heading][vc_empty_space height=&#8221;50px&#8221;][\/vc_column][\/vc_row][vc_row][vc_column width=&#8221;2\/5&#8243;][elx_image_block background_image=&#8221;19503&#8243; minimum_height=&#8221;260px&#8221;][\/vc_column][vc_column width=&#8221;3\/5&#8243;][vc_column_text]<\/p>\n<h2>S\u00fcrd\u00fcr\u00fclebilir restoranlarda ve yemek servisi sekt\u00f6r\u00fcnde ekolojik devrimler: mutlaka bilmeniz gereken yenilikler<\/h2>\n<p>\u0130ster enerji tasarrufu sa\u011flamak, ister su t\u00fcketiminizi ve at\u0131k miktar\u0131n\u0131z\u0131 azaltmak isteyin; mutfa\u011f\u0131n\u0131zda kolayca uygulayabilece\u011finiz harika \u00e7\u00f6z\u00fcmlerle s\u00fcrd\u00fcr\u00fclebilirli\u011fe katk\u0131da bulunabilirsiniz.[\/vc_column_text][vc_empty_space height=&#8221;10px&#8221;][elx_button button_text=&#8221;DEVAMINI OKUYUN&#8221; button_style=&#8221;secondary&#8221; button_link=&#8221;url:https%3A%2F%2Fwww.electroluxprofessional.com%2Ftr%2Fhaberler-restoranlar-icin-surdurulebilirlik%2F|title:DEVAMINI%20OKUYUN|target:_blank&#8221;][\/vc_column][\/vc_row][vc_row][vc_column][vc_empty_space][\/vc_column][\/vc_row][vc_row][vc_column width=&#8221;2\/5&#8243;][elx_image_block background_image=&#8221;19042&#8243; minimum_height=&#8221;260px&#8221;][\/vc_column][vc_column width=&#8221;3\/5&#8243;][vc_column_text]<\/p>\n<h2>Oteliniz i\u00e7in \u00e7evre dostu \u00e7ama\u015f\u0131rhane uygulamalar\u0131<\/h2>\n<p>S\u00fcrd\u00fcr\u00fclebilir \u00e7ama\u015f\u0131rhane uygulamalar\u0131, \u00e7evreye duyarl\u0131 gezginlerin ye\u015fil konaklama tercih etmesi nedeniyle otelciler i\u00e7in b\u00fcy\u00fck \u00f6nem ta\u015f\u0131yor. Profesyonel \u00e7ama\u015f\u0131rhane ekipmanlar\u0131 kullanmak yaln\u0131zca enerji, su ve deterjan maliyetlerini azaltmakla kalmaz; ayn\u0131 zamanda operasyonel verimlili\u011fi art\u0131rarak uzun vadeli tasarruf sa\u011flar.[\/vc_column_text][vc_empty_space height=&#8221;10px&#8221;][elx_button button_text=&#8221;DEVAMINI OKUYUN&#8221; button_style=&#8221;secondary&#8221; button_link=&#8221;url:https%3A%2F%2Fwww.electroluxprofessional.com%2Ftr%2Fpost-eco-friendly-laundry-hotels-2%2F|title:DEVAMINI%20OKUYUN|target:_blank&#8221;][\/vc_column][\/vc_row][vc_row][vc_column][vc_empty_space][\/vc_column][\/vc_row][vc_row][vc_column width=&#8221;2\/5&#8243;][elx_image_block background_image=&#8221;16412&#8243; minimum_height=&#8221;260px&#8221;][\/vc_column][vc_column width=&#8221;3\/5&#8243;][vc_column_text]<\/p>\n<h2>Mutfa\u011f\u0131n\u0131zda s\u0131f\u0131r at\u0131k m\u00fcmk\u00fcn m\u00fc?<\/h2>\n<p>T\u00fcketiciler aras\u0131nda s\u0131f\u0131r at\u0131kl\u0131 mutfaklar olu\u015fturma y\u00f6n\u00fcnde artan bir e\u011filim var. Birle\u015fmi\u015f Milletler \u00c7evre Program\u0131\u2019na g\u00f6re, t\u00fcketici d\u00fczeyinde mevcut g\u0131dan\u0131n %17\u2019si israf ediliyor ve bu da s\u0131f\u0131r at\u0131k hedefini son derece de\u011ferli k\u0131l\u0131yor.[\/vc_column_text][vc_empty_space height=&#8221;10px&#8221;][elx_button button_text=&#8221;DEVAMINI OKUYUN&#8221; button_style=&#8221;secondary&#8221; button_link=&#8221;url:https%3A%2F%2Fwww.electroluxprofessional.com%2Ftr%2Fzero-waste-kitchen-blog-post%2F|title:DEVAMINI%20OKUYUN|target:_blank&#8221;][\/vc_column][\/vc_row][vc_row][vc_column][vc_empty_space][\/vc_column][\/vc_row][vc_row][vc_column width=&#8221;2\/5&#8243;][elx_image_block background_image=&#8221;19853&#8243; minimum_height=&#8221;260px&#8221;][\/vc_column][vc_column width=&#8221;3\/5&#8243;][vc_column_text]<\/p>\n<h2>Yenilik\u00e7i \u00e7ama\u015f\u0131rhane \u00e7\u00f6z\u00fcmleriyle su tasarrufu<\/h2>\n<p>Hem ki\u015fisel hem de profesyonel ya\u015famlar\u0131m\u0131zda su t\u00fcketimini azaltmak, s\u00fcrd\u00fcr\u00fclebilir bir gelecek i\u00e7in kritik \u00f6neme sahiptir. Electrolux Professional Group olarak, \u00e7ama\u015f\u0131rhane profesyonellerinin su t\u00fcketimini en aza indirmelerine yard\u0131mc\u0131 olmak i\u00e7in sekt\u00f6re y\u00f6n veren yenilikler sunmaya kararl\u0131y\u0131z.[\/vc_column_text][vc_empty_space height=&#8221;10px&#8221;][elx_button button_text=&#8221;DEVAMINI OKUYUN&#8221; button_style=&#8221;secondary&#8221; button_link=&#8221;url:https%3A%2F%2Fwww.electroluxprofessional.com%2Ftr%2Fsaving-water-through-innovative-laundry-solutions%2F|title:DEVAMINI%20OKUYUN|target:_blank&#8221;][\/vc_column][\/vc_row][vc_row][vc_column][vc_empty_space][\/vc_column][\/vc_row][vc_row][vc_column width=&#8221;2\/5&#8243;][elx_image_block background_image=&#8221;19854&#8243; minimum_height=&#8221;260px&#8221;][\/vc_column][vc_column width=&#8221;3\/5&#8243;][vc_column_text]<\/p>\n<h2>EcoVadis ve Electrolux Professional Group: Kurumsal s\u00fcrd\u00fcr\u00fclebilirli\u011fe y\u00f6nelik kesintisiz ba\u011fl\u0131l\u0131k<\/h2>\n<p>S\u00fcrd\u00fcr\u00fclebilirlik, Electrolux Professional Group\u2019un stratejisinin ve vizyonunun merkezinde yer al\u0131yor. 2024 y\u0131l\u0131nda EcoVadis\u2019in G\u00fcm\u00fc\u015f S\u00fcrd\u00fcr\u00fclebilirlik Derecelendirmesini koruyarak, d\u00fcnya genelindeki \u015firketler aras\u0131nda ilk %15\u2019lik dilimde yer ald\u0131k. Bu ba\u015far\u0131, sorumlu i\u015f uygulamalar\u0131na olan g\u00fc\u00e7l\u00fc ba\u011fl\u0131l\u0131\u011f\u0131m\u0131z\u0131n bir g\u00f6stergesidir.[\/vc_column_text][vc_empty_space height=&#8221;10px&#8221;][elx_button button_text=&#8221;DEVAMINI OKUYUN&#8221; button_style=&#8221;secondary&#8221; button_link=&#8221;url:https%3A%2F%2Fwww.electroluxprofessionalgroup.com%2Fen%2Fecovadis-and-electrolux-professional-group-a-continued-commitment-to-corporate-sustainability%2F|title:DEVAMINI%20OKUYUN|target:_blank&#8221;][\/vc_column][\/vc_row][vc_row][vc_column][vc_empty_space][\/vc_column][\/vc_row][vc_row][vc_column width=&#8221;2\/5&#8243;][elx_image_block background_image=&#8221;19855&#8243; minimum_height=&#8221;260px&#8221;][\/vc_column][vc_column width=&#8221;3\/5&#8243;][vc_column_text]<\/p>\n<h2>Islak Temizleme ve Kuru Temizleme: Farklar, Art\u0131lar ve Eksiler<\/h2>\n<p>Hassas giysiler i\u00e7in \u0131slak ve kuru temizleme aras\u0131nda karar vermek, bu iki y\u00f6ntemin farklar\u0131n\u0131 anlamay\u0131 gerektirir. Bu yaz\u0131da, her bir y\u00f6ntemin avantajlar\u0131, dezavantajlar\u0131 ve temel farklar\u0131 ele al\u0131narak bilin\u00e7li bir tercih yapman\u0131za yard\u0131mc\u0131 olunuyor.[\/vc_column_text][vc_empty_space height=&#8221;10px&#8221;][elx_button button_text=&#8221;DEVAMINI OKUYUN&#8221; button_style=&#8221;secondary&#8221; button_link=&#8221;url:https%3A%2F%2Fwww.electroluxprofessional.com%2Ftr%2Fwet-cleaning-vs-dry-cleaning-pros-and-cons-2%2F|title:DEVAMINI%20OKUYUN|target:_blank&#8221;][\/vc_column][\/vc_row][vc_row][vc_column][vc_empty_space][\/vc_column][\/vc_row][vc_row][vc_column width=&#8221;2\/5&#8243;][elx_image_block background_image=&#8221;18104&#8243; minimum_height=&#8221;260px&#8221;][\/vc_column][vc_column width=&#8221;3\/5&#8243;][vc_column_text]<\/p>\n<h2>HeroDry ile Azalt, Yeniden Kullan, Geri D\u00f6n\u00fc\u015ft\u00fcr \u2013 Ba\u011f\u0131ms\u0131z fan \u00fcnitesi<\/h2>\n<p>Daha ye\u015fil bir d\u00fcnyaya ge\u00e7i\u015f ba\u015flad\u0131 ve yeniden kullan\u0131labilir bardaklar ile sofra tak\u0131mlar\u0131 i\u00e7in geli\u015ftirilen serbest duran kurutma \u00fcnitesi HeroDry, &#8216;D\u00f6ng\u00fcsel Ekonomi&#8217; giri\u015fimimizin s\u00fcrd\u00fcr\u00fclebilir \u00e7\u00f6z\u00fcmlerinden biri olarak \u00f6ne \u00e7\u0131k\u0131yor.[\/vc_column_text][vc_empty_space height=&#8221;10px&#8221;][elx_button button_text=&#8221;DEVAMINI OKUYUN&#8221; button_style=&#8221;secondary&#8221; button_link=&#8221;url:https%3A%2F%2Fwww.electroluxprofessional.com%2Ftr%2Fticari-mutfak-ekipmanlari%2Fherodry-bagimsiz-fan-unitesi-bardaklar-sofra-gerecleri__yeniden-kullanim%2F|title:DEVAMINI%20OKUYUN|target:_blank&#8221;][\/vc_column][\/vc_row][vc_row][vc_column][vc_empty_space][\/vc_column][\/vc_row][vc_row][vc_column width=&#8221;2\/5&#8243;][elx_image_block background_image=&#8221;18107&#8243; minimum_height=&#8221;260px&#8221;][\/vc_column][vc_column width=&#8221;3\/5&#8243;][vc_column_text]<\/p>\n<h2>\u00c7ama\u015f\u0131rhane Y\u00f6netim S\u00fcrecinde Enfeksiyon Yay\u0131l\u0131m\u0131n\u0131 \u00d6nleme<\/h2>\n<p>Sa\u011fl\u0131k kurulu\u015flar\u0131nda etkili \u00e7ama\u015f\u0131rhane d\u00f6ng\u00fcs\u00fc y\u00f6netiminin uygulanmas\u0131, sa\u011fl\u0131k hizmetleriyle ili\u015fkili enfeksiyonlar\u0131n (HCAI) azalt\u0131lmas\u0131nda kritik rol oynar. \u00c7ar\u015faf ve tekstil \u00fcr\u00fcnlerinin do\u011fru \u015fekilde ta\u015f\u0131nmas\u0131, y\u0131kanmas\u0131 ve depolanmas\u0131, enfeksiyon risklerini \u00f6nemli \u00f6l\u00e7\u00fcde azaltabilir.[\/vc_column_text][vc_empty_space height=&#8221;10px&#8221;][elx_button button_text=&#8221;DEVAMINI OKUYUN&#8221; button_style=&#8221;secondary&#8221; button_link=&#8221;url:https%3A%2F%2Fwww.electroluxprofessional.com%2Ftr%2Feffective-laundry-cycle-management-2%2F|title:DEVAMINI%20OKUYUN|target:_blank&#8221;][\/vc_column][\/vc_row][vc_row][vc_column][vc_empty_space][\/vc_column][\/vc_row]<\/p>\n","protected":false},"excerpt":{"rendered":"<p>[vc_row full_width=&#8221;electroluxpro-full-width-no-padding&#8221;][vc_column][elx_image_block background_image=&#8221;19852&#8243; minimum_height=&#8221;400px&#8221;][vc_empty_space][\/vc_column][\/vc_row][vc_row full_width=&#8221;electroluxpro-container-no-padding&#8221;][vc_column][elx_heading font_container=&#8221;h1&#8243; text_color=&#8221;inherit&#8221; text_align=&#8221;text-center&#8221;]G\u00fc\u00e7lendirici \u0130novasyon: Geli\u015fmi\u015f Verimlilik ve S\u00fcrd\u00fcr\u00fclebilirlik i\u00e7in Fikirleri ve Konseptleri Ke\u015ffedin[\/elx_heading][vc_empty_space height=&#8221;50px&#8221;][\/vc_column][\/vc_row][vc_row][vc_column width=&#8221;2\/5&#8243;][elx_image_block background_image=&#8221;19503&#8243; minimum_height=&#8221;260px&#8221;][\/vc_column][vc_column width=&#8221;3\/5&#8243;][vc_column_text] S\u00fcrd\u00fcr\u00fclebilir restoranlarda ve yemek servisi sekt\u00f6r\u00fcnde ekolojik devrimler: mutlaka bilmeniz gereken yenilikler \u0130ster enerji tasarrufu sa\u011flamak, ister su t\u00fcketiminizi ve at\u0131k miktar\u0131n\u0131z\u0131 azaltmak isteyin; mutfa\u011f\u0131n\u0131zda kolayca uygulayabilece\u011finiz harika \u00e7\u00f6z\u00fcmlerle s\u00fcrd\u00fcr\u00fclebilirli\u011fe katk\u0131da bulunabilirsiniz.[\/vc_column_text][vc_empty_space [&hellip;]<\/p>\n","protected":false},"author":64,"featured_media":0,"parent":0,"menu_order":0,"comment_status":"closed","ping_status":"closed","template":"","meta":{"footnotes":""},"class_list":["post-21710","page","type-page","status-publish","hentry"],"acf":[],"yoast_head":"<!-- This site is optimized with the Yoast SEO plugin v23.3 - https:\/\/yoast.com\/wordpress\/plugins\/seo\/ -->\n<title>G\u00fc\u00e7lendirici \u0130novasyon: Geli\u015fmi\u015f Verimlilik ve S\u00fcrd\u00fcr\u00fclebilirlik i\u00e7in Fikirleri ve Konseptleri Ke\u015ffedin - Electrolux Professional T\u00fcrkiye<\/title>\n<meta name=\"robots\" content=\"index, follow, max-snippet:-1, max-image-preview:large, max-video-preview:-1\" \/>\n<link rel=\"canonical\" href=\"https:\/\/www.electroluxprofessional.com\/tr\/guclendirici-inovasyon\/\" \/>\n<meta property=\"og:locale\" content=\"tr_TR\" \/>\n<meta property=\"og:type\" content=\"article\" \/>\n<meta property=\"og:title\" content=\"G\u00fc\u00e7lendirici \u0130novasyon: Geli\u015fmi\u015f Verimlilik ve S\u00fcrd\u00fcr\u00fclebilirlik i\u00e7in Fikirleri ve Konseptleri Ke\u015ffedin - Electrolux Professional T\u00fcrkiye\" \/>\n<meta property=\"og:description\" content=\"[vc_row full_width=&#8221;electroluxpro-full-width-no-padding&#8221;][vc_column][elx_image_block background_image=&#8221;19852&#8243; minimum_height=&#8221;400px&#8221;][vc_empty_space][\/vc_column][\/vc_row][vc_row full_width=&#8221;electroluxpro-container-no-padding&#8221;][vc_column][elx_heading font_container=&#8221;h1&#8243; text_color=&#8221;inherit&#8221; text_align=&#8221;text-center&#8221;]G\u00fc\u00e7lendirici \u0130novasyon: Geli\u015fmi\u015f Verimlilik ve S\u00fcrd\u00fcr\u00fclebilirlik i\u00e7in Fikirleri ve Konseptleri Ke\u015ffedin[\/elx_heading][vc_empty_space height=&#8221;50px&#8221;][\/vc_column][\/vc_row][vc_row][vc_column width=&#8221;2\/5&#8243;][elx_image_block background_image=&#8221;19503&#8243; minimum_height=&#8221;260px&#8221;][\/vc_column][vc_column width=&#8221;3\/5&#8243;][vc_column_text] S\u00fcrd\u00fcr\u00fclebilir restoranlarda ve yemek servisi sekt\u00f6r\u00fcnde ekolojik devrimler: mutlaka bilmeniz gereken yenilikler \u0130ster enerji tasarrufu sa\u011flamak, ister su t\u00fcketiminizi ve at\u0131k miktar\u0131n\u0131z\u0131 azaltmak isteyin; mutfa\u011f\u0131n\u0131zda kolayca uygulayabilece\u011finiz harika \u00e7\u00f6z\u00fcmlerle s\u00fcrd\u00fcr\u00fclebilirli\u011fe katk\u0131da bulunabilirsiniz.[\/vc_column_text][vc_empty_space [&hellip;]\" \/>\n<meta property=\"og:url\" content=\"https:\/\/www.electroluxprofessional.com\/tr\/guclendirici-inovasyon\/\" \/>\n<meta property=\"og:site_name\" content=\"Electrolux Professional T\u00fcrkiye\" \/>\n<meta property=\"article:modified_time\" content=\"2025-07-31T08:14:08+00:00\" \/>\n<meta name=\"twitter:card\" content=\"summary_large_image\" \/>\n<meta name=\"twitter:label1\" content=\"Tahmini okuma s\u00fcresi\" \/>\n\t<meta name=\"twitter:data1\" content=\"3 dakika\" \/>\n<script type=\"application\/ld+json\" class=\"yoast-schema-graph\">{\"@context\":\"https:\/\/schema.org\",\"@graph\":[{\"@type\":\"WebPage\",\"@id\":\"https:\/\/www.electroluxprofessional.com\/tr\/guclendirici-inovasyon\/\",\"url\":\"https:\/\/www.electroluxprofessional.com\/tr\/guclendirici-inovasyon\/\",\"name\":\"G\u00fc\u00e7lendirici \u0130novasyon: Geli\u015fmi\u015f Verimlilik ve S\u00fcrd\u00fcr\u00fclebilirlik i\u00e7in Fikirleri ve Konseptleri Ke\u015ffedin - Electrolux Professional T\u00fcrkiye\",\"isPartOf\":{\"@id\":\"https:\/\/www.electroluxprofessional.com\/tr\/#website\"},\"datePublished\":\"2025-07-31T07:30:24+00:00\",\"dateModified\":\"2025-07-31T08:14:08+00:00\",\"breadcrumb\":{\"@id\":\"https:\/\/www.electroluxprofessional.com\/tr\/guclendirici-inovasyon\/#breadcrumb\"},\"inLanguage\":\"tr\",\"potentialAction\":[{\"@type\":\"ReadAction\",\"target\":[\"https:\/\/www.electroluxprofessional.com\/tr\/guclendirici-inovasyon\/\"]}]},{\"@type\":\"BreadcrumbList\",\"@id\":\"https:\/\/www.electroluxprofessional.com\/tr\/guclendirici-inovasyon\/#breadcrumb\",\"itemListElement\":[{\"@type\":\"ListItem\",\"position\":1,\"name\":\"Home\",\"item\":\"https:\/\/www.electroluxprofessional.com\/tr\/\"},{\"@type\":\"ListItem\",\"position\":2,\"name\":\"G\u00fc\u00e7lendirici \u0130novasyon: Geli\u015fmi\u015f Verimlilik ve S\u00fcrd\u00fcr\u00fclebilirlik i\u00e7in Fikirleri ve Konseptleri Ke\u015ffedin\"}]},{\"@type\":\"WebSite\",\"@id\":\"https:\/\/www.electroluxprofessional.com\/tr\/#website\",\"url\":\"https:\/\/www.electroluxprofessional.com\/tr\/\",\"name\":\"Electrolux Professional T\u00fcrkiye\",\"description\":\"\",\"potentialAction\":[{\"@type\":\"SearchAction\",\"target\":{\"@type\":\"EntryPoint\",\"urlTemplate\":\"https:\/\/www.electroluxprofessional.com\/tr\/?src={search_term_string}\"},\"query-input\":\"required name=search_term_string\"}],\"inLanguage\":\"tr\"}]}<\/script>\n<!-- \/ Yoast SEO plugin. -->","yoast_head_json":{"title":"G\u00fc\u00e7lendirici \u0130novasyon: Geli\u015fmi\u015f Verimlilik ve S\u00fcrd\u00fcr\u00fclebilirlik i\u00e7in Fikirleri ve Konseptleri Ke\u015ffedin - Electrolux Professional T\u00fcrkiye","robots":{"index":"index","follow":"follow","max-snippet":"max-snippet:-1","max-image-preview":"max-image-preview:large","max-video-preview":"max-video-preview:-1"},"canonical":"https:\/\/www.electroluxprofessional.com\/tr\/guclendirici-inovasyon\/","og_locale":"tr_TR","og_type":"article","og_title":"G\u00fc\u00e7lendirici \u0130novasyon: Geli\u015fmi\u015f Verimlilik ve S\u00fcrd\u00fcr\u00fclebilirlik i\u00e7in Fikirleri ve Konseptleri Ke\u015ffedin - Electrolux Professional T\u00fcrkiye","og_description":"[vc_row full_width=&#8221;electroluxpro-full-width-no-padding&#8221;][vc_column][elx_image_block background_image=&#8221;19852&#8243; minimum_height=&#8221;400px&#8221;][vc_empty_space][\/vc_column][\/vc_row][vc_row full_width=&#8221;electroluxpro-container-no-padding&#8221;][vc_column][elx_heading font_container=&#8221;h1&#8243; text_color=&#8221;inherit&#8221; text_align=&#8221;text-center&#8221;]G\u00fc\u00e7lendirici \u0130novasyon: Geli\u015fmi\u015f Verimlilik ve S\u00fcrd\u00fcr\u00fclebilirlik i\u00e7in Fikirleri ve Konseptleri Ke\u015ffedin[\/elx_heading][vc_empty_space height=&#8221;50px&#8221;][\/vc_column][\/vc_row][vc_row][vc_column width=&#8221;2\/5&#8243;][elx_image_block background_image=&#8221;19503&#8243; minimum_height=&#8221;260px&#8221;][\/vc_column][vc_column width=&#8221;3\/5&#8243;][vc_column_text] S\u00fcrd\u00fcr\u00fclebilir restoranlarda ve yemek servisi sekt\u00f6r\u00fcnde ekolojik devrimler: mutlaka bilmeniz gereken yenilikler \u0130ster enerji tasarrufu sa\u011flamak, ister su t\u00fcketiminizi ve at\u0131k miktar\u0131n\u0131z\u0131 azaltmak isteyin; mutfa\u011f\u0131n\u0131zda kolayca uygulayabilece\u011finiz harika \u00e7\u00f6z\u00fcmlerle s\u00fcrd\u00fcr\u00fclebilirli\u011fe katk\u0131da bulunabilirsiniz.[\/vc_column_text][vc_empty_space [&hellip;]","og_url":"https:\/\/www.electroluxprofessional.com\/tr\/guclendirici-inovasyon\/","og_site_name":"Electrolux Professional T\u00fcrkiye","article_modified_time":"2025-07-31T08:14:08+00:00","twitter_card":"summary_large_image","twitter_misc":{"Tahmini okuma s\u00fcresi":"3 dakika"},"schema":{"@context":"https:\/\/schema.org","@graph":[{"@type":"WebPage","@id":"https:\/\/www.electroluxprofessional.com\/tr\/guclendirici-inovasyon\/","url":"https:\/\/www.electroluxprofessional.com\/tr\/guclendirici-inovasyon\/","name":"G\u00fc\u00e7lendirici \u0130novasyon: Geli\u015fmi\u015f Verimlilik ve S\u00fcrd\u00fcr\u00fclebilirlik i\u00e7in Fikirleri ve Konseptleri Ke\u015ffedin - Electrolux Professional T\u00fcrkiye","isPartOf":{"@id":"https:\/\/www.electroluxprofessional.com\/tr\/#website"},"datePublished":"2025-07-31T07:30:24+00:00","dateModified":"2025-07-31T08:14:08+00:00","breadcrumb":{"@id":"https:\/\/www.electroluxprofessional.com\/tr\/guclendirici-inovasyon\/#breadcrumb"},"inLanguage":"tr","potentialAction":[{"@type":"ReadAction","target":["https:\/\/www.electroluxprofessional.com\/tr\/guclendirici-inovasyon\/"]}]},{"@type":"BreadcrumbList","@id":"https:\/\/www.electroluxprofessional.com\/tr\/guclendirici-inovasyon\/#breadcrumb","itemListElement":[{"@type":"ListItem","position":1,"name":"Home","item":"https:\/\/www.electroluxprofessional.com\/tr\/"},{"@type":"ListItem","position":2,"name":"G\u00fc\u00e7lendirici \u0130novasyon: Geli\u015fmi\u015f Verimlilik ve S\u00fcrd\u00fcr\u00fclebilirlik i\u00e7in Fikirleri ve Konseptleri Ke\u015ffedin"}]},{"@type":"WebSite","@id":"https:\/\/www.electroluxprofessional.com\/tr\/#website","url":"https:\/\/www.electroluxprofessional.com\/tr\/","name":"Electrolux Professional T\u00fcrkiye","description":"","potentialAction":[{"@type":"SearchAction","target":{"@type":"EntryPoint","urlTemplate":"https:\/\/www.electroluxprofessional.com\/tr\/?src={search_term_string}"},"query-input":"required name=search_term_string"}],"inLanguage":"tr"}]}},"_links":{"self":[{"href":"https:\/\/www.electroluxprofessional.com\/tr\/wp-json\/wp\/v2\/pages\/21710"}],"collection":[{"href":"https:\/\/www.electroluxprofessional.com\/tr\/wp-json\/wp\/v2\/pages"}],"about":[{"href":"https:\/\/www.electroluxprofessional.com\/tr\/wp-json\/wp\/v2\/types\/page"}],"author":[{"embeddable":true,"href":"https:\/\/www.electroluxprofessional.com\/tr\/wp-json\/wp\/v2\/users\/64"}],"replies":[{"embeddable":true,"href":"https:\/\/www.electroluxprofessional.com\/tr\/wp-json\/wp\/v2\/comments?post=21710"}],"version-history":[{"count":2,"href":"https:\/\/www.electroluxprofessional.com\/tr\/wp-json\/wp\/v2\/pages\/21710\/revisions"}],"predecessor-version":[{"id":21711,"href":"https:\/\/www.electroluxprofessional.com\/tr\/wp-json\/wp\/v2\/pages\/21710\/revisions\/21711"}],"wp:attachment":[{"href":"https:\/\/www.electroluxprofessional.com\/tr\/wp-json\/wp\/v2\/media?parent=21710"}],"curies":[{"name":"wp","href":"https:\/\/api.w.org\/{rel}","templated":true}]}}