{"id":21615,"date":"2025-07-29T13:20:14","date_gmt":"2025-07-29T13:20:14","guid":{"rendered":"https:\/\/www.electroluxprofessional.com\/tr\/?page_id=21615"},"modified":"2025-07-30T07:43:35","modified_gmt":"2025-07-30T07:43:35","slug":"kucuk-isletmeler","status":"publish","type":"page","link":"https:\/\/www.electroluxprofessional.com\/tr\/isletmenize-yonelik-cozumler\/kucuk-isletmeler\/","title":{"rendered":"K\u00fc\u00e7\u00fck \u0130\u015fletmeler"},"content":{"rendered":"<p>[vc_row full_width=&#8221;electroluxpro-full-width-no-padding&#8221; css=&#8221;.vc_custom_1569489800242{background-color: #041e41 !important;}&#8221;][vc_column][vc_single_image image=&#8221;21611&#8243; img_size=&#8221;full&#8221; alignment=&#8221;center&#8221;][\/vc_column][\/vc_row][vc_row][vc_column][vc_empty_space][\/vc_column][\/vc_row][vc_row][vc_column][elx_heading font_container=&#8221;h1&#8243; text_color=&#8221;electrolux-blue&#8221;]K\u00fc\u00e7\u00fck \u0130\u015fletmeler i\u00e7in \u00c7ama\u015f\u0131rhane \u00c7\u00f6z\u00fcmleri[\/elx_heading][vc_column_text]Ev tipi makinelerle \u00e7ama\u015f\u0131rhane odas\u0131nda \u00e7al\u0131\u015fan i\u015fletme sahiplerinin kar\u015f\u0131la\u015ft\u0131\u011f\u0131 sorunlar aras\u0131nda makine ar\u0131zalar\u0131, yava\u015f programlar ve yetersiz y\u0131kama sonu\u00e7lar\u0131 yer al\u0131r.<br \/>\nmyPRO ile, size uzun y\u0131llar boyunca g\u00fcvenle hizmet edecek, daha <strong>dayan\u0131kl\u0131 bir \u00e7ama\u015f\u0131rhane \u00e7\u00f6z\u00fcm\u00fcne<\/strong> sahip olursunuz.<br \/>\nSadece y\u00fckleyin, ba\u015flat\u0131n ve rahatlay\u0131n![\/vc_column_text][elx_button button_text=&#8221;\u00dcr\u00fcnlere gidin&#8221; button_style=&#8221;icon&#8221; button_link=&#8221;url:https%3A%2F%2Fwww.electroluxprofessional.com%2Ftr%2Fticari-camasirhane-ekipmanlari%2Fmypro-yikama-kurutma-ve-silindir-utuler%2F|title:myPro%20Y%C4%B1kama%2C%20Kurutma%20ve%20Silindir%20%C3%9Ct%C3%BCler&#8221;][\/vc_column][\/vc_row][vc_row][vc_column][vc_single_image image=&#8221;6145&#8243; img_size=&#8221;full&#8221; alignment=&#8221;center&#8221;][\/vc_column][\/vc_row][vc_row content_placement=&#8221;top&#8221; el_class=&#8221;marginNegative&#8221;][vc_column width=&#8221;1\/3&#8243;][vc_empty_space][elx_heading font_container=&#8221;h5&#8243; font_size=&#8221;h5&#8243; text_color=&#8221;inherit&#8221;]Uzun \u00d6m\u00fcr[\/elx_heading][vc_column_text]Profesyonel bile\u015fenleri ve dayan\u0131kl\u0131 yap\u0131s\u0131 sayesinde <strong>ev tipi makinelere g\u00f6re 3 kat daha uzun \u00f6m\u00fcrl\u00fcd\u00fcr.<\/strong>[\/vc_column_text][\/vc_column][vc_column width=&#8221;1\/3&#8243;][vc_empty_space][elx_heading font_container=&#8221;h5&#8243; font_size=&#8221;h5&#8243; text_color=&#8221;inherit&#8221;]A+++ Enerji Verimlili\u011fi[\/elx_heading][vc_column_text]<strong>Su, Enerji ve Para Tasarrufu Sa\u011flay\u0131n<\/strong><\/p>\n<ul>\n<li><strong>A+++ <\/strong>enerji verimlili\u011fine sahip \u00e7ama\u015f\u0131r makineleriyle<\/li>\n<li><strong>A++ <\/strong>enerji verimlili\u011fine sahip \u0131s\u0131 pompal\u0131 kurutucularla<\/li>\n<\/ul>\n<p>[\/vc_column_text][\/vc_column][vc_column width=&#8221;1\/3&#8243;][vc_empty_space][elx_heading font_container=&#8221;h5&#8243; font_size=&#8221;h5&#8243; text_color=&#8221;inherit&#8221;]Profesyonel Programlar[\/elx_heading][vc_column_text]<strong>Ev tipi makinelerden %50\u2019ye kadar daha h\u0131zl\u0131 \u00e7al\u0131\u015f\u0131r<\/strong> ve dezenfeksiyon programlar\u0131 dahil olmak \u00fczere bir\u00e7ok farkl\u0131 uygulamaya y\u00f6nelik program se\u00e7enekleriyle daha fazla esneklik sunar.[\/vc_column_text][\/vc_column][\/vc_row][vc_row content_placement=&#8221;top&#8221; el_class=&#8221;marginNegative&#8221;][vc_column width=&#8221;1\/3&#8243;][vc_single_image image=&#8221;21612&#8243; img_size=&#8221;full&#8221;][elx_heading text_color=&#8221;inherit&#8221;]Zahmetsizce<br \/>\nM\u00fckemmel Sonu\u00e7lar[\/elx_heading][vc_column_text css=&#8221;.vc_custom_1753798784966{margin-bottom: 0px !important;}&#8221; el_class=&#8221;minHeightCirclesText&#8221;]<em>&#8220;M\u00fc\u015fterilerim hemen fark eder: Kuma\u015flar \u00e7ok daha temiz, yumu\u015fac\u0131k ve mis gibi kokuyor.&#8221;<\/em>[\/vc_column_text][vc_column_text css=&#8221;.vc_custom_1753799039295{margin-top: 15px !important;}&#8221;]<\/p>\n<ul>\n<li class=\"li1\"><em>Electrolux SpeedCare tambur<\/em> sayesinde <span class=\"s1\"><span class=\"s1\"><b>\u00fcst\u00fcn sonu\u00e7lar ve giysi bak\u0131m\u0131.<\/b><\/span><\/span><\/li>\n<li class=\"li1\">Bug\u00fcn de \u00e7al\u0131\u015f\u0131r,\u00a0<span class=\"s1\"><b>10 y\u0131l sonra da<\/b><\/span>\u00a0\u2013 \u00fcstelik\u00a0<em>profesyonel kullan\u0131mlar i\u00e7in garanti dahildir.<\/em><\/li>\n<\/ul>\n<p>[\/vc_column_text][\/vc_column][vc_column width=&#8221;1\/3&#8243;][vc_single_image image=&#8221;21613&#8243; img_size=&#8221;full&#8221;][elx_heading text_color=&#8221;inherit&#8221; css=&#8221;.vc_custom_1753799443328{margin-top: 0px !important;}&#8221;]Zamandan ve Enerjiden Tasarruf Edin[\/elx_heading][vc_column_text css=&#8221;.vc_custom_1753799778590{margin-bottom: 0px !important;}&#8221; el_class=&#8221;minHeightCirclesText&#8221;]<em>&#8220;Daha h\u0131zl\u0131 s\u00fcre\u00e7lerle daha fazla \u00e7ama\u015f\u0131r y\u0131k\u0131yorum&#8221;<\/em>[\/vc_column_text][vc_column_text css=&#8221;.vc_custom_1753799746589{margin-top: 15px !important;}&#8221;]<\/p>\n<ul>\n<li><span class=\"TextRun SCXW179088275 BCX9\" lang=\"TR-TR\" xml:lang=\"TR-TR\" data-contrast=\"auto\"><span class=\"NormalTextRun SCXW179088275 BCX9\"><strong>%50\u2019ye kadar<\/strong>\u00a0daha h\u0131zl\u0131\u00a0<em>profesyonel program se\u00e7enekleri<\/em><\/span><\/span><span class=\"EOP SCXW179088275 BCX9\" data-ccp-props=\"{&quot;201341983&quot;:0,&quot;335559739&quot;:160,&quot;335559740&quot;:259}\">\u00a0sayesinde<\/span><\/li>\n<li><em>Ak\u0131ll\u0131 Nem Kontrol\u00fc<\/em> ile daha <strong>k\u0131sa\u00a0kurutma d\u00f6ng\u00fcs\u00fc<\/strong><\/li>\n<li class=\"li1\">A+++ <em>Enerji Verimlili\u011fine<\/em> sahip ak\u0131ll\u0131 profesyonel \u00e7ama\u015f\u0131r makinesi<\/li>\n<\/ul>\n<p>[\/vc_column_text][\/vc_column][vc_column width=&#8221;1\/3&#8243;][vc_single_image image=&#8221;21614&#8243; img_size=&#8221;full&#8221;][elx_heading text_color=&#8221;inherit&#8221;]Nihayet, k\u00fc\u00e7\u00fck \u00f6l\u00e7ekli \u00e7ama\u015f\u0131r ihtiya\u00e7lar\u0131m i\u00e7in profesyonel bir \u00e7\u00f6z\u00fcm[\/elx_heading][vc_column_text css=&#8221;.vc_custom_1753799862314{margin-bottom: 0px !important;}&#8221; el_class=&#8221;minHeightCirclesText&#8221;]<em>&#8220;\u0130\u00e7im rahat, ar\u0131za ihtimalini d\u00fc\u015f\u00fcnmeme bile gerek yok.&#8221;<\/em>[\/vc_column_text][vc_column_text css=&#8221;.vc_custom_1753799945403{margin-top: 15px !important;}&#8221;]<\/p>\n<ul>\n<li><em>\u00c7ok \u00e7e\u015fitli profesyonel programlarla<\/em>\u00a0<strong>y\u00fcksek esneklik<\/strong><\/li>\n<li><span class=\"TextRun SCXW164736802 BCX9\" lang=\"TR-TR\" xml:lang=\"TR-TR\" data-contrast=\"auto\"><span class=\"NormalTextRun SCXW164736802 BCX9\">Ev tipi makinelere g\u00f6re\u00a0<strong>3 kat daha uzun s\u00fcre hizmet verecek<\/strong>\u00a0\u015fekilde tasarlanm\u0131\u015f \u00e7ama\u015f\u0131r ve kurutma makineleri<\/span><\/span><span class=\"EOP SCXW164736802 BCX9\" data-ccp-props=\"{&quot;201341983&quot;:0,&quot;335559739&quot;:160,&quot;335559740&quot;:259}\">\u00a0<\/span><\/li>\n<li><span class=\"TextRun SCXW266365871 BCX9\" lang=\"TR-TR\" xml:lang=\"TR-TR\" data-contrast=\"auto\"><span class=\"NormalTextRun SCXW266365871 BCX9\">Opsiyonel\u00a0<em>Harici Dozajlama Sistemi<\/em>\u00a0ile\u00a0<strong>daha fazla esneklik<\/strong><\/span><\/span><strong><span class=\"EOP SCXW266365871 BCX9\" data-ccp-props=\"{&quot;201341983&quot;:0,&quot;335559739&quot;:160,&quot;335559740&quot;:259}\">\u00a0<\/span><\/strong><\/li>\n<\/ul>\n<p>[\/vc_column_text][\/vc_column][\/vc_row][vc_row][vc_column][vc_empty_space][\/vc_column][\/vc_row][vc_row][vc_column][elx_o2000_contact_us s=&#8221;Request of information about Small business&#8221; b=&#8221;laundry&#8221; r=&#8221;I would like to find out more about myPRO solution for Small Business&#8221; l=&#8221;en&#8221;][\/vc_column][\/vc_row][vc_row][vc_column][vc_empty_space][\/vc_column][\/vc_row][vc_row css=&#8221;.vc_custom_1572441069108{background-color: #eeeeee !important;}&#8221;][vc_column][vc_empty_space][elx_heading text_color=&#8221;inherit&#8221;]\u0130\u015fletmenize en uygun \u00e7ama\u015f\u0131rhane \u00e7\u00f6z\u00fcm\u00fcn\u00fc se\u00e7in[\/elx_heading][\/vc_column][vc_column width=&#8221;1\/4&#8243;][vc_empty_space height=&#8221;20px&#8221;][elx_simple_link_block link=&#8221;Enter the link of the block&#8221; text_align=&#8221;text-left&#8221; text_color=&#8221;inherit&#8221; background_color=&#8221;inherit&#8221; background_hover_color=&#8221;darker-hover&#8221; extra_class=&#8221;&#8221; reveal_effect=&#8221;&#8221; reveal_duration=&#8221;&#8221; reveal_delay=&#8221;&#8221;][elx_heading font_container=&#8221;h3&#8243; text_color=&#8221;inherit&#8221; text_align=&#8221;text-left&#8221; css=&#8221;.vc_custom_1753800062482{border-radius: 15px !important;}&#8221;]Ev Tipi Makineler[\/elx_heading][vc_column_text]<strong>2.500 D\u00f6ng\u00fcye Kadar<\/strong>[\/vc_column_text][vc_single_image image=&#8221;7637&#8243; img_size=&#8221;full&#8221; css=&#8221;.vc_custom_1572859414027{padding-top: 20px !important;padding-right: 20px !important;padding-bottom: 20px !important;}&#8221;][\/elx_simple_link_block][\/vc_column][vc_column width=&#8221;1\/4&#8243;][vc_empty_space height=&#8221;20px&#8221;][elx_simple_link_block link=&#8221;url:https%3A%2F%2Fwww.electroluxprofessional.com%2Ftr%2Fticari-camasirhane-ekipmanlari%2Fmypro-yikama-kurutma-ve-silindir-utuler%2F|title:K%C3%BC%C3%A7%C3%BCk%20%C4%B0%C5%9Fletmeler%20i%C3%A7in%20myPro%20%C3%87ama%C5%9F%C4%B1r%20Y%C4%B1kama%2C%20Kurutma%20ve%20Silindir%20%C3%9Ct%C3%BCler&#8221; text_align=&#8221;text-left&#8221; text_color=&#8221;inherit&#8221; background_color=&#8221;inherit&#8221; background_hover_color=&#8221;darker-hover&#8221; extra_class=&#8221;&#8221; reveal_effect=&#8221;&#8221; reveal_duration=&#8221;&#8221; reveal_delay=&#8221;&#8221;][elx_heading font_container=&#8221;h3&#8243; text_color=&#8221;inherit&#8221;]myPRO 8kg[\/elx_heading][vc_column_text]<strong>7.500 D\u00f6ng\u00fcye Kadar<\/strong>[\/vc_column_text][vc_single_image image=&#8221;7638&#8243; img_size=&#8221;full&#8221; css=&#8221;.vc_custom_1572859428231{padding-top: 20px !important;padding-right: 20px !important;padding-bottom: 20px !important;}&#8221;][\/elx_simple_link_block][\/vc_column][vc_column width=&#8221;1\/4&#8243;][vc_empty_space height=&#8221;20px&#8221;][elx_simple_link_block link=&#8221;url:https%3A%2F%2Fwww.electroluxprofessional.com%2Ftr%2Fticari-camasirhane-ekipmanlari%2Fmypro-xl-camasirhane-kucuk-isletmeler%2F|title:Fazla%20%C3%A7ama%C5%9F%C4%B1r%20y%C3%BCk%C3%BC%20olan%20k%C3%BC%C3%A7%C3%BCk%20i%C5%9Fletmeler%20i%C3%A7in%20myPro%20XL%20%C3%A7%C3%B6z%C3%BCmleri&#8221; text_align=&#8221;text-left&#8221; text_color=&#8221;inherit&#8221; background_color=&#8221;inherit&#8221; background_hover_color=&#8221;darker-hover&#8221; extra_class=&#8221;&#8221; reveal_effect=&#8221;&#8221; reveal_duration=&#8221;&#8221; reveal_delay=&#8221;&#8221;][elx_heading font_container=&#8221;h3&#8243; text_color=&#8221;inherit&#8221;]myPRO<sup>XL<\/sup> 12kg[\/elx_heading][vc_column_text]<strong>15.000 D\u00f6ng\u00fcye Kadar<\/strong>[\/vc_column_text][vc_single_image image=&#8221;7639&#8243; img_size=&#8221;full&#8221; css=&#8221;.vc_custom_1572859443060{padding-top: 20px !important;padding-right: 20px !important;padding-bottom: 20px !important;}&#8221;][\/elx_simple_link_block][\/vc_column][vc_column width=&#8221;1\/4&#8243;][vc_empty_space height=&#8221;20px&#8221;][elx_simple_link_block link=&#8221;url:https%3A%2F%2Fwww.electroluxprofessional.com%2Ftr%2Fticari-camasirhane-ekipmanlari%2Fendustriyel-camasir-yikama-makineleri%2F|title:End%C3%BCstriyel%20%C3%87ama%C5%9F%C4%B1r%20Y%C4%B1kama&#8221; text_align=&#8221;text-left&#8221; text_color=&#8221;inherit&#8221; background_color=&#8221;inherit&#8221; background_hover_color=&#8221;darker-hover&#8221; extra_class=&#8221;&#8221; reveal_effect=&#8221;&#8221; reveal_duration=&#8221;&#8221; reveal_delay=&#8221;&#8221;][elx_heading font_container=&#8221;h3&#8243; text_color=&#8221;inherit&#8221;]End\u00fcstriyel \u00c7\u00f6z\u00fcmler[\/elx_heading][vc_column_text]<strong>30.000 D\u00f6ng\u00fcye Kadar<\/strong>[\/vc_column_text][vc_single_image image=&#8221;7640&#8243; img_size=&#8221;full&#8221; css=&#8221;.vc_custom_1572857336964{padding-top: 20px !important;padding-right: 20px !important;padding-bottom: 20px !important;}&#8221;][\/elx_simple_link_block][\/vc_column][vc_column][vc_empty_space][\/vc_column][\/vc_row][vc_row disable_element=&#8221;yes&#8221; css=&#8221;.vc_custom_1573047682726{background-color: #eeeeee !important;}&#8221;][vc_column width=&#8221;2\/3&#8243;][elx_heading font_size=&#8221;h3&#8243; text_color=&#8221;inherit&#8221;]Looking for more productive solutions?[\/elx_heading][elx_heading font_container=&#8221;h3&#8243; font_size=&#8221;h5&#8243; text_color=&#8221;inherit&#8221;]Go and see our commercial laundry solutions[\/elx_heading][vc_column_text]Electrolux Professional provides an all-round range of products for your professional laundry needs.[\/vc_column_text][elx_button button_text=&#8221;Discover our Commercial Laundry Solutions&#8221; button_style=&#8221;icon&#8221; button_link=&#8221;url:https%3A%2F%2Fwww.electroluxprofessional.com%2Ftr%2Fcommercial-laundry-equipment%2F|title:Commercial%20Laundry%20Solutions%20||&#8221;][\/vc_column][vc_column width=&#8221;1\/3&#8243;][vc_empty_space][vc_single_image image=&#8221;1167&#8243; img_size=&#8221;700px&#8221; onclick=&#8221;custom_link&#8221; link=&#8221;http:\/\/https:\/\/www.electroluxprofessional.com\/tr\/your-business\/commercial-laundries\/&#8221;][\/vc_column][\/vc_row]<\/p>\n","protected":false},"excerpt":{"rendered":"<p>[vc_row full_width=&#8221;electroluxpro-full-width-no-padding&#8221; css=&#8221;.vc_custom_1569489800242{background-color: #041e41 !important;}&#8221;][vc_column][vc_single_image image=&#8221;21611&#8243; img_size=&#8221;full&#8221; alignment=&#8221;center&#8221;][\/vc_column][\/vc_row][vc_row][vc_column][vc_empty_space][\/vc_column][\/vc_row][vc_row][vc_column][elx_heading font_container=&#8221;h1&#8243; text_color=&#8221;electrolux-blue&#8221;]K\u00fc\u00e7\u00fck \u0130\u015fletmeler i\u00e7in \u00c7ama\u015f\u0131rhane \u00c7\u00f6z\u00fcmleri[\/elx_heading][vc_column_text]Ev tipi makinelerle \u00e7ama\u015f\u0131rhane odas\u0131nda \u00e7al\u0131\u015fan i\u015fletme sahiplerinin kar\u015f\u0131la\u015ft\u0131\u011f\u0131 sorunlar aras\u0131nda makine ar\u0131zalar\u0131, yava\u015f programlar ve yetersiz y\u0131kama sonu\u00e7lar\u0131 yer al\u0131r. myPRO ile, size uzun y\u0131llar boyunca g\u00fcvenle hizmet edecek, daha dayan\u0131kl\u0131 bir \u00e7ama\u015f\u0131rhane \u00e7\u00f6z\u00fcm\u00fcne sahip olursunuz. Sadece y\u00fckleyin, ba\u015flat\u0131n ve rahatlay\u0131n![\/vc_column_text][elx_button [&hellip;]<\/p>\n","protected":false},"author":64,"featured_media":0,"parent":1508,"menu_order":0,"comment_status":"closed","ping_status":"closed","template":"","meta":{"footnotes":""},"class_list":["post-21615","page","type-page","status-publish","hentry"],"acf":[],"yoast_head":"<!-- This site is optimized with the Yoast SEO plugin v23.3 - https:\/\/yoast.com\/wordpress\/plugins\/seo\/ -->\n<title>K\u00fc\u00e7\u00fck \u0130\u015fletmeler - Electrolux Professional T\u00fcrkiye<\/title>\n<meta name=\"description\" content=\"K\u00fc\u00e7\u00fck i\u015fletmeler i\u00e7in \u00e7ama\u015f\u0131rhane \u00e7\u00f6z\u00fcmleri. myPRO ile uzun y\u0131llar size hizmet edecek dayan\u0131kl\u0131 bir \u00e7\u00f6z\u00fcm elde edersiniz.\" \/>\n<meta name=\"robots\" content=\"index, follow, max-snippet:-1, max-image-preview:large, max-video-preview:-1\" \/>\n<link rel=\"canonical\" href=\"https:\/\/www.electroluxprofessional.com\/tr\/isletmenize-yonelik-cozumler\/kucuk-isletmeler\/\" \/>\n<meta property=\"og:locale\" content=\"tr_TR\" \/>\n<meta property=\"og:type\" content=\"article\" \/>\n<meta property=\"og:title\" content=\"K\u00fc\u00e7\u00fck \u0130\u015fletmeler - Electrolux Professional T\u00fcrkiye\" \/>\n<meta property=\"og:description\" content=\"K\u00fc\u00e7\u00fck i\u015fletmeler i\u00e7in \u00e7ama\u015f\u0131rhane \u00e7\u00f6z\u00fcmleri. myPRO ile uzun y\u0131llar size hizmet edecek dayan\u0131kl\u0131 bir \u00e7\u00f6z\u00fcm elde edersiniz.\" \/>\n<meta property=\"og:url\" content=\"https:\/\/www.electroluxprofessional.com\/tr\/isletmenize-yonelik-cozumler\/kucuk-isletmeler\/\" \/>\n<meta property=\"og:site_name\" content=\"Electrolux Professional T\u00fcrkiye\" \/>\n<meta property=\"article:modified_time\" content=\"2025-07-30T07:43:35+00:00\" \/>\n<meta name=\"twitter:card\" content=\"summary_large_image\" \/>\n<meta name=\"twitter:label1\" content=\"Tahmini okuma s\u00fcresi\" \/>\n\t<meta name=\"twitter:data1\" content=\"3 dakika\" \/>\n<script type=\"application\/ld+json\" class=\"yoast-schema-graph\">{\"@context\":\"https:\/\/schema.org\",\"@graph\":[{\"@type\":\"WebPage\",\"@id\":\"https:\/\/www.electroluxprofessional.com\/tr\/isletmenize-yonelik-cozumler\/kucuk-isletmeler\/\",\"url\":\"https:\/\/www.electroluxprofessional.com\/tr\/isletmenize-yonelik-cozumler\/kucuk-isletmeler\/\",\"name\":\"K\u00fc\u00e7\u00fck \u0130\u015fletmeler - Electrolux Professional T\u00fcrkiye\",\"isPartOf\":{\"@id\":\"https:\/\/www.electroluxprofessional.com\/tr\/#website\"},\"datePublished\":\"2025-07-29T13:20:14+00:00\",\"dateModified\":\"2025-07-30T07:43:35+00:00\",\"description\":\"K\u00fc\u00e7\u00fck i\u015fletmeler i\u00e7in \u00e7ama\u015f\u0131rhane \u00e7\u00f6z\u00fcmleri. myPRO ile uzun y\u0131llar size hizmet edecek dayan\u0131kl\u0131 bir \u00e7\u00f6z\u00fcm elde edersiniz.\",\"breadcrumb\":{\"@id\":\"https:\/\/www.electroluxprofessional.com\/tr\/isletmenize-yonelik-cozumler\/kucuk-isletmeler\/#breadcrumb\"},\"inLanguage\":\"tr\",\"potentialAction\":[{\"@type\":\"ReadAction\",\"target\":[\"https:\/\/www.electroluxprofessional.com\/tr\/isletmenize-yonelik-cozumler\/kucuk-isletmeler\/\"]}]},{\"@type\":\"BreadcrumbList\",\"@id\":\"https:\/\/www.electroluxprofessional.com\/tr\/isletmenize-yonelik-cozumler\/kucuk-isletmeler\/#breadcrumb\",\"itemListElement\":[{\"@type\":\"ListItem\",\"position\":1,\"name\":\"Home\",\"item\":\"https:\/\/www.electroluxprofessional.com\/tr\/\"},{\"@type\":\"ListItem\",\"position\":2,\"name\":\"\u0130\u015fletmenize Y\u00f6nelik \u00c7\u00f6z\u00fcmler\",\"item\":\"https:\/\/www.electroluxprofessional.com\/tr\/isletmenize-yonelik-cozumler\/\"},{\"@type\":\"ListItem\",\"position\":3,\"name\":\"K\u00fc\u00e7\u00fck \u0130\u015fletmeler\"}]},{\"@type\":\"WebSite\",\"@id\":\"https:\/\/www.electroluxprofessional.com\/tr\/#website\",\"url\":\"https:\/\/www.electroluxprofessional.com\/tr\/\",\"name\":\"Electrolux Professional T\u00fcrkiye\",\"description\":\"\",\"potentialAction\":[{\"@type\":\"SearchAction\",\"target\":{\"@type\":\"EntryPoint\",\"urlTemplate\":\"https:\/\/www.electroluxprofessional.com\/tr\/?src={search_term_string}\"},\"query-input\":\"required name=search_term_string\"}],\"inLanguage\":\"tr\"}]}<\/script>\n<!-- \/ Yoast SEO plugin. -->","yoast_head_json":{"title":"K\u00fc\u00e7\u00fck \u0130\u015fletmeler - Electrolux Professional T\u00fcrkiye","description":"K\u00fc\u00e7\u00fck i\u015fletmeler i\u00e7in \u00e7ama\u015f\u0131rhane \u00e7\u00f6z\u00fcmleri. myPRO ile uzun y\u0131llar size hizmet edecek dayan\u0131kl\u0131 bir \u00e7\u00f6z\u00fcm elde edersiniz.","robots":{"index":"index","follow":"follow","max-snippet":"max-snippet:-1","max-image-preview":"max-image-preview:large","max-video-preview":"max-video-preview:-1"},"canonical":"https:\/\/www.electroluxprofessional.com\/tr\/isletmenize-yonelik-cozumler\/kucuk-isletmeler\/","og_locale":"tr_TR","og_type":"article","og_title":"K\u00fc\u00e7\u00fck \u0130\u015fletmeler - Electrolux Professional T\u00fcrkiye","og_description":"K\u00fc\u00e7\u00fck i\u015fletmeler i\u00e7in \u00e7ama\u015f\u0131rhane \u00e7\u00f6z\u00fcmleri. myPRO ile uzun y\u0131llar size hizmet edecek dayan\u0131kl\u0131 bir \u00e7\u00f6z\u00fcm elde edersiniz.","og_url":"https:\/\/www.electroluxprofessional.com\/tr\/isletmenize-yonelik-cozumler\/kucuk-isletmeler\/","og_site_name":"Electrolux Professional T\u00fcrkiye","article_modified_time":"2025-07-30T07:43:35+00:00","twitter_card":"summary_large_image","twitter_misc":{"Tahmini okuma s\u00fcresi":"3 dakika"},"schema":{"@context":"https:\/\/schema.org","@graph":[{"@type":"WebPage","@id":"https:\/\/www.electroluxprofessional.com\/tr\/isletmenize-yonelik-cozumler\/kucuk-isletmeler\/","url":"https:\/\/www.electroluxprofessional.com\/tr\/isletmenize-yonelik-cozumler\/kucuk-isletmeler\/","name":"K\u00fc\u00e7\u00fck \u0130\u015fletmeler - Electrolux Professional T\u00fcrkiye","isPartOf":{"@id":"https:\/\/www.electroluxprofessional.com\/tr\/#website"},"datePublished":"2025-07-29T13:20:14+00:00","dateModified":"2025-07-30T07:43:35+00:00","description":"K\u00fc\u00e7\u00fck i\u015fletmeler i\u00e7in \u00e7ama\u015f\u0131rhane \u00e7\u00f6z\u00fcmleri. myPRO ile uzun y\u0131llar size hizmet edecek dayan\u0131kl\u0131 bir \u00e7\u00f6z\u00fcm elde edersiniz.","breadcrumb":{"@id":"https:\/\/www.electroluxprofessional.com\/tr\/isletmenize-yonelik-cozumler\/kucuk-isletmeler\/#breadcrumb"},"inLanguage":"tr","potentialAction":[{"@type":"ReadAction","target":["https:\/\/www.electroluxprofessional.com\/tr\/isletmenize-yonelik-cozumler\/kucuk-isletmeler\/"]}]},{"@type":"BreadcrumbList","@id":"https:\/\/www.electroluxprofessional.com\/tr\/isletmenize-yonelik-cozumler\/kucuk-isletmeler\/#breadcrumb","itemListElement":[{"@type":"ListItem","position":1,"name":"Home","item":"https:\/\/www.electroluxprofessional.com\/tr\/"},{"@type":"ListItem","position":2,"name":"\u0130\u015fletmenize Y\u00f6nelik \u00c7\u00f6z\u00fcmler","item":"https:\/\/www.electroluxprofessional.com\/tr\/isletmenize-yonelik-cozumler\/"},{"@type":"ListItem","position":3,"name":"K\u00fc\u00e7\u00fck \u0130\u015fletmeler"}]},{"@type":"WebSite","@id":"https:\/\/www.electroluxprofessional.com\/tr\/#website","url":"https:\/\/www.electroluxprofessional.com\/tr\/","name":"Electrolux Professional T\u00fcrkiye","description":"","potentialAction":[{"@type":"SearchAction","target":{"@type":"EntryPoint","urlTemplate":"https:\/\/www.electroluxprofessional.com\/tr\/?src={search_term_string}"},"query-input":"required name=search_term_string"}],"inLanguage":"tr"}]}},"_links":{"self":[{"href":"https:\/\/www.electroluxprofessional.com\/tr\/wp-json\/wp\/v2\/pages\/21615"}],"collection":[{"href":"https:\/\/www.electroluxprofessional.com\/tr\/wp-json\/wp\/v2\/pages"}],"about":[{"href":"https:\/\/www.electroluxprofessional.com\/tr\/wp-json\/wp\/v2\/types\/page"}],"author":[{"embeddable":true,"href":"https:\/\/www.electroluxprofessional.com\/tr\/wp-json\/wp\/v2\/users\/64"}],"replies":[{"embeddable":true,"href":"https:\/\/www.electroluxprofessional.com\/tr\/wp-json\/wp\/v2\/comments?post=21615"}],"version-history":[{"count":6,"href":"https:\/\/www.electroluxprofessional.com\/tr\/wp-json\/wp\/v2\/pages\/21615\/revisions"}],"predecessor-version":[{"id":21616,"href":"https:\/\/www.electroluxprofessional.com\/tr\/wp-json\/wp\/v2\/pages\/21615\/revisions\/21616"}],"up":[{"embeddable":true,"href":"https:\/\/www.electroluxprofessional.com\/tr\/wp-json\/wp\/v2\/pages\/1508"}],"wp:attachment":[{"href":"https:\/\/www.electroluxprofessional.com\/tr\/wp-json\/wp\/v2\/media?parent=21615"}],"curies":[{"name":"wp","href":"https:\/\/api.w.org\/{rel}","templated":true}]}}