{"id":21507,"date":"2025-07-25T10:40:59","date_gmt":"2025-07-25T10:40:59","guid":{"rendered":"https:\/\/www.electroluxprofessional.com\/tr\/?page_id=21507"},"modified":"2025-07-25T14:10:14","modified_gmt":"2025-07-25T14:10:14","slug":"tasarruf-hesaplayici","status":"publish","type":"page","link":"https:\/\/www.electroluxprofessional.com\/tr\/ticari-camasirhane-ekipmanlari\/line-6000-cozumler\/tasarruf-hesaplayici\/","title":{"rendered":"Tasarruf Hesaplay\u0131c\u0131"},"content":{"rendered":"<p>[vc_row full_width=&#8221;electroluxpro-full-width-no-padding&#8221;][vc_column][elx_image align=&#8221;text-center&#8221; image_media_library=&#8221;21505&#8243; image_media_library_mobile=&#8221;21506&#8243;][\/vc_column][\/vc_row][vc_row][vc_column][elx_heading font_container=&#8221;h1&#8243; text_color=&#8221;inherit&#8221; text_align=&#8221;text-center&#8221;]Mevcut ekipman\u0131n\u0131z\u0131 Line 6000 \u00e7ama\u015f\u0131r ve kurutma makineleriyle de\u011fi\u015ftirerek ne kadar tasarruf edebilece\u011finizi ke\u015ffedin.[\/elx_heading][vc_empty_space][elx_o2000_mix_up_calculator language=&#8221;tr&#8221; country=&#8221;Turkey&#8221;][vc_empty_space][\/vc_column][\/vc_row][vc_row full_width=&#8221;electroluxpro-container-no-padding&#8221; disable_element=&#8221;yes&#8221;][vc_column][vc_column_text]<\/p>\n<h3 style=\"text-align: center;\">Contact us now to discover how you can start saving money right away!<\/h3>\n<p>[\/vc_column_text][vc_empty_space][elx_o2000_contact_us flag_hide_request_type=&#8221;true&#8221; b=&#8221;laundry&#8221;][vc_empty_space][\/vc_column][\/vc_row]<\/p>\n","protected":false},"excerpt":{"rendered":"<p>[vc_row full_width=&#8221;electroluxpro-full-width-no-padding&#8221;][vc_column][elx_image align=&#8221;text-center&#8221; image_media_library=&#8221;21505&#8243; image_media_library_mobile=&#8221;21506&#8243;][\/vc_column][\/vc_row][vc_row][vc_column][elx_heading font_container=&#8221;h1&#8243; text_color=&#8221;inherit&#8221; text_align=&#8221;text-center&#8221;]Mevcut ekipman\u0131n\u0131z\u0131 Line 6000 \u00e7ama\u015f\u0131r ve kurutma makineleriyle de\u011fi\u015ftirerek ne kadar tasarruf edebilece\u011finizi ke\u015ffedin.[\/elx_heading][vc_empty_space][elx_o2000_mix_up_calculator language=&#8221;tr&#8221; country=&#8221;Turkey&#8221;][vc_empty_space][\/vc_column][\/vc_row][vc_row full_width=&#8221;electroluxpro-container-no-padding&#8221; disable_element=&#8221;yes&#8221;][vc_column][vc_column_text] Contact us now to discover how you can start saving money right away! [\/vc_column_text][vc_empty_space][elx_o2000_contact_us flag_hide_request_type=&#8221;true&#8221; b=&#8221;laundry&#8221;][vc_empty_space][\/vc_column][\/vc_row]<\/p>\n","protected":false},"author":64,"featured_media":0,"parent":21514,"menu_order":0,"comment_status":"closed","ping_status":"closed","template":"","meta":{"footnotes":""},"class_list":["post-21507","page","type-page","status-publish","hentry"],"acf":[],"yoast_head":"<!-- This site is optimized with the Yoast SEO plugin v23.3 - https:\/\/yoast.com\/wordpress\/plugins\/seo\/ -->\n<title>Tasarruf Hesaplay\u0131c\u0131 - Electrolux Professional T\u00fcrkiye<\/title>\n<meta name=\"robots\" content=\"index, follow, max-snippet:-1, max-image-preview:large, max-video-preview:-1\" \/>\n<link rel=\"canonical\" href=\"https:\/\/www.electroluxprofessional.com\/tr\/ticari-camasirhane-ekipmanlari\/line-6000-cozumler\/tasarruf-hesaplayici\/\" \/>\n<meta property=\"og:locale\" content=\"tr_TR\" \/>\n<meta property=\"og:type\" content=\"article\" \/>\n<meta property=\"og:title\" content=\"Tasarruf Hesaplay\u0131c\u0131 - Electrolux Professional T\u00fcrkiye\" \/>\n<meta property=\"og:description\" content=\"[vc_row full_width=&#8221;electroluxpro-full-width-no-padding&#8221;][vc_column][elx_image align=&#8221;text-center&#8221; image_media_library=&#8221;21505&#8243; image_media_library_mobile=&#8221;21506&#8243;][\/vc_column][\/vc_row][vc_row][vc_column][elx_heading font_container=&#8221;h1&#8243; text_color=&#8221;inherit&#8221; text_align=&#8221;text-center&#8221;]Mevcut ekipman\u0131n\u0131z\u0131 Line 6000 \u00e7ama\u015f\u0131r ve kurutma makineleriyle de\u011fi\u015ftirerek ne kadar tasarruf edebilece\u011finizi ke\u015ffedin.[\/elx_heading][vc_empty_space][elx_o2000_mix_up_calculator language=&#8221;tr&#8221; country=&#8221;Turkey&#8221;][vc_empty_space][\/vc_column][\/vc_row][vc_row full_width=&#8221;electroluxpro-container-no-padding&#8221; disable_element=&#8221;yes&#8221;][vc_column][vc_column_text] Contact us now to discover how you can start saving money right away! [\/vc_column_text][vc_empty_space][elx_o2000_contact_us flag_hide_request_type=&#8221;true&#8221; b=&#8221;laundry&#8221;][vc_empty_space][\/vc_column][\/vc_row]\" \/>\n<meta property=\"og:url\" content=\"https:\/\/www.electroluxprofessional.com\/tr\/ticari-camasirhane-ekipmanlari\/line-6000-cozumler\/tasarruf-hesaplayici\/\" \/>\n<meta property=\"og:site_name\" content=\"Electrolux Professional T\u00fcrkiye\" \/>\n<meta property=\"article:modified_time\" content=\"2025-07-25T14:10:14+00:00\" \/>\n<meta name=\"twitter:card\" content=\"summary_large_image\" \/>\n<meta name=\"twitter:label1\" content=\"Tahmini okuma s\u00fcresi\" \/>\n\t<meta name=\"twitter:data1\" content=\"1 dakika\" \/>\n<script type=\"application\/ld+json\" class=\"yoast-schema-graph\">{\"@context\":\"https:\/\/schema.org\",\"@graph\":[{\"@type\":\"WebPage\",\"@id\":\"https:\/\/www.electroluxprofessional.com\/tr\/ticari-camasirhane-ekipmanlari\/line-6000-cozumler\/tasarruf-hesaplayici\/\",\"url\":\"https:\/\/www.electroluxprofessional.com\/tr\/ticari-camasirhane-ekipmanlari\/line-6000-cozumler\/tasarruf-hesaplayici\/\",\"name\":\"Tasarruf Hesaplay\u0131c\u0131 - Electrolux Professional T\u00fcrkiye\",\"isPartOf\":{\"@id\":\"https:\/\/www.electroluxprofessional.com\/tr\/#website\"},\"datePublished\":\"2025-07-25T10:40:59+00:00\",\"dateModified\":\"2025-07-25T14:10:14+00:00\",\"breadcrumb\":{\"@id\":\"https:\/\/www.electroluxprofessional.com\/tr\/ticari-camasirhane-ekipmanlari\/line-6000-cozumler\/tasarruf-hesaplayici\/#breadcrumb\"},\"inLanguage\":\"tr\",\"potentialAction\":[{\"@type\":\"ReadAction\",\"target\":[\"https:\/\/www.electroluxprofessional.com\/tr\/ticari-camasirhane-ekipmanlari\/line-6000-cozumler\/tasarruf-hesaplayici\/\"]}]},{\"@type\":\"BreadcrumbList\",\"@id\":\"https:\/\/www.electroluxprofessional.com\/tr\/ticari-camasirhane-ekipmanlari\/line-6000-cozumler\/tasarruf-hesaplayici\/#breadcrumb\",\"itemListElement\":[{\"@type\":\"ListItem\",\"position\":1,\"name\":\"Home\",\"item\":\"https:\/\/www.electroluxprofessional.com\/tr\/\"},{\"@type\":\"ListItem\",\"position\":2,\"name\":\"\u00c7ama\u015f\u0131rhane\",\"item\":\"https:\/\/www.electroluxprofessional.com\/tr\/ticari-camasirhane-ekipmanlari\/\"},{\"@type\":\"ListItem\",\"position\":3,\"name\":\"Line 6000 \u00c7\u00f6z\u00fcmler\",\"item\":\"https:\/\/www.electroluxprofessional.com\/tr\/ticari-camasirhane-ekipmanlari\/line-6000-cozumler\/\"},{\"@type\":\"ListItem\",\"position\":4,\"name\":\"Tasarruf Hesaplay\u0131c\u0131\"}]},{\"@type\":\"WebSite\",\"@id\":\"https:\/\/www.electroluxprofessional.com\/tr\/#website\",\"url\":\"https:\/\/www.electroluxprofessional.com\/tr\/\",\"name\":\"Electrolux Professional T\u00fcrkiye\",\"description\":\"\",\"potentialAction\":[{\"@type\":\"SearchAction\",\"target\":{\"@type\":\"EntryPoint\",\"urlTemplate\":\"https:\/\/www.electroluxprofessional.com\/tr\/?src={search_term_string}\"},\"query-input\":\"required name=search_term_string\"}],\"inLanguage\":\"tr\"}]}<\/script>\n<!-- \/ Yoast SEO plugin. -->","yoast_head_json":{"title":"Tasarruf Hesaplay\u0131c\u0131 - Electrolux Professional T\u00fcrkiye","robots":{"index":"index","follow":"follow","max-snippet":"max-snippet:-1","max-image-preview":"max-image-preview:large","max-video-preview":"max-video-preview:-1"},"canonical":"https:\/\/www.electroluxprofessional.com\/tr\/ticari-camasirhane-ekipmanlari\/line-6000-cozumler\/tasarruf-hesaplayici\/","og_locale":"tr_TR","og_type":"article","og_title":"Tasarruf Hesaplay\u0131c\u0131 - Electrolux Professional T\u00fcrkiye","og_description":"[vc_row full_width=&#8221;electroluxpro-full-width-no-padding&#8221;][vc_column][elx_image align=&#8221;text-center&#8221; image_media_library=&#8221;21505&#8243; image_media_library_mobile=&#8221;21506&#8243;][\/vc_column][\/vc_row][vc_row][vc_column][elx_heading font_container=&#8221;h1&#8243; text_color=&#8221;inherit&#8221; text_align=&#8221;text-center&#8221;]Mevcut ekipman\u0131n\u0131z\u0131 Line 6000 \u00e7ama\u015f\u0131r ve kurutma makineleriyle de\u011fi\u015ftirerek ne kadar tasarruf edebilece\u011finizi ke\u015ffedin.[\/elx_heading][vc_empty_space][elx_o2000_mix_up_calculator language=&#8221;tr&#8221; country=&#8221;Turkey&#8221;][vc_empty_space][\/vc_column][\/vc_row][vc_row full_width=&#8221;electroluxpro-container-no-padding&#8221; disable_element=&#8221;yes&#8221;][vc_column][vc_column_text] Contact us now to discover how you can start saving money right away! [\/vc_column_text][vc_empty_space][elx_o2000_contact_us flag_hide_request_type=&#8221;true&#8221; b=&#8221;laundry&#8221;][vc_empty_space][\/vc_column][\/vc_row]","og_url":"https:\/\/www.electroluxprofessional.com\/tr\/ticari-camasirhane-ekipmanlari\/line-6000-cozumler\/tasarruf-hesaplayici\/","og_site_name":"Electrolux Professional T\u00fcrkiye","article_modified_time":"2025-07-25T14:10:14+00:00","twitter_card":"summary_large_image","twitter_misc":{"Tahmini okuma s\u00fcresi":"1 dakika"},"schema":{"@context":"https:\/\/schema.org","@graph":[{"@type":"WebPage","@id":"https:\/\/www.electroluxprofessional.com\/tr\/ticari-camasirhane-ekipmanlari\/line-6000-cozumler\/tasarruf-hesaplayici\/","url":"https:\/\/www.electroluxprofessional.com\/tr\/ticari-camasirhane-ekipmanlari\/line-6000-cozumler\/tasarruf-hesaplayici\/","name":"Tasarruf Hesaplay\u0131c\u0131 - Electrolux Professional T\u00fcrkiye","isPartOf":{"@id":"https:\/\/www.electroluxprofessional.com\/tr\/#website"},"datePublished":"2025-07-25T10:40:59+00:00","dateModified":"2025-07-25T14:10:14+00:00","breadcrumb":{"@id":"https:\/\/www.electroluxprofessional.com\/tr\/ticari-camasirhane-ekipmanlari\/line-6000-cozumler\/tasarruf-hesaplayici\/#breadcrumb"},"inLanguage":"tr","potentialAction":[{"@type":"ReadAction","target":["https:\/\/www.electroluxprofessional.com\/tr\/ticari-camasirhane-ekipmanlari\/line-6000-cozumler\/tasarruf-hesaplayici\/"]}]},{"@type":"BreadcrumbList","@id":"https:\/\/www.electroluxprofessional.com\/tr\/ticari-camasirhane-ekipmanlari\/line-6000-cozumler\/tasarruf-hesaplayici\/#breadcrumb","itemListElement":[{"@type":"ListItem","position":1,"name":"Home","item":"https:\/\/www.electroluxprofessional.com\/tr\/"},{"@type":"ListItem","position":2,"name":"\u00c7ama\u015f\u0131rhane","item":"https:\/\/www.electroluxprofessional.com\/tr\/ticari-camasirhane-ekipmanlari\/"},{"@type":"ListItem","position":3,"name":"Line 6000 \u00c7\u00f6z\u00fcmler","item":"https:\/\/www.electroluxprofessional.com\/tr\/ticari-camasirhane-ekipmanlari\/line-6000-cozumler\/"},{"@type":"ListItem","position":4,"name":"Tasarruf Hesaplay\u0131c\u0131"}]},{"@type":"WebSite","@id":"https:\/\/www.electroluxprofessional.com\/tr\/#website","url":"https:\/\/www.electroluxprofessional.com\/tr\/","name":"Electrolux Professional T\u00fcrkiye","description":"","potentialAction":[{"@type":"SearchAction","target":{"@type":"EntryPoint","urlTemplate":"https:\/\/www.electroluxprofessional.com\/tr\/?src={search_term_string}"},"query-input":"required name=search_term_string"}],"inLanguage":"tr"}]}},"_links":{"self":[{"href":"https:\/\/www.electroluxprofessional.com\/tr\/wp-json\/wp\/v2\/pages\/21507"}],"collection":[{"href":"https:\/\/www.electroluxprofessional.com\/tr\/wp-json\/wp\/v2\/pages"}],"about":[{"href":"https:\/\/www.electroluxprofessional.com\/tr\/wp-json\/wp\/v2\/types\/page"}],"author":[{"embeddable":true,"href":"https:\/\/www.electroluxprofessional.com\/tr\/wp-json\/wp\/v2\/users\/64"}],"replies":[{"embeddable":true,"href":"https:\/\/www.electroluxprofessional.com\/tr\/wp-json\/wp\/v2\/comments?post=21507"}],"version-history":[{"count":3,"href":"https:\/\/www.electroluxprofessional.com\/tr\/wp-json\/wp\/v2\/pages\/21507\/revisions"}],"predecessor-version":[{"id":21510,"href":"https:\/\/www.electroluxprofessional.com\/tr\/wp-json\/wp\/v2\/pages\/21507\/revisions\/21510"}],"up":[{"embeddable":true,"href":"https:\/\/www.electroluxprofessional.com\/tr\/wp-json\/wp\/v2\/pages\/21514"}],"wp:attachment":[{"href":"https:\/\/www.electroluxprofessional.com\/tr\/wp-json\/wp\/v2\/media?parent=21507"}],"curies":[{"name":"wp","href":"https:\/\/api.w.org\/{rel}","templated":true}]}}