{"id":21409,"date":"2025-07-22T10:44:43","date_gmt":"2025-07-22T10:44:43","guid":{"rendered":"https:\/\/www.electroluxprofessional.com\/tr\/?page_id=21409"},"modified":"2025-11-05T15:50:30","modified_gmt":"2025-11-05T15:50:30","slug":"aksesuarlar-ve-sarf-malzemeleri-bulasikhane-ekipmanlari","status":"publish","type":"page","link":"https:\/\/www.electroluxprofessional.com\/tr\/aksesuarlar-sarf-malzemeleri\/aksesuarlar-ve-sarf-malzemeleri-bulasikhane-ekipmanlari\/","title":{"rendered":"Aksesuarlar ve Sarf Malzemeleri &#8211; Bula\u015f\u0131khane Ekipmanlar\u0131"},"content":{"rendered":"<p>[vc_row full_width=&#8221;electroluxpro-full-width-no-padding&#8221;][vc_column css=&#8221;.vc_custom_1618358802266{margin-top: -40px !important;border-top-width: -40px !important;padding-top: -40px !important;}&#8221;][elx_full_banner title=&#8221;Aksesuarlar ve Sarf Malzemeleri &#8211; Bula\u015f\u0131khane Ekipmanlar\u0131&#8221; set_as_h1=&#8221;true&#8221; background_image_media_library=&#8221;14222&#8243; background_image_media_library_mobile=&#8221;21408&#8243; link=&#8221;url:%23contact|title:Daha%20fazla%20bilgi%20edinin&#8221;][vc_row_inner full_width=&#8221;electroluxpro-full-width&#8221; gap=&#8221;15&#8243;][vc_column_inner width=&#8221;1\/4&#8243;][elx_download_block text=&#8221;Accessories for protection, sanitizing and cleaning catalogue&#8221; document_type=&#8221;cat&#8221; file_picker=&#8221;24892&#8243; background_color=&#8221;electrolux-blue&#8221; background_hover_color=&#8221;lighter-hover&#8221; ca_document_number=&#8221;CAT10&#8243;][\/vc_column_inner][vc_column_inner width=&#8221;1\/4&#8243;][elx_download_block text=&#8221;Genuine Replacement Parts, Accessories &amp; Consumables catalogue&#8221; document_type=&#8221;cat&#8221; file_picker=&#8221;24892&#8243; background_color=&#8221;electrolux-blue&#8221; background_hover_color=&#8221;lighter-hover&#8221; ca_document_number=&#8221;CAT19&#8243;][\/vc_column_inner][vc_column_inner width=&#8221;1\/4&#8243;][elx_download_block text=&#8221;Spare Part Kits catalogue&#8221; document_type=&#8221;cat&#8221; file_picker=&#8221;24892&#8243; background_color=&#8221;electrolux-blue&#8221; background_hover_color=&#8221;lighter-hover&#8221; ca_document_number=&#8221;CAT9&#8243;][\/vc_column_inner][vc_column_inner width=&#8221;1\/4&#8243;][elx_download_block text=&#8221;Professional cleaning detergents Selection Guide&#8221; file_picker=&#8221;47320&#8243; background_color=&#8221;electrolux-blue&#8221;][\/vc_column_inner][\/vc_row_inner][\/vc_column][\/vc_row][vc_row][vc_column][elx_menu][vc_empty_space][vc_column_text]<\/p>\n<p style=\"text-align: center;\">M\u00fckemmel sonu\u00e7lar ve en iyi performans sadece bizim Aksesuarlar\u0131m\u0131z ve Sarf Malzeme \u00e7\u00f6z\u00fcmlerimiz sayesinde elde edilebilir.<\/p>\n<p>[\/vc_column_text][vc_empty_space][elx_button button_text=&#8221;End\u00fcstriyel bula\u015f\u0131k makinelerimizi ke\u015ffedin&#8221; button_link=&#8221;url:https%3A%2F%2Fwww.electroluxprofessional.com%2Ftr%2Fticari-mutfak-ekipmanlari%2Fticari-bulasik-makinesi%2F&#8221;][\/vc_column][\/vc_row][vc_row disable_element=&#8221;yes&#8221;][vc_column][vc_empty_space][vc_row_inner disable_element=&#8221;yes&#8221;][vc_column_inner width=&#8221;1\/2&#8243;][vc_single_image image=&#8221;1420&#8243; img_size=&#8221;530&#215;285&#8243; css_animation=&#8221;none&#8221;][\/vc_column_inner][vc_column_inner width=&#8221;1\/2&#8243;][elx_heading font_size=&#8221;h5&#8243; text_color=&#8221;inherit&#8221;]Water taps[\/elx_heading][vc_column_text]One or two hole mixer taps,\u00a0infrared operated one hole mixer tap, water taps with shower units, washing groups\u00a0&#8230; choose the best\u00a0accessories for your dishwashing equipment.[\/vc_column_text][vc_empty_space][elx_shop_now button_text=&#8221;SHOP NOW&#8221; button_display_block=&#8221;display_block_on&#8221; button_alignment=&#8221;align_center&#8221; button_link=&#8221;url:https%3A%2F%2Fbuy.electroluxprofessional.com%2Felectrolux-professional%2Ftaps%2Fparts&#8221;][vc_empty_space][\/vc_column_inner][\/vc_row_inner][\/vc_column][\/vc_row][vc_row][vc_column][vc_empty_space][\/vc_column][vc_column][vc_empty_space][vc_row_inner][vc_column_inner width=&#8221;1\/2&#8243;][elx_heading font_size=&#8221;h5&#8243; text_color=&#8221;inherit&#8221;]Universal kullan\u0131ma y\u00f6nelik sepetler[\/elx_heading][vc_column_text]Farkl\u0131 sepet t\u00fcrlerimiz aras\u0131ndan se\u00e7im yapabilirsiniz:<br \/>\nd\u00fcz tabaklar veya kaseler i\u00e7in; pizza tabaklar\u0131, kupalar veya kahve fincanlar\u0131 i\u00e7in \u00f6zel yerle\u015ftirme yeri; \u00e7atal-ka\u015f\u0131k tak\u0131mlar\u0131 i\u00e7in kutular; a\u00e7\u0131k tarafl\u0131 sepetler tepsiler ve dada fazlas\u0131 i\u00e7in uygundur.[\/vc_column_text][vc_empty_space][elx_shop_now button_text=&#8221;Sat\u0131n al\u0131n&#8221; button_display_block=&#8221;display_block_on&#8221; button_alignment=&#8221;align_center&#8221; button_link=&#8221;url:https%3A%2F%2Fbuy.electroluxprofessional.com%2Fparts%3Fq%3Dbaskets&#8221;][vc_empty_space][\/vc_column_inner][vc_column_inner width=&#8221;1\/2&#8243;][vc_single_image image=&#8221;1419&#8243; img_size=&#8221;530*285&#8243; css_animation=&#8221;none&#8221;][\/vc_column_inner][\/vc_row_inner][vc_empty_space][vc_row_inner][vc_column_inner width=&#8221;1\/2&#8243;][vc_single_image image=&#8221;14220&#8243; img_size=&#8221;530*285&#8243; alignment=&#8221;center&#8221; css_animation=&#8221;none&#8221;][\/vc_column_inner][vc_column_inner width=&#8221;1\/2&#8243;][elx_heading font_size=&#8221;h5&#8243; text_color=&#8221;inherit&#8221;]S\u0131v\u0131 deterjanlar\u0131[\/elx_heading][vc_column_text]Bu deterjanlar \u0131\u015f\u0131lt\u0131l\u0131 bardaklar i\u00e7in, damlalar\u0131 ve izleri tamamen yok eder, her \u015feyi m\u00fckemmel derecede kuru ve temiz b\u0131rak\u0131r.<br \/>\n\u00d6zel form\u00fcl\u00fc sayesinde kire\u00e7 olu\u015fumunu \u00f6nleriz.[\/vc_column_text][elx_button button_text=&#8221;End\u00fcstriyel bula\u015f\u0131k y\u0131kama makineleri&#8221; button_style=&#8221;icon&#8221; button_link=&#8221;url:https%3A%2F%2Fwww.electroluxprofessional.com%2Ftr%2Fticari-mutfak-ekipmanlari%2Fticari-bulasik-makinesi%2F|title:ticari%20bula%C5%9F%C4%B1k%20makineleri&#8221;][vc_empty_space][elx_shop_now button_text=&#8221;Sat\u0131n al\u0131n&#8221; button_display_block=&#8221;display_block_on&#8221; button_alignment=&#8221;align_center&#8221; button_link=&#8221;url:https%3A%2F%2Fbuy.electroluxprofessional.com%2Felectrolux-professional%2Fcleaners-detergents%2Fparts|||&#8221;][vc_empty_space][\/vc_column_inner][\/vc_row_inner][vc_empty_space][\/vc_column][\/vc_row][vc_row css=&#8221;.vc_custom_1619575574189{background-color: #e8eff5 !important;}&#8221;][vc_column][vc_column_text]<\/p>\n<h3>Biliyor muydunuz? Bardaklar\u0131n\u0131z her y\u0131kama d\u00f6ng\u00fcs\u00fcnde \u201ca\u011f\u0131rl\u0131k\u201d kaybeder ve zamanla daha k\u0131r\u0131lgan hale gelir.<\/h3>\n<p>[\/vc_column_text][vc_single_image image=&#8221;21413&#8243; img_size=&#8221;full&#8221;][elx_download_block text=&#8221;The right solution-DISHWASHING CHEMICALS&#8221; document_type=&#8221;brochures&#8221; background_color=&#8221;inherit&#8221;][\/vc_column][\/vc_row][vc_row el_id=&#8221;contact&#8221;][vc_column][elx_heading font_container=&#8221;h3&#8243; text_color=&#8221;inherit&#8221;]Bula\u015f\u0131k y\u0131kama ekipman\u0131n\u0131z\u0131 nas\u0131l ki\u015fiselle\u015ftirebilece\u011finizi ke\u015ffedin.[\/elx_heading][elx_o2000_contact_us s=&#8221;Request of information about accessories and consumables for dishwashing.&#8221; container=&#8221;elxcontactus1484553998&#8243; r=&#8221;I would like to find out more about accessories and consumables for dishwashing. Please get in touch with me.&#8221;][\/vc_column][\/vc_row]<\/p>\n","protected":false},"excerpt":{"rendered":"<p>[vc_row full_width=&#8221;electroluxpro-full-width-no-padding&#8221;][vc_column css=&#8221;.vc_custom_1618358802266{margin-top: -40px !important;border-top-width: -40px !important;padding-top: -40px !important;}&#8221;][elx_full_banner title=&#8221;Aksesuarlar ve Sarf Malzemeleri &#8211; Bula\u015f\u0131khane Ekipmanlar\u0131&#8221; set_as_h1=&#8221;true&#8221; background_image_media_library=&#8221;14222&#8243; background_image_media_library_mobile=&#8221;21408&#8243; link=&#8221;url:%23contact|title:Daha%20fazla%20bilgi%20edinin&#8221;][vc_row_inner full_width=&#8221;electroluxpro-full-width&#8221; gap=&#8221;15&#8243;][vc_column_inner width=&#8221;1\/4&#8243;][elx_download_block text=&#8221;Accessories for protection, sanitizing and cleaning catalogue&#8221; document_type=&#8221;cat&#8221; file_picker=&#8221;24892&#8243; background_color=&#8221;electrolux-blue&#8221; background_hover_color=&#8221;lighter-hover&#8221; ca_document_number=&#8221;CAT10&#8243;][\/vc_column_inner][vc_column_inner width=&#8221;1\/4&#8243;][elx_download_block text=&#8221;Genuine Replacement Parts, Accessories &amp; Consumables catalogue&#8221; document_type=&#8221;cat&#8221; file_picker=&#8221;24892&#8243; background_color=&#8221;electrolux-blue&#8221; background_hover_color=&#8221;lighter-hover&#8221; ca_document_number=&#8221;CAT19&#8243;][\/vc_column_inner][vc_column_inner width=&#8221;1\/4&#8243;][elx_download_block text=&#8221;Spare Part Kits catalogue&#8221; document_type=&#8221;cat&#8221; file_picker=&#8221;24892&#8243; [&hellip;]<\/p>\n","protected":false},"author":64,"featured_media":796,"parent":1371,"menu_order":0,"comment_status":"closed","ping_status":"closed","template":"","meta":{"footnotes":""},"class_list":["post-21409","page","type-page","status-publish","has-post-thumbnail","hentry"],"acf":[],"yoast_head":"<!-- This site is optimized with the Yoast SEO plugin v23.3 - https:\/\/yoast.com\/wordpress\/plugins\/seo\/ -->\n<title>Aksesuarlar ve Sarf Malzemeleri - Bula\u015f\u0131khane Ekipmanlar\u0131 - Electrolux Professional T\u00fcrkiye<\/title>\n<meta name=\"description\" content=\"En y\u00fcksek kalite sarf malzemeleri ile en iyi sonucu al\u0131n. Electrolux Professional temizleyici ve deterjanlar\u0131m\u0131z\u0131 ke\u015ffedin.\" \/>\n<meta name=\"robots\" content=\"index, follow, max-snippet:-1, max-image-preview:large, max-video-preview:-1\" \/>\n<link rel=\"canonical\" href=\"https:\/\/www.electroluxprofessional.com\/tr\/aksesuarlar-sarf-malzemeleri\/aksesuarlar-ve-sarf-malzemeleri-bulasikhane-ekipmanlari\/\" \/>\n<meta property=\"og:locale\" content=\"tr_TR\" \/>\n<meta property=\"og:type\" content=\"article\" \/>\n<meta property=\"og:title\" content=\"Aksesuarlar ve Sarf Malzemeleri - Bula\u015f\u0131khane Ekipmanlar\u0131 - Electrolux Professional T\u00fcrkiye\" \/>\n<meta property=\"og:description\" content=\"En y\u00fcksek kalite sarf malzemeleri ile en iyi sonucu al\u0131n. Electrolux Professional temizleyici ve deterjanlar\u0131m\u0131z\u0131 ke\u015ffedin.\" \/>\n<meta property=\"og:url\" content=\"https:\/\/www.electroluxprofessional.com\/tr\/aksesuarlar-sarf-malzemeleri\/aksesuarlar-ve-sarf-malzemeleri-bulasikhane-ekipmanlari\/\" \/>\n<meta property=\"og:site_name\" content=\"Electrolux Professional T\u00fcrkiye\" \/>\n<meta property=\"article:modified_time\" content=\"2025-11-05T15:50:30+00:00\" \/>\n<meta property=\"og:image\" content=\"https:\/\/www.electroluxprofessional.com\/tr\/wp-content\/uploads\/2016\/08\/detergent-washing-machine.jpg\" \/>\n\t<meta property=\"og:image:width\" content=\"750\" \/>\n\t<meta property=\"og:image:height\" content=\"617\" \/>\n\t<meta property=\"og:image:type\" content=\"image\/jpeg\" \/>\n<meta name=\"twitter:card\" content=\"summary_large_image\" \/>\n<meta name=\"twitter:label1\" content=\"Tahmini okuma s\u00fcresi\" \/>\n\t<meta name=\"twitter:data1\" content=\"2 dakika\" \/>\n<script type=\"application\/ld+json\" class=\"yoast-schema-graph\">{\"@context\":\"https:\/\/schema.org\",\"@graph\":[{\"@type\":\"WebPage\",\"@id\":\"https:\/\/www.electroluxprofessional.com\/tr\/aksesuarlar-sarf-malzemeleri\/aksesuarlar-ve-sarf-malzemeleri-bulasikhane-ekipmanlari\/\",\"url\":\"https:\/\/www.electroluxprofessional.com\/tr\/aksesuarlar-sarf-malzemeleri\/aksesuarlar-ve-sarf-malzemeleri-bulasikhane-ekipmanlari\/\",\"name\":\"Aksesuarlar ve Sarf Malzemeleri - Bula\u015f\u0131khane Ekipmanlar\u0131 - Electrolux Professional T\u00fcrkiye\",\"isPartOf\":{\"@id\":\"https:\/\/www.electroluxprofessional.com\/tr\/#website\"},\"primaryImageOfPage\":{\"@id\":\"https:\/\/www.electroluxprofessional.com\/tr\/aksesuarlar-sarf-malzemeleri\/aksesuarlar-ve-sarf-malzemeleri-bulasikhane-ekipmanlari\/#primaryimage\"},\"image\":{\"@id\":\"https:\/\/www.electroluxprofessional.com\/tr\/aksesuarlar-sarf-malzemeleri\/aksesuarlar-ve-sarf-malzemeleri-bulasikhane-ekipmanlari\/#primaryimage\"},\"thumbnailUrl\":\"https:\/\/www.electroluxprofessional.com\/tr\/wp-content\/uploads\/2016\/08\/detergent-washing-machine.jpg\",\"datePublished\":\"2025-07-22T10:44:43+00:00\",\"dateModified\":\"2025-11-05T15:50:30+00:00\",\"description\":\"En y\u00fcksek kalite sarf malzemeleri ile en iyi sonucu al\u0131n. Electrolux Professional temizleyici ve deterjanlar\u0131m\u0131z\u0131 ke\u015ffedin.\",\"breadcrumb\":{\"@id\":\"https:\/\/www.electroluxprofessional.com\/tr\/aksesuarlar-sarf-malzemeleri\/aksesuarlar-ve-sarf-malzemeleri-bulasikhane-ekipmanlari\/#breadcrumb\"},\"inLanguage\":\"tr\",\"potentialAction\":[{\"@type\":\"ReadAction\",\"target\":[\"https:\/\/www.electroluxprofessional.com\/tr\/aksesuarlar-sarf-malzemeleri\/aksesuarlar-ve-sarf-malzemeleri-bulasikhane-ekipmanlari\/\"]}]},{\"@type\":\"ImageObject\",\"inLanguage\":\"tr\",\"@id\":\"https:\/\/www.electroluxprofessional.com\/tr\/aksesuarlar-sarf-malzemeleri\/aksesuarlar-ve-sarf-malzemeleri-bulasikhane-ekipmanlari\/#primaryimage\",\"url\":\"https:\/\/www.electroluxprofessional.com\/tr\/wp-content\/uploads\/2016\/08\/detergent-washing-machine.jpg\",\"contentUrl\":\"https:\/\/www.electroluxprofessional.com\/tr\/wp-content\/uploads\/2016\/08\/detergent-washing-machine.jpg\",\"width\":750,\"height\":617,\"caption\":\"dishwasher rinse\"},{\"@type\":\"BreadcrumbList\",\"@id\":\"https:\/\/www.electroluxprofessional.com\/tr\/aksesuarlar-sarf-malzemeleri\/aksesuarlar-ve-sarf-malzemeleri-bulasikhane-ekipmanlari\/#breadcrumb\",\"itemListElement\":[{\"@type\":\"ListItem\",\"position\":1,\"name\":\"Home\",\"item\":\"https:\/\/www.electroluxprofessional.com\/tr\/\"},{\"@type\":\"ListItem\",\"position\":2,\"name\":\"Aksesuarlar ve Sarf Malzemeleri\",\"item\":\"https:\/\/www.electroluxprofessional.com\/tr\/aksesuarlar-sarf-malzemeleri\/\"},{\"@type\":\"ListItem\",\"position\":3,\"name\":\"Aksesuarlar ve Sarf Malzemeleri &#8211; Bula\u015f\u0131khane Ekipmanlar\u0131\"}]},{\"@type\":\"WebSite\",\"@id\":\"https:\/\/www.electroluxprofessional.com\/tr\/#website\",\"url\":\"https:\/\/www.electroluxprofessional.com\/tr\/\",\"name\":\"Electrolux Professional T\u00fcrkiye\",\"description\":\"\",\"potentialAction\":[{\"@type\":\"SearchAction\",\"target\":{\"@type\":\"EntryPoint\",\"urlTemplate\":\"https:\/\/www.electroluxprofessional.com\/tr\/?src={search_term_string}\"},\"query-input\":\"required name=search_term_string\"}],\"inLanguage\":\"tr\"}]}<\/script>\n<!-- \/ Yoast SEO plugin. -->","yoast_head_json":{"title":"Aksesuarlar ve Sarf Malzemeleri - Bula\u015f\u0131khane Ekipmanlar\u0131 - Electrolux Professional T\u00fcrkiye","description":"En y\u00fcksek kalite sarf malzemeleri ile en iyi sonucu al\u0131n. Electrolux Professional temizleyici ve deterjanlar\u0131m\u0131z\u0131 ke\u015ffedin.","robots":{"index":"index","follow":"follow","max-snippet":"max-snippet:-1","max-image-preview":"max-image-preview:large","max-video-preview":"max-video-preview:-1"},"canonical":"https:\/\/www.electroluxprofessional.com\/tr\/aksesuarlar-sarf-malzemeleri\/aksesuarlar-ve-sarf-malzemeleri-bulasikhane-ekipmanlari\/","og_locale":"tr_TR","og_type":"article","og_title":"Aksesuarlar ve Sarf Malzemeleri - Bula\u015f\u0131khane Ekipmanlar\u0131 - Electrolux Professional T\u00fcrkiye","og_description":"En y\u00fcksek kalite sarf malzemeleri ile en iyi sonucu al\u0131n. Electrolux Professional temizleyici ve deterjanlar\u0131m\u0131z\u0131 ke\u015ffedin.","og_url":"https:\/\/www.electroluxprofessional.com\/tr\/aksesuarlar-sarf-malzemeleri\/aksesuarlar-ve-sarf-malzemeleri-bulasikhane-ekipmanlari\/","og_site_name":"Electrolux Professional T\u00fcrkiye","article_modified_time":"2025-11-05T15:50:30+00:00","og_image":[{"width":750,"height":617,"url":"https:\/\/www.electroluxprofessional.com\/tr\/wp-content\/uploads\/2016\/08\/detergent-washing-machine.jpg","type":"image\/jpeg"}],"twitter_card":"summary_large_image","twitter_misc":{"Tahmini okuma s\u00fcresi":"2 dakika"},"schema":{"@context":"https:\/\/schema.org","@graph":[{"@type":"WebPage","@id":"https:\/\/www.electroluxprofessional.com\/tr\/aksesuarlar-sarf-malzemeleri\/aksesuarlar-ve-sarf-malzemeleri-bulasikhane-ekipmanlari\/","url":"https:\/\/www.electroluxprofessional.com\/tr\/aksesuarlar-sarf-malzemeleri\/aksesuarlar-ve-sarf-malzemeleri-bulasikhane-ekipmanlari\/","name":"Aksesuarlar ve Sarf Malzemeleri - Bula\u015f\u0131khane Ekipmanlar\u0131 - Electrolux Professional T\u00fcrkiye","isPartOf":{"@id":"https:\/\/www.electroluxprofessional.com\/tr\/#website"},"primaryImageOfPage":{"@id":"https:\/\/www.electroluxprofessional.com\/tr\/aksesuarlar-sarf-malzemeleri\/aksesuarlar-ve-sarf-malzemeleri-bulasikhane-ekipmanlari\/#primaryimage"},"image":{"@id":"https:\/\/www.electroluxprofessional.com\/tr\/aksesuarlar-sarf-malzemeleri\/aksesuarlar-ve-sarf-malzemeleri-bulasikhane-ekipmanlari\/#primaryimage"},"thumbnailUrl":"https:\/\/www.electroluxprofessional.com\/tr\/wp-content\/uploads\/2016\/08\/detergent-washing-machine.jpg","datePublished":"2025-07-22T10:44:43+00:00","dateModified":"2025-11-05T15:50:30+00:00","description":"En y\u00fcksek kalite sarf malzemeleri ile en iyi sonucu al\u0131n. Electrolux Professional temizleyici ve deterjanlar\u0131m\u0131z\u0131 ke\u015ffedin.","breadcrumb":{"@id":"https:\/\/www.electroluxprofessional.com\/tr\/aksesuarlar-sarf-malzemeleri\/aksesuarlar-ve-sarf-malzemeleri-bulasikhane-ekipmanlari\/#breadcrumb"},"inLanguage":"tr","potentialAction":[{"@type":"ReadAction","target":["https:\/\/www.electroluxprofessional.com\/tr\/aksesuarlar-sarf-malzemeleri\/aksesuarlar-ve-sarf-malzemeleri-bulasikhane-ekipmanlari\/"]}]},{"@type":"ImageObject","inLanguage":"tr","@id":"https:\/\/www.electroluxprofessional.com\/tr\/aksesuarlar-sarf-malzemeleri\/aksesuarlar-ve-sarf-malzemeleri-bulasikhane-ekipmanlari\/#primaryimage","url":"https:\/\/www.electroluxprofessional.com\/tr\/wp-content\/uploads\/2016\/08\/detergent-washing-machine.jpg","contentUrl":"https:\/\/www.electroluxprofessional.com\/tr\/wp-content\/uploads\/2016\/08\/detergent-washing-machine.jpg","width":750,"height":617,"caption":"dishwasher rinse"},{"@type":"BreadcrumbList","@id":"https:\/\/www.electroluxprofessional.com\/tr\/aksesuarlar-sarf-malzemeleri\/aksesuarlar-ve-sarf-malzemeleri-bulasikhane-ekipmanlari\/#breadcrumb","itemListElement":[{"@type":"ListItem","position":1,"name":"Home","item":"https:\/\/www.electroluxprofessional.com\/tr\/"},{"@type":"ListItem","position":2,"name":"Aksesuarlar ve Sarf Malzemeleri","item":"https:\/\/www.electroluxprofessional.com\/tr\/aksesuarlar-sarf-malzemeleri\/"},{"@type":"ListItem","position":3,"name":"Aksesuarlar ve Sarf Malzemeleri &#8211; Bula\u015f\u0131khane Ekipmanlar\u0131"}]},{"@type":"WebSite","@id":"https:\/\/www.electroluxprofessional.com\/tr\/#website","url":"https:\/\/www.electroluxprofessional.com\/tr\/","name":"Electrolux Professional T\u00fcrkiye","description":"","potentialAction":[{"@type":"SearchAction","target":{"@type":"EntryPoint","urlTemplate":"https:\/\/www.electroluxprofessional.com\/tr\/?src={search_term_string}"},"query-input":"required name=search_term_string"}],"inLanguage":"tr"}]}},"_links":{"self":[{"href":"https:\/\/www.electroluxprofessional.com\/tr\/wp-json\/wp\/v2\/pages\/21409"}],"collection":[{"href":"https:\/\/www.electroluxprofessional.com\/tr\/wp-json\/wp\/v2\/pages"}],"about":[{"href":"https:\/\/www.electroluxprofessional.com\/tr\/wp-json\/wp\/v2\/types\/page"}],"author":[{"embeddable":true,"href":"https:\/\/www.electroluxprofessional.com\/tr\/wp-json\/wp\/v2\/users\/64"}],"replies":[{"embeddable":true,"href":"https:\/\/www.electroluxprofessional.com\/tr\/wp-json\/wp\/v2\/comments?post=21409"}],"version-history":[{"count":7,"href":"https:\/\/www.electroluxprofessional.com\/tr\/wp-json\/wp\/v2\/pages\/21409\/revisions"}],"predecessor-version":[{"id":22927,"href":"https:\/\/www.electroluxprofessional.com\/tr\/wp-json\/wp\/v2\/pages\/21409\/revisions\/22927"}],"up":[{"embeddable":true,"href":"https:\/\/www.electroluxprofessional.com\/tr\/wp-json\/wp\/v2\/pages\/1371"}],"wp:featuredmedia":[{"embeddable":true,"href":"https:\/\/www.electroluxprofessional.com\/tr\/wp-json\/wp\/v2\/media\/796"}],"wp:attachment":[{"href":"https:\/\/www.electroluxprofessional.com\/tr\/wp-json\/wp\/v2\/media?parent=21409"}],"curies":[{"name":"wp","href":"https:\/\/api.w.org\/{rel}","templated":true}]}}