{"id":21310,"date":"2025-07-16T08:58:21","date_gmt":"2025-07-16T08:58:21","guid":{"rendered":"https:\/\/www.electroluxprofessional.com\/tr\/?page_id=21310"},"modified":"2025-07-16T09:11:47","modified_gmt":"2025-07-16T09:11:47","slug":"clarusvibe-menu-resimleri-olusturucu","status":"publish","type":"page","link":"https:\/\/www.electroluxprofessional.com\/tr\/clarusvibe-menu-resimleri-olusturucu\/","title":{"rendered":"ClarusVibe Menu Resimleri Olu\u015fturucu"},"content":{"rendered":"<p>[vc_row full_width=&#8221;electroluxpro-full-width-no-padding&#8221;][vc_column][vc_single_image image=&#8221;14523&#8243; img_size=&#8221;2000x350px&#8221; alignment=&#8221;center&#8221;][vc_empty_space][\/vc_column][\/vc_row][vc_row][vc_column][elx_heading font_container=&#8221;h1&#8243; text_color=&#8221;inherit&#8221; text_align=&#8221;text-center&#8221;]ClarusVibe men\u00fclerinizi ki\u015fiselle\u015ftirin[\/elx_heading][\/vc_column][\/vc_row][vc_row][vc_column][vc_column_text]<\/p>\n<p style=\"text-align: center;\">ClarusVibe cihazlar\u0131n\u0131zda kullanmak i\u00e7in kendi simgelerinizi olu\u015fturun ve Line 6000 y\u0131kama makinenizin men\u00fc resimlerini ki\u015fiselle\u015ftirin.<\/p>\n<p>[\/vc_column_text][elx_o2000_clarusvibe_resize_tool language=&#8221;tr&#8221;][\/vc_column][\/vc_row][vc_row][vc_column][elx_heading text_color=&#8221;inherit&#8221;]Line 6000 serisini ke\u015ffedin[\/elx_heading][\/vc_column][\/vc_row][vc_row][vc_column width=&#8221;1\/3&#8243;][elx_maylike_box id_box=&#8221;8669&#8243;][\/vc_column][vc_column width=&#8221;1\/3&#8243;][elx_maylike_box id_box=&#8221;17508&#8243; matched_labels=&#8221;&#8221;][\/vc_column][vc_column width=&#8221;1\/3&#8243;][elx_maylike_box id_box=&#8221;2785&#8243;][\/vc_column][\/vc_row]<\/p>\n","protected":false},"excerpt":{"rendered":"<p>[vc_row full_width=&#8221;electroluxpro-full-width-no-padding&#8221;][vc_column][vc_single_image image=&#8221;14523&#8243; img_size=&#8221;2000x350px&#8221; alignment=&#8221;center&#8221;][vc_empty_space][\/vc_column][\/vc_row][vc_row][vc_column][elx_heading font_container=&#8221;h1&#8243; text_color=&#8221;inherit&#8221; text_align=&#8221;text-center&#8221;]ClarusVibe men\u00fclerinizi ki\u015fiselle\u015ftirin[\/elx_heading][\/vc_column][\/vc_row][vc_row][vc_column][vc_column_text] ClarusVibe cihazlar\u0131n\u0131zda kullanmak i\u00e7in kendi simgelerinizi olu\u015fturun ve Line 6000 y\u0131kama makinenizin men\u00fc resimlerini ki\u015fiselle\u015ftirin. [\/vc_column_text][elx_o2000_clarusvibe_resize_tool language=&#8221;tr&#8221;][\/vc_column][\/vc_row][vc_row][vc_column][elx_heading text_color=&#8221;inherit&#8221;]Line 6000 serisini ke\u015ffedin[\/elx_heading][\/vc_column][\/vc_row][vc_row][vc_column width=&#8221;1\/3&#8243;][elx_maylike_box id_box=&#8221;8669&#8243;][\/vc_column][vc_column width=&#8221;1\/3&#8243;][elx_maylike_box id_box=&#8221;17508&#8243; matched_labels=&#8221;&#8221;][\/vc_column][vc_column width=&#8221;1\/3&#8243;][elx_maylike_box id_box=&#8221;2785&#8243;][\/vc_column][\/vc_row]<\/p>\n","protected":false},"author":64,"featured_media":0,"parent":0,"menu_order":0,"comment_status":"closed","ping_status":"closed","template":"","meta":{"footnotes":""},"class_list":["post-21310","page","type-page","status-publish","hentry"],"acf":[],"yoast_head":"<!-- This site is optimized with the Yoast SEO plugin v23.3 - https:\/\/yoast.com\/wordpress\/plugins\/seo\/ -->\n<title>ClarusVibe Menu Resimleri Olu\u015fturucu - Electrolux Professional T\u00fcrkiye<\/title>\n<meta name=\"description\" content=\"ClarusVibe cihazlar\u0131n\u0131z i\u00e7in men\u00fc g\u00f6rselleri ve simgeler olu\u015fturun, Line 6000 ekipmanlar\u0131n\u0131z\u0131 ki\u015fiselle\u015ftirin.\" \/>\n<meta name=\"robots\" content=\"index, follow, max-snippet:-1, max-image-preview:large, max-video-preview:-1\" \/>\n<link rel=\"canonical\" href=\"https:\/\/www.electroluxprofessional.com\/tr\/clarusvibe-menu-resimleri-olusturucu\/\" \/>\n<meta property=\"og:locale\" content=\"tr_TR\" \/>\n<meta property=\"og:type\" content=\"article\" \/>\n<meta property=\"og:title\" content=\"ClarusVibe Menu Resimleri Olu\u015fturucu - Electrolux Professional T\u00fcrkiye\" \/>\n<meta property=\"og:description\" content=\"ClarusVibe cihazlar\u0131n\u0131z i\u00e7in men\u00fc g\u00f6rselleri ve simgeler olu\u015fturun, Line 6000 ekipmanlar\u0131n\u0131z\u0131 ki\u015fiselle\u015ftirin.\" \/>\n<meta property=\"og:url\" content=\"https:\/\/www.electroluxprofessional.com\/tr\/clarusvibe-menu-resimleri-olusturucu\/\" \/>\n<meta property=\"og:site_name\" content=\"Electrolux Professional T\u00fcrkiye\" \/>\n<meta property=\"article:modified_time\" content=\"2025-07-16T09:11:47+00:00\" \/>\n<meta name=\"twitter:card\" content=\"summary_large_image\" \/>\n<meta name=\"twitter:label1\" content=\"Tahmini okuma s\u00fcresi\" \/>\n\t<meta name=\"twitter:data1\" content=\"1 dakika\" \/>\n<script type=\"application\/ld+json\" class=\"yoast-schema-graph\">{\"@context\":\"https:\/\/schema.org\",\"@graph\":[{\"@type\":\"WebPage\",\"@id\":\"https:\/\/www.electroluxprofessional.com\/tr\/clarusvibe-menu-resimleri-olusturucu\/\",\"url\":\"https:\/\/www.electroluxprofessional.com\/tr\/clarusvibe-menu-resimleri-olusturucu\/\",\"name\":\"ClarusVibe Menu Resimleri Olu\u015fturucu - Electrolux Professional T\u00fcrkiye\",\"isPartOf\":{\"@id\":\"https:\/\/www.electroluxprofessional.com\/tr\/#website\"},\"datePublished\":\"2025-07-16T08:58:21+00:00\",\"dateModified\":\"2025-07-16T09:11:47+00:00\",\"description\":\"ClarusVibe cihazlar\u0131n\u0131z i\u00e7in men\u00fc g\u00f6rselleri ve simgeler olu\u015fturun, Line 6000 ekipmanlar\u0131n\u0131z\u0131 ki\u015fiselle\u015ftirin.\",\"breadcrumb\":{\"@id\":\"https:\/\/www.electroluxprofessional.com\/tr\/clarusvibe-menu-resimleri-olusturucu\/#breadcrumb\"},\"inLanguage\":\"tr\",\"potentialAction\":[{\"@type\":\"ReadAction\",\"target\":[\"https:\/\/www.electroluxprofessional.com\/tr\/clarusvibe-menu-resimleri-olusturucu\/\"]}]},{\"@type\":\"BreadcrumbList\",\"@id\":\"https:\/\/www.electroluxprofessional.com\/tr\/clarusvibe-menu-resimleri-olusturucu\/#breadcrumb\",\"itemListElement\":[{\"@type\":\"ListItem\",\"position\":1,\"name\":\"Home\",\"item\":\"https:\/\/www.electroluxprofessional.com\/tr\/\"},{\"@type\":\"ListItem\",\"position\":2,\"name\":\"ClarusVibe Menu Resimleri Olu\u015fturucu\"}]},{\"@type\":\"WebSite\",\"@id\":\"https:\/\/www.electroluxprofessional.com\/tr\/#website\",\"url\":\"https:\/\/www.electroluxprofessional.com\/tr\/\",\"name\":\"Electrolux Professional T\u00fcrkiye\",\"description\":\"\",\"potentialAction\":[{\"@type\":\"SearchAction\",\"target\":{\"@type\":\"EntryPoint\",\"urlTemplate\":\"https:\/\/www.electroluxprofessional.com\/tr\/?src={search_term_string}\"},\"query-input\":\"required name=search_term_string\"}],\"inLanguage\":\"tr\"}]}<\/script>\n<!-- \/ Yoast SEO plugin. -->","yoast_head_json":{"title":"ClarusVibe Menu Resimleri Olu\u015fturucu - Electrolux Professional T\u00fcrkiye","description":"ClarusVibe cihazlar\u0131n\u0131z i\u00e7in men\u00fc g\u00f6rselleri ve simgeler olu\u015fturun, Line 6000 ekipmanlar\u0131n\u0131z\u0131 ki\u015fiselle\u015ftirin.","robots":{"index":"index","follow":"follow","max-snippet":"max-snippet:-1","max-image-preview":"max-image-preview:large","max-video-preview":"max-video-preview:-1"},"canonical":"https:\/\/www.electroluxprofessional.com\/tr\/clarusvibe-menu-resimleri-olusturucu\/","og_locale":"tr_TR","og_type":"article","og_title":"ClarusVibe Menu Resimleri Olu\u015fturucu - Electrolux Professional T\u00fcrkiye","og_description":"ClarusVibe cihazlar\u0131n\u0131z i\u00e7in men\u00fc g\u00f6rselleri ve simgeler olu\u015fturun, Line 6000 ekipmanlar\u0131n\u0131z\u0131 ki\u015fiselle\u015ftirin.","og_url":"https:\/\/www.electroluxprofessional.com\/tr\/clarusvibe-menu-resimleri-olusturucu\/","og_site_name":"Electrolux Professional T\u00fcrkiye","article_modified_time":"2025-07-16T09:11:47+00:00","twitter_card":"summary_large_image","twitter_misc":{"Tahmini okuma s\u00fcresi":"1 dakika"},"schema":{"@context":"https:\/\/schema.org","@graph":[{"@type":"WebPage","@id":"https:\/\/www.electroluxprofessional.com\/tr\/clarusvibe-menu-resimleri-olusturucu\/","url":"https:\/\/www.electroluxprofessional.com\/tr\/clarusvibe-menu-resimleri-olusturucu\/","name":"ClarusVibe Menu Resimleri Olu\u015fturucu - Electrolux Professional T\u00fcrkiye","isPartOf":{"@id":"https:\/\/www.electroluxprofessional.com\/tr\/#website"},"datePublished":"2025-07-16T08:58:21+00:00","dateModified":"2025-07-16T09:11:47+00:00","description":"ClarusVibe cihazlar\u0131n\u0131z i\u00e7in men\u00fc g\u00f6rselleri ve simgeler olu\u015fturun, Line 6000 ekipmanlar\u0131n\u0131z\u0131 ki\u015fiselle\u015ftirin.","breadcrumb":{"@id":"https:\/\/www.electroluxprofessional.com\/tr\/clarusvibe-menu-resimleri-olusturucu\/#breadcrumb"},"inLanguage":"tr","potentialAction":[{"@type":"ReadAction","target":["https:\/\/www.electroluxprofessional.com\/tr\/clarusvibe-menu-resimleri-olusturucu\/"]}]},{"@type":"BreadcrumbList","@id":"https:\/\/www.electroluxprofessional.com\/tr\/clarusvibe-menu-resimleri-olusturucu\/#breadcrumb","itemListElement":[{"@type":"ListItem","position":1,"name":"Home","item":"https:\/\/www.electroluxprofessional.com\/tr\/"},{"@type":"ListItem","position":2,"name":"ClarusVibe Menu Resimleri Olu\u015fturucu"}]},{"@type":"WebSite","@id":"https:\/\/www.electroluxprofessional.com\/tr\/#website","url":"https:\/\/www.electroluxprofessional.com\/tr\/","name":"Electrolux Professional T\u00fcrkiye","description":"","potentialAction":[{"@type":"SearchAction","target":{"@type":"EntryPoint","urlTemplate":"https:\/\/www.electroluxprofessional.com\/tr\/?src={search_term_string}"},"query-input":"required name=search_term_string"}],"inLanguage":"tr"}]}},"_links":{"self":[{"href":"https:\/\/www.electroluxprofessional.com\/tr\/wp-json\/wp\/v2\/pages\/21310"}],"collection":[{"href":"https:\/\/www.electroluxprofessional.com\/tr\/wp-json\/wp\/v2\/pages"}],"about":[{"href":"https:\/\/www.electroluxprofessional.com\/tr\/wp-json\/wp\/v2\/types\/page"}],"author":[{"embeddable":true,"href":"https:\/\/www.electroluxprofessional.com\/tr\/wp-json\/wp\/v2\/users\/64"}],"replies":[{"embeddable":true,"href":"https:\/\/www.electroluxprofessional.com\/tr\/wp-json\/wp\/v2\/comments?post=21310"}],"version-history":[{"count":3,"href":"https:\/\/www.electroluxprofessional.com\/tr\/wp-json\/wp\/v2\/pages\/21310\/revisions"}],"predecessor-version":[{"id":21313,"href":"https:\/\/www.electroluxprofessional.com\/tr\/wp-json\/wp\/v2\/pages\/21310\/revisions\/21313"}],"wp:attachment":[{"href":"https:\/\/www.electroluxprofessional.com\/tr\/wp-json\/wp\/v2\/media?parent=21310"}],"curies":[{"name":"wp","href":"https:\/\/api.w.org\/{rel}","templated":true}]}}