{"id":2006,"date":"2016-06-09T10:12:23","date_gmt":"2016-06-09T10:12:23","guid":{"rendered":"https:\/\/www.electroluxprofessional.com\/?page_id=2101"},"modified":"2025-09-25T13:49:17","modified_gmt":"2025-09-25T13:49:17","slug":"ticari-camasirhane-ekipmanlari","status":"publish","type":"page","link":"https:\/\/www.electroluxprofessional.com\/tr\/ticari-camasirhane-ekipmanlari\/","title":{"rendered":"\u00c7ama\u015f\u0131rhane"},"content":{"rendered":"<p>[vc_row][vc_column][elx_heading font_container=&#8221;h1&#8243; font_size=&#8221;h3&#8243; text_color=&#8221;inherit&#8221; text_align=&#8221;text-left&#8221;]Profesyonel \u00e7ama\u015f\u0131rhane \u00e7\u00f6z\u00fcmleri[\/elx_heading][vc_column_text]Electrolux Professional, i\u015flevselli\u011fi, \u00fcretkenli\u011fi ve ergonomiyi iyile\u015ftirmek i\u00e7in m\u00fc\u015fteri i\u00e7g\u00f6r\u00fcs\u00fcn\u00fc kullanarak d\u00fcnyan\u0131n en s\u00fcrd\u00fcr\u00fclebilir ve esnek profesyonel <strong>\u00c7ama\u015f\u0131rhane \u00e7\u00f6z\u00fcmlerini<\/strong> geli\u015ftirir.[\/vc_column_text][vc_empty_space][\/vc_column][\/vc_row][vc_row][vc_column content_position=&#8221;center&#8221;][vc_empty_space][elx_button button_text=&#8221;Bir uzmanla ileti\u015fime ge\u00e7in&#8221; button_display_block=&#8221;display_block_on&#8221; button_alignment=&#8221;align_center&#8221; button_link=&#8221;url:https%3A%2F%2Fwww.electroluxprofessional.com%2Ftr%2Fbayi-ve-servis-arama%2F&#8221;][vc_empty_space height=&#8221;64px&#8221;][\/vc_column][\/vc_row][vc_row][vc_column width=&#8221;1\/4&#8243;][elx_navigation_branch title_link=&#8221;title-linkable&#8221; tag_title=&#8221;h3&#8243; image=&#8221;19090&#8243; menu_list=&#8221;21527&#8243;][\/vc_column][vc_column width=&#8221;1\/4&#8243;][elx_navigation_branch tag_title=&#8221;h3&#8243; image=&#8221;19085&#8243; menu_list=&#8221;18463&#8243;][\/vc_column][vc_column width=&#8221;1\/4&#8243;][elx_navigation_branch tag_title=&#8221;h3&#8243; image=&#8221;19091&#8243; menu_list=&#8221;18468&#8243;][\/vc_column][vc_column width=&#8221;1\/4&#8243;][elx_navigation_branch tag_title=&#8221;h3&#8243; image=&#8221;19089&#8243; menu_list=&#8221;18477&#8243;][\/vc_column][\/vc_row][vc_row][vc_column][vc_empty_space height=&#8221;80px&#8221;][\/vc_column][\/vc_row][vc_row][vc_column width=&#8221;1\/4&#8243;][elx_navigation_branch title_link=&#8221;title-linkable&#8221; tag_title=&#8221;h3&#8243; image=&#8221;733&#8243; menu_list=&#8221;21106&#8243;][\/vc_column][vc_column width=&#8221;1\/4&#8243;][elx_navigation_branch tag_title=&#8221;h3&#8243; image=&#8221;19084&#8243; menu_list=&#8221;18482&#8243;][\/vc_column][vc_column width=&#8221;1\/4&#8243;][elx_navigation_branch tag_title=&#8221;h3&#8243; image=&#8221;16868&#8243; menu_list=&#8221;18484&#8243;][\/vc_column][vc_column width=&#8221;1\/4&#8243;][elx_navigation_branch title_link=&#8221;title-linkable&#8221; tag_title=&#8221;h3&#8243; image=&#8221;16863&#8243; menu_list=&#8221;21297&#8243;][\/vc_column][\/vc_row][vc_row][vc_column][vc_empty_space height=&#8221;80px&#8221;][\/vc_column][\/vc_row][vc_row][vc_column width=&#8221;1\/4&#8243;][elx_navigation_branch title_link=&#8221;title-linkable&#8221; tag_title=&#8221;h6&#8243; image=&#8221;19093&#8243; menu_list=&#8221;21107&#8243;][\/vc_column][vc_column width=&#8221;1\/4&#8243;][elx_navigation_branch tag_title=&#8221;h3&#8243; image=&#8221;19086&#8243; menu_list=&#8221;18491&#8243;][\/vc_column][\/vc_row][vc_row][vc_column][vc_empty_space height=&#8221;70px&#8221;][elx_heading text_color=&#8221;inherit&#8221;]Profesyonel \u00c7ama\u015f\u0131rhane \u00c7\u00f6z\u00fcmleri hakk\u0131nda daha fazlas\u0131n\u0131 ke\u015ffedin[\/elx_heading][elx_o2000_contact_us s=&#8221;Ticari \u00c7ama\u015f\u0131rhane \u00c7\u00f6z\u00fcmleri hakk\u0131nda bilgi talebi&#8221; country=&#8221;Turkey&#8221; b=&#8221;laundry&#8221; r=&#8221;Ticari \u00c7ama\u015f\u0131rhane \u00c7\u00f6z\u00fcmleriniz hakk\u0131nda daha fazla bilgi edinmek isterim. L\u00fctfen benimle ileti\u015fime ge\u00e7in. Te\u015fekk\u00fcrler.&#8221;][\/vc_column][\/vc_row][vc_row][vc_column][vc_empty_space height=&#8221;80px&#8221;][\/vc_column][\/vc_row][vc_row][vc_column][elx_heading font_size=&#8221;h3&#8243; text_color=&#8221;inherit&#8221; text_align=&#8221;text-center&#8221;]\u0130\u015fletmeniz i\u00e7in ideal olan \u00e7\u00f6z\u00fcm\u00fc bulun[\/elx_heading][\/vc_column][\/vc_row][vc_row][vc_column][vc_empty_space][\/vc_column][\/vc_row][vc_row][vc_column width=&#8221;1\/4&#8243;][elx_maylike_box id_box=&#8221;1498&#8243; hide_text=&#8221;self&#8221;][\/vc_column][vc_column width=&#8221;1\/4&#8243;][elx_maylike_box id_box=&#8221;1502&#8243; hide_text=&#8221;self&#8221;][\/vc_column][vc_column width=&#8221;1\/4&#8243;][elx_maylike_box id_box=&#8221;1504&#8243; hide_text=&#8221;self&#8221;][\/vc_column][vc_column width=&#8221;1\/4&#8243;][elx_maylike_box id_box=&#8221;13626&#8243; hide_text=&#8221;self&#8221;][\/vc_column][\/vc_row]<\/p>\n","protected":false},"excerpt":{"rendered":"<p>[vc_row][vc_column][elx_heading font_container=&#8221;h1&#8243; font_size=&#8221;h3&#8243; text_color=&#8221;inherit&#8221; text_align=&#8221;text-left&#8221;]Profesyonel \u00e7ama\u015f\u0131rhane \u00e7\u00f6z\u00fcmleri[\/elx_heading][vc_column_text]Electrolux Professional, i\u015flevselli\u011fi, \u00fcretkenli\u011fi ve ergonomiyi iyile\u015ftirmek i\u00e7in m\u00fc\u015fteri i\u00e7g\u00f6r\u00fcs\u00fcn\u00fc kullanarak d\u00fcnyan\u0131n en s\u00fcrd\u00fcr\u00fclebilir ve esnek profesyonel \u00c7ama\u015f\u0131rhane \u00e7\u00f6z\u00fcmlerini geli\u015ftirir.[\/vc_column_text][vc_empty_space][\/vc_column][\/vc_row][vc_row][vc_column content_position=&#8221;center&#8221;][vc_empty_space][elx_button button_text=&#8221;Bir uzmanla ileti\u015fime ge\u00e7in&#8221; button_display_block=&#8221;display_block_on&#8221; button_alignment=&#8221;align_center&#8221; button_link=&#8221;url:https%3A%2F%2Fwww.electroluxprofessional.com%2Ftr%2Fbayi-ve-servis-arama%2F&#8221;][vc_empty_space height=&#8221;64px&#8221;][\/vc_column][\/vc_row][vc_row][vc_column width=&#8221;1\/4&#8243;][elx_navigation_branch title_link=&#8221;title-linkable&#8221; tag_title=&#8221;h3&#8243; image=&#8221;19090&#8243; menu_list=&#8221;21527&#8243;][\/vc_column][vc_column width=&#8221;1\/4&#8243;][elx_navigation_branch tag_title=&#8221;h3&#8243; image=&#8221;19085&#8243; menu_list=&#8221;18463&#8243;][\/vc_column][vc_column width=&#8221;1\/4&#8243;][elx_navigation_branch tag_title=&#8221;h3&#8243; image=&#8221;19091&#8243; menu_list=&#8221;18468&#8243;][\/vc_column][vc_column width=&#8221;1\/4&#8243;][elx_navigation_branch tag_title=&#8221;h3&#8243; image=&#8221;19089&#8243; menu_list=&#8221;18477&#8243;][\/vc_column][\/vc_row][vc_row][vc_column][vc_empty_space height=&#8221;80px&#8221;][\/vc_column][\/vc_row][vc_row][vc_column width=&#8221;1\/4&#8243;][elx_navigation_branch title_link=&#8221;title-linkable&#8221; [&hellip;]<\/p>\n","protected":false},"author":3,"featured_media":1993,"parent":0,"menu_order":0,"comment_status":"closed","ping_status":"closed","template":"","meta":{"footnotes":""},"class_list":["post-2006","page","type-page","status-publish","has-post-thumbnail","hentry"],"acf":[],"yoast_head":"<!-- This site is optimized with the Yoast SEO plugin v23.3 - https:\/\/yoast.com\/wordpress\/plugins\/seo\/ -->\n<title>Ticari \u00c7ama\u015f\u0131rhane Ekipmanlar\u0131 - Electrolux Professional<\/title>\n<meta name=\"description\" content=\"Y\u0131kama ve kurutmay\u0131 daha verimli yapan, daha az su, enerji ve deterjan kullanan ticari \u00e7ama\u015f\u0131rhane \u00e7\u00f6z\u00fcmleri.\" \/>\n<meta name=\"robots\" content=\"index, follow, max-snippet:-1, max-image-preview:large, max-video-preview:-1\" \/>\n<link rel=\"canonical\" href=\"https:\/\/www.electroluxprofessional.com\/tr\/ticari-camasirhane-ekipmanlari\/\" \/>\n<meta property=\"og:locale\" content=\"tr_TR\" \/>\n<meta property=\"og:type\" content=\"article\" \/>\n<meta property=\"og:title\" content=\"Ticari \u00c7ama\u015f\u0131rhane Ekipmanlar\u0131 - Electrolux Professional\" \/>\n<meta property=\"og:description\" content=\"Y\u0131kama ve kurutmay\u0131 daha verimli yapan, daha az su, enerji ve deterjan kullanan ticari \u00e7ama\u015f\u0131rhane \u00e7\u00f6z\u00fcmleri.\" \/>\n<meta property=\"og:url\" content=\"https:\/\/www.electroluxprofessional.com\/tr\/ticari-camasirhane-ekipmanlari\/\" \/>\n<meta property=\"og:site_name\" content=\"Electrolux Professional T\u00fcrkiye\" \/>\n<meta property=\"article:modified_time\" content=\"2025-09-25T13:49:17+00:00\" \/>\n<meta property=\"og:image\" content=\"https:\/\/www.electroluxprofessional.com\/tr\/wp-content\/uploads\/2017\/02\/laundry-1.jpg\" \/>\n\t<meta property=\"og:image:width\" content=\"2000\" \/>\n\t<meta property=\"og:image:height\" content=\"1142\" \/>\n\t<meta property=\"og:image:type\" content=\"image\/jpeg\" \/>\n<meta name=\"twitter:card\" content=\"summary_large_image\" \/>\n<meta name=\"twitter:label1\" content=\"Tahmini okuma s\u00fcresi\" \/>\n\t<meta name=\"twitter:data1\" content=\"1 dakika\" \/>\n<script type=\"application\/ld+json\" class=\"yoast-schema-graph\">{\"@context\":\"https:\/\/schema.org\",\"@graph\":[{\"@type\":\"WebPage\",\"@id\":\"https:\/\/www.electroluxprofessional.com\/tr\/ticari-camasirhane-ekipmanlari\/\",\"url\":\"https:\/\/www.electroluxprofessional.com\/tr\/ticari-camasirhane-ekipmanlari\/\",\"name\":\"Ticari \u00c7ama\u015f\u0131rhane Ekipmanlar\u0131 - Electrolux Professional\",\"isPartOf\":{\"@id\":\"https:\/\/www.electroluxprofessional.com\/tr\/#website\"},\"primaryImageOfPage\":{\"@id\":\"https:\/\/www.electroluxprofessional.com\/tr\/ticari-camasirhane-ekipmanlari\/#primaryimage\"},\"image\":{\"@id\":\"https:\/\/www.electroluxprofessional.com\/tr\/ticari-camasirhane-ekipmanlari\/#primaryimage\"},\"thumbnailUrl\":\"https:\/\/www.electroluxprofessional.com\/tr\/wp-content\/uploads\/2017\/02\/laundry-1.jpg\",\"datePublished\":\"2016-06-09T10:12:23+00:00\",\"dateModified\":\"2025-09-25T13:49:17+00:00\",\"description\":\"Y\u0131kama ve kurutmay\u0131 daha verimli yapan, daha az su, enerji ve deterjan kullanan ticari \u00e7ama\u015f\u0131rhane \u00e7\u00f6z\u00fcmleri.\",\"breadcrumb\":{\"@id\":\"https:\/\/www.electroluxprofessional.com\/tr\/ticari-camasirhane-ekipmanlari\/#breadcrumb\"},\"inLanguage\":\"tr\",\"potentialAction\":[{\"@type\":\"ReadAction\",\"target\":[\"https:\/\/www.electroluxprofessional.com\/tr\/ticari-camasirhane-ekipmanlari\/\"]}]},{\"@type\":\"ImageObject\",\"inLanguage\":\"tr\",\"@id\":\"https:\/\/www.electroluxprofessional.com\/tr\/ticari-camasirhane-ekipmanlari\/#primaryimage\",\"url\":\"https:\/\/www.electroluxprofessional.com\/tr\/wp-content\/uploads\/2017\/02\/laundry-1.jpg\",\"contentUrl\":\"https:\/\/www.electroluxprofessional.com\/tr\/wp-content\/uploads\/2017\/02\/laundry-1.jpg\",\"width\":2000,\"height\":1142,\"caption\":\"laundry\"},{\"@type\":\"BreadcrumbList\",\"@id\":\"https:\/\/www.electroluxprofessional.com\/tr\/ticari-camasirhane-ekipmanlari\/#breadcrumb\",\"itemListElement\":[{\"@type\":\"ListItem\",\"position\":1,\"name\":\"Home\",\"item\":\"https:\/\/www.electroluxprofessional.com\/tr\/\"},{\"@type\":\"ListItem\",\"position\":2,\"name\":\"\u00c7ama\u015f\u0131rhane\"}]},{\"@type\":\"WebSite\",\"@id\":\"https:\/\/www.electroluxprofessional.com\/tr\/#website\",\"url\":\"https:\/\/www.electroluxprofessional.com\/tr\/\",\"name\":\"Electrolux Professional T\u00fcrkiye\",\"description\":\"\",\"potentialAction\":[{\"@type\":\"SearchAction\",\"target\":{\"@type\":\"EntryPoint\",\"urlTemplate\":\"https:\/\/www.electroluxprofessional.com\/tr\/?src={search_term_string}\"},\"query-input\":\"required name=search_term_string\"}],\"inLanguage\":\"tr\"}]}<\/script>\n<!-- \/ Yoast SEO plugin. -->","yoast_head_json":{"title":"Ticari \u00c7ama\u015f\u0131rhane Ekipmanlar\u0131 - Electrolux Professional","description":"Y\u0131kama ve kurutmay\u0131 daha verimli yapan, daha az su, enerji ve deterjan kullanan ticari \u00e7ama\u015f\u0131rhane \u00e7\u00f6z\u00fcmleri.","robots":{"index":"index","follow":"follow","max-snippet":"max-snippet:-1","max-image-preview":"max-image-preview:large","max-video-preview":"max-video-preview:-1"},"canonical":"https:\/\/www.electroluxprofessional.com\/tr\/ticari-camasirhane-ekipmanlari\/","og_locale":"tr_TR","og_type":"article","og_title":"Ticari \u00c7ama\u015f\u0131rhane Ekipmanlar\u0131 - Electrolux Professional","og_description":"Y\u0131kama ve kurutmay\u0131 daha verimli yapan, daha az su, enerji ve deterjan kullanan ticari \u00e7ama\u015f\u0131rhane \u00e7\u00f6z\u00fcmleri.","og_url":"https:\/\/www.electroluxprofessional.com\/tr\/ticari-camasirhane-ekipmanlari\/","og_site_name":"Electrolux Professional T\u00fcrkiye","article_modified_time":"2025-09-25T13:49:17+00:00","og_image":[{"width":2000,"height":1142,"url":"https:\/\/www.electroluxprofessional.com\/tr\/wp-content\/uploads\/2017\/02\/laundry-1.jpg","type":"image\/jpeg"}],"twitter_card":"summary_large_image","twitter_misc":{"Tahmini okuma s\u00fcresi":"1 dakika"},"schema":{"@context":"https:\/\/schema.org","@graph":[{"@type":"WebPage","@id":"https:\/\/www.electroluxprofessional.com\/tr\/ticari-camasirhane-ekipmanlari\/","url":"https:\/\/www.electroluxprofessional.com\/tr\/ticari-camasirhane-ekipmanlari\/","name":"Ticari \u00c7ama\u015f\u0131rhane Ekipmanlar\u0131 - Electrolux Professional","isPartOf":{"@id":"https:\/\/www.electroluxprofessional.com\/tr\/#website"},"primaryImageOfPage":{"@id":"https:\/\/www.electroluxprofessional.com\/tr\/ticari-camasirhane-ekipmanlari\/#primaryimage"},"image":{"@id":"https:\/\/www.electroluxprofessional.com\/tr\/ticari-camasirhane-ekipmanlari\/#primaryimage"},"thumbnailUrl":"https:\/\/www.electroluxprofessional.com\/tr\/wp-content\/uploads\/2017\/02\/laundry-1.jpg","datePublished":"2016-06-09T10:12:23+00:00","dateModified":"2025-09-25T13:49:17+00:00","description":"Y\u0131kama ve kurutmay\u0131 daha verimli yapan, daha az su, enerji ve deterjan kullanan ticari \u00e7ama\u015f\u0131rhane \u00e7\u00f6z\u00fcmleri.","breadcrumb":{"@id":"https:\/\/www.electroluxprofessional.com\/tr\/ticari-camasirhane-ekipmanlari\/#breadcrumb"},"inLanguage":"tr","potentialAction":[{"@type":"ReadAction","target":["https:\/\/www.electroluxprofessional.com\/tr\/ticari-camasirhane-ekipmanlari\/"]}]},{"@type":"ImageObject","inLanguage":"tr","@id":"https:\/\/www.electroluxprofessional.com\/tr\/ticari-camasirhane-ekipmanlari\/#primaryimage","url":"https:\/\/www.electroluxprofessional.com\/tr\/wp-content\/uploads\/2017\/02\/laundry-1.jpg","contentUrl":"https:\/\/www.electroluxprofessional.com\/tr\/wp-content\/uploads\/2017\/02\/laundry-1.jpg","width":2000,"height":1142,"caption":"laundry"},{"@type":"BreadcrumbList","@id":"https:\/\/www.electroluxprofessional.com\/tr\/ticari-camasirhane-ekipmanlari\/#breadcrumb","itemListElement":[{"@type":"ListItem","position":1,"name":"Home","item":"https:\/\/www.electroluxprofessional.com\/tr\/"},{"@type":"ListItem","position":2,"name":"\u00c7ama\u015f\u0131rhane"}]},{"@type":"WebSite","@id":"https:\/\/www.electroluxprofessional.com\/tr\/#website","url":"https:\/\/www.electroluxprofessional.com\/tr\/","name":"Electrolux Professional T\u00fcrkiye","description":"","potentialAction":[{"@type":"SearchAction","target":{"@type":"EntryPoint","urlTemplate":"https:\/\/www.electroluxprofessional.com\/tr\/?src={search_term_string}"},"query-input":"required name=search_term_string"}],"inLanguage":"tr"}]}},"_links":{"self":[{"href":"https:\/\/www.electroluxprofessional.com\/tr\/wp-json\/wp\/v2\/pages\/2006"}],"collection":[{"href":"https:\/\/www.electroluxprofessional.com\/tr\/wp-json\/wp\/v2\/pages"}],"about":[{"href":"https:\/\/www.electroluxprofessional.com\/tr\/wp-json\/wp\/v2\/types\/page"}],"author":[{"embeddable":true,"href":"https:\/\/www.electroluxprofessional.com\/tr\/wp-json\/wp\/v2\/users\/3"}],"replies":[{"embeddable":true,"href":"https:\/\/www.electroluxprofessional.com\/tr\/wp-json\/wp\/v2\/comments?post=2006"}],"version-history":[{"count":49,"href":"https:\/\/www.electroluxprofessional.com\/tr\/wp-json\/wp\/v2\/pages\/2006\/revisions"}],"predecessor-version":[{"id":22411,"href":"https:\/\/www.electroluxprofessional.com\/tr\/wp-json\/wp\/v2\/pages\/2006\/revisions\/22411"}],"wp:featuredmedia":[{"embeddable":true,"href":"https:\/\/www.electroluxprofessional.com\/tr\/wp-json\/wp\/v2\/media\/1993"}],"wp:attachment":[{"href":"https:\/\/www.electroluxprofessional.com\/tr\/wp-json\/wp\/v2\/media?parent=2006"}],"curies":[{"name":"wp","href":"https:\/\/api.w.org\/{rel}","templated":true}]}}