{"id":19998,"date":"2025-06-16T13:09:03","date_gmt":"2025-06-16T13:09:03","guid":{"rendered":"https:\/\/www.electroluxprofessional.com\/tr\/?page_id=19998"},"modified":"2025-11-05T15:49:52","modified_gmt":"2025-11-05T15:49:52","slug":"aksesuarlar-ve-sarf-malzemeleri-moduler-pisirme","status":"publish","type":"page","link":"https:\/\/www.electroluxprofessional.com\/tr\/aksesuarlar-sarf-malzemeleri\/aksesuarlar-ve-sarf-malzemeleri-moduler-pisirme\/","title":{"rendered":"Aksesuarlar ve Sarf Malzemeleri &#8211; Mod\u00fcler Pi\u015firme"},"content":{"rendered":"<p>[vc_row full_width=&#8221;electroluxpro-full-width-no-padding&#8221;][vc_column css=&#8221;.vc_custom_1618358802266{margin-top: -40px !important;border-top-width: -40px !important;padding-top: -40px !important;}&#8221;][elx_full_banner title=&#8221;Mod\u00fcler Pi\u015firme i\u00e7in Aksesuarlar ve Sarf Malzemeleri&#8221; set_as_h1=&#8221;true&#8221; background_image_media_library=&#8221;13945&#8243; background_image_media_library_mobile=&#8221;19996&#8243; link=&#8221;url:%23contact|title:Daha%20fazla%20bilgi%20edinin&#8221;][vc_row_inner full_width=&#8221;electroluxpro-full-width&#8221; gap=&#8221;15&#8243;][vc_column_inner width=&#8221;1\/4&#8243;][elx_download_block text=&#8221;Accessories for protection, sanitizing and cleaning catalogue&#8221; document_type=&#8221;cat&#8221; file_picker=&#8221;24892&#8243; background_color=&#8221;electrolux-blue&#8221; background_hover_color=&#8221;lighter-hover&#8221; ca_document_number=&#8221;CAT10&#8243;][\/vc_column_inner][vc_column_inner width=&#8221;1\/4&#8243;][elx_download_block text=&#8221;Genuine Replacement Parts, Accessories &amp; Consumables catalogue&#8221; document_type=&#8221;cat&#8221; file_picker=&#8221;24892&#8243; background_color=&#8221;electrolux-blue&#8221; background_hover_color=&#8221;lighter-hover&#8221; ca_document_number=&#8221;CAT19&#8243;][\/vc_column_inner][vc_column_inner width=&#8221;1\/4&#8243;][elx_download_block text=&#8221;Spare Part Kits catalogue&#8221; document_type=&#8221;cat&#8221; file_picker=&#8221;24892&#8243; background_color=&#8221;electrolux-blue&#8221; background_hover_color=&#8221;lighter-hover&#8221; ca_document_number=&#8221;CAT9&#8243;][\/vc_column_inner][vc_column_inner width=&#8221;1\/4&#8243;][elx_download_block text=&#8221;Professional cleaning detergents Selection Guide&#8221; file_picker=&#8221;47320&#8243; background_color=&#8221;electrolux-blue&#8221;][\/vc_column_inner][\/vc_row_inner][\/vc_column][\/vc_row][vc_row][vc_column][vc_column_text][\/vc_column_text][\/vc_column][\/vc_row][vc_row][vc_column][elx_menu][vc_empty_space][vc_column_text]Makarna pi\u015firme sepetleri, \u0131zgaralar, profesyonel ya\u011f s\u00f6k\u00fcc\u00fcler ve daha fazlas\u0131. Mod\u00fcler pi\u015firme seriniz i\u00e7in orjinal aksesuarlar ve sarf malzemeleri.[\/vc_column_text][\/vc_column][\/vc_row][vc_row][vc_column width=&#8221;1\/3&#8243;][vc_single_image image=&#8221;13942&#8243; img_size=&#8221;full&#8221; alignment=&#8221;center&#8221; css_animation=&#8221;none&#8221;][vc_empty_space height=&#8221;10px&#8221;][elx_heading font_size=&#8221;h5&#8243; text_color=&#8221;inherit&#8221;]Makarna pi\u015firme sepetleri[\/elx_heading][vc_column_text]Maksimum hijyen sa\u011flamak i\u00e7in tamamen AISI 304\u2019ten \u00fcretilen sepetlerimiz maksimum ergonomi sa\u011flayacak \u015fekilde tasarland\u0131.[\/vc_column_text][vc_empty_space height=&#8221;58px&#8221;][elx_shop_now button_text=&#8221;\u015e\u0130MD\u0130 SATIN ALIN&#8221; button_display_block=&#8221;display_block_on&#8221; button_alignment=&#8221;align_center&#8221; button_link=&#8221;url:https%3A%2F%2Fbuy.electroluxprofessional.com%2Fparts%3Fq%3Dpasta%2520cooker%2520basket|target:_blank&#8221;][vc_empty_space height=&#8221;58px&#8221;][\/vc_column][vc_column width=&#8221;1\/3&#8243;][vc_single_image image=&#8221;13943&#8243; img_size=&#8221;full&#8221; css_animation=&#8221;none&#8221;][vc_empty_space height=&#8221;10px&#8221;][elx_heading font_size=&#8221;h5&#8243; text_color=&#8221;inherit&#8221;]Profesyonel ya\u011f \u00e7\u00f6z\u00fcc\u00fc[\/elx_heading][vc_column_text]Profesyonel ya\u011f \u00e7\u00f6z\u00fcc\u00fcm\u00fcz, y\u00fcksek s\u0131cakl\u0131klardaki pi\u015firme y\u00fczeyleri i\u00e7in ideal bir temizlik \u00e7\u00f6z\u00fcm\u00fcd\u00fcr. Izgaralar, devrilir tavalar ve \u00e7ok ama\u00e7l\u0131 pi\u015firiciler i\u00e7in \u00f6nerilir.[\/vc_column_text][vc_empty_space height=&#8221;58px&#8221;][elx_shop_now button_text=&#8221;\u015e\u0130MD\u0130 SATIN ALIN&#8221; button_display_block=&#8221;display_block_on&#8221; button_alignment=&#8221;align_center&#8221; button_link=&#8221;url:https%3A%2F%2Fbuy.electroluxprofessional.com%2Felectrolux-professional%2Felx0s1841|target:_blank&#8221;][vc_empty_space height=&#8221;58px&#8221;][\/vc_column][vc_column width=&#8221;1\/3&#8243;][vc_single_image image=&#8221;13944&#8243; img_size=&#8221;large&#8221;][vc_empty_space height=&#8221;10px&#8221;][elx_heading font_size=&#8221;h5&#8243; text_color=&#8221;inherit&#8221;]Pi\u015firme ya\u011f\u0131 test cihaz\u0131[\/elx_heading][vc_column_text]Elektronik ya\u011f kontrol sistemi arac\u0131l\u0131\u011f\u0131yla g\u0131da haz\u0131rlamak i\u00e7in kullan\u0131lm\u0131\u015f ya\u011f\u0131 kullanmaktan ka\u00e7\u0131n\u0131n, b\u00f6ylece s\u00fcrd\u00fcr\u00fclebilir operasyonlar, maliyet tasarrufu sa\u011flay\u0131n ve sa\u011fl\u0131k risklerini \u00f6nleyin.[\/vc_column_text][vc_empty_space height=&#8221;58px&#8221;][\/vc_column][\/vc_row][vc_row][vc_column width=&#8221;1\/3&#8243;][vc_empty_space height=&#8221;58px&#8221;][vc_single_image image=&#8221;19992&#8243; img_size=&#8221;full&#8221; alignment=&#8221;center&#8221; css_animation=&#8221;none&#8221;][vc_empty_space height=&#8221;20px&#8221;][elx_heading font_size=&#8221;h5&#8243; text_color=&#8221;inherit&#8221;]23L Frit\u00f6z i\u00e7in ya\u011f filtre ka\u011f\u0131d\u0131[\/elx_heading][vc_column_text]23 litrelik frit\u00f6zler i\u00e7in profesyonel filtrasyon sistemi kiti; en k\u00fc\u00e7\u00fck g\u0131da kal\u0131nt\u0131lar\u0131n\u0131 filtreleyerek ya\u011f\u0131n \u00f6mr\u00fcn\u00fc uzat\u0131r.[\/vc_column_text][vc_empty_space height=&#8221;58px&#8221;][\/vc_column][vc_column width=&#8221;1\/3&#8243;][vc_empty_space height=&#8221;50px&#8221;][vc_single_image image=&#8221;19993&#8243; img_size=&#8221;medium&#8221; css_animation=&#8221;none&#8221;][vc_empty_space height=&#8221;50px&#8221;][elx_heading font_size=&#8221;h5&#8243; text_color=&#8221;inherit&#8221;]Frit\u00f6z sepeti[\/elx_heading][vc_column_text]Tamamen AISI 304 kalite paslanmaz \u00e7elikten \u00fcretilen sepetlerimiz, hijyen ve ergonomi a\u00e7\u0131s\u0131ndan \u00fcst\u00fcn performans sunar.[\/vc_column_text][vc_empty_space height=&#8221;20px&#8221;][\/vc_column][vc_column width=&#8221;1\/3&#8243;][vc_empty_space height=&#8221;100px&#8221;][vc_single_image image=&#8221;19994&#8243; img_size=&#8221;large&#8221;][vc_empty_space height=&#8221;95px&#8221;][elx_heading font_size=&#8221;h5&#8243; text_color=&#8221;inherit&#8221;]\u0130nd\u00fcksiyon paslanmaz \u00e7elik wok tava [\/elx_heading][vc_column_text]Is\u0131y\u0131 e\u015fit da\u011f\u0131tacak \u015fekilde tasarlanm\u0131\u015f, ind\u00fcksiyon uyumlu wok tava.[\/vc_column_text][vc_empty_space height=&#8221;20px&#8221;][\/vc_column][\/vc_row][vc_row][vc_column width=&#8221;1\/3&#8243;][elx_shop_now button_text=&#8221;\u015e\u0130MD\u0130 SATIN ALIN&#8221; button_display_block=&#8221;display_block_on&#8221; button_alignment=&#8221;align_center&#8221; button_link=&#8221;url:https%3A%2F%2Fbuy.electroluxprofessional.com%2Felectrolux-professional%2Felx0cb513|target:_blank&#8221;][vc_empty_space height=&#8221;58px&#8221;][\/vc_column][vc_column width=&#8221;1\/3&#8243;][elx_shop_now button_text=&#8221;\u015e\u0130MD\u0130 SATIN ALIN&#8221; button_display_block=&#8221;display_block_on&#8221; button_alignment=&#8221;align_center&#8221; button_link=&#8221;url:https%3A%2F%2Fbuy.electroluxprofessional.com%2Felectrolux-professional%2Felx006133|target:_blank&#8221;][vc_empty_space height=&#8221;58px&#8221;][\/vc_column][vc_column width=&#8221;1\/3&#8243;][elx_shop_now button_text=&#8221;\u015e\u0130MD\u0130 SATIN ALIN&#8221; button_display_block=&#8221;display_block_on&#8221; button_alignment=&#8221;align_center&#8221; button_link=&#8221;url:https%3A%2F%2Fbuy.electroluxprofessional.com%2Felectrolux-professional%2Felx0s2062%3Fprofile%3Delectrolux|target:_blank&#8221;][vc_empty_space height=&#8221;58px&#8221;][\/vc_column][\/vc_row][vc_row][vc_column][elx_heading font_container=&#8221;h4&#8243; font_size=&#8221;h3&#8243; text_color=&#8221;inherit&#8221; text_align=&#8221;text-center&#8221;]Pi\u015firme serilerimizi ke\u015ffedin[\/elx_heading][\/vc_column][\/vc_row][vc_row disable_element=&#8221;yes&#8221;][vc_column width=&#8221;1\/3&#8243;][elx_maylike_box id_box=&#8221;4514&#8243;][\/vc_column][vc_column width=&#8221;1\/3&#8243;][elx_maylike_box id_box=&#8221;4516&#8243;][\/vc_column][vc_column width=&#8221;1\/3&#8243;][elx_maylike_box id_box=&#8221;19995&#8243; link_target=&#8221;blank&#8221;][\/vc_column][\/vc_row][vc_row el_id=&#8221;contact&#8221;][vc_column][vc_empty_space][elx_heading font_container=&#8221;h3&#8243; text_color=&#8221;inherit&#8221; text_align=&#8221;text-center&#8221;]Mod\u00fcler pi\u015firmenizi nas\u0131l ki\u015fiselle\u015ftirece\u011finizi ke\u015ffedin[\/elx_heading][elx_o2000_contact_us s=&#8221;Request of information about accessories and consumables for modular cooking&#8221; container=&#8221;elxcontactus1484304163&#8243; r=&#8221;I would like to find out more about accessories and consumables for modular cooking. Please get in touch with me.&#8221;][vc_empty_space][\/vc_column][\/vc_row][vc_row][vc_column][vc_column_text][\/vc_column_text][\/vc_column][\/vc_row]<\/p>\n","protected":false},"excerpt":{"rendered":"<p>[vc_row full_width=&#8221;electroluxpro-full-width-no-padding&#8221;][vc_column css=&#8221;.vc_custom_1618358802266{margin-top: -40px !important;border-top-width: -40px !important;padding-top: -40px !important;}&#8221;][elx_full_banner title=&#8221;Mod\u00fcler Pi\u015firme i\u00e7in Aksesuarlar ve Sarf Malzemeleri&#8221; set_as_h1=&#8221;true&#8221; background_image_media_library=&#8221;13945&#8243; background_image_media_library_mobile=&#8221;19996&#8243; link=&#8221;url:%23contact|title:Daha%20fazla%20bilgi%20edinin&#8221;][vc_row_inner full_width=&#8221;electroluxpro-full-width&#8221; gap=&#8221;15&#8243;][vc_column_inner width=&#8221;1\/4&#8243;][elx_download_block text=&#8221;Accessories for protection, sanitizing and cleaning catalogue&#8221; document_type=&#8221;cat&#8221; file_picker=&#8221;24892&#8243; background_color=&#8221;electrolux-blue&#8221; background_hover_color=&#8221;lighter-hover&#8221; ca_document_number=&#8221;CAT10&#8243;][\/vc_column_inner][vc_column_inner width=&#8221;1\/4&#8243;][elx_download_block text=&#8221;Genuine Replacement Parts, Accessories &amp; Consumables catalogue&#8221; document_type=&#8221;cat&#8221; file_picker=&#8221;24892&#8243; background_color=&#8221;electrolux-blue&#8221; background_hover_color=&#8221;lighter-hover&#8221; ca_document_number=&#8221;CAT19&#8243;][\/vc_column_inner][vc_column_inner width=&#8221;1\/4&#8243;][elx_download_block text=&#8221;Spare Part Kits catalogue&#8221; document_type=&#8221;cat&#8221; file_picker=&#8221;24892&#8243; [&hellip;]<\/p>\n","protected":false},"author":64,"featured_media":1402,"parent":1371,"menu_order":0,"comment_status":"closed","ping_status":"closed","template":"","meta":{"footnotes":""},"class_list":["post-19998","page","type-page","status-publish","has-post-thumbnail","hentry"],"acf":[],"yoast_head":"<!-- This site is optimized with the Yoast SEO plugin v23.3 - https:\/\/yoast.com\/wordpress\/plugins\/seo\/ -->\n<title>Aksesuarlar ve Sarf Malzemeleri - Mod\u00fcler Pi\u015firme - Electrolux Professional T\u00fcrkiye<\/title>\n<meta name=\"description\" content=\"Ocaklar, tencereler, s\u00fczge\u00e7ler ve daha fazlas\u0131 i\u00e7in sarf malzemeleri ve aksesuarlarla pi\u015firme deneyiminizi daha verimli hale getirin.\" \/>\n<meta name=\"robots\" content=\"index, follow, max-snippet:-1, max-image-preview:large, max-video-preview:-1\" \/>\n<link rel=\"canonical\" href=\"https:\/\/www.electroluxprofessional.com\/tr\/aksesuarlar-sarf-malzemeleri\/aksesuarlar-ve-sarf-malzemeleri-moduler-pisirme\/\" \/>\n<meta property=\"og:locale\" content=\"tr_TR\" \/>\n<meta property=\"og:type\" content=\"article\" \/>\n<meta property=\"og:title\" content=\"Aksesuarlar ve Sarf Malzemeleri - Mod\u00fcler Pi\u015firme - Electrolux Professional T\u00fcrkiye\" \/>\n<meta property=\"og:description\" content=\"Ocaklar, tencereler, s\u00fczge\u00e7ler ve daha fazlas\u0131 i\u00e7in sarf malzemeleri ve aksesuarlarla pi\u015firme deneyiminizi daha verimli hale getirin.\" \/>\n<meta property=\"og:url\" content=\"https:\/\/www.electroluxprofessional.com\/tr\/aksesuarlar-sarf-malzemeleri\/aksesuarlar-ve-sarf-malzemeleri-moduler-pisirme\/\" \/>\n<meta property=\"og:site_name\" content=\"Electrolux Professional T\u00fcrkiye\" \/>\n<meta property=\"article:modified_time\" content=\"2025-11-05T15:49:52+00:00\" \/>\n<meta property=\"og:image\" content=\"https:\/\/www.electroluxprofessional.com\/tr\/wp-content\/uploads\/2016\/11\/xp1.jpg\" \/>\n\t<meta property=\"og:image:width\" content=\"2000\" \/>\n\t<meta property=\"og:image:height\" content=\"1333\" \/>\n\t<meta property=\"og:image:type\" content=\"image\/jpeg\" \/>\n<meta name=\"twitter:card\" content=\"summary_large_image\" \/>\n<meta name=\"twitter:label1\" content=\"Tahmini okuma s\u00fcresi\" \/>\n\t<meta name=\"twitter:data1\" content=\"3 dakika\" \/>\n<script type=\"application\/ld+json\" class=\"yoast-schema-graph\">{\"@context\":\"https:\/\/schema.org\",\"@graph\":[{\"@type\":\"WebPage\",\"@id\":\"https:\/\/www.electroluxprofessional.com\/tr\/aksesuarlar-sarf-malzemeleri\/aksesuarlar-ve-sarf-malzemeleri-moduler-pisirme\/\",\"url\":\"https:\/\/www.electroluxprofessional.com\/tr\/aksesuarlar-sarf-malzemeleri\/aksesuarlar-ve-sarf-malzemeleri-moduler-pisirme\/\",\"name\":\"Aksesuarlar ve Sarf Malzemeleri - Mod\u00fcler Pi\u015firme - Electrolux Professional T\u00fcrkiye\",\"isPartOf\":{\"@id\":\"https:\/\/www.electroluxprofessional.com\/tr\/#website\"},\"primaryImageOfPage\":{\"@id\":\"https:\/\/www.electroluxprofessional.com\/tr\/aksesuarlar-sarf-malzemeleri\/aksesuarlar-ve-sarf-malzemeleri-moduler-pisirme\/#primaryimage\"},\"image\":{\"@id\":\"https:\/\/www.electroluxprofessional.com\/tr\/aksesuarlar-sarf-malzemeleri\/aksesuarlar-ve-sarf-malzemeleri-moduler-pisirme\/#primaryimage\"},\"thumbnailUrl\":\"https:\/\/www.electroluxprofessional.com\/tr\/wp-content\/uploads\/2016\/11\/xp1.jpg\",\"datePublished\":\"2025-06-16T13:09:03+00:00\",\"dateModified\":\"2025-11-05T15:49:52+00:00\",\"description\":\"Ocaklar, tencereler, s\u00fczge\u00e7ler ve daha fazlas\u0131 i\u00e7in sarf malzemeleri ve aksesuarlarla pi\u015firme deneyiminizi daha verimli hale getirin.\",\"breadcrumb\":{\"@id\":\"https:\/\/www.electroluxprofessional.com\/tr\/aksesuarlar-sarf-malzemeleri\/aksesuarlar-ve-sarf-malzemeleri-moduler-pisirme\/#breadcrumb\"},\"inLanguage\":\"tr\",\"potentialAction\":[{\"@type\":\"ReadAction\",\"target\":[\"https:\/\/www.electroluxprofessional.com\/tr\/aksesuarlar-sarf-malzemeleri\/aksesuarlar-ve-sarf-malzemeleri-moduler-pisirme\/\"]}]},{\"@type\":\"ImageObject\",\"inLanguage\":\"tr\",\"@id\":\"https:\/\/www.electroluxprofessional.com\/tr\/aksesuarlar-sarf-malzemeleri\/aksesuarlar-ve-sarf-malzemeleri-moduler-pisirme\/#primaryimage\",\"url\":\"https:\/\/www.electroluxprofessional.com\/tr\/wp-content\/uploads\/2016\/11\/xp1.jpg\",\"contentUrl\":\"https:\/\/www.electroluxprofessional.com\/tr\/wp-content\/uploads\/2016\/11\/xp1.jpg\",\"width\":2000,\"height\":1333,\"caption\":\"900XP and 700XP\"},{\"@type\":\"BreadcrumbList\",\"@id\":\"https:\/\/www.electroluxprofessional.com\/tr\/aksesuarlar-sarf-malzemeleri\/aksesuarlar-ve-sarf-malzemeleri-moduler-pisirme\/#breadcrumb\",\"itemListElement\":[{\"@type\":\"ListItem\",\"position\":1,\"name\":\"Home\",\"item\":\"https:\/\/www.electroluxprofessional.com\/tr\/\"},{\"@type\":\"ListItem\",\"position\":2,\"name\":\"Aksesuarlar ve Sarf Malzemeleri\",\"item\":\"https:\/\/www.electroluxprofessional.com\/tr\/aksesuarlar-sarf-malzemeleri\/\"},{\"@type\":\"ListItem\",\"position\":3,\"name\":\"Aksesuarlar ve Sarf Malzemeleri &#8211; Mod\u00fcler Pi\u015firme\"}]},{\"@type\":\"WebSite\",\"@id\":\"https:\/\/www.electroluxprofessional.com\/tr\/#website\",\"url\":\"https:\/\/www.electroluxprofessional.com\/tr\/\",\"name\":\"Electrolux Professional T\u00fcrkiye\",\"description\":\"\",\"potentialAction\":[{\"@type\":\"SearchAction\",\"target\":{\"@type\":\"EntryPoint\",\"urlTemplate\":\"https:\/\/www.electroluxprofessional.com\/tr\/?src={search_term_string}\"},\"query-input\":\"required name=search_term_string\"}],\"inLanguage\":\"tr\"}]}<\/script>\n<!-- \/ Yoast SEO plugin. -->","yoast_head_json":{"title":"Aksesuarlar ve Sarf Malzemeleri - Mod\u00fcler Pi\u015firme - Electrolux Professional T\u00fcrkiye","description":"Ocaklar, tencereler, s\u00fczge\u00e7ler ve daha fazlas\u0131 i\u00e7in sarf malzemeleri ve aksesuarlarla pi\u015firme deneyiminizi daha verimli hale getirin.","robots":{"index":"index","follow":"follow","max-snippet":"max-snippet:-1","max-image-preview":"max-image-preview:large","max-video-preview":"max-video-preview:-1"},"canonical":"https:\/\/www.electroluxprofessional.com\/tr\/aksesuarlar-sarf-malzemeleri\/aksesuarlar-ve-sarf-malzemeleri-moduler-pisirme\/","og_locale":"tr_TR","og_type":"article","og_title":"Aksesuarlar ve Sarf Malzemeleri - Mod\u00fcler Pi\u015firme - Electrolux Professional T\u00fcrkiye","og_description":"Ocaklar, tencereler, s\u00fczge\u00e7ler ve daha fazlas\u0131 i\u00e7in sarf malzemeleri ve aksesuarlarla pi\u015firme deneyiminizi daha verimli hale getirin.","og_url":"https:\/\/www.electroluxprofessional.com\/tr\/aksesuarlar-sarf-malzemeleri\/aksesuarlar-ve-sarf-malzemeleri-moduler-pisirme\/","og_site_name":"Electrolux Professional T\u00fcrkiye","article_modified_time":"2025-11-05T15:49:52+00:00","og_image":[{"width":2000,"height":1333,"url":"https:\/\/www.electroluxprofessional.com\/tr\/wp-content\/uploads\/2016\/11\/xp1.jpg","type":"image\/jpeg"}],"twitter_card":"summary_large_image","twitter_misc":{"Tahmini okuma s\u00fcresi":"3 dakika"},"schema":{"@context":"https:\/\/schema.org","@graph":[{"@type":"WebPage","@id":"https:\/\/www.electroluxprofessional.com\/tr\/aksesuarlar-sarf-malzemeleri\/aksesuarlar-ve-sarf-malzemeleri-moduler-pisirme\/","url":"https:\/\/www.electroluxprofessional.com\/tr\/aksesuarlar-sarf-malzemeleri\/aksesuarlar-ve-sarf-malzemeleri-moduler-pisirme\/","name":"Aksesuarlar ve Sarf Malzemeleri - Mod\u00fcler Pi\u015firme - Electrolux Professional T\u00fcrkiye","isPartOf":{"@id":"https:\/\/www.electroluxprofessional.com\/tr\/#website"},"primaryImageOfPage":{"@id":"https:\/\/www.electroluxprofessional.com\/tr\/aksesuarlar-sarf-malzemeleri\/aksesuarlar-ve-sarf-malzemeleri-moduler-pisirme\/#primaryimage"},"image":{"@id":"https:\/\/www.electroluxprofessional.com\/tr\/aksesuarlar-sarf-malzemeleri\/aksesuarlar-ve-sarf-malzemeleri-moduler-pisirme\/#primaryimage"},"thumbnailUrl":"https:\/\/www.electroluxprofessional.com\/tr\/wp-content\/uploads\/2016\/11\/xp1.jpg","datePublished":"2025-06-16T13:09:03+00:00","dateModified":"2025-11-05T15:49:52+00:00","description":"Ocaklar, tencereler, s\u00fczge\u00e7ler ve daha fazlas\u0131 i\u00e7in sarf malzemeleri ve aksesuarlarla pi\u015firme deneyiminizi daha verimli hale getirin.","breadcrumb":{"@id":"https:\/\/www.electroluxprofessional.com\/tr\/aksesuarlar-sarf-malzemeleri\/aksesuarlar-ve-sarf-malzemeleri-moduler-pisirme\/#breadcrumb"},"inLanguage":"tr","potentialAction":[{"@type":"ReadAction","target":["https:\/\/www.electroluxprofessional.com\/tr\/aksesuarlar-sarf-malzemeleri\/aksesuarlar-ve-sarf-malzemeleri-moduler-pisirme\/"]}]},{"@type":"ImageObject","inLanguage":"tr","@id":"https:\/\/www.electroluxprofessional.com\/tr\/aksesuarlar-sarf-malzemeleri\/aksesuarlar-ve-sarf-malzemeleri-moduler-pisirme\/#primaryimage","url":"https:\/\/www.electroluxprofessional.com\/tr\/wp-content\/uploads\/2016\/11\/xp1.jpg","contentUrl":"https:\/\/www.electroluxprofessional.com\/tr\/wp-content\/uploads\/2016\/11\/xp1.jpg","width":2000,"height":1333,"caption":"900XP and 700XP"},{"@type":"BreadcrumbList","@id":"https:\/\/www.electroluxprofessional.com\/tr\/aksesuarlar-sarf-malzemeleri\/aksesuarlar-ve-sarf-malzemeleri-moduler-pisirme\/#breadcrumb","itemListElement":[{"@type":"ListItem","position":1,"name":"Home","item":"https:\/\/www.electroluxprofessional.com\/tr\/"},{"@type":"ListItem","position":2,"name":"Aksesuarlar ve Sarf Malzemeleri","item":"https:\/\/www.electroluxprofessional.com\/tr\/aksesuarlar-sarf-malzemeleri\/"},{"@type":"ListItem","position":3,"name":"Aksesuarlar ve Sarf Malzemeleri &#8211; Mod\u00fcler Pi\u015firme"}]},{"@type":"WebSite","@id":"https:\/\/www.electroluxprofessional.com\/tr\/#website","url":"https:\/\/www.electroluxprofessional.com\/tr\/","name":"Electrolux Professional T\u00fcrkiye","description":"","potentialAction":[{"@type":"SearchAction","target":{"@type":"EntryPoint","urlTemplate":"https:\/\/www.electroluxprofessional.com\/tr\/?src={search_term_string}"},"query-input":"required name=search_term_string"}],"inLanguage":"tr"}]}},"_links":{"self":[{"href":"https:\/\/www.electroluxprofessional.com\/tr\/wp-json\/wp\/v2\/pages\/19998"}],"collection":[{"href":"https:\/\/www.electroluxprofessional.com\/tr\/wp-json\/wp\/v2\/pages"}],"about":[{"href":"https:\/\/www.electroluxprofessional.com\/tr\/wp-json\/wp\/v2\/types\/page"}],"author":[{"embeddable":true,"href":"https:\/\/www.electroluxprofessional.com\/tr\/wp-json\/wp\/v2\/users\/64"}],"replies":[{"embeddable":true,"href":"https:\/\/www.electroluxprofessional.com\/tr\/wp-json\/wp\/v2\/comments?post=19998"}],"version-history":[{"count":9,"href":"https:\/\/www.electroluxprofessional.com\/tr\/wp-json\/wp\/v2\/pages\/19998\/revisions"}],"predecessor-version":[{"id":22925,"href":"https:\/\/www.electroluxprofessional.com\/tr\/wp-json\/wp\/v2\/pages\/19998\/revisions\/22925"}],"up":[{"embeddable":true,"href":"https:\/\/www.electroluxprofessional.com\/tr\/wp-json\/wp\/v2\/pages\/1371"}],"wp:featuredmedia":[{"embeddable":true,"href":"https:\/\/www.electroluxprofessional.com\/tr\/wp-json\/wp\/v2\/media\/1402"}],"wp:attachment":[{"href":"https:\/\/www.electroluxprofessional.com\/tr\/wp-json\/wp\/v2\/media?parent=19998"}],"curies":[{"name":"wp","href":"https:\/\/api.w.org\/{rel}","templated":true}]}}