{"id":19849,"date":"2025-05-30T06:45:12","date_gmt":"2025-05-30T06:45:12","guid":{"rendered":"https:\/\/www.electroluxprofessional.com\/tr\/?page_id=19849"},"modified":"2025-06-27T13:39:29","modified_gmt":"2025-06-27T13:39:29","slug":"ticari-mutfak-ekipmanlari","status":"publish","type":"page","link":"https:\/\/www.electroluxprofessional.com\/tr\/ticari-mutfak-ekipmanlari\/","title":{"rendered":"End\u00fcstriyel Mutfak Ekipmanlar\u0131"},"content":{"rendered":"<p>[vc_row full_width=&#8221;electroluxpro-full-width-no-padding&#8221;][vc_column][vc_single_image image=&#8221;19847&#8243; img_size=&#8221;2000&#215;350&#8243; alignment=&#8221;center&#8221;][\/vc_column][\/vc_row][vc_row][vc_column][vc_empty_space][elx_heading font_container=&#8221;h1&#8243; font_size=&#8221;h3&#8243; text_color=&#8221;inherit&#8221;]Profesyonel mutfak ekipmanlar\u0131 ve g\u0131da hizmetleri i\u00e7in \u00e7\u00f6z\u00fcmlerimiz[\/elx_heading][vc_column_text]<\/p>\n<div class=\"content-area\">\n<div class=\"wpb_text_column wpb_content_element \">\n<div class=\"\">\n<p>Profesyonel \u015feflerin ve mutfak i\u015fletmecilerinin ihtiya\u00e7lar\u0131n\u0131 kar\u015f\u0131lamak \u00fczere tasarlanm\u0131\u015f end\u00fcstriyel mutfak ekipmanlar\u0131m\u0131z\u0131 ke\u015ffedin.<\/p>\n<\/div>\n<\/div>\n<\/div>\n<p>[\/vc_column_text][\/vc_column][\/vc_row][vc_row][vc_column][vc_empty_space][elx_button button_text=&#8221;Uzmanlar\u0131m\u0131zla ileti\u015fime ge\u00e7in&#8221; button_display_block=&#8221;display_block_on&#8221; button_alignment=&#8221;align_center&#8221; button_alignment_mobile=&#8221;text-center-mobile&#8221; button_link=&#8221;url:%23contact&#8221;][vc_empty_space][\/vc_column][\/vc_row][vc_row][vc_column width=&#8221;1\/3&#8243;][elx_navigation_branch image=&#8221;17763&#8243; menu_list=&#8221;18368&#8243;][vc_empty_space][\/vc_column][vc_column width=&#8221;1\/3&#8243;][elx_navigation_branch menu_list=&#8221;18381&#8243; image=&#8221;16449&#8243;][vc_empty_space][\/vc_column][vc_column width=&#8221;1\/3&#8243;][elx_navigation_branch menu_list=&#8221;18385&#8243; image=&#8221;17913&#8243;][vc_empty_space][\/vc_column][\/vc_row][vc_row][vc_column width=&#8221;1\/3&#8243;][elx_navigation_branch image=&#8221;269&#8243; menu_list=&#8221;18357&#8243;][vc_empty_space][\/vc_column][vc_column width=&#8221;1\/3&#8243;][elx_navigation_branch menu_list=&#8221;18389&#8243; image=&#8221;796&#8243;][vc_empty_space][\/vc_column][vc_column width=&#8221;1\/3&#8243;][elx_navigation_branch menu_list=&#8221;18400&#8243; image=&#8221;687&#8243;][vc_empty_space][\/vc_column][\/vc_row][vc_row][vc_column width=&#8221;1\/2&#8243;][elx_navigation_branch menu_list=&#8221;18412&#8243; image=&#8221;1987&#8243;][vc_empty_space][\/vc_column][vc_column width=&#8221;1\/2&#8243;][elx_navigation_branch menu_list=&#8221;18427&#8243; image=&#8221;271&#8243;][vc_empty_space][\/vc_column][\/vc_row][vc_row][vc_column width=&#8221;1\/2&#8243;][elx_navigation_branch menu_list=&#8221;18435&#8243; image=&#8221;789&#8243;][vc_empty_space][\/vc_column][vc_column width=&#8221;1\/2&#8243;][elx_navigation_branch menu_list=&#8221;18442&#8243; image=&#8221;19848&#8243;][vc_empty_space][\/vc_column][\/vc_row][vc_row el_id=&#8221;contact&#8221;][vc_column][elx_heading font_size=&#8221;h3&#8243; text_color=&#8221;inherit&#8221; text_align=&#8221;text-left&#8221;]End\u00fcstriyel mutfak ekipmanlar\u0131 ve g\u0131da hizmeti \u00e7\u00f6z\u00fcmleri hakk\u0131nda daha fazla bilgi edinin[\/elx_heading][vc_empty_space][elx_o2000_contact_us s=&#8221;Request of information about Commercial Kitchen Equipment and Food Service Solutions&#8221; b=&#8221;food&#8221; r=&#8221;I&#8217;d like to find out more about your Commercial Kitchen Equipment and Food Service Solutions. Please get in touch with me. Thanks.&#8221;][vc_empty_space height=&#8221;100px&#8221;][\/vc_column][\/vc_row][vc_row css=&#8221;.vc_custom_1541589352512{background-color: #eeeeee !important;}&#8221;][vc_column][elx_heading font_size=&#8221;h3&#8243; text_color=&#8221;inherit&#8221; text_align=&#8221;text-left&#8221;]\u0130\u015fletmeniz i\u00e7in ideal \u00e7\u00f6z\u00fcm\u00fc ke\u015ffedin[\/elx_heading][\/vc_column][\/vc_row][vc_row css=&#8221;.vc_custom_1541589364772{background-color: #eeeeee !important;}&#8221;][vc_column width=&#8221;1\/4&#8243;][elx_maylike_box id_box=&#8221;1196&#8243; hide_text=&#8221;self&#8221;][\/vc_column][vc_column width=&#8221;1\/4&#8243;][elx_maylike_box id_box=&#8221;1498&#8243; hide_text=&#8221;self&#8221; matched_labels=&#8221;&#8221;][\/vc_column][vc_column width=&#8221;1\/4&#8243;][elx_maylike_box id_box=&#8221;1500&#8243; hide_text=&#8221;self&#8221;][\/vc_column][vc_column width=&#8221;1\/4&#8243;][elx_maylike_box id_box=&#8221;1271&#8243; hide_text=&#8221;self&#8221;][\/vc_column][\/vc_row][vc_row css=&#8221;.vc_custom_1542968041480{background-color: #eeeeee !important;}&#8221;][vc_column][vc_empty_space][\/vc_column][\/vc_row]<\/p>\n","protected":false},"excerpt":{"rendered":"<p>[vc_row full_width=&#8221;electroluxpro-full-width-no-padding&#8221;][vc_column][vc_single_image image=&#8221;19847&#8243; img_size=&#8221;2000&#215;350&#8243; alignment=&#8221;center&#8221;][\/vc_column][\/vc_row][vc_row][vc_column][vc_empty_space][elx_heading font_container=&#8221;h1&#8243; font_size=&#8221;h3&#8243; text_color=&#8221;inherit&#8221;]Profesyonel mutfak ekipmanlar\u0131 ve g\u0131da hizmetleri i\u00e7in \u00e7\u00f6z\u00fcmlerimiz[\/elx_heading][vc_column_text] Profesyonel \u015feflerin ve mutfak i\u015fletmecilerinin ihtiya\u00e7lar\u0131n\u0131 kar\u015f\u0131lamak \u00fczere tasarlanm\u0131\u015f end\u00fcstriyel mutfak ekipmanlar\u0131m\u0131z\u0131 ke\u015ffedin. [\/vc_column_text][\/vc_column][\/vc_row][vc_row][vc_column][vc_empty_space][elx_button button_text=&#8221;Uzmanlar\u0131m\u0131zla ileti\u015fime ge\u00e7in&#8221; button_display_block=&#8221;display_block_on&#8221; button_alignment=&#8221;align_center&#8221; button_alignment_mobile=&#8221;text-center-mobile&#8221; button_link=&#8221;url:%23contact&#8221;][vc_empty_space][\/vc_column][\/vc_row][vc_row][vc_column width=&#8221;1\/3&#8243;][elx_navigation_branch image=&#8221;17763&#8243; menu_list=&#8221;18368&#8243;][vc_empty_space][\/vc_column][vc_column width=&#8221;1\/3&#8243;][elx_navigation_branch menu_list=&#8221;18381&#8243; image=&#8221;16449&#8243;][vc_empty_space][\/vc_column][vc_column width=&#8221;1\/3&#8243;][elx_navigation_branch menu_list=&#8221;18385&#8243; image=&#8221;17913&#8243;][vc_empty_space][\/vc_column][\/vc_row][vc_row][vc_column width=&#8221;1\/3&#8243;][elx_navigation_branch image=&#8221;269&#8243; menu_list=&#8221;18357&#8243;][vc_empty_space][\/vc_column][vc_column width=&#8221;1\/3&#8243;][elx_navigation_branch menu_list=&#8221;18389&#8243; image=&#8221;796&#8243;][vc_empty_space][\/vc_column][vc_column width=&#8221;1\/3&#8243;][elx_navigation_branch menu_list=&#8221;18400&#8243; image=&#8221;687&#8243;][vc_empty_space][\/vc_column][\/vc_row][vc_row][vc_column width=&#8221;1\/2&#8243;][elx_navigation_branch [&hellip;]<\/p>\n","protected":false},"author":64,"featured_media":719,"parent":0,"menu_order":0,"comment_status":"closed","ping_status":"closed","template":"","meta":{"footnotes":""},"class_list":["post-19849","page","type-page","status-publish","has-post-thumbnail","hentry"],"acf":[],"yoast_head":"<!-- This site is optimized with the Yoast SEO plugin v23.3 - https:\/\/yoast.com\/wordpress\/plugins\/seo\/ -->\n<title>End\u00fcstriyel Mutfak Ekipmanlar\u0131 - Electrolux Professional<\/title>\n<meta name=\"description\" content=\"Profesyonel \u015fefler ve i\u015fletmeler i\u00e7in tasarlanm\u0131\u015f y\u00fcksek kaliteli end\u00fcstriyel mutfak ekipmanlar\u0131 ke\u015ffedin.\" \/>\n<meta name=\"robots\" content=\"index, follow, max-snippet:-1, max-image-preview:large, max-video-preview:-1\" \/>\n<link rel=\"canonical\" href=\"https:\/\/www.electroluxprofessional.com\/tr\/ticari-mutfak-ekipmanlari\/\" \/>\n<meta property=\"og:locale\" content=\"tr_TR\" \/>\n<meta property=\"og:type\" content=\"article\" \/>\n<meta property=\"og:title\" content=\"End\u00fcstriyel Mutfak Ekipmanlar\u0131 - Electrolux Professional\" \/>\n<meta property=\"og:description\" content=\"Profesyonel \u015fefler ve i\u015fletmeler i\u00e7in tasarlanm\u0131\u015f y\u00fcksek kaliteli end\u00fcstriyel mutfak ekipmanlar\u0131 ke\u015ffedin.\" \/>\n<meta property=\"og:url\" content=\"https:\/\/www.electroluxprofessional.com\/tr\/ticari-mutfak-ekipmanlari\/\" \/>\n<meta property=\"og:site_name\" content=\"Electrolux Professional T\u00fcrkiye\" \/>\n<meta property=\"article:modified_time\" content=\"2025-06-27T13:39:29+00:00\" \/>\n<meta property=\"og:image\" content=\"https:\/\/www.electroluxprofessional.com\/tr\/wp-content\/uploads\/2016\/06\/food-preparation.jpg\" \/>\n\t<meta property=\"og:image:width\" content=\"1200\" \/>\n\t<meta property=\"og:image:height\" content=\"948\" \/>\n\t<meta property=\"og:image:type\" content=\"image\/jpeg\" \/>\n<meta name=\"twitter:card\" content=\"summary_large_image\" \/>\n<meta name=\"twitter:label1\" content=\"Tahmini okuma s\u00fcresi\" \/>\n\t<meta name=\"twitter:data1\" content=\"4 dakika\" \/>\n<script type=\"application\/ld+json\" class=\"yoast-schema-graph\">{\"@context\":\"https:\/\/schema.org\",\"@graph\":[{\"@type\":\"WebPage\",\"@id\":\"https:\/\/www.electroluxprofessional.com\/tr\/ticari-mutfak-ekipmanlari\/\",\"url\":\"https:\/\/www.electroluxprofessional.com\/tr\/ticari-mutfak-ekipmanlari\/\",\"name\":\"End\u00fcstriyel Mutfak Ekipmanlar\u0131 - Electrolux Professional\",\"isPartOf\":{\"@id\":\"https:\/\/www.electroluxprofessional.com\/tr\/#website\"},\"primaryImageOfPage\":{\"@id\":\"https:\/\/www.electroluxprofessional.com\/tr\/ticari-mutfak-ekipmanlari\/#primaryimage\"},\"image\":{\"@id\":\"https:\/\/www.electroluxprofessional.com\/tr\/ticari-mutfak-ekipmanlari\/#primaryimage\"},\"thumbnailUrl\":\"https:\/\/www.electroluxprofessional.com\/tr\/wp-content\/uploads\/2016\/06\/food-preparation.jpg\",\"datePublished\":\"2025-05-30T06:45:12+00:00\",\"dateModified\":\"2025-06-27T13:39:29+00:00\",\"description\":\"Profesyonel \u015fefler ve i\u015fletmeler i\u00e7in tasarlanm\u0131\u015f y\u00fcksek kaliteli end\u00fcstriyel mutfak ekipmanlar\u0131 ke\u015ffedin.\",\"breadcrumb\":{\"@id\":\"https:\/\/www.electroluxprofessional.com\/tr\/ticari-mutfak-ekipmanlari\/#breadcrumb\"},\"inLanguage\":\"tr\",\"potentialAction\":[{\"@type\":\"ReadAction\",\"target\":[\"https:\/\/www.electroluxprofessional.com\/tr\/ticari-mutfak-ekipmanlari\/\"]}]},{\"@type\":\"ImageObject\",\"inLanguage\":\"tr\",\"@id\":\"https:\/\/www.electroluxprofessional.com\/tr\/ticari-mutfak-ekipmanlari\/#primaryimage\",\"url\":\"https:\/\/www.electroluxprofessional.com\/tr\/wp-content\/uploads\/2016\/06\/food-preparation.jpg\",\"contentUrl\":\"https:\/\/www.electroluxprofessional.com\/tr\/wp-content\/uploads\/2016\/06\/food-preparation.jpg\",\"width\":1200,\"height\":948,\"caption\":\"chef Electrolux Professional food preparation\"},{\"@type\":\"BreadcrumbList\",\"@id\":\"https:\/\/www.electroluxprofessional.com\/tr\/ticari-mutfak-ekipmanlari\/#breadcrumb\",\"itemListElement\":[{\"@type\":\"ListItem\",\"position\":1,\"name\":\"Home\",\"item\":\"https:\/\/www.electroluxprofessional.com\/tr\/\"},{\"@type\":\"ListItem\",\"position\":2,\"name\":\"End\u00fcstriyel Mutfak Ekipmanlar\u0131\"}]},{\"@type\":\"WebSite\",\"@id\":\"https:\/\/www.electroluxprofessional.com\/tr\/#website\",\"url\":\"https:\/\/www.electroluxprofessional.com\/tr\/\",\"name\":\"Electrolux Professional T\u00fcrkiye\",\"description\":\"\",\"potentialAction\":[{\"@type\":\"SearchAction\",\"target\":{\"@type\":\"EntryPoint\",\"urlTemplate\":\"https:\/\/www.electroluxprofessional.com\/tr\/?src={search_term_string}\"},\"query-input\":\"required name=search_term_string\"}],\"inLanguage\":\"tr\"}]}<\/script>\n<!-- \/ Yoast SEO plugin. -->","yoast_head_json":{"title":"End\u00fcstriyel Mutfak Ekipmanlar\u0131 - Electrolux Professional","description":"Profesyonel \u015fefler ve i\u015fletmeler i\u00e7in tasarlanm\u0131\u015f y\u00fcksek kaliteli end\u00fcstriyel mutfak ekipmanlar\u0131 ke\u015ffedin.","robots":{"index":"index","follow":"follow","max-snippet":"max-snippet:-1","max-image-preview":"max-image-preview:large","max-video-preview":"max-video-preview:-1"},"canonical":"https:\/\/www.electroluxprofessional.com\/tr\/ticari-mutfak-ekipmanlari\/","og_locale":"tr_TR","og_type":"article","og_title":"End\u00fcstriyel Mutfak Ekipmanlar\u0131 - Electrolux Professional","og_description":"Profesyonel \u015fefler ve i\u015fletmeler i\u00e7in tasarlanm\u0131\u015f y\u00fcksek kaliteli end\u00fcstriyel mutfak ekipmanlar\u0131 ke\u015ffedin.","og_url":"https:\/\/www.electroluxprofessional.com\/tr\/ticari-mutfak-ekipmanlari\/","og_site_name":"Electrolux Professional T\u00fcrkiye","article_modified_time":"2025-06-27T13:39:29+00:00","og_image":[{"width":1200,"height":948,"url":"https:\/\/www.electroluxprofessional.com\/tr\/wp-content\/uploads\/2016\/06\/food-preparation.jpg","type":"image\/jpeg"}],"twitter_card":"summary_large_image","twitter_misc":{"Tahmini okuma s\u00fcresi":"4 dakika"},"schema":{"@context":"https:\/\/schema.org","@graph":[{"@type":"WebPage","@id":"https:\/\/www.electroluxprofessional.com\/tr\/ticari-mutfak-ekipmanlari\/","url":"https:\/\/www.electroluxprofessional.com\/tr\/ticari-mutfak-ekipmanlari\/","name":"End\u00fcstriyel Mutfak Ekipmanlar\u0131 - Electrolux Professional","isPartOf":{"@id":"https:\/\/www.electroluxprofessional.com\/tr\/#website"},"primaryImageOfPage":{"@id":"https:\/\/www.electroluxprofessional.com\/tr\/ticari-mutfak-ekipmanlari\/#primaryimage"},"image":{"@id":"https:\/\/www.electroluxprofessional.com\/tr\/ticari-mutfak-ekipmanlari\/#primaryimage"},"thumbnailUrl":"https:\/\/www.electroluxprofessional.com\/tr\/wp-content\/uploads\/2016\/06\/food-preparation.jpg","datePublished":"2025-05-30T06:45:12+00:00","dateModified":"2025-06-27T13:39:29+00:00","description":"Profesyonel \u015fefler ve i\u015fletmeler i\u00e7in tasarlanm\u0131\u015f y\u00fcksek kaliteli end\u00fcstriyel mutfak ekipmanlar\u0131 ke\u015ffedin.","breadcrumb":{"@id":"https:\/\/www.electroluxprofessional.com\/tr\/ticari-mutfak-ekipmanlari\/#breadcrumb"},"inLanguage":"tr","potentialAction":[{"@type":"ReadAction","target":["https:\/\/www.electroluxprofessional.com\/tr\/ticari-mutfak-ekipmanlari\/"]}]},{"@type":"ImageObject","inLanguage":"tr","@id":"https:\/\/www.electroluxprofessional.com\/tr\/ticari-mutfak-ekipmanlari\/#primaryimage","url":"https:\/\/www.electroluxprofessional.com\/tr\/wp-content\/uploads\/2016\/06\/food-preparation.jpg","contentUrl":"https:\/\/www.electroluxprofessional.com\/tr\/wp-content\/uploads\/2016\/06\/food-preparation.jpg","width":1200,"height":948,"caption":"chef Electrolux Professional food preparation"},{"@type":"BreadcrumbList","@id":"https:\/\/www.electroluxprofessional.com\/tr\/ticari-mutfak-ekipmanlari\/#breadcrumb","itemListElement":[{"@type":"ListItem","position":1,"name":"Home","item":"https:\/\/www.electroluxprofessional.com\/tr\/"},{"@type":"ListItem","position":2,"name":"End\u00fcstriyel Mutfak Ekipmanlar\u0131"}]},{"@type":"WebSite","@id":"https:\/\/www.electroluxprofessional.com\/tr\/#website","url":"https:\/\/www.electroluxprofessional.com\/tr\/","name":"Electrolux Professional T\u00fcrkiye","description":"","potentialAction":[{"@type":"SearchAction","target":{"@type":"EntryPoint","urlTemplate":"https:\/\/www.electroluxprofessional.com\/tr\/?src={search_term_string}"},"query-input":"required name=search_term_string"}],"inLanguage":"tr"}]}},"_links":{"self":[{"href":"https:\/\/www.electroluxprofessional.com\/tr\/wp-json\/wp\/v2\/pages\/19849"}],"collection":[{"href":"https:\/\/www.electroluxprofessional.com\/tr\/wp-json\/wp\/v2\/pages"}],"about":[{"href":"https:\/\/www.electroluxprofessional.com\/tr\/wp-json\/wp\/v2\/types\/page"}],"author":[{"embeddable":true,"href":"https:\/\/www.electroluxprofessional.com\/tr\/wp-json\/wp\/v2\/users\/64"}],"replies":[{"embeddable":true,"href":"https:\/\/www.electroluxprofessional.com\/tr\/wp-json\/wp\/v2\/comments?post=19849"}],"version-history":[{"count":15,"href":"https:\/\/www.electroluxprofessional.com\/tr\/wp-json\/wp\/v2\/pages\/19849\/revisions"}],"predecessor-version":[{"id":20979,"href":"https:\/\/www.electroluxprofessional.com\/tr\/wp-json\/wp\/v2\/pages\/19849\/revisions\/20979"}],"wp:featuredmedia":[{"embeddable":true,"href":"https:\/\/www.electroluxprofessional.com\/tr\/wp-json\/wp\/v2\/media\/719"}],"wp:attachment":[{"href":"https:\/\/www.electroluxprofessional.com\/tr\/wp-json\/wp\/v2\/media?parent=19849"}],"curies":[{"name":"wp","href":"https:\/\/api.w.org\/{rel}","templated":true}]}}