{"id":1966,"date":"2016-05-26T12:42:32","date_gmt":"2016-05-26T12:42:32","guid":{"rendered":"https:\/\/www.electroluxprofessional.com\/?page_id=1612"},"modified":"2026-02-13T11:17:45","modified_gmt":"2026-02-13T11:17:45","slug":"cerez-kurallari","status":"publish","type":"page","link":"https:\/\/www.electroluxprofessional.com\/tr\/cerez-kurallari\/","title":{"rendered":"\u00c7erezler nedir?"},"content":{"rendered":"<p>[vc_row][vc_column][elx_heading font_container=&#8221;h1&#8243; text_color=&#8221;inherit&#8221;]\u00c7erez Kurallar\u0131[\/elx_heading][vc_column_text]Bu k\u0131lavuzda &#8220;\u00e7erezler&#8221; terimi elektronik ileti\u015fimlerde gizlilik ile ilgili AB direktifi taraf\u0131ndan kapsanan \u00e7erezler ve di\u011fer benzer teknolojileri ifade etmektedir.<\/p>\n<p><strong>\u00c7erez nedir?<\/strong><\/p>\n<p>\u00c7erezler, veriler i\u00e7eren ve ziyaret edilen web sitesi taraf\u0131ndan olu\u015fturulan k\u00fc\u00e7\u00fck metin dosyalar\u0131d\u0131r. Bunlar ziyaret eden ki\u015finin bilgisayar\u0131nda depolan\u0131r ve kullan\u0131c\u0131n\u0131n \u00e7e\u015fitli i\u015flevlere eri\u015fmesini sa\u011flar.<\/p>\n<p>Sitelerimizde hem oturum \u00e7erezler hem de oturum d\u0131\u015f\u0131 \u00e7erezler kullan\u0131lmaktad\u0131r.<\/p>\n<p>Oturum \u00e7erezi, ziyaret\u00e7i web sitesinde gezinirken bilgisayar belle\u011fine ge\u00e7ici olarak kaydedilir. Kullan\u0131c\u0131 web taray\u0131c\u0131s\u0131n\u0131 kapatt\u0131\u011f\u0131nda veya belirli bir s\u00fcre ge\u00e7ti\u011finde (oturum zaman a\u015f\u0131m\u0131na u\u011frad\u0131\u011f\u0131nda) \u00e7erez silinir.<\/p>\n<p>Oturum d\u0131\u015f\u0131 \u00e7erez ise silinene kadar ziyaret\u00e7inin bilgisayar\u0131nda kal\u0131r.<\/p>\n<p><strong>Neden \u00e7erezleri kullan\u0131yoruz?<\/strong><\/p>\n<p>\u00c7erezleri, ziyaret\u00e7ilerin i\u00e7eriklerimiz ile nas\u0131l etkile\u015fime girdiklerini \u00f6\u011frenmek ve web sitemizi ziyaret ettiklerinde ya\u015fad\u0131klar\u0131 deneyimi iyile\u015ftirmek \u00fczere daha fazla bilgi edinmek ad\u0131na kullan\u0131yoruz.<\/p>\n<p><strong>Site i\u015flevi ve i\u00e7erik.<\/strong><\/p>\n<p>Payla\u015fma i\u015flevi kullan\u0131c\u0131lar taraf\u0131ndan sitelerimizin ve i\u00e7eriklerimizin Facebook ve Twitter gibi sosyal a\u011flarda \u00f6nerilmesi i\u00e7in kullan\u0131l\u0131r. \u00c7erezler ziyaret\u00e7ilerin payla\u015f\u0131m i\u015flevini nas\u0131l ger\u00e7ekle\u015ftirdi\u011fi hakk\u0131nda bilgileri kaydeder; ancak ki\u015fisel seviyede bir kay\u0131t s\u00f6z konusu de\u011fildir, bu \u015fekilde web sitesi iyile\u015ftirilebilir. \u00c7erezlerin kullan\u0131m\u0131n\u0131 kabul etmiyorsan\u0131z, bilgi depolanmaz.<\/p>\n<p>\u00d6rne\u011fin YouTube&#8217;dan g\u00f6m\u00fcl\u00fc videolar\u0131n veya YouTube&#8217;a ba\u011flant\u0131lar\u0131n yer ald\u0131\u011f\u0131 bir sayfa gibi, web sitelerimizde baz\u0131 i\u015flevler i\u00e7in \u00fc\u00e7\u00fcnc\u00fc taraf sa\u011flay\u0131c\u0131lardan yararlan\u0131r\u0131z. Bu videolar veya ba\u011flant\u0131lar (ve \u00fc\u00e7\u00fcnc\u00fc taraf sa\u011flay\u0131c\u0131lar\u0131n di\u011fer i\u00e7erikleri) \u00fc\u00e7\u00fcnc\u00fc taraflar\u0131n \u00e7erezlerini i\u00e7eriyor olabilir ve bu \u00fc\u00e7\u00fcnc\u00fc taraflar\u0131n \u00e7erezlerin kullan\u0131m\u0131 ile ilgili olarak politikalar\u0131n\u0131 g\u00f6zden ge\u00e7irmeniz gerekebilir.<\/p>\n<p><strong>Web analizi<\/strong><\/p>\n<p>Bu web sitesi \u00e7erezlerden yararlanan Google Analitik kullan\u0131r. Toplu seviyede \u00e7erezler web sitesinin iyile\u015ftirilmesi ve iyi bir kullan\u0131c\u0131 deneyimi sa\u011flamak \u00fczere ziyaret\u00e7ilerin web sitesini nas\u0131l kulland\u0131\u011f\u0131na dair bilgiler kaydeder; \u00f6rne\u011fin g\u00f6r\u00fcnt\u00fclenen sayfa say\u0131s\u0131, ziyaret\u00e7inin nereden geldi\u011fi ve ziyaretlerin say\u0131s\u0131. \u00c7erezlerin kullan\u0131m\u0131n\u0131 kabul etmiyorsan\u0131z, bilgi depolanmaz.<\/p>\n<p><strong>\u00c7erezleri nas\u0131l reddederim ve silebilirim?<\/strong><\/p>\n<p>Bir ziyaret\u00e7i ile ilgili ki\u015fisel olarak tan\u0131mlay\u0131c\u0131 bilgiler toplamak \u00fczere \u00e7erezler kullan\u0131lmamaktad\u0131r.<\/p>\n<p>Buna kar\u015f\u0131n isterseniz, taray\u0131c\u0131 ayarlar\u0131n\u0131z\u0131 de\u011fi\u015ftirerek Electrolux Professional ve \u00fc\u00e7\u00fcnc\u00fc taraf sa\u011flay\u0131c\u0131lar\u0131n ayarlad\u0131\u011f\u0131 \u00e7erezleri reddedebilir ya da engelleyebilirsiniz; daha fazla bilgi i\u00e7in taray\u0131c\u0131n\u0131z\u0131n &#8220;Yard\u0131m&#8221; i\u015flevine g\u00f6z at\u0131n.<\/p>\n<p>\u00c7o\u011fu taray\u0131c\u0131n\u0131n otomatik olarak \u00e7erezleri kabul etti\u011fini unutmay\u0131n, bu nedenle \u00e7erezlerin kullan\u0131lmamas\u0131n\u0131 istiyorsan\u0131z, \u00e7erezleri kendiniz silmek veya engellemek durumunda kalabilirsiniz.<\/p>\n<p>Cep telefonu taray\u0131c\u0131lar\u0131nda \u00e7erezlerin kullan\u0131m\u0131 ile ilgili bilgiler ve s\u00f6z konusu \u00e7erezlerin reddedilmesi veya silinmesi ile ilgili ayr\u0131nt\u0131lar i\u00e7in l\u00fctfen cep telefonunuzun k\u0131lavuzuna bak\u0131n.<\/p>\n<p>Bununla birlikte \u00e7erezlerin kullan\u0131m\u0131n\u0131 reddetseniz bile web sitelerimizi ziyaret edebileceksiniz, ancak baz\u0131 i\u015flevler d\u00fczg\u00fcn \u00e7al\u0131\u015fmayabilir.[\/vc_column_text][vc_column_text]<\/p>\n<p>I am text block. Click edit button to change this text. Lorem ipsum dolor sit amet, consectetur adipiscing elit. Ut elit tellus, luctus nec ullamcorper mattis, pulvinar dapibus leo.<\/p>\n<p>[\/vc_column_text][\/vc_column][\/vc_row]<\/p>\n","protected":false},"excerpt":{"rendered":"<p>[vc_row][vc_column][elx_heading font_container=&#8221;h1&#8243; text_color=&#8221;inherit&#8221;]\u00c7erez Kurallar\u0131[\/elx_heading][vc_column_text]Bu k\u0131lavuzda &#8220;\u00e7erezler&#8221; terimi elektronik ileti\u015fimlerde gizlilik ile ilgili AB direktifi taraf\u0131ndan kapsanan \u00e7erezler ve di\u011fer benzer teknolojileri ifade etmektedir. \u00c7erez nedir? \u00c7erezler, veriler i\u00e7eren ve ziyaret edilen web sitesi taraf\u0131ndan olu\u015fturulan k\u00fc\u00e7\u00fck metin dosyalar\u0131d\u0131r. Bunlar ziyaret eden ki\u015finin bilgisayar\u0131nda depolan\u0131r ve kullan\u0131c\u0131n\u0131n \u00e7e\u015fitli i\u015flevlere eri\u015fmesini sa\u011flar. Sitelerimizde hem oturum \u00e7erezler hem [&hellip;]<\/p>\n","protected":false},"author":4,"featured_media":0,"parent":0,"menu_order":0,"comment_status":"closed","ping_status":"closed","template":"","meta":{"footnotes":""},"class_list":["post-1966","page","type-page","status-publish","hentry"],"acf":[],"yoast_head":"<!-- This site is optimized with the Yoast SEO plugin v23.3 - https:\/\/yoast.com\/wordpress\/plugins\/seo\/ -->\n<title>\u00c7erezler nedir? - Electrolux Professional T\u00fcrkiye<\/title>\n<meta name=\"robots\" content=\"index, follow, max-snippet:-1, max-image-preview:large, max-video-preview:-1\" \/>\n<link rel=\"canonical\" href=\"https:\/\/www.electroluxprofessional.com\/tr\/cerez-kurallari\/\" \/>\n<meta property=\"og:locale\" content=\"tr_TR\" \/>\n<meta property=\"og:type\" content=\"article\" \/>\n<meta property=\"og:title\" content=\"\u00c7erezler nedir? - Electrolux Professional T\u00fcrkiye\" \/>\n<meta property=\"og:description\" content=\"[vc_row][vc_column][elx_heading font_container=&#8221;h1&#8243; text_color=&#8221;inherit&#8221;]\u00c7erez Kurallar\u0131[\/elx_heading][vc_column_text]Bu k\u0131lavuzda &#8220;\u00e7erezler&#8221; terimi elektronik ileti\u015fimlerde gizlilik ile ilgili AB direktifi taraf\u0131ndan kapsanan \u00e7erezler ve di\u011fer benzer teknolojileri ifade etmektedir. \u00c7erez nedir? \u00c7erezler, veriler i\u00e7eren ve ziyaret edilen web sitesi taraf\u0131ndan olu\u015fturulan k\u00fc\u00e7\u00fck metin dosyalar\u0131d\u0131r. Bunlar ziyaret eden ki\u015finin bilgisayar\u0131nda depolan\u0131r ve kullan\u0131c\u0131n\u0131n \u00e7e\u015fitli i\u015flevlere eri\u015fmesini sa\u011flar. Sitelerimizde hem oturum \u00e7erezler hem [&hellip;]\" \/>\n<meta property=\"og:url\" content=\"https:\/\/www.electroluxprofessional.com\/tr\/cerez-kurallari\/\" \/>\n<meta property=\"og:site_name\" content=\"Electrolux Professional T\u00fcrkiye\" \/>\n<meta property=\"article:modified_time\" content=\"2026-02-13T11:17:45+00:00\" \/>\n<meta name=\"twitter:card\" content=\"summary_large_image\" \/>\n<meta name=\"twitter:label1\" content=\"Tahmini okuma s\u00fcresi\" \/>\n\t<meta name=\"twitter:data1\" content=\"3 dakika\" \/>\n<script type=\"application\/ld+json\" class=\"yoast-schema-graph\">{\"@context\":\"https:\/\/schema.org\",\"@graph\":[{\"@type\":\"WebPage\",\"@id\":\"https:\/\/www.electroluxprofessional.com\/tr\/cerez-kurallari\/\",\"url\":\"https:\/\/www.electroluxprofessional.com\/tr\/cerez-kurallari\/\",\"name\":\"\u00c7erezler nedir? - Electrolux Professional T\u00fcrkiye\",\"isPartOf\":{\"@id\":\"https:\/\/www.electroluxprofessional.com\/tr\/#website\"},\"datePublished\":\"2016-05-26T12:42:32+00:00\",\"dateModified\":\"2026-02-13T11:17:45+00:00\",\"breadcrumb\":{\"@id\":\"https:\/\/www.electroluxprofessional.com\/tr\/cerez-kurallari\/#breadcrumb\"},\"inLanguage\":\"tr\",\"potentialAction\":[{\"@type\":\"ReadAction\",\"target\":[\"https:\/\/www.electroluxprofessional.com\/tr\/cerez-kurallari\/\"]}]},{\"@type\":\"BreadcrumbList\",\"@id\":\"https:\/\/www.electroluxprofessional.com\/tr\/cerez-kurallari\/#breadcrumb\",\"itemListElement\":[{\"@type\":\"ListItem\",\"position\":1,\"name\":\"Home\",\"item\":\"https:\/\/www.electroluxprofessional.com\/tr\/\"},{\"@type\":\"ListItem\",\"position\":2,\"name\":\"\u00c7erezler nedir?\"}]},{\"@type\":\"WebSite\",\"@id\":\"https:\/\/www.electroluxprofessional.com\/tr\/#website\",\"url\":\"https:\/\/www.electroluxprofessional.com\/tr\/\",\"name\":\"Electrolux Professional T\u00fcrkiye\",\"description\":\"\",\"potentialAction\":[{\"@type\":\"SearchAction\",\"target\":{\"@type\":\"EntryPoint\",\"urlTemplate\":\"https:\/\/www.electroluxprofessional.com\/tr\/?src={search_term_string}\"},\"query-input\":\"required name=search_term_string\"}],\"inLanguage\":\"tr\"}]}<\/script>\n<!-- \/ Yoast SEO plugin. -->","yoast_head_json":{"title":"\u00c7erezler nedir? - Electrolux Professional T\u00fcrkiye","robots":{"index":"index","follow":"follow","max-snippet":"max-snippet:-1","max-image-preview":"max-image-preview:large","max-video-preview":"max-video-preview:-1"},"canonical":"https:\/\/www.electroluxprofessional.com\/tr\/cerez-kurallari\/","og_locale":"tr_TR","og_type":"article","og_title":"\u00c7erezler nedir? - Electrolux Professional T\u00fcrkiye","og_description":"[vc_row][vc_column][elx_heading font_container=&#8221;h1&#8243; text_color=&#8221;inherit&#8221;]\u00c7erez Kurallar\u0131[\/elx_heading][vc_column_text]Bu k\u0131lavuzda &#8220;\u00e7erezler&#8221; terimi elektronik ileti\u015fimlerde gizlilik ile ilgili AB direktifi taraf\u0131ndan kapsanan \u00e7erezler ve di\u011fer benzer teknolojileri ifade etmektedir. \u00c7erez nedir? \u00c7erezler, veriler i\u00e7eren ve ziyaret edilen web sitesi taraf\u0131ndan olu\u015fturulan k\u00fc\u00e7\u00fck metin dosyalar\u0131d\u0131r. Bunlar ziyaret eden ki\u015finin bilgisayar\u0131nda depolan\u0131r ve kullan\u0131c\u0131n\u0131n \u00e7e\u015fitli i\u015flevlere eri\u015fmesini sa\u011flar. Sitelerimizde hem oturum \u00e7erezler hem [&hellip;]","og_url":"https:\/\/www.electroluxprofessional.com\/tr\/cerez-kurallari\/","og_site_name":"Electrolux Professional T\u00fcrkiye","article_modified_time":"2026-02-13T11:17:45+00:00","twitter_card":"summary_large_image","twitter_misc":{"Tahmini okuma s\u00fcresi":"3 dakika"},"schema":{"@context":"https:\/\/schema.org","@graph":[{"@type":"WebPage","@id":"https:\/\/www.electroluxprofessional.com\/tr\/cerez-kurallari\/","url":"https:\/\/www.electroluxprofessional.com\/tr\/cerez-kurallari\/","name":"\u00c7erezler nedir? - Electrolux Professional T\u00fcrkiye","isPartOf":{"@id":"https:\/\/www.electroluxprofessional.com\/tr\/#website"},"datePublished":"2016-05-26T12:42:32+00:00","dateModified":"2026-02-13T11:17:45+00:00","breadcrumb":{"@id":"https:\/\/www.electroluxprofessional.com\/tr\/cerez-kurallari\/#breadcrumb"},"inLanguage":"tr","potentialAction":[{"@type":"ReadAction","target":["https:\/\/www.electroluxprofessional.com\/tr\/cerez-kurallari\/"]}]},{"@type":"BreadcrumbList","@id":"https:\/\/www.electroluxprofessional.com\/tr\/cerez-kurallari\/#breadcrumb","itemListElement":[{"@type":"ListItem","position":1,"name":"Home","item":"https:\/\/www.electroluxprofessional.com\/tr\/"},{"@type":"ListItem","position":2,"name":"\u00c7erezler nedir?"}]},{"@type":"WebSite","@id":"https:\/\/www.electroluxprofessional.com\/tr\/#website","url":"https:\/\/www.electroluxprofessional.com\/tr\/","name":"Electrolux Professional T\u00fcrkiye","description":"","potentialAction":[{"@type":"SearchAction","target":{"@type":"EntryPoint","urlTemplate":"https:\/\/www.electroluxprofessional.com\/tr\/?src={search_term_string}"},"query-input":"required name=search_term_string"}],"inLanguage":"tr"}]}},"_links":{"self":[{"href":"https:\/\/www.electroluxprofessional.com\/tr\/wp-json\/wp\/v2\/pages\/1966"}],"collection":[{"href":"https:\/\/www.electroluxprofessional.com\/tr\/wp-json\/wp\/v2\/pages"}],"about":[{"href":"https:\/\/www.electroluxprofessional.com\/tr\/wp-json\/wp\/v2\/types\/page"}],"author":[{"embeddable":true,"href":"https:\/\/www.electroluxprofessional.com\/tr\/wp-json\/wp\/v2\/users\/4"}],"replies":[{"embeddable":true,"href":"https:\/\/www.electroluxprofessional.com\/tr\/wp-json\/wp\/v2\/comments?post=1966"}],"version-history":[{"count":7,"href":"https:\/\/www.electroluxprofessional.com\/tr\/wp-json\/wp\/v2\/pages\/1966\/revisions"}],"predecessor-version":[{"id":23604,"href":"https:\/\/www.electroluxprofessional.com\/tr\/wp-json\/wp\/v2\/pages\/1966\/revisions\/23604"}],"wp:attachment":[{"href":"https:\/\/www.electroluxprofessional.com\/tr\/wp-json\/wp\/v2\/media?parent=1966"}],"curies":[{"name":"wp","href":"https:\/\/api.w.org\/{rel}","templated":true}]}}