{"id":19636,"date":"2025-05-07T10:48:23","date_gmt":"2025-05-07T10:48:23","guid":{"rendered":"https:\/\/www.electroluxprofessional.com\/tr\/?page_id=19636"},"modified":"2025-11-05T15:39:55","modified_gmt":"2025-11-05T15:39:55","slug":"yuksek-hizli-pisirme","status":"publish","type":"page","link":"https:\/\/www.electroluxprofessional.com\/tr\/ticari-mutfak-ekipmanlari\/yuksek-hizli-pisirme\/","title":{"rendered":"Y\u00fcksek H\u0131zl\u0131 Pi\u015firme"},"content":{"rendered":"<p>[vc_row full_width=&#8221;electroluxpro-full-width-no-padding&#8221;][vc_column][elx_image_block background_image=&#8221;19633&#8243; minimum_height=&#8221;400px&#8221;][vc_empty_space][\/vc_column][\/vc_row][vc_row][vc_column][vc_column_text]<\/p>\n<h1><strong>Y\u00fcksek H\u0131zl\u0131 Pi\u015firme<\/strong><\/h1>\n<p>[\/vc_column_text][vc_empty_space][\/vc_column][\/vc_row][vc_row][vc_column][vc_column_text]<\/p>\n<h2>Y\u00fcksek H\u0131zl\u0131 Pi\u015firme \u00e7\u00f6z\u00fcmleri ile mutfa\u011f\u0131n\u0131zda \u00fcretkenli\u011fi art\u0131r\u0131n<\/h2>\n<p>G\u00fcn\u00fcm\u00fcz\u00fcn h\u0131zl\u0131 g\u0131da servis sekt\u00f6r\u00fcnde h\u0131z ve kalitenin \u00f6nemi tart\u0131\u015f\u0131lmazd\u0131r.<br \/>\nElectrolux Professional\u2019\u0131n <strong>GourmeXpress<\/strong> ve <strong>SpeeDelight<\/strong>\u2019\u0131 i\u00e7eren <strong>Y\u00fcksek H\u0131zl\u0131 Pi\u015firme \u00e7\u00f6z\u00fcmleriyle<\/strong><br \/>\n\u00e7e\u015fitli ve y\u00fcksek kaliteli yemekleri her zamankinden daha h\u0131zl\u0131 servis edebilirsiniz.[\/vc_column_text][vc_empty_space height=&#8221;15px&#8221;][elx_o2000_contact_us form_alignment=&#8221;left&#8221; text_color=&#8221;#14133B&#8221; button_mode=&#8221;true&#8221; button_style=&#8221;secondary-bordered&#8221; postion_button=&#8221;text-left&#8221; postion_button_mobile=&#8221;text-left-mobile&#8221; text_btn_contact=&#8221;Bizimle \u0130leti\u015fime ge\u00e7in&#8221;][vc_empty_space height=&#8221;50px&#8221;][\/vc_column][\/vc_row][vc_row][vc_column width=&#8221;1\/6&#8243;][vc_empty_space][\/vc_column][vc_column width=&#8221;2\/6&#8243;][vc_single_image image=&#8221;16445&#8243; img_size=&#8221;medium&#8221; alignment=&#8221;center&#8221;][vc_column_text]<\/p>\n<h3>GourmeXpress &#8211;<br \/>\nY\u00fcksek H\u0131zl\u0131 F\u0131r\u0131n<\/h3>\n<p>Pi\u015firme s\u00fcresini azalt\u0131rken m\u00fckemmel sonu\u00e7lar\u0131 da koruyan profesyonel Y\u00fcksek H\u0131zl\u0131 F\u0131r\u0131n GourmeXpress&#8217;in g\u00fcc\u00fcn\u00fc ke\u015ffedin.<br \/>\nBal\u0131k, et, sebze, lazanya ve daha fazlas\u0131 ile GourmeXpress, men\u00fcn\u00fcz\u00fc kolayl\u0131kla geni\u015fletmenize yard\u0131mc\u0131 olur.[\/vc_column_text][vc_empty_space height=&#8221;15px&#8221;][elx_button button_text=&#8221;\u00dcr\u00fcnlere gidin&#8221; button_style=&#8221;secondary-bordered&#8221; button_link=&#8221;url:https%3A%2F%2Fwww.electroluxprofessional.com%2Ftr%2Fticari-mutfak-ekipmanlari%2Fgourmexpress-yuksek-hizli-firin%2F%23products|target:_blank&#8221;][vc_empty_space height=&#8221;50px&#8221;][\/vc_column][vc_column width=&#8221;2\/6&#8243;][vc_single_image image=&#8221;18844&#8243; img_size=&#8221;medium&#8221; alignment=&#8221;center&#8221;][vc_column_text]<\/p>\n<h3>SpeeDelight &#8211;<br \/>\nY\u00fcksek H\u0131zl\u0131 Pi\u015firme \u00c7\u00f6z\u00fcm\u00fc<\/h3>\n<p>Rekor bir s\u00fcrede m\u00fckemmel \u00e7\u0131t\u0131rl\u0131\u011fa sahip lezzetli at\u0131\u015ft\u0131rmal\u0131klar haz\u0131rlamak i\u00e7in do\u011frudan ve dolayl\u0131 pi\u015firme teknolojilerini bir araya getiren \u00e7ok y\u00f6nl\u00fc Y\u00fcksek H\u0131zl\u0131 \u00c7\u00f6z\u00fcm, SpeeDelight ile tan\u0131\u015f\u0131n.<br \/>\nEnerji tasarruflu tasar\u0131m\u0131 ve tak-\u00e7al\u0131\u015ft\u0131r kurulumu sayesinde her \u00f6l\u00e7ekteki i\u015fletme i\u00e7in idealdir.[\/vc_column_text][vc_empty_space height=&#8221;15px&#8221;][elx_button button_text=&#8221;\u00dcr\u00fcnlere gidin&#8221; button_style=&#8221;secondary-bordered&#8221; button_link=&#8221;url:https%3A%2F%2Fwww.electroluxprofessional.com%2Ftr%2Fticari-mutfak-ekipmanlari%2Fspeedelight-high-speed-cooking-solution%2F%23products|target:_blank&#8221;][vc_empty_space height=&#8221;50px&#8221;][\/vc_column][vc_column width=&#8221;1\/6&#8243;][vc_empty_space][\/vc_column][\/vc_row][vc_row custom_color_row=&#8221;bg-row-light-blue&#8221; css=&#8221;.vc_custom_1729151351892{background-color: #e9eff5 !important;}&#8221;][vc_column][elx_features_download title=&#8221;&#8221; tag_title=&#8221;h2&#8243; title_download=&#8221;\u0130ndirin&#8221; title_position=&#8221;top&#8221; bg_row=&#8221;bg-row-light-blue&#8221; values=&#8221;%5B%7B%22select_type%22%3A%22pride%22%2C%22label_pride_document%22%3A%22GourmeXpress%20bro%C5%9F%C3%BCr%22%2C%22document_type%22%3A%22brochures%22%2C%22br_document_number%22%3A%22BR-9JE00217%22%7D%2C%7B%22select_type%22%3A%22pride%22%2C%22label_pride_document%22%3A%22SpeeDelight%20bro%C5%9F%C3%BCr%22%2C%22document_type%22%3A%22brochures%22%2C%22br_document_number%22%3A%22BR-9JE00128%22%7D%5D&#8221; discover=&#8221;%5B%7B%7D%5D&#8221; features=&#8221;%5B%7B%22icon_electroluxpro%22%3A%22elx-icon%20icon-circle-easy-blue%22%2C%22title_icon%22%3A%22Kullan%C4%B1m%20kolayl%C4%B1%C4%9F%C4%B1%22%2C%22text_icon%22%3A%22Electrolux%20Professional%E2%80%99%C4%B1n%20Y%C3%BCksek%20H%C4%B1zl%C4%B1%20Pi%C5%9Firme%20%C3%A7%C3%B6z%C3%BCmleri%2C%20merkezi%20bir%20mutfa%C4%9Fa%20ihtiya%C3%A7%20olmadan%20tutarl%C4%B1l%C4%B1k%2C%20kullan%C4%B1m%20kolayl%C4%B1%C4%9F%C4%B1%20ve%20%C3%A7ok%20y%C3%B6nl%C3%BCl%C3%BCk%20sunar.%22%7D%2C%7B%22icon_electroluxpro%22%3A%22elx-icon%20icon-tray%22%2C%22title_icon%22%3A%22Men%C3%BC%20%C3%A7e%C5%9Fitlili%C4%9Fi%22%2C%22text_icon%22%3A%22Y%C3%BCksek%20H%C4%B1zl%C4%B1%20Pi%C5%9Firme%20%C3%A7%C3%B6z%C3%BCmleri%20GourmeXpress%20ve%20SpeeDelight%20bi%20araya%20gelerek%2C%20men%C3%BC%20%C3%A7e%C5%9Fitlili%C4%9Fini%20art%C4%B1rmak%20isteyen%20k%C3%BC%C3%A7%C3%BCk%20i%C5%9Fletmeler%20i%C3%A7in%20m%C3%BCkemmel%20bir%20%C3%A7%C3%B6z%C3%BCm%20sunar.%22%7D%2C%7B%22icon_electroluxpro%22%3A%22elx-icon%20icon-watch%22%2C%22title_icon%22%3A%22Yemekleri%20k%C4%B1sa%20s%C3%BCrede%20servis%20edin%22%2C%22text_icon%22%3A%22Y%C3%BCksek%20kapasiteli%20mutfa%C4%9F%C4%B1n%C4%B1zda%20bu%20Y%C3%BCksek%20H%C4%B1zl%C4%B1%20Pi%C5%9Firme%20%C3%A7%C3%B6z%C3%BCmleriyle%20servisi%20optimize%20edebilir%20ve%20yo%C4%9Fun%20sirk%C3%BClasyonu%20kolayl%C4%B1kla%20kar%C5%9F%C4%B1layabilirsiniz.%22%7D%2C%7B%22icon_electroluxpro%22%3A%22elx-icon%20icon-circle-star-perfomance-blue%22%2C%22title_icon%22%3A%22Pi%C5%9Firme%20sonu%C3%A7lar%C4%B1nda%20tutarl%C4%B1l%C4%B1k%22%2C%22text_icon%22%3A%22S%C4%B1k%20s%C4%B1k%20personel%20de%C4%9Fi%C5%9Ftiren%20i%C5%9Fletmeler%20bile%20y%C3%BCksek%20standartlar%C4%B1%20ve%20yemekte%20kalite%20tutarl%C4%B1l%C4%B1%C4%9F%C4%B1n%C4%B1%20kolayca%20koruyabilir.%22%7D%5D&#8221;]<\/p>\n<h2>Verimlili\u011fi ve men\u00fc \u00e7e\u015fitlili\u011fini en \u00fcst d\u00fczeye \u00e7\u0131kar\u0131n<\/h2>\n<p>[\/elx_features_download][vc_empty_space][\/vc_column][\/vc_row][vc_row][vc_column][vc_empty_space][elx_video_text link_video=&#8221;https:\/\/youtu.be\/d-dbiqBKxHQ&#8221; title=&#8221;Y\u00fcksek H\u0131zl\u0131 Pi\u015firmeyi izleyerek g\u00f6r\u00fcn&#8221; bg_row=&#8221;bg-download-blue&#8221; color_text_row=&#8221;text-white&#8221; image_preview=&#8221;19634&#8243;]GourmeXpress ve SpeeDelight&#8217;\u0131n g\u00fcc\u00fcn\u00fc do\u011frudan deneyimleyin.<br \/>\nBu y\u00fcksek h\u0131zl\u0131 pi\u015firme \u00e7\u00f6z\u00fcmleriyle mutfa\u011f\u0131n\u0131z\u0131n verimlili\u011finde d\u00f6n\u00fc\u015f\u00fcm yaratarak h\u0131zl\u0131 ve y\u00fcksek kaliteli yemekleri kolayl\u0131kla nas\u0131l haz\u0131rlayabilece\u011finizi g\u00f6rmek i\u00e7in videomuzu izleyin.[\/elx_video_text][vc_empty_space][\/vc_column][\/vc_row][vc_row][vc_column][elx_multiple_columns number_columns=&#8221;4&#8243; tag_title_clm=&#8221;h2&#8243; bg_row=&#8221;bg-download-white&#8221; title=&#8221;\u0130\u015fletmeniz i\u00e7in ideal olan \u00e7\u00f6z\u00fcm\u00fc bulun&#8221; values=&#8221;%5B%7B%22image_section%22%3A%2218172%22%2C%22title_section%22%3A%22%3CH3%3EBarlar%20ve%20Kafeler%3C%2FH3%3E%22%2C%22text_section%22%3A%22%C4%B0%C5%9Fletmenize%20%C3%B6zel%20ihtiya%C3%A7lar%C4%B1%20kar%C5%9F%C4%B1lamak%20%C3%BCzere%20tasarlanm%C4%B1%C5%9F%2C%20hem%20verimlili%C4%9Fi%20hem%20m%C3%BC%C5%9Fteri%20deneyimini%20art%C4%B1ran%20%C3%A7e%C5%9Fitli%20%C3%B6zel%20%C3%A7%C3%B6z%C3%BCmleri%20ke%C5%9Ffedin.%22%2C%22link_section%22%3A%22url%3Ahttps%253A%252F%252Fwww.electroluxprofessional.com%252Ftr%252Fisletmenize-yonelik-cozumler%252Fbarlar-ve-kafeler-2%252F%7Ctitle%3ABar%2520ve%2520Kafelere%2520y%25C3%25B6nelik%2520%25C3%25A7%25C3%25B6z%25C3%25BCmler%7Ctarget%3A_blank%22%2C%22button_style%22%3A%22secondary-bordered%22%7D%2C%7B%22image_section%22%3A%2219635%22%2C%22title_section%22%3A%22%3CH3%3ERestoran%20Zincirleri%3C%2FH3%3E%22%2C%22text_section%22%3A%22%C3%87%C3%B6z%C3%BCmlerimizi%20tercih%20ederek%20esneklik%2C%20kullan%C4%B1m%20kolayl%C4%B1%C4%9F%C4%B1%20ve%20g%C3%BC%C3%A7l%C3%BC%20bir%20performansla%20i%C5%9Fletmenizin%20ihtiya%C3%A7lar%C4%B1n%C4%B1%20kar%C5%9F%C4%B1lay%C4%B1p%20en%20%C3%BCst%20d%C3%BCzeyde%20kaliteli%20sonu%C3%A7lar%20elde%20edin.%22%2C%22link_section%22%3A%22url%3Ahttps%253A%252F%252Fwww.electroluxprofessional.com%252Ftr%252Fisletmenize-yonelik-cozumler%252Frestoran-zincirler%252F%7Ctitle%3ARestoran%2520Zincirlere%2520Y%25C3%25B6nelik%2520%25C3%2587%25C3%25B6z%25C3%25BCmler%7Ctarget%3A_blank%22%2C%22button_style%22%3A%22secondary-bordered%22%7D%2C%7B%22image_section%22%3A%2218929%22%2C%22title_section%22%3A%22%3CH3%3E%C4%B0%C5%9Fletmeler%2C%20Ula%C5%9F%C4%B1m%2C%20End%C3%BCstri%3C%2FH3%3E%22%2C%22text_section%22%3A%22Personel%20yemekhaneleri%2C%20kongre%20merkezleri%2C%20tesis%20y%C3%B6netimi%2C%20deniz%20i%C5%9Fletmeleri%20ve%20%C3%B6zel%20end%C3%BCstrilere%20y%C3%B6nelik%20%C3%A7%C3%B6z%C3%BCmler.%22%2C%22link_section%22%3A%22url%3Ahttps%253A%252F%252Fwww.electroluxprofessional.com%252Ftr%252Fisletmenize-yonelik-cozumler%252Fisletmeler-ulasimm-sanayi%252F%7Ctitle%3A%25C4%25B0%25C5%259Fletmenizi%2520geli%25C5%259Ftirin%7Ctarget%3A_blank%22%2C%22button_style%22%3A%22secondary-bordered%22%7D%5D&#8221;][\/elx_multiple_columns][\/vc_column][\/vc_row][vc_row][vc_column][vc_empty_space][elx_heading font_size=&#8221;h2&#8243; text_color=&#8221;electrolux-blue&#8221; text_align=&#8221;text-center&#8221;]Y\u00fcksek H\u0131zl\u0131 Pi\u015firme \u00c7\u00f6z\u00fcmlerinin i\u015fletmeniz i\u00e7in neler yapabilece\u011fini ke\u015ffedin.[\/elx_heading][vc_empty_space][elx_o2000_contact_us][\/vc_column][\/vc_row]<\/p>\n","protected":false},"excerpt":{"rendered":"<p>[vc_row full_width=&#8221;electroluxpro-full-width-no-padding&#8221;][vc_column][elx_image_block background_image=&#8221;19633&#8243; minimum_height=&#8221;400px&#8221;][vc_empty_space][\/vc_column][\/vc_row][vc_row][vc_column][vc_column_text] Y\u00fcksek H\u0131zl\u0131 Pi\u015firme [\/vc_column_text][vc_empty_space][\/vc_column][\/vc_row][vc_row][vc_column][vc_column_text] Y\u00fcksek H\u0131zl\u0131 Pi\u015firme \u00e7\u00f6z\u00fcmleri ile mutfa\u011f\u0131n\u0131zda \u00fcretkenli\u011fi art\u0131r\u0131n G\u00fcn\u00fcm\u00fcz\u00fcn h\u0131zl\u0131 g\u0131da servis sekt\u00f6r\u00fcnde h\u0131z ve kalitenin \u00f6nemi tart\u0131\u015f\u0131lmazd\u0131r. Electrolux Professional\u2019\u0131n GourmeXpress ve SpeeDelight\u2019\u0131 i\u00e7eren Y\u00fcksek H\u0131zl\u0131 Pi\u015firme \u00e7\u00f6z\u00fcmleriyle \u00e7e\u015fitli ve y\u00fcksek kaliteli yemekleri her zamankinden daha h\u0131zl\u0131 servis edebilirsiniz.[\/vc_column_text][vc_empty_space height=&#8221;15px&#8221;][elx_o2000_contact_us form_alignment=&#8221;left&#8221; text_color=&#8221;#14133B&#8221; button_mode=&#8221;true&#8221; button_style=&#8221;secondary-bordered&#8221; postion_button=&#8221;text-left&#8221; postion_button_mobile=&#8221;text-left-mobile&#8221; text_btn_contact=&#8221;Bizimle [&hellip;]<\/p>\n","protected":false},"author":64,"featured_media":19632,"parent":19849,"menu_order":0,"comment_status":"closed","ping_status":"closed","template":"","meta":{"footnotes":""},"class_list":["post-19636","page","type-page","status-publish","has-post-thumbnail","hentry"],"acf":[],"yoast_head":"<!-- This site is optimized with the Yoast SEO plugin v23.3 - https:\/\/yoast.com\/wordpress\/plugins\/seo\/ -->\n<title>Y\u00fcksek H\u0131zl\u0131 Pi\u015firme \u00c7\u00f6z\u00fcmleri - Electrolux Professional<\/title>\n<meta name=\"description\" content=\"Electrolux Professional Y\u00fcksek H\u0131zl\u0131 Pi\u015firme \u00e7\u00f6z\u00fcmleri ile her t\u00fcrl\u00fc yiyecek hizmetinizi h\u0131zl\u0131 ve y\u00fcksek kalitede ger\u00e7ekle\u015ftirin.\" \/>\n<meta name=\"robots\" content=\"index, follow, max-snippet:-1, max-image-preview:large, max-video-preview:-1\" \/>\n<link rel=\"canonical\" href=\"https:\/\/www.electroluxprofessional.com\/tr\/ticari-mutfak-ekipmanlari\/yuksek-hizli-pisirme\/\" \/>\n<meta property=\"og:locale\" content=\"tr_TR\" \/>\n<meta property=\"og:type\" content=\"article\" \/>\n<meta property=\"og:title\" content=\"Y\u00fcksek H\u0131zl\u0131 Pi\u015firme \u00c7\u00f6z\u00fcmleri - Electrolux Professional\" \/>\n<meta property=\"og:description\" content=\"Electrolux Professional Y\u00fcksek H\u0131zl\u0131 Pi\u015firme \u00e7\u00f6z\u00fcmleri ile her t\u00fcrl\u00fc yiyecek hizmetinizi h\u0131zl\u0131 ve y\u00fcksek kalitede ger\u00e7ekle\u015ftirin.\" \/>\n<meta property=\"og:url\" content=\"https:\/\/www.electroluxprofessional.com\/tr\/ticari-mutfak-ekipmanlari\/yuksek-hizli-pisirme\/\" \/>\n<meta property=\"og:site_name\" content=\"Electrolux Professional T\u00fcrkiye\" \/>\n<meta property=\"article:modified_time\" content=\"2025-11-05T15:39:55+00:00\" \/>\n<meta property=\"og:image\" content=\"https:\/\/www.electroluxprofessional.com\/tr\/wp-content\/uploads\/2025\/05\/High-Speed-Cooking-600x600-1.jpg\" \/>\n\t<meta property=\"og:image:width\" content=\"600\" \/>\n\t<meta property=\"og:image:height\" content=\"600\" \/>\n\t<meta property=\"og:image:type\" content=\"image\/jpeg\" \/>\n<meta name=\"twitter:card\" content=\"summary_large_image\" \/>\n<meta name=\"twitter:label1\" content=\"Tahmini okuma s\u00fcresi\" \/>\n\t<meta name=\"twitter:data1\" content=\"2 dakika\" \/>\n<script type=\"application\/ld+json\" class=\"yoast-schema-graph\">{\"@context\":\"https:\/\/schema.org\",\"@graph\":[{\"@type\":\"WebPage\",\"@id\":\"https:\/\/www.electroluxprofessional.com\/tr\/ticari-mutfak-ekipmanlari\/yuksek-hizli-pisirme\/\",\"url\":\"https:\/\/www.electroluxprofessional.com\/tr\/ticari-mutfak-ekipmanlari\/yuksek-hizli-pisirme\/\",\"name\":\"Y\u00fcksek H\u0131zl\u0131 Pi\u015firme \u00c7\u00f6z\u00fcmleri - Electrolux Professional\",\"isPartOf\":{\"@id\":\"https:\/\/www.electroluxprofessional.com\/tr\/#website\"},\"primaryImageOfPage\":{\"@id\":\"https:\/\/www.electroluxprofessional.com\/tr\/ticari-mutfak-ekipmanlari\/yuksek-hizli-pisirme\/#primaryimage\"},\"image\":{\"@id\":\"https:\/\/www.electroluxprofessional.com\/tr\/ticari-mutfak-ekipmanlari\/yuksek-hizli-pisirme\/#primaryimage\"},\"thumbnailUrl\":\"https:\/\/www.electroluxprofessional.com\/tr\/wp-content\/uploads\/2025\/05\/High-Speed-Cooking-600x600-1.jpg\",\"datePublished\":\"2025-05-07T10:48:23+00:00\",\"dateModified\":\"2025-11-05T15:39:55+00:00\",\"description\":\"Electrolux Professional Y\u00fcksek H\u0131zl\u0131 Pi\u015firme \u00e7\u00f6z\u00fcmleri ile her t\u00fcrl\u00fc yiyecek hizmetinizi h\u0131zl\u0131 ve y\u00fcksek kalitede ger\u00e7ekle\u015ftirin.\",\"breadcrumb\":{\"@id\":\"https:\/\/www.electroluxprofessional.com\/tr\/ticari-mutfak-ekipmanlari\/yuksek-hizli-pisirme\/#breadcrumb\"},\"inLanguage\":\"tr\",\"potentialAction\":[{\"@type\":\"ReadAction\",\"target\":[\"https:\/\/www.electroluxprofessional.com\/tr\/ticari-mutfak-ekipmanlari\/yuksek-hizli-pisirme\/\"]}]},{\"@type\":\"ImageObject\",\"inLanguage\":\"tr\",\"@id\":\"https:\/\/www.electroluxprofessional.com\/tr\/ticari-mutfak-ekipmanlari\/yuksek-hizli-pisirme\/#primaryimage\",\"url\":\"https:\/\/www.electroluxprofessional.com\/tr\/wp-content\/uploads\/2025\/05\/High-Speed-Cooking-600x600-1.jpg\",\"contentUrl\":\"https:\/\/www.electroluxprofessional.com\/tr\/wp-content\/uploads\/2025\/05\/High-Speed-Cooking-600x600-1.jpg\",\"width\":600,\"height\":600},{\"@type\":\"BreadcrumbList\",\"@id\":\"https:\/\/www.electroluxprofessional.com\/tr\/ticari-mutfak-ekipmanlari\/yuksek-hizli-pisirme\/#breadcrumb\",\"itemListElement\":[{\"@type\":\"ListItem\",\"position\":1,\"name\":\"Home\",\"item\":\"https:\/\/www.electroluxprofessional.com\/tr\/\"},{\"@type\":\"ListItem\",\"position\":2,\"name\":\"End\u00fcstriyel Mutfak Ekipmanlar\u0131\",\"item\":\"https:\/\/www.electroluxprofessional.com\/tr\/ticari-mutfak-ekipmanlari\/\"},{\"@type\":\"ListItem\",\"position\":3,\"name\":\"Y\u00fcksek H\u0131zl\u0131 Pi\u015firme\"}]},{\"@type\":\"WebSite\",\"@id\":\"https:\/\/www.electroluxprofessional.com\/tr\/#website\",\"url\":\"https:\/\/www.electroluxprofessional.com\/tr\/\",\"name\":\"Electrolux Professional T\u00fcrkiye\",\"description\":\"\",\"potentialAction\":[{\"@type\":\"SearchAction\",\"target\":{\"@type\":\"EntryPoint\",\"urlTemplate\":\"https:\/\/www.electroluxprofessional.com\/tr\/?src={search_term_string}\"},\"query-input\":\"required name=search_term_string\"}],\"inLanguage\":\"tr\"}]}<\/script>\n<!-- \/ Yoast SEO plugin. -->","yoast_head_json":{"title":"Y\u00fcksek H\u0131zl\u0131 Pi\u015firme \u00c7\u00f6z\u00fcmleri - Electrolux Professional","description":"Electrolux Professional Y\u00fcksek H\u0131zl\u0131 Pi\u015firme \u00e7\u00f6z\u00fcmleri ile her t\u00fcrl\u00fc yiyecek hizmetinizi h\u0131zl\u0131 ve y\u00fcksek kalitede ger\u00e7ekle\u015ftirin.","robots":{"index":"index","follow":"follow","max-snippet":"max-snippet:-1","max-image-preview":"max-image-preview:large","max-video-preview":"max-video-preview:-1"},"canonical":"https:\/\/www.electroluxprofessional.com\/tr\/ticari-mutfak-ekipmanlari\/yuksek-hizli-pisirme\/","og_locale":"tr_TR","og_type":"article","og_title":"Y\u00fcksek H\u0131zl\u0131 Pi\u015firme \u00c7\u00f6z\u00fcmleri - Electrolux Professional","og_description":"Electrolux Professional Y\u00fcksek H\u0131zl\u0131 Pi\u015firme \u00e7\u00f6z\u00fcmleri ile her t\u00fcrl\u00fc yiyecek hizmetinizi h\u0131zl\u0131 ve y\u00fcksek kalitede ger\u00e7ekle\u015ftirin.","og_url":"https:\/\/www.electroluxprofessional.com\/tr\/ticari-mutfak-ekipmanlari\/yuksek-hizli-pisirme\/","og_site_name":"Electrolux Professional T\u00fcrkiye","article_modified_time":"2025-11-05T15:39:55+00:00","og_image":[{"width":600,"height":600,"url":"https:\/\/www.electroluxprofessional.com\/tr\/wp-content\/uploads\/2025\/05\/High-Speed-Cooking-600x600-1.jpg","type":"image\/jpeg"}],"twitter_card":"summary_large_image","twitter_misc":{"Tahmini okuma s\u00fcresi":"2 dakika"},"schema":{"@context":"https:\/\/schema.org","@graph":[{"@type":"WebPage","@id":"https:\/\/www.electroluxprofessional.com\/tr\/ticari-mutfak-ekipmanlari\/yuksek-hizli-pisirme\/","url":"https:\/\/www.electroluxprofessional.com\/tr\/ticari-mutfak-ekipmanlari\/yuksek-hizli-pisirme\/","name":"Y\u00fcksek H\u0131zl\u0131 Pi\u015firme \u00c7\u00f6z\u00fcmleri - Electrolux Professional","isPartOf":{"@id":"https:\/\/www.electroluxprofessional.com\/tr\/#website"},"primaryImageOfPage":{"@id":"https:\/\/www.electroluxprofessional.com\/tr\/ticari-mutfak-ekipmanlari\/yuksek-hizli-pisirme\/#primaryimage"},"image":{"@id":"https:\/\/www.electroluxprofessional.com\/tr\/ticari-mutfak-ekipmanlari\/yuksek-hizli-pisirme\/#primaryimage"},"thumbnailUrl":"https:\/\/www.electroluxprofessional.com\/tr\/wp-content\/uploads\/2025\/05\/High-Speed-Cooking-600x600-1.jpg","datePublished":"2025-05-07T10:48:23+00:00","dateModified":"2025-11-05T15:39:55+00:00","description":"Electrolux Professional Y\u00fcksek H\u0131zl\u0131 Pi\u015firme \u00e7\u00f6z\u00fcmleri ile her t\u00fcrl\u00fc yiyecek hizmetinizi h\u0131zl\u0131 ve y\u00fcksek kalitede ger\u00e7ekle\u015ftirin.","breadcrumb":{"@id":"https:\/\/www.electroluxprofessional.com\/tr\/ticari-mutfak-ekipmanlari\/yuksek-hizli-pisirme\/#breadcrumb"},"inLanguage":"tr","potentialAction":[{"@type":"ReadAction","target":["https:\/\/www.electroluxprofessional.com\/tr\/ticari-mutfak-ekipmanlari\/yuksek-hizli-pisirme\/"]}]},{"@type":"ImageObject","inLanguage":"tr","@id":"https:\/\/www.electroluxprofessional.com\/tr\/ticari-mutfak-ekipmanlari\/yuksek-hizli-pisirme\/#primaryimage","url":"https:\/\/www.electroluxprofessional.com\/tr\/wp-content\/uploads\/2025\/05\/High-Speed-Cooking-600x600-1.jpg","contentUrl":"https:\/\/www.electroluxprofessional.com\/tr\/wp-content\/uploads\/2025\/05\/High-Speed-Cooking-600x600-1.jpg","width":600,"height":600},{"@type":"BreadcrumbList","@id":"https:\/\/www.electroluxprofessional.com\/tr\/ticari-mutfak-ekipmanlari\/yuksek-hizli-pisirme\/#breadcrumb","itemListElement":[{"@type":"ListItem","position":1,"name":"Home","item":"https:\/\/www.electroluxprofessional.com\/tr\/"},{"@type":"ListItem","position":2,"name":"End\u00fcstriyel Mutfak Ekipmanlar\u0131","item":"https:\/\/www.electroluxprofessional.com\/tr\/ticari-mutfak-ekipmanlari\/"},{"@type":"ListItem","position":3,"name":"Y\u00fcksek H\u0131zl\u0131 Pi\u015firme"}]},{"@type":"WebSite","@id":"https:\/\/www.electroluxprofessional.com\/tr\/#website","url":"https:\/\/www.electroluxprofessional.com\/tr\/","name":"Electrolux Professional T\u00fcrkiye","description":"","potentialAction":[{"@type":"SearchAction","target":{"@type":"EntryPoint","urlTemplate":"https:\/\/www.electroluxprofessional.com\/tr\/?src={search_term_string}"},"query-input":"required name=search_term_string"}],"inLanguage":"tr"}]}},"_links":{"self":[{"href":"https:\/\/www.electroluxprofessional.com\/tr\/wp-json\/wp\/v2\/pages\/19636"}],"collection":[{"href":"https:\/\/www.electroluxprofessional.com\/tr\/wp-json\/wp\/v2\/pages"}],"about":[{"href":"https:\/\/www.electroluxprofessional.com\/tr\/wp-json\/wp\/v2\/types\/page"}],"author":[{"embeddable":true,"href":"https:\/\/www.electroluxprofessional.com\/tr\/wp-json\/wp\/v2\/users\/64"}],"replies":[{"embeddable":true,"href":"https:\/\/www.electroluxprofessional.com\/tr\/wp-json\/wp\/v2\/comments?post=19636"}],"version-history":[{"count":12,"href":"https:\/\/www.electroluxprofessional.com\/tr\/wp-json\/wp\/v2\/pages\/19636\/revisions"}],"predecessor-version":[{"id":22894,"href":"https:\/\/www.electroluxprofessional.com\/tr\/wp-json\/wp\/v2\/pages\/19636\/revisions\/22894"}],"up":[{"embeddable":true,"href":"https:\/\/www.electroluxprofessional.com\/tr\/wp-json\/wp\/v2\/pages\/19849"}],"wp:featuredmedia":[{"embeddable":true,"href":"https:\/\/www.electroluxprofessional.com\/tr\/wp-json\/wp\/v2\/media\/19632"}],"wp:attachment":[{"href":"https:\/\/www.electroluxprofessional.com\/tr\/wp-json\/wp\/v2\/media?parent=19636"}],"curies":[{"name":"wp","href":"https:\/\/api.w.org\/{rel}","templated":true}]}}