{"id":19482,"date":"2025-04-22T06:23:06","date_gmt":"2025-04-22T06:23:06","guid":{"rendered":"https:\/\/www.electroluxprofessional.com\/tr\/?page_id=19482"},"modified":"2025-11-06T07:13:11","modified_gmt":"2025-11-06T07:13:11","slug":"temiz-oda","status":"publish","type":"page","link":"https:\/\/www.electroluxprofessional.com\/tr\/temiz-oda\/","title":{"rendered":"Temiz Oda"},"content":{"rendered":"<p>[vc_row full_width=&#8221;electroluxpro-full-width-no-padding&#8221;][vc_column][elx_image_block background_image=&#8221;19476&#8243; minimum_height=&#8221;500px&#8221;][\/vc_column][\/vc_row][vc_row][vc_column][elx_features_download title=&#8221;Temizli\u011fin \u00d6tesinde: G\u00fcvenli ve Steril \u00c7ama\u015f\u0131rhane \u00c7\u00f6z\u00fcmleri&#8221; tag_title=&#8221;h1&#8243; title_download=&#8221;\u0130ndirin&#8221; bg_row=&#8221;bg-download-white&#8221; values=&#8221;%5B%7B%22select_type%22%3A%22link%22%2C%22link_download%22%3A%22url%3Ahttps%253A%252F%252Ftools.electroluxprofessional.com%252FMirror%252FDoc%252FELS%252FBRO%252FEPR-Cleanroom%252520Brochure-20250327-EN.pdf%7Ctitle%3ATemiz%2520oda%2520bro%25C5%259F%25C3%25BCr%2520(%25C4%25B0ngilizce)%22%2C%22label_pride_document%22%3A%22Temiz%20oda%20bro%C5%9F%C3%BCr%20(%C4%B0ngilizce)%22%2C%22document_type%22%3A%22brochures%22%2C%22br_document_number%22%3A%22BRO-9JE00008%22%7D%5D&#8221; discover=&#8221;%5B%7B%7D%5D&#8221; features=&#8221;%5B%7B%7D%5D&#8221;]<\/p>\n<p data-start=\"118\" data-end=\"347\">Temiz oda ortamlar\u0131nda hijyen kritiktir. <strong>Electrolux Professional \u00c7ama\u015f\u0131rhane \u00c7\u00f6z\u00fcmleri<\/strong>, temizli\u011fin \u00f6tesine ge\u00e7er: par\u00e7ac\u0131klar\u0131 giderir, <strong>\u00e7apraz bula\u015fmay\u0131<\/strong> \u00f6nler ve ba\u015ftan sona do\u011frulanm\u0131\u015f steril bir i\u015f ak\u0131\u015f\u0131 sa\u011flar.<\/p>\n<p data-start=\"118\" data-end=\"347\">En y\u00fcksek end\u00fcstri standartlar\u0131n\u0131 kar\u015f\u0131lamak \u00fczere tasarlanan \u00e7\u00f6z\u00fcmlerimiz, <strong>RABC<\/strong> (Risk Analizi ve Biyokontaminasyon Kontrol\u00fc) dahil olmak \u00fczere mikrobiyal riskleri kontrol etmeye yard\u0131mc\u0131 olur, hem <strong>\u00e7al\u0131\u015fan g\u00fcvenli\u011fini<\/strong> hem de nihai <strong>\u00fcr\u00fcn\u00fcn sterilitesini korur<\/strong>.<\/p>\n<p>[\/elx_features_download][vc_empty_space][\/vc_column][\/vc_row][vc_row][vc_column][elx_heading text_color=&#8221;inherit&#8221;]Kontaminasyonun %80&#8217;i bizden kaynaklan\u0131r[\/elx_heading][vc_column_text]<\/p>\n<p data-start=\"146\" data-end=\"394\"><strong data-start=\"62\" data-end=\"121\">Hareket ettik\u00e7e kontaminasyon riski artar.<\/strong> En k\u00fc\u00e7\u00fck hareket bile havaya binlerce par\u00e7ac\u0131k yayabilir, bu da <strong data-start=\"205\" data-end=\"252\">steril ortam\u0131 korumay\u0131 s\u00fcrekli bir zorluk haline getirir.<\/strong> Bu nedenle koruyucu giysiler gereklidir\u2014ancak etkinlikleri b\u00fcy\u00fck \u00f6l\u00e7\u00fcde do\u011fru y\u0131kamaya ba\u011fl\u0131d\u0131r.<\/p>\n<p data-start=\"146\" data-end=\"394\"><span data-teams=\"true\">0.5\u00b5m&#8217;den b\u00fcy\u00fck par\u00e7ac\u0131klar\u0131n dakika ba\u015f\u0131na yay\u0131l\u0131m\u0131na dair g\u00f6sterge niteli\u011finde bir genel bak\u0131\u015f:<\/span><\/p>\n<p>[\/vc_column_text][elx_image image_media_library=&#8221;19484&#8243;][vc_empty_space height=&#8221;50px&#8221;][\/vc_column][\/vc_row][vc_row custom_color_row=&#8221;bg-row-light-blue&#8221; css=&#8221;.vc_custom_1741088187707{padding-top: 50px !important;padding-bottom: 50px !important;}&#8221;][vc_column width=&#8221;2\/6&#8243;][elx_heading text_color=&#8221;inherit&#8221;]Kontaminasyonsuz s\u00fcre\u00e7 i\u00e7in \u00e7ama\u015f\u0131r \u00e7\u00f6z\u00fcmleri[\/elx_heading][vc_empty_space][vc_column_text]<b><span data-contrast=\"auto\">Bariyer Konsepti<\/span><\/b><span data-contrast=\"auto\">, temiz ve kirli \u00e7ama\u015f\u0131r alanlar\u0131n\u0131 fiziksel olarak ay\u0131rarak, optimal <\/span><b><span data-contrast=\"auto\"> \u00c7ama\u015f\u0131r D\u00f6ng\u00fcs\u00fc Y\u00f6netimi<\/span><\/b><span data-contrast=\"auto\">\u00a0<\/span>i\u00e7in do\u011frulanm\u0131\u015f bir dekontaminasyon s\u00fcreci uygular.<\/p>\n<p><span data-contrast=\"auto\">Geli\u015fmi\u015f \u00f6zellikler ve ergonomi ile tasarlanm\u0131\u015f Bariyerli \u00c7ama\u015f\u0131r Y\u0131kama ve Kurutma Makineler ile <\/span><b><span data-contrast=\"auto\">par\u00e7ac\u0131klar\u0131n yay\u0131lmas\u0131n\u0131 \u00f6nleme stratejisine katk\u0131da bulunacaks\u0131n\u0131z<\/span><\/b><span data-contrast=\"auto\">.<\/span><span data-ccp-props=\"{}\">\u00a0<\/span>[\/vc_column_text][\/vc_column][vc_column width=&#8221;4\/6&#8243;][elx_image image_media_library=&#8221;19478&#8243;][\/vc_column][\/vc_row][vc_row][vc_column][vc_empty_space height=&#8221;50px&#8221;][elx_heading text_color=&#8221;inherit&#8221;]\u0130\u015f k\u0131yafetlerinizi steril bir kalkan haline getirecek tek \u00e7\u00f6z\u00fcm\u00fcn t\u00fcm \u00f6zelliklerini ve avantajlar\u0131n\u0131 ke\u015ffedin[\/elx_heading][vc_empty_space height=&#8221;20px&#8221;][\/vc_column][\/vc_row][vc_row][vc_column]<div class=\"elx-accordion \">    <div class=\"elx-accordion-heading\">        <a class=\"elx-accordion-link elx-accordion-close\">            <h4 class=\" elx-accordion-title\">                Bariyerli \u00e7ama\u015f\u0131r y\u0131kama makineleri                <img decoding=\"async\" src=\"https:\/\/www.electroluxprofessional.com\/tr\/wp-content\/themes\/electroluxpro\/assets\/epr-icon-minus-blue.svg\" class=\"elx-minus elx-hidden\" \/>                <img decoding=\"async\" src=\"https:\/\/www.electroluxprofessional.com\/tr\/wp-content\/themes\/electroluxpro\/assets\/epr-icon-plus-blue.svg\" class=\"elx-plus\" \/>            <\/h4>        <\/a>    <\/div>    <div class=\"elx-accordion-body elx-accordion-close\"><p>[elx_text_image style_image=&#8221;image_square&#8221; bg_row=&#8221;bg-download-white&#8221; lists=&#8221;%5B%7B%7D%5D&#8221; values=&#8221;%5B%7B%7D%5D&#8221; single_image=&#8221;19480&#8243; link=&#8221;url:%23products|title:%C3%9Cr%C3%BCnler&#8221;]<\/p>\n<p data-start=\"107\" data-end=\"493\"><strong>Line 6000 Bariyer \u00c7ama\u015f\u0131r Y\u0131kama Makinelerimiz<\/strong>, hijyeni bir \u00fcst seviyeye ta\u015f\u0131yarak g\u00fcvenli\u011fi ve verimlili\u011fi art\u0131r\u0131rken en y\u00fcksek hijyen standartlar\u0131n\u0131 korur. Line 6000 serisi, operat\u00f6r y\u00fck\u00fcn\u00fc azaltmak ve verimlili\u011fi \u00f6nemli \u00f6l\u00e7\u00fcde art\u0131rmak i\u00e7in tasarlanm\u0131\u015f, \u00fc\u00e7\u00fcnc\u00fc taraf ergonomik sertifikas\u0131n\u0131 (<strong>ERGOCERT<\/strong>) alan ilk \u00fcr\u00fcnd\u00fcr.<\/p>\n<p data-start=\"495\" data-end=\"738\">Kullan\u0131c\u0131 ile cihaz aras\u0131ndaki fiziksel ve bili\u015fsel etkile\u015fime odaklanan insan merkezli tasar\u0131m\u0131yla, bu y\u0131kay\u0131c\u0131lar <strong>g\u00fcvenli\u011fi, performans\u0131 ve hijyenik<\/strong> i\u015fleyi\u015fi \u00f6d\u00fcn vermeden iyile\u015ftirerek zahmetsiz bir deneyim sunar.<\/p>\n<p>[\/elx_text_image][vc_tta_tabs][vc_tta_section title=&#8221;Hygiene Watchdog (Hijyen Bek\u00e7isi)&#8221; tab_id=&#8221;1740410780955-0ef14ba2-5558&#8243;][vc_empty_space height=&#8221;20px&#8221;][vc_column_text]<img loading=\"lazy\" decoding=\"async\" class=\"wp-image-57432 size-full alignleft\" style=\"height: 130px;\" src=\"https:\/\/www.electroluxprofessional.com\/wp-content\/uploads\/2024\/03\/Hygiene-Watchdog.png\" alt=\"\" width=\"135\" height=\"136\" \/>Electrolux Professional Hygiene Watchdog (Hijyen Bek\u00e7isi), t\u00fcm \u00e7ama\u015f\u0131rlar\u0131n\u00a0<strong> tamamen y\u0131kanmas\u0131n\u0131 ve kapsaml\u0131 bir \u015fekilde dekontamine<\/strong> edilmesini sa\u011flayarak tam d\u00f6ng\u00fc tamamlanmas\u0131n\u0131 garanti eder.\u00a0Bu, mikroorganizmalar\u0131n yay\u0131lmas\u0131na ve \u00e7apraz kontaminasyona kar\u015f\u0131 maksimum koruma sa\u011flayarak, mikroplar\u0131 uzak tutar ve zihninizi rahatlat\u0131r.[\/vc_column_text][vc_empty_space height=&#8221;50px&#8221;][\/vc_tta_section][vc_tta_section title=&#8221;Dolayl\u0131 Buhar&#8221; tab_id=&#8221;1740483314908-867a322a-7a82&#8243;][vc_empty_space height=&#8221;20&#8243;][vc_column_text]<img loading=\"lazy\" decoding=\"async\" class=\"wp-image-64564 size-medium alignleft\" style=\"height: 130px;\" src=\"https:\/\/www.electroluxprofessional.com\/wp-content\/uploads\/2025\/03\/Indirect-Steem-298x300.jpg\" alt=\"\" width=\"135\" height=\"136\" data-wp-editing=\"1\" \/><span class=\"TextRun SCXW83482132 BCX8\" lang=\"EN-US\" xml:lang=\"EN-US\" data-contrast=\"auto\"><span class=\"NormalTextRun SCXW83482132 BCX8\">Bu \u00f6zellik ile buhar, do\u011frudan \u00e7ama\u015f\u0131r veya su ile temas etmeden bir boru a\u011f\u0131 \u00fczerinden da\u011f\u0131t\u0131l\u0131r. Bu, par\u00e7ac\u0131k olu\u015fumunu ve dolay\u0131s\u0131yla kontaminasyonu \u00f6nler, kimyasal konsantrasyonunu sabit bir seviyede tutarak <\/span><\/span><strong><span class=\"TextRun SCXW83482132 BCX8\" lang=\"EN-US\" xml:lang=\"EN-US\" data-contrast=\"auto\"><span class=\"NormalTextRun SCXW83482132 BCX8\">daha temiz ve hijyenik bir y\u0131kama s\u00fcreci sa\u011flar.<\/span><\/span><span class=\"EOP SCXW83482132 BCX8\" data-ccp-props=\"{}\">\u00a0<\/span><\/strong>[\/vc_column_text][vc_empty_space height=&#8221;50px&#8221;][\/vc_tta_section][\/vc_tta_tabs]<\/p>\n    <\/div><\/div>[\/vc_column][\/vc_row][vc_row][vc_column]<div class=\"elx-accordion \">    <div class=\"elx-accordion-heading\">        <a class=\"elx-accordion-link elx-accordion-close\">            <h4 class=\" elx-accordion-title\">                Kurutma Makineleri                <img decoding=\"async\" src=\"https:\/\/www.electroluxprofessional.com\/tr\/wp-content\/themes\/electroluxpro\/assets\/epr-icon-minus-blue.svg\" class=\"elx-minus elx-hidden\" \/>                <img decoding=\"async\" src=\"https:\/\/www.electroluxprofessional.com\/tr\/wp-content\/themes\/electroluxpro\/assets\/epr-icon-plus-blue.svg\" class=\"elx-plus\" \/>            <\/h4>        <\/a>    <\/div>    <div class=\"elx-accordion-body elx-accordion-close\"><p>[elx_text_image style_image=&#8221;image_square&#8221; bg_row=&#8221;bg-download-white&#8221; lists=&#8221;%5B%7B%7D%5D&#8221; values=&#8221;%5B%7B%7D%5D&#8221; single_image=&#8221;19481&#8243; link=&#8221;url:%23products|title:%C3%9Cr%C3%BCnler&#8221;]<span class=\"TextRun SCXW234362506 BCX8\" lang=\"EN-US\" xml:lang=\"EN-US\" data-contrast=\"auto\"><span class=\"NormalTextRun SCXW234362506 BCX8\">Temizlik s\u00fcrecini tamamlamak i\u00e7in son<\/span><\/span><span class=\"TextRun SCXW234362506 BCX8\" lang=\"EN-US\" xml:lang=\"EN-US\" data-contrast=\"auto\"><span class=\"NormalTextRun SCXW234362506 BCX8\">\u00a0kurutma a\u015famas\u0131 \u00e7ok \u00f6nemlidir. <strong>Kurutma Makinelerimiz<\/strong>, par\u00e7ac\u0131klar\u0131n tamamen \u00e7\u0131kar\u0131lmas\u0131n\u0131 sa\u011flarken, temiz \u00e7ama\u015f\u0131r taraf\u0131nda giysilerin sterilitesini uzatarak herhangi bir <strong>\u00e7apraz kontaminasyonu \u00f6nlemek i\u00e7in tasarlanm\u0131\u015ft\u0131r<\/strong>.<\/span><\/span><span class=\"EOP SCXW234362506 BCX8\" data-ccp-props=\"{}\">\u00a0<\/span><\/p>\n<p>\u0130\u015f hedeflerinize daha h\u0131zl\u0131 ula\u015fman\u0131za yard\u0131mc\u0131 olmak i\u00e7in <strong>saatte iki tam \u00e7ama\u015f\u0131r y\u00fck\u00fc i\u015fleyebilen<\/strong> Generation 4000 <strong>Kurutma Makinelerimiz<\/strong>\u00a0ile verimlili\u011finizi art\u0131r\u0131n. Kolay y\u00fckleme i\u00e7in <strong>ekstra b\u00fcy\u00fck kap\u0131<\/strong> ve hassas s\u0131cakl\u0131k ve zaman ayarlar\u0131 i\u00e7in sezgisel kontroller ile sorunsuz operasyonlar\u0131n keyfini \u00e7\u0131kar\u0131n.[\/elx_text_image][vc_tta_tabs][vc_tta_section title=&#8221;HEPA Muhafaza Kutusu&#8221; tab_id=&#8221;1740411189586-a13c9651-a066&#8243;][vc_empty_space height=&#8221;20px&#8221;][vc_column_text]<img loading=\"lazy\" decoding=\"async\" class=\"wp-image-64562 size-full alignleft\" style=\"height: 130px;\" src=\"https:\/\/www.electroluxprofessional.com\/wp-content\/uploads\/2025\/03\/HEPA-Filter.png\" alt=\"\" width=\"135\" height=\"136\" \/><\/p>\n<p>&nbsp;<\/p>\n<p><span class=\"TextRun SCXW184974473 BCX8\" lang=\"EN-US\" xml:lang=\"EN-US\" data-contrast=\"auto\"><span class=\"NormalTextRun SCXW184974473 BCX8\">Kolay kurulum ve yenileme i\u00e7in eri\u015fim, standart end\u00fcstri boyutu<\/span><\/span><span class=\"EOP SCXW184974473 BCX8\" data-ccp-props=\"{}\">\u00a0<\/span>[\/vc_column_text][vc_empty_space height=&#8221;50px&#8221;][\/vc_tta_section][vc_tta_section title=&#8221;Paslanmaz \u00e7elik tambur&#8221; tab_id=&#8221;1740411189700-85b6b7df-cab5&#8243;][vc_empty_space height=&#8221;20&#8243;][vc_column_text]<img loading=\"lazy\" decoding=\"async\" class=\"wp-image-64570 size-full alignleft\" style=\"height: 130px;\" src=\"https:\/\/www.electroluxprofessional.com\/wp-content\/uploads\/2025\/03\/Electro-polished-drum.png\" alt=\"\" width=\"135\" height=\"136\" \/><\/p>\n<p>Elektro-parlat\u0131lm\u0131\u015f paslanmaz \u00e7elik 316L, de-iyonize suya dayanacak \u015fekilde tasarlanm\u0131\u015f ve uzun \u00f6m\u00fcrl\u00fc performans sa\u011flar.[\/vc_column_text][vc_empty_space height=&#8221;50px&#8221;][\/vc_tta_section][\/vc_tta_tabs]<\/p>\n    <\/div><\/div>[\/vc_column][\/vc_row][vc_row][vc_column][vc_empty_space height=&#8221;50px&#8221;][elx_heading text_color=&#8221;inherit&#8221; text_align=&#8221;text-center&#8221;]Temiz oda \u00e7\u00f6z\u00fcmleri hakk\u0131nda daha fazla bilgi almak i\u00e7in<br \/>\nbizimle ileti\u015fime ge\u00e7in[\/elx_heading][elx_o2000_contact_us country=&#8221;Turkey&#8221; b=&#8221;laundry&#8221;][\/vc_column][\/vc_row][vc_row disable_element=&#8221;yes&#8221;][vc_column][vc_empty_space height=&#8221;50px&#8221;][elx_heading text_color=&#8221;inherit&#8221; text_align=&#8221;text-center&#8221;]Temiz odalar i\u00e7in sundu\u011fumuz \u00e7\u00f6z\u00fcm yelpazesini ke\u015ffedin[\/elx_heading][\/vc_column][\/vc_row][vc_row el_id=&#8221;products&#8221;][vc_column][\/vc_column][\/vc_row]<\/p>\n","protected":false},"excerpt":{"rendered":"<p>[vc_row full_width=&#8221;electroluxpro-full-width-no-padding&#8221;][vc_column][elx_image_block background_image=&#8221;19476&#8243; minimum_height=&#8221;500px&#8221;][\/vc_column][\/vc_row][vc_row][vc_column][elx_features_download title=&#8221;Temizli\u011fin \u00d6tesinde: G\u00fcvenli ve Steril \u00c7ama\u015f\u0131rhane \u00c7\u00f6z\u00fcmleri&#8221; tag_title=&#8221;h1&#8243; title_download=&#8221;\u0130ndirin&#8221; bg_row=&#8221;bg-download-white&#8221; values=&#8221;%5B%7B%22select_type%22%3A%22link%22%2C%22link_download%22%3A%22url%3Ahttps%253A%252F%252Ftools.electroluxprofessional.com%252FMirror%252FDoc%252FELS%252FBRO%252FEPR-Cleanroom%252520Brochure-20250327-EN.pdf%7Ctitle%3ATemiz%2520oda%2520bro%25C5%259F%25C3%25BCr%2520(%25C4%25B0ngilizce)%22%2C%22label_pride_document%22%3A%22Temiz%20oda%20bro%C5%9F%C3%BCr%20(%C4%B0ngilizce)%22%2C%22document_type%22%3A%22brochures%22%2C%22br_document_number%22%3A%22BRO-9JE00008%22%7D%5D&#8221; discover=&#8221;%5B%7B%7D%5D&#8221; features=&#8221;%5B%7B%7D%5D&#8221;] Temiz oda ortamlar\u0131nda hijyen kritiktir. Electrolux Professional \u00c7ama\u015f\u0131rhane \u00c7\u00f6z\u00fcmleri, temizli\u011fin \u00f6tesine ge\u00e7er: par\u00e7ac\u0131klar\u0131 giderir, \u00e7apraz bula\u015fmay\u0131 \u00f6nler ve ba\u015ftan sona do\u011frulanm\u0131\u015f steril bir i\u015f ak\u0131\u015f\u0131 sa\u011flar. En y\u00fcksek end\u00fcstri standartlar\u0131n\u0131 kar\u015f\u0131lamak \u00fczere tasarlanan \u00e7\u00f6z\u00fcmlerimiz, RABC (Risk Analizi ve [&hellip;]<\/p>\n","protected":false},"author":64,"featured_media":0,"parent":0,"menu_order":0,"comment_status":"closed","ping_status":"closed","template":"","meta":{"footnotes":""},"class_list":["post-19482","page","type-page","status-publish","hentry"],"acf":[],"yoast_head":"<!-- This site is optimized with the Yoast SEO plugin v23.3 - https:\/\/yoast.com\/wordpress\/plugins\/seo\/ -->\n<title>Temiz Oda - Electrolux Professional T\u00fcrkiye<\/title>\n<meta name=\"description\" content=\"\u00c7ok hassas \u00e7al\u0131\u015fma ortamlar\u0131na sahip geli\u015fmi\u015f \u00fcretim tesislerinde, temiz odalarda kat\u0131 temizlik standartlar\u0131n\u0131n korunmas\u0131na yard\u0131mc\u0131 olur.\" \/>\n<meta name=\"robots\" content=\"index, follow, max-snippet:-1, max-image-preview:large, max-video-preview:-1\" \/>\n<link rel=\"canonical\" href=\"https:\/\/www.electroluxprofessional.com\/tr\/temiz-oda\/\" \/>\n<meta property=\"og:locale\" content=\"tr_TR\" \/>\n<meta property=\"og:type\" content=\"article\" \/>\n<meta property=\"og:title\" content=\"Temiz Oda - Electrolux Professional T\u00fcrkiye\" \/>\n<meta property=\"og:description\" content=\"\u00c7ok hassas \u00e7al\u0131\u015fma ortamlar\u0131na sahip geli\u015fmi\u015f \u00fcretim tesislerinde, temiz odalarda kat\u0131 temizlik standartlar\u0131n\u0131n korunmas\u0131na yard\u0131mc\u0131 olur.\" \/>\n<meta property=\"og:url\" content=\"https:\/\/www.electroluxprofessional.com\/tr\/temiz-oda\/\" \/>\n<meta property=\"og:site_name\" content=\"Electrolux Professional T\u00fcrkiye\" \/>\n<meta property=\"article:modified_time\" content=\"2025-11-06T07:13:11+00:00\" \/>\n<meta property=\"og:image\" content=\"https:\/\/www.electroluxprofessional.com\/wp-content\/uploads\/2024\/03\/Hygiene-Watchdog.png\" \/>\n<meta name=\"twitter:card\" content=\"summary_large_image\" \/>\n<meta name=\"twitter:label1\" content=\"Tahmini okuma s\u00fcresi\" \/>\n\t<meta name=\"twitter:data1\" content=\"5 dakika\" \/>\n<script type=\"application\/ld+json\" class=\"yoast-schema-graph\">{\"@context\":\"https:\/\/schema.org\",\"@graph\":[{\"@type\":\"WebPage\",\"@id\":\"https:\/\/www.electroluxprofessional.com\/tr\/temiz-oda\/\",\"url\":\"https:\/\/www.electroluxprofessional.com\/tr\/temiz-oda\/\",\"name\":\"Temiz Oda - Electrolux Professional T\u00fcrkiye\",\"isPartOf\":{\"@id\":\"https:\/\/www.electroluxprofessional.com\/tr\/#website\"},\"primaryImageOfPage\":{\"@id\":\"https:\/\/www.electroluxprofessional.com\/tr\/temiz-oda\/#primaryimage\"},\"image\":{\"@id\":\"https:\/\/www.electroluxprofessional.com\/tr\/temiz-oda\/#primaryimage\"},\"thumbnailUrl\":\"https:\/\/www.electroluxprofessional.com\/wp-content\/uploads\/2024\/03\/Hygiene-Watchdog.png\",\"datePublished\":\"2025-04-22T06:23:06+00:00\",\"dateModified\":\"2025-11-06T07:13:11+00:00\",\"description\":\"\u00c7ok hassas \u00e7al\u0131\u015fma ortamlar\u0131na sahip geli\u015fmi\u015f \u00fcretim tesislerinde, temiz odalarda kat\u0131 temizlik standartlar\u0131n\u0131n korunmas\u0131na yard\u0131mc\u0131 olur.\",\"breadcrumb\":{\"@id\":\"https:\/\/www.electroluxprofessional.com\/tr\/temiz-oda\/#breadcrumb\"},\"inLanguage\":\"tr\",\"potentialAction\":[{\"@type\":\"ReadAction\",\"target\":[\"https:\/\/www.electroluxprofessional.com\/tr\/temiz-oda\/\"]}]},{\"@type\":\"ImageObject\",\"inLanguage\":\"tr\",\"@id\":\"https:\/\/www.electroluxprofessional.com\/tr\/temiz-oda\/#primaryimage\",\"url\":\"https:\/\/www.electroluxprofessional.com\/wp-content\/uploads\/2024\/03\/Hygiene-Watchdog.png\",\"contentUrl\":\"https:\/\/www.electroluxprofessional.com\/wp-content\/uploads\/2024\/03\/Hygiene-Watchdog.png\"},{\"@type\":\"BreadcrumbList\",\"@id\":\"https:\/\/www.electroluxprofessional.com\/tr\/temiz-oda\/#breadcrumb\",\"itemListElement\":[{\"@type\":\"ListItem\",\"position\":1,\"name\":\"Home\",\"item\":\"https:\/\/www.electroluxprofessional.com\/tr\/\"},{\"@type\":\"ListItem\",\"position\":2,\"name\":\"Temiz Oda\"}]},{\"@type\":\"WebSite\",\"@id\":\"https:\/\/www.electroluxprofessional.com\/tr\/#website\",\"url\":\"https:\/\/www.electroluxprofessional.com\/tr\/\",\"name\":\"Electrolux Professional T\u00fcrkiye\",\"description\":\"\",\"potentialAction\":[{\"@type\":\"SearchAction\",\"target\":{\"@type\":\"EntryPoint\",\"urlTemplate\":\"https:\/\/www.electroluxprofessional.com\/tr\/?src={search_term_string}\"},\"query-input\":\"required name=search_term_string\"}],\"inLanguage\":\"tr\"}]}<\/script>\n<!-- \/ Yoast SEO plugin. -->","yoast_head_json":{"title":"Temiz Oda - Electrolux Professional T\u00fcrkiye","description":"\u00c7ok hassas \u00e7al\u0131\u015fma ortamlar\u0131na sahip geli\u015fmi\u015f \u00fcretim tesislerinde, temiz odalarda kat\u0131 temizlik standartlar\u0131n\u0131n korunmas\u0131na yard\u0131mc\u0131 olur.","robots":{"index":"index","follow":"follow","max-snippet":"max-snippet:-1","max-image-preview":"max-image-preview:large","max-video-preview":"max-video-preview:-1"},"canonical":"https:\/\/www.electroluxprofessional.com\/tr\/temiz-oda\/","og_locale":"tr_TR","og_type":"article","og_title":"Temiz Oda - Electrolux Professional T\u00fcrkiye","og_description":"\u00c7ok hassas \u00e7al\u0131\u015fma ortamlar\u0131na sahip geli\u015fmi\u015f \u00fcretim tesislerinde, temiz odalarda kat\u0131 temizlik standartlar\u0131n\u0131n korunmas\u0131na yard\u0131mc\u0131 olur.","og_url":"https:\/\/www.electroluxprofessional.com\/tr\/temiz-oda\/","og_site_name":"Electrolux Professional T\u00fcrkiye","article_modified_time":"2025-11-06T07:13:11+00:00","og_image":[{"url":"https:\/\/www.electroluxprofessional.com\/wp-content\/uploads\/2024\/03\/Hygiene-Watchdog.png"}],"twitter_card":"summary_large_image","twitter_misc":{"Tahmini okuma s\u00fcresi":"5 dakika"},"schema":{"@context":"https:\/\/schema.org","@graph":[{"@type":"WebPage","@id":"https:\/\/www.electroluxprofessional.com\/tr\/temiz-oda\/","url":"https:\/\/www.electroluxprofessional.com\/tr\/temiz-oda\/","name":"Temiz Oda - Electrolux Professional T\u00fcrkiye","isPartOf":{"@id":"https:\/\/www.electroluxprofessional.com\/tr\/#website"},"primaryImageOfPage":{"@id":"https:\/\/www.electroluxprofessional.com\/tr\/temiz-oda\/#primaryimage"},"image":{"@id":"https:\/\/www.electroluxprofessional.com\/tr\/temiz-oda\/#primaryimage"},"thumbnailUrl":"https:\/\/www.electroluxprofessional.com\/wp-content\/uploads\/2024\/03\/Hygiene-Watchdog.png","datePublished":"2025-04-22T06:23:06+00:00","dateModified":"2025-11-06T07:13:11+00:00","description":"\u00c7ok hassas \u00e7al\u0131\u015fma ortamlar\u0131na sahip geli\u015fmi\u015f \u00fcretim tesislerinde, temiz odalarda kat\u0131 temizlik standartlar\u0131n\u0131n korunmas\u0131na yard\u0131mc\u0131 olur.","breadcrumb":{"@id":"https:\/\/www.electroluxprofessional.com\/tr\/temiz-oda\/#breadcrumb"},"inLanguage":"tr","potentialAction":[{"@type":"ReadAction","target":["https:\/\/www.electroluxprofessional.com\/tr\/temiz-oda\/"]}]},{"@type":"ImageObject","inLanguage":"tr","@id":"https:\/\/www.electroluxprofessional.com\/tr\/temiz-oda\/#primaryimage","url":"https:\/\/www.electroluxprofessional.com\/wp-content\/uploads\/2024\/03\/Hygiene-Watchdog.png","contentUrl":"https:\/\/www.electroluxprofessional.com\/wp-content\/uploads\/2024\/03\/Hygiene-Watchdog.png"},{"@type":"BreadcrumbList","@id":"https:\/\/www.electroluxprofessional.com\/tr\/temiz-oda\/#breadcrumb","itemListElement":[{"@type":"ListItem","position":1,"name":"Home","item":"https:\/\/www.electroluxprofessional.com\/tr\/"},{"@type":"ListItem","position":2,"name":"Temiz Oda"}]},{"@type":"WebSite","@id":"https:\/\/www.electroluxprofessional.com\/tr\/#website","url":"https:\/\/www.electroluxprofessional.com\/tr\/","name":"Electrolux Professional T\u00fcrkiye","description":"","potentialAction":[{"@type":"SearchAction","target":{"@type":"EntryPoint","urlTemplate":"https:\/\/www.electroluxprofessional.com\/tr\/?src={search_term_string}"},"query-input":"required name=search_term_string"}],"inLanguage":"tr"}]}},"_links":{"self":[{"href":"https:\/\/www.electroluxprofessional.com\/tr\/wp-json\/wp\/v2\/pages\/19482"}],"collection":[{"href":"https:\/\/www.electroluxprofessional.com\/tr\/wp-json\/wp\/v2\/pages"}],"about":[{"href":"https:\/\/www.electroluxprofessional.com\/tr\/wp-json\/wp\/v2\/types\/page"}],"author":[{"embeddable":true,"href":"https:\/\/www.electroluxprofessional.com\/tr\/wp-json\/wp\/v2\/users\/64"}],"replies":[{"embeddable":true,"href":"https:\/\/www.electroluxprofessional.com\/tr\/wp-json\/wp\/v2\/comments?post=19482"}],"version-history":[{"count":16,"href":"https:\/\/www.electroluxprofessional.com\/tr\/wp-json\/wp\/v2\/pages\/19482\/revisions"}],"predecessor-version":[{"id":22964,"href":"https:\/\/www.electroluxprofessional.com\/tr\/wp-json\/wp\/v2\/pages\/19482\/revisions\/22964"}],"wp:attachment":[{"href":"https:\/\/www.electroluxprofessional.com\/tr\/wp-json\/wp\/v2\/media?parent=19482"}],"curies":[{"name":"wp","href":"https:\/\/api.w.org\/{rel}","templated":true}]}}