{"id":19455,"date":"2025-04-16T12:03:11","date_gmt":"2025-04-16T12:03:11","guid":{"rendered":"https:\/\/www.electroluxprofessional.com\/tr\/?page_id=19455"},"modified":"2025-11-06T07:10:19","modified_gmt":"2025-11-06T07:10:19","slug":"otel-zincirleri","status":"publish","type":"page","link":"https:\/\/www.electroluxprofessional.com\/tr\/isletmenize-yonelik-cozumler\/otel-zincirleri\/","title":{"rendered":"Otel Zincirleri"},"content":{"rendered":"<p>[vc_row full_width=&#8221;electroluxpro-full-width-no-padding&#8221; css=&#8221;.vc_custom_1663595774390{margin-top: -50px !important;}&#8221;][vc_column][elx_full_banner title=&#8221;Otel Zincirleri&#8221; background_image_media_library=&#8221;14499&#8243; background_image_media_library_mobile=&#8221;19454&#8243;][\/vc_column][\/vc_row][vc_row parallax=&#8221;content-moving&#8221;][vc_column css=&#8221;.vc_custom_1472030236138{padding-top: 20px !important;}&#8221;][elx_heading font_container=&#8221;h1&#8243; text_color=&#8221;inherit&#8221; text_align=&#8221;text-left&#8221;]De\u011fer zincirinizi\u2026birlikte in\u015fa ediyoruz[\/elx_heading][vc_empty_space height=&#8221;8px&#8221;][vc_column_text]Electrolux Professional, markan\u0131z\u0131n t\u00fcm mutfak ve \u00e7ama\u015f\u0131rhane ortamlar\u0131nda e\u015fit seviyede <strong>inovasyon<\/strong>,\u00a0<strong>s\u00fcrd\u00fcr\u00fclebilirlik<\/strong>,\u00a0<strong>g\u00fcvenlik<\/strong>\u00a0ve\u00a0<strong>kolayl\u0131k<\/strong>\u00a0sunabilmesini sa\u011flamak i\u00e7in her zaman haz\u0131rd\u0131r.<\/p>\n<p>K\u00fcresel tecr\u00fcbemiz ve m\u00fckemmeliyet taahh\u00fcd\u00fcm\u00fcz\u00fc uzun vadeli hedefleriniz ile birle\u015ftirerek, birlikte ba\u015far\u0131l\u0131 bir zincir olu\u015fturabiliriz.[\/vc_column_text][vc_empty_space][\/vc_column][\/vc_row][vc_row][vc_column width=&#8221;2\/3&#8243;][elx_simple_link_block link=&#8221;url:https%3A%2F%2Fwww.electroluxprofessional.com%2Fthermaline-excellence%2Fmandarin-oriental-milan%2F|title:mandarin%20oriental&#8221; text_align=&#8221;text-left&#8221; text_color=&#8221;inherit&#8221; background_color=&#8221;inherit&#8221; background_hover_color=&#8221;darker-hover&#8221; extra_class=&#8221;&#8221; reveal_effect=&#8221;&#8221; reveal_duration=&#8221;&#8221; reveal_delay=&#8221;&#8221;][elx_heading font_container=&#8221;h3&#8243; font_size=&#8221;h5&#8243; text_color=&#8221;inherit&#8221;]Mandarin Oriental[\/elx_heading][vc_column_text]Milano, \u0130talya<\/p>\n<p><strong>Eksiksiz mutfak ve \u00e7ama\u015f\u0131rhane ekipmanlar\u0131.<\/strong><br \/>\nMilan\u2019\u0131n merkezinde yer alan \u00f6zel bir otel olan Mandarin Oriental, sadece kalite d\u00fczeyi en y\u00fcksek inovatif ekipmanlar\u0131 kabul ediyor.<br \/>\nBu sebeple Mandarin Oriental, d\u00f6rt mutfa\u011f\u0131 ve i\u00e7 \u00e7ama\u015f\u0131rhanesinin ekipmanlar\u0131 i\u00e7in Electrolux Professional\u2019i tercih etmektedir.[\/vc_column_text][\/elx_simple_link_block][\/vc_column][vc_column width=&#8221;1\/3&#8243;][elx_simple_link_block link=&#8221;url:https%3A%2F%2Fwww.electroluxprofessional.com%2Fthermaline-excellence%2Fmandarin-oriental-milan%2F|title:mandarin%20oriental&#8221; text_align=&#8221;text-left&#8221; text_color=&#8221;inherit&#8221; background_color=&#8221;inherit&#8221; background_hover_color=&#8221;darker-hover&#8221; extra_class=&#8221;&#8221; reveal_effect=&#8221;&#8221; reveal_duration=&#8221;&#8221; reveal_delay=&#8221;&#8221;][vc_single_image image=&#8221;1679&#8243; img_size=&#8221;full&#8221; alignment=&#8221;right&#8221; style=&#8221;vc_box_circle_2&#8243;][\/elx_simple_link_block][\/vc_column][\/vc_row][vc_row][vc_column width=&#8221;1\/3&#8243;][elx_simple_link_block link=&#8221;url:https%3A%2F%2Fwww.electroluxprofessional.com%2Freferences%2Fcenter-parcs-woburn-forest%2F|title:center%20parcs%20woburn%20forest&#8221; text_align=&#8221;text-left&#8221; text_color=&#8221;inherit&#8221; background_color=&#8221;inherit&#8221; background_hover_color=&#8221;darker-hover&#8221; extra_class=&#8221;&#8221; reveal_effect=&#8221;&#8221; reveal_duration=&#8221;&#8221; reveal_delay=&#8221;&#8221;][vc_single_image image=&#8221;14492&#8243; img_size=&#8221;full&#8221; style=&#8221;vc_box_circle_2&#8243;][\/elx_simple_link_block][\/vc_column][vc_column width=&#8221;2\/3&#8243;][elx_simple_link_block link=&#8221;url:https%3A%2F%2Fwww.electroluxprofessional.com%2Freferences%2Fcenter-parcs-woburn-forest%2F|title:center%20parcs%20woburn%20forest&#8221; text_align=&#8221;text-left&#8221; text_color=&#8221;inherit&#8221; background_color=&#8221;inherit&#8221; background_hover_color=&#8221;darker-hover&#8221; extra_class=&#8221;&#8221; reveal_effect=&#8221;&#8221; reveal_duration=&#8221;&#8221; reveal_delay=&#8221;&#8221;][elx_heading font_container=&#8221;h3&#8243; font_size=&#8221;h5&#8243; text_color=&#8221;inherit&#8221;]Center Parcs Woburn Orman\u0131[\/elx_heading][vc_column_text]Birle\u015fik Krall\u0131k<\/p>\n<p><em>\u201c\u201c\u00c7evrenin korunmas\u0131, de\u011ferlerimizin \u00f6nemli bir par\u00e7as\u0131d\u0131r ve bu nedenle spa ve oda servisi departman\u0131m\u0131zda \u2018\u00e7evre dostu\u2019 s\u00fcre\u00e7lere y\u00f6nelmemiz son derece \u00f6nemlidir.<br \/>\nElectrolux Professional\u2019in \u00e7ama\u015f\u0131rhane b\u00f6l\u00fcm\u00fcm\u00fcze sa\u011flad\u0131\u011f\u0131 \u00f6zel programlar ve <strong>\u00e7ama\u015f\u0131r y\u0131kama kalitesi<\/strong> , konuklar\u0131m\u0131z\u0131n l\u00fcks ve konforundan \u00f6d\u00fcn vermeden \u00e7evre dostu ve ekonomik olabiliyoruz.\u201d<\/em><\/p>\n<p><strong>Helen Bennett<\/strong>, Center Parcs Sat\u0131n Alma M\u00fcd\u00fcr\u00fc[\/vc_column_text][\/elx_simple_link_block][\/vc_column][\/vc_row][vc_row][vc_column][vc_empty_space][\/vc_column][\/vc_row][vc_row][vc_column width=&#8221;1\/3&#8243;][elx_simple_link_block link=&#8221;url:https%3A%2F%2Fwww.electroluxprofessional.com%2Freferences%2Fsofitel-so%2F|title:sofitel%20so&#8221; text_align=&#8221;text-left&#8221; text_color=&#8221;inherit&#8221; background_color=&#8221;inherit&#8221; background_hover_color=&#8221;darker-hover&#8221; extra_class=&#8221;&#8221; reveal_effect=&#8221;&#8221; reveal_duration=&#8221;&#8221; reveal_delay=&#8221;&#8221;][vc_single_image image=&#8221;14495&#8243; img_size=&#8221;full&#8221;][elx_heading font_container=&#8221;h3&#8243; font_size=&#8221;h5&#8243; text_color=&#8221;inherit&#8221;]Sofitel So[\/elx_heading][vc_column_text]Singapur<\/p>\n<p><em>&#8220;Mutfa\u011f\u0131m, profesyonel hayat\u0131m\u0131n ger\u00e7ekle\u015fti\u011fi yerdir.<br \/>\nYarat\u0131c\u0131l\u0131k, do\u011fa\u00e7lama ve performans sergiledi\u011fim yerdir ve Molteni, olabilecek en iyi ocakt\u0131r.<br \/>\nHer seferinde lezzetli sonu\u00e7lar elde etmek i\u00e7in en de\u011ferli, profesyonel s\u0131n\u0131f bir enstr\u00fcmand\u0131r; en iyi i\u015f orta\u011f\u0131m\u0131z ve restoran\u0131m\u0131zdaki en iyi dostumuzdur.&#8221;<\/em><\/p>\n<p><strong>Anne-Cecile Degenne<\/strong>, Ba\u015f A\u015f\u00e7\u0131[\/vc_column_text][\/elx_simple_link_block][\/vc_column][vc_column width=&#8221;1\/3&#8243;][elx_simple_link_block link=&#8221;url:https%3A%2F%2Fwww.electroluxprofessional.com%2Freferences%2Fhilton-bomonti-hotel%2F|title:hilton%20bomonti&#8221; text_align=&#8221;text-left&#8221; text_color=&#8221;inherit&#8221; background_color=&#8221;inherit&#8221; background_hover_color=&#8221;darker-hover&#8221; extra_class=&#8221;&#8221; reveal_effect=&#8221;&#8221; reveal_duration=&#8221;&#8221; reveal_delay=&#8221;&#8221;][vc_single_image image=&#8221;14496&#8243; img_size=&#8221;full&#8221;][elx_heading font_container=&#8221;h3&#8243; font_size=&#8221;h5&#8243; text_color=&#8221;inherit&#8221;]Hilton Bomonti Hotel[\/elx_heading][vc_column_text]\u0130stanbul<\/p>\n<p>Bir \u015fefin g\u00f6revi, ak\u015fam yeme\u011finde men\u00fcs\u00fcndeki her yemek i\u00e7in aromalardan olu\u015fan bir senfoni yaratmakt\u0131r.<br \/>\nO, orkestra \u015fefidir ve mutfa\u011f\u0131 orkestras\u0131d\u0131r. Her b\u00f6l\u00fcm temel yemek malzemelerinden olu\u015fur ve malzemelerin t\u00fcm\u00fc, \u015faheserinde kritik rol oynar.<br \/>\nT\u00fcrkiye\u2019nin en b\u00fcy\u00fck be\u015f y\u0131ld\u0131zl\u0131 oteli ve kongre merkezi olan yeni Hilton Bomonti \u0130stanbul\u2019da, \u015feflerin gastronomik senfonilerine Electrolux Professional ilham vermektedir.[\/vc_column_text][\/elx_simple_link_block][\/vc_column][vc_column width=&#8221;1\/3&#8243;][elx_simple_link_block link=&#8221;url:https%3A%2F%2Fwww.electroluxprofessional.com%2Freferences%2Fwaldorf-astoria%2F|title:Waldorf%20Astoria&#8221; text_align=&#8221;text-left&#8221; text_color=&#8221;inherit&#8221; background_color=&#8221;inherit&#8221; background_hover_color=&#8221;darker-hover&#8221; extra_class=&#8221;&#8221; reveal_effect=&#8221;&#8221; reveal_duration=&#8221;&#8221; reveal_delay=&#8221;&#8221;][vc_single_image image=&#8221;14497&#8243; img_size=&#8221;full&#8221;][elx_heading font_container=&#8221;h3&#8243; font_size=&#8221;h5&#8243; text_color=&#8221;inherit&#8221;]Waldorf Astoria[\/elx_heading][vc_column_text]Berlin, Almanya<\/p>\n<p><em>\u201cElectrolux Professional <strong>\u00e7ama\u015f\u0131r y\u0131kama makineleri<\/strong> tamamen otomatik ve kullan\u0131m\u0131 kolay.<\/em><br \/>\n<em>Bu da yeni \u00e7al\u0131\u015fanlar\u0131m\u0131z\u0131n e\u011fitimini olduk\u00e7a kolayla\u015ft\u0131r\u0131yor.\u201d<\/em><\/p>\n<p><strong>Sn. \u00c7\u0131nar<\/strong>, \u00c7ama\u015f\u0131rhane Hizmetleri M\u00fcd\u00fcr\u00fc[\/vc_column_text][\/elx_simple_link_block][\/vc_column][\/vc_row][vc_row][vc_column][elx_heading font_size=&#8221;h3&#8243; text_color=&#8221;inherit&#8221;]Uzmanlardan olu\u015fan ekibimiz ile ileti\u015fime ge\u00e7in[\/elx_heading][elx_o2000_contact_us s=&#8221;Request of information about solutions for hotel chains&#8221; container=&#8221;elxcontactus1472110569&#8243; r=&#8221;I would like to find out more about your solutions for hotel chains. Please get in touch with me.&#8221;][vc_empty_space][\/vc_column][\/vc_row]<\/p>\n","protected":false},"excerpt":{"rendered":"<p>[vc_row full_width=&#8221;electroluxpro-full-width-no-padding&#8221; css=&#8221;.vc_custom_1663595774390{margin-top: -50px !important;}&#8221;][vc_column][elx_full_banner title=&#8221;Otel Zincirleri&#8221; background_image_media_library=&#8221;14499&#8243; background_image_media_library_mobile=&#8221;19454&#8243;][\/vc_column][\/vc_row][vc_row parallax=&#8221;content-moving&#8221;][vc_column css=&#8221;.vc_custom_1472030236138{padding-top: 20px !important;}&#8221;][elx_heading font_container=&#8221;h1&#8243; text_color=&#8221;inherit&#8221; text_align=&#8221;text-left&#8221;]De\u011fer zincirinizi\u2026birlikte in\u015fa ediyoruz[\/elx_heading][vc_empty_space height=&#8221;8px&#8221;][vc_column_text]Electrolux Professional, markan\u0131z\u0131n t\u00fcm mutfak ve \u00e7ama\u015f\u0131rhane ortamlar\u0131nda e\u015fit seviyede inovasyon,\u00a0s\u00fcrd\u00fcr\u00fclebilirlik,\u00a0g\u00fcvenlik\u00a0ve\u00a0kolayl\u0131k\u00a0sunabilmesini sa\u011flamak i\u00e7in her zaman haz\u0131rd\u0131r. K\u00fcresel tecr\u00fcbemiz ve m\u00fckemmeliyet taahh\u00fcd\u00fcm\u00fcz\u00fc uzun vadeli hedefleriniz ile birle\u015ftirerek, birlikte ba\u015far\u0131l\u0131 bir zincir olu\u015fturabiliriz.[\/vc_column_text][vc_empty_space][\/vc_column][\/vc_row][vc_row][vc_column width=&#8221;2\/3&#8243;][elx_simple_link_block link=&#8221;url:https%3A%2F%2Fwww.electroluxprofessional.com%2Fthermaline-excellence%2Fmandarin-oriental-milan%2F|title:mandarin%20oriental&#8221; text_align=&#8221;text-left&#8221; text_color=&#8221;inherit&#8221; background_color=&#8221;inherit&#8221; [&hellip;]<\/p>\n","protected":false},"author":64,"featured_media":1677,"parent":1508,"menu_order":0,"comment_status":"closed","ping_status":"closed","template":"","meta":{"footnotes":""},"class_list":["post-19455","page","type-page","status-publish","has-post-thumbnail","hentry"],"acf":[],"yoast_head":"<!-- This site is optimized with the Yoast SEO plugin v23.3 - https:\/\/yoast.com\/wordpress\/plugins\/seo\/ -->\n<title>Otel Zincirleri - Electrolux Professional T\u00fcrkiye<\/title>\n<meta name=\"description\" content=\"K\u00fcresel tecr\u00fcbemiz ve m\u00fckemmeliyet taahh\u00fcd\u00fcm\u00fcz\u00fc uzun vadeli hedefleriniz ile birle\u015ftirerek, birlikte ba\u015far\u0131l\u0131 bir zincir olu\u015fturabiliriz.\" \/>\n<meta name=\"robots\" content=\"index, follow, max-snippet:-1, max-image-preview:large, max-video-preview:-1\" \/>\n<link rel=\"canonical\" href=\"https:\/\/www.electroluxprofessional.com\/tr\/isletmenize-yonelik-cozumler\/otel-zincirleri\/\" \/>\n<meta property=\"og:locale\" content=\"tr_TR\" \/>\n<meta property=\"og:type\" content=\"article\" \/>\n<meta property=\"og:title\" content=\"Otel Zincirleri - Electrolux Professional T\u00fcrkiye\" \/>\n<meta property=\"og:description\" content=\"K\u00fcresel tecr\u00fcbemiz ve m\u00fckemmeliyet taahh\u00fcd\u00fcm\u00fcz\u00fc uzun vadeli hedefleriniz ile birle\u015ftirerek, birlikte ba\u015far\u0131l\u0131 bir zincir olu\u015fturabiliriz.\" \/>\n<meta property=\"og:url\" content=\"https:\/\/www.electroluxprofessional.com\/tr\/isletmenize-yonelik-cozumler\/otel-zincirleri\/\" \/>\n<meta property=\"og:site_name\" content=\"Electrolux Professional T\u00fcrkiye\" \/>\n<meta property=\"article:modified_time\" content=\"2025-11-06T07:10:19+00:00\" \/>\n<meta property=\"og:image\" content=\"https:\/\/www.electroluxprofessional.com\/tr\/wp-content\/uploads\/2017\/02\/hotel-chain-food.jpg\" \/>\n\t<meta property=\"og:image:width\" content=\"700\" \/>\n\t<meta property=\"og:image:height\" content=\"700\" \/>\n\t<meta property=\"og:image:type\" content=\"image\/jpeg\" \/>\n<meta name=\"twitter:card\" content=\"summary_large_image\" \/>\n<meta name=\"twitter:label1\" content=\"Tahmini okuma s\u00fcresi\" \/>\n\t<meta name=\"twitter:data1\" content=\"4 dakika\" \/>\n<script type=\"application\/ld+json\" class=\"yoast-schema-graph\">{\"@context\":\"https:\/\/schema.org\",\"@graph\":[{\"@type\":\"WebPage\",\"@id\":\"https:\/\/www.electroluxprofessional.com\/tr\/isletmenize-yonelik-cozumler\/otel-zincirleri\/\",\"url\":\"https:\/\/www.electroluxprofessional.com\/tr\/isletmenize-yonelik-cozumler\/otel-zincirleri\/\",\"name\":\"Otel Zincirleri - Electrolux Professional T\u00fcrkiye\",\"isPartOf\":{\"@id\":\"https:\/\/www.electroluxprofessional.com\/tr\/#website\"},\"primaryImageOfPage\":{\"@id\":\"https:\/\/www.electroluxprofessional.com\/tr\/isletmenize-yonelik-cozumler\/otel-zincirleri\/#primaryimage\"},\"image\":{\"@id\":\"https:\/\/www.electroluxprofessional.com\/tr\/isletmenize-yonelik-cozumler\/otel-zincirleri\/#primaryimage\"},\"thumbnailUrl\":\"https:\/\/www.electroluxprofessional.com\/tr\/wp-content\/uploads\/2017\/02\/hotel-chain-food.jpg\",\"datePublished\":\"2025-04-16T12:03:11+00:00\",\"dateModified\":\"2025-11-06T07:10:19+00:00\",\"description\":\"K\u00fcresel tecr\u00fcbemiz ve m\u00fckemmeliyet taahh\u00fcd\u00fcm\u00fcz\u00fc uzun vadeli hedefleriniz ile birle\u015ftirerek, birlikte ba\u015far\u0131l\u0131 bir zincir olu\u015fturabiliriz.\",\"breadcrumb\":{\"@id\":\"https:\/\/www.electroluxprofessional.com\/tr\/isletmenize-yonelik-cozumler\/otel-zincirleri\/#breadcrumb\"},\"inLanguage\":\"tr\",\"potentialAction\":[{\"@type\":\"ReadAction\",\"target\":[\"https:\/\/www.electroluxprofessional.com\/tr\/isletmenize-yonelik-cozumler\/otel-zincirleri\/\"]}]},{\"@type\":\"ImageObject\",\"inLanguage\":\"tr\",\"@id\":\"https:\/\/www.electroluxprofessional.com\/tr\/isletmenize-yonelik-cozumler\/otel-zincirleri\/#primaryimage\",\"url\":\"https:\/\/www.electroluxprofessional.com\/tr\/wp-content\/uploads\/2017\/02\/hotel-chain-food.jpg\",\"contentUrl\":\"https:\/\/www.electroluxprofessional.com\/tr\/wp-content\/uploads\/2017\/02\/hotel-chain-food.jpg\",\"width\":700,\"height\":700,\"caption\":\"hotel-chain-food\"},{\"@type\":\"BreadcrumbList\",\"@id\":\"https:\/\/www.electroluxprofessional.com\/tr\/isletmenize-yonelik-cozumler\/otel-zincirleri\/#breadcrumb\",\"itemListElement\":[{\"@type\":\"ListItem\",\"position\":1,\"name\":\"Home\",\"item\":\"https:\/\/www.electroluxprofessional.com\/tr\/\"},{\"@type\":\"ListItem\",\"position\":2,\"name\":\"\u0130\u015fletmenize Y\u00f6nelik \u00c7\u00f6z\u00fcmler\",\"item\":\"https:\/\/www.electroluxprofessional.com\/tr\/isletmenize-yonelik-cozumler\/\"},{\"@type\":\"ListItem\",\"position\":3,\"name\":\"Otel Zincirleri\"}]},{\"@type\":\"WebSite\",\"@id\":\"https:\/\/www.electroluxprofessional.com\/tr\/#website\",\"url\":\"https:\/\/www.electroluxprofessional.com\/tr\/\",\"name\":\"Electrolux Professional T\u00fcrkiye\",\"description\":\"\",\"potentialAction\":[{\"@type\":\"SearchAction\",\"target\":{\"@type\":\"EntryPoint\",\"urlTemplate\":\"https:\/\/www.electroluxprofessional.com\/tr\/?src={search_term_string}\"},\"query-input\":\"required name=search_term_string\"}],\"inLanguage\":\"tr\"}]}<\/script>\n<!-- \/ Yoast SEO plugin. -->","yoast_head_json":{"title":"Otel Zincirleri - Electrolux Professional T\u00fcrkiye","description":"K\u00fcresel tecr\u00fcbemiz ve m\u00fckemmeliyet taahh\u00fcd\u00fcm\u00fcz\u00fc uzun vadeli hedefleriniz ile birle\u015ftirerek, birlikte ba\u015far\u0131l\u0131 bir zincir olu\u015fturabiliriz.","robots":{"index":"index","follow":"follow","max-snippet":"max-snippet:-1","max-image-preview":"max-image-preview:large","max-video-preview":"max-video-preview:-1"},"canonical":"https:\/\/www.electroluxprofessional.com\/tr\/isletmenize-yonelik-cozumler\/otel-zincirleri\/","og_locale":"tr_TR","og_type":"article","og_title":"Otel Zincirleri - Electrolux Professional T\u00fcrkiye","og_description":"K\u00fcresel tecr\u00fcbemiz ve m\u00fckemmeliyet taahh\u00fcd\u00fcm\u00fcz\u00fc uzun vadeli hedefleriniz ile birle\u015ftirerek, birlikte ba\u015far\u0131l\u0131 bir zincir olu\u015fturabiliriz.","og_url":"https:\/\/www.electroluxprofessional.com\/tr\/isletmenize-yonelik-cozumler\/otel-zincirleri\/","og_site_name":"Electrolux Professional T\u00fcrkiye","article_modified_time":"2025-11-06T07:10:19+00:00","og_image":[{"width":700,"height":700,"url":"https:\/\/www.electroluxprofessional.com\/tr\/wp-content\/uploads\/2017\/02\/hotel-chain-food.jpg","type":"image\/jpeg"}],"twitter_card":"summary_large_image","twitter_misc":{"Tahmini okuma s\u00fcresi":"4 dakika"},"schema":{"@context":"https:\/\/schema.org","@graph":[{"@type":"WebPage","@id":"https:\/\/www.electroluxprofessional.com\/tr\/isletmenize-yonelik-cozumler\/otel-zincirleri\/","url":"https:\/\/www.electroluxprofessional.com\/tr\/isletmenize-yonelik-cozumler\/otel-zincirleri\/","name":"Otel Zincirleri - Electrolux Professional T\u00fcrkiye","isPartOf":{"@id":"https:\/\/www.electroluxprofessional.com\/tr\/#website"},"primaryImageOfPage":{"@id":"https:\/\/www.electroluxprofessional.com\/tr\/isletmenize-yonelik-cozumler\/otel-zincirleri\/#primaryimage"},"image":{"@id":"https:\/\/www.electroluxprofessional.com\/tr\/isletmenize-yonelik-cozumler\/otel-zincirleri\/#primaryimage"},"thumbnailUrl":"https:\/\/www.electroluxprofessional.com\/tr\/wp-content\/uploads\/2017\/02\/hotel-chain-food.jpg","datePublished":"2025-04-16T12:03:11+00:00","dateModified":"2025-11-06T07:10:19+00:00","description":"K\u00fcresel tecr\u00fcbemiz ve m\u00fckemmeliyet taahh\u00fcd\u00fcm\u00fcz\u00fc uzun vadeli hedefleriniz ile birle\u015ftirerek, birlikte ba\u015far\u0131l\u0131 bir zincir olu\u015fturabiliriz.","breadcrumb":{"@id":"https:\/\/www.electroluxprofessional.com\/tr\/isletmenize-yonelik-cozumler\/otel-zincirleri\/#breadcrumb"},"inLanguage":"tr","potentialAction":[{"@type":"ReadAction","target":["https:\/\/www.electroluxprofessional.com\/tr\/isletmenize-yonelik-cozumler\/otel-zincirleri\/"]}]},{"@type":"ImageObject","inLanguage":"tr","@id":"https:\/\/www.electroluxprofessional.com\/tr\/isletmenize-yonelik-cozumler\/otel-zincirleri\/#primaryimage","url":"https:\/\/www.electroluxprofessional.com\/tr\/wp-content\/uploads\/2017\/02\/hotel-chain-food.jpg","contentUrl":"https:\/\/www.electroluxprofessional.com\/tr\/wp-content\/uploads\/2017\/02\/hotel-chain-food.jpg","width":700,"height":700,"caption":"hotel-chain-food"},{"@type":"BreadcrumbList","@id":"https:\/\/www.electroluxprofessional.com\/tr\/isletmenize-yonelik-cozumler\/otel-zincirleri\/#breadcrumb","itemListElement":[{"@type":"ListItem","position":1,"name":"Home","item":"https:\/\/www.electroluxprofessional.com\/tr\/"},{"@type":"ListItem","position":2,"name":"\u0130\u015fletmenize Y\u00f6nelik \u00c7\u00f6z\u00fcmler","item":"https:\/\/www.electroluxprofessional.com\/tr\/isletmenize-yonelik-cozumler\/"},{"@type":"ListItem","position":3,"name":"Otel Zincirleri"}]},{"@type":"WebSite","@id":"https:\/\/www.electroluxprofessional.com\/tr\/#website","url":"https:\/\/www.electroluxprofessional.com\/tr\/","name":"Electrolux Professional T\u00fcrkiye","description":"","potentialAction":[{"@type":"SearchAction","target":{"@type":"EntryPoint","urlTemplate":"https:\/\/www.electroluxprofessional.com\/tr\/?src={search_term_string}"},"query-input":"required name=search_term_string"}],"inLanguage":"tr"}]}},"_links":{"self":[{"href":"https:\/\/www.electroluxprofessional.com\/tr\/wp-json\/wp\/v2\/pages\/19455"}],"collection":[{"href":"https:\/\/www.electroluxprofessional.com\/tr\/wp-json\/wp\/v2\/pages"}],"about":[{"href":"https:\/\/www.electroluxprofessional.com\/tr\/wp-json\/wp\/v2\/types\/page"}],"author":[{"embeddable":true,"href":"https:\/\/www.electroluxprofessional.com\/tr\/wp-json\/wp\/v2\/users\/64"}],"replies":[{"embeddable":true,"href":"https:\/\/www.electroluxprofessional.com\/tr\/wp-json\/wp\/v2\/comments?post=19455"}],"version-history":[{"count":15,"href":"https:\/\/www.electroluxprofessional.com\/tr\/wp-json\/wp\/v2\/pages\/19455\/revisions"}],"predecessor-version":[{"id":22957,"href":"https:\/\/www.electroluxprofessional.com\/tr\/wp-json\/wp\/v2\/pages\/19455\/revisions\/22957"}],"up":[{"embeddable":true,"href":"https:\/\/www.electroluxprofessional.com\/tr\/wp-json\/wp\/v2\/pages\/1508"}],"wp:featuredmedia":[{"embeddable":true,"href":"https:\/\/www.electroluxprofessional.com\/tr\/wp-json\/wp\/v2\/media\/1677"}],"wp:attachment":[{"href":"https:\/\/www.electroluxprofessional.com\/tr\/wp-json\/wp\/v2\/media?parent=19455"}],"curies":[{"name":"wp","href":"https:\/\/api.w.org\/{rel}","templated":true}]}}