{"id":19017,"date":"2025-01-13T21:09:49","date_gmt":"2025-01-13T21:09:49","guid":{"rendered":"https:\/\/www.electroluxprofessional.com\/tr\/?page_id=19017"},"modified":"2025-12-02T06:32:00","modified_gmt":"2025-12-02T06:32:00","slug":"soft-serve","status":"publish","type":"page","link":"https:\/\/www.electroluxprofessional.com\/tr\/isletmeniz-icin-icecek-cozumleri\/soft-serve\/","title":{"rendered":"Soft Serve"},"content":{"rendered":"<p>[vc_row full_width=&#8221;electroluxpro-full-width-no-padding&#8221;][vc_column][elx_image_block background_image=&#8221;4438&#8243; minimum_height=&#8221;350px&#8221;][vc_empty_space][\/vc_column][\/vc_row][vc_row][vc_column][elx_heading font_container=&#8221;h1&#8243; text_color=&#8221;electrolux-blue&#8221; text_align=&#8221;text-left&#8221;]Yumu\u015fak Dondurma \u00e7\u00f6z\u00fcmleri[\/elx_heading][vc_column_text]K\u00fc\u00e7\u00fck, sessiz ve g\u00fc\u00e7l\u00fc Yumu\u015fak Dondurma Dispenserleri ile i\u015fletmenizi canland\u0131r\u0131n.[\/vc_column_text][vc_empty_space][\/vc_column][\/vc_row][vc_row][vc_column width=&#8221;1\/2&#8243;][elx_icons icon_size=&#8221;elx-icon-medium&#8221; icon_electroluxpro=&#8221;elx-icon icon-circle-star-perfomance-blue&#8221;][elx_heading font_container=&#8221;h3&#8243; font_size=&#8221;h3&#8243; text_color=&#8221;inherit&#8221; text_align=&#8221;text-center&#8221;]Servis performans\u0131[\/elx_heading][vc_column_text]<\/p>\n<p style=\"text-align: center;\">Her seferinde m\u00fckemmel \u00fcr\u00fcn; \u00fcstelik ba\u015flang\u0131\u00e7tan servis an\u0131na kadar 10 dakika gibi k\u0131sa bir s\u00fcrede.<\/p>\n<p>[\/vc_column_text][\/vc_column][vc_column width=&#8221;1\/2&#8243;][vc_single_image image=&#8221;4439&#8243; img_size=&#8221;80&#215;80&#8243; alignment=&#8221;center&#8221;][elx_heading font_container=&#8221;h3&#8243; font_size=&#8221;h3&#8243; text_color=&#8221;inherit&#8221; text_align=&#8221;text-center&#8221;]Sessiz ve kompakt[\/elx_heading][vc_column_text]<\/p>\n<p style=\"text-align: center;\">Dar alanlar i\u00e7in ideal.<\/p>\n<p>[\/vc_column_text][\/vc_column][\/vc_row][vc_row][vc_column][vc_empty_space height=&#8221;15px&#8221;][vc_empty_space height=&#8221;15px&#8221;][\/vc_column][\/vc_row][vc_row css=&#8221;.vc_custom_1589897511672{background-color: #e8f0f7 !important;}&#8221;][vc_column css=&#8221;.vc_custom_1589897429056{border-radius: 1px !important;}&#8221;][vc_empty_space height=&#8221;12px&#8221;][elx_heading font_size=&#8221;h1&#8243; text_color=&#8221;inherit&#8221; text_align=&#8221;text-center&#8221;]Kompakt Yumu\u015fak Dondurma Dispenseri[\/elx_heading][vc_empty_space][\/vc_column][\/vc_row][vc_row][vc_column][vc_empty_space height=&#8221;15px&#8221;][vc_empty_space height=&#8221;15px&#8221;][\/vc_column][\/vc_row][vc_row][vc_column width=&#8221;1\/2&#8243;][elx_heading font_size=&#8221;h1&#8243; text_color=&#8221;electrolux-blue&#8221; text_align=&#8221;text-left&#8221;]Saatte 130 k\u00fclah kapasiteli Yumu\u015fak Dondurma Dispenserleri[\/elx_heading][elx_heading font_container=&#8221;h3&#8243; font_size=&#8221;h5&#8243; text_color=&#8221;electrolux-blue&#8221; text_align=&#8221;text-left&#8221;]Y\u00fcksek hacimli lokasyonlar i\u00e7in kaliteli yumu\u015fak dondurma[\/elx_heading][vc_column_text]Bu seri piyasadaki <strong>en k\u00fc\u00e7\u00fck ve en ekonomik makinelerden<\/strong> biridir. Yenilik\u00e7i so\u011futmal\u0131 hazne, y\u00fcksek verim sa\u011flarken kaliteyi de korur.<br \/>\n\u0130ki besleme sistemi aras\u0131nda se\u00e7im yapabilirsiniz:\u00a0<strong>yer\u00e7ekimi<\/strong> veya <strong>pompa beslemeli<\/strong>.[\/vc_column_text][vc_empty_space height=&#8221;50px&#8221;][\/vc_column][vc_column width=&#8221;1\/2&#8243;][vc_empty_space][vc_single_image image=&#8221;4441&#8243; img_size=&#8221;medium&#8221; alignment=&#8221;center&#8221;][vc_empty_space][\/vc_column][\/vc_row][vc_row][vc_column][vc_empty_space height=&#8221;42px&#8221;][\/vc_column][\/vc_row][vc_row css=&#8221;.vc_custom_1516904946877{border-top-width: 1px !important;background-color: #ffffff !important;border-top-color: #eeeeee !important;border-top-style: solid !important;}&#8221;][vc_column reveal_effect=&#8221;&#8221;][vc_empty_space height=&#8221;80px&#8221;][elx_heading font_size=&#8221;h3&#8243; text_color=&#8221;inherit&#8221; text_align=&#8221;text-left&#8221;]Yumu\u015fak Dondurma Dispenserlerimiz hakk\u0131nda daha fazlas\u0131n\u0131 ke\u015ffedin[\/elx_heading][elx_o2000_contact_us s=&#8221;Request of information about frozen beverage dispensers.&#8221; r=&#8221;I&#8217;d like to find out more about your frozen beverage dispensers. Please get in touch with me. Thanks.&#8221; l=&#8221;en&#8221;][\/vc_column][\/vc_row][vc_row][vc_column][vc_empty_space height=&#8221;100px&#8221;][elx_heading font_size=&#8221;h3&#8243; text_color=&#8221;inherit&#8221; text_align=&#8221;text-left&#8221;]Eksiksiz \u00e7\u00f6z\u00fcm\u00fcn\u00fcz\u00fc bulun[\/elx_heading][\/vc_column][\/vc_row][vc_row][vc_column width=&#8221;1\/3&#8243;][elx_maylike_box id_box=&#8221;1196&#8243;][\/vc_column][vc_column width=&#8221;1\/3&#8243;][elx_maylike_box id_box=&#8221;1498&#8243; matched_labels=&#8221;&#8221;][\/vc_column][vc_column width=&#8221;1\/3&#8243;][elx_maylike_box id_box=&#8221;1504&#8243; matched_labels=&#8221;&#8221;][\/vc_column][\/vc_row]<\/p>\n","protected":false},"excerpt":{"rendered":"<p>[vc_row full_width=&#8221;electroluxpro-full-width-no-padding&#8221;][vc_column][elx_image_block background_image=&#8221;4438&#8243; minimum_height=&#8221;350px&#8221;][vc_empty_space][\/vc_column][\/vc_row][vc_row][vc_column][elx_heading font_container=&#8221;h1&#8243; text_color=&#8221;electrolux-blue&#8221; text_align=&#8221;text-left&#8221;]Yumu\u015fak Dondurma \u00e7\u00f6z\u00fcmleri[\/elx_heading][vc_column_text]K\u00fc\u00e7\u00fck, sessiz ve g\u00fc\u00e7l\u00fc Yumu\u015fak Dondurma Dispenserleri ile i\u015fletmenizi canland\u0131r\u0131n.[\/vc_column_text][vc_empty_space][\/vc_column][\/vc_row][vc_row][vc_column width=&#8221;1\/2&#8243;][elx_icons icon_size=&#8221;elx-icon-medium&#8221; icon_electroluxpro=&#8221;elx-icon icon-circle-star-perfomance-blue&#8221;][elx_heading font_container=&#8221;h3&#8243; font_size=&#8221;h3&#8243; text_color=&#8221;inherit&#8221; text_align=&#8221;text-center&#8221;]Servis performans\u0131[\/elx_heading][vc_column_text] Her seferinde m\u00fckemmel \u00fcr\u00fcn; \u00fcstelik ba\u015flang\u0131\u00e7tan servis an\u0131na kadar 10 dakika gibi k\u0131sa bir s\u00fcrede. [\/vc_column_text][\/vc_column][vc_column width=&#8221;1\/2&#8243;][vc_single_image image=&#8221;4439&#8243; img_size=&#8221;80&#215;80&#8243; alignment=&#8221;center&#8221;][elx_heading font_container=&#8221;h3&#8243; font_size=&#8221;h3&#8243; text_color=&#8221;inherit&#8221; text_align=&#8221;text-center&#8221;]Sessiz ve kompakt[\/elx_heading][vc_column_text] Dar alanlar [&hellip;]<\/p>\n","protected":false},"author":40,"featured_media":4438,"parent":4377,"menu_order":0,"comment_status":"closed","ping_status":"closed","template":"","meta":{"footnotes":""},"class_list":["post-19017","page","type-page","status-publish","has-post-thumbnail","hentry"],"acf":[],"yoast_head":"<!-- This site is optimized with the Yoast SEO plugin v23.3 - https:\/\/yoast.com\/wordpress\/plugins\/seo\/ -->\n<title>Soft Serve - Electrolux Professional T\u00fcrkiye<\/title>\n<meta name=\"description\" content=\"K\u00fc\u00e7\u00fck, sessiz ve g\u00fc\u00e7l\u00fc soft dondurma makineleriyle i\u015finizi b\u00fcy\u00fct\u00fcn. Electrolux Professional\u2019\u0131n kompakt tezgah \u00fcst\u00fc \u00e7\u00f6z\u00fcmlerini ke\u015ffedin.\" \/>\n<meta name=\"robots\" content=\"index, follow, max-snippet:-1, max-image-preview:large, max-video-preview:-1\" \/>\n<link rel=\"canonical\" href=\"https:\/\/www.electroluxprofessional.com\/tr\/isletmeniz-icin-icecek-cozumleri\/soft-serve\/\" \/>\n<meta property=\"og:locale\" content=\"tr_TR\" \/>\n<meta property=\"og:type\" content=\"article\" \/>\n<meta property=\"og:title\" content=\"Soft Serve - Electrolux Professional T\u00fcrkiye\" \/>\n<meta property=\"og:description\" content=\"K\u00fc\u00e7\u00fck, sessiz ve g\u00fc\u00e7l\u00fc soft dondurma makineleriyle i\u015finizi b\u00fcy\u00fct\u00fcn. Electrolux Professional\u2019\u0131n kompakt tezgah \u00fcst\u00fc \u00e7\u00f6z\u00fcmlerini ke\u015ffedin.\" \/>\n<meta property=\"og:url\" content=\"https:\/\/www.electroluxprofessional.com\/tr\/isletmeniz-icin-icecek-cozumleri\/soft-serve\/\" \/>\n<meta property=\"og:site_name\" content=\"Electrolux Professional T\u00fcrkiye\" \/>\n<meta property=\"article:modified_time\" content=\"2025-12-02T06:32:00+00:00\" \/>\n<meta property=\"og:image\" content=\"https:\/\/www.electroluxprofessional.com\/tr\/wp-content\/uploads\/2019\/03\/fruity-frozen-yogurt-banner-2000x350.jpg\" \/>\n\t<meta property=\"og:image:width\" content=\"2000\" \/>\n\t<meta property=\"og:image:height\" content=\"350\" \/>\n\t<meta property=\"og:image:type\" content=\"image\/jpeg\" \/>\n<meta name=\"twitter:card\" content=\"summary_large_image\" \/>\n<meta name=\"twitter:label1\" content=\"Tahmini okuma s\u00fcresi\" \/>\n\t<meta name=\"twitter:data1\" content=\"2 dakika\" \/>\n<script type=\"application\/ld+json\" class=\"yoast-schema-graph\">{\"@context\":\"https:\/\/schema.org\",\"@graph\":[{\"@type\":\"WebPage\",\"@id\":\"https:\/\/www.electroluxprofessional.com\/tr\/isletmeniz-icin-icecek-cozumleri\/soft-serve\/\",\"url\":\"https:\/\/www.electroluxprofessional.com\/tr\/isletmeniz-icin-icecek-cozumleri\/soft-serve\/\",\"name\":\"Soft Serve - Electrolux Professional T\u00fcrkiye\",\"isPartOf\":{\"@id\":\"https:\/\/www.electroluxprofessional.com\/tr\/#website\"},\"primaryImageOfPage\":{\"@id\":\"https:\/\/www.electroluxprofessional.com\/tr\/isletmeniz-icin-icecek-cozumleri\/soft-serve\/#primaryimage\"},\"image\":{\"@id\":\"https:\/\/www.electroluxprofessional.com\/tr\/isletmeniz-icin-icecek-cozumleri\/soft-serve\/#primaryimage\"},\"thumbnailUrl\":\"https:\/\/www.electroluxprofessional.com\/tr\/wp-content\/uploads\/2019\/03\/fruity-frozen-yogurt-banner-2000x350.jpg\",\"datePublished\":\"2025-01-13T21:09:49+00:00\",\"dateModified\":\"2025-12-02T06:32:00+00:00\",\"description\":\"K\u00fc\u00e7\u00fck, sessiz ve g\u00fc\u00e7l\u00fc soft dondurma makineleriyle i\u015finizi b\u00fcy\u00fct\u00fcn. Electrolux Professional\u2019\u0131n kompakt tezgah \u00fcst\u00fc \u00e7\u00f6z\u00fcmlerini ke\u015ffedin.\",\"breadcrumb\":{\"@id\":\"https:\/\/www.electroluxprofessional.com\/tr\/isletmeniz-icin-icecek-cozumleri\/soft-serve\/#breadcrumb\"},\"inLanguage\":\"tr\",\"potentialAction\":[{\"@type\":\"ReadAction\",\"target\":[\"https:\/\/www.electroluxprofessional.com\/tr\/isletmeniz-icin-icecek-cozumleri\/soft-serve\/\"]}]},{\"@type\":\"ImageObject\",\"inLanguage\":\"tr\",\"@id\":\"https:\/\/www.electroluxprofessional.com\/tr\/isletmeniz-icin-icecek-cozumleri\/soft-serve\/#primaryimage\",\"url\":\"https:\/\/www.electroluxprofessional.com\/tr\/wp-content\/uploads\/2019\/03\/fruity-frozen-yogurt-banner-2000x350.jpg\",\"contentUrl\":\"https:\/\/www.electroluxprofessional.com\/tr\/wp-content\/uploads\/2019\/03\/fruity-frozen-yogurt-banner-2000x350.jpg\",\"width\":2000,\"height\":350,\"caption\":\"Fruity Frozen Yogurt Dessert with redcurrants and blueberries in a glass;\"},{\"@type\":\"BreadcrumbList\",\"@id\":\"https:\/\/www.electroluxprofessional.com\/tr\/isletmeniz-icin-icecek-cozumleri\/soft-serve\/#breadcrumb\",\"itemListElement\":[{\"@type\":\"ListItem\",\"position\":1,\"name\":\"Home\",\"item\":\"https:\/\/www.electroluxprofessional.com\/tr\/\"},{\"@type\":\"ListItem\",\"position\":2,\"name\":\"\u0130\u00e7ecek\",\"item\":\"https:\/\/www.electroluxprofessional.com\/tr\/isletmeniz-icin-icecek-cozumleri\/\"},{\"@type\":\"ListItem\",\"position\":3,\"name\":\"Soft Serve\"}]},{\"@type\":\"WebSite\",\"@id\":\"https:\/\/www.electroluxprofessional.com\/tr\/#website\",\"url\":\"https:\/\/www.electroluxprofessional.com\/tr\/\",\"name\":\"Electrolux Professional T\u00fcrkiye\",\"description\":\"\",\"potentialAction\":[{\"@type\":\"SearchAction\",\"target\":{\"@type\":\"EntryPoint\",\"urlTemplate\":\"https:\/\/www.electroluxprofessional.com\/tr\/?src={search_term_string}\"},\"query-input\":\"required name=search_term_string\"}],\"inLanguage\":\"tr\"}]}<\/script>\n<!-- \/ Yoast SEO plugin. -->","yoast_head_json":{"title":"Soft Serve - Electrolux Professional T\u00fcrkiye","description":"K\u00fc\u00e7\u00fck, sessiz ve g\u00fc\u00e7l\u00fc soft dondurma makineleriyle i\u015finizi b\u00fcy\u00fct\u00fcn. Electrolux Professional\u2019\u0131n kompakt tezgah \u00fcst\u00fc \u00e7\u00f6z\u00fcmlerini ke\u015ffedin.","robots":{"index":"index","follow":"follow","max-snippet":"max-snippet:-1","max-image-preview":"max-image-preview:large","max-video-preview":"max-video-preview:-1"},"canonical":"https:\/\/www.electroluxprofessional.com\/tr\/isletmeniz-icin-icecek-cozumleri\/soft-serve\/","og_locale":"tr_TR","og_type":"article","og_title":"Soft Serve - Electrolux Professional T\u00fcrkiye","og_description":"K\u00fc\u00e7\u00fck, sessiz ve g\u00fc\u00e7l\u00fc soft dondurma makineleriyle i\u015finizi b\u00fcy\u00fct\u00fcn. Electrolux Professional\u2019\u0131n kompakt tezgah \u00fcst\u00fc \u00e7\u00f6z\u00fcmlerini ke\u015ffedin.","og_url":"https:\/\/www.electroluxprofessional.com\/tr\/isletmeniz-icin-icecek-cozumleri\/soft-serve\/","og_site_name":"Electrolux Professional T\u00fcrkiye","article_modified_time":"2025-12-02T06:32:00+00:00","og_image":[{"width":2000,"height":350,"url":"https:\/\/www.electroluxprofessional.com\/tr\/wp-content\/uploads\/2019\/03\/fruity-frozen-yogurt-banner-2000x350.jpg","type":"image\/jpeg"}],"twitter_card":"summary_large_image","twitter_misc":{"Tahmini okuma s\u00fcresi":"2 dakika"},"schema":{"@context":"https:\/\/schema.org","@graph":[{"@type":"WebPage","@id":"https:\/\/www.electroluxprofessional.com\/tr\/isletmeniz-icin-icecek-cozumleri\/soft-serve\/","url":"https:\/\/www.electroluxprofessional.com\/tr\/isletmeniz-icin-icecek-cozumleri\/soft-serve\/","name":"Soft Serve - Electrolux Professional T\u00fcrkiye","isPartOf":{"@id":"https:\/\/www.electroluxprofessional.com\/tr\/#website"},"primaryImageOfPage":{"@id":"https:\/\/www.electroluxprofessional.com\/tr\/isletmeniz-icin-icecek-cozumleri\/soft-serve\/#primaryimage"},"image":{"@id":"https:\/\/www.electroluxprofessional.com\/tr\/isletmeniz-icin-icecek-cozumleri\/soft-serve\/#primaryimage"},"thumbnailUrl":"https:\/\/www.electroluxprofessional.com\/tr\/wp-content\/uploads\/2019\/03\/fruity-frozen-yogurt-banner-2000x350.jpg","datePublished":"2025-01-13T21:09:49+00:00","dateModified":"2025-12-02T06:32:00+00:00","description":"K\u00fc\u00e7\u00fck, sessiz ve g\u00fc\u00e7l\u00fc soft dondurma makineleriyle i\u015finizi b\u00fcy\u00fct\u00fcn. Electrolux Professional\u2019\u0131n kompakt tezgah \u00fcst\u00fc \u00e7\u00f6z\u00fcmlerini ke\u015ffedin.","breadcrumb":{"@id":"https:\/\/www.electroluxprofessional.com\/tr\/isletmeniz-icin-icecek-cozumleri\/soft-serve\/#breadcrumb"},"inLanguage":"tr","potentialAction":[{"@type":"ReadAction","target":["https:\/\/www.electroluxprofessional.com\/tr\/isletmeniz-icin-icecek-cozumleri\/soft-serve\/"]}]},{"@type":"ImageObject","inLanguage":"tr","@id":"https:\/\/www.electroluxprofessional.com\/tr\/isletmeniz-icin-icecek-cozumleri\/soft-serve\/#primaryimage","url":"https:\/\/www.electroluxprofessional.com\/tr\/wp-content\/uploads\/2019\/03\/fruity-frozen-yogurt-banner-2000x350.jpg","contentUrl":"https:\/\/www.electroluxprofessional.com\/tr\/wp-content\/uploads\/2019\/03\/fruity-frozen-yogurt-banner-2000x350.jpg","width":2000,"height":350,"caption":"Fruity Frozen Yogurt Dessert with redcurrants and blueberries in a glass;"},{"@type":"BreadcrumbList","@id":"https:\/\/www.electroluxprofessional.com\/tr\/isletmeniz-icin-icecek-cozumleri\/soft-serve\/#breadcrumb","itemListElement":[{"@type":"ListItem","position":1,"name":"Home","item":"https:\/\/www.electroluxprofessional.com\/tr\/"},{"@type":"ListItem","position":2,"name":"\u0130\u00e7ecek","item":"https:\/\/www.electroluxprofessional.com\/tr\/isletmeniz-icin-icecek-cozumleri\/"},{"@type":"ListItem","position":3,"name":"Soft Serve"}]},{"@type":"WebSite","@id":"https:\/\/www.electroluxprofessional.com\/tr\/#website","url":"https:\/\/www.electroluxprofessional.com\/tr\/","name":"Electrolux Professional T\u00fcrkiye","description":"","potentialAction":[{"@type":"SearchAction","target":{"@type":"EntryPoint","urlTemplate":"https:\/\/www.electroluxprofessional.com\/tr\/?src={search_term_string}"},"query-input":"required name=search_term_string"}],"inLanguage":"tr"}]}},"_links":{"self":[{"href":"https:\/\/www.electroluxprofessional.com\/tr\/wp-json\/wp\/v2\/pages\/19017"}],"collection":[{"href":"https:\/\/www.electroluxprofessional.com\/tr\/wp-json\/wp\/v2\/pages"}],"about":[{"href":"https:\/\/www.electroluxprofessional.com\/tr\/wp-json\/wp\/v2\/types\/page"}],"author":[{"embeddable":true,"href":"https:\/\/www.electroluxprofessional.com\/tr\/wp-json\/wp\/v2\/users\/40"}],"replies":[{"embeddable":true,"href":"https:\/\/www.electroluxprofessional.com\/tr\/wp-json\/wp\/v2\/comments?post=19017"}],"version-history":[{"count":8,"href":"https:\/\/www.electroluxprofessional.com\/tr\/wp-json\/wp\/v2\/pages\/19017\/revisions"}],"predecessor-version":[{"id":23075,"href":"https:\/\/www.electroluxprofessional.com\/tr\/wp-json\/wp\/v2\/pages\/19017\/revisions\/23075"}],"up":[{"embeddable":true,"href":"https:\/\/www.electroluxprofessional.com\/tr\/wp-json\/wp\/v2\/pages\/4377"}],"wp:featuredmedia":[{"embeddable":true,"href":"https:\/\/www.electroluxprofessional.com\/tr\/wp-json\/wp\/v2\/media\/4438"}],"wp:attachment":[{"href":"https:\/\/www.electroluxprofessional.com\/tr\/wp-json\/wp\/v2\/media?parent=19017"}],"curies":[{"name":"wp","href":"https:\/\/api.w.org\/{rel}","templated":true}]}}