{"id":19003,"date":"2025-01-13T20:33:55","date_gmt":"2025-01-13T20:33:55","guid":{"rendered":"https:\/\/www.electroluxprofessional.com\/tr\/?page_id=19003"},"modified":"2026-03-23T07:12:29","modified_gmt":"2026-03-23T07:12:29","slug":"soguk-icecek-dispenserleri","status":"publish","type":"page","link":"https:\/\/www.electroluxprofessional.com\/tr\/isletmeniz-icin-icecek-cozumleri\/soguk-icecek-dispenserleri\/","title":{"rendered":"So\u011fuk \u0130\u00e7ecek Dispenserleri"},"content":{"rendered":"<p>[vc_row full_width=&#8221;electroluxpro-full-width-no-padding&#8221;][vc_column][elx_image_block background_image=&#8221;4414&#8243; minimum_height=&#8221;350px&#8221;][vc_empty_space][\/vc_column][\/vc_row][vc_row][vc_column][vc_empty_space][elx_heading font_container=&#8221;h1&#8243; font_size=&#8221;h3&#8243; text_color=&#8221;electrolux-blue&#8221; text_align=&#8221;text-left&#8221;]Kolay Kullan\u0131ml\u0131 Dispenserler[\/elx_heading][vc_empty_space][\/vc_column][\/vc_row][vc_row][vc_column width=&#8221;1\/2&#8243;][elx_heading text_color=&#8221;inherit&#8221;]Kolay Kullan\u0131ml\u0131 \u015eerbetlikler[\/elx_heading][vc_column_text]<strong>S\u0131n\u0131rs\u0131z aroma se\u00e7enekleri aras\u0131ndan tercih sizin. Hem de tek bir \u00fcr\u00fcnde.<\/strong>\u00a0Esnek se\u00e7enekler sunan, g\u00fcvenli ve kullan\u0131m\u0131 kolay so\u011fuk i\u00e7ecek dispenserleri ile m\u00fc\u015fterilerinize yepyeni lezzetler sunabilirsiniz.[\/vc_column_text][vc_empty_space][elx_heading text_color=&#8221;inherit&#8221;]K\u00fc\u00e7\u00fck ama etkili[\/elx_heading][vc_column_text]Kompakt yap\u0131s\u0131 sayesinde <strong>daha az yer kaplar<\/strong>.<br \/>\nTemizli\u011fe <strong>daha az zaman ay\u0131r\u0131n<\/strong>.<br \/>\n\u00dcr\u00fcn\u00fc son damlas\u0131na kadar kullanarak <strong>israf\u0131 \u00f6nler<\/strong>.[\/vc_column_text][elx_heading text_color=&#8221;inherit&#8221;]Daha iyi hizmet ve daha y\u00fcksek g\u00fcvenlik[\/elx_heading][vc_column_text]<strong>BPA i\u00e7ermeyen, kilitli kapakl\u0131, de\u011fi\u015ftirilebilir\u00a0 hazneler<\/strong> sayesinde i\u00e7ece\u011finizi ve m\u00fc\u015fterilerinizi koruyun.[\/vc_column_text][vc_single_image image=&#8221;11139&#8243; img_size=&#8221;full&#8221; alignment=&#8221;center&#8221;][vc_empty_space][\/vc_column][vc_column width=&#8221;1\/2&#8243;][vc_single_image image=&#8221;11140&#8243; img_size=&#8221;450*627&#8243; alignment=&#8221;right&#8221;][vc_empty_space height=&#8221;42px&#8221;][vc_empty_space height=&#8221;42px&#8221;][elx_heading font_size=&#8221;h1&#8243; text_color=&#8221;inherit&#8221; text_align=&#8221;text-center&#8221;]\u0130\u015fletmenizin ihtiya\u00e7lar\u0131na uyacak, k\u00e2r\u0131n\u0131z\u0131 art\u0131racak ve yeni memnun m\u00fc\u015fteriler kazanman\u0131z\u0131 sa\u011flayacak \u015fekilde tasarlanm\u0131\u015ft\u0131r[\/elx_heading][\/vc_column][\/vc_row][vc_row el_id=&#8221;products&#8221;][vc_column][\/vc_column][\/vc_row][vc_row css=&#8221;.vc_custom_1516904946877{border-top-width: 1px !important;background-color: #ffffff !important;border-top-color: #eeeeee !important;border-top-style: solid !important;}&#8221;][vc_column reveal_effect=&#8221;&#8221;][vc_empty_space height=&#8221;80px&#8221;][elx_heading font_size=&#8221;h3&#8243; text_color=&#8221;inherit&#8221; text_align=&#8221;text-left&#8221;]So\u011fuk \u0130\u00e7ecek Dispenserlerimiz hakk\u0131nda daha fazlas\u0131n\u0131 ke\u015ffedin[\/elx_heading][elx_o2000_contact_us s=&#8221;So\u011fuk \u0130\u00e7ecek dispenserleri hakk\u0131nda bilgi talebi.&#8221; r=&#8221;So\u011fuk i\u00e7ecek dispenserleri hakk\u0131nda daha fazla bilgi edinmek istiyorum. L\u00fctfen benimle ileti\u015fime ge\u00e7in. Te\u015fekk\u00fcrler.&#8221; l=&#8221;en&#8221;][\/vc_column][\/vc_row][vc_row][vc_column][vc_empty_space height=&#8221;100px&#8221;][elx_heading font_size=&#8221;h3&#8243; text_color=&#8221;inherit&#8221; text_align=&#8221;text-left&#8221;]Size \u00f6zel eksiksiz \u00e7\u00f6z\u00fcm\u00fc ke\u015ffedin[\/elx_heading][\/vc_column][\/vc_row][vc_row][vc_column width=&#8221;1\/3&#8243;][elx_maylike_box id_box=&#8221;1196&#8243;][\/vc_column][vc_column width=&#8221;1\/3&#8243;][elx_maylike_box id_box=&#8221;1498&#8243; matched_labels=&#8221;&#8221;][\/vc_column][vc_column width=&#8221;1\/3&#8243;][elx_maylike_box id_box=&#8221;1504&#8243; matched_labels=&#8221;&#8221;][\/vc_column][\/vc_row]<\/p>\n","protected":false},"excerpt":{"rendered":"<p>[vc_row full_width=&#8221;electroluxpro-full-width-no-padding&#8221;][vc_column][elx_image_block background_image=&#8221;4414&#8243; minimum_height=&#8221;350px&#8221;][vc_empty_space][\/vc_column][\/vc_row][vc_row][vc_column][vc_empty_space][elx_heading font_container=&#8221;h1&#8243; font_size=&#8221;h3&#8243; text_color=&#8221;electrolux-blue&#8221; text_align=&#8221;text-left&#8221;]Kolay Kullan\u0131ml\u0131 Dispenserler[\/elx_heading][vc_empty_space][\/vc_column][\/vc_row][vc_row][vc_column width=&#8221;1\/2&#8243;][elx_heading text_color=&#8221;inherit&#8221;]Kolay Kullan\u0131ml\u0131 \u015eerbetlikler[\/elx_heading][vc_column_text]S\u0131n\u0131rs\u0131z aroma se\u00e7enekleri aras\u0131ndan tercih sizin. Hem de tek bir \u00fcr\u00fcnde.\u00a0Esnek se\u00e7enekler sunan, g\u00fcvenli ve kullan\u0131m\u0131 kolay so\u011fuk i\u00e7ecek dispenserleri ile m\u00fc\u015fterilerinize yepyeni lezzetler sunabilirsiniz.[\/vc_column_text][vc_empty_space][elx_heading text_color=&#8221;inherit&#8221;]K\u00fc\u00e7\u00fck ama etkili[\/elx_heading][vc_column_text]Kompakt yap\u0131s\u0131 sayesinde daha az yer kaplar. Temizli\u011fe daha az zaman ay\u0131r\u0131n. \u00dcr\u00fcn\u00fc son damlas\u0131na [&hellip;]<\/p>\n","protected":false},"author":40,"featured_media":0,"parent":4377,"menu_order":0,"comment_status":"closed","ping_status":"closed","template":"","meta":{"footnotes":""},"class_list":["post-19003","page","type-page","status-publish","hentry"],"acf":[],"yoast_head":"<!-- This site is optimized with the Yoast SEO plugin v23.3 - https:\/\/yoast.com\/wordpress\/plugins\/seo\/ -->\n<title>So\u011fuk \u0130\u00e7ecek Dispenserleri - Electrolux Professional T\u00fcrkiye<\/title>\n<meta name=\"description\" content=\"Kompakt so\u011fuk i\u00e7ecek dispenserleri: Az yer kaplar, kolay temizlenir, d\u00fc\u015f\u00fck enerjiyle \u00e7al\u0131\u015f\u0131r ve son damlas\u0131na kadar minimum at\u0131k sa\u011flar.\" \/>\n<meta name=\"robots\" content=\"index, follow, max-snippet:-1, max-image-preview:large, max-video-preview:-1\" \/>\n<link rel=\"canonical\" href=\"https:\/\/www.electroluxprofessional.com\/tr\/isletmeniz-icin-icecek-cozumleri\/soguk-icecek-dispenserleri\/\" \/>\n<meta property=\"og:locale\" content=\"tr_TR\" \/>\n<meta property=\"og:type\" content=\"article\" \/>\n<meta property=\"og:title\" content=\"So\u011fuk \u0130\u00e7ecek Dispenserleri - Electrolux Professional T\u00fcrkiye\" \/>\n<meta property=\"og:description\" content=\"Kompakt so\u011fuk i\u00e7ecek dispenserleri: Az yer kaplar, kolay temizlenir, d\u00fc\u015f\u00fck enerjiyle \u00e7al\u0131\u015f\u0131r ve son damlas\u0131na kadar minimum at\u0131k sa\u011flar.\" \/>\n<meta property=\"og:url\" content=\"https:\/\/www.electroluxprofessional.com\/tr\/isletmeniz-icin-icecek-cozumleri\/soguk-icecek-dispenserleri\/\" \/>\n<meta property=\"og:site_name\" content=\"Electrolux Professional T\u00fcrkiye\" \/>\n<meta property=\"article:modified_time\" content=\"2026-03-23T07:12:29+00:00\" \/>\n<meta name=\"twitter:card\" content=\"summary_large_image\" \/>\n<meta name=\"twitter:label1\" content=\"Tahmini okuma s\u00fcresi\" \/>\n\t<meta name=\"twitter:data1\" content=\"2 dakika\" \/>\n<script type=\"application\/ld+json\" class=\"yoast-schema-graph\">{\"@context\":\"https:\/\/schema.org\",\"@graph\":[{\"@type\":\"WebPage\",\"@id\":\"https:\/\/www.electroluxprofessional.com\/tr\/isletmeniz-icin-icecek-cozumleri\/soguk-icecek-dispenserleri\/\",\"url\":\"https:\/\/www.electroluxprofessional.com\/tr\/isletmeniz-icin-icecek-cozumleri\/soguk-icecek-dispenserleri\/\",\"name\":\"So\u011fuk \u0130\u00e7ecek Dispenserleri - Electrolux Professional T\u00fcrkiye\",\"isPartOf\":{\"@id\":\"https:\/\/www.electroluxprofessional.com\/tr\/#website\"},\"datePublished\":\"2025-01-13T20:33:55+00:00\",\"dateModified\":\"2026-03-23T07:12:29+00:00\",\"description\":\"Kompakt so\u011fuk i\u00e7ecek dispenserleri: Az yer kaplar, kolay temizlenir, d\u00fc\u015f\u00fck enerjiyle \u00e7al\u0131\u015f\u0131r ve son damlas\u0131na kadar minimum at\u0131k sa\u011flar.\",\"breadcrumb\":{\"@id\":\"https:\/\/www.electroluxprofessional.com\/tr\/isletmeniz-icin-icecek-cozumleri\/soguk-icecek-dispenserleri\/#breadcrumb\"},\"inLanguage\":\"tr\",\"potentialAction\":[{\"@type\":\"ReadAction\",\"target\":[\"https:\/\/www.electroluxprofessional.com\/tr\/isletmeniz-icin-icecek-cozumleri\/soguk-icecek-dispenserleri\/\"]}]},{\"@type\":\"BreadcrumbList\",\"@id\":\"https:\/\/www.electroluxprofessional.com\/tr\/isletmeniz-icin-icecek-cozumleri\/soguk-icecek-dispenserleri\/#breadcrumb\",\"itemListElement\":[{\"@type\":\"ListItem\",\"position\":1,\"name\":\"Home\",\"item\":\"https:\/\/www.electroluxprofessional.com\/tr\/\"},{\"@type\":\"ListItem\",\"position\":2,\"name\":\"\u0130\u00e7ecek\",\"item\":\"https:\/\/www.electroluxprofessional.com\/tr\/isletmeniz-icin-icecek-cozumleri\/\"},{\"@type\":\"ListItem\",\"position\":3,\"name\":\"So\u011fuk \u0130\u00e7ecek Dispenserleri\"}]},{\"@type\":\"WebSite\",\"@id\":\"https:\/\/www.electroluxprofessional.com\/tr\/#website\",\"url\":\"https:\/\/www.electroluxprofessional.com\/tr\/\",\"name\":\"Electrolux Professional T\u00fcrkiye\",\"description\":\"\",\"potentialAction\":[{\"@type\":\"SearchAction\",\"target\":{\"@type\":\"EntryPoint\",\"urlTemplate\":\"https:\/\/www.electroluxprofessional.com\/tr\/?src={search_term_string}\"},\"query-input\":\"required name=search_term_string\"}],\"inLanguage\":\"tr\"}]}<\/script>\n<!-- \/ Yoast SEO plugin. -->","yoast_head_json":{"title":"So\u011fuk \u0130\u00e7ecek Dispenserleri - Electrolux Professional T\u00fcrkiye","description":"Kompakt so\u011fuk i\u00e7ecek dispenserleri: Az yer kaplar, kolay temizlenir, d\u00fc\u015f\u00fck enerjiyle \u00e7al\u0131\u015f\u0131r ve son damlas\u0131na kadar minimum at\u0131k sa\u011flar.","robots":{"index":"index","follow":"follow","max-snippet":"max-snippet:-1","max-image-preview":"max-image-preview:large","max-video-preview":"max-video-preview:-1"},"canonical":"https:\/\/www.electroluxprofessional.com\/tr\/isletmeniz-icin-icecek-cozumleri\/soguk-icecek-dispenserleri\/","og_locale":"tr_TR","og_type":"article","og_title":"So\u011fuk \u0130\u00e7ecek Dispenserleri - Electrolux Professional T\u00fcrkiye","og_description":"Kompakt so\u011fuk i\u00e7ecek dispenserleri: Az yer kaplar, kolay temizlenir, d\u00fc\u015f\u00fck enerjiyle \u00e7al\u0131\u015f\u0131r ve son damlas\u0131na kadar minimum at\u0131k sa\u011flar.","og_url":"https:\/\/www.electroluxprofessional.com\/tr\/isletmeniz-icin-icecek-cozumleri\/soguk-icecek-dispenserleri\/","og_site_name":"Electrolux Professional T\u00fcrkiye","article_modified_time":"2026-03-23T07:12:29+00:00","twitter_card":"summary_large_image","twitter_misc":{"Tahmini okuma s\u00fcresi":"2 dakika"},"schema":{"@context":"https:\/\/schema.org","@graph":[{"@type":"WebPage","@id":"https:\/\/www.electroluxprofessional.com\/tr\/isletmeniz-icin-icecek-cozumleri\/soguk-icecek-dispenserleri\/","url":"https:\/\/www.electroluxprofessional.com\/tr\/isletmeniz-icin-icecek-cozumleri\/soguk-icecek-dispenserleri\/","name":"So\u011fuk \u0130\u00e7ecek Dispenserleri - Electrolux Professional T\u00fcrkiye","isPartOf":{"@id":"https:\/\/www.electroluxprofessional.com\/tr\/#website"},"datePublished":"2025-01-13T20:33:55+00:00","dateModified":"2026-03-23T07:12:29+00:00","description":"Kompakt so\u011fuk i\u00e7ecek dispenserleri: Az yer kaplar, kolay temizlenir, d\u00fc\u015f\u00fck enerjiyle \u00e7al\u0131\u015f\u0131r ve son damlas\u0131na kadar minimum at\u0131k sa\u011flar.","breadcrumb":{"@id":"https:\/\/www.electroluxprofessional.com\/tr\/isletmeniz-icin-icecek-cozumleri\/soguk-icecek-dispenserleri\/#breadcrumb"},"inLanguage":"tr","potentialAction":[{"@type":"ReadAction","target":["https:\/\/www.electroluxprofessional.com\/tr\/isletmeniz-icin-icecek-cozumleri\/soguk-icecek-dispenserleri\/"]}]},{"@type":"BreadcrumbList","@id":"https:\/\/www.electroluxprofessional.com\/tr\/isletmeniz-icin-icecek-cozumleri\/soguk-icecek-dispenserleri\/#breadcrumb","itemListElement":[{"@type":"ListItem","position":1,"name":"Home","item":"https:\/\/www.electroluxprofessional.com\/tr\/"},{"@type":"ListItem","position":2,"name":"\u0130\u00e7ecek","item":"https:\/\/www.electroluxprofessional.com\/tr\/isletmeniz-icin-icecek-cozumleri\/"},{"@type":"ListItem","position":3,"name":"So\u011fuk \u0130\u00e7ecek Dispenserleri"}]},{"@type":"WebSite","@id":"https:\/\/www.electroluxprofessional.com\/tr\/#website","url":"https:\/\/www.electroluxprofessional.com\/tr\/","name":"Electrolux Professional T\u00fcrkiye","description":"","potentialAction":[{"@type":"SearchAction","target":{"@type":"EntryPoint","urlTemplate":"https:\/\/www.electroluxprofessional.com\/tr\/?src={search_term_string}"},"query-input":"required name=search_term_string"}],"inLanguage":"tr"}]}},"_links":{"self":[{"href":"https:\/\/www.electroluxprofessional.com\/tr\/wp-json\/wp\/v2\/pages\/19003"}],"collection":[{"href":"https:\/\/www.electroluxprofessional.com\/tr\/wp-json\/wp\/v2\/pages"}],"about":[{"href":"https:\/\/www.electroluxprofessional.com\/tr\/wp-json\/wp\/v2\/types\/page"}],"author":[{"embeddable":true,"href":"https:\/\/www.electroluxprofessional.com\/tr\/wp-json\/wp\/v2\/users\/40"}],"replies":[{"embeddable":true,"href":"https:\/\/www.electroluxprofessional.com\/tr\/wp-json\/wp\/v2\/comments?post=19003"}],"version-history":[{"count":10,"href":"https:\/\/www.electroluxprofessional.com\/tr\/wp-json\/wp\/v2\/pages\/19003\/revisions"}],"predecessor-version":[{"id":23960,"href":"https:\/\/www.electroluxprofessional.com\/tr\/wp-json\/wp\/v2\/pages\/19003\/revisions\/23960"}],"up":[{"embeddable":true,"href":"https:\/\/www.electroluxprofessional.com\/tr\/wp-json\/wp\/v2\/pages\/4377"}],"wp:attachment":[{"href":"https:\/\/www.electroluxprofessional.com\/tr\/wp-json\/wp\/v2\/media?parent=19003"}],"curies":[{"name":"wp","href":"https:\/\/api.w.org\/{rel}","templated":true}]}}