{"id":19000,"date":"2025-01-13T20:27:00","date_gmt":"2025-01-13T20:27:00","guid":{"rendered":"https:\/\/www.electroluxprofessional.com\/tr\/?page_id=19000"},"modified":"2025-11-05T15:52:26","modified_gmt":"2025-11-05T15:52:26","slug":"sicak-icecek-dispenserleri","status":"publish","type":"page","link":"https:\/\/www.electroluxprofessional.com\/tr\/isletmeniz-icin-icecek-cozumleri\/sicak-icecek-dispenserleri\/","title":{"rendered":"S\u0131cak \u0130\u00e7ecek Dispenserleri"},"content":{"rendered":"<p>[vc_row full_width=&#8221;electroluxpro-full-width-no-padding&#8221;][vc_column][elx_image_block background_image=&#8221;4404&#8243; minimum_height=&#8221;350px&#8221;][vc_empty_space][\/vc_column][\/vc_row][vc_row][vc_column][elx_heading font_container=&#8221;h1&#8243; font_size=&#8221;h3&#8243; text_color=&#8221;inherit&#8221;]S\u0131cak \u0130\u00e7ecek Dispenserleri[\/elx_heading][vc_column_text]Sabah\u0131n erken saatinde, ak\u015fam\u00fcst\u00fc veya diledi\u011finiz herhangi bir zaman hem keyif hem de ilham veren bir s\u0131cak i\u00e7ecek deneyimi.[\/vc_column_text][\/vc_column][\/vc_row][vc_row][vc_column width=&#8221;2\/3&#8243;][elx_heading font_size=&#8221;h3&#8243; text_color=&#8221;electrolux-blue&#8221; text_align=&#8221;text-left&#8221;]Toz \u0130\u00e7ecek<br \/>\nDispenserleri[\/elx_heading][elx_heading font_container=&#8221;h3&#8243; font_size=&#8221;h5&#8243; text_color=&#8221;electrolux-blue&#8221; text_align=&#8221;text-left&#8221;]Kaliteli s\u0131cak i\u00e7ecekler parmaklar\u0131n\u0131z\u0131n ucunda[\/elx_heading][vc_column_text]Kullan\u0131m\u0131 ve bak\u0131m\u0131 kolay, pratik, <strong>\u00e7\u00f6z\u00fcnebilir i\u00e7ecek \u00e7\u00f6z\u00fcmleri<\/strong>.<br \/>\nG\u00f6z al\u0131c\u0131 <strong>arka ayd\u0131nlatmal\u0131 \u00f6n panel,<\/strong> i\u00e7ecek se\u00e7iminizin g\u00f6r\u00fcn\u00fcrl\u00fc\u011f\u00fcn\u00fc art\u0131r\u0131r.<br \/>\nDispenser her t\u00fcrl\u00fc ortama uyum sa\u011flar ve i\u015fletmenize de\u011fer katar.[\/vc_column_text][\/vc_column][vc_column width=&#8221;1\/3&#8243;][vc_single_image image=&#8221;4409&#8243; img_size=&#8221;full&#8221; alignment=&#8221;right&#8221;][\/vc_column][\/vc_row][vc_row][vc_column][vc_empty_space height=&#8221;42px&#8221;][\/vc_column][\/vc_row][vc_row full_width=&#8221;electroluxpro-full-width-no-padding&#8221; css=&#8221;.vc_custom_1553177212648{background-image: url(https:\/\/www.electroluxprofessional.com\/tr\/wp-content\/uploads\/2018\/01\/hot-beverage-dispensers-coffee-cups-2000.jpg?id=14636) !important;background-position: center !important;background-repeat: no-repeat !important;background-size: cover !important;}&#8221;][vc_column][vc_single_image image=&#8221;4471&#8243; img_size=&#8221;2000&#215;400&#8243; alignment=&#8221;center&#8221;][\/vc_column][\/vc_row][vc_row][vc_column][vc_empty_space height=&#8221;60px&#8221;][\/vc_column][\/vc_row][vc_row][vc_column width=&#8221;3\/4&#8243;][elx_heading font_size=&#8221;h3&#8243; text_color=&#8221;inherit&#8221;]S\u0131cak \u0130\u00e7ecek Dispenserleri[\/elx_heading][elx_heading font_container=&#8221;h3&#8243; font_size=&#8221;h5&#8243; text_color=&#8221;inherit&#8221;]\u00c7ikolata deneyiminiz burada ba\u015fl\u0131yor.[\/elx_heading][vc_column_text]<strong>Hafif, kompakt ve fonskiyonel<\/strong> dispenserlerimiz kolayca \u00e7\u0131kar\u0131l\u0131p temizlenebilir.<br \/>\nMusluklu s\u0131cak \u00e7ikolata dispenserini deneyin.[\/vc_column_text][vc_empty_space][\/vc_column][vc_column width=&#8221;1\/4&#8243;][vc_single_image image=&#8221;4410&#8243; img_size=&#8221;full&#8221;][\/vc_column][\/vc_row][vc_row][vc_column][vc_empty_space height=&#8221;60px&#8221;][\/vc_column][\/vc_row][vc_row][vc_column width=&#8221;1\/3&#8243;][elx_image_block background_image=&#8221;4406&#8243; minimum_height=&#8221;360px&#8221;][\/vc_column][vc_column width=&#8221;1\/3&#8243;][elx_image_block background_image=&#8221;4407&#8243; minimum_height=&#8221;360px&#8221;][\/vc_column][vc_column width=&#8221;1\/3&#8243;][elx_image_block background_image=&#8221;4408&#8243; minimum_height=&#8221;360px&#8221;][\/vc_column][\/vc_row][vc_row][vc_column][vc_empty_space height=&#8221;50px&#8221;]<div class=\"com21-product-filter-container 86\"><div class=\"\"><h4 class=\"text-center\">2 \u00dcr\u00fcnler<\/h4><hr><\/div>\n                    <!-- PROD LIST -->\n                    <div class=\"product-list container\">\n                        <!--Hidden parameters-->\n                        <input type=\"hidden\" name=\"navigation_level_1\" id=\"navigation_level_1\" value=\"\u00d6\">\n                        <input type=\"hidden\" name=\"navigation_level_2\" id=\"navigation_level_2\" value=\"A\">\n                        <input type=\"hidden\" name=\"navigation_level_3\" id=\"navigation_level_3\" value=\"P\">\n                        <input type=\"hidden\" name=\"navigation_level_4\" id=\"navigation_level_4\" value=\"\">\n                        <input type=\"hidden\" name=\"filter_id\" id=\"filter_id\" value=\"86\">\n                        <input type=\"hidden\" name=\"navigation_language\" id=\"navigation_language\" value=\"5016\">\n                        <input type=\"hidden\" name=\"navigation_language_code\" id=\"navigation_language\" value=\"5016\">\n                        <input type=\"hidden\" name=\"page_id\" id=\"page_id\" value=\"19000\">\n                        <!--END Hidden parameters--><ul class=\"row\" ><li data-product-paged=\"\" class=\"anchor_tags_prod col-sm-6 col-md-3 wow fadeIn single-product-list 560018\"><div class=\"product-list-item\"><div class=\"product-content\"><a href=\"https:\/\/www.electroluxprofessional.com\/tr\/pd\/i\u0307\u00e7ecek\/s\u0131cak-i\u0307\u00e7ecek\/s\u0131cak-\u00e7ikolata-dispenserleri-ll\/i\u0307\u00e7ecek-da\u011f\u0131t\u0131m-sistemi-s\u0131cak-\u00e7ikolata-dispenseri-3-litre-hazneli-siyah-560018\/\" target=\"_blank\" ><figure><img decoding=\"async\" src=\"https:\/\/tools.electroluxprofessional.com\/Mirror\/Doc\/PH_255x255%2FPH_560018_1_1_560018.jpg\" alt=\"\u0130\u00e7ecek Da\u011f\u0131t\u0131m SistemiS\u0131cak \u00c7ikolata Dispenseri, 3 Litre Hazneli, Siyah\"\/><\/figure><div class=\"product-internal\"><div class=\"product-liv\">S\u0131cak \u00c7ikolata Dispenserleri - LL<\/div><h3 class=\"product-title\">\u0130\u00e7ecek Da\u011f\u0131t\u0131m Sistemi<br>S\u0131cak \u00c7ikolata Dispenseri, 3 Litre Hazneli, Siyah<\/h3><div class=\"product-icons\"><div class=\"product-green\"><\/div><div class=\"product-cod\"><div class=\"hidden type_code\">0<\/div>COD <span class=\"product-code\" >560018<\/span><\/div><div class=\"product-fast\"><\/div>\n<\/div><div class=\"product-description-fast-green\"><\/div>\n<\/div><div class=\"product-actions\"><a href=\"https:\/\/www.electroluxprofessional.com\/tr\/pd\/i\u0307\u00e7ecek\/s\u0131cak-i\u0307\u00e7ecek\/s\u0131cak-\u00e7ikolata-dispenserleri-ll\/i\u0307\u00e7ecek-da\u011f\u0131t\u0131m-sistemi-s\u0131cak-\u00e7ikolata-dispenseri-3-litre-hazneli-siyah-560018\/\" class=\"btn btn-primary-blue\">Daha fazla g\u00f6r\u00fcnt\u00fcleyin<\/a><span class=\"compare-product\"><span class=\"compare-checkbox\"><span class=\"compare-checkbox-shape\"><input type=\"checkbox\" class=\"product-comparer\" id=\"prod_560018\"\/><label class=\"btn\" for=\"prod_560018\"><span class=\"label-bg\"><\/span>Kar\u015f\u0131la\u015ft\u0131r<\/label><\/span><\/span><\/span><\/div><\/a><\/div><\/div><\/li><li data-product-paged=\"\" class=\"anchor_tags_prod col-sm-6 col-md-3 wow fadeIn single-product-list 560019\"><div class=\"product-list-item\"><div class=\"product-content\"><a href=\"https:\/\/www.electroluxprofessional.com\/tr\/pd\/i\u0307\u00e7ecek\/s\u0131cak-i\u0307\u00e7ecek\/s\u0131cak-\u00e7ikolata-dispenserleri-ll\/i\u0307\u00e7ecek-da\u011f\u0131t\u0131m-sistemi-s\u0131cak-\u00e7ikolata-dispenseri-6-litre-hazneli-siyah-560019\/\" target=\"_blank\" ><figure><img decoding=\"async\" src=\"https:\/\/tools.electroluxprofessional.com\/Mirror\/Doc\/PH_255x255%2FPH_560018_1_1_560018.jpg\" alt=\"\u0130\u00e7ecek Da\u011f\u0131t\u0131m SistemiS\u0131cak \u00c7ikolata Dispenseri, 6 Litre Hazneli, Siyah\"\/><\/figure><div class=\"product-internal\"><div class=\"product-liv\">S\u0131cak \u00c7ikolata Dispenserleri - LL<\/div><h3 class=\"product-title\">\u0130\u00e7ecek Da\u011f\u0131t\u0131m Sistemi<br>S\u0131cak \u00c7ikolata Dispenseri, 6 Litre Hazneli, Siyah<\/h3><div class=\"product-icons\"><div class=\"product-green\"><\/div><div class=\"product-cod\"><div class=\"hidden type_code\">0<\/div>COD <span class=\"product-code\" >560019<\/span><\/div><div class=\"product-fast\"><\/div>\n<\/div><div class=\"product-description-fast-green\"><\/div>\n<\/div><div class=\"product-actions\"><a href=\"https:\/\/www.electroluxprofessional.com\/tr\/pd\/i\u0307\u00e7ecek\/s\u0131cak-i\u0307\u00e7ecek\/s\u0131cak-\u00e7ikolata-dispenserleri-ll\/i\u0307\u00e7ecek-da\u011f\u0131t\u0131m-sistemi-s\u0131cak-\u00e7ikolata-dispenseri-6-litre-hazneli-siyah-560019\/\" class=\"btn btn-primary-blue\">Daha fazla g\u00f6r\u00fcnt\u00fcleyin<\/a><span class=\"compare-product\"><span class=\"compare-checkbox\"><span class=\"compare-checkbox-shape\"><input type=\"checkbox\" class=\"product-comparer\" id=\"prod_560019\"\/><label class=\"btn\" for=\"prod_560019\"><span class=\"label-bg\"><\/span>Kar\u015f\u0131la\u015ft\u0131r<\/label><\/span><\/span><\/span><\/div><\/a><\/div><\/div><\/li>\n                        <\/ul>\n                        <div class=\"text-center more-products\">\n                        <\/div>\n                    <\/div>\n                    <!-- END PRODUCT LIST -->\n                    <\/div>\n                    <!-- END PRODUCT LIST -->[\/vc_column][\/vc_row][vc_row css=&#8221;.vc_custom_1516904946877{border-top-width: 1px !important;background-color: #ffffff !important;border-top-color: #eeeeee !important;border-top-style: solid !important;}&#8221;][vc_column reveal_effect=&#8221;&#8221;][vc_empty_space height=&#8221;80px&#8221;][elx_heading font_size=&#8221;h3&#8243; text_color=&#8221;inherit&#8221; text_align=&#8221;text-left&#8221;]S\u0131cak \u0130\u00e7ecek Dispenserlerimiz hakk\u0131nda daha fazlas\u0131n\u0131 ke\u015ffedin[\/elx_heading][elx_o2000_contact_us s=&#8221;Request of information about Hot beverage dispensers&#8221; r=&#8221;I&#8217;d like to find out more about Hot beverage dispensers. Please get in touch with me. Thanks.&#8221; l=&#8221;en&#8221;][\/vc_column][\/vc_row][vc_row][vc_column][vc_empty_space height=&#8221;100px&#8221;][elx_heading font_size=&#8221;h3&#8243; text_color=&#8221;inherit&#8221; text_align=&#8221;text-left&#8221;]Eksiksiz \u00e7\u00f6z\u00fcmlerinizi bulun[\/elx_heading][\/vc_column][\/vc_row][vc_row][vc_column width=&#8221;1\/3&#8243;][elx_maylike_box id_box=&#8221;1196&#8243;][\/vc_column][vc_column width=&#8221;1\/3&#8243;][elx_maylike_box id_box=&#8221;1498&#8243;][\/vc_column][vc_column width=&#8221;1\/3&#8243;][elx_maylike_box id_box=&#8221;1504&#8243;][\/vc_column][\/vc_row]<\/p>\n","protected":false},"excerpt":{"rendered":"<p>[vc_row full_width=&#8221;electroluxpro-full-width-no-padding&#8221;][vc_column][elx_image_block background_image=&#8221;4404&#8243; minimum_height=&#8221;350px&#8221;][vc_empty_space][\/vc_column][\/vc_row][vc_row][vc_column][elx_heading font_container=&#8221;h1&#8243; font_size=&#8221;h3&#8243; text_color=&#8221;inherit&#8221;]S\u0131cak \u0130\u00e7ecek Dispenserleri[\/elx_heading][vc_column_text]Sabah\u0131n erken saatinde, ak\u015fam\u00fcst\u00fc veya diledi\u011finiz herhangi bir zaman hem keyif hem de ilham veren bir s\u0131cak i\u00e7ecek deneyimi.[\/vc_column_text][\/vc_column][\/vc_row][vc_row][vc_column width=&#8221;2\/3&#8243;][elx_heading font_size=&#8221;h3&#8243; text_color=&#8221;electrolux-blue&#8221; text_align=&#8221;text-left&#8221;]Toz \u0130\u00e7ecek Dispenserleri[\/elx_heading][elx_heading font_container=&#8221;h3&#8243; font_size=&#8221;h5&#8243; text_color=&#8221;electrolux-blue&#8221; text_align=&#8221;text-left&#8221;]Kaliteli s\u0131cak i\u00e7ecekler parmaklar\u0131n\u0131z\u0131n ucunda[\/elx_heading][vc_column_text]Kullan\u0131m\u0131 ve bak\u0131m\u0131 kolay, pratik, \u00e7\u00f6z\u00fcnebilir i\u00e7ecek \u00e7\u00f6z\u00fcmleri. G\u00f6z al\u0131c\u0131 arka ayd\u0131nlatmal\u0131 \u00f6n panel, i\u00e7ecek [&hellip;]<\/p>\n","protected":false},"author":40,"featured_media":0,"parent":4377,"menu_order":0,"comment_status":"closed","ping_status":"closed","template":"","meta":{"footnotes":""},"class_list":["post-19000","page","type-page","status-publish","hentry"],"acf":[],"yoast_head":"<!-- This site is optimized with the Yoast SEO plugin v23.3 - https:\/\/yoast.com\/wordpress\/plugins\/seo\/ -->\n<title>S\u0131cak \u0130\u00e7ecek Dispenserleri - Electrolux Professional T\u00fcrkiye<\/title>\n<meta name=\"description\" content=\"G\u00fcn\u00fcn her an\u0131nda tatmin edici ve ilham veren bir s\u0131cak i\u00e7ecek deneyimi. Kaliteli s\u0131cak i\u00e7ecekler, parmaklar\u0131n\u0131z\u0131n ucunda\" \/>\n<meta name=\"robots\" content=\"index, follow, max-snippet:-1, max-image-preview:large, max-video-preview:-1\" \/>\n<link rel=\"canonical\" href=\"https:\/\/www.electroluxprofessional.com\/tr\/isletmeniz-icin-icecek-cozumleri\/sicak-icecek-dispenserleri\/\" \/>\n<meta property=\"og:locale\" content=\"tr_TR\" \/>\n<meta property=\"og:type\" content=\"article\" \/>\n<meta property=\"og:title\" content=\"S\u0131cak \u0130\u00e7ecek Dispenserleri - Electrolux Professional T\u00fcrkiye\" \/>\n<meta property=\"og:description\" content=\"G\u00fcn\u00fcn her an\u0131nda tatmin edici ve ilham veren bir s\u0131cak i\u00e7ecek deneyimi. Kaliteli s\u0131cak i\u00e7ecekler, parmaklar\u0131n\u0131z\u0131n ucunda\" \/>\n<meta property=\"og:url\" content=\"https:\/\/www.electroluxprofessional.com\/tr\/isletmeniz-icin-icecek-cozumleri\/sicak-icecek-dispenserleri\/\" \/>\n<meta property=\"og:site_name\" content=\"Electrolux Professional T\u00fcrkiye\" \/>\n<meta property=\"article:modified_time\" content=\"2025-11-05T15:52:26+00:00\" \/>\n<meta name=\"twitter:card\" content=\"summary_large_image\" \/>\n<meta name=\"twitter:label1\" content=\"Tahmini okuma s\u00fcresi\" \/>\n\t<meta name=\"twitter:data1\" content=\"2 dakika\" \/>\n<script type=\"application\/ld+json\" class=\"yoast-schema-graph\">{\"@context\":\"https:\/\/schema.org\",\"@graph\":[{\"@type\":\"WebPage\",\"@id\":\"https:\/\/www.electroluxprofessional.com\/tr\/isletmeniz-icin-icecek-cozumleri\/sicak-icecek-dispenserleri\/\",\"url\":\"https:\/\/www.electroluxprofessional.com\/tr\/isletmeniz-icin-icecek-cozumleri\/sicak-icecek-dispenserleri\/\",\"name\":\"S\u0131cak \u0130\u00e7ecek Dispenserleri - Electrolux Professional T\u00fcrkiye\",\"isPartOf\":{\"@id\":\"https:\/\/www.electroluxprofessional.com\/tr\/#website\"},\"datePublished\":\"2025-01-13T20:27:00+00:00\",\"dateModified\":\"2025-11-05T15:52:26+00:00\",\"description\":\"G\u00fcn\u00fcn her an\u0131nda tatmin edici ve ilham veren bir s\u0131cak i\u00e7ecek deneyimi. Kaliteli s\u0131cak i\u00e7ecekler, parmaklar\u0131n\u0131z\u0131n ucunda\",\"breadcrumb\":{\"@id\":\"https:\/\/www.electroluxprofessional.com\/tr\/isletmeniz-icin-icecek-cozumleri\/sicak-icecek-dispenserleri\/#breadcrumb\"},\"inLanguage\":\"tr\",\"potentialAction\":[{\"@type\":\"ReadAction\",\"target\":[\"https:\/\/www.electroluxprofessional.com\/tr\/isletmeniz-icin-icecek-cozumleri\/sicak-icecek-dispenserleri\/\"]}]},{\"@type\":\"BreadcrumbList\",\"@id\":\"https:\/\/www.electroluxprofessional.com\/tr\/isletmeniz-icin-icecek-cozumleri\/sicak-icecek-dispenserleri\/#breadcrumb\",\"itemListElement\":[{\"@type\":\"ListItem\",\"position\":1,\"name\":\"Home\",\"item\":\"https:\/\/www.electroluxprofessional.com\/tr\/\"},{\"@type\":\"ListItem\",\"position\":2,\"name\":\"\u0130\u00e7ecek\",\"item\":\"https:\/\/www.electroluxprofessional.com\/tr\/isletmeniz-icin-icecek-cozumleri\/\"},{\"@type\":\"ListItem\",\"position\":3,\"name\":\"S\u0131cak \u0130\u00e7ecek Dispenserleri\"}]},{\"@type\":\"WebSite\",\"@id\":\"https:\/\/www.electroluxprofessional.com\/tr\/#website\",\"url\":\"https:\/\/www.electroluxprofessional.com\/tr\/\",\"name\":\"Electrolux Professional T\u00fcrkiye\",\"description\":\"\",\"potentialAction\":[{\"@type\":\"SearchAction\",\"target\":{\"@type\":\"EntryPoint\",\"urlTemplate\":\"https:\/\/www.electroluxprofessional.com\/tr\/?src={search_term_string}\"},\"query-input\":\"required name=search_term_string\"}],\"inLanguage\":\"tr\"}]}<\/script>\n<!-- \/ Yoast SEO plugin. -->","yoast_head_json":{"title":"S\u0131cak \u0130\u00e7ecek Dispenserleri - Electrolux Professional T\u00fcrkiye","description":"G\u00fcn\u00fcn her an\u0131nda tatmin edici ve ilham veren bir s\u0131cak i\u00e7ecek deneyimi. Kaliteli s\u0131cak i\u00e7ecekler, parmaklar\u0131n\u0131z\u0131n ucunda","robots":{"index":"index","follow":"follow","max-snippet":"max-snippet:-1","max-image-preview":"max-image-preview:large","max-video-preview":"max-video-preview:-1"},"canonical":"https:\/\/www.electroluxprofessional.com\/tr\/isletmeniz-icin-icecek-cozumleri\/sicak-icecek-dispenserleri\/","og_locale":"tr_TR","og_type":"article","og_title":"S\u0131cak \u0130\u00e7ecek Dispenserleri - Electrolux Professional T\u00fcrkiye","og_description":"G\u00fcn\u00fcn her an\u0131nda tatmin edici ve ilham veren bir s\u0131cak i\u00e7ecek deneyimi. Kaliteli s\u0131cak i\u00e7ecekler, parmaklar\u0131n\u0131z\u0131n ucunda","og_url":"https:\/\/www.electroluxprofessional.com\/tr\/isletmeniz-icin-icecek-cozumleri\/sicak-icecek-dispenserleri\/","og_site_name":"Electrolux Professional T\u00fcrkiye","article_modified_time":"2025-11-05T15:52:26+00:00","twitter_card":"summary_large_image","twitter_misc":{"Tahmini okuma s\u00fcresi":"2 dakika"},"schema":{"@context":"https:\/\/schema.org","@graph":[{"@type":"WebPage","@id":"https:\/\/www.electroluxprofessional.com\/tr\/isletmeniz-icin-icecek-cozumleri\/sicak-icecek-dispenserleri\/","url":"https:\/\/www.electroluxprofessional.com\/tr\/isletmeniz-icin-icecek-cozumleri\/sicak-icecek-dispenserleri\/","name":"S\u0131cak \u0130\u00e7ecek Dispenserleri - Electrolux Professional T\u00fcrkiye","isPartOf":{"@id":"https:\/\/www.electroluxprofessional.com\/tr\/#website"},"datePublished":"2025-01-13T20:27:00+00:00","dateModified":"2025-11-05T15:52:26+00:00","description":"G\u00fcn\u00fcn her an\u0131nda tatmin edici ve ilham veren bir s\u0131cak i\u00e7ecek deneyimi. Kaliteli s\u0131cak i\u00e7ecekler, parmaklar\u0131n\u0131z\u0131n ucunda","breadcrumb":{"@id":"https:\/\/www.electroluxprofessional.com\/tr\/isletmeniz-icin-icecek-cozumleri\/sicak-icecek-dispenserleri\/#breadcrumb"},"inLanguage":"tr","potentialAction":[{"@type":"ReadAction","target":["https:\/\/www.electroluxprofessional.com\/tr\/isletmeniz-icin-icecek-cozumleri\/sicak-icecek-dispenserleri\/"]}]},{"@type":"BreadcrumbList","@id":"https:\/\/www.electroluxprofessional.com\/tr\/isletmeniz-icin-icecek-cozumleri\/sicak-icecek-dispenserleri\/#breadcrumb","itemListElement":[{"@type":"ListItem","position":1,"name":"Home","item":"https:\/\/www.electroluxprofessional.com\/tr\/"},{"@type":"ListItem","position":2,"name":"\u0130\u00e7ecek","item":"https:\/\/www.electroluxprofessional.com\/tr\/isletmeniz-icin-icecek-cozumleri\/"},{"@type":"ListItem","position":3,"name":"S\u0131cak \u0130\u00e7ecek Dispenserleri"}]},{"@type":"WebSite","@id":"https:\/\/www.electroluxprofessional.com\/tr\/#website","url":"https:\/\/www.electroluxprofessional.com\/tr\/","name":"Electrolux Professional T\u00fcrkiye","description":"","potentialAction":[{"@type":"SearchAction","target":{"@type":"EntryPoint","urlTemplate":"https:\/\/www.electroluxprofessional.com\/tr\/?src={search_term_string}"},"query-input":"required name=search_term_string"}],"inLanguage":"tr"}]}},"_links":{"self":[{"href":"https:\/\/www.electroluxprofessional.com\/tr\/wp-json\/wp\/v2\/pages\/19000"}],"collection":[{"href":"https:\/\/www.electroluxprofessional.com\/tr\/wp-json\/wp\/v2\/pages"}],"about":[{"href":"https:\/\/www.electroluxprofessional.com\/tr\/wp-json\/wp\/v2\/types\/page"}],"author":[{"embeddable":true,"href":"https:\/\/www.electroluxprofessional.com\/tr\/wp-json\/wp\/v2\/users\/40"}],"replies":[{"embeddable":true,"href":"https:\/\/www.electroluxprofessional.com\/tr\/wp-json\/wp\/v2\/comments?post=19000"}],"version-history":[{"count":9,"href":"https:\/\/www.electroluxprofessional.com\/tr\/wp-json\/wp\/v2\/pages\/19000\/revisions"}],"predecessor-version":[{"id":22933,"href":"https:\/\/www.electroluxprofessional.com\/tr\/wp-json\/wp\/v2\/pages\/19000\/revisions\/22933"}],"up":[{"embeddable":true,"href":"https:\/\/www.electroluxprofessional.com\/tr\/wp-json\/wp\/v2\/pages\/4377"}],"wp:attachment":[{"href":"https:\/\/www.electroluxprofessional.com\/tr\/wp-json\/wp\/v2\/media?parent=19000"}],"curies":[{"name":"wp","href":"https:\/\/api.w.org\/{rel}","templated":true}]}}