{"id":18941,"date":"2024-12-28T23:20:04","date_gmt":"2024-12-28T23:20:04","guid":{"rendered":"https:\/\/www.electroluxprofessional.com\/tr\/?page_id=18941"},"modified":"2025-08-01T07:23:06","modified_gmt":"2025-08-01T07:23:06","slug":"icecek-cozumleri","status":"publish","type":"page","link":"https:\/\/www.electroluxprofessional.com\/tr\/isletmenize-yonelik-cozumler\/icecek-cozumleri\/","title":{"rendered":"Eksiksiz \u0130\u00e7ecek \u00c7\u00f6z\u00fcmleri"},"content":{"rendered":"<p>[vc_row full_width=&#8221;electroluxpro-full-width-no-padding&#8221;][vc_column][elx_image_block background_image=&#8221;18933&#8243; minimum_height=&#8221;400px&#8221;][vc_empty_space][\/vc_column][\/vc_row][vc_row][vc_column][elx_heading font_container=&#8221;h1&#8243; text_color=&#8221;inherit&#8221;]Eksiksiz \u0130\u00e7ecek \u00c7\u00f6z\u00fcmleri[\/elx_heading][vc_empty_space][vc_column_text]Benzersiz kalite ve g\u00fcvenilirlikle \u00e7ok \u00e7e\u015fitli i\u015fletmelerin kendine \u00f6zg\u00fc ihtiya\u00e7lar\u0131n\u0131 kar\u015f\u0131lamak \u00fczere tasarlanan, m\u00fckemmel kahve, s\u0131cak ve so\u011fuk i\u00e7ecekler, meyve sular\u0131 ve yumu\u015fak dondurma i\u00e7in \u00f6zel olarak geli\u015ftirilen \u00e7\u00f6z\u00fcmlerimizle m\u00fckemmel bir deneyim yarat\u0131n.[\/vc_column_text][vc_empty_space][elx_button button_text=&#8221;CONTACT US&#8221; button_style=&#8221;default&#8221; button_link=&#8221;url:%23contactus&#8221;][vc_empty_space height=&#8221;60px&#8221;][\/vc_column][\/vc_row][vc_row full_width=&#8221;electroluxpro-full-width-no-padding&#8221;][vc_column][elx_features_download title=&#8221;Neden Electrolux Professional \u0130\u00e7ecek \u00c7\u00f6z\u00fcmlerini Se\u00e7melisiniz?&#8221; class_title=&#8221;h2&#8243; bg_discover_color=&#8221;bg-download-white&#8221; link_discover_color=&#8221;download-text-blue&#8221; title_position=&#8221;top&#8221; bg_row=&#8221;bg-row-light-blue&#8221; values=&#8221;%5B%7B%22select_type%22%3A%22link%22%7D%5D&#8221; discover=&#8221;%5B%7B%7D%5D&#8221; features=&#8221;%5B%7B%22icon_electroluxpro%22%3A%22elx-icon%20icon-circle-star-perfomance-blue%22%2C%22title_icon%22%3A%22Verimlilik%20ve%20H%C4%B1z%22%2C%22text_icon%22%3A%22%C4%B0%C3%A7ecek%20%C3%A7%C3%B6z%C3%BCmlerimiz%20i%C5%9Fletmenizin%20temposuna%20ayak%20uyduracak%20%C5%9Fekilde%20tasarlanm%C4%B1%C5%9Ft%C4%B1r.%20%5Cn%C4%B0ster%20kahve%20%C3%B6%C4%9F%C3%BCtme%2C%20ister%20so%C4%9Fuk%20i%C3%A7ecek%20veya%20yumu%C5%9Fak%20dondurma%20servisi%20olsun%2C%20%C3%BCr%C3%BCnlerimiz%20talebin%20y%C3%BCksek%20oldu%C4%9Fu%20mekanlarda%20h%C4%B1zl%C4%B1%20ve%20g%C3%BCvenilir%20performans%20sunar.%22%7D%2C%7B%22icon_electroluxpro%22%3A%22elx-icon%20icon-circle-food-quality-blue%22%2C%22title_icon%22%3A%22Standart%20Kalite%22%2C%22text_icon%22%3A%22Standart%20kalite%20%C3%A7ok%20%C3%B6nemlidir.%5Cn%C4%B0ster%20m%C3%BCkemmel%20espresso%20shot%2C%20ister%20ideal%20s%C4%B1cakl%C4%B1kta%20so%C4%9Futulmu%C5%9F%20bir%20i%C3%A7ecek%20veya%20kremal%C4%B1%20yumu%C5%9Fak%20dondurma%20olsun%2C%20her%20defas%C4%B1nda%20en%20iyi%20sonu%C3%A7lar%C4%B1%20elde%20edin.%5Cn%C3%87%C3%B6z%C3%BCmlerimiz%2C%20m%C3%BC%C5%9Fterilerinizin%20sevece%C4%9Fi%20y%C3%BCksek%20kaliteli%20%C3%BCr%C3%BCnler%20sunman%C4%B1z%C4%B1%20sa%C4%9Flar.%22%7D%2C%7B%22icon_electroluxpro%22%3A%22elx-icon%20icon-circle-easy-blue%22%2C%22title_icon%22%3A%22Kullan%C4%B1c%C4%B1%20Dostu%20Tasar%C4%B1m%22%2C%22text_icon%22%3A%22Sadelik%20odakl%C4%B1%20tasarlanan%20%C3%A7%C3%B6z%C3%BCmlerimiz%2C%20sezgisel%20kontrolleri%20ve%20kolay%20anla%C5%9F%C4%B1l%C4%B1r%20i%C5%9Flemleriyle%20operasyonlar%C4%B1n%C4%B1z%C4%B1%20sorunsuz%20hale%20getirir.%5CnH%C4%B1zl%C4%B1%20i%C3%A7ecek%20haz%C4%B1rlamadan%20kolay%20servise%20kadar%20%C3%BCr%C3%BCnlerimiz%2C%20personelinizin%20stresini%20azaltmaya%20ve%20verimlili%C4%9Fini%20art%C4%B1rmaya%20yard%C4%B1mc%C4%B1%20olur.%5Cn%22%7D%2C%7B%22icon_electroluxpro%22%3A%22elx-icon%20icon-glass-fork%22%2C%22title_icon%22%3A%22Hijyen%20ve%20Kolay%20Bak%C4%B1m%22%2C%22text_icon%22%3A%22Temizlik%20en%20%C3%B6nemli%20unsurdur.%20Zahmetsiz%20temizlik%20ve%20bak%C4%B1m%20i%C3%A7in%20tasarlanan%20%C3%A7%C3%B6z%C3%BCmlerimiz%2C%20hijyen%20standartlar%C4%B1n%C4%B1%20koruman%C4%B1za%20yard%C4%B1mc%C4%B1%20olurken%20ar%C4%B1za%20s%C3%BCresini%20de%20en%20aza%20indirir.%20%5CnEkipmanlar%C4%B1n%20bak%C4%B1m%C4%B1na%20de%C4%9Fil%2C%20m%C3%BC%C5%9Fterilerinize%20hizmet%20etmeye%20odaklan%C4%B1n.%22%7D%5D&#8221;][\/elx_features_download][vc_empty_space][\/vc_column][\/vc_row][vc_row el_id=&#8221;products&#8221;][vc_column][vc_empty_space][elx_heading text_color=&#8221;inherit&#8221; text_align=&#8221;text-center&#8221;]Denizcilik sekt\u00f6r\u00fcne y\u00f6nelik \u0130\u00e7ecek \u00c7\u00f6z\u00fcmleri hakk\u0131nda daha fazla bilgi edinin[\/elx_heading][vc_empty_space][elx_product_showcase number_columns=&#8221;3&#8243; order_col1=&#8221;1&#8243; image_col1=&#8221;18934&#8243; order_col2=&#8221;2&#8243; image_col2=&#8221;18937&#8243; order_col3=&#8221;3&#8243; image_col3=&#8221;18939&#8243; order_col4=&#8221;4&#8243; bg_row=&#8221;bg-download-white&#8221; title_col1=&#8221;Kahve \u00d6\u011f\u00fct\u00fcc\u00fcler&#8221; title_col2=&#8221;Espresso Kahve Makineleri&#8221; title_col3=&#8221;S\u0131cak \u0130\u00e7ecek Dispenserleri&#8221; link_col1=&#8221;url:https%3A%2F%2Fwww.electroluxprofessional.com%2Ftr%2Fisletmeniz-icin-icecek-cozumleri%2Fkahve-ogutuculer-2%2F|target:_blank&#8221; link_col2=&#8221;url:https%3A%2F%2Fwww.electroluxprofessional.com%2Ftr%2Fisletmeniz-icin-icecek-cozumleri%2Fespresso-kahve-makineleri%2F|target:_blank&#8221; link_col3=&#8221;url:https%3A%2F%2Fwww.electroluxprofessional.com%2Ftr%2Fisletmeniz-icin-icecek-cozumleri%2Fsicak-icecek-dispenserleri%2F|target:_blank&#8221;][vc_empty_space][elx_product_showcase number_columns=&#8221;3&#8243; order_col1=&#8221;1&#8243; image_col1=&#8221;18935&#8243; order_col2=&#8221;2&#8243; image_col2=&#8221;18938&#8243; order_col3=&#8221;3&#8243; image_col3=&#8221;18940&#8243; order_col4=&#8221;4&#8243; bg_row=&#8221;bg-download-white&#8221; title_col1=&#8221;So\u011fuk \u0130\u00e7ecek Dispenserleri&#8221; title_col2=&#8221;So\u011fuk Meyve Suyu Dispenserleri&#8221; title_col3=&#8221;Dondurulmu\u015f i\u00e7ecek ve krema dispenserleri&#8221; link_col1=&#8221;url:https%3A%2F%2Fwww.electroluxprofessional.com%2Ftr%2Fbeverage-solutions%2Fcold-beverage-dispensers%2F|target:_blank&#8221; link_col2=&#8221;url:https%3A%2F%2Fwww.electroluxprofessional.com%2Ftr%2Fisletmeniz-icin-icecek-cozumleri%2Fsoguk-meyve-suyu-dispenserleri%2F|target:_blank&#8221; link_col3=&#8221;url:https%3A%2F%2Fwww.electroluxprofessional.com%2Ftr%2Fisletmeniz-icin-icecek-cozumleri%2Fdondurulmus-icecekler-ve-krema-dispenserleri%2F|target:_blank&#8221;][vc_empty_space][elx_product_showcase number_columns=&#8221;2&#8243; order_col1=&#8221;1&#8243; image_col1=&#8221;18936&#8243; order_col2=&#8221;2&#8243; order_col3=&#8221;3&#8243; order_col4=&#8221;4&#8243; bg_row=&#8221;bg-download-white&#8221; title_col1=&#8221;Yumu\u015fak Dondurma \u00e7\u00f6z\u00fcmleri&#8221; link_col1=&#8221;url:https%3A%2F%2Fwww.electroluxprofessional.com%2Ftr%2Fbeverage-solutions%2Fsoft-serve%2F|target:_blank&#8221;][vc_empty_space][\/vc_column][\/vc_row][vc_row el_id=&#8221;contactus&#8221;][vc_column][elx_heading text_color=&#8221;inherit&#8221; text_align=&#8221;text-center&#8221;]\u0130\u00e7ecek \u00c7\u00f6z\u00fcmlerimizin i\u015fletmenize neler kazand\u0131rabilece\u011fini ke\u015ffedin[\/elx_heading][vc_empty_space][elx_o2000_contact_us][\/vc_column][\/vc_row]<\/p>\n","protected":false},"excerpt":{"rendered":"<p>[vc_row full_width=&#8221;electroluxpro-full-width-no-padding&#8221;][vc_column][elx_image_block background_image=&#8221;18933&#8243; minimum_height=&#8221;400px&#8221;][vc_empty_space][\/vc_column][\/vc_row][vc_row][vc_column][elx_heading font_container=&#8221;h1&#8243; text_color=&#8221;inherit&#8221;]Eksiksiz \u0130\u00e7ecek \u00c7\u00f6z\u00fcmleri[\/elx_heading][vc_empty_space][vc_column_text]Benzersiz kalite ve g\u00fcvenilirlikle \u00e7ok \u00e7e\u015fitli i\u015fletmelerin kendine \u00f6zg\u00fc ihtiya\u00e7lar\u0131n\u0131 kar\u015f\u0131lamak \u00fczere tasarlanan, m\u00fckemmel kahve, s\u0131cak ve so\u011fuk i\u00e7ecekler, meyve sular\u0131 ve yumu\u015fak dondurma i\u00e7in \u00f6zel olarak geli\u015ftirilen \u00e7\u00f6z\u00fcmlerimizle m\u00fckemmel bir deneyim yarat\u0131n.[\/vc_column_text][vc_empty_space][elx_button button_text=&#8221;CONTACT US&#8221; button_style=&#8221;default&#8221; button_link=&#8221;url:%23contactus&#8221;][vc_empty_space height=&#8221;60px&#8221;][\/vc_column][\/vc_row][vc_row full_width=&#8221;electroluxpro-full-width-no-padding&#8221;][vc_column][elx_features_download title=&#8221;Neden Electrolux Professional \u0130\u00e7ecek \u00c7\u00f6z\u00fcmlerini Se\u00e7melisiniz?&#8221; class_title=&#8221;h2&#8243; bg_discover_color=&#8221;bg-download-white&#8221; link_discover_color=&#8221;download-text-blue&#8221; [&hellip;]<\/p>\n","protected":false},"author":40,"featured_media":18933,"parent":1508,"menu_order":0,"comment_status":"closed","ping_status":"closed","template":"","meta":{"footnotes":""},"class_list":["post-18941","page","type-page","status-publish","has-post-thumbnail","hentry"],"acf":[],"yoast_head":"<!-- This site is optimized with the Yoast SEO plugin v23.3 - https:\/\/yoast.com\/wordpress\/plugins\/seo\/ -->\n<title>Eksiksiz \u0130\u00e7ecek \u00c7\u00f6z\u00fcmleri - Electrolux Professional T\u00fcrkiye<\/title>\n<meta name=\"description\" content=\"Premium i\u00e7ecek ve dondurma \u00e7\u00f6z\u00fcmlerimizle yolculu\u011funuzu lezzetle ta\u00e7land\u0131r\u0131n \u2013 kalite ve konfor bir arada!\" \/>\n<meta name=\"robots\" content=\"index, follow, max-snippet:-1, max-image-preview:large, max-video-preview:-1\" \/>\n<link rel=\"canonical\" href=\"https:\/\/www.electroluxprofessional.com\/tr\/isletmenize-yonelik-cozumler\/icecek-cozumleri\/\" \/>\n<meta property=\"og:locale\" content=\"tr_TR\" \/>\n<meta property=\"og:type\" content=\"article\" \/>\n<meta property=\"og:title\" content=\"Eksiksiz \u0130\u00e7ecek \u00c7\u00f6z\u00fcmleri - Electrolux Professional T\u00fcrkiye\" \/>\n<meta property=\"og:description\" content=\"Premium i\u00e7ecek ve dondurma \u00e7\u00f6z\u00fcmlerimizle yolculu\u011funuzu lezzetle ta\u00e7land\u0131r\u0131n \u2013 kalite ve konfor bir arada!\" \/>\n<meta property=\"og:url\" content=\"https:\/\/www.electroluxprofessional.com\/tr\/isletmenize-yonelik-cozumler\/icecek-cozumleri\/\" \/>\n<meta property=\"og:site_name\" content=\"Electrolux Professional T\u00fcrkiye\" \/>\n<meta property=\"article:modified_time\" content=\"2025-08-01T07:23:06+00:00\" \/>\n<meta property=\"og:image\" content=\"https:\/\/www.electroluxprofessional.com\/tr\/wp-content\/uploads\/2024\/12\/Coffee-tea-and-beverages-homebanner-2000x580-1.jpg\" \/>\n\t<meta property=\"og:image:width\" content=\"2000\" \/>\n\t<meta property=\"og:image:height\" content=\"579\" \/>\n\t<meta property=\"og:image:type\" content=\"image\/jpeg\" \/>\n<meta name=\"twitter:card\" content=\"summary_large_image\" \/>\n<meta name=\"twitter:label1\" content=\"Tahmini okuma s\u00fcresi\" \/>\n\t<meta name=\"twitter:data1\" content=\"2 dakika\" \/>\n<script type=\"application\/ld+json\" class=\"yoast-schema-graph\">{\"@context\":\"https:\/\/schema.org\",\"@graph\":[{\"@type\":\"WebPage\",\"@id\":\"https:\/\/www.electroluxprofessional.com\/tr\/isletmenize-yonelik-cozumler\/icecek-cozumleri\/\",\"url\":\"https:\/\/www.electroluxprofessional.com\/tr\/isletmenize-yonelik-cozumler\/icecek-cozumleri\/\",\"name\":\"Eksiksiz \u0130\u00e7ecek \u00c7\u00f6z\u00fcmleri - Electrolux Professional T\u00fcrkiye\",\"isPartOf\":{\"@id\":\"https:\/\/www.electroluxprofessional.com\/tr\/#website\"},\"primaryImageOfPage\":{\"@id\":\"https:\/\/www.electroluxprofessional.com\/tr\/isletmenize-yonelik-cozumler\/icecek-cozumleri\/#primaryimage\"},\"image\":{\"@id\":\"https:\/\/www.electroluxprofessional.com\/tr\/isletmenize-yonelik-cozumler\/icecek-cozumleri\/#primaryimage\"},\"thumbnailUrl\":\"https:\/\/www.electroluxprofessional.com\/tr\/wp-content\/uploads\/2024\/12\/Coffee-tea-and-beverages-homebanner-2000x580-1.jpg\",\"datePublished\":\"2024-12-28T23:20:04+00:00\",\"dateModified\":\"2025-08-01T07:23:06+00:00\",\"description\":\"Premium i\u00e7ecek ve dondurma \u00e7\u00f6z\u00fcmlerimizle yolculu\u011funuzu lezzetle ta\u00e7land\u0131r\u0131n \u2013 kalite ve konfor bir arada!\",\"breadcrumb\":{\"@id\":\"https:\/\/www.electroluxprofessional.com\/tr\/isletmenize-yonelik-cozumler\/icecek-cozumleri\/#breadcrumb\"},\"inLanguage\":\"tr\",\"potentialAction\":[{\"@type\":\"ReadAction\",\"target\":[\"https:\/\/www.electroluxprofessional.com\/tr\/isletmenize-yonelik-cozumler\/icecek-cozumleri\/\"]}]},{\"@type\":\"ImageObject\",\"inLanguage\":\"tr\",\"@id\":\"https:\/\/www.electroluxprofessional.com\/tr\/isletmenize-yonelik-cozumler\/icecek-cozumleri\/#primaryimage\",\"url\":\"https:\/\/www.electroluxprofessional.com\/tr\/wp-content\/uploads\/2024\/12\/Coffee-tea-and-beverages-homebanner-2000x580-1.jpg\",\"contentUrl\":\"https:\/\/www.electroluxprofessional.com\/tr\/wp-content\/uploads\/2024\/12\/Coffee-tea-and-beverages-homebanner-2000x580-1.jpg\",\"width\":2000,\"height\":579},{\"@type\":\"BreadcrumbList\",\"@id\":\"https:\/\/www.electroluxprofessional.com\/tr\/isletmenize-yonelik-cozumler\/icecek-cozumleri\/#breadcrumb\",\"itemListElement\":[{\"@type\":\"ListItem\",\"position\":1,\"name\":\"Home\",\"item\":\"https:\/\/www.electroluxprofessional.com\/tr\/\"},{\"@type\":\"ListItem\",\"position\":2,\"name\":\"\u0130\u015fletmenize Y\u00f6nelik \u00c7\u00f6z\u00fcmler\",\"item\":\"https:\/\/www.electroluxprofessional.com\/tr\/isletmenize-yonelik-cozumler\/\"},{\"@type\":\"ListItem\",\"position\":3,\"name\":\"Eksiksiz \u0130\u00e7ecek \u00c7\u00f6z\u00fcmleri\"}]},{\"@type\":\"WebSite\",\"@id\":\"https:\/\/www.electroluxprofessional.com\/tr\/#website\",\"url\":\"https:\/\/www.electroluxprofessional.com\/tr\/\",\"name\":\"Electrolux Professional T\u00fcrkiye\",\"description\":\"\",\"potentialAction\":[{\"@type\":\"SearchAction\",\"target\":{\"@type\":\"EntryPoint\",\"urlTemplate\":\"https:\/\/www.electroluxprofessional.com\/tr\/?src={search_term_string}\"},\"query-input\":\"required name=search_term_string\"}],\"inLanguage\":\"tr\"}]}<\/script>\n<!-- \/ Yoast SEO plugin. -->","yoast_head_json":{"title":"Eksiksiz \u0130\u00e7ecek \u00c7\u00f6z\u00fcmleri - Electrolux Professional T\u00fcrkiye","description":"Premium i\u00e7ecek ve dondurma \u00e7\u00f6z\u00fcmlerimizle yolculu\u011funuzu lezzetle ta\u00e7land\u0131r\u0131n \u2013 kalite ve konfor bir arada!","robots":{"index":"index","follow":"follow","max-snippet":"max-snippet:-1","max-image-preview":"max-image-preview:large","max-video-preview":"max-video-preview:-1"},"canonical":"https:\/\/www.electroluxprofessional.com\/tr\/isletmenize-yonelik-cozumler\/icecek-cozumleri\/","og_locale":"tr_TR","og_type":"article","og_title":"Eksiksiz \u0130\u00e7ecek \u00c7\u00f6z\u00fcmleri - Electrolux Professional T\u00fcrkiye","og_description":"Premium i\u00e7ecek ve dondurma \u00e7\u00f6z\u00fcmlerimizle yolculu\u011funuzu lezzetle ta\u00e7land\u0131r\u0131n \u2013 kalite ve konfor bir arada!","og_url":"https:\/\/www.electroluxprofessional.com\/tr\/isletmenize-yonelik-cozumler\/icecek-cozumleri\/","og_site_name":"Electrolux Professional T\u00fcrkiye","article_modified_time":"2025-08-01T07:23:06+00:00","og_image":[{"width":2000,"height":579,"url":"https:\/\/www.electroluxprofessional.com\/tr\/wp-content\/uploads\/2024\/12\/Coffee-tea-and-beverages-homebanner-2000x580-1.jpg","type":"image\/jpeg"}],"twitter_card":"summary_large_image","twitter_misc":{"Tahmini okuma s\u00fcresi":"2 dakika"},"schema":{"@context":"https:\/\/schema.org","@graph":[{"@type":"WebPage","@id":"https:\/\/www.electroluxprofessional.com\/tr\/isletmenize-yonelik-cozumler\/icecek-cozumleri\/","url":"https:\/\/www.electroluxprofessional.com\/tr\/isletmenize-yonelik-cozumler\/icecek-cozumleri\/","name":"Eksiksiz \u0130\u00e7ecek \u00c7\u00f6z\u00fcmleri - Electrolux Professional T\u00fcrkiye","isPartOf":{"@id":"https:\/\/www.electroluxprofessional.com\/tr\/#website"},"primaryImageOfPage":{"@id":"https:\/\/www.electroluxprofessional.com\/tr\/isletmenize-yonelik-cozumler\/icecek-cozumleri\/#primaryimage"},"image":{"@id":"https:\/\/www.electroluxprofessional.com\/tr\/isletmenize-yonelik-cozumler\/icecek-cozumleri\/#primaryimage"},"thumbnailUrl":"https:\/\/www.electroluxprofessional.com\/tr\/wp-content\/uploads\/2024\/12\/Coffee-tea-and-beverages-homebanner-2000x580-1.jpg","datePublished":"2024-12-28T23:20:04+00:00","dateModified":"2025-08-01T07:23:06+00:00","description":"Premium i\u00e7ecek ve dondurma \u00e7\u00f6z\u00fcmlerimizle yolculu\u011funuzu lezzetle ta\u00e7land\u0131r\u0131n \u2013 kalite ve konfor bir arada!","breadcrumb":{"@id":"https:\/\/www.electroluxprofessional.com\/tr\/isletmenize-yonelik-cozumler\/icecek-cozumleri\/#breadcrumb"},"inLanguage":"tr","potentialAction":[{"@type":"ReadAction","target":["https:\/\/www.electroluxprofessional.com\/tr\/isletmenize-yonelik-cozumler\/icecek-cozumleri\/"]}]},{"@type":"ImageObject","inLanguage":"tr","@id":"https:\/\/www.electroluxprofessional.com\/tr\/isletmenize-yonelik-cozumler\/icecek-cozumleri\/#primaryimage","url":"https:\/\/www.electroluxprofessional.com\/tr\/wp-content\/uploads\/2024\/12\/Coffee-tea-and-beverages-homebanner-2000x580-1.jpg","contentUrl":"https:\/\/www.electroluxprofessional.com\/tr\/wp-content\/uploads\/2024\/12\/Coffee-tea-and-beverages-homebanner-2000x580-1.jpg","width":2000,"height":579},{"@type":"BreadcrumbList","@id":"https:\/\/www.electroluxprofessional.com\/tr\/isletmenize-yonelik-cozumler\/icecek-cozumleri\/#breadcrumb","itemListElement":[{"@type":"ListItem","position":1,"name":"Home","item":"https:\/\/www.electroluxprofessional.com\/tr\/"},{"@type":"ListItem","position":2,"name":"\u0130\u015fletmenize Y\u00f6nelik \u00c7\u00f6z\u00fcmler","item":"https:\/\/www.electroluxprofessional.com\/tr\/isletmenize-yonelik-cozumler\/"},{"@type":"ListItem","position":3,"name":"Eksiksiz \u0130\u00e7ecek \u00c7\u00f6z\u00fcmleri"}]},{"@type":"WebSite","@id":"https:\/\/www.electroluxprofessional.com\/tr\/#website","url":"https:\/\/www.electroluxprofessional.com\/tr\/","name":"Electrolux Professional T\u00fcrkiye","description":"","potentialAction":[{"@type":"SearchAction","target":{"@type":"EntryPoint","urlTemplate":"https:\/\/www.electroluxprofessional.com\/tr\/?src={search_term_string}"},"query-input":"required name=search_term_string"}],"inLanguage":"tr"}]}},"_links":{"self":[{"href":"https:\/\/www.electroluxprofessional.com\/tr\/wp-json\/wp\/v2\/pages\/18941"}],"collection":[{"href":"https:\/\/www.electroluxprofessional.com\/tr\/wp-json\/wp\/v2\/pages"}],"about":[{"href":"https:\/\/www.electroluxprofessional.com\/tr\/wp-json\/wp\/v2\/types\/page"}],"author":[{"embeddable":true,"href":"https:\/\/www.electroluxprofessional.com\/tr\/wp-json\/wp\/v2\/users\/40"}],"replies":[{"embeddable":true,"href":"https:\/\/www.electroluxprofessional.com\/tr\/wp-json\/wp\/v2\/comments?post=18941"}],"version-history":[{"count":9,"href":"https:\/\/www.electroluxprofessional.com\/tr\/wp-json\/wp\/v2\/pages\/18941\/revisions"}],"predecessor-version":[{"id":21786,"href":"https:\/\/www.electroluxprofessional.com\/tr\/wp-json\/wp\/v2\/pages\/18941\/revisions\/21786"}],"up":[{"embeddable":true,"href":"https:\/\/www.electroluxprofessional.com\/tr\/wp-json\/wp\/v2\/pages\/1508"}],"wp:featuredmedia":[{"embeddable":true,"href":"https:\/\/www.electroluxprofessional.com\/tr\/wp-json\/wp\/v2\/media\/18933"}],"wp:attachment":[{"href":"https:\/\/www.electroluxprofessional.com\/tr\/wp-json\/wp\/v2\/media?parent=18941"}],"curies":[{"name":"wp","href":"https:\/\/api.w.org\/{rel}","templated":true}]}}