{"id":18825,"date":"2024-12-04T20:03:02","date_gmt":"2024-12-04T20:03:02","guid":{"rendered":"https:\/\/www.electroluxprofessional.com\/tr\/?page_id=18825"},"modified":"2025-09-04T09:32:39","modified_gmt":"2025-09-04T09:32:39","slug":"bizimle-iletisime-gecin","status":"publish","type":"page","link":"https:\/\/www.electroluxprofessional.com\/tr\/bizimle-iletisime-gecin\/","title":{"rendered":"Bizimle \u0130leti\u015fime ge\u00e7in"},"content":{"rendered":"<p>[vc_row full_width=&#8221;electroluxpro-full-width-no-padding&#8221;][vc_column][elx_hero_title label=&#8221;&#8221; label_background_color=&#8221;inherit&#8221; background_image=&#8221;18783&#8243;][elx_heading text_color=&#8221;inherit&#8221;][\/elx_heading][\/elx_hero_title][\/vc_column][\/vc_row][vc_row][vc_column][elx_heading font_container=&#8221;h1&#8243; text_color=&#8221;inherit&#8221;]Bizimle ileti\u015fime ge\u00e7in[\/elx_heading][\/vc_column][\/vc_row][vc_row][vc_column width=&#8221;1\/2&#8243;][vc_empty_space height=&#8221;14px&#8221;][vc_single_image image=&#8221;763&#8243; img_size=&#8221;full&#8221; alignment=&#8221;center&#8221;][vc_empty_space height=&#8221;30px&#8221;][elx_heading font_size=&#8221;h3&#8243; text_color=&#8221;inherit&#8221;]Her zaman yak\u0131n.<br \/>\nHer zaman yan\u0131n\u0131zda.[\/elx_heading][vc_empty_space height=&#8221;12px&#8221;][elx_button button_text=&#8221;Bayi ve Servis Arama&#8221; button_link=&#8221;url:https%3A%2F%2Fwww.electroluxprofessional.com%2Ftr%2Fbayi-ve-servis-arama%2F|title:Bayi%20bulunuz&#8221;][\/vc_column][vc_column width=&#8221;1\/2&#8243;][elx_o2000_contact_us container=&#8221;elxcontactus1493279134&#8243; r=&#8221;I&#8217;d like to find out more about your FOOD and LAUNDRY solutions, please get in touch with me.&#8221; l=&#8221;en&#8221;][\/vc_column][\/vc_row][vc_row][vc_column][vc_empty_space][\/vc_column][\/vc_row]<\/p>\n","protected":false},"excerpt":{"rendered":"<p>[vc_row full_width=&#8221;electroluxpro-full-width-no-padding&#8221;][vc_column][elx_hero_title label=&#8221;&#8221; label_background_color=&#8221;inherit&#8221; background_image=&#8221;18783&#8243;][elx_heading text_color=&#8221;inherit&#8221;][\/elx_heading][\/elx_hero_title][\/vc_column][\/vc_row][vc_row][vc_column][elx_heading font_container=&#8221;h1&#8243; text_color=&#8221;inherit&#8221;]Bizimle ileti\u015fime ge\u00e7in[\/elx_heading][\/vc_column][\/vc_row][vc_row][vc_column width=&#8221;1\/2&#8243;][vc_empty_space height=&#8221;14px&#8221;][vc_single_image image=&#8221;763&#8243; img_size=&#8221;full&#8221; alignment=&#8221;center&#8221;][vc_empty_space height=&#8221;30px&#8221;][elx_heading font_size=&#8221;h3&#8243; text_color=&#8221;inherit&#8221;]Her zaman yak\u0131n. Her zaman yan\u0131n\u0131zda.[\/elx_heading][vc_empty_space height=&#8221;12px&#8221;][elx_button button_text=&#8221;Bayi ve Servis Arama&#8221; button_link=&#8221;url:https%3A%2F%2Fwww.electroluxprofessional.com%2Ftr%2Fbayi-ve-servis-arama%2F|title:Bayi%20bulunuz&#8221;][\/vc_column][vc_column width=&#8221;1\/2&#8243;][elx_o2000_contact_us container=&#8221;elxcontactus1493279134&#8243; r=&#8221;I&#8217;d like to find out more about your FOOD and LAUNDRY solutions, please get in touch with me.&#8221; l=&#8221;en&#8221;][\/vc_column][\/vc_row][vc_row][vc_column][vc_empty_space][\/vc_column][\/vc_row]<\/p>\n","protected":false},"author":40,"featured_media":0,"parent":0,"menu_order":0,"comment_status":"closed","ping_status":"closed","template":"","meta":{"footnotes":""},"class_list":["post-18825","page","type-page","status-publish","hentry"],"acf":[],"yoast_head":"<!-- This site is optimized with the Yoast SEO plugin v23.3 - https:\/\/yoast.com\/wordpress\/plugins\/seo\/ -->\n<title>Bizimle \u0130leti\u015fime ge\u00e7in - Electrolux Professional T\u00fcrkiye<\/title>\n<meta name=\"description\" content=\"G\u0131da ve \u00e7ama\u015f\u0131rhane \u00e7\u00f6z\u00fcmleri hakk\u0131nda daha fazla bilgi i\u00e7in bizimle ileti\u015fime ge\u00e7in. Uzmanlar\u0131m\u0131z sizinle en k\u0131sa s\u00fcrede ileti\u015fime ge\u00e7ecektir\" \/>\n<meta name=\"robots\" content=\"index, follow, max-snippet:-1, max-image-preview:large, max-video-preview:-1\" \/>\n<link rel=\"canonical\" href=\"https:\/\/www.electroluxprofessional.com\/tr\/bizimle-iletisime-gecin\/\" \/>\n<meta property=\"og:locale\" content=\"tr_TR\" \/>\n<meta property=\"og:type\" content=\"article\" \/>\n<meta property=\"og:title\" content=\"Bizimle \u0130leti\u015fime ge\u00e7in - Electrolux Professional T\u00fcrkiye\" \/>\n<meta property=\"og:description\" content=\"G\u0131da ve \u00e7ama\u015f\u0131rhane \u00e7\u00f6z\u00fcmleri hakk\u0131nda daha fazla bilgi i\u00e7in bizimle ileti\u015fime ge\u00e7in. Uzmanlar\u0131m\u0131z sizinle en k\u0131sa s\u00fcrede ileti\u015fime ge\u00e7ecektir\" \/>\n<meta property=\"og:url\" content=\"https:\/\/www.electroluxprofessional.com\/tr\/bizimle-iletisime-gecin\/\" \/>\n<meta property=\"og:site_name\" content=\"Electrolux Professional T\u00fcrkiye\" \/>\n<meta property=\"article:modified_time\" content=\"2025-09-04T09:32:39+00:00\" \/>\n<meta name=\"twitter:card\" content=\"summary_large_image\" \/>\n<meta name=\"twitter:label1\" content=\"Tahmini okuma s\u00fcresi\" \/>\n\t<meta name=\"twitter:data1\" content=\"1 dakika\" \/>\n<script type=\"application\/ld+json\" class=\"yoast-schema-graph\">{\"@context\":\"https:\/\/schema.org\",\"@graph\":[{\"@type\":\"WebPage\",\"@id\":\"https:\/\/www.electroluxprofessional.com\/tr\/bizimle-iletisime-gecin\/\",\"url\":\"https:\/\/www.electroluxprofessional.com\/tr\/bizimle-iletisime-gecin\/\",\"name\":\"Bizimle \u0130leti\u015fime ge\u00e7in - Electrolux Professional T\u00fcrkiye\",\"isPartOf\":{\"@id\":\"https:\/\/www.electroluxprofessional.com\/tr\/#website\"},\"datePublished\":\"2024-12-04T20:03:02+00:00\",\"dateModified\":\"2025-09-04T09:32:39+00:00\",\"description\":\"G\u0131da ve \u00e7ama\u015f\u0131rhane \u00e7\u00f6z\u00fcmleri hakk\u0131nda daha fazla bilgi i\u00e7in bizimle ileti\u015fime ge\u00e7in. Uzmanlar\u0131m\u0131z sizinle en k\u0131sa s\u00fcrede ileti\u015fime ge\u00e7ecektir\",\"breadcrumb\":{\"@id\":\"https:\/\/www.electroluxprofessional.com\/tr\/bizimle-iletisime-gecin\/#breadcrumb\"},\"inLanguage\":\"tr\",\"potentialAction\":[{\"@type\":\"ReadAction\",\"target\":[\"https:\/\/www.electroluxprofessional.com\/tr\/bizimle-iletisime-gecin\/\"]}]},{\"@type\":\"BreadcrumbList\",\"@id\":\"https:\/\/www.electroluxprofessional.com\/tr\/bizimle-iletisime-gecin\/#breadcrumb\",\"itemListElement\":[{\"@type\":\"ListItem\",\"position\":1,\"name\":\"Home\",\"item\":\"https:\/\/www.electroluxprofessional.com\/tr\/\"},{\"@type\":\"ListItem\",\"position\":2,\"name\":\"Bizimle \u0130leti\u015fime ge\u00e7in\"}]},{\"@type\":\"WebSite\",\"@id\":\"https:\/\/www.electroluxprofessional.com\/tr\/#website\",\"url\":\"https:\/\/www.electroluxprofessional.com\/tr\/\",\"name\":\"Electrolux Professional T\u00fcrkiye\",\"description\":\"\",\"potentialAction\":[{\"@type\":\"SearchAction\",\"target\":{\"@type\":\"EntryPoint\",\"urlTemplate\":\"https:\/\/www.electroluxprofessional.com\/tr\/?src={search_term_string}\"},\"query-input\":\"required name=search_term_string\"}],\"inLanguage\":\"tr\"}]}<\/script>\n<!-- \/ Yoast SEO plugin. -->","yoast_head_json":{"title":"Bizimle \u0130leti\u015fime ge\u00e7in - Electrolux Professional T\u00fcrkiye","description":"G\u0131da ve \u00e7ama\u015f\u0131rhane \u00e7\u00f6z\u00fcmleri hakk\u0131nda daha fazla bilgi i\u00e7in bizimle ileti\u015fime ge\u00e7in. Uzmanlar\u0131m\u0131z sizinle en k\u0131sa s\u00fcrede ileti\u015fime ge\u00e7ecektir","robots":{"index":"index","follow":"follow","max-snippet":"max-snippet:-1","max-image-preview":"max-image-preview:large","max-video-preview":"max-video-preview:-1"},"canonical":"https:\/\/www.electroluxprofessional.com\/tr\/bizimle-iletisime-gecin\/","og_locale":"tr_TR","og_type":"article","og_title":"Bizimle \u0130leti\u015fime ge\u00e7in - Electrolux Professional T\u00fcrkiye","og_description":"G\u0131da ve \u00e7ama\u015f\u0131rhane \u00e7\u00f6z\u00fcmleri hakk\u0131nda daha fazla bilgi i\u00e7in bizimle ileti\u015fime ge\u00e7in. Uzmanlar\u0131m\u0131z sizinle en k\u0131sa s\u00fcrede ileti\u015fime ge\u00e7ecektir","og_url":"https:\/\/www.electroluxprofessional.com\/tr\/bizimle-iletisime-gecin\/","og_site_name":"Electrolux Professional T\u00fcrkiye","article_modified_time":"2025-09-04T09:32:39+00:00","twitter_card":"summary_large_image","twitter_misc":{"Tahmini okuma s\u00fcresi":"1 dakika"},"schema":{"@context":"https:\/\/schema.org","@graph":[{"@type":"WebPage","@id":"https:\/\/www.electroluxprofessional.com\/tr\/bizimle-iletisime-gecin\/","url":"https:\/\/www.electroluxprofessional.com\/tr\/bizimle-iletisime-gecin\/","name":"Bizimle \u0130leti\u015fime ge\u00e7in - Electrolux Professional T\u00fcrkiye","isPartOf":{"@id":"https:\/\/www.electroluxprofessional.com\/tr\/#website"},"datePublished":"2024-12-04T20:03:02+00:00","dateModified":"2025-09-04T09:32:39+00:00","description":"G\u0131da ve \u00e7ama\u015f\u0131rhane \u00e7\u00f6z\u00fcmleri hakk\u0131nda daha fazla bilgi i\u00e7in bizimle ileti\u015fime ge\u00e7in. Uzmanlar\u0131m\u0131z sizinle en k\u0131sa s\u00fcrede ileti\u015fime ge\u00e7ecektir","breadcrumb":{"@id":"https:\/\/www.electroluxprofessional.com\/tr\/bizimle-iletisime-gecin\/#breadcrumb"},"inLanguage":"tr","potentialAction":[{"@type":"ReadAction","target":["https:\/\/www.electroluxprofessional.com\/tr\/bizimle-iletisime-gecin\/"]}]},{"@type":"BreadcrumbList","@id":"https:\/\/www.electroluxprofessional.com\/tr\/bizimle-iletisime-gecin\/#breadcrumb","itemListElement":[{"@type":"ListItem","position":1,"name":"Home","item":"https:\/\/www.electroluxprofessional.com\/tr\/"},{"@type":"ListItem","position":2,"name":"Bizimle \u0130leti\u015fime ge\u00e7in"}]},{"@type":"WebSite","@id":"https:\/\/www.electroluxprofessional.com\/tr\/#website","url":"https:\/\/www.electroluxprofessional.com\/tr\/","name":"Electrolux Professional T\u00fcrkiye","description":"","potentialAction":[{"@type":"SearchAction","target":{"@type":"EntryPoint","urlTemplate":"https:\/\/www.electroluxprofessional.com\/tr\/?src={search_term_string}"},"query-input":"required name=search_term_string"}],"inLanguage":"tr"}]}},"_links":{"self":[{"href":"https:\/\/www.electroluxprofessional.com\/tr\/wp-json\/wp\/v2\/pages\/18825"}],"collection":[{"href":"https:\/\/www.electroluxprofessional.com\/tr\/wp-json\/wp\/v2\/pages"}],"about":[{"href":"https:\/\/www.electroluxprofessional.com\/tr\/wp-json\/wp\/v2\/types\/page"}],"author":[{"embeddable":true,"href":"https:\/\/www.electroluxprofessional.com\/tr\/wp-json\/wp\/v2\/users\/40"}],"replies":[{"embeddable":true,"href":"https:\/\/www.electroluxprofessional.com\/tr\/wp-json\/wp\/v2\/comments?post=18825"}],"version-history":[{"count":3,"href":"https:\/\/www.electroluxprofessional.com\/tr\/wp-json\/wp\/v2\/pages\/18825\/revisions"}],"predecessor-version":[{"id":22045,"href":"https:\/\/www.electroluxprofessional.com\/tr\/wp-json\/wp\/v2\/pages\/18825\/revisions\/22045"}],"wp:attachment":[{"href":"https:\/\/www.electroluxprofessional.com\/tr\/wp-json\/wp\/v2\/media?parent=18825"}],"curies":[{"name":"wp","href":"https:\/\/api.w.org\/{rel}","templated":true}]}}