{"id":18818,"date":"2024-12-04T19:15:29","date_gmt":"2024-12-04T19:15:29","guid":{"rendered":"https:\/\/www.electroluxprofessional.com\/tr\/?page_id=18818"},"modified":"2025-07-31T11:45:27","modified_gmt":"2025-07-31T11:45:27","slug":"danismanlar","status":"publish","type":"page","link":"https:\/\/www.electroluxprofessional.com\/tr\/danismanlar\/","title":{"rendered":"Dan\u0131\u015fmanlar"},"content":{"rendered":"<p>[vc_row full_width=&#8221;electroluxpro-full-width-no-padding&#8221;][vc_column][elx_image_block background_image=&#8221;18809&#8243; minimum_height=&#8221;400px&#8221;][\/vc_column][\/vc_row][vc_row full_width=&#8221;electroluxpro-full-width&#8221;][vc_column width=&#8221;1\/6&#8243;][vc_empty_space][\/vc_column][vc_column width=&#8221;4\/6&#8243;][vc_empty_space][elx_heading font_container=&#8221;h1&#8243; text_color=&#8221;inherit&#8221; text_align=&#8221;text-center&#8221;]Birlikte M\u00fckemmelli\u011fe Ula\u015fmak i\u00e7in<br \/>\nDan\u0131\u015fman Merkezimize Ho\u015f Geldiniz[\/elx_heading][vc_empty_space height=&#8221;20px&#8221;][vc_column_text]<\/p>\n<p style=\"text-align: center;\"><span class=\"Y2IQFc\" lang=\"tr\"><strong>Kapsaml\u0131 \u00fcr\u00fcn belgeleri<\/strong>, <strong>son teknoloji ve s\u00fcrd\u00fcr\u00fclebilir konseptler<\/strong> ve <strong>ola\u011fan\u00fcst\u00fc m\u00fc\u015fteri referanslar\u0131<\/strong> da dahil olmak \u00fczere <strong>\u00f6zel dan\u0131\u015fman alan\u0131m\u0131zdaki<\/strong> zengin kaynaklar\u0131 ke\u015ffedin; hepsi parmaklar\u0131n\u0131z\u0131n ucunda.<\/span><\/p>\n<p>[\/vc_column_text][\/vc_column][vc_column width=&#8221;1\/6&#8243;][vc_empty_space][\/vc_column][\/vc_row][vc_row][vc_column width=&#8221;1\/2&#8243;][vc_empty_space height=&#8221;50px&#8221;][elx_heading text_color=&#8221;inherit&#8221;]Projelerinizi Optimize Edin<br \/>\nD\u00f6k\u00fcman Kitapl\u0131\u011f\u0131m\u0131z\u0131 Ke\u015ffedin[\/elx_heading][vc_column_text]<span class=\"Y2IQFc\" lang=\"tr\">Projeleriniz i\u00e7in gerekli belgelere D\u00f6k\u00fcman Kitapl\u0131\u011f\u0131m\u0131zdan kolayl\u0131kla eri\u015fin. \u0130htiyac\u0131n\u0131z olan\u0131 h\u0131zla bulun Projelerinizi kolayla\u015ft\u0131r\u0131n ve ba\u015far\u0131lar\u0131n\u0131 sa\u011flay\u0131n.<\/span>[\/vc_column_text][vc_empty_space][elx_button button_text=&#8221;D\u00d6K\u00dcMAN K\u00dcT\u00dcPHANES\u0130NE G\u0130D\u0130N&#8221; button_style=&#8221;secondary&#8221; button_link=&#8221;url:https%3A%2F%2Fwww.electroluxprofessional.com%2Ftr%2Fdanismanlar-giris%2F|title:Dan%C4%B1%C5%9Fmanlar%20Dok%C3%BCman%20K%C3%BCt%C3%BCphanesi&#8221;][\/vc_column][vc_column width=&#8221;1\/2&#8243;][vc_empty_space height=&#8221;50px&#8221;][vc_single_image image=&#8221;18810&#8243; img_size=&#8221;500&#215;300&#8243; alignment=&#8221;center&#8221;][vc_empty_space height=&#8221;50px&#8221;][\/vc_column][\/vc_row][vc_row css=&#8221;.vc_custom_1716211814536{background-color: #e9eff5 !important;}&#8221;][vc_column][vc_empty_space][elx_heading text_color=&#8221;inherit&#8221;]G\u00fc\u00e7lendirici \u0130novasyon<br \/>\nGeli\u015fmi\u015f Verimlilik ve S\u00fcrd\u00fcr\u00fclebilirlik i\u00e7in Fikirleri ve Konseptleri Ke\u015ffedin[\/elx_heading][vc_column_text]<span class=\"Y2IQFc\" lang=\"tr\">M\u00fc\u015fterilerimizin i\u015f hayat\u0131n\u0131 her g\u00fcn daha kolay, daha karl\u0131 ve ger\u00e7ekten s\u00fcrd\u00fcr\u00fclebilir hale getirme misyonumuzla hareket ediyoruz.<\/span> Burada, <span class=\"Y2IQFc\" lang=\"tr\">Electrolux Professional&#8217;\u0131n anahtar\u0131 olan <strong>ilham verici fikir ve konseptleri<\/strong> bulacaks\u0131n\u0131z.<\/span>[\/vc_column_text][vc_empty_space height=&#8221;20px&#8221;][\/vc_column][\/vc_row][vc_row css=&#8221;.vc_custom_1716211820431{background-color: #e9eff5 !important;}&#8221;][vc_column width=&#8221;1\/3&#8243;][vc_single_image image=&#8221;19503&#8243; img_size=&#8221;Full&#8221; alignment=&#8221;center&#8221;][vc_empty_space height=&#8221;20px&#8221;][vc_column_text]<strong>S\u00fcrd\u00fcr\u00fclebilir restoranlarda ve yemek servisi sekt\u00f6r\u00fcnde ekolojik devrimler: mutlaka bilmeniz gereken yenilikler<\/strong><br \/>\n<a href=\"https:\/\/www.electroluxprofessional.com\/tr\/haberler-restoranlar-icin-surdurulebilirlik\/\">Devam\u0131n\u0131 okuyun &gt;<\/a>[\/vc_column_text][vc_empty_space height=&#8221;20px&#8221;][\/vc_column][vc_column width=&#8221;1\/3&#8243;][vc_single_image image=&#8221;19042&#8243; img_size=&#8221;FULL&#8221; alignment=&#8221;center&#8221;][vc_empty_space height=&#8221;20px&#8221;][vc_column_text]<strong>Oteliniz i\u00e7in \u00e7evre dostu \u00e7ama\u015f\u0131rhane uygulamalar\u0131<\/strong><br \/>\n<a href=\"https:\/\/www.electroluxprofessional.com\/tr\/post-eco-friendly-laundry-hotels-2\/\">Devam\u0131n\u0131 okuyun &gt;<\/a>[\/vc_column_text][vc_empty_space height=&#8221;20px&#8221;][\/vc_column][vc_column width=&#8221;1\/3&#8243;][vc_single_image image=&#8221;21703&#8243; img_size=&#8221;FULL&#8221; alignment=&#8221;center&#8221;][vc_empty_space height=&#8221;20px&#8221;][vc_column_text]<strong>Mutfa\u011f\u0131n\u0131zda s\u0131f\u0131r at\u0131k m\u00fcmk\u00fcn m\u00fc?<\/strong><br \/>\n<a href=\"https:\/\/www.electroluxprofessional.com\/tr\/zero-waste-kitchen-blog-post\/\">Devam\u0131n\u0131 okuyun &gt;<\/a>[\/vc_column_text][vc_empty_space height=&#8221;20px&#8221;][\/vc_column][\/vc_row][vc_row css=&#8221;.vc_custom_1716211839097{background-color: #e9eff5 !important;}&#8221;][vc_column][vc_empty_space][elx_button button_text=&#8221;T\u00dcM KONSEPTLER\u0130 G\u00d6R\u00dcNT\u00dcLEY\u0130N&#8221; button_style=&#8221;secondary&#8221; button_link=&#8221;url:https%3A%2F%2Fwww.electroluxprofessional.com%2Ftr%2Fguclendirici-inovasyon%2F|title:T%C3%9CM%20KONSEPTLER%C4%B0%20G%C3%96R%C3%9CNT%C3%9CLEY%C4%B0N|target:_blank&#8221;][vc_empty_space][\/vc_column][\/vc_row][vc_row full_width=&#8221;electroluxpro-container-no-padding&#8221; css=&#8221;.vc_custom_1716210401859{background-color: #ffffff !important;}&#8221;][vc_column width=&#8221;1\/6&#8243;][vc_empty_space][\/vc_column][vc_column width=&#8221;4\/6&#8243;][vc_empty_space][elx_heading font_size=&#8221;h1&#8243; text_color=&#8221;electrolux-blue&#8221; text_align=&#8221;text-center&#8221;]Molteni &#8211; Efsanenin par\u00e7as\u0131 olun[\/elx_heading][vc_empty_space][elx_text_image number_images=&#8221;n&#8221; style_image=&#8221;image_square&#8221; image_position=&#8221;image_left&#8221; columns_proportion=&#8221;half&#8221; bg_row=&#8221;bg-download-white&#8221; lists=&#8221;%5B%7B%7D%5D&#8221; values=&#8221;%5B%7B%7D%5D&#8221; link=&#8221;url:https%3A%2F%2Fwww.molteni.com%2F|title:Molteni&#8217;yi%20ke%C5%9Ffedin|target:_blank&#8221; multi_images=&#8221;18815,18816,18817&#8243;]<span class=\"Y2IQFc\" lang=\"tr\">Hayaller bir \u015feydir, onlar\u0131 ger\u00e7e\u011fe d\u00f6n\u00fc\u015ft\u00fcrmek ise bamba\u015fka bir \u015feydir ve ger\u00e7ek uzmanl\u0131k ve \u00f6zveri gerektirir.<\/span><\/p>\n<p><span class=\"Y2IQFc\" lang=\"tr\"><strong>Ustal\u0131\u011f\u0131m\u0131z<\/strong> ve <strong>uzun s\u00fcredir devam eden gelene\u011fimiz<\/strong>, profesyonel mutfak d\u00fcnyas\u0131nda se\u00e7kin bir itibar kazanm\u0131\u015ft\u0131r.<\/span><\/p>\n<p><strong><span class=\"Y2IQFc\" lang=\"tr\">Molteni ile yarat\u0131c\u0131l\u0131\u011f\u0131n\u0131z\u0131n s\u0131n\u0131r\u0131 yok.<\/span><\/strong>[\/elx_text_image][vc_empty_space][\/vc_column][vc_column width=&#8221;1\/6&#8243;][vc_empty_space][\/vc_column][\/vc_row][vc_row css=&#8221;.vc_custom_1716211877110{background-color: #e9eff5 !important;}&#8221; el_id=&#8221;references&#8221;][vc_column][elx_heading text_color=&#8221;electrolux-blue&#8221; text_align=&#8221;text-center&#8221;]M\u00fc\u015fteri Referans Alan\u0131m\u0131z\u0131 Ke\u015ffedin[\/elx_heading][vc_empty_space height=&#8221;20px&#8221;][vc_row_inner css=&#8221;.vc_custom_1716211884170{padding-bottom: 20px !important;background-color: #e9eff5 !important;}&#8221;][vc_column_inner width=&#8221;1\/3&#8243;][vc_single_image image=&#8221;12645&#8243; img_size=&#8221;400&#215;300&#8243; alignment=&#8221;center&#8221;][vc_column_text css=&#8221;.vc_custom_1753962137999{padding-right: 10px !important;padding-left: 10px !important;}&#8221;]<\/p>\n<h3>Zula<\/h3>\n<h6>\u0130stanbul &#8211; T\u00fcrkiye<\/h6>\n<p>&nbsp;<\/p>\n<p>Zula, sokak lezzetlerini modern dokunu\u015flarla sunan, kaliteli ve \u00f6zg\u00fcn bir burger deneyimi sunuyor. Kurucu \u015fef \u00dcryan Do\u011fmu\u015f\u2019un s\u00f6zleriyle: \u201cElectrolux Professional markas\u0131n\u0131 tercih etmemizin nedeni \u00f6ncelikle g\u00fcvenilirli\u011fi.\u201d<\/p>\n<p><a href=\"https:\/\/www.electroluxprofessional.com\/tr\/references\/zula_restaurants\/\">Devam\u0131n\u0131 okuyun &gt;<\/a>[\/vc_column_text][\/vc_column_inner][vc_column_inner width=&#8221;1\/3&#8243;][vc_single_image image=&#8221;10475&#8243; img_size=&#8221;400&#215;300&#8243; alignment=&#8221;center&#8221;][vc_column_text css=&#8221;.vc_custom_1753962095182{padding-right: 10px !important;padding-left: 10px !important;}&#8221;]<\/p>\n<h3>Cleanlux \u2013 Ekolojik Giysi Temizleme<\/h3>\n<h6>\u0130stanbul &#8211; T\u00fcrkiye<\/h6>\n<p>&nbsp;<\/p>\n<p>Alper Ar\u0131soy, Firma sahibi: \u201cBu sekt\u00f6re ad\u0131m at\u0131p Cleanlux markas\u0131n\u0131 olu\u015fturmaya karar verdi\u011fimde, Electrolux Professional\u2019\u0131n marka bilinirli\u011fi ve g\u00fcvenilirli\u011finden yararlanmak, markay\u0131 \u00f6ncelikli se\u00e7im nedenim idi.&#8221;<\/p>\n<p><a href=\"https:\/\/www.electroluxprofessional.com\/tr\/references\/cleanlux-ekolojik-giysi-temizleme\/\">Devam\u0131n\u0131 okuyun &gt;<\/a>[\/vc_column_text][\/vc_column_inner][vc_column_inner width=&#8221;1\/3&#8243;][vc_single_image image=&#8221;10305&#8243; img_size=&#8221;400&#215;300&#8243; alignment=&#8221;center&#8221;][vc_column_text css=&#8221;.vc_custom_1753962182608{padding-right: 10px !important;padding-left: 10px !important;}&#8221;]<\/p>\n<h3>TURK Fatih Tutak Restaurant<\/h3>\n<h6>\u0130stanbul &#8211; T\u00fcrkiye<\/h6>\n<p>&nbsp;<\/p>\n<p>\u201cBizim gibi mutfaklarda en \u00f6nemli konu, do\u011fru ekipman se\u00e7imidir.\u201d<br \/>\nFatih Tutak\u2019\u0131n vizyonunu ve TURK mutfa\u011f\u0131n\u0131n arkas\u0131ndaki teknolojiyi ke\u015ffetmek i\u00e7in referans hikayemizi okuyun.<\/p>\n<p><a href=\"https:\/\/www.electroluxprofessional.com\/tr\/references\/turk-fatih-tutak\/\">Devam\u0131n\u0131 okuyun &gt;<\/a>[\/vc_column_text][\/vc_column_inner][\/vc_row_inner][vc_row_inner][vc_column_inner][elx_button button_text=&#8221;T\u00fcm M\u00fc\u015fteri Referanslar\u0131m\u0131z\u0131 g\u00f6r\u00fcnt\u00fcleyin&#8221; button_style=&#8221;secondary&#8221; button_link=&#8221;url:https%3A%2F%2Fwww.electroluxprofessional.com%2Ftr%2Freferences%2F&#8221;][vc_empty_space][\/vc_column_inner][\/vc_row_inner][\/vc_column][\/vc_row][vc_row el_id=&#8221;contacts&#8221;][vc_column][vc_empty_space height=&#8221;42px&#8221;][elx_heading text_color=&#8221;inherit&#8221; text_align=&#8221;text-center&#8221;]Uzmanlar\u0131m\u0131zla Hemen \u0130leti\u015fime Ge\u00e7in[\/elx_heading][vc_empty_space][vc_row_inner full_width=&#8221;electroluxpro-container-no-padding&#8221; content_placement=&#8221;middle&#8221;][vc_column_inner width=&#8221;1\/4&#8243;][\/vc_column_inner][vc_column_inner width=&#8221;1\/4&#8243;][elx_button button_text=&#8221;G\u0131da Hizmetleri Sorular\u0131&#8221; button_style=&#8221;secondary&#8221; button_link=&#8221;url:mailto%3Afood-service%40electroluxprofessional.com&#8221;][\/vc_column_inner][vc_column_inner width=&#8221;1\/4&#8243;][elx_button button_text=&#8221;\u00c7ama\u015f\u0131rhane Hizmetleri Sorular\u0131&#8221; button_style=&#8221;secondary&#8221; button_link=&#8221;url:mailto%3Alaundry-solutions%40electroluxprofessional.com&#8221;][\/vc_column_inner][vc_column_inner width=&#8221;1\/4&#8243;][\/vc_column_inner][\/vc_row_inner][vc_empty_space][\/vc_column][\/vc_row]<\/p>\n","protected":false},"excerpt":{"rendered":"<p>[vc_row full_width=&#8221;electroluxpro-full-width-no-padding&#8221;][vc_column][elx_image_block background_image=&#8221;18809&#8243; minimum_height=&#8221;400px&#8221;][\/vc_column][\/vc_row][vc_row full_width=&#8221;electroluxpro-full-width&#8221;][vc_column width=&#8221;1\/6&#8243;][vc_empty_space][\/vc_column][vc_column width=&#8221;4\/6&#8243;][vc_empty_space][elx_heading font_container=&#8221;h1&#8243; text_color=&#8221;inherit&#8221; text_align=&#8221;text-center&#8221;]Birlikte M\u00fckemmelli\u011fe Ula\u015fmak i\u00e7in Dan\u0131\u015fman Merkezimize Ho\u015f Geldiniz[\/elx_heading][vc_empty_space height=&#8221;20px&#8221;][vc_column_text] Kapsaml\u0131 \u00fcr\u00fcn belgeleri, son teknoloji ve s\u00fcrd\u00fcr\u00fclebilir konseptler ve ola\u011fan\u00fcst\u00fc m\u00fc\u015fteri referanslar\u0131 da dahil olmak \u00fczere \u00f6zel dan\u0131\u015fman alan\u0131m\u0131zdaki zengin kaynaklar\u0131 ke\u015ffedin; hepsi parmaklar\u0131n\u0131z\u0131n ucunda. [\/vc_column_text][\/vc_column][vc_column width=&#8221;1\/6&#8243;][vc_empty_space][\/vc_column][\/vc_row][vc_row][vc_column width=&#8221;1\/2&#8243;][vc_empty_space height=&#8221;50px&#8221;][elx_heading text_color=&#8221;inherit&#8221;]Projelerinizi Optimize Edin D\u00f6k\u00fcman Kitapl\u0131\u011f\u0131m\u0131z\u0131 Ke\u015ffedin[\/elx_heading][vc_column_text]Projeleriniz i\u00e7in gerekli [&hellip;]<\/p>\n","protected":false},"author":40,"featured_media":0,"parent":0,"menu_order":0,"comment_status":"closed","ping_status":"closed","template":"","meta":{"footnotes":""},"class_list":["post-18818","page","type-page","status-publish","hentry"],"acf":[],"yoast_head":"<!-- This site is optimized with the Yoast SEO plugin v23.3 - https:\/\/yoast.com\/wordpress\/plugins\/seo\/ -->\n<title>Dan\u0131\u015fmanlar - Electrolux Professional T\u00fcrkiye<\/title>\n<meta name=\"description\" content=\"\u00dcr\u00fcn belgeleri, son teknoloji konseptler ve m\u00fc\u015fteri referanslar\u0131 da dahil olmak \u00fczere \u00f6zel dan\u0131\u015fman alan\u0131m\u0131zdaki zengin kaynaklar\u0131 ke\u015ffedin.\" \/>\n<meta name=\"robots\" content=\"index, follow, max-snippet:-1, max-image-preview:large, max-video-preview:-1\" \/>\n<link rel=\"canonical\" href=\"https:\/\/www.electroluxprofessional.com\/tr\/danismanlar\/\" \/>\n<meta property=\"og:locale\" content=\"tr_TR\" \/>\n<meta property=\"og:type\" content=\"article\" \/>\n<meta property=\"og:title\" content=\"Dan\u0131\u015fmanlar - Electrolux Professional T\u00fcrkiye\" \/>\n<meta property=\"og:description\" content=\"\u00dcr\u00fcn belgeleri, son teknoloji konseptler ve m\u00fc\u015fteri referanslar\u0131 da dahil olmak \u00fczere \u00f6zel dan\u0131\u015fman alan\u0131m\u0131zdaki zengin kaynaklar\u0131 ke\u015ffedin.\" \/>\n<meta property=\"og:url\" content=\"https:\/\/www.electroluxprofessional.com\/tr\/danismanlar\/\" \/>\n<meta property=\"og:site_name\" content=\"Electrolux Professional T\u00fcrkiye\" \/>\n<meta property=\"article:modified_time\" content=\"2025-07-31T11:45:27+00:00\" \/>\n<meta name=\"twitter:card\" content=\"summary_large_image\" \/>\n<meta name=\"twitter:label1\" content=\"Tahmini okuma s\u00fcresi\" \/>\n\t<meta name=\"twitter:data1\" content=\"5 dakika\" \/>\n<script type=\"application\/ld+json\" class=\"yoast-schema-graph\">{\"@context\":\"https:\/\/schema.org\",\"@graph\":[{\"@type\":\"WebPage\",\"@id\":\"https:\/\/www.electroluxprofessional.com\/tr\/danismanlar\/\",\"url\":\"https:\/\/www.electroluxprofessional.com\/tr\/danismanlar\/\",\"name\":\"Dan\u0131\u015fmanlar - Electrolux Professional T\u00fcrkiye\",\"isPartOf\":{\"@id\":\"https:\/\/www.electroluxprofessional.com\/tr\/#website\"},\"datePublished\":\"2024-12-04T19:15:29+00:00\",\"dateModified\":\"2025-07-31T11:45:27+00:00\",\"description\":\"\u00dcr\u00fcn belgeleri, son teknoloji konseptler ve m\u00fc\u015fteri referanslar\u0131 da dahil olmak \u00fczere \u00f6zel dan\u0131\u015fman alan\u0131m\u0131zdaki zengin kaynaklar\u0131 ke\u015ffedin.\",\"breadcrumb\":{\"@id\":\"https:\/\/www.electroluxprofessional.com\/tr\/danismanlar\/#breadcrumb\"},\"inLanguage\":\"tr\",\"potentialAction\":[{\"@type\":\"ReadAction\",\"target\":[\"https:\/\/www.electroluxprofessional.com\/tr\/danismanlar\/\"]}]},{\"@type\":\"BreadcrumbList\",\"@id\":\"https:\/\/www.electroluxprofessional.com\/tr\/danismanlar\/#breadcrumb\",\"itemListElement\":[{\"@type\":\"ListItem\",\"position\":1,\"name\":\"Home\",\"item\":\"https:\/\/www.electroluxprofessional.com\/tr\/\"},{\"@type\":\"ListItem\",\"position\":2,\"name\":\"Dan\u0131\u015fmanlar\"}]},{\"@type\":\"WebSite\",\"@id\":\"https:\/\/www.electroluxprofessional.com\/tr\/#website\",\"url\":\"https:\/\/www.electroluxprofessional.com\/tr\/\",\"name\":\"Electrolux Professional T\u00fcrkiye\",\"description\":\"\",\"potentialAction\":[{\"@type\":\"SearchAction\",\"target\":{\"@type\":\"EntryPoint\",\"urlTemplate\":\"https:\/\/www.electroluxprofessional.com\/tr\/?src={search_term_string}\"},\"query-input\":\"required name=search_term_string\"}],\"inLanguage\":\"tr\"}]}<\/script>\n<!-- \/ Yoast SEO plugin. -->","yoast_head_json":{"title":"Dan\u0131\u015fmanlar - Electrolux Professional T\u00fcrkiye","description":"\u00dcr\u00fcn belgeleri, son teknoloji konseptler ve m\u00fc\u015fteri referanslar\u0131 da dahil olmak \u00fczere \u00f6zel dan\u0131\u015fman alan\u0131m\u0131zdaki zengin kaynaklar\u0131 ke\u015ffedin.","robots":{"index":"index","follow":"follow","max-snippet":"max-snippet:-1","max-image-preview":"max-image-preview:large","max-video-preview":"max-video-preview:-1"},"canonical":"https:\/\/www.electroluxprofessional.com\/tr\/danismanlar\/","og_locale":"tr_TR","og_type":"article","og_title":"Dan\u0131\u015fmanlar - Electrolux Professional T\u00fcrkiye","og_description":"\u00dcr\u00fcn belgeleri, son teknoloji konseptler ve m\u00fc\u015fteri referanslar\u0131 da dahil olmak \u00fczere \u00f6zel dan\u0131\u015fman alan\u0131m\u0131zdaki zengin kaynaklar\u0131 ke\u015ffedin.","og_url":"https:\/\/www.electroluxprofessional.com\/tr\/danismanlar\/","og_site_name":"Electrolux Professional T\u00fcrkiye","article_modified_time":"2025-07-31T11:45:27+00:00","twitter_card":"summary_large_image","twitter_misc":{"Tahmini okuma s\u00fcresi":"5 dakika"},"schema":{"@context":"https:\/\/schema.org","@graph":[{"@type":"WebPage","@id":"https:\/\/www.electroluxprofessional.com\/tr\/danismanlar\/","url":"https:\/\/www.electroluxprofessional.com\/tr\/danismanlar\/","name":"Dan\u0131\u015fmanlar - Electrolux Professional T\u00fcrkiye","isPartOf":{"@id":"https:\/\/www.electroluxprofessional.com\/tr\/#website"},"datePublished":"2024-12-04T19:15:29+00:00","dateModified":"2025-07-31T11:45:27+00:00","description":"\u00dcr\u00fcn belgeleri, son teknoloji konseptler ve m\u00fc\u015fteri referanslar\u0131 da dahil olmak \u00fczere \u00f6zel dan\u0131\u015fman alan\u0131m\u0131zdaki zengin kaynaklar\u0131 ke\u015ffedin.","breadcrumb":{"@id":"https:\/\/www.electroluxprofessional.com\/tr\/danismanlar\/#breadcrumb"},"inLanguage":"tr","potentialAction":[{"@type":"ReadAction","target":["https:\/\/www.electroluxprofessional.com\/tr\/danismanlar\/"]}]},{"@type":"BreadcrumbList","@id":"https:\/\/www.electroluxprofessional.com\/tr\/danismanlar\/#breadcrumb","itemListElement":[{"@type":"ListItem","position":1,"name":"Home","item":"https:\/\/www.electroluxprofessional.com\/tr\/"},{"@type":"ListItem","position":2,"name":"Dan\u0131\u015fmanlar"}]},{"@type":"WebSite","@id":"https:\/\/www.electroluxprofessional.com\/tr\/#website","url":"https:\/\/www.electroluxprofessional.com\/tr\/","name":"Electrolux Professional T\u00fcrkiye","description":"","potentialAction":[{"@type":"SearchAction","target":{"@type":"EntryPoint","urlTemplate":"https:\/\/www.electroluxprofessional.com\/tr\/?src={search_term_string}"},"query-input":"required name=search_term_string"}],"inLanguage":"tr"}]}},"_links":{"self":[{"href":"https:\/\/www.electroluxprofessional.com\/tr\/wp-json\/wp\/v2\/pages\/18818"}],"collection":[{"href":"https:\/\/www.electroluxprofessional.com\/tr\/wp-json\/wp\/v2\/pages"}],"about":[{"href":"https:\/\/www.electroluxprofessional.com\/tr\/wp-json\/wp\/v2\/types\/page"}],"author":[{"embeddable":true,"href":"https:\/\/www.electroluxprofessional.com\/tr\/wp-json\/wp\/v2\/users\/40"}],"replies":[{"embeddable":true,"href":"https:\/\/www.electroluxprofessional.com\/tr\/wp-json\/wp\/v2\/comments?post=18818"}],"version-history":[{"count":22,"href":"https:\/\/www.electroluxprofessional.com\/tr\/wp-json\/wp\/v2\/pages\/18818\/revisions"}],"predecessor-version":[{"id":21733,"href":"https:\/\/www.electroluxprofessional.com\/tr\/wp-json\/wp\/v2\/pages\/18818\/revisions\/21733"}],"wp:attachment":[{"href":"https:\/\/www.electroluxprofessional.com\/tr\/wp-json\/wp\/v2\/media?parent=18818"}],"curies":[{"name":"wp","href":"https:\/\/api.w.org\/{rel}","templated":true}]}}