{"id":18780,"date":"2024-12-04T10:29:36","date_gmt":"2024-12-04T10:29:36","guid":{"rendered":"https:\/\/www.electroluxprofessional.com\/tr\/?page_id=18780"},"modified":"2025-06-23T12:09:40","modified_gmt":"2025-06-23T12:09:40","slug":"urun-kaydi","status":"publish","type":"page","link":"https:\/\/www.electroluxprofessional.com\/tr\/urun-kaydi\/","title":{"rendered":"\u00dcr\u00fcn Kayd\u0131"},"content":{"rendered":"<p>[vc_row][vc_column][vc_empty_space height=&#8221;20px&#8221;][elx_menu menu_name=&#8221;myProfessional&#8221;][\/vc_column][\/vc_row][vc_row][vc_column width=&#8221;1\/6&#8243;][vc_single_image image=&#8221;1528&#8243; img_size=&#8221;full&#8221;][\/vc_column][vc_column width=&#8221;5\/6&#8243;][elx_heading font_container=&#8221;h1&#8243; font_size=&#8221;h3&#8243; text_color=&#8221;inherit&#8221;]\u00dcr\u00fcnlerinizi neden kaydettirmelisiniz?[\/elx_heading][vc_column_text]<strong>Electrolux Professional \u00fcr\u00fcnlerini sat\u0131n ald\u0131\u011f\u0131n\u0131z i\u00e7in te\u015fekk\u00fcr ederiz.<\/strong><\/p>\n<p><span class=\"Y2IQFc\" lang=\"tr\">\u00dcr\u00fcnlerinizi bug\u00fcn kaydettirerek, size m\u00fcmk\u00fcn olan en iyi m\u00fc\u015fteri hizmetlerini sunmam\u0131za yard\u0131mc\u0131 olacaks\u0131n\u0131z. <\/span><span class=\"Y2IQFc\" lang=\"tr\">Uzmanlar\u0131m\u0131z g\u00fcnl\u00fck i\u015flerinizde sizi desteklemek ve ihtiya\u00e7 duydu\u011funuz Profesyonel M\u00fckemmelli\u011fi elde etmenizi sa\u011flamak i\u00e7in her zaman orada olacaklard\u0131r.<\/span>[\/vc_column_text][\/vc_column][\/vc_row][vc_row][vc_column][elx_o2000_product_registration l=&#8221;en&#8221;][vc_empty_space][\/vc_column][\/vc_row]<\/p>\n","protected":false},"excerpt":{"rendered":"<p>[vc_row][vc_column][vc_empty_space height=&#8221;20px&#8221;][elx_menu menu_name=&#8221;myProfessional&#8221;][\/vc_column][\/vc_row][vc_row][vc_column width=&#8221;1\/6&#8243;][vc_single_image image=&#8221;1528&#8243; img_size=&#8221;full&#8221;][\/vc_column][vc_column width=&#8221;5\/6&#8243;][elx_heading font_container=&#8221;h1&#8243; font_size=&#8221;h3&#8243; text_color=&#8221;inherit&#8221;]\u00dcr\u00fcnlerinizi neden kaydettirmelisiniz?[\/elx_heading][vc_column_text]Electrolux Professional \u00fcr\u00fcnlerini sat\u0131n ald\u0131\u011f\u0131n\u0131z i\u00e7in te\u015fekk\u00fcr ederiz. \u00dcr\u00fcnlerinizi bug\u00fcn kaydettirerek, size m\u00fcmk\u00fcn olan en iyi m\u00fc\u015fteri hizmetlerini sunmam\u0131za yard\u0131mc\u0131 olacaks\u0131n\u0131z. Uzmanlar\u0131m\u0131z g\u00fcnl\u00fck i\u015flerinizde sizi desteklemek ve ihtiya\u00e7 duydu\u011funuz Profesyonel M\u00fckemmelli\u011fi elde etmenizi sa\u011flamak i\u00e7in her zaman orada olacaklard\u0131r.[\/vc_column_text][\/vc_column][\/vc_row][vc_row][vc_column][elx_o2000_product_registration l=&#8221;en&#8221;][vc_empty_space][\/vc_column][\/vc_row]<\/p>\n","protected":false},"author":40,"featured_media":0,"parent":0,"menu_order":0,"comment_status":"closed","ping_status":"closed","template":"","meta":{"footnotes":""},"class_list":["post-18780","page","type-page","status-publish","hentry"],"acf":[],"yoast_head":"<!-- This site is optimized with the Yoast SEO plugin v23.3 - https:\/\/yoast.com\/wordpress\/plugins\/seo\/ -->\n<title>\u00dcr\u00fcn Kayd\u0131 - Electrolux Professional T\u00fcrkiye<\/title>\n<meta name=\"description\" content=\"\u00dcr\u00fcnlerinizi kaydederek size en iyi m\u00fc\u015fteri hizmetini sunmam\u0131za ve ihtiya\u00e7lar\u0131n\u0131za h\u0131zl\u0131, etkili \u00e7\u00f6z\u00fcmlerle yan\u0131t vermemize yard\u0131mc\u0131 olun.\" \/>\n<meta name=\"robots\" content=\"index, follow, max-snippet:-1, max-image-preview:large, max-video-preview:-1\" \/>\n<link rel=\"canonical\" href=\"https:\/\/www.electroluxprofessional.com\/tr\/urun-kaydi\/\" \/>\n<meta property=\"og:locale\" content=\"tr_TR\" \/>\n<meta property=\"og:type\" content=\"article\" \/>\n<meta property=\"og:title\" content=\"\u00dcr\u00fcn Kayd\u0131 - Electrolux Professional T\u00fcrkiye\" \/>\n<meta property=\"og:description\" content=\"\u00dcr\u00fcnlerinizi kaydederek size en iyi m\u00fc\u015fteri hizmetini sunmam\u0131za ve ihtiya\u00e7lar\u0131n\u0131za h\u0131zl\u0131, etkili \u00e7\u00f6z\u00fcmlerle yan\u0131t vermemize yard\u0131mc\u0131 olun.\" \/>\n<meta property=\"og:url\" content=\"https:\/\/www.electroluxprofessional.com\/tr\/urun-kaydi\/\" \/>\n<meta property=\"og:site_name\" content=\"Electrolux Professional T\u00fcrkiye\" \/>\n<meta property=\"article:modified_time\" content=\"2025-06-23T12:09:40+00:00\" \/>\n<meta name=\"twitter:card\" content=\"summary_large_image\" \/>\n<meta name=\"twitter:label1\" content=\"Tahmini okuma s\u00fcresi\" \/>\n\t<meta name=\"twitter:data1\" content=\"1 dakika\" \/>\n<script type=\"application\/ld+json\" class=\"yoast-schema-graph\">{\"@context\":\"https:\/\/schema.org\",\"@graph\":[{\"@type\":\"WebPage\",\"@id\":\"https:\/\/www.electroluxprofessional.com\/tr\/urun-kaydi\/\",\"url\":\"https:\/\/www.electroluxprofessional.com\/tr\/urun-kaydi\/\",\"name\":\"\u00dcr\u00fcn Kayd\u0131 - Electrolux Professional T\u00fcrkiye\",\"isPartOf\":{\"@id\":\"https:\/\/www.electroluxprofessional.com\/tr\/#website\"},\"datePublished\":\"2024-12-04T10:29:36+00:00\",\"dateModified\":\"2025-06-23T12:09:40+00:00\",\"description\":\"\u00dcr\u00fcnlerinizi kaydederek size en iyi m\u00fc\u015fteri hizmetini sunmam\u0131za ve ihtiya\u00e7lar\u0131n\u0131za h\u0131zl\u0131, etkili \u00e7\u00f6z\u00fcmlerle yan\u0131t vermemize yard\u0131mc\u0131 olun.\",\"breadcrumb\":{\"@id\":\"https:\/\/www.electroluxprofessional.com\/tr\/urun-kaydi\/#breadcrumb\"},\"inLanguage\":\"tr\",\"potentialAction\":[{\"@type\":\"ReadAction\",\"target\":[\"https:\/\/www.electroluxprofessional.com\/tr\/urun-kaydi\/\"]}]},{\"@type\":\"BreadcrumbList\",\"@id\":\"https:\/\/www.electroluxprofessional.com\/tr\/urun-kaydi\/#breadcrumb\",\"itemListElement\":[{\"@type\":\"ListItem\",\"position\":1,\"name\":\"Home\",\"item\":\"https:\/\/www.electroluxprofessional.com\/tr\/\"},{\"@type\":\"ListItem\",\"position\":2,\"name\":\"\u00dcr\u00fcn Kayd\u0131\"}]},{\"@type\":\"WebSite\",\"@id\":\"https:\/\/www.electroluxprofessional.com\/tr\/#website\",\"url\":\"https:\/\/www.electroluxprofessional.com\/tr\/\",\"name\":\"Electrolux Professional T\u00fcrkiye\",\"description\":\"\",\"potentialAction\":[{\"@type\":\"SearchAction\",\"target\":{\"@type\":\"EntryPoint\",\"urlTemplate\":\"https:\/\/www.electroluxprofessional.com\/tr\/?src={search_term_string}\"},\"query-input\":\"required name=search_term_string\"}],\"inLanguage\":\"tr\"}]}<\/script>\n<!-- \/ Yoast SEO plugin. -->","yoast_head_json":{"title":"\u00dcr\u00fcn Kayd\u0131 - Electrolux Professional T\u00fcrkiye","description":"\u00dcr\u00fcnlerinizi kaydederek size en iyi m\u00fc\u015fteri hizmetini sunmam\u0131za ve ihtiya\u00e7lar\u0131n\u0131za h\u0131zl\u0131, etkili \u00e7\u00f6z\u00fcmlerle yan\u0131t vermemize yard\u0131mc\u0131 olun.","robots":{"index":"index","follow":"follow","max-snippet":"max-snippet:-1","max-image-preview":"max-image-preview:large","max-video-preview":"max-video-preview:-1"},"canonical":"https:\/\/www.electroluxprofessional.com\/tr\/urun-kaydi\/","og_locale":"tr_TR","og_type":"article","og_title":"\u00dcr\u00fcn Kayd\u0131 - Electrolux Professional T\u00fcrkiye","og_description":"\u00dcr\u00fcnlerinizi kaydederek size en iyi m\u00fc\u015fteri hizmetini sunmam\u0131za ve ihtiya\u00e7lar\u0131n\u0131za h\u0131zl\u0131, etkili \u00e7\u00f6z\u00fcmlerle yan\u0131t vermemize yard\u0131mc\u0131 olun.","og_url":"https:\/\/www.electroluxprofessional.com\/tr\/urun-kaydi\/","og_site_name":"Electrolux Professional T\u00fcrkiye","article_modified_time":"2025-06-23T12:09:40+00:00","twitter_card":"summary_large_image","twitter_misc":{"Tahmini okuma s\u00fcresi":"1 dakika"},"schema":{"@context":"https:\/\/schema.org","@graph":[{"@type":"WebPage","@id":"https:\/\/www.electroluxprofessional.com\/tr\/urun-kaydi\/","url":"https:\/\/www.electroluxprofessional.com\/tr\/urun-kaydi\/","name":"\u00dcr\u00fcn Kayd\u0131 - Electrolux Professional T\u00fcrkiye","isPartOf":{"@id":"https:\/\/www.electroluxprofessional.com\/tr\/#website"},"datePublished":"2024-12-04T10:29:36+00:00","dateModified":"2025-06-23T12:09:40+00:00","description":"\u00dcr\u00fcnlerinizi kaydederek size en iyi m\u00fc\u015fteri hizmetini sunmam\u0131za ve ihtiya\u00e7lar\u0131n\u0131za h\u0131zl\u0131, etkili \u00e7\u00f6z\u00fcmlerle yan\u0131t vermemize yard\u0131mc\u0131 olun.","breadcrumb":{"@id":"https:\/\/www.electroluxprofessional.com\/tr\/urun-kaydi\/#breadcrumb"},"inLanguage":"tr","potentialAction":[{"@type":"ReadAction","target":["https:\/\/www.electroluxprofessional.com\/tr\/urun-kaydi\/"]}]},{"@type":"BreadcrumbList","@id":"https:\/\/www.electroluxprofessional.com\/tr\/urun-kaydi\/#breadcrumb","itemListElement":[{"@type":"ListItem","position":1,"name":"Home","item":"https:\/\/www.electroluxprofessional.com\/tr\/"},{"@type":"ListItem","position":2,"name":"\u00dcr\u00fcn Kayd\u0131"}]},{"@type":"WebSite","@id":"https:\/\/www.electroluxprofessional.com\/tr\/#website","url":"https:\/\/www.electroluxprofessional.com\/tr\/","name":"Electrolux Professional T\u00fcrkiye","description":"","potentialAction":[{"@type":"SearchAction","target":{"@type":"EntryPoint","urlTemplate":"https:\/\/www.electroluxprofessional.com\/tr\/?src={search_term_string}"},"query-input":"required name=search_term_string"}],"inLanguage":"tr"}]}},"_links":{"self":[{"href":"https:\/\/www.electroluxprofessional.com\/tr\/wp-json\/wp\/v2\/pages\/18780"}],"collection":[{"href":"https:\/\/www.electroluxprofessional.com\/tr\/wp-json\/wp\/v2\/pages"}],"about":[{"href":"https:\/\/www.electroluxprofessional.com\/tr\/wp-json\/wp\/v2\/types\/page"}],"author":[{"embeddable":true,"href":"https:\/\/www.electroluxprofessional.com\/tr\/wp-json\/wp\/v2\/users\/40"}],"replies":[{"embeddable":true,"href":"https:\/\/www.electroluxprofessional.com\/tr\/wp-json\/wp\/v2\/comments?post=18780"}],"version-history":[{"count":3,"href":"https:\/\/www.electroluxprofessional.com\/tr\/wp-json\/wp\/v2\/pages\/18780\/revisions"}],"predecessor-version":[{"id":20159,"href":"https:\/\/www.electroluxprofessional.com\/tr\/wp-json\/wp\/v2\/pages\/18780\/revisions\/20159"}],"wp:attachment":[{"href":"https:\/\/www.electroluxprofessional.com\/tr\/wp-json\/wp\/v2\/media?parent=18780"}],"curies":[{"name":"wp","href":"https:\/\/api.w.org\/{rel}","templated":true}]}}