{"id":18276,"date":"2024-10-05T18:22:53","date_gmt":"2024-10-05T18:22:53","guid":{"rendered":"https:\/\/www.electroluxprofessional.com\/tr\/?page_id=18276"},"modified":"2025-10-16T12:13:53","modified_gmt":"2025-10-16T12:13:53","slug":"sifir-atik","status":"publish","type":"page","link":"https:\/\/www.electroluxprofessional.com\/tr\/ticari-mutfak-ekipmanlari\/sifir-atik\/","title":{"rendered":"S\u0131f\u0131r At\u0131k"},"content":{"rendered":"<p>[vc_row full_width=&#8221;electroluxpro-full-width-no-padding&#8221;][vc_column][elx_image_block background_image=&#8221;18267&#8243; minimum_height=&#8221;400px&#8221;][vc_empty_space][\/vc_column][\/vc_row][vc_row][vc_column][elx_text_image tag_title=&#8221;h1&#8243; class_title=&#8221;h1&#8243; style_image=&#8221;image_vertical&#8221; bg_row=&#8221;bg-download-white&#8221; lists=&#8221;%5B%7B%7D%5D&#8221; values=&#8221;%5B%7B%7D%5D&#8221; single_image=&#8221;18268&#8243;]<\/p>\n<h1><strong>S\u0131f\u0131r At\u0131k: At\u0131k malzemeler gelece\u011finizi \u015fekillendirebilir<\/strong><\/h1>\n<p>&nbsp;<\/p>\n<p><strong>G\u0131da israf\u0131<\/strong>, d\u00fcnyan\u0131n her yerinde \u00e7ok say\u0131da i\u015fletmeyi etkileyen k\u00fcresel bir sorundur.<br \/>\nRestoranlar, kantinler ve s\u00fcpermarketlerde kullan\u0131lan <strong>b\u00fcy\u00fck miktarlardaki taze g\u0131da malzemeleri, genellikle son t\u00fcketim tarihi ge\u00e7er ge\u00e7mez at\u0131\u011fa ayr\u0131l\u0131yor.<\/strong><\/p>\n<p>Electrolux Professional olarak kendimize bu konuyla ilgili olarak <strong>pozitif y\u00f6nde nas\u0131l bir de\u011fi\u015fiklik yapabilece\u011fimizi<\/strong> sorduk.\u00a0\u015eeflerimiz bunu, hala gayet iyi durumda olan g\u0131da malzemelerini kullanman\u0131n yeni yollar\u0131n\u0131 bulmak ve inovasyon yapmak i\u00e7in bir f\u0131rsat olarak g\u00f6rd\u00fcler.<\/p>\n<p>Bu aray\u0131\u015f bizi, \u00e7o\u011funlukla israf edilen en temel ve ucuz malzemelerin bile nas\u0131l <strong>cazip, gurme bir men\u00fcye d\u00f6n\u00fc\u015ft\u00fcr\u00fclebilece\u011fini<\/strong> g\u00f6stermek \u00fczere <strong>S\u0131f\u0131r At\u0131k<\/strong> program\u0131n\u0131 ba\u015flatmaya y\u00f6neltti.<\/p>\n<p><strong>Fark yaratmak i\u00e7in bize kat\u0131l\u0131n. S\u0131f\u0131r At\u0131k yakla\u015f\u0131m\u0131 ile i\u015fletmenizde g\u0131da malzemelerini i\u015fleme \u015feklinizi d\u00f6n\u00fc\u015ft\u00fcr\u00fcn.<\/strong>[\/elx_text_image][elx_o2000_contact_us b=&#8221;food&#8221; button_mode=&#8221;true&#8221; button_style=&#8221;secondary-bordered&#8221; postion_button=&#8221;text-left&#8221; postion_button_mobile=&#8221;text-left-mobile&#8221; text_btn_contact=&#8221;Bizimle \u0130leti\u015fime ge\u00e7in&#8221;][\/vc_column][\/vc_row][vc_row][vc_column][vc_empty_space height=&#8221;60px&#8221;][elx_multiple_columns number_columns=&#8221;3&#8243; bg_row=&#8221;bg-download-white&#8221; values=&#8221;%5B%7B%22image_section%22%3A%2218272%22%2C%22title_section%22%3A%22Malzemelerinizi%20se%C3%A7in%22%2C%22text_section%22%3A%22At%C4%B1%C4%9Fa%20ay%C4%B1rmadan%20%C3%B6nce%2C%20hala%20kullan%C4%B1labilir%20durumda%20olan%20ancak%20mevcut%20halleriyle%20sat%C4%B1lmas%C4%B1%20veya%20servis%20edilmesi%20m%C3%BCmk%C3%BCn%20olmayan%20malzemeleri%20belirleyin.%22%2C%22button_style%22%3A%22secondary%22%7D%2C%7B%22image_section%22%3A%2218273%22%2C%22title_section%22%3A%22Tarifi%20belirleyin%22%2C%22text_section%22%3A%22Tariflere%20do%C4%9Frudan%20SkyLine%20Kombi%20F%C4%B1r%C4%B1n%20kontrol%20panelinizden%20eri%C5%9Fin.%22%2C%22button_style%22%3A%22secondary%22%7D%2C%7B%22image_section%22%3A%2218274%22%2C%22title_section%22%3A%22Pi%C5%9Firmeye%20ba%C5%9Flay%C4%B1n%22%2C%22text_section%22%3A%22SkyLine%20Pi%C5%9Fir%26So%C4%9Fut%20%5C%22Cook%26Chill%5C%22%20%C3%A7%C3%B6z%C3%BCm%C3%BCm%C3%BCze%20entegre%20S%C4%B1f%C4%B1r%20At%C4%B1k%20%C3%B6zelli%C4%9Fi%20ile%2C%20pi%C5%9Firme%20program%C4%B1%20se%C3%A7ti%C4%9Finiz%20tarif%20i%C3%A7in%20en%20uygun%20de%C4%9Ferleri%20ve%20zamanlamay%C4%B1%20otomatik%20olarak%20ayarlayacakt%C4%B1r.%22%2C%22button_style%22%3A%22secondary%22%7D%2C%7B%22image_section%22%3A%2218275%22%2C%22title_section%22%3A%22K%C3%A2r%20edin%22%2C%22text_section%22%3A%22S%C4%B1f%C4%B1r%20At%C4%B1k%20program%C4%B1%20sayesinde%20at%C4%B1%C4%9Fa%20ayr%C4%B1lmak%20yerine%20geri%20kazan%C4%B1lm%C4%B1%C5%9F%20malzemelerle%20haz%C4%B1rlanan%20yemekleri%20servis%20edin%20veya%20sat%C4%B1n.%22%2C%22button_style%22%3A%22secondary%22%7D%5D&#8221; title=&#8221;S\u0131f\u0131r At\u0131k yakla\u015f\u0131m\u0131 ile neler yapabilirsiniz&#8221;]<strong>\u0130\u015fletmelerin \u00f6nemli k\u00e2rlar elde etmelerine yard\u0131mc\u0131 olan<\/strong> bu yakla\u015f\u0131m ayn\u0131 zamanda <strong>\u00e7evresel etkilerini de \u00f6nemli \u00f6l\u00e7\u00fcde azaltmalar\u0131n\u0131 sa\u011flar.<\/strong><\/p>\n<p>\nM\u00fc\u015fterilerimizi dinlemeye haz\u0131r olan <strong>Kurumsal \u015eeflerimiz<\/strong>, <strong>at\u0131k azaltma hedefiyle<\/strong> onlara \u00f6zel \u00e7\u00f6z\u00fcmler bulmak i\u00e7in \u00e7al\u0131\u015f\u0131yor.[\/elx_multiple_columns][vc_empty_space][elx_last_recipes title=&#8221;S\u0131f\u0131r At\u0131k tariflerini ke\u015ffedin&#8221;][\/vc_column][\/vc_row][vc_row disable_element=&#8221;yes&#8221;][vc_column][vc_tta_tabs active_section=&#8221;1&#8243;][vc_tta_section title=&#8221;Banana plumcake&#8221; tab_id=&#8221;1727106018841-6e4418a2-d711&#8243;][vc_empty_space height=&#8221;50px&#8221;][elx_text_image style_image=&#8221;image_square&#8221; button_style=&#8221;secondary-bordered&#8221; bg_row=&#8221;bg-download-white&#8221; lists=&#8221;%5B%7B%7D%5D&#8221; single_image=&#8221;18269&#8243; values=&#8221;%5B%7B%7D%5D&#8221; link=&#8221;title:Open%20the%20recipe|target:_blank&#8221;]<\/p>\n<h2>Banana plumcake<\/h2>\n<p>Discover the recipe and start reducing food waste today.[\/elx_text_image][\/vc_tta_section][vc_tta_section title=&#8221;Banana cookies&#8221; tab_id=&#8221;1727106018851-aa18af67-9502&#8243;][vc_empty_space height=&#8221;50px&#8221;][elx_text_image style_image=&#8221;image_square&#8221; button_style=&#8221;secondary-bordered&#8221; bg_row=&#8221;bg-download-white&#8221; lists=&#8221;%5B%7B%7D%5D&#8221; single_image=&#8221;14038&#8243; values=&#8221;%5B%7B%7D%5D&#8221; link=&#8221;url:https%3A%2F%2Fwww.electroluxprofessional.com%2Ftr%2Fcommercial-kitchen-equipment%2Fzero-waste-all-taste%2Fbanana-cookies-2%2F|title:Open%20the%20recipe|target:_blank&#8221;]<\/p>\n<h2>Banana cookies<\/h2>\n<p>Discover the recipe and start reducing food waste today.[\/elx_text_image][\/vc_tta_section][vc_tta_section title=&#8221;Carrot chips&#8221; tab_id=&#8221;1727106083346-ba73d0f8-e849&#8243;][vc_empty_space height=&#8221;50px&#8221;][elx_text_image style_image=&#8221;image_square&#8221; button_style=&#8221;secondary-bordered&#8221; bg_row=&#8221;bg-download-white&#8221; lists=&#8221;%5B%7B%7D%5D&#8221; single_image=&#8221;13702&#8243; values=&#8221;%5B%7B%7D%5D&#8221; link=&#8221;url:https%3A%2F%2Fwww.electroluxprofessional.com%2Ftr%2Fcommercial-kitchen-equipment%2Fzero-waste-all-taste%2Fcarrot-chips-2%2F|title:Open%20the%20recipe|target:_blank&#8221;]<\/p>\n<h2>Carrot chips<\/h2>\n<p>Discover the recipe and start reducing food waste today.[\/elx_text_image][\/vc_tta_section][vc_tta_section title=&#8221;Carrot yoghurt&#8221; tab_id=&#8221;1727106416267-ecc6333f-cffe&#8221;][vc_empty_space height=&#8221;50px&#8221;][\/vc_tta_section][vc_tta_section title=&#8221;Eggplant brownie&#8221; tab_id=&#8221;1727106431904-bd9085e4-1ac8&#8243;][vc_empty_space height=&#8221;50px&#8221;][elx_text_image style_image=&#8221;image_square&#8221; button_style=&#8221;secondary-bordered&#8221; bg_row=&#8221;bg-download-white&#8221; lists=&#8221;%5B%7B%7D%5D&#8221; single_image=&#8221;18270&#8243; values=&#8221;%5B%7B%7D%5D&#8221; link=&#8221;url:https%3A%2F%2Fwww.electroluxprofessional.com%2Ftr%2Fcommercial-kitchen-equipment%2Fzero-waste-all-taste%2Feggplant-brownie-2%2F|title:Open%20the%20recipe|target:_blank&#8221;]<\/p>\n<h2>Eggplant brownie<\/h2>\n<p>Discover the recipe and start reducing food waste today.[\/elx_text_image][\/vc_tta_section][vc_tta_section title=&#8221;Carrot soup&#8221; tab_id=&#8221;1727106450402-8c7aa73d-7794&#8243;][vc_empty_space height=&#8221;50px&#8221;][elx_text_image style_image=&#8221;image_square&#8221; button_style=&#8221;secondary-bordered&#8221; bg_row=&#8221;bg-download-white&#8221; lists=&#8221;%5B%7B%7D%5D&#8221; single_image=&#8221;13695&#8243; values=&#8221;%5B%7B%7D%5D&#8221; link=&#8221;url:https%3A%2F%2Fwww.electroluxprofessional.com%2Ftr%2Fcommercial-kitchen-equipment%2Fzero-waste-all-taste%2Fthai-carrot-soup%2F|title:Open%20the%20recipe|target:_blank&#8221;]<\/p>\n<h2>Carrot soup<\/h2>\n<p>Discover the recipe and start reducing food waste today.[\/elx_text_image][\/vc_tta_section][vc_tta_section title=&#8221;Trim stock powder&#8221; tab_id=&#8221;1727106465259-ac58caaf-37c3&#8243;][vc_empty_space height=&#8221;50px&#8221;][\/vc_tta_section][\/vc_tta_tabs][\/vc_column][\/vc_row][vc_row][vc_column][vc_empty_space][\/vc_column][\/vc_row][vc_row css=&#8221;.vc_custom_1744204390134{background-color: #c4d69a !important;}&#8221;][vc_column][elx_features_download title=&#8221;&#8221; title_discover=&#8221;Ke\u015ffedin&#8221; title_position=&#8221;top&#8221; bg_row=&#8221;bg-row-sustainability-green&#8221; values=&#8221;%5B%7B%22select_type%22%3A%22link%22%7D%5D&#8221; discover=&#8221;%5B%7B%7D%5D&#8221; features=&#8221;%5B%7B%22icon_electroluxpro%22%3A%22elx-icon%20icon-circle-green-blue%22%2C%22title_icon%22%3A%22M%C3%BC%C5%9Fteriler%20i%C3%A7in%20s%C3%BCrd%C3%BCr%C3%BClebilirli%C4%9Fin%20%C3%B6nemi%22%2C%22text_icon%22%3A%22Son%20y%C4%B1llarda%20sa%C4%9Fl%C4%B1k%20konusunda%20daha%20bilin%C3%A7li%20hale%20gelen%20%3Cb%3Et%C3%BCketiciler%3C%2Fb%3E%20ne%20yediklerine%20dikkat%20ediyor%20ve%20%3Cb%3Eg%C4%B1da%20israf%C4%B1%20ve%20s%C3%BCrd%C3%BCr%C3%BClebilirlik%20gibi%20konulara%20daha%20fazla%20%C3%B6nem%20veriyorlar%3C%2Fb%3E.%20Bu%20artan%20fark%C4%B1ndal%C4%B1k%20sadece%20kendi%20mutfaklar%C4%B1nda%20pi%C5%9Firdiklerinin%20de%20%C3%B6tesine%20ge%C3%A7erek%20art%C4%B1k%20restoranlarda%2C%20%C5%9Firket%20yemekhanesinde%20ya%20da%20%C3%A7ocuklar%C4%B1n%C4%B1n%20okulundaki%20kafeteryas%C4%B1ndaki%20tercihlerini%20de%20etkiliyor.%20%3Cb%3ES%C4%B1f%C4%B1r%20At%C4%B1k%3C%2Fb%3E%20program%C4%B1%2C%20%3Cb%3E%C3%A7evreye%20duyarl%C4%B1%20bu%20kitleyi%20etkilemek%3C%2Fb%3E%20i%C3%A7in%20de%C4%9Ferli%20bir%20ileti%C5%9Fim%20varl%C4%B1%C4%9F%C4%B1%20olmaya%20adayd%C4%B1r.%22%7D%5D&#8221;][\/elx_features_download][\/vc_column][\/vc_row][vc_row][vc_column][vc_empty_space][elx_text_image style_image=&#8221;image_vertical&#8221; bg_row=&#8221;bg-download-white&#8221; lists=&#8221;%5B%7B%22title_list%22%3A%22%20%22%7D%2C%7B%22icon_electroluxpro%22%3A%22elx-icon%20icon-circle-checkmark-blue%22%2C%22title_list%22%3A%22Do%C4%9Frudan%20eri%C5%9Fim%22%2C%22text_list%22%3A%22H%C4%B1zl%C4%B1%20eri%C5%9Fim%20i%C3%A7in%20SkyLine%20Kombi%20F%C4%B1r%C4%B1n%C4%B1n%20ve%20%C5%9Eok%20So%C4%9Futucunun%20kontrol%20panelindeki%20S%C4%B1f%C4%B1r%20At%C4%B1k%20simgesini%20se%C3%A7in.%22%7D%2C%7B%22icon_electroluxpro%22%3A%22elx-icon%20icon-circle-checkmark-blue%22%2C%22title_list%22%3A%22Entegre%20Parametreler%22%2C%22text_list%22%3A%22SkyLine%20Pi%C5%9Fir%26So%C4%9Fut%20%5C%22Cook%26Chill%5C%22%20%C3%A7%C3%B6z%C3%BCm%C3%BCm%C3%BCzle%20S%C4%B1f%C4%B1r%20At%C4%B1k%20tarif%20parametrelerini%20elle%20ayarlaman%C4%B1z%20gerekmez.%20Bir%20tarif%20se%C3%A7ti%C4%9Finizde%20f%C4%B1r%C4%B1n%20ve%20%C5%9Fok%20so%C4%9Futucu%2C%20s%C4%B1cakl%C4%B1klar%C4%B1%2C%20pi%C5%9Firme%20y%C3%B6ntemlerini%20ve%20zamanlamay%C4%B1%20otomatik%20olarak%20ayarlar.%22%7D%2C%7B%22icon_electroluxpro%22%3A%22elx-icon%20icon-circle-checkmark-blue%22%2C%22title_list%22%3A%22SkyDuo%20ile%20%C4%B0leti%C5%9Fim%22%2C%22text_list%22%3A%22SkyLine%20Kombi%20F%C4%B1r%C4%B1n%20ve%20%C5%9Eok%20So%C4%9Futucu%20birbirine%20ba%C4%9Fl%C4%B1d%C4%B1r%3A%20f%C4%B1r%C4%B1n%2C%20yemekleri%20so%C4%9Futmaya%20haz%C4%B1rlanmas%C4%B1%20i%C3%A7in%20%C5%9Fok%20so%C4%9Futucuyu%20uyar%C4%B1r%20ve%20b%C3%B6ylece%20pi%C5%9Firme%20s%C3%BCreci%20kesintisiz%20%C5%9Fekilde%20devam%20eder.%22%7D%5D&#8221; values=&#8221;%5B%7B%7D%5D&#8221; single_image=&#8221;18271&#8243; title=&#8221;SkyLine Pi\u015fir&amp;So\u011fut &#8220;Cook&amp;Chill&#8220; ile S\u0131f\u0131r At\u0131k yakla\u015f\u0131m\u0131ndan en iyi sonucu al\u0131n&#8221;]T\u00fcm S\u0131f\u0131r At\u0131k tarifleri SkyLine Pi\u015fir&amp;So\u011fut &#8220;Cook&amp;Chill&#8221; \u00e7\u00f6z\u00fcm\u00fcm\u00fcze dahil edilmi\u015ftir; bu sayede tariflere h\u0131zl\u0131 bir \u015fekilde eri\u015febilir ve kolayca yemek pi\u015firebilirsiniz. Electrolux Professional mutfa\u011f\u0131n\u0131n sundu\u011fu t\u00fcm avantajlardan faydalan\u0131n.[\/elx_text_image][\/vc_column][\/vc_row][vc_row][vc_column width=&#8221;2\/3&#8243;][vc_empty_space][\/vc_column][vc_column width=&#8221;1\/3&#8243;][elx_button button_text=&#8221;Pi\u015fir&amp;So\u011fut &#8220;Cook&amp;Chill&#8220; yelpazemizi ke\u015ffedin&#8221; button_link=&#8221;url:https%3A%2F%2Fwww.electroluxprofessional.com%2Ftr%2Fticari-mutfak-ekipmanlari%2Fcook-and-chill%2F|title:SkyLine%20Cook%26Chill%20%E2%80%9CPi%C5%9Fir%26So%C4%9Fut%E2%80%9D&#8221;][\/vc_column][\/vc_row][vc_row][vc_column][vc_empty_space height=&#8221;50px&#8221;][elx_heading text_color=&#8221;inherit&#8221; text_align=&#8221;text-center&#8221;]S\u0131f\u0131r At\u0131k hakk\u0131nda daha fazla<br \/>\nbilgi almak i\u00e7in bize yaz\u0131n[\/elx_heading][vc_empty_space][elx_o2000_contact_us b=&#8221;food&#8221;][\/vc_column][\/vc_row]<\/p>\n","protected":false},"excerpt":{"rendered":"<p>[vc_row full_width=&#8221;electroluxpro-full-width-no-padding&#8221;][vc_column][elx_image_block background_image=&#8221;18267&#8243; minimum_height=&#8221;400px&#8221;][vc_empty_space][\/vc_column][\/vc_row][vc_row][vc_column][elx_text_image tag_title=&#8221;h1&#8243; class_title=&#8221;h1&#8243; style_image=&#8221;image_vertical&#8221; bg_row=&#8221;bg-download-white&#8221; lists=&#8221;%5B%7B%7D%5D&#8221; values=&#8221;%5B%7B%7D%5D&#8221; single_image=&#8221;18268&#8243;] S\u0131f\u0131r At\u0131k: At\u0131k malzemeler gelece\u011finizi \u015fekillendirebilir &nbsp; G\u0131da israf\u0131, d\u00fcnyan\u0131n her yerinde \u00e7ok say\u0131da i\u015fletmeyi etkileyen k\u00fcresel bir sorundur. Restoranlar, kantinler ve s\u00fcpermarketlerde kullan\u0131lan b\u00fcy\u00fck miktarlardaki taze g\u0131da malzemeleri, genellikle son t\u00fcketim tarihi ge\u00e7er ge\u00e7mez at\u0131\u011fa ayr\u0131l\u0131yor. Electrolux Professional olarak kendimize bu konuyla ilgili [&hellip;]<\/p>\n","protected":false},"author":40,"featured_media":18266,"parent":19849,"menu_order":0,"comment_status":"closed","ping_status":"closed","template":"","meta":{"footnotes":""},"class_list":["post-18276","page","type-page","status-publish","has-post-thumbnail","hentry"],"acf":[],"yoast_head":"<!-- This site is optimized with the Yoast SEO plugin v23.3 - https:\/\/yoast.com\/wordpress\/plugins\/seo\/ -->\n<title>S\u0131f\u0131r At\u0131k - Electrolux Professional T\u00fcrkiye<\/title>\n<meta name=\"description\" content=\"Restoran, kantin ve s\u00fcpermarketlerde g\u0131da israf\u0131n\u0131 azaltmak i\u00e7in yenilik\u00e7i bir \u00e7\u00f6z\u00fcm olan Electrolux Professional&#039;\u0131n S\u0131f\u0131r At\u0131k program\u0131n\u0131 ke\u015ffedin. Artan malzemeleri gurme lezzetlere d\u00f6n\u00fc\u015ft\u00fcrerek i\u015finizi ve \u00e7evreyi nas\u0131l olumlu y\u00f6nde etkileyebilece\u011finizi ke\u015ffedin.\" \/>\n<meta name=\"robots\" content=\"index, follow, max-snippet:-1, max-image-preview:large, max-video-preview:-1\" \/>\n<link rel=\"canonical\" href=\"https:\/\/www.electroluxprofessional.com\/tr\/ticari-mutfak-ekipmanlari\/sifir-atik\/\" \/>\n<meta property=\"og:locale\" content=\"tr_TR\" \/>\n<meta property=\"og:type\" content=\"article\" \/>\n<meta property=\"og:title\" content=\"S\u0131f\u0131r At\u0131k - Electrolux Professional T\u00fcrkiye\" \/>\n<meta property=\"og:description\" content=\"Restoran, kantin ve s\u00fcpermarketlerde g\u0131da israf\u0131n\u0131 azaltmak i\u00e7in yenilik\u00e7i bir \u00e7\u00f6z\u00fcm olan Electrolux Professional&#039;\u0131n S\u0131f\u0131r At\u0131k program\u0131n\u0131 ke\u015ffedin. Artan malzemeleri gurme lezzetlere d\u00f6n\u00fc\u015ft\u00fcrerek i\u015finizi ve \u00e7evreyi nas\u0131l olumlu y\u00f6nde etkileyebilece\u011finizi ke\u015ffedin.\" \/>\n<meta property=\"og:url\" content=\"https:\/\/www.electroluxprofessional.com\/tr\/ticari-mutfak-ekipmanlari\/sifir-atik\/\" \/>\n<meta property=\"og:site_name\" content=\"Electrolux Professional T\u00fcrkiye\" \/>\n<meta property=\"article:modified_time\" content=\"2025-10-16T12:13:53+00:00\" \/>\n<meta property=\"og:image\" content=\"https:\/\/www.electroluxprofessional.com\/tr\/wp-content\/uploads\/2024\/10\/Zero-Waste-600x600-1.jpg\" \/>\n\t<meta property=\"og:image:width\" content=\"600\" \/>\n\t<meta property=\"og:image:height\" content=\"600\" \/>\n\t<meta property=\"og:image:type\" content=\"image\/jpeg\" \/>\n<meta name=\"twitter:card\" content=\"summary_large_image\" \/>\n<meta name=\"twitter:label1\" content=\"Tahmini okuma s\u00fcresi\" \/>\n\t<meta name=\"twitter:data1\" content=\"3 dakika\" \/>\n<script type=\"application\/ld+json\" class=\"yoast-schema-graph\">{\"@context\":\"https:\/\/schema.org\",\"@graph\":[{\"@type\":\"WebPage\",\"@id\":\"https:\/\/www.electroluxprofessional.com\/tr\/ticari-mutfak-ekipmanlari\/sifir-atik\/\",\"url\":\"https:\/\/www.electroluxprofessional.com\/tr\/ticari-mutfak-ekipmanlari\/sifir-atik\/\",\"name\":\"S\u0131f\u0131r At\u0131k - Electrolux Professional T\u00fcrkiye\",\"isPartOf\":{\"@id\":\"https:\/\/www.electroluxprofessional.com\/tr\/#website\"},\"primaryImageOfPage\":{\"@id\":\"https:\/\/www.electroluxprofessional.com\/tr\/ticari-mutfak-ekipmanlari\/sifir-atik\/#primaryimage\"},\"image\":{\"@id\":\"https:\/\/www.electroluxprofessional.com\/tr\/ticari-mutfak-ekipmanlari\/sifir-atik\/#primaryimage\"},\"thumbnailUrl\":\"https:\/\/www.electroluxprofessional.com\/tr\/wp-content\/uploads\/2024\/10\/Zero-Waste-600x600-1.jpg\",\"datePublished\":\"2024-10-05T18:22:53+00:00\",\"dateModified\":\"2025-10-16T12:13:53+00:00\",\"description\":\"Restoran, kantin ve s\u00fcpermarketlerde g\u0131da israf\u0131n\u0131 azaltmak i\u00e7in yenilik\u00e7i bir \u00e7\u00f6z\u00fcm olan Electrolux Professional'\u0131n S\u0131f\u0131r At\u0131k program\u0131n\u0131 ke\u015ffedin. Artan malzemeleri gurme lezzetlere d\u00f6n\u00fc\u015ft\u00fcrerek i\u015finizi ve \u00e7evreyi nas\u0131l olumlu y\u00f6nde etkileyebilece\u011finizi ke\u015ffedin.\",\"breadcrumb\":{\"@id\":\"https:\/\/www.electroluxprofessional.com\/tr\/ticari-mutfak-ekipmanlari\/sifir-atik\/#breadcrumb\"},\"inLanguage\":\"tr\",\"potentialAction\":[{\"@type\":\"ReadAction\",\"target\":[\"https:\/\/www.electroluxprofessional.com\/tr\/ticari-mutfak-ekipmanlari\/sifir-atik\/\"]}]},{\"@type\":\"ImageObject\",\"inLanguage\":\"tr\",\"@id\":\"https:\/\/www.electroluxprofessional.com\/tr\/ticari-mutfak-ekipmanlari\/sifir-atik\/#primaryimage\",\"url\":\"https:\/\/www.electroluxprofessional.com\/tr\/wp-content\/uploads\/2024\/10\/Zero-Waste-600x600-1.jpg\",\"contentUrl\":\"https:\/\/www.electroluxprofessional.com\/tr\/wp-content\/uploads\/2024\/10\/Zero-Waste-600x600-1.jpg\",\"width\":600,\"height\":600},{\"@type\":\"BreadcrumbList\",\"@id\":\"https:\/\/www.electroluxprofessional.com\/tr\/ticari-mutfak-ekipmanlari\/sifir-atik\/#breadcrumb\",\"itemListElement\":[{\"@type\":\"ListItem\",\"position\":1,\"name\":\"Home\",\"item\":\"https:\/\/www.electroluxprofessional.com\/tr\/\"},{\"@type\":\"ListItem\",\"position\":2,\"name\":\"End\u00fcstriyel Mutfak Ekipmanlar\u0131\",\"item\":\"https:\/\/www.electroluxprofessional.com\/tr\/ticari-mutfak-ekipmanlari\/\"},{\"@type\":\"ListItem\",\"position\":3,\"name\":\"S\u0131f\u0131r At\u0131k\"}]},{\"@type\":\"WebSite\",\"@id\":\"https:\/\/www.electroluxprofessional.com\/tr\/#website\",\"url\":\"https:\/\/www.electroluxprofessional.com\/tr\/\",\"name\":\"Electrolux Professional T\u00fcrkiye\",\"description\":\"\",\"potentialAction\":[{\"@type\":\"SearchAction\",\"target\":{\"@type\":\"EntryPoint\",\"urlTemplate\":\"https:\/\/www.electroluxprofessional.com\/tr\/?src={search_term_string}\"},\"query-input\":\"required name=search_term_string\"}],\"inLanguage\":\"tr\"}]}<\/script>\n<!-- \/ Yoast SEO plugin. -->","yoast_head_json":{"title":"S\u0131f\u0131r At\u0131k - Electrolux Professional T\u00fcrkiye","description":"Restoran, kantin ve s\u00fcpermarketlerde g\u0131da israf\u0131n\u0131 azaltmak i\u00e7in yenilik\u00e7i bir \u00e7\u00f6z\u00fcm olan Electrolux Professional'\u0131n S\u0131f\u0131r At\u0131k program\u0131n\u0131 ke\u015ffedin. Artan malzemeleri gurme lezzetlere d\u00f6n\u00fc\u015ft\u00fcrerek i\u015finizi ve \u00e7evreyi nas\u0131l olumlu y\u00f6nde etkileyebilece\u011finizi ke\u015ffedin.","robots":{"index":"index","follow":"follow","max-snippet":"max-snippet:-1","max-image-preview":"max-image-preview:large","max-video-preview":"max-video-preview:-1"},"canonical":"https:\/\/www.electroluxprofessional.com\/tr\/ticari-mutfak-ekipmanlari\/sifir-atik\/","og_locale":"tr_TR","og_type":"article","og_title":"S\u0131f\u0131r At\u0131k - Electrolux Professional T\u00fcrkiye","og_description":"Restoran, kantin ve s\u00fcpermarketlerde g\u0131da israf\u0131n\u0131 azaltmak i\u00e7in yenilik\u00e7i bir \u00e7\u00f6z\u00fcm olan Electrolux Professional'\u0131n S\u0131f\u0131r At\u0131k program\u0131n\u0131 ke\u015ffedin. Artan malzemeleri gurme lezzetlere d\u00f6n\u00fc\u015ft\u00fcrerek i\u015finizi ve \u00e7evreyi nas\u0131l olumlu y\u00f6nde etkileyebilece\u011finizi ke\u015ffedin.","og_url":"https:\/\/www.electroluxprofessional.com\/tr\/ticari-mutfak-ekipmanlari\/sifir-atik\/","og_site_name":"Electrolux Professional T\u00fcrkiye","article_modified_time":"2025-10-16T12:13:53+00:00","og_image":[{"width":600,"height":600,"url":"https:\/\/www.electroluxprofessional.com\/tr\/wp-content\/uploads\/2024\/10\/Zero-Waste-600x600-1.jpg","type":"image\/jpeg"}],"twitter_card":"summary_large_image","twitter_misc":{"Tahmini okuma s\u00fcresi":"3 dakika"},"schema":{"@context":"https:\/\/schema.org","@graph":[{"@type":"WebPage","@id":"https:\/\/www.electroluxprofessional.com\/tr\/ticari-mutfak-ekipmanlari\/sifir-atik\/","url":"https:\/\/www.electroluxprofessional.com\/tr\/ticari-mutfak-ekipmanlari\/sifir-atik\/","name":"S\u0131f\u0131r At\u0131k - Electrolux Professional T\u00fcrkiye","isPartOf":{"@id":"https:\/\/www.electroluxprofessional.com\/tr\/#website"},"primaryImageOfPage":{"@id":"https:\/\/www.electroluxprofessional.com\/tr\/ticari-mutfak-ekipmanlari\/sifir-atik\/#primaryimage"},"image":{"@id":"https:\/\/www.electroluxprofessional.com\/tr\/ticari-mutfak-ekipmanlari\/sifir-atik\/#primaryimage"},"thumbnailUrl":"https:\/\/www.electroluxprofessional.com\/tr\/wp-content\/uploads\/2024\/10\/Zero-Waste-600x600-1.jpg","datePublished":"2024-10-05T18:22:53+00:00","dateModified":"2025-10-16T12:13:53+00:00","description":"Restoran, kantin ve s\u00fcpermarketlerde g\u0131da israf\u0131n\u0131 azaltmak i\u00e7in yenilik\u00e7i bir \u00e7\u00f6z\u00fcm olan Electrolux Professional'\u0131n S\u0131f\u0131r At\u0131k program\u0131n\u0131 ke\u015ffedin. Artan malzemeleri gurme lezzetlere d\u00f6n\u00fc\u015ft\u00fcrerek i\u015finizi ve \u00e7evreyi nas\u0131l olumlu y\u00f6nde etkileyebilece\u011finizi ke\u015ffedin.","breadcrumb":{"@id":"https:\/\/www.electroluxprofessional.com\/tr\/ticari-mutfak-ekipmanlari\/sifir-atik\/#breadcrumb"},"inLanguage":"tr","potentialAction":[{"@type":"ReadAction","target":["https:\/\/www.electroluxprofessional.com\/tr\/ticari-mutfak-ekipmanlari\/sifir-atik\/"]}]},{"@type":"ImageObject","inLanguage":"tr","@id":"https:\/\/www.electroluxprofessional.com\/tr\/ticari-mutfak-ekipmanlari\/sifir-atik\/#primaryimage","url":"https:\/\/www.electroluxprofessional.com\/tr\/wp-content\/uploads\/2024\/10\/Zero-Waste-600x600-1.jpg","contentUrl":"https:\/\/www.electroluxprofessional.com\/tr\/wp-content\/uploads\/2024\/10\/Zero-Waste-600x600-1.jpg","width":600,"height":600},{"@type":"BreadcrumbList","@id":"https:\/\/www.electroluxprofessional.com\/tr\/ticari-mutfak-ekipmanlari\/sifir-atik\/#breadcrumb","itemListElement":[{"@type":"ListItem","position":1,"name":"Home","item":"https:\/\/www.electroluxprofessional.com\/tr\/"},{"@type":"ListItem","position":2,"name":"End\u00fcstriyel Mutfak Ekipmanlar\u0131","item":"https:\/\/www.electroluxprofessional.com\/tr\/ticari-mutfak-ekipmanlari\/"},{"@type":"ListItem","position":3,"name":"S\u0131f\u0131r At\u0131k"}]},{"@type":"WebSite","@id":"https:\/\/www.electroluxprofessional.com\/tr\/#website","url":"https:\/\/www.electroluxprofessional.com\/tr\/","name":"Electrolux Professional T\u00fcrkiye","description":"","potentialAction":[{"@type":"SearchAction","target":{"@type":"EntryPoint","urlTemplate":"https:\/\/www.electroluxprofessional.com\/tr\/?src={search_term_string}"},"query-input":"required name=search_term_string"}],"inLanguage":"tr"}]}},"_links":{"self":[{"href":"https:\/\/www.electroluxprofessional.com\/tr\/wp-json\/wp\/v2\/pages\/18276"}],"collection":[{"href":"https:\/\/www.electroluxprofessional.com\/tr\/wp-json\/wp\/v2\/pages"}],"about":[{"href":"https:\/\/www.electroluxprofessional.com\/tr\/wp-json\/wp\/v2\/types\/page"}],"author":[{"embeddable":true,"href":"https:\/\/www.electroluxprofessional.com\/tr\/wp-json\/wp\/v2\/users\/40"}],"replies":[{"embeddable":true,"href":"https:\/\/www.electroluxprofessional.com\/tr\/wp-json\/wp\/v2\/comments?post=18276"}],"version-history":[{"count":14,"href":"https:\/\/www.electroluxprofessional.com\/tr\/wp-json\/wp\/v2\/pages\/18276\/revisions"}],"predecessor-version":[{"id":22507,"href":"https:\/\/www.electroluxprofessional.com\/tr\/wp-json\/wp\/v2\/pages\/18276\/revisions\/22507"}],"up":[{"embeddable":true,"href":"https:\/\/www.electroluxprofessional.com\/tr\/wp-json\/wp\/v2\/pages\/19849"}],"wp:featuredmedia":[{"embeddable":true,"href":"https:\/\/www.electroluxprofessional.com\/tr\/wp-json\/wp\/v2\/media\/18266"}],"wp:attachment":[{"href":"https:\/\/www.electroluxprofessional.com\/tr\/wp-json\/wp\/v2\/media?parent=18276"}],"curies":[{"name":"wp","href":"https:\/\/api.w.org\/{rel}","templated":true}]}}